{"id":25864,"date":"2023-11-11T23:30:39","date_gmt":"2023-11-11T14:30:39","guid":{"rendered":"https:\/\/monolith.law\/?page_id=25864"},"modified":"2024-02-06T19:20:15","modified_gmt":"2024-02-06T10:20:15","slug":"access","status":"publish","type":"page","link":"https:\/\/monolith.law\/cs\/access","title":{"rendered":"P\u0159\u00edstup"},"content":{"rendered":"\n<section class=\"heading-area\">\n\t<div class=\"heading-area-inner\">\n\t\t<h2 class=\"icon-access\">P\u0159\u00edstup<\/h2>\n\t<\/div>\n<\/section>\n<section class=\"second-nav\">\n\t<div class=\"second-nav-inner\">\n\t\t<p>T\u00c9MATA<\/p>\n\t\t<nav>\n\t\t\t<ul>\n\t\t\t\t<li><a href=\"#law-firm-with-strength-in-it-internet-and-business\">Pr\u00e1vn\u00ed kancel\u00e1\u0159 se silou v IT, internetu a obchod\u011b<\/a><\/li>\n\t\t\t\t<li><a href=\"#access-map\">P\u0159\u00edstupov\u00e1 mapa<\/a><\/li>\n\t\t\t\t<li><a href=\"#expansion-and-relocation-to-otemachi-financial-city\">Roz\u0161\u00ed\u0159en\u00ed a p\u0159est\u011bhov\u00e1n\u00ed do Otemachi Financial City<\/a><\/li>\n\t\t\t<\/ul>\n\t\t<\/nav>\n\t<\/div>\n<\/section>\n<section class=\"white-section\">\n\t<div class=\"anchor\" id=\"law-firm-with-strength-in-it-internet-and-business\"><\/div>\n\t<div class=\"section-inner\">\n\t\t<div class=\"flex\">\n\t\t\t<div class=\"width41\"><img decoding=\"async\" src=\"\/wp-content\/themes\/monolith2021\/img\/access\/access_pic1.jpg\" alt=\"Pr\u00e1vn\u00ed kancel\u00e1\u0159 se silou v IT, internetu a obchod\u011b\"><\/div>\n\t\t\t<div class=\"width51\">\n\t\t\t\t<h3>Pr\u00e1vn\u00ed kancel\u00e1\u0159 se silou v<br>IT, internetu a obchod\u011b<\/h3>\n\t\t\t\t<p class=\"mgb-small\">MONOLITH LAW OFFICE je pr\u00e1vn\u00ed firma um\u00edst\u011bn\u00e1 v Otemachi, \u010dtvrti Chiyoda, Tokio, Japonsko. M\u00e1 p\u0159\u00edm\u00e9 spojen\u00ed se stanic\u00ed Otemachi a nach\u00e1z\u00ed se 7 minut ch\u016fze od Tokijsk\u00e9ho n\u00e1dra\u017e\u00ed.<\/p>\n\t\t\t\t<p class=\"mgb-small\">Poskytli jsme pr\u00e1vn\u00ed poradenstv\u00ed (v\u010detn\u011b r\u016fzn\u00fdch smluv s \u0159editeli, v\u00fdkonn\u00fdmi pracovn\u00edky atd.) pro 1087 spole\u010dnost\u00ed, od firem k\u00f3tovan\u00fdch na hlavn\u00edm trhu Tokijsk\u00e9 burzy cenn\u00fdch pap\u00edr\u016f a\u017e po startupy v po\u010d\u00e1te\u010dn\u00ed f\u00e1zi. Na\u0161e pr\u00e1ce souvisej\u00edc\u00ed s IT\/internetem zahrnuje prevenci po\u0161kozen\u00ed pov\u011bsti, boj proti pomluv\u00e1m a spory souvisej\u00edc\u00ed s v\u00fdvojem syst\u00e9m\u016f. Tak\u00e9 poskytujeme pr\u00e1vn\u00ed slu\u017eby souvisej\u00edc\u00ed se startupov\u00fdmi spole\u010dnostmi, co\u017e zahrnuje investice ve v\u00fd\u0161i 100 milion\u016f jen\u016f a v\u00edce od spole\u010dnost\u00ed k\u00f3tovan\u00fdch na Tokijsk\u00e9 burze cenn\u00fdch pap\u00edr\u016f a f\u00faze a akvizice venture spole\u010dnost\u00ed. Doposud jsme poskytli pr\u00e1vn\u00ed slu\u017eby 1855 klient\u016fm.<\/p>\n\t\t\t\t<p class=\"mgb-middle\">\u201ePorozum\u011bn\u00ed IT a podnik\u00e1n\u00ed\u201c je to, co n\u00e1s \u010din\u00ed v\u00fdjime\u010dn\u00fdmi.<\/p>\n\t\t\t\t<div class=\"btn-area\">\n\t\t\t\t\t<div class=\"btn icon-services\"><a href=\"\/cs\/services\">Slu\u017eby<\/a><\/div>\n\t\t\t\t\t<div class=\"btn icon-overview-of-our-firm\"><a href=\"\/cs\/overview-of-our-firm\">P\u0159ehled na\u0161\u00ed firmy<\/a><\/div>\n\t\t\t\t<\/div>\n\t\t\t<\/div>\n\t\t<\/div>\n\t<\/div>\n<\/section>\n<section class=\"purple-section\">\n\t<div class=\"anchor\" id=\"access-map\"><\/div>\n\t<div class=\"section-inner\">\n\t\t<div class=\"flex reverse\">\n\t\t\t<div class=\"width41\"><img decoding=\"async\" src=\"\/wp-content\/themes\/monolith2021\/img\/about\/about_pic2.jpg\" alt=\"MONOLITH LAW OFFICE\"><\/div>\n\t\t\t<div class=\"width51\">\n\t\t\t\t<h3>MONOLITH LAW OFFICE (Otemachi office)<\/h3>\n\t\t\t\t<p><a href=\"https:\/\/goo.gl\/maps\/YfcgPhBgXFyg1hHF6\" target=\"_blank\" rel=\"noopener noreferrer\">21\/F Financial City North Tower 1-9-5 Otemachi, Chiyoda-ku Tokyo 100-0004, Japan <\/a><\/p>\n\t\t\t\t<p>Tokyo Metro Marunouchi Line, Tozai Line, Chiyoda Line, Hanzomon Line, Toei Subway Mita Line <\/p>\n\t\t\t\t<p class=\"mgb-small\"><a href=\"https:\/\/www.tokyometro.jp\/station\/otemachi\/yardmap\/index.html\" target=\"_blank\" rel=\"noopener noreferrer\">P\u0159\u00edm\u00fd p\u0159\u00edstup z v\u00fdchodu A1 stanice Otemachi<\/a><\/p>\n\t\t\t\t<p>Shinkansen: Tohoku Shinkansen, Joetsu Shinkansen, Hokuriku Shinkansen, Hokkaido Shinkansen, Yamagata Shinkansen, Akita Shinkansen, JR Tokaido Line, Keihin Tohoku Line, Yamanote Line, Chuo Line, Yokosuka Line, Keiyo Line, Tokyo Metro Marunouchi Line <\/p>\n\t\t\t\t<p class=\"mgb-small\"><a href=\"https:\/\/www.tokyometro.jp\/station\/tokyo\/index.html\" target=\"_blank\" rel=\"noopener noreferrer\">7 minut ch\u016fze od severn\u00edho v\u00fdchodu stanice Tokyo v Marunouchi<\/a><\/p>\n\t\t\t\t<p>Parkovi\u0161t\u011b Otemachi Financial City<\/p>\n\t\t\t\t<p class=\"mgb-middle\"><a href=\"https:\/\/www.otemachi-financialcity.jp\/access\/\">1-9-5, 1-9-7, Otemachi, Chiyoda-ku, Tokyo<\/a><\/p>\n\t\t\t\t<div class=\"btn-area align-left\">\n\t\t\t\t\t<div class=\"btn icon-contact\"><a href=\"\/cs\/contact\">Kontaktujte n\u00e1s<\/a><\/div>\n\t\t\t\t<\/div>\n\t\t\t<\/div>\n\t\t<\/div>\n\t<\/div>\n<\/section>\t \n<section class=\"google-maps\"><iframe src=\"https:\/\/www.google.com\/maps\/embed?pb=!1m14!1m8!1m3!1d12962.166338362269!2d139.765927!3d35.688288!3m2!1i1024!2i768!4f13.1!3m3!1m2!1s0x60188cec724a6ae9%3A0x6efbadeb18528c88!2sMonolith%20Law%20Office!5e0!3m2!1scs!2sjp!4v1707214776035!5m2!1scs!2sjp\" width=\"600\" height=\"450\" style=\"border:0;\" allowfullscreen=\"\" loading=\"lazy\" referrerpolicy=\"no-referrer-when-downgrade\"><\/iframe><\/section>\n<section class=\"white-section\">\n\t<div class=\"anchor\" id=\"expansion-and-relocation-to-otemachi-financial-city\"><\/div>\n\t<div class=\"section-inner\">\n\t\t<div class=\"flex\">\n\t\t\t<div class=\"width41\"><img decoding=\"async\" src=\"\/wp-content\/uploads\/2022\/11\/financialcity.jpg\" alt=\"Roz\u0161\u00ed\u0159en\u00ed a p\u0159esun do Otemachi Financial City\"><\/div>\n\t\t\t<div class=\"width51\">\n\t\t\t\t<h3>Roz\u0161\u00ed\u0159en\u00ed a p\u0159est\u011bhov\u00e1n\u00ed do Otemachi Financial City<\/h3>\n\t\t\t\t<p class=\"mgb-small\">Po otev\u0159en\u00ed v Yotsuya, Shinjuku-ku, Tokio v b\u0159eznu 2017, se MONOLITH LAW OFFICE, d\u00edky va\u0161\u00ed podpo\u0159e, p\u0159est\u011bhoval do Otemachi (Budova Asahi Seimei Otemachi) v srpnu 2018 a v b\u0159eznu 2020 se stal pr\u00e1vnickou firmou. V prosinci 2020 jsme otev\u0159eli pobo\u010dku na 29. pat\u0159e stejn\u00e9 budovy, kde se nach\u00e1z\u00ed na\u0161e kancel\u00e1\u0159 v Otemachi (Budova Asahi Seimei Otemachi).<\/p>\n\t\t\t\t<p class=\"mgb-small\">Pot\u00e9, v z\u00e1\u0159\u00ed 2022, jsme se roz\u0161\u00ed\u0159ili a p\u0159est\u011bhovali do Otemachi Financial City.<\/p>\n\t\t\t\t<p class=\"mgb-small\">T\u011b\u0161\u00edme se na dal\u0161\u00ed spolupr\u00e1ci.<\/p>\n\t\t\t<\/div>\n\t\t<\/div>\n\t<\/div>\n<\/section>\n","protected":false},"excerpt":{"rendered":"<p>P\u0159\u00edstup T\u00c9MATA Pr\u00e1vn\u00ed kancel\u00e1\u0159 se silou v IT, internetu a obchod\u011b P\u0159\u00edstupov\u00e1 mapa Roz\u0161\u00ed\u0159en\u00ed a p\u0159est\u011bhov\u00e1n\u00ed do Otemachi Financial City Pr\u00e1vn\u00ed kancel\u00e1\u0159 se silou vIT, internetu a obchod\u011b MONOLITH LAW OFF [&hellip;]<\/p>\n","protected":false},"author":1,"featured_media":57041,"parent":0,"menu_order":10,"comment_status":"closed","ping_status":"closed","template":"other-page-temp.php","meta":{"footnotes":""},"acf":[],"_links":{"self":[{"href":"https:\/\/monolith.law\/cs\/wp-json\/wp\/v2\/pages\/25864"}],"collection":[{"href":"https:\/\/monolith.law\/cs\/wp-json\/wp\/v2\/pages"}],"about":[{"href":"https:\/\/monolith.law\/cs\/wp-json\/wp\/v2\/types\/page"}],"author":[{"embeddable":true,"href":"https:\/\/monolith.law\/cs\/wp-json\/wp\/v2\/users\/1"}],"replies":[{"embeddable":true,"href":"https:\/\/monolith.law\/cs\/wp-json\/wp\/v2\/comments?post=25864"}],"version-history":[{"count":30,"href":"https:\/\/monolith.law\/cs\/wp-json\/wp\/v2\/pages\/25864\/revisions"}],"predecessor-version":[{"id":62646,"href":"https:\/\/monolith.law\/cs\/wp-json\/wp\/v2\/pages\/25864\/revisions\/62646"}],"wp:featuredmedia":[{"embeddable":true,"href":"https:\/\/monolith.law\/cs\/wp-json\/wp\/v2\/media\/57041"}],"wp:attachment":[{"href":"https:\/\/monolith.law\/cs\/wp-json\/wp\/v2\/media?parent=25864"}],"curies":[{"name":"wp","href":"https:\/\/api.w.org\/{rel}","templated":true}]}}