{"id":30628,"date":"2023-11-07T23:40:08","date_gmt":"2023-11-07T14:40:08","guid":{"rendered":"https:\/\/monolith.law\/?page_id=30628"},"modified":"2024-02-06T19:02:20","modified_gmt":"2024-02-06T10:02:20","slug":"contract-drafting-and-review","status":"publish","type":"page","link":"https:\/\/monolith.law\/cs\/contract-drafting-and-review","title":{"rendered":"Sestavov\u00e1n\u00ed a p\u0159ezkum smluv"},"content":{"rendered":"\n<section class=\"heading-area\">\n\t<div class=\"heading-area-inner\">\n\t\t<h2 class=\"icon-contract-drafting-and-review\">Sestavov\u00e1n\u00ed a p\u0159ezkum smluv<\/h2>\n\t\t<p>Jako pr\u00e1vn\u00ed poradci pro IT a startupov\u00e9 spole\u010dnosti, a ob\u010das i jako IT pr\u00e1vn\u00edci pro korporace, sestavujeme a p\u0159ezkoum\u00e1v\u00e1me \u0161irokou \u0161k\u00e1lu vysoce specializovan\u00fdch IT smluv. Na\u0161\u00edm c\u00edlem je zajistit pevnou pozici v rychle se m\u011bn\u00edc\u00edm obchodn\u00edm prost\u0159ed\u00ed v Japonsku.<\/p>\n\t<\/div>\n<\/section>\n<section class=\"white-section mgb-section\">\n\t<div class=\"section-inner pdt0 border-bottom-section\">\n\t\t<p>MONOLITH LAW OFFICE p\u016fsob\u00ed jako pr\u00e1vn\u00ed poradce pro japonsk\u00e9 IT a startupov\u00e9 spole\u010dnosti v souvislosti s r\u016fzn\u00fdmi typy smluv, v\u010detn\u011b outsourcingov\u00fdch smluv souvisej\u00edc\u00edch s jejich outsourcovan\u00fdmi operacemi, smluv o vyu\u017eit\u00ed a zastupitelsk\u00fdch smluv souvisej\u00edc\u00edch s jejich produkty, investi\u010dn\u00edch smluv a akcion\u00e1\u0159sk\u00fdch dohod jako smluv souvisej\u00edc\u00edch s kapit\u00e1lem, a pracovn\u00edch smluv jako smluv souvisej\u00edc\u00edch se spole\u010dnost\u00ed. P\u016fsob\u00edme tak\u00e9 jako IT pr\u00e1vn\u00edci pro japonsk\u00e9 obchodn\u00ed spole\u010dnosti.<br>D\u00e1le jako IT pr\u00e1vn\u00edci pro provozn\u00ed spole\u010dnosti sestavujeme a p\u0159ezkoum\u00e1v\u00e1me smlouvy souvisej\u00edc\u00ed s nov\u00fdmi IT podniky, smlouvy souvisej\u00edc\u00ed s outsourcingem do IT spole\u010dnost\u00ed a dal\u0161\u00ed smlouvy.<\/p>\n\t<\/div>\n<\/section>\n<section class=\"white-section\">\n\t<div class=\"section-inner pdt0\">\n\t\t<h3 class=\"ttl-enjp mgb-middle\"><span class=\"en\"><\/span><span class=\"ja\">Charakteristiky MONOLITH LAW OFFICE<\/span><\/h3>\n\t\t<ol class=\"practices-list\">\n\t\t\t<li>\n\t\t\t\t<h4><img decoding=\"async\" src=\"\/wp-content\/themes\/monolith_en\/img\/practices\/practices_1_1.svg\" alt=\"1.Start-up Legal Services\"><\/h4>\n\t\t\t\t<img decoding=\"async\" src=\"\/wp-content\/themes\/monolith2021\/img\/practices\/practices_1_1_pic.png\" alt=\"Start-up Legal Services\">\n\t\t\t\t<p>M\u00e1me rozs\u00e1hl\u00e9 zku\u0161enosti s pr\u00e1vn\u00edmi slu\u017ebami souvisej\u00edc\u00edmi s podnik\u00e1n\u00edm a kapit\u00e1lov\u00fdmi z\u00e1le\u017eitostmi, v\u010detn\u011b z\u00edsk\u00e1v\u00e1n\u00ed financ\u00ed, p\u0159evod\u016f podnik\u016f a odkup\u016f v Japonsku.<\/p>\n\t\t\t<\/li>\n\t\t\t<li>\n\t\t\t\t<h4><img decoding=\"async\" src=\"\/wp-content\/themes\/monolith_en\/img\/practices\/practices_1_2.svg\" alt=\"2.IT and Intellectual Property Legal Services\"><\/h4>\n\t\t\t\t<img decoding=\"async\" src=\"\/wp-content\/themes\/monolith2021\/img\/practices\/practices_1_2_pic.png\" alt=\"IT and Intellectual Property Legal Services\">\n\t\t\t\t<p>Na\u0161i pr\u00e1vn\u00edci, v\u010detn\u011b zakladatele, kter\u00fd je b\u00fdval\u00fdm in\u017een\u00fdrem, se sna\u017e\u00ed hluboce porozum\u011bt va\u0161emu produktu, n\u011bkdy i \u010dten\u00edm k\u00f3du.<\/p>\n\t\t\t<\/li>\n\t\t\t<li>\n\t\t\t\t<h4><img decoding=\"async\" src=\"\/wp-content\/themes\/monolith_en\/img\/practices\/practices_1_3.svg\" alt=\"3.Speed\"><\/h4>\n\t\t\t\t<img decoding=\"async\" src=\"\/wp-content\/themes\/monolith2021\/img\/practices\/practices_1_3_pic.png\" alt=\"Speed\">\n\t\t\t\t<p>Ch\u00e1peme d\u016fle\u017eitost rychl\u00e9 reakce na va\u0161e podnikatelsk\u00e9 pot\u0159eby a obvykle reagujeme do jednoho pracovn\u00edho dne.<\/p>\n\t\t\t<\/li>\n\t\t\t<li>\n\t\t\t\t<h4><img decoding=\"async\" src=\"\/wp-content\/themes\/monolith_en\/img\/practices\/practices_1_4.svg\" alt=\"4. Pr\u00e1vn\u00ed slu\u017eby pro mal\u00e9 a st\u0159edn\u00ed podniky\"><\/h4>\n\t\t\t\t<img decoding=\"async\" src=\"\/wp-content\/themes\/monolith2021\/img\/practices\/practices_1_4_pic.png\" alt=\"Pr\u00e1vn\u00ed slu\u017eby pro mal\u00e9 a st\u0159edn\u00ed podniky\">\n\t\t\t\t<p>N\u00e1\u0161 zakl\u00e1daj\u00edc\u00ed pr\u00e1vn\u00edk, kter\u00fd m\u00e1 zku\u0161enosti s \u0159\u00edzen\u00edm japonsk\u00fdch firem, rozum\u00ed v\u00fdzv\u00e1m spojen\u00fdm s podnik\u00e1n\u00edm.<\/p>\n\t\t\t<\/li>\n\t\t<\/ol>\n\t<\/div>\n<\/section>\n<section class=\"second-nav\">\n\t<div class=\"second-nav-inner\">\n\t\t<p>T\u00c9MATA<\/p>\n\t\t<nav>\n\t\t\t<ul>\n\t\t\t\t<li><a href=\"#our-experience-in-contract-drafting-etc\">Na\u0161e zku\u0161enosti s tvorbou smluv, atd.<\/a><\/li>\n\t\t\t\t<li><a href=\"#handling-more-than-3000-contracts-per-year-as-an-organization\">Zpracov\u00e1n\u00ed v\u00edce ne\u017e 3,000 smluv ro\u010dn\u011b<\/a><\/li>\n\t\t\t\t<li><a href=\"#IT\">IT<\/a><\/li>\n\t\t\t\t<li><a href=\"#extensive-experience-in-investment-contracts-etc\">Rozs\u00e1hl\u00e9 zku\u0161enosti s investi\u010dn\u00edmi dohodami, atd.<\/a><\/li>\n\t\t\t\t<li><a href=\"#examples-of-support-provided-by-our-firm\">P\u0159\u00edklady podpory poskytovan\u00e9 na\u0161\u00ed firma<\/a><\/li>\n\t\t\t\t<li><a href=\"#monolith-law-magazine\">MONOLITH LAW MAGAZINE<\/a><\/li>\n\t\t\t\t<li><a href=\"#fee-structure\">Struktura poplatk\u016f<\/a><\/li>\n\t\t\t<\/ul>\n\t\t<\/nav>\n\t<\/div>\n<\/section>\n<section class=\"white-section mgt-section mgb-section\">\n\t<div class=\"anchor\" id=\"our-experience-in-contract-drafting-etc\"><\/div>\n\t<div class=\"section-inner-black\">\n\t\t<h3>Na\u0161e zku\u0161enosti s tvorbou smluv, <br class=\"spOnly\">atd.<\/h3>\n\t\t<p class=\"mgb-middle\">Pr\u00e1vn\u00ed kancel\u00e1\u0159 MONOLITH LAW OFFICE, specializuj\u00edc\u00ed se na &#8220;IT, internet a podnik\u00e1n\u00ed&#8221;, poskytuje r\u016fzn\u00e9 typy slu\u017eeb souvisej\u00edc\u00edch s tvorbou a reviz\u00ed IT a obchodn\u00edch smluv. Mezi p\u0159\u00edklady na\u0161ich slu\u017eeb pat\u0159\u00ed, ale nejsou omezeny na n\u00e1sleduj\u00edc\u00ed:<\/p>\n\t\t<p class=\"mgb-middle\">Smlouva o outsourcingu SEO, Smlouva o outsourcingu provozu SNS, F\u00fazn\u00ed smlouva, Smlouva o p\u0159evodu akci\u00ed, Smlouva o p\u0159edplatn\u00e9m akci\u00ed, Smlouva o spole\u010dn\u00e9m v\u00fdzkumu, Smlouva o joint venture, Servisn\u00ed smlouva, Smlouva o obchodn\u00ed alianci, P\u016fj\u010dkov\u00e1 smlouva, Smlouva o outsourcingu reklamy, Z\u00e1kladn\u00ed smlouva o reklamn\u00edch transakc\u00edch, Poradensk\u00e1 smlouva, Pracovn\u00ed smlouva, Konzulta\u010dn\u00ed smlouva, Smlouva o postoupen\u00ed pohled\u00e1vek, Smlouva o postoupen\u00ed zaji\u0161\u0165ovac\u00edho pr\u00e1va, Smlouva o p\u0159evodu podniku, Smlouva o postoupen\u00ed ochrann\u00e9 zn\u00e1mky, Z\u00e1kladn\u00ed smlouva o n\u00e1boru, Smlouva o kapit\u00e1lov\u00e9 a obchodn\u00ed alianci, Smlouva o omezen\u00e9m ru\u010den\u00ed, Smlouva o p\u0159ipojen\u00ed talentu, Odchodn\u00e1 smlouva, Zastupitelsk\u00e1 smlouva, Smlouva o p\u0159evodu autorsk\u00fdch pr\u00e1v, Investi\u010dn\u00ed smlouva, Z\u00e1kladn\u00ed kupn\u00ed smlouva, Distribu\u010dn\u00ed smlouva, Smlouva o ml\u010denlivosti, Fran\u0161\u00edzov\u00e1 smlouva, V\u0161eobecn\u00e1 p\u0159edplatn\u00ed smlouva, Spr\u00e1vcovsk\u00e1 smlouva, MEO smlouva, Licen\u010dn\u00ed smlouva, Smlouva o vys\u00edl\u00e1n\u00ed pracovn\u00edk\u016f, Vyrovn\u00e1vac\u00ed smlouva<\/p>\n\t<\/div>\n<\/section>\n<section class=\"purple-section\">\n\t<div class=\"anchor\" id=\"handling-more-than-3000-contracts-per-year-as-an-organization\"><\/div>\n\t<div class=\"section-inner\">\n\t\t<div class=\"flex\">\n\t\t\t<div class=\"width51\">\n\t\t\t\t<h3>Zpracov\u00e1n\u00ed v\u00edce ne\u017e 3,000 smluv ro\u010dn\u011b<\/h3>\n\t\t\t\t<p class=\"mgb-small\">MONOLITH LAW OFFICE je organizace tvo\u0159en\u00e1 30 pr\u00e1vn\u00edky veden\u00fdmi na\u0161\u00edm zakl\u00e1daj\u00edc\u00edm pr\u00e1vn\u00edkem, b\u00fdval\u00fdm IT in\u017een\u00fdrem a obchodn\u00edm v\u00fdkonn\u00fdm \u0159editelem.<\/p>\n\t\t\t\t<p class=\"mgb-small\">Na\u0161e firma ka\u017edoro\u010dn\u011b sestavuje a p\u0159ezkoum\u00e1v\u00e1 v\u00edce ne\u017e 3 000 smluv, co\u017e dokl\u00e1d\u00e1 rozs\u00e1hl\u00e9 zku\u0161enosti a odborn\u00e9 znalosti v t\u011bchto z\u00e1le\u017eitostech.<\/p>\n\t\t\t\t<p>*Grafy jsou zalo\u017eeny na odhadech a mohou se vyskytnout chyby a\u017e do 20%.<\/p>\n\t\t\t<\/div>\n\t\t\t<div class=\"width41\"><img decoding=\"async\" src=\"\/wp-content\/themes\/monolith_en\/img\/contractcreation\/contractcreation_pic1.png\" alt=\"Zpracov\u00e1n\u00ed v\u00edce ne\u017e 2 000 smluv ro\u010dn\u011b jako organizace\"><\/div>\n\t\t<\/div>\n\t<\/div>\n<\/section>\n\n<section class=\"white-section\">\n\t<div id=\"IT\"><\/div>\n\t<div class=\"section-inner\">\n\t<div class=\"flex\">\n\t<div class=\"width41\"><img decoding=\"async\" src=\"\/wp-content\/themes\/monolith2021\/img\/pic\/pic_practices-itlaw.jpg\" alt=\"IT\" \/><\/div>\n\t<div class=\"width51\">\n\t\t<h3>IT<\/h3>\n\t\t<p class=\"mgb-middle\">MONOLITH LAW OFFICE se specializuje na pr\u00e1vo v oblasti IT a poskytuje komplexn\u00ed pr\u00e1vn\u00ed podporu r\u016fzn\u00fdm IT spole\u010dnostem. Na\u0161e odbornost zahrnuje sestavov\u00e1n\u00ed smluv t\u00fdkaj\u00edc\u00edch se \u0161pi\u010dkov\u00fdch technologi\u00ed, stejn\u011b jako investi\u010dn\u00ed a M&amp;A transakce t\u00fdkaj\u00edc\u00ed se startupov\u00fdch spole\u010dnost\u00ed. D\u00edky na\u0161\u00ed rozs\u00e1hl\u00e9 zku\u0161enosti se sestavov\u00e1n\u00edm smluv, zejm\u00e9na v sektoru IT, jsme dob\u0159e vybaveni k napln\u011bn\u00ed jedine\u010dn\u00fdch pr\u00e1vn\u00edch pot\u0159eb technologicky orientovan\u00fdch podnik\u016f.<\/p>\n\t\t<div class=\"btn-area align-left\">\n\t\t\t<div class=\"btn icon-it\"><a href=\"\/cs\/it\">IT<\/a><\/div>\n\t\t<\/div>\n\t<\/div>\n\t<\/div>\n\t<\/div>\n<\/section>\n\n<section class=\"white-section\">\n\t<div class=\"anchor\" id=\"extensive-experience-in-investment-contracts-etc\"><\/div>\n\t<div class=\"section-inner-black\">\n\t\t<h3>Rozs\u00e1hl\u00e9 zku\u0161enosti s investi\u010dn\u00edmi dohodami, atd.<\/h3>\n\t\t<p class=\"mgb-middle\">MONOLITH LAW OFFICE se zab\u00fdv\u00e1 cel\u00fdm procesem vyd\u00e1v\u00e1n\u00ed akci\u00ed prost\u0159ednictv\u00edm alokace t\u0159et\u00edm stran\u00e1m, od p\u0159\u00edpravy term sheet\u016f a\u017e po n\u00e1vrh investi\u010dn\u00edch smluv a akcion\u00e1\u0159sk\u00fdch dohod. Zab\u00fdv\u00e1me se tak\u00e9 n\u00e1vrhem kmenov\u00fdch akci\u00ed s preferen\u010dn\u00edm rozd\u011blen\u00edm, vyd\u00e1v\u00e1n\u00edm opc\u00ed na akcie, dohodami mezi zakladateli, p\u0159evodem akci\u00ed a r\u016fzn\u00fdmi dal\u0161\u00edmi strategiemi a smlouvami souvisej\u00edc\u00edmi s kapit\u00e1lem.<\/p>\n\t<\/div>\n<\/section>\n\n<section class=\"orange-section mgt-section\">\n\t<div class=\"anchor\" id=\"examples-of-support-provided-by-our-firm\"><\/div>\n\t<div class=\"section-inner\">\n\t\t<h3 class=\"mgb-middle\">P\u0159\u00edklady podpory poskytovan\u00e9 MONOLITH LAW OFFICE<\/h3>\n\t\t<p class=\"mgb-middle\">MONOLITH LAW OFFICE p\u016fsob\u00ed jako pr\u00e1vn\u00ed poradce pro japonsk\u00e9 IT a startupov\u00e9 spole\u010dnosti v souvislosti s r\u016fzn\u00fdmi typy smluv, v\u010detn\u011b outsourcingov\u00fdch smluv pro outsourcovan\u00e9 operace, u\u017eivatelsk\u00fdch a zastupitelsk\u00fdch smluv pro produkty spole\u010dnosti, investi\u010dn\u00edch smluv a akcion\u00e1\u0159sk\u00fdch dohod pro smlouvy souvisej\u00edc\u00ed s kapit\u00e1lem a pracovn\u00edch smluv pro smlouvy souvisej\u00edc\u00ed se spole\u010dnost\u00ed. P\u016fsob\u00edme tak\u00e9 jako IT pr\u00e1vn\u00edci pro obchodn\u00ed spole\u010dnosti v Japonsku, kde navrhujeme a p\u0159ezkoum\u00e1v\u00e1me smlouvy pro nov\u00e9 IT souvisej\u00edc\u00ed podnik\u00e1n\u00ed a smlouvy souvisej\u00edc\u00ed s IT spole\u010dnostmi.<\/p>\n\t\t<div class=\"white-base\">\n\t\t\t<ul>\n\t\t\t\t<li class=\"mgb-small\">\n\t\t\t\t\t<figure><img decoding=\"async\" alt=\"HAZAMA ANDO CORPORATION\" src=\"\/wp-content\/themes\/monolith2021\/img\/clients\/logo_andohazama.png\"><\/figure>\n\t\t\t\t\t<h4 class=\"mgt-small mgb-small\">HAZAMA ANDO CORPORATION<\/h4>\n\t\t\t\t\t<p>Na\u0161e firma p\u0159ipravila IT souvisej\u00edc\u00ed smlouvu pro tohoto klienta, velk\u00e9ho gener\u00e1ln\u00edho dodavatele k\u00f3tovan\u00e9ho na Tokijsk\u00e9 burze Prime.<\/p>\n\t\t\t\t<\/li>\n\t\t\t\t<li class=\"mgb-small\">\n\t\t\t\t\t<figure><img decoding=\"async\" alt=\"Gftd Japan\" src=\"\/wp-content\/themes\/monolith2021\/img\/clients\/logo_gftd.png\"><\/figure>\n\t\t\t\t\t<h4 class=\"mgt-small mgb-small\">Gftd Japan<\/h4>\n\t\t\t\t\t<p>Gftd Japan je startupov\u00e1 spole\u010dnost souvisej\u00edc\u00ed s blockchainem, pro kterou jsme p\u0159ipravili r\u016fzn\u00e9 typy smluv, od obchodn\u00edch smluv a\u017e po smlouvy souvisej\u00edc\u00ed s zam\u011bstn\u00e1n\u00edm.<\/p>\n\t\t\t\t<\/li>\n\t\t\t\t<li class=\"mgb-small\">\n\t\t\t\t\t<figure><img decoding=\"async\" alt=\"TOKIUM Inc.\" src=\"\/wp-content\/uploads\/2022\/04\/logo_tokium.png\"><\/figure>\n\t\t\t\t\t<h4 class=\"mgt-small mgb-small\">TOKIUM Inc.<\/h4>\n\t\t\t\t\t<p>Pro spole\u010dnost Tokium, startup souvisej\u00edc\u00ed s fintech, jsme p\u0159ipravili smlouvy sahaj\u00edc\u00ed od dohod o kapit\u00e1lov\u00fdch a obchodn\u00edch alianc\u00edch a\u017e po obchodn\u00ed smlouvy.<\/p>\n\t\t\t\t<\/li>\n\t\t\t\t<li class=\"mgb-small\">\n\t\t\t\t\t<figure><img decoding=\"async\" alt=\"MI-6 Ltd.\" src=\"\/wp-content\/themes\/monolith2021\/img\/clients\/logo_mi-6.png\"><\/figure>\n\t\t\t\t\t<h4 class=\"mgt-small mgb-small\">MI-6 Ltd.<\/h4>\n\t\t\t\t\t<p>Na\u0161e firma p\u0159ipravila investi\u010dn\u00ed smlouvy, vyd\u00e1n\u00ed akciov\u00fdch opc\u00ed typu J-KISS a smlouvy souvisej\u00edc\u00ed se spole\u010dn\u00fdm v\u00fdzkumem.<\/p>\n\t\t\t\t<\/li>\n\t\t\t<\/ul><p class=\"mgb-small\">\n\t\t<p class=\"txt-s\">*Krom\u011b v\u00fd\u0161e uveden\u00fdch klient\u016f se na\u0161e firma MONOLITH LAW OFFICE star\u00e1 o projekty mnoha dal\u0161\u00edch klient\u016f. Zmi\u0148ujeme pouze ty klienty, kte\u0159\u00ed n\u00e1m dali svolen\u00ed k zve\u0159ejn\u011bn\u00ed jejich statusu jako klient\u016f (nebo jsou registrov\u00e1ni jako \u010dlenov\u00e9 p\u0159edstavenstva). V souladu s obecn\u00fdm pravidlem je d\u016fv\u011brnost informac\u00ed o tom, zda je n\u011bkdo na\u0161\u00edm klientem, zachov\u00e1na pod z\u00e1vazkem ml\u010denlivosti.<\/p>\n\t<\/div><\/div>\n<\/section>\n\n<section class=\"purple2-section\">\n\t<div class=\"anchor\" id=\"monolith-law-magazine\"><\/div>\n\t<div class=\"section-inner\">\n\t\t    <section class=\"white-section temp-article\">\n        <div class=\"section-inner\">\n            <h4>MONOLITH LAW MAGAZINE<\/h4>\n            <div class=\"articles type_practice_column\">\n                                                                    <div class=\"article article-area\">\n                        <figure>\n                            <div class=\"img-wrap\">\n                                <img alt=\"Vysv\u011btlen\u00ed sankc\u00ed za poru\u0161en\u00ed nov\u00e9ho z\u00e1kona o freelancingu na z\u00e1klad\u011b t\u0159\u00ed p\u0159\u00edpadov\u00fdch studi\u00ed\" src=\"https:\/\/monolith.law\/cs\/wp-content\/uploads\/sites\/34\/2025\/08\/6d129f9213bc4489ca4b5e0a5df7378f.webp\" width=\"500\" height=\"250\">\n                            <\/div>\n                            <figcaption>\n                                <div class=\"figcaption-inner\">\n                                    <h3>Vysv\u011btlen\u00ed sankc\u00ed za poru\u0161en\u00ed nov\u00e9ho z\u00e1kona o freelancingu na z\u00e1klad\u011b t\u0159\u00ed p\u0159\u00edpad.<\/h3>\n                                <\/div>\n                            <\/figcaption>\n                            <a href=\"https:\/\/monolith.law\/cs\/general-corporate\/freelance-law-penalties\"><\/a>\n                        <\/figure>\n                    <\/div>\n                                                    <div class=\"article article-area\">\n                        <figure>\n                            <div class=\"img-wrap\">\n                                <img alt=\"Co je nov\u00fd z\u00e1kon o freelancingu? Vysv\u011btlen\u00ed kl\u00ed\u010dov\u00fdch bod\u016f na z\u00e1klad\u011b vzoru smlouvy pro novou legislativu\" src=\"https:\/\/monolith.law\/cs\/wp-content\/uploads\/sites\/34\/2025\/08\/873e76645ec995ae22ee695f1ecd9a55.webp\" width=\"500\" height=\"250\">\n                            <\/div>\n                            <figcaption>\n                                <div class=\"figcaption-inner\">\n                                    <h3>Co je nov\u00fd z\u00e1kon o freelancingu? Vysv\u011btlen\u00ed kl\u00ed\u010dov\u00fdch bod\u016f na z\u00e1klad\u011b vzoru smlo.<\/h3>\n                                <\/div>\n                            <\/figcaption>\n                            <a href=\"https:\/\/monolith.law\/cs\/general-corporate\/freelance-law-contract\"><\/a>\n                        <\/figure>\n                    <\/div>\n                                                    <div class=\"article article-area\">\n                        <figure>\n                            <div class=\"img-wrap\">\n                                <img alt=\"\u0158\u00edzen\u00ed a pr\u00e1vn\u00ed r\u00e1mec e-sportu\" src=\"https:\/\/monolith.law\/cs\/wp-content\/uploads\/sites\/34\/2025\/03\/71ba18e2d641f1ccf814fb01baca731c-1024x538.jpg\" width=\"500\" height=\"250\">\n                            <\/div>\n                            <figcaption>\n                                <div class=\"figcaption-inner\">\n                                    <h3>\u0158\u00edzen\u00ed a pr\u00e1vn\u00ed r\u00e1mec e-sportu<\/h3>\n                                <\/div>\n                            <\/figcaption>\n                            <a href=\"https:\/\/monolith.law\/cs\/general-corporate\/e-sports-management-structure-legal-benefits\"><\/a>\n                        <\/figure>\n                    <\/div>\n                                            <\/div>\n            <div class=\"btn-more\"><a href=\"https:\/\/monolith.law\/cs\/tag\/contract-drafting-and-review\">Read More<\/a><\/div>\n        <\/div>\n    <\/section>\n\t<\/div>\n<\/section>\n\n<section class=\"orange2-section\">\n\t<div id=\"fee-structure\"><\/div>\n\t<div class=\"section-inner\">\n\t<div class=\"planWrap\">\n\t<h3>Struktura poplatk\u016f<\/h3>\n\t<ul class=\"plan\">\n\t\t<li class=\"txt-left\">\n\t\t\t<div class=\"plan-inner\">\n\t\t\t<div class=\"plan-header\">\n\t\t\t<h4 class=\"plan-title\">Hodinov\u00e1 sazba<\/h4>\n\t\t\t<div class=\"plan-price\"><span class=\"price-figure\">$300<\/span>za hodinu<span class=\"price-value\"><\/span><\/div>\n\t\t\t<\/div>\n\t\t\t<div class=\"plan-body\">V ur\u010dit\u00fdch p\u0159\u00edpadech m\u016f\u017eeme zv\u00e1\u017eit p\u0159ijet\u00ed sporu nebo soudn\u00edho \u0159\u00edzen\u00ed s po\u010d\u00e1te\u010dn\u00edm poplatkem a \u00fasp\u011b\u0161nostn\u00ed odm\u011bnou. Pro v\u00edce informac\u00ed n\u00e1s nev\u00e1hejte kontaktovat.<\/div>\n\t\t\t<\/div>\n\t\t<\/li>\n\t\t<li class=\"txt-left\">\n\t\t\t<div class=\"plan-inner\">\n\t\t\t<div class=\"plan-header\">\n\t\t\t<h4 class=\"plan-title\">Sestavov\u00e1n\u00ed smluv<\/h4>\n\t\t\t<div class=\"plan-price\"><span class=\"price-value\">od<\/span><span class=\"price-figure\">$500<\/span><span class=\"price-value\">do $2,000 nebo v\u00edce<\/span><\/div>\n\t\t\t<\/div>\n\t\t\t<div class=\"plan-body\">Cenov\u00e1 struktura se m\u016f\u017ee li\u0161it v z\u00e1vislosti na typu a mno\u017estv\u00ed smluv. R\u00e1di v\u00e1m poskytneme p\u0159edb\u011b\u017en\u00fd odhad na vy\u017e\u00e1d\u00e1n\u00ed, proto n\u00e1s nev\u00e1hejte kontaktovat pro dal\u0161\u00ed informace.<\/div>\n\t\t\t<\/div>\n\t\t<\/li>\n\t\t<li class=\"txt-left\">\n\t\t\t<div class=\"plan-inner\">\n\t\t\t<div class=\"plan-header\">\n\t\t\t<h4 class=\"plan-title\">Dal\u0161\u00ed slu\u017eby<\/h4>\n\t\t\t<div class=\"plan-price\"><span class=\"price-figure\">Kontaktujte n\u00e1s<\/span><\/div>\n\t\t\t<\/div>\n\t\t\t<div class=\"plan-body\">Nab\u00edz\u00edme \u0161irokou \u0161k\u00e1lu slu\u017eeb v\u010detn\u011b zakl\u00e1d\u00e1n\u00ed spole\u010dnost\u00ed, p\u0159ezkumu smluv, pr\u00e1vn\u00edch stanovisek, p\u0159ezkumu p\u0159\u00edpad\u016f nebo v\u00fdzkumn\u00fdch dopis\u016f. Pokud m\u00e1te jak\u00e9koli dotazy nebo obavy, srde\u010dn\u011b v\u00e1s zveme, abyste n\u00e1s kontaktovali a n\u00e1\u0161 zku\u0161en\u00fd t\u00fdm v\u00e1m r\u00e1d pom\u016f\u017ee.<\/div>\n\t\t\t<\/div>\n\t\t<\/li>\n\t<\/ul>\n\t<\/div>\n\t<\/div>\n<\/section>\n\n<section class=\"white-section\">\n\t<div class=\"section-inner\">\n\t<div class=\"btn-area\">\n\t<div class=\"btn icon-contact\"><a href=\"\/cs\/contact\">Kontaktujte n\u00e1s<\/a><\/div>\n\t<\/div>\n\t<\/div>\n<\/section>\n","protected":false},"excerpt":{"rendered":"<p>Sestavov\u00e1n\u00ed a p\u0159ezkum smluv Jako pr\u00e1vn\u00ed poradci pro IT a startupov\u00e9 spole\u010dnosti, a ob\u010das i jako IT pr\u00e1vn\u00edci pro korporace, sestavujeme a p\u0159ezkoum\u00e1v\u00e1me \u0161irokou \u0161k\u00e1lu vysoce specializovan\u00fdch IT smluv. N [&hellip;]<\/p>\n","protected":false},"author":1,"featured_media":57034,"parent":0,"menu_order":7,"comment_status":"closed","ping_status":"closed","template":"other-page-temp.php","meta":{"footnotes":""},"acf":[],"_links":{"self":[{"href":"https:\/\/monolith.law\/cs\/wp-json\/wp\/v2\/pages\/30628"}],"collection":[{"href":"https:\/\/monolith.law\/cs\/wp-json\/wp\/v2\/pages"}],"about":[{"href":"https:\/\/monolith.law\/cs\/wp-json\/wp\/v2\/types\/page"}],"author":[{"embeddable":true,"href":"https:\/\/monolith.law\/cs\/wp-json\/wp\/v2\/users\/1"}],"replies":[{"embeddable":true,"href":"https:\/\/monolith.law\/cs\/wp-json\/wp\/v2\/comments?post=30628"}],"version-history":[{"count":104,"href":"https:\/\/monolith.law\/cs\/wp-json\/wp\/v2\/pages\/30628\/revisions"}],"predecessor-version":[{"id":62644,"href":"https:\/\/monolith.law\/cs\/wp-json\/wp\/v2\/pages\/30628\/revisions\/62644"}],"wp:featuredmedia":[{"embeddable":true,"href":"https:\/\/monolith.law\/cs\/wp-json\/wp\/v2\/media\/57034"}],"wp:attachment":[{"href":"https:\/\/monolith.law\/cs\/wp-json\/wp\/v2\/media?parent=30628"}],"curies":[{"name":"wp","href":"https:\/\/api.w.org\/{rel}","templated":true}]}}