{"id":30684,"date":"2023-11-05T23:00:20","date_gmt":"2023-11-05T14:00:20","guid":{"rendered":"https:\/\/monolith.law\/?page_id=30684"},"modified":"2024-02-21T17:15:28","modified_gmt":"2024-02-21T08:15:28","slug":"id-of-the-defamatory-statement","status":"publish","type":"page","link":"https:\/\/monolith.law\/cs\/id-of-the-defamatory-statement","title":{"rendered":"Identifikace pomlouva\u010dn\u00e9ho prohl\u00e1\u0161en\u00ed"},"content":{"rendered":"\n<section class=\"heading-area\">\n\t<div class=\"heading-area-inner\">\n\t\t<h2 class=\"icon-id-of-the-defamatory-statement\">Identifikace pomlouva\u010dn\u00e9ho prohl\u00e1\u0161en\u00ed<\/h2>\n\t\t<p>Podle japonsk\u00e9ho pr\u00e1va, pokud spole\u010dnost nebo jednotlivec utrp\u00ed pomluvu nebo poru\u0161en\u00ed soukrom\u00ed od anonymn\u00edho u\u017eivatele na internetu, je mo\u017en\u00e9 identifikovat anonymn\u00edho autora prost\u0159ednictv\u00edm r\u016fzn\u00fdch pr\u00e1vn\u00edch postup\u016f usnadn\u011bn\u00fdch soudem. I kdy\u017e se v japonsk\u00e9m online prostoru vyskytuj\u00ed p\u0159\u00edpady pomluv od anonymn\u00edch u\u017eivatel\u016f, je mo\u017en\u00e9 autora identifikovat a prost\u0159ednictv\u00edm pr\u00e1vn\u00edka uplatnit n\u00e1rok na n\u00e1hradu \u0161kody.<\/p>\n\t<\/div>\n<\/section>\n\n<section class=\"white-section\">\n\t<div class=\"section-inner pdt0 border-bottom-section\">\n\t\t<p class=\"mgb-small\">Pokud jste byli vystaveni pomluv\u011b od anonymn\u00edho u\u017eivatele na internetu a chcete uplatnit n\u00e1rok na n\u00e1hradu \u0161kody, je nezbytn\u00e9 nejprve identifikovat toto\u017enost tohoto u\u017eivatele. Japonsk\u00e9 pr\u00e1vo poskytuje pr\u00e1vn\u00ed postupy pro identifikaci anonymn\u00edch u\u017eivatel\u016f na internetu.<\/p>\n\t\t<p>MONOLITH LAW OFFICE je japonsk\u00e1 pr\u00e1vnick\u00e1 firma specializuj\u00edc\u00ed se na z\u00e1le\u017eitosti souvisej\u00edc\u00ed s internetem. Zab\u00fdv\u00e1me se identifikac\u00ed pomlouva\u010dn\u00fdch autor\u016f na z\u00e1klad\u011b po\u017eadavk\u016f r\u016fzn\u00fdch klient\u016f, v\u010detn\u011b dom\u00e1c\u00edch k\u00f3tovan\u00fdch spole\u010dnost\u00ed, v\u00fdznamn\u00fdch v\u00fdkonn\u00fdch pracovn\u00edk\u016f a vlivn\u00fdch osobnost\u00ed. S na\u0161\u00ed rozs\u00e1hlou zku\u0161enost\u00ed a \u00fasp\u011b\u0161nou histori\u00ed jsme vybaveni k \u0159e\u0161en\u00ed spor\u016f v japonsk\u00e9m online prostoru.<\/p>\n\t<\/div>\n<\/section>\n\n<section class=\"second-nav\">\n\t<div class=\"second-nav-inner\">\n\t\t<p>TOPICS<\/p>\n\t\t<nav>\n\t\t\t<ul>\n\t\t\t\t<li><a href=\"#identification-of-the-defamatory-statement\">Identifikace pomlouva\u010dn\u00e9ho prohl\u00e1\u0161en\u00ed<\/a><\/li>\n\t\t\t\t<li><a href=\"#examples-of-identifications-by-our-firm-target-sites\">P\u0159\u00edklady identifikac\u00ed na\u0161\u00ed firmou: C\u00edlov\u00e9 str\u00e1nky<\/a><\/li>\n\t\t\t\t<li><a href=\"#examples-of-support-provided-by-our-firm\">P\u0159\u00edklady podpory poskytovan\u00e9 na\u0161\u00ed firmou<\/a><\/li>\n\t\t\t\t<li><a href=\"#procedures-for-identifying-authors-under-japanese-law\">Postupy pro identifikaci autor\u016f podle japonsk\u00e9ho pr\u00e1va<\/a><\/li>\n\t\t\t\t<li><a href=\"#publications-as-a-lawyer-specializing-in-mitigating-reputational-damage\">Publikace jako pr\u00e1vn\u00edk specializuj\u00edc\u00ed se na zm\u00edrn\u011bn\u00ed reputa\u010dn\u00edho rizika<\/a><\/li>\n\t\t\t\t<li><a href=\"#monolith-law-magazine\">MONOLITH LAW MAGAZINE<\/a><\/li>\n\t\t\t\t<li><a href=\"#fee-structure\">Struktura poplatk\u016f<\/a><\/li>\n\t\t\t<\/ul>\n\t\t<\/nav>\n\t<\/div>\n<\/section>\n\n<section class=\"white-section\">\n\t<div class=\"anchor\" id=\"identification-of-the-defamatory-statement\"><\/div>\n\t<div class=\"section-inner\">\n\t\t<div class=\"flex\">\n\t\t\t<div class=\"width41\"><img decoding=\"async\" src=\"\/wp-content\/themes\/monolith2021\/img\/pic\/pic_reputation.jpg\" alt=\"Zdroj identifikace pomlouva\u010dn\u00e9ho prohl\u00e1\u0161en\u00ed\"><\/div>\n\t\t\t<div class=\"width51\">\n\t\t\t\t<h3>Identifikace pomlouva\u010dn\u00e9ho prohl\u00e1\u0161en\u00ed<\/h3>\n\t\t\t\t<p>Podle japonsk\u00e9ho pr\u00e1va je mo\u017en\u00e9 podniknout pr\u00e1vn\u00ed kroky k identifikaci osob odpov\u011bdn\u00fdch za neleg\u00e1ln\u00ed p\u0159\u00edsp\u011bvky, v\u010detn\u011b pomlouva\u010dn\u00fdch v\u00fdrok\u016f, prost\u0159ednictv\u00edm soudn\u00edho \u0159\u00edzen\u00ed. Pokud je va\u0161e spole\u010dnost c\u00edlem anonymn\u00edch internetov\u00fdch u\u017eivatel\u016f, kte\u0159\u00ed podnikaj\u00ed \u00fatoky na japonsk\u00e9m internetu, m\u016f\u017ee b\u00fdt mo\u017en\u00e9 odhalit identitu, v\u010detn\u011b jm\u00e9na a adresy, anonymn\u00edho u\u017eivatele po konzultaci s vysoce specializovan\u00fdm pr\u00e1vn\u00edkem. Jakmile je identita odhalena, m\u016f\u017eete m\u00edt p\u0159\u00edle\u017eitost podat n\u00e1rok na n\u00e1hradu \u0161kody proti internetov\u00e9mu u\u017eivateli. Je z\u00e1sadn\u00ed spolupracovat s zku\u0161en\u00fdm pr\u00e1vn\u00edkem, kter\u00fd v\u00e1s m\u016f\u017ee prov\u00e9st pr\u00e1vn\u00edm procesem a chr\u00e1nit z\u00e1jmy va\u0161\u00ed spole\u010dnosti.<\/p>\n\t\t\t<\/div>\n\t\t<\/div>\n\t<\/div>\n<\/section>\n\n<section class=\"white-section mgb-section\">\n\t<div class=\"anchor\" id=\"examples-of-identifications-by-our-firm-target-sites\"><\/div>\n\t<div class=\"section-inner-black\">\n\t\t<h3 class=\"mgb-middle\">P\u0159\u00edklady identifikac\u00ed na\u0161\u00ed firmou: C\u00edlov\u00e9 str\u00e1nky<\/h3>\n\t\t<p class=\"mgb-middle\">MONOLITH LAW OFFICE m\u00e1 z\u00e1znamy a odborn\u00e9 znalosti v identifikaci autor\u016f pomlouva\u010dn\u00fdch p\u0159\u00edsp\u011bvk\u016f na r\u016fzn\u00fdch webov\u00fdch str\u00e1nk\u00e1ch, v\u010detn\u011b, ale nikoli omezen\u011b na, p\u0159\u00edpady pomluv, poru\u0161en\u00ed soukrom\u00ed, poru\u0161en\u00ed autorsk\u00fdch pr\u00e1v a zosobn\u011bn\u00ed. \u00dasp\u011b\u0161n\u011b jsme pom\u00e1hali klient\u016fm identifikovat autory za takov\u00fdmi p\u0159\u00edsp\u011bvky, vyu\u017e\u00edvaj\u00edc\u00ed na\u0161e zku\u0161enosti a znalosti v oblasti.<\/p>\n\t\t<p class=\"mgb-middle\">2channel, 5channel, Twitter, Facebook, Instagram, Google Maps (My Business), Yahoo! Finance, Food Log, Amazon customer reviews, Girls Channel, Bakusai, Mansion Community, Hostlove a r\u016fzn\u00e9 dal\u0161\u00ed bulletinov\u00e9 str\u00e1nky. Yahoo! Chiebukuro, NAVER summary, vyhled\u00e1v\u00e1n\u00ed telefonn\u00edch \u010d\u00edsel (jpnumber atd.), Livedoor Blog, FC2 Blog, Ameba Blog, Hatena Blog atd. Dal\u0161\u00ed r\u016fzn\u00e9 blogov\u00e9 str\u00e1nky, YouTube, Nico Nico Douga, FC2 Video a dal\u0161\u00ed video str\u00e1nky. MILKCAFE, openwork, Lighthouse (d\u0159\u00edve Kaisha\u2019s Reputation), dal\u0161\u00ed str\u00e1nky s recenzemi zam\u011bstn\u00e1n\u00ed, dal\u0161\u00ed origin\u00e1ln\u00ed dom\u00e9nov\u00e9 str\u00e1nky.<\/p>\n\t<\/div>\n<\/section>\n\n<section class=\"purple-section\">\n\t<div class=\"anchor\" id=\"examples-of-support-provided-by-our-firm\"><\/div>\n\t<div class=\"section-inner\">\n\t\t<h3 class=\"mgb-middle\">P\u0159\u00edklady podpory poskytovan\u00e9 na\u0161\u00ed firmou<\/h3>\n\t\t<ul class=\"layout-column4 mgb-big\">\n\t\t\t<li>\n\t\t\t\t<div><img decoding=\"async\" src=\"\/wp-content\/themes\/monolith2021\/img\/identificationofslander\/identificationofslander_support_pic1.jpg\" alt=\"Spole\u010dnost k\u00f3tovan\u00e1 na TSE\"><\/div>\n\t\t\t\t<h4>Spole\u010dnost k\u00f3tovan\u00e1 na TSE<\/h4>\n\t\t\t\t<p>Identifikovali jsme autory neust\u00e1l\u00fdch p\u0159\u00edsp\u011bvk\u016f \u0161\u00ed\u0159\u00edc\u00edch fale\u0161n\u00e9 informace, jako jsou vnit\u0159n\u00ed skand\u00e1ly, na platform\u00e1ch jako Yahoo! Finance a Google Reviews.<\/p>\n\t\t\t<\/li>\n\t\t\t<li>\n\t\t\t\t<div><img decoding=\"async\" src=\"\/wp-content\/themes\/monolith2021\/img\/identificationofslander\/identificationofslander_support_pic2.jpg\" alt=\"V\u00fdznamn\u00fd mana\u017eer\"><\/div>\n\t\t\t\t<h4>V\u00fdznamn\u00fd mana\u017eer<\/h4>\n\t\t\t\t<p>Provedli jsme identifikaci autor\u016f \u00fa\u010dt\u016f na Twitteru, kte\u0159\u00ed se dopou\u0161t\u011bj\u00ed pomluv, napodobov\u00e1n\u00ed a ur\u00e1\u017eliv\u00fdch p\u0159\u00edsp\u011bvk\u016f sm\u011b\u0159ovan\u00fdch proti jednotliv\u00fdm mana\u017eer\u016fm.<\/p>\n\t\t\t<\/li>\n\t\t\t<li>\n\t\t\t\t<div><img decoding=\"async\" src=\"\/wp-content\/themes\/monolith2021\/img\/systemdevelopment\/systemdevelopment_support_pic3.jpg\" alt=\"Obchodn\u00ed korporace\"><\/div>\n\t\t\t\t<h4>Obchodn\u00ed korporace<\/h4>\n\t\t\t\t<p>Provedli jsme identifikaci autor\u016f pomlouva\u010dn\u00fdch p\u0159\u00edsp\u011bvk\u016f zam\u011b\u0159en\u00fdch na konkr\u00e9tn\u00ed mana\u017eery na anonymn\u00edch diskusn\u00edch f\u00f3rech jako 5channel a Google Reviews.<\/p>\n\t\t\t<\/li>\n\t\t\t<li>\n\t\t\t\t<div><img decoding=\"async\" src=\"\/wp-content\/themes\/monolith2021\/img\/identificationofslander\/identificationofslander_support_pic4.jpg\" alt=\"V\u00fdznamn\u00fd YouTuber\"><\/div>\n\t\t\t\t<h4>V\u00fdznamn\u00fd YouTuber<\/h4>\n\t\t\t\t<p>Pom\u00e1hali jsme s identifikac\u00ed autor\u016f v p\u0159\u00edpadech \u00faniku osobn\u00edch informac\u00ed a pomlouva\u010dn\u00fdch koment\u00e1\u0159\u016f na vide\u00edch jin\u00fdch YouTuber\u016f, osobn\u00edch bloz\u00edch a dal\u0161\u00edch platform\u00e1ch.<\/p>\n\t\t\t<\/li>\n\t\t<\/ul>\n\t\t<div class=\"frame2-white max-width860 txt-center-pc\">\n\t\t\t<p class=\"txt-l bold\">Identifikace autora vy\u017eaduje vysoce specializovanou odbornost, zahrnuj\u00edc\u00ed strategick\u00e9 pl\u00e1nov\u00e1n\u00ed a specifick\u00e9 operativn\u00ed \u00fakoly.<\/p>\n\t\t<\/div>\n\t<\/div>\n<\/section>\n\n<section class=\"white-section\">\n\t<div class=\"anchor\" id=\"procedures-for-identifying-authors-under-japanese-law\"><\/div>\n\t<div class=\"section-inner pdb0\">\n\t\t<h3>Postupy pro identifikaci autor\u016f podle japonsk\u00e9ho pr\u00e1va<\/h3>\n\t\t<p class=\"mgb-middle\">V Japonsku existuje \u0159ada pr\u00e1vn\u00edch postup\u016f, kter\u00e9 umo\u017e\u0148uj\u00ed identifikovat autory pomlouva\u010dn\u00fdch online p\u0159\u00edsp\u011bvk\u016f a bojovat proti kybernetick\u00e9 pomluv\u011b. Jako pr\u00e1vn\u00ed profesion\u00e1lov\u00e9 tyto postupy vyu\u017e\u00edv\u00e1me selektivn\u011b a kombinovan\u011b, abychom dos\u00e1hli identifikace autora. I kdy\u017e je kv\u016fli vysok\u00e9 specializaci t\u011bchto postup\u016f n\u00e1ro\u010dn\u00e9 poskytnout na t\u00e9to str\u00e1nce vy\u010derp\u00e1vaj\u00edc\u00ed vysv\u011btlen\u00ed, p\u0159edstav\u00edme zde jejich p\u0159ehled.<\/p>\n\t\t<ul class=\"layout-datalist\">\n\t\t\t<li>\n\t\t\t\t<h4>A: \u017d\u00e1dost o zve\u0159ejn\u011bn\u00ed (p\u0159edb\u011b\u017en\u00e9 opat\u0159en\u00ed)<\/h4>\n\t\t\t\t<p>Toto urychlen\u00e9 p\u0159echodn\u00e9 opat\u0159en\u00ed n\u00e1m umo\u017e\u0148uje po\u017e\u00e1dat provozovatele webov\u00fdch str\u00e1nek nebo spr\u00e1vce hostitelsk\u00fdch server\u016f o zve\u0159ejn\u011bn\u00ed IP adresy p\u0159isp\u011bvatele, ani\u017e bychom museli p\u0159istoupit k form\u00e1ln\u00edmu soudn\u00edmu \u0159\u00edzen\u00ed. Je v\u0161ak d\u016fle\u017eit\u00e9 poznamenat, \u017ee n\u011bkter\u00e9 webov\u00e9 str\u00e1nky mohou IP adresu zve\u0159ejnit dobrovoln\u011b prost\u0159ednictv\u00edm neform\u00e1ln\u00edch jedn\u00e1n\u00ed bez nutnosti tohoto postupu. Spr\u00e1vn\u00e9 posouzen\u00ed v takov\u00fdch p\u0159\u00edpadech vy\u017eaduje zku\u0161enosti a odborn\u00e9 znalosti zku\u0161en\u00fdch pr\u00e1vn\u00edk\u016f.<\/p>\n\t\t\t<\/li>\n\t\t\t<li>\n\t\t\t\t<h4>B: Z\u00e1kaz maz\u00e1n\u00ed informac\u00ed<\/h4>\n\t\t\t\t<p>Anal\u00fdzou zve\u0159ejn\u011bn\u00e9 IP adresy z\u00edskan\u00e9 prost\u0159ednictv\u00edm postupu A je mo\u017en\u00e9 identifikovat poskytovatele internetov\u00fdch slu\u017eeb (ISP), kter\u00e9ho anonymn\u00ed u\u017eivatel pou\u017e\u00edv\u00e1. V postupu C je z\u00e1sadn\u00ed po\u017e\u00e1dat ISP, aby nesmazal informace o odes\u00edlateli (logovac\u00ed data souvisej\u00edc\u00ed s internetov\u00fdm p\u0159ipojen\u00edm u\u017eivatele), aby se zachovaly d\u016fkazy.<\/p>\n\t\t\t<\/li>\n\t\t\t<li>\n\t\t\t\t<h4>C: \u017d\u00e1dost o zve\u0159ejn\u011bn\u00ed (\u017ealoba)<\/h4>\n\t\t\t\t<p>Tento postup zahrnuje \u017ealobu proti identifikovan\u00e9mu ISP jako \u017ealovan\u00e9mu s c\u00edlem z\u00edskat zve\u0159ejn\u011bn\u00ed adresy a jm\u00e9na anonymn\u00edho u\u017eivatele. V p\u0159\u00edpad\u011b, \u017ee anonymn\u00ed u\u017eivatel zaregistroval telefonn\u00ed \u010d\u00edslo na webov\u00fdch str\u00e1nk\u00e1ch, lze tento postup pou\u017e\u00edt proti provozovateli webov\u00fdch str\u00e1nek s \u017e\u00e1dost\u00ed o zve\u0159ejn\u011bn\u00ed tohoto telefonn\u00edho \u010d\u00edsla. V tomto postupu nelze pou\u017e\u00edt rychl\u00e1 p\u0159edb\u011b\u017en\u00e1 opat\u0159en\u00ed a podle japonsk\u00fdch pr\u00e1vn\u00edch precedent\u016f je vy\u017eadov\u00e1no form\u00e1ln\u00ed soudn\u00ed \u0159\u00edzen\u00ed.<\/p>\n\t\t\t<\/li>\n\t\t\t<li>\n\t\t\t\t<h4>D: Rozkaz k zve\u0159ejn\u011bn\u00ed (novela z roku 2022)<\/h4>\n\t\t\t\t<p>Tento nov\u011b zaveden\u00fd pr\u00e1vn\u00ed r\u00e1mec kombinuje postupy A, B a C do jedin\u00e9ho postupu, co\u017e umo\u017e\u0148uje realizaci v\u0161ech krok\u016f (A, B a C) v krat\u0161\u00edm \u010dasov\u00e9m r\u00e1mci. Tento postup vyu\u017e\u00edv\u00e1 urychlen\u00fd mechanismus. V sou\u010dasn\u00e9 dob\u011b je tento postup pova\u017eov\u00e1n za obecn\u00fd princip pro identifikaci autora. Existuj\u00ed v\u0161ak v\u00fdjimky, jako jsou webov\u00e9 str\u00e1nky, na kter\u00fdch je zaregistrov\u00e1no pouze telefonn\u00ed \u010d\u00edslo bez IP adresy, nebo p\u0159\u00edpady, kdy lze zve\u0159ejn\u011bn\u00ed IP adresy dos\u00e1hnout prost\u0159ednictv\u00edm dobrovoln\u00fdch jedn\u00e1n\u00ed. Expertiza a know-how pr\u00e1vn\u00edch profesion\u00e1l\u016f jsou nezbytn\u00e9 pro zvl\u00e1dnut\u00ed t\u011bchto v\u00fdjimek.<\/p>\n\t\t\t<\/li>\n\t\t\t<li>\n\t\t\t\t<h4>E: Postup dotazu prost\u0159ednictv\u00edm advok\u00e1tn\u00ed komory<\/h4>\n\t\t\t\t<p>V p\u0159\u00edpadech, kdy se b\u011bhem v\u00fd\u0161e uveden\u00fdch postup\u016f stane zn\u00e1m\u00fdm telefonn\u00ed \u010d\u00edslo autora p\u0159\u00edsp\u011bvku, je nutn\u00e9 po\u017e\u00e1dat telekomunika\u010dn\u00edho oper\u00e1tora o zve\u0159ejn\u011bn\u00ed adresy nebo jm\u00e9na osoby, kter\u00e1 toto telefonn\u00ed \u010d\u00edslo pou\u017e\u00edv\u00e1. V Japonsku maj\u00ed mobiln\u00ed oper\u00e1to\u0159i praxi poskytovat informace o zve\u0159ejn\u011bn\u00ed, kdy\u017e pr\u00e1vn\u00edk provede \u0159\u00e1dn\u00fd dotaz prost\u0159ednictv\u00edm sv\u00e9 p\u0159\u00edslu\u0161n\u00e9 advok\u00e1tn\u00ed komory.<\/p>\n\t\t\t<\/li>\n\t\t<\/ul>\n\t<\/div>\n<\/section>\n\n<section class=\"white-section\">\n\t<div class=\"section-inner\">\n\t\t<div class=\"frame2 max-width860 txt-center-pc\">\n\t\t\t<p class=\"bold txt-l\">Identifikace autor\u016f hanliv\u00fdch p\u0159\u00edsp\u011bvk\u016f v souladu s japonsk\u00fdm pr\u00e1vem je skute\u010dn\u011b velmi slo\u017eitou a specializovanou oblast\u00ed. Pokud m\u00e1te jak\u00e9koliv ot\u00e1zky nebo obavy, v\u010detn\u011b ot\u00e1zek proveditelnosti a n\u00e1klad\u016f, nev\u00e1hejte n\u00e1s kontaktovat. Jsme zde, abychom v\u00e1m pomohli a poskytli pot\u0159ebn\u00e9 veden\u00ed.<\/p>\n\t\t<\/div>\n\t<\/div>\n<\/section>\n\n<section class=\"orange-section\">\n\t<div class=\"anchor\" id=\"publications-as-a-lawyer-specializing-in-mitigating-reputational-damage\"><\/div>\n\t<div class=\"section-inner\">\n\t\t<div class=\"flex\">\n\t\t\t<div class=\"width41\"><img decoding=\"async\" src=\"\/wp-content\/themes\/monolith2021\/img\/pic\/pic_publishing2.jpg\" alt=\"Publikace jako pr\u00e1vn\u00edk specializuj\u00edc\u00ed se na zm\u00edrn\u011bn\u00ed reputa\u010dn\u00ed \u0161kody\"><\/div>\n\t\t\t<div class=\"width51\">\n\t\t\t\t<h3>Publikace jako pr\u00e1vn\u00edk specializuj\u00edc\u00ed se na zm\u00edrn\u011bn\u00ed reputa\u010dn\u00edho rizika<\/h3>\n\t\t\t\t<p class=\"mgb-small\">\u00da\u010dastnil se psan\u00ed &#8220;Soudn\u00edch precedens\u016f z\u00e1kona o omezen\u00ed odpov\u011bdnosti poskytovatel\u016f&#8221; (Provider Liability Limitation Act), sb\u00edrky soudn\u00edch rozhodnut\u00ed o opat\u0159en\u00edch proti reputa\u010dn\u00ed \u0161kod\u011b, jako \u010dlen Praktick\u00e9 studijn\u00ed skupiny z\u00e1kona o omezen\u00ed odpov\u011bdnosti poskytovatel\u016f, kterou tvo\u0159\u00ed advok\u00e1ti.<\/p>\n\t\t\t\t<p>Vydal &#8220;Digit\u00e1ln\u00ed tetov\u00e1n\u00ed &#8211; Internetov\u00e1 pomluva a p\u0159\u00edpadov\u00e1 studie reputa\u010dn\u00ed \u0161kody&#8221; od vydavatelstv\u00ed Jiyuukokumin-sha, kter\u00e9 publikuje &#8220;Gendai Yogo no Kihonjitsu&#8221; (Z\u00e1kladn\u00ed znalosti modern\u00ed terminologie), a byl zodpov\u011bdn\u00fd za n\u00e1vrh sobotn\u00edho dramatu NHK &#8220;Digit\u00e1ln\u00ed tetov\u00e1n\u00ed&#8221; na z\u00e1klad\u011b t\u00e9to publikace.<\/p>\n\t\t\t<\/div>\n\t\t<\/div>\n\t<\/div>\n<\/section>\n\n<section class=\"purple2-section\">\n\t<div class=\"anchor\" id=\"monolith-law-magazine\"><\/div>\n\t<div class=\"section-inner\">\n\t\t    <section class=\"white-section temp-article\">\n        <div class=\"section-inner\">\n            <h4>MONOLITH LAW MAGAZINE<\/h4>\n            <div class=\"articles type_practice_column\">\n                                                                    <div class=\"article article-area\">\n                        <figure>\n                            <div class=\"img-wrap\">\n                                <img alt=\"Jak uchovat d\u016fkazy o pomluv\u00e1ch na Instagramu? Vysv\u011btlen\u00ed zp\u016fsob\u016f ukl\u00e1d\u00e1n\u00ed d\u016fkaz\u016f pou\u017eiteln\u00fdch u soudu\" src=\"https:\/\/monolith.law\/cs\/wp-content\/uploads\/sites\/34\/2025\/08\/b7a6d88c3f4a061d0c0c2cfa711ac604.webp\" width=\"500\" height=\"250\">\n                            <\/div>\n                            <figcaption>\n                                <div class=\"figcaption-inner\">\n                                    <h3>Jak uchovat d\u016fkazy o pomluv\u00e1ch na Instagramu? Vysv\u011btlen\u00ed zp\u016fsob\u016f ukl\u00e1d\u00e1n\u00ed d\u016fkaz\u016f.<\/h3>\n                                <\/div>\n                            <\/figcaption>\n                            <a href=\"https:\/\/monolith.law\/cs\/it\/instagram-preservation-evidence\"><\/a>\n                        <\/figure>\n                    <\/div>\n                                                    <div class=\"article article-area\">\n                        <figure>\n                            <div class=\"img-wrap\">\n                                <img alt=\"Je mo\u017en\u00e9 po\u017eadovat odhalen\u00ed \u00fadaj\u016f na LINE? Vysv\u011btlen\u00ed identifikace osoby prost\u0159ednictv\u00edm odhalen\u00ed informac\u00ed o odes\u00edlateli\" src=\"https:\/\/monolith.law\/cs\/wp-content\/uploads\/sites\/34\/2024\/11\/29578280_m.webp\" width=\"500\" height=\"250\">\n                            <\/div>\n                            <figcaption>\n                                <div class=\"figcaption-inner\">\n                                    <h3>Je mo\u017en\u00e9 po\u017eadovat odhalen\u00ed \u00fadaj\u016f na LINE? Vysv\u011btlen\u00ed identifikace osoby prost\u0159e.<\/h3>\n                                <\/div>\n                            <\/figcaption>\n                            <a href=\"https:\/\/monolith.law\/cs\/internet\/line-disclosure-request\"><\/a>\n                        <\/figure>\n                    <\/div>\n                                                    <div class=\"article article-area\">\n                        <figure>\n                            <div class=\"img-wrap\">\n                                <img alt=\"Je mo\u017en\u00e9 po\u017eadovat odhalen\u00ed identity u hrub\u00fdch v\u00fdrok\u016f a pomluv v online hr\u00e1ch? Vysv\u011btlen\u00ed soudn\u00edho \u0159\u00edzen\u00ed pro identifikaci osoby.\" src=\"https:\/\/monolith.law\/cs\/wp-content\/uploads\/sites\/34\/2024\/11\/onlinegame1.webp\" width=\"500\" height=\"250\">\n                            <\/div>\n                            <figcaption>\n                                <div class=\"figcaption-inner\">\n                                    <h3>Je mo\u017en\u00e9 po\u017eadovat odhalen\u00ed identity u hrub\u00fdch v\u00fdrok\u016f a pomluv v online hr\u00e1ch? V.<\/h3>\n                                <\/div>\n                            <\/figcaption>\n                            <a href=\"https:\/\/monolith.law\/cs\/internet\/onlinegame-defamation\"><\/a>\n                        <\/figure>\n                    <\/div>\n                                            <\/div>\n            <div class=\"btn-more\"><a href=\"https:\/\/monolith.law\/cs\/tag\/id-of-the-defamatory-statement\">Read More<\/a><\/div>\n        <\/div>\n    <\/section>\n\t<\/div>\n<\/section>\n\n<section class=\"orange2-section\">\n\t<div class=\"anchor\" id=\"fee-structure\"><\/div>\n\t<div class=\"section-inner\">\n\t<div class=\"planWrap\">\n\t<h3>Struktura poplatk\u016f<\/h3>\n\t<ul class=\"plan\">\n\t\t<li class=\"txt-left\">\n\t\t\t<div class=\"plan-inner\">\n\t\t\t<div class=\"plan-header\">\n\t\t\t<h4 class=\"plan-title\">Hodinov\u00e1 sazba<\/h4>\n\t\t\t<div class=\"plan-price\"><span class=\"price-figure\">$300<\/span> za hodinu <span class=\"price-tax\"><\/span><\/div>\n\t\t\t<\/div>\n\t\t\t<div class=\"plan-body\">V ur\u010dit\u00fdch p\u0159\u00edpadech m\u016f\u017eeme zv\u00e1\u017eit p\u0159ijet\u00ed sporu nebo \u017ealoby s po\u010d\u00e1te\u010dn\u00edm poplatkem a \u00fasp\u011b\u0161nostn\u00ed odm\u011bnou. Pro v\u00edce informac\u00ed n\u00e1s nev\u00e1hejte kontaktovat.<\/div>\n\t\t\t<\/div>\n\t\t<\/li>\n\t\t<li class=\"txt-left\">\n\t\t\t<div class=\"plan-inner\">\n\t\t\t<div class=\"plan-header\">\n\t\t\t<h4 class=\"plan-title\">Sestavov\u00e1n\u00ed smluv<\/h4>\n\t\t\t<div class=\"plan-price\"><span class=\"price-value\">od<\/span><span class=\"price-figure\">$500<\/span><span class=\"price-value\">do $2,000 nebo v\u00edce<\/span><span class=\"price-tax\"><\/span><\/div>\n\t\t\t<\/div>\n\t\t\t<div class=\"plan-body\">Cenov\u00e1 struktura se m\u016f\u017ee li\u0161it v z\u00e1vislosti na typu a mno\u017estv\u00ed smluv. R\u00e1di v\u00e1m poskytneme p\u0159edb\u011b\u017en\u00fd odhad na vy\u017e\u00e1d\u00e1n\u00ed, proto n\u00e1s nev\u00e1hejte kontaktovat pro dal\u0161\u00ed informace.<\/div>\n\t\t\t<\/div>\n\t\t<\/li>\n\t\t<li class=\"txt-left\">\n\t\t\t<div class=\"plan-inner\">\n\t\t\t<div class=\"plan-header\">\n\t\t\t<h4 class=\"plan-title\">Dal\u0161\u00ed slu\u017eby<\/h4>\n\t\t\t<div class=\"plan-price\"><span class=\"price-figure\">Kontaktujte n\u00e1s<\/span><\/div>\n\t\t\t<\/div>\n\t\t\t<div class=\"plan-body\">Nab\u00edz\u00edme \u0161irokou \u0161k\u00e1lu slu\u017eeb v\u010detn\u011b zakl\u00e1d\u00e1n\u00ed spole\u010dnost\u00ed, p\u0159ezkumu smluv, pr\u00e1vn\u00edch stanovisek, p\u0159ezkumu p\u0159\u00edpad\u016f nebo v\u00fdzkumn\u00fdch dopis\u016f. Pokud m\u00e1te jak\u00e9koli dotazy nebo obavy, srde\u010dn\u011b v\u00e1s zveme, abyste n\u00e1s kontaktovali a n\u00e1\u0161 zku\u0161en\u00fd t\u00fdm v\u00e1m r\u00e1d pom\u016f\u017ee.<\/div>\n\t\t\t<\/div>\n\t\t\t<\/div>\n\t\t<\/li>\n\t<\/ul>\n\t<\/div>\n\t<\/div>\n<\/section>\n\n<section class=\"white-section\">\n\t<div class=\"section-inner\">\n\t\t<div class=\"btn-area\">\n\t\t\t<div class=\"btn icon-contact\"><a href=\"\/cs\/contact\">Kontaktujte n\u00e1s<\/a><\/div>\n\t\t<\/div>\n\t<\/div>\n<\/section>\n","protected":false},"excerpt":{"rendered":"<p>Identifikace pomlouva\u010dn\u00e9ho prohl\u00e1\u0161en\u00ed Podle japonsk\u00e9ho pr\u00e1va, pokud spole\u010dnost nebo jednotlivec utrp\u00ed pomluvu nebo poru\u0161en\u00ed soukrom\u00ed od anonymn\u00edho u\u017eivatele na internetu, je mo\u017en\u00e9 identifikovat anonym [&hellip;]<\/p>\n","protected":false},"author":1,"featured_media":57174,"parent":0,"menu_order":7,"comment_status":"closed","ping_status":"closed","template":"other-page-temp.php","meta":{"footnotes":""},"acf":[],"_links":{"self":[{"href":"https:\/\/monolith.law\/cs\/wp-json\/wp\/v2\/pages\/30684"}],"collection":[{"href":"https:\/\/monolith.law\/cs\/wp-json\/wp\/v2\/pages"}],"about":[{"href":"https:\/\/monolith.law\/cs\/wp-json\/wp\/v2\/types\/page"}],"author":[{"embeddable":true,"href":"https:\/\/monolith.law\/cs\/wp-json\/wp\/v2\/users\/1"}],"replies":[{"embeddable":true,"href":"https:\/\/monolith.law\/cs\/wp-json\/wp\/v2\/comments?post=30684"}],"version-history":[{"count":31,"href":"https:\/\/monolith.law\/cs\/wp-json\/wp\/v2\/pages\/30684\/revisions"}],"predecessor-version":[{"id":62752,"href":"https:\/\/monolith.law\/cs\/wp-json\/wp\/v2\/pages\/30684\/revisions\/62752"}],"wp:featuredmedia":[{"embeddable":true,"href":"https:\/\/monolith.law\/cs\/wp-json\/wp\/v2\/media\/57174"}],"wp:attachment":[{"href":"https:\/\/monolith.law\/cs\/wp-json\/wp\/v2\/media?parent=30684"}],"curies":[{"name":"wp","href":"https:\/\/api.w.org\/{rel}","templated":true}]}}