{"id":31,"date":"2023-11-13T16:37:44","date_gmt":"2023-11-13T07:37:44","guid":{"rendered":"https:\/\/monolith.law\/article\/?page_id=7"},"modified":"2024-12-13T14:40:03","modified_gmt":"2024-12-13T05:40:03","slug":"contact","status":"publish","type":"page","link":"https:\/\/monolith.law\/cs\/contact","title":{"rendered":"Kontaktujte n\u00e1s"},"content":{"rendered":"\n<section class=\"heading-area\">\n\t<div class=\"heading-area-inner\">\n\t\t<h2 class=\"icon-contact\">Kontaktujte n\u00e1s<\/h2>\n\t<\/div>\n<\/section>\n<section class=\"white-section\">\n\t<div class=\"section-inner border-bottom-section pdt0\">\n\t\t<p class=\"mgb-small\">MONOLITH LAW OFFICE je pr\u00e1vn\u00ed kancel\u00e1\u0159 v Otemachi, Tokio, kter\u00e1 se zam\u011b\u0159uje na pr\u00e1vn\u00ed slu\u017eby souvisej\u00edc\u00ed s IT, internetem a podnik\u00e1n\u00edm. Pod veden\u00edm na\u0161eho z\u00e1stupce pr\u00e1vn\u00edka, b\u00fdval\u00e9ho IT in\u017een\u00fdra s zku\u0161enostmi v podnikov\u00e9m managementu, poskytujeme pr\u00e1vn\u00ed poradenstv\u00ed IT a startupov\u00fdm spole\u010dnostem a dal\u0161\u00edm spole\u010dnostem v souvislosti s po\u0161kozen\u00edm reputace, v\u00fdvojem syst\u00e9m\u016f, du\u0161evn\u00edm vlastnictv\u00edm a dal\u0161\u00edmi pr\u00e1vn\u00edmi z\u00e1le\u017eitostmi.<\/p>\n\t\t<p class=\"mgb-middle\">Nev\u00e1hejte n\u00e1s kontaktovat pro pr\u00e1vn\u00ed poradenstv\u00ed, z\u00e1le\u017eitosti souvisej\u00edc\u00ed s po\u0161kozen\u00edm reputace a r\u016fzn\u00e9 dal\u0161\u00ed konzultace, stejn\u011b jako po\u017eadavky na rozhovory, publikace a medi\u00e1ln\u00ed z\u00e1le\u017eitosti.<\/p>\n\t\t<p>*P\u0159ed odesl\u00e1n\u00edm va\u0161\u00ed zpr\u00e1vy si pros\u00edm p\u0159e\u010dt\u011bte a souhlas\u00edte s na\u0161\u00ed <a href=\"\/en\/privacypolicy\" target=\"_blank\" rel=\"noreferrer noopener\" title=\"\">Z\u00e1sadami ochrany osobn\u00edch \u00fadaj\u016f<\/a>.<\/p>\n<\/div>\n<\/section>\n\n\n<div class=\"wpcf7 no-js\" id=\"wpcf7-f4400-o1\" lang=\"ja\" dir=\"ltr\">\n<div class=\"screen-reader-response\"><p role=\"status\" aria-live=\"polite\" aria-atomic=\"true\"><\/p> <ul><\/ul><\/div>\n<form action=\"\/cs\/wp-json\/wp\/v2\/pages\/31#wpcf7-f4400-o1\" method=\"post\" class=\"wpcf7-form init\" aria-label=\"\u30b3\u30f3\u30bf\u30af\u30c8\u30d5\u30a9\u30fc\u30e0\" novalidate=\"novalidate\" data-status=\"init\">\n<div style=\"display: none;\">\n<input type=\"hidden\" name=\"_wpcf7\" value=\"4400\" \/>\n<input type=\"hidden\" name=\"_wpcf7_version\" value=\"5.8\" \/>\n<input type=\"hidden\" name=\"_wpcf7_locale\" value=\"ja\" \/>\n<input type=\"hidden\" name=\"_wpcf7_unit_tag\" value=\"wpcf7-f4400-o1\" \/>\n<input type=\"hidden\" name=\"_wpcf7_container_post\" value=\"0\" \/>\n<input type=\"hidden\" name=\"_wpcf7_posted_data_hash\" value=\"\" \/>\n<input type=\"hidden\" name=\"_wpcf7_recaptcha_response\" value=\"\" \/>\n<\/div>\n<section class=\"white-section\">\n\t<div class=\"section-inner\">\n\t\t<div class=\"contact-content\">\n\t\t\t<dl>\n\t\t\t\t<dt>\n\t\t\t\t\t<p><span class=\"label\">Name<\/span><span class=\"required\">Required<\/span>\n\t\t\t\t\t<\/p>\n\t\t\t\t<\/dt>\n\t\t\t\t<dd>\n\t\t\t\t\t<p><span class=\"wpcf7-form-control-wrap\" data-name=\"your-name\"><input size=\"40\" class=\"wpcf7-form-control wpcf7-text wpcf7-validates-as-required\" id=\"name\" aria-required=\"true\" aria-invalid=\"false\" value=\"\" type=\"text\" name=\"your-name\" \/><\/span>\n\t\t\t\t\t<\/p>\n\t\t\t\t<\/dd>\n\t\t\t<\/dl>\n\t\t\t<dl>\n\t\t\t\t<dt>\n\t\t\t\t\t<p><span class=\"label\">Email address<\/span><span class=\"required\">Required<\/span>\n\t\t\t\t\t<\/p>\n\t\t\t\t<\/dt>\n\t\t\t\t<dd>\n\t\t\t\t\t<p><span class=\"wpcf7-form-control-wrap\" data-name=\"your-email\"><input size=\"40\" class=\"wpcf7-form-control wpcf7-email wpcf7-validates-as-required wpcf7-text wpcf7-validates-as-email\" id=\"email\" aria-required=\"true\" aria-invalid=\"false\" value=\"\" type=\"email\" name=\"your-email\" \/><\/span>\n\t\t\t\t\t<\/p>\n\t\t\t\t<\/dd>\n\t\t\t<\/dl>\n\t\t\t<dl>\n\t\t\t\t<dt>\n\t\t\t\t\t<p><span class=\"label\">Subject<\/span><span class=\"required\">Required<\/span>\n\t\t\t\t\t<\/p>\n\t\t\t\t<\/dt>\n\t\t\t\t<dd>\n\t\t\t\t\t<p><span class=\"wpcf7-form-control-wrap\" data-name=\"your-subject\"><input size=\"40\" class=\"wpcf7-form-control wpcf7-text wpcf7-validates-as-required\" aria-required=\"true\" aria-invalid=\"false\" value=\"\" type=\"text\" name=\"your-subject\" \/><\/span>\n\t\t\t\t\t<\/p>\n\t\t\t\t<\/dd>\n\t\t\t<\/dl>\n\t\t\t<dl>\n\t\t\t\t<dt>\n\t\t\t\t\t<p><span class=\"label\">Contents<\/span><span class=\"required\">Required<\/span>\n\t\t\t\t\t<\/p>\n\t\t\t\t<\/dt>\n\t\t\t\t<dd>\n\t\t\t\t\t<p><span class=\"wpcf7-form-control-wrap\" data-name=\"your-info\"><textarea cols=\"40\" rows=\"10\" class=\"wpcf7-form-control wpcf7-textarea wpcf7-validates-as-required\" id=\"info\" aria-required=\"true\" aria-invalid=\"false\" name=\"your-info\"><\/textarea><\/span>\n\t\t\t\t\t<\/p>\n\t\t\t\t<\/dd>\n\t\t\t<\/dl>\n\t\t\t<div class=\"submit-button\">\n\t\t\t\t<p><input class=\"wpcf7-form-control wpcf7-submit has-spinner\" type=\"submit\" value=\"Send\" \/>\n\t\t\t\t<\/p>\n\t\t\t<\/div>\n\t\t<\/div>\n\t\t<p><script>\ndocument.addEventListener( 'wpcf7mailsent', function( event ) {\n location = 'https:\/\/monolith.law\/cs\/contact\/thanks';\n}, false );\n<\/script>\n\t\t<\/p>\n\t<\/div>\n<\/section><div class=\"wpcf7-response-output\" aria-hidden=\"true\"><\/div>\n<\/form>\n<\/div>\n\n<!--\n<section class=\"white-section\">\n\t<div class=\"section-inner pdt0\">\n\t\t<h3>Poskytov\u00e1n\u00ed pr\u00e1vn\u00edch slu\u017eeb<br class=\"spOnly\">spole\u010dnostem a jednotlivc\u016fm po cel\u00e9m Japonsku<br class=\"spOnly\"> jako vysoce specializovan\u00e1 pr\u00e1vn\u00ed kancel\u00e1\u0159.<\/h3>\n\t\t<div class=\"max-width1000 txt-left\">\n\t\t\t<p class=\"txt-purple2 txt-l\">M\u00edsta klient\u016f, kter\u00fdm jsme dosud poskytli slu\u017eby<\/p>\n\t\t\t<p class=\"txt-s\">\u203bP\u0159ij\u00edm\u00e1me tak\u00e9 \u017e\u00e1dosti z ostatn\u00edch prefektur v Japonsku.<\/p>\n\t\t\t<div class=\"contact-map max-width860\"><img decoding=\"async\" src=\"\/wp-content\/themes\/monolith2021\/img\/contact\/contact_map.png\" alt=\"M\u00edsta klient\u016f, kter\u00fdm jsme dosud poskytli slu\u017eby\"><\/div>\n\t\t<\/div>\n\t<\/div>\n<\/section>\n-->\n","protected":false},"excerpt":{"rendered":"<p>Kontaktujte n\u00e1s MONOLITH LAW OFFICE je pr\u00e1vn\u00ed kancel\u00e1\u0159 v Otemachi, Tokio, kter\u00e1 se zam\u011b\u0159uje na pr\u00e1vn\u00ed slu\u017eby souvisej\u00edc\u00ed s IT, internetem a podnik\u00e1n\u00edm. Pod veden\u00edm na\u0161eho z\u00e1stupce pr\u00e1vn\u00edka, b\u00fdval\u00e9ho I [&hellip;]<\/p>\n","protected":false},"author":1,"featured_media":57134,"parent":0,"menu_order":11,"comment_status":"closed","ping_status":"closed","template":"other-page-temp.php","meta":{"footnotes":""},"acf":[],"_links":{"self":[{"href":"https:\/\/monolith.law\/cs\/wp-json\/wp\/v2\/pages\/31"}],"collection":[{"href":"https:\/\/monolith.law\/cs\/wp-json\/wp\/v2\/pages"}],"about":[{"href":"https:\/\/monolith.law\/cs\/wp-json\/wp\/v2\/types\/page"}],"author":[{"embeddable":true,"href":"https:\/\/monolith.law\/cs\/wp-json\/wp\/v2\/users\/1"}],"replies":[{"embeddable":true,"href":"https:\/\/monolith.law\/cs\/wp-json\/wp\/v2\/comments?post=31"}],"version-history":[{"count":18,"href":"https:\/\/monolith.law\/cs\/wp-json\/wp\/v2\/pages\/31\/revisions"}],"predecessor-version":[{"id":64808,"href":"https:\/\/monolith.law\/cs\/wp-json\/wp\/v2\/pages\/31\/revisions\/64808"}],"wp:featuredmedia":[{"embeddable":true,"href":"https:\/\/monolith.law\/cs\/wp-json\/wp\/v2\/media\/57134"}],"wp:attachment":[{"href":"https:\/\/monolith.law\/cs\/wp-json\/wp\/v2\/media?parent=31"}],"curies":[{"name":"wp","href":"https:\/\/api.w.org\/{rel}","templated":true}]}}