{"id":31513,"date":"2023-11-05T23:20:32","date_gmt":"2023-11-05T14:20:32","guid":{"rendered":"https:\/\/monolith.law\/?page_id=31513"},"modified":"2024-02-21T16:54:17","modified_gmt":"2024-02-21T07:54:17","slug":"m-and-a-of-sns-accounts","status":"publish","type":"page","link":"https:\/\/monolith.law\/cs\/m-and-a-of-sns-accounts","title":{"rendered":"F\u00faze a akvizice \u00fa\u010dt\u016f na soci\u00e1ln\u00edch s\u00edt\u00edch"},"content":{"rendered":"\n<section class=\"heading-area\">\n\t<div class=\"heading-area-inner\">\n\t\t<h2 class=\"icon-m-and-a-of-sns-accounts\">F\u00faze a akvizice \u00fa\u010dt\u016f na soci\u00e1ln\u00edch s\u00edt\u00edch<\/h2>\n\t\t<p>F\u00faze a akvizice (M&amp;A) kan\u00e1l\u016f na YouTube a \u00fa\u010dt\u016f na Twitteru jsou vysoce specializovanou oblast\u00ed, kter\u00e1 vy\u017eaduje specifick\u00e9 znalosti a know-how. Jako pr\u00e1vn\u00ed firma s odborn\u00edky na IT, internet a podnik\u00e1n\u00ed ve sv\u00e9m t\u00fdmu poskytujeme rozs\u00e1hlou podporu v t\u00e9to oblasti.<\/p>\n\t<\/div>\n<\/section>\n\n<section class=\"white-section\">\n\t<div class=\"section-inner pdt0 border-bottom-section\">\n\t\t<p>Similar to websites, YouTube channels and Twitter accounts are also subject to M&amp;A. However, because these M&amp;As are unique situations, it is necessary to hire a law firm with specialized knowledge and expertise. \nMonolith Law Office is a law firm specializing in IT, the Internet and business. Our attorneys handle every aspect of many M&amp;As, from small projects involving YouTube channels to projects worth more than 100 million yen, ranging from contract drafting to due diligence (DD).<\/p>\n\t<\/div>\n<\/section>\n\n<section class=\"second-nav\">\n\t<div class=\"second-nav-inner\">\n\t\t<p>T\u00c9MATA<\/p>\n\t\t<nav>\n\t\t\t<ul>\n\t\t\t\t<li><a href=\"#an-example-of-ma-track-record\">P\u0159\u00edklady z\u00e1znam\u016f o M&amp;A<\/a><\/li>\n\t\t\t\t<li><a href=\"#ma-special-feature-on-sns-such-as-youtube\">Speci\u00e1ln\u00ed funkce M&amp;A na soci\u00e1ln\u00edch s\u00edt\u00edch jako je YouTube<\/a><\/li>\n\t\t\t\t<li><a href=\"#responding-to-legal-due-diligence-dd\">Reakce na pr\u00e1vn\u00ed due diligence<\/a><\/li>\n\t\t\t\t<li><a href=\"#legal-due-diligence-dd-peculiarities-of-sns-etc\">Speci\u00e1ln\u00ed rysy pr\u00e1vn\u00ed due diligence pro SNS<\/a><\/li>\n\t\t\t\t<li><a href=\"#an-example-of-our-client\">P\u0159\u00edklady na\u0161ich klient\u016f<\/a><\/li>\n\t\t\t\t<li><a href=\"#book-writing-records\">Z\u00e1znamy o publikac\u00edch<\/a><\/li>\n\t\t\t\t<li><a href=\"#media-appearance-record\">Vystoupen\u00ed hosta souvisej\u00edc\u00edho s VTuberem v po\u0159adu &#8220;ABEMA Prime&#8221;<\/a><\/li>\n\t\t\t\t<li><a href=\"#monolith-law-magazine\">MONOLITH LAW MAGAZINE<\/a><\/li>\n\t\t\t\t<li><a href=\"#fee-structure\">Struktura poplatk\u016f<\/a><\/li>\n\t\t\t<\/ul>\n\t\t<\/nav>\n\t<\/div>\n<\/section>\n\n<section class=\"white-section\">\n\t<div class=\"anchor\" id=\"an-example-of-ma-track-record\"><\/div>\n\t<div class=\"section-inner\">\n\t\t<h3>P\u0159\u00edklady z\u00e1znam\u016f o M&amp;A<\/h3>\n\t\t<ul class=\"layout-column4\">\n\t\t\t<li>\n\t\t\t\t<div><img decoding=\"async\" src=\"\/wp-content\/themes\/monolith2021\/img\/practices-youtuberlaw\/practices-youtuberlaw_necessity_pic3.jpg\" alt=\"YouTube channel\"><\/div>\n\t\t\t\t<h4>YouTube kan\u00e1l<\/h4>\n\t\t\t\t<p>M\u00e1me zku\u0161enosti s f\u00fazemi a akvizicemi a due diligence transakcemi p\u0159esahuj\u00edc\u00edmi 100 milion\u016f jen\u016f, jako je p\u0159evod kan\u00e1l\u016f VTuber a anime na YouTube.<\/p>\n\t\t\t<\/li>\n\t\t\t<li>\n\t\t\t\t<div><img decoding=\"async\" src=\"\/wp-content\/themes\/monolith2021\/img\/snsmalaw\/snsmalaw_example_pic2.jpg\" alt=\"Twitter account\"><\/div>\n\t\t\t\t<h4>Twitter \u00fa\u010det<\/h4>\n\t\t\t\t<p>Zab\u00fdv\u00e1me se velk\u00fdm mno\u017estv\u00edm smluv a due diligence souvisej\u00edc\u00edch s p\u0159evodem Twitter \u00fa\u010dt\u016f poskytuj\u00edc\u00edch informace.<\/p>\n\t\t\t<\/li>\n\t\t\t<li>\n\t\t\t\t<div><img decoding=\"async\" src=\"\/wp-content\/themes\/monolith2021\/img\/snsmalaw\/snsmalaw_example_pic3.jpg\" alt=\"Instagram account\"><\/div>\n\t\t\t\t<h4>Instagram \u00fa\u010det<\/h4>\n\t\t\t\t<p>Podporujeme p\u0159evod Instagram \u00fa\u010dt\u016f jako sou\u010d\u00e1st p\u0159evodu podnik\u00e1n\u00ed vlastn\u00edch m\u00e9di\u00ed.<\/p>\n\t\t\t<\/li>\n\t\t\t<li>\n\t\t\t\t<div><img decoding=\"async\" src=\"\/wp-content\/themes\/monolith2021\/img\/snsmalaw\/snsmalaw_example_pic4.jpg\" alt=\"Other SNS\"><\/div>\n\t\t\t\t<h4>Dal\u0161\u00ed soci\u00e1ln\u00ed s\u00edt\u011b<\/h4>\n\t\t\t\t<p>M\u00e1me tak\u00e9 zku\u0161enosti a know-how t\u00fdkaj\u00edc\u00ed se dal\u0161\u00edch soci\u00e1ln\u00edch s\u00edt\u00ed a webov\u00fdch slu\u017eeb.<\/p>\n\t\t\t<\/li>\n\t\t<\/ul>\n\t<\/div>\n<\/section>\n\n<section class=\"white-section\">\n\t<div class=\"section-inner pdt0\">\n\t\t<div class=\"frame2 max-width860 txt-center-pc\">\n\t\t\t<p class=\"bold txt-l\">Pr\u00e1vn\u00ed kancel\u00e1\u0159 MONOLITH LAW OFFICE je specializovan\u00e1 na IT, internet a podnik\u00e1n\u00ed.<br class=\"pcOnly\">Poskytujeme pr\u00e1vn\u00ed slu\u017eby od sestavov\u00e1n\u00ed smluv a\u017e po due diligence (DD) pro f\u00faze a akvizice, v\u010detn\u011b YouTube kan\u00e1l\u016f,<br class=\"pcOnly\"> od mal\u00fdch obchod\u016f po transakce p\u0159esahuj\u00edc\u00ed 100 milion\u016f jen\u016f.<br class=\"pcOnly\"><\/p>\n\t\t<\/div>\n\t<\/div>\n<\/section>\n\n<section class=\"orange-section\">\n\t<div class=\"anchor\" id=\"ma-special-feature-on-sns-such-as-youtube\"><\/div>\n\t<div class=\"section-inner\">\n\t\t<h3>Speci\u00e1ln\u00ed funkce M&amp;A na soci\u00e1ln\u00edch s\u00edt\u00edch jako je YouTube<\/h3>\n\t\t<ul class=\"layout-column4\">\n\t\t\t<li>\n\t\t\t\t<div><img decoding=\"async\" src=\"\/wp-content\/themes\/monolith2021\/img\/snsmalaw\/snsmalaw_specificity_pic1.jpg\" alt=\"Pr\u00e1vn\u00ed z\u00e1le\u017eitosti IT\/Internetu\"><\/div>\n\t\t\t\t<h4>Pr\u00e1vn\u00ed z\u00e1le\u017eitosti IT\/Internetu<\/h4>\n\t\t\t\t<p>Bez rozs\u00e1hl\u00fdch zku\u0161enost\u00ed pr\u00e1vn\u00ed kancel\u00e1\u0159e v oblasti IT a internetu by bylo obt\u00ed\u017en\u00e9 spr\u00e1vn\u011b ur\u010dit pr\u00e1vn\u00ed kontroln\u00ed body t\u00fdkaj\u00edc\u00ed se transakce.<\/p>\n\t\t\t<\/li>\n\t\t\t<li>\n\t\t\t\t<div><img decoding=\"async\" src=\"\/wp-content\/themes\/monolith2021\/img\/snsmalaw\/snsmalaw_specificity_pic2.jpg\" alt=\"Pr\u00e1vo du\u0161evn\u00edho vlastnictv\u00ed\"><\/div>\n\t\t\t\t<h4>Pr\u00e1vo du\u0161evn\u00edho vlastnictv\u00ed<\/h4>\n\t\t\t\t<p>Pro spr\u00e1vn\u00e9 zach\u00e1zen\u00ed s pr\u00e1vy p\u0159i p\u0159evodu \u00fa\u010dt\u016f na soci\u00e1ln\u00edch s\u00edt\u00edch je vy\u017eadov\u00e1na odborn\u00e1 znalost pr\u00e1v du\u0161evn\u00edho vlastnictv\u00ed, jako jsou autorsk\u00e1 pr\u00e1va.<\/p>\n\t\t\t<\/li>\n\t\t\t<li>\n\t\t\t\t<div><img decoding=\"async\" src=\"\/wp-content\/themes\/monolith2021\/img\/snsmalaw\/snsmalaw_specificity_pic3.jpg\" alt=\"Licencov\u00e1n\u00ed atd.\"><\/div>\n\t\t\t\t<h4>Licencov\u00e1n\u00ed IP<\/h4>\n\t\t\t\t<p>Pochopen\u00ed licenc\u00ed stanoven\u00fdch t\u0159et\u00edmi stranami je z\u00e1sadn\u00ed p\u0159i \u0161\u00ed\u0159en\u00ed obsahu v r\u016fzn\u00fdch m\u00e9di\u00edch a spr\u00e1vn\u00e9 prov\u00e1d\u011bn\u00ed t\u00e9to \u010dinnosti je vysoce specializovan\u00fd \u00fakol.<\/p>\n\t\t\t<\/li>\n\t\t\t<li>\n\t\t\t\t<div><img decoding=\"async\" src=\"\/wp-content\/themes\/monolith2021\/img\/snsmalaw\/snsmalaw_specificity_pic4.jpg\" alt=\"Podm\u00ednky a sm\u011brnice\"><\/div>\n\t\t\t\t<h4>Podm\u00ednky<\/h4>\n\t\t\t\t<p>Nap\u0159\u00edklad proces Due Diligence (DD) pro kan\u00e1ly na YouTube vy\u017eaduje znalost terminologie a tak\u00e9 neust\u00e1l\u00e9 sledov\u00e1n\u00ed nejnov\u011bj\u0161\u00edch verz\u00ed r\u016fzn\u00fdch sm\u011brnic.<\/p>\n\t\t\t<\/li>\n\t\t<\/ul>\n\t<\/div>\n<\/section>\n\n<section class=\"white-section\">\n\t<div class=\"anchor\" id=\"responding-to-legal-due-diligence-dd\"><\/div>\n\t<div class=\"section-inner\">\n\t\t<div class=\"flex reverse\">\n\t\t\t<div class=\"width41\"><img decoding=\"async\" src=\"\/wp-content\/themes\/monolith2021\/img\/pic\/pic_legalduediligence.jpg\" alt=\"Reakce na pr\u00e1vn\u00ed due diligence (DD)\"><\/div>\n\t\t\t<div class=\"width51\">\n\t\t\t\t<h3>Reakce na pr\u00e1vn\u00ed due diligence<\/h3>\n\t\t\t\t<p class=\"mgb-small\">P\u0159evod podnik\u00e1n\u00ed \u00fa\u010dt\u016f na soci\u00e1ln\u00edch s\u00edt\u00edch, jako jsou kan\u00e1ly na YouTube a Twitter, stejn\u011b jako p\u0159evod akci\u00ed spole\u010dnost\u00ed, kter\u00e9 je vlastn\u00ed, jsou smlouvy, kter\u00e9 v n\u011bkter\u00fdch p\u0159\u00edpadech vy\u017eaduj\u00ed pr\u00e1vn\u00ed prov\u011brku (DD), stejn\u011b jako takzvan\u00e9 b\u011b\u017en\u00e9 transakce spojen\u00e9 s f\u00fazemi a akvizicemi (M&amp;A).<\/p>\n\t\t\t\t<p class=\"mgb-small\">Na\u0161e pr\u00e1vn\u00ed kancel\u00e1\u0159 MONOLITH LAW OFFICE se tak\u00e9 zab\u00fdv\u00e1 p\u0159\u00edpravou zpr\u00e1v o pr\u00e1vn\u00ed prov\u011brce (DD) pro takov\u00e9 vysoce specializovan\u00e9 transakce M&amp;A.<\/p>\n\t\t\t\t<p class=\"txt-s\">* V p\u0159\u00edpad\u011b vytv\u00e1\u0159en\u00ed zpr\u00e1vy o DD jsou pracovn\u00ed hodiny pr\u00e1vn\u00edka v z\u00e1sad\u011b 30 hodin nebo v\u00edce.<\/p>\n\t\t\t<\/div>\n\t\t<\/div>\n\t<\/div>\n<\/section>\n\n<section class=\"white-section\">\n\t<div class=\"anchor\" id=\"legal-due-diligence-dd-peculiarities-of-sns-etc\"><\/div>\n\t<div class=\"section-inner-black\">\n\t\t<h3><br class=\"spOnly\">Speci\u00e1ln\u00ed rysy pr\u00e1vn\u00ed due diligence pro SNS<\/h3>\n\t\t<p class=\"mgb-small\">P\u0159i prov\u00e1d\u011bn\u00ed due diligence pro f\u00faze a akvizice (M&amp;A) kan\u00e1lu na YouTube je nap\u0159\u00edklad nutn\u00e9 zohlednit legalitu publikovan\u00fdch vide\u00ed na kan\u00e1lu, stejn\u011b jako jejich soulad s podm\u00ednkami slu\u017eby YouTube a r\u016fzn\u00fdmi sm\u011brnicemi. Vznik t\u011bchto probl\u00e9m\u016f m\u016f\u017ee v\u00e9st k odstran\u011bn\u00ed ve\u0159ejn\u00fdch vide\u00ed a v nejhor\u0161\u00edm p\u0159\u00edpad\u011b k zaveden\u00ed opat\u0159en\u00ed, jako je pozastaven\u00ed \u00fa\u010dtu, co\u017e m\u016f\u017ee v\u00e9st k nespr\u00e1vn\u00e9mu pochopen\u00ed hodnoty kan\u00e1lu.<\/p>\n\t\t<p class=\"mgb-small\">K tomu je vy\u017eadov\u00e1na pr\u00e1vn\u00ed znalost v r\u016fzn\u00fdch oblastech, v\u010detn\u011b autorsk\u00fdch pr\u00e1v k objekt\u016fm a hudb\u011b pou\u017eit\u00e9 ve vide\u00edch, pr\u00e1v k portr\u00e9tu a pr\u00e1v na soukrom\u00ed souvisej\u00edc\u00edch s vzhledem osob a reklamn\u00edch p\u0159edpis\u016f, kter\u00e9 mohou b\u00fdt problematick\u00e9 p\u0159i p\u0159edstavov\u00e1n\u00ed kosmetiky a zdravotn\u00edch potravin. Je z\u00e1sadn\u00ed porozum\u011bt podm\u00ednk\u00e1m pou\u017eit\u00ed a r\u016fzn\u00fdm sm\u011brnic\u00edm, stejn\u011b jako z\u016fstat v aktu\u00e1ln\u00edm kontaktu s nejnov\u011bj\u0161\u00ed verz\u00ed.<\/p>\n\t\t<p class=\"mgb-middle\">Nav\u00edc, proto\u017ee podm\u00ednky pou\u017eit\u00ed a sm\u011brnice jsou vytv\u00e1\u0159eny dobrovoln\u011b, je nezbytn\u00e9 naj\u00edt pr\u00e1vn\u00ed kancel\u00e1\u0159, kter\u00e1 se specializuje na tuto oblast.<\/p>\n\n\n\n\t<\/div>\n<\/section>\n\n<section class=\"white-section\">\n\t<div class=\"anchor\" id=\"an-example-of-our-client\"><\/div>\n\t<div class=\"section-inner\">\n\t\t<h3>P\u0159\u00edklady na\u0161ich klient\u016f<\/h3>\n\t\t<ul class=\"layout-column4 mgb-middle\">\n\t\t\t<li>\n\t\t\t\t<div><img decoding=\"async\" src=\"\/wp-content\/themes\/monolith2021\/img\/clients\/logo_zizai.png\" alt=\"ZIZAI\"><\/div>\n\t\t\t\t<h4><a href=\"https:\/\/zizai.co.jp\/\" target=\"_blank\" rel=\"noopener noreferrer\">ZIZAI Inc.<\/a><\/h4>\n\t\t\t\t<p>Pro spole\u010dnost ZIZAI Inc., kter\u00e1 provozuje VTuber\/virtu\u00e1ln\u00edho YouTubera Miraiakari a v\u00fdukov\u00fd kan\u00e1l o pachinku a automatech Sulopachi Station, zaji\u0161\u0165ujeme projekt.<\/p>\n\t\t\t<\/li>\n\t\t\t<li>\n\t\t\t\t<div><img decoding=\"async\" src=\"\/wp-content\/themes\/monolith2021\/img\/clients\/logo_plott.png\" alt=\"Plott Inc.\"><\/div>\n\t\t\t\t<h4><a href=\"https:\/\/plott.tokyo\/\" target=\"_blank\" rel=\"noopener noreferrer\">Plott Inc.<\/a><\/h4>\n\t\t\t\t<p>Pro spole\u010dnost Plott Co., Ltd., kter\u00e1 spravuje anime YouTube kan\u00e1ly jako &#8220;Teikou Penguin&#8221;, &#8220;KAREKORE of MIXED BLOOD&#8221;, &#8220;Grim Reaper Flag Chan!&#8221; a &#8220;Yaruminati&#8221;, zaji\u0161\u0165ujeme projekt.<\/p>\n\t\t\t<\/li>\n\t\t\t<li>\n\t\t\t\t<div><img decoding=\"async\" src=\"\/wp-content\/themes\/monolith2021\/img\/clients\/logo_algorithm.png\" alt=\"Algorithm\"><\/div>\n\t\t\t\t<h4><a href=\"https:\/\/algorithms.co.jp\/\" target=\"_blank\" rel=\"noopenerrnoreferrer noopener\">Algorithm Inc.<\/a><\/h4>\n\t\t\t\t<p>Pro spole\u010dnost Algorithm Inc., jej\u00ed\u017e hlavn\u00ed \u010dinnost\u00ed je z\u00edsk\u00e1v\u00e1n\u00ed a aktivace affiliate m\u00e9di\u00ed a provozov\u00e1n\u00ed web\u016f &#8220;feely&#8221; a &#8220;tabiyori&#8221;, zaji\u0161\u0165ujeme projekt.<\/p>\n\t\t\t<\/li>\n\t\t\t<li>\n\t\t\t\t<div><img decoding=\"async\" src=\"\/wp-content\/themes\/monolith2021\/img\/clients\/logo_mediano.png\" alt=\"Mediano\"><\/div>\n\t\t\t\t<h4><a href=\"https:\/\/mediano-ltd.co.jp\/\" target=\"_blank\" rel=\"noopener noreferrer\">Mediano Co., Ltd.<\/a><\/h4>\n\t\t\t\t<p>Krom\u011b aplikac\u00ed pro smartphony zaji\u0161\u0165ujeme projekt pro spole\u010dnost Mediano Co., Ltd., jej\u00ed\u017e hlavn\u00ed \u010dinnost\u00ed jsou transakce M&amp;A, kter\u00e9 realizuj\u00ed spolupr\u00e1ci vyu\u017e\u00edvaj\u00edc\u00ed siln\u00e9 str\u00e1nky obou stran a tak\u00e9 z\u00edsk\u00e1v\u00e1n\u00ed medi\u00e1ln\u00edho obsahu p\u0159ipraven\u00e9ho k p\u0159evodu.<\/p>\n\t\t\t<\/li>\n\t\t<\/ul>\n\t\t<p class=\"txt-s\">*Zaji\u0161\u0165ujeme tak\u00e9 projekty pro mnoho dal\u0161\u00edch klient\u016f. Zde jsou uvedeny pouze spole\u010dnosti, kter\u00e9 n\u00e1m daly svolen\u00ed k zve\u0159ejn\u011bn\u00ed informac\u00ed o obchodn\u00edm partnerstv\u00ed. V souladu s povinnost\u00ed ml\u010denlivosti je fakt, \u017ee jste na\u0161\u00edm klientem, p\u0159\u00edsn\u011b d\u016fv\u011brn\u00fd.<\/p>\n\t<\/div>\n<\/section>\n\n<section class=\"white-section\">\n\t<div class=\"section-inner\">\n\t\t<div class=\"frame2 max-width860 txt-center-pc\">\n\t\t\t<p class=\"bold txt-l mgb-small\">Publika\u010dn\u00ed aktivity v oblasti pr\u00e1vn\u00edch z\u00e1le\u017eitost\u00ed YouTuber\u016f \/ VTuber\u016f<\/p>\n\t\t\t<p>Pr\u00e1vn\u00ed z\u00e1le\u017eitosti YouTuber\u016f\/VTuber\u016f jsou vysoce specializovan\u00fdm oborem. N\u00e1\u0161 hlavn\u00ed pr\u00e1vn\u00ed z\u00e1stupce Toki Kawase se tak\u00e9 v\u011bnuje publika\u010dn\u00edm aktivit\u00e1m souvisej\u00edc\u00edm s t\u011bmito t\u00e9maty.<\/p>\n\t\t<\/div>\n\t<\/div>\n<\/section>\n<section class=\"orange-section\">\n\t<div class=\"anchor\" id=\"book-writing-records\"><\/div>\n\t<div class=\"section-inner\">\n\t\t<div class=\"flex reverse\">\n\t\t\t<div class=\"width41\"><img decoding=\"async\" src=\"\/wp-content\/uploads\/2022\/07\/it_law_book.jpg\" alt=\"Publika\u010dn\u00ed \u00fasp\u011bchy pr\u00e1vn\u00edka siln\u00e9ho v oblasti pr\u00e1vn\u00edch z\u00e1le\u017eitost\u00ed souvisej\u00edc\u00edch se soci\u00e1ln\u00edmi s\u00edt\u011bmi jako YouTube\"><\/div>\n\t\t\t<div class=\"width51\">\n\t\t\t\t<h3>Publika\u010dn\u00ed \u010dinnost jako pr\u00e1vn\u00edk specializuj\u00edc\u00ed se na pr\u00e1vn\u00ed z\u00e1le\u017eitosti SNS, v\u010detn\u011b YouTube<\/h3>\n\t\t\t\t<p>Kniha &#8220;IT pr\u00e1vn\u00edk, pros\u00edm, \u0159ekn\u011bte n\u00e1m o z\u00e1konech a podm\u00ednk\u00e1ch YouTube&#8221; (Shodensha, 30. \u010dervence 2022) byla publikov\u00e1na s c\u00edlem vysv\u011btlit pravidla a podm\u00ednky souvisej\u00edc\u00ed s YouTube pro za\u010d\u00e1te\u010dn\u00edky. Ve form\u00e1tu ot\u00e1zek a odpov\u011bd\u00ed kniha vysv\u011btluje, jak vytv\u00e1\u0159et r\u016fzn\u00e9 smlouvy a kontroln\u00ed body pro ka\u017ed\u00e9 t\u00e9ma, od smluv, kter\u00e9 jsou p\u0159edpokladem pro f\u00faze a akvizice, a\u017e po smlouvy o p\u0159evodu podnik\u00e1n\u00ed.<\/p>\n\t\t\t<\/div>\n\t\t<\/div>\n\t<\/div>\n<\/section>\n<section class=\"white-section\">\n\t<div class=\"anchor\" id=\"media-appearance-record\"><\/div>\n\t<div class=\"section-inner\">\n\t\t<div class=\"flex\">\n\t\t\t<div class=\"width41\"><img decoding=\"async\" src=\"\/wp-content\/themes\/monolith2021\/img\/practices-youtuberlaw\/practices-youtuberlaw_pic2.jpg\"><\/div>\n\t\t\t<div class=\"width51\">\n\t\t\t\t<h3>Vystoupen\u00ed hosta souvisej\u00edc\u00edho s VTuberem v po\u0159adu &#8220;ABEMA Prime&#8221;<\/h3>\n\t\t\t\t<p>V po\u0159adu &#8220;ABEMA Prime&#8221;, kter\u00fd byl vys\u00edl\u00e1n 16. \u00fanora a 20. kv\u011btna 2022, n\u00e1\u0161 z\u00e1stupuj\u00edc\u00ed pr\u00e1vn\u00edk Toki Kawase komentoval pr\u00e1vn\u00ed ot\u00e1zky, jako je soukrom\u00ed VTuber\u016f a kontroverzn\u00ed influenceri, kte\u0159\u00ed zp\u016fsobuj\u00ed rozruch na internetu.<\/p>\n\t\t\t<\/div>\n\t\t<\/div>\n\t<\/div>\n<\/section>\n\n<section class=\"purple2-section\">\n\t<div class=\"anchor\" id=\"monolith-law-magazine\"><\/div>\n\t<div class=\"section-inner\">\n\t\t    <section class=\"white-section temp-article\">\n        <div class=\"section-inner\">\n            <h4>MONOLITH LAW MAGAZINE<\/h4>\n            <div class=\"articles type_practice_column\">\n                                                                    <div class=\"article article-area\">\n                        <figure>\n                            <div class=\"img-wrap\">\n                                <img alt=\"Akvizice a p\u0159evod podnik\u00e1n\u00ed Virtual YouTuber - VTuber\" src=\"https:\/\/monolith.law\/cs\/wp-content\/uploads\/sites\/34\/2023\/12\/youtuber-vtubervirtual-youtuber-ma-1.jpg\" width=\"500\" height=\"250\">\n                            <\/div>\n                            <figcaption>\n                                <div class=\"figcaption-inner\">\n                                    <h3>Akvizice a p\u0159evod podnik\u00e1n\u00ed Virtual YouTuber - VTuber<\/h3>\n                                <\/div>\n                            <\/figcaption>\n                            <a href=\"https:\/\/monolith.law\/cs\/internet\/virtual-youtuber-ma\"><\/a>\n                        <\/figure>\n                    <\/div>\n                                                    <div class=\"article article-area\">\n                        <figure>\n                            <div class=\"img-wrap\">\n                                <img alt=\"Co je to p\u0159evod podnik\u00e1n\u00ed YouTuber a smlouva o managementu po p\u0159evodu?\" src=\"https:\/\/monolith.law\/cs\/wp-content\/uploads\/sites\/34\/2024\/01\/youtuber-business-transfer-Management-contract-i-1.jpeg\" width=\"500\" height=\"250\">\n                            <\/div>\n                            <figcaption>\n                                <div class=\"figcaption-inner\">\n                                    <h3>Co je to p\u0159evod podnik\u00e1n\u00ed YouTuber a smlouva o managementu po p\u0159evodu?<\/h3>\n                                <\/div>\n                            <\/figcaption>\n                            <a href=\"https:\/\/monolith.law\/cs\/internet\/youtuber-business-transfer-management-contract\"><\/a>\n                        <\/figure>\n                    <\/div>\n                                            <\/div>\n            <div class=\"btn-more\"><a href=\"https:\/\/monolith.law\/cs\/tag\/m-and-a-of-sns-accounts\">Read More<\/a><\/div>\n        <\/div>\n    <\/section>\n\t<\/div>\n<\/section>\n\n<section class=\"orange2-section\">\n\t<div class=\"anchor\" id=\"fee-structure\"><\/div>\n\t<div class=\"section-inner\">\n\t<div class=\"planWrap\">\n\t<h3>Struktura poplatk\u016f<\/h3>\n\t<ul class=\"plan\">\n\t\t<li class=\"txt-left\">\n\t\t\t<div class=\"plan-inner\">\n\t\t\t<div class=\"plan-header\">\n\t\t\t<h4 class=\"plan-title\">Hodinov\u00e1 sazba<\/h4>\n\t\t\t<div class=\"plan-price\"><span class=\"price-figure\">$300<\/span>za hodinu<span class=\"price-tax\"><\/span><\/div>\n\t\t\t<\/div>\n\t\t\t<div class=\"plan-body\">V ur\u010dit\u00fdch p\u0159\u00edpadech m\u016f\u017eeme zv\u00e1\u017eit p\u0159ijet\u00ed sporu nebo soudn\u00edho \u0159\u00edzen\u00ed s po\u010d\u00e1te\u010dn\u00edm poplatkem a \u00fasp\u011b\u0161nostn\u00ed odm\u011bnou. Pro v\u00edce informac\u00ed n\u00e1s nev\u00e1hejte kontaktovat.<\/div>\n\t\t\t<\/div>\n\t\t<\/li>\n\t\t<li class=\"txt-left\">\n\t\t\t<div class=\"plan-inner\">\n\t\t\t<div class=\"plan-header\">\n\t\t\t<h4 class=\"plan-title\">Sestavov\u00e1n\u00ed smluv<\/h4>\n\t\t\t<div class=\"plan-price\"><span class=\"price-value\">od<\/span><span class=\"price-figure\">$500<\/span><span class=\"price-value\">do $2,000 nebo v\u00edce<\/span><span class=\"price-tax\"><\/span><\/div>\n\t\t\t<\/div>\n\t\t\t<div class=\"plan-body\">Cenov\u00e1 struktura se m\u016f\u017ee li\u0161it v z\u00e1vislosti na typu a mno\u017estv\u00ed smluv. R\u00e1di v\u00e1m poskytneme p\u0159edb\u011b\u017en\u00fd odhad na vy\u017e\u00e1d\u00e1n\u00ed, proto n\u00e1s nev\u00e1hejte kontaktovat pro dal\u0161\u00ed informace.<\/div>\n\t\t\t<\/div>\n\t\t<\/li>\n\t\t<li class=\"txt-left\">\n\t\t\t<div class=\"plan-inner\">\n\t\t\t<div class=\"plan-header\">\n\t\t\t<h4 class=\"plan-title\">Dal\u0161\u00ed slu\u017eby<\/h4>\n\t\t\t<div class=\"plan-price\"><span class=\"price-figure\">Kontaktujte n\u00e1s<\/span><\/div>\n\t\t\t<\/div>\n\t\t\t<div class=\"plan-body\">Nab\u00edz\u00edme \u0161irokou \u0161k\u00e1lu slu\u017eeb v\u010detn\u011b zakl\u00e1d\u00e1n\u00ed spole\u010dnost\u00ed, p\u0159ezkumu smluv, pr\u00e1vn\u00edch stanovisek, p\u0159ezkumu p\u0159\u00edpad\u016f nebo v\u00fdzkumn\u00fdch dopis\u016f. Pokud m\u00e1te jak\u00e9koli dotazy nebo obavy, srde\u010dn\u011b v\u00e1s zveme, abyste n\u00e1s kontaktovali a n\u00e1\u0161 zku\u0161en\u00fd t\u00fdm v\u00e1m r\u00e1d pom\u016f\u017ee.<\/div>\n\t\t\t<\/div>\n\t\t\t<\/div>\n\t\t<\/li>\n\t<\/ul>\n\t<\/div>\n\t<\/div>\n<\/section>\n\n<section class=\"white-section\">\n\t<div class=\"section-inner\">\n\t\t<div class=\"btn-area\">\n\t\t\t<div class=\"btn icon-contact\"><a href=\"\/cs\/contact\">Kontaktujte n\u00e1s<\/a><\/div>\n\t\t<\/div>\n\t<\/div>\n<\/section>\n","protected":false},"excerpt":{"rendered":"<p>F\u00faze a akvizice \u00fa\u010dt\u016f na soci\u00e1ln\u00edch s\u00edt\u00edch F\u00faze a akvizice (M&amp;A) kan\u00e1l\u016f na YouTube a \u00fa\u010dt\u016f na Twitteru jsou vysoce specializovanou oblast\u00ed, kter\u00e1 vy\u017eaduje specifick\u00e9 znalosti a know-how. Jako pr\u00e1vn\u00ed [&hellip;]<\/p>\n","protected":false},"author":1,"featured_media":57173,"parent":0,"menu_order":7,"comment_status":"closed","ping_status":"closed","template":"other-page-temp.php","meta":{"footnotes":""},"acf":[],"_links":{"self":[{"href":"https:\/\/monolith.law\/cs\/wp-json\/wp\/v2\/pages\/31513"}],"collection":[{"href":"https:\/\/monolith.law\/cs\/wp-json\/wp\/v2\/pages"}],"about":[{"href":"https:\/\/monolith.law\/cs\/wp-json\/wp\/v2\/types\/page"}],"author":[{"embeddable":true,"href":"https:\/\/monolith.law\/cs\/wp-json\/wp\/v2\/users\/1"}],"replies":[{"embeddable":true,"href":"https:\/\/monolith.law\/cs\/wp-json\/wp\/v2\/comments?post=31513"}],"version-history":[{"count":69,"href":"https:\/\/monolith.law\/cs\/wp-json\/wp\/v2\/pages\/31513\/revisions"}],"predecessor-version":[{"id":62748,"href":"https:\/\/monolith.law\/cs\/wp-json\/wp\/v2\/pages\/31513\/revisions\/62748"}],"wp:featuredmedia":[{"embeddable":true,"href":"https:\/\/monolith.law\/cs\/wp-json\/wp\/v2\/media\/57173"}],"wp:attachment":[{"href":"https:\/\/monolith.law\/cs\/wp-json\/wp\/v2\/media?parent=31513"}],"curies":[{"name":"wp","href":"https:\/\/api.w.org\/{rel}","templated":true}]}}