{"id":31896,"date":"2023-11-06T23:00:19","date_gmt":"2023-11-06T14:00:19","guid":{"rendered":"https:\/\/monolith.law\/?page_id=31896"},"modified":"2024-02-14T18:58:20","modified_gmt":"2024-02-14T09:58:20","slug":"cybercrime","status":"publish","type":"page","link":"https:\/\/monolith.law\/cs\/cybercrime","title":{"rendered":"Kyberkriminalita"},"content":{"rendered":"\n<section class=\"heading-area\">\n\t<div class=\"heading-area-inner\">\n\t\t<h2 class=\"icon-cybercrime\">Kyberkriminalita<\/h2>\n\t\t<p>Kyberkriminalita je v\u00e1\u017en\u00fdm probl\u00e9mem v dne\u0161n\u00ed spole\u010dnosti a je kl\u00ed\u010dov\u00e9, aby podniky podnikly odpov\u00eddaj\u00edc\u00ed kroky, jsou-li ob\u011b\u0165mi takov\u00fdch zlo\u010din\u016f. S t\u00fdmem pr\u00e1vn\u00edk\u016f, kte\u0159\u00ed maj\u00ed pr\u00e1vn\u00ed znalosti a odbornost v oblasti IT, stejn\u011b jako aktivn\u00ed IT in\u017een\u00fdry a IT konzultanty, na\u0161e firma MONOLITH LAW OFFICE m\u016f\u017ee poskytnout p\u0159esn\u00e9 rady p\u0159izp\u016fsoben\u00e9 konkr\u00e9tn\u00ed situaci spole\u010dnosti a pomoci s zah\u00e1jen\u00edm trestn\u00edho \u0159\u00edzen\u00ed.<\/p>\n\t<\/div>\n<\/section>\n\n<section class=\"white-section\">\n\t<div class=\"section-inner pdt0  border-bottom-section\">\n\t\t<p>Je \u00fa\u010dinn\u00e9 vyhledat pomoc odborn\u00edk\u016f, kte\u0159\u00ed se dob\u0159e orientuj\u00ed v japonsk\u00fdch trestn\u00edch \u0159\u00edzen\u00edch, aby se podn\u00edtilo vy\u0161et\u0159ov\u00e1n\u00ed a zat\u010den\u00ed japonskou polici\u00ed v p\u0159\u00edpadech neopr\u00e1vn\u011bn\u00e9ho p\u0159\u00edstupu v Japonsku. Jako pr\u00e1vn\u00ed firma zam\u011b\u0159en\u00e1 na IT poskytujeme pr\u00e1vn\u00ed pomoc podnik\u016fm, kter\u00e9 byly ob\u011b\u0165mi kyberzlo\u010din\u016f, jako je neopr\u00e1vn\u011bn\u00fd p\u0159\u00edstup a neleg\u00e1ln\u00ed exfiltrace dat, v\u010detn\u011b pomoci s pod\u00e1n\u00edm trestn\u00edch ozn\u00e1men\u00ed a hl\u00e1\u0161en\u00ed k zah\u00e1jen\u00ed trestn\u00edho vy\u0161et\u0159ov\u00e1n\u00ed.<\/p>\n\t<\/div>\n<\/section>\n\n<section class=\"second-nav\">\n\t<div class=\"second-nav-inner\">\n\t\t<p>T\u00c9MATA<\/p>\n\t\t<nav>\n\t\t\t<ul>\n\t\t\t\t<li><a href=\"#specialized-expertise-in-cybersecurity\">Specializovan\u00e1 odbornost v kybernetick\u00e9 bezpe\u010dnosti<\/a><\/li>\n\t\t\t\t<li><a href=\"#the-need-for-addressing-cybercrime\">Pot\u0159eba \u0159e\u0161it kyberkriminalitu<\/a><\/li>\n\t\t\t\t<li><a href=\"#the-challenges-of-criminal-prosecution-in-cybercrime-cases\">V\u00fdzvy trestn\u00edho st\u00edh\u00e1n\u00ed v p\u0159\u00edpadech kybernetick\u00e9 kriminality<\/a><\/li>\n\t\t\t\t<li><a href=\"#synergy-of-lawyers-and-it-consultants\">Spolupr\u00e1ce pr\u00e1vn\u00edk\u016f a IT konzultant\u016f<\/a><\/li>\n\t\t\t\t<li><a href=\"#monolith-law-magazine\">MONOLITH LAW MAGAZINE<\/a><\/li>\n\t\t\t\t<li><a href=\"#fee-structure\">Struktura poplatk\u016f<\/a><\/li>\n\t\t\t<\/ul>\n\t\t<\/nav>\n\t<\/div>\n<\/section>\n\n<section class=\"white-section\">\n\t<div class=\"anchor\" id=\"specialized-expertise-in-cybersecurity\"><\/div>\n\t<div class=\"section-inner pdb0\">\n\t\t<h3>Specializovan\u00e1 odbornost v kybernetick\u00e9 bezpe\u010dnosti<\/h3>\n\t\t<div class=\"max-width980 mgb-small\"><img decoding=\"async\" src=\"\/wp-content\/themes\/monolith2021\/img\/dispute\/dispute_member.jpg\" alt=\"Specializovan\u00e9 odborn\u00e9 znalosti v oblasti kybernetick\u00e9 bezpe\u010dnosti\"><\/div>\n\t\t<div class=\"frame2 max-width860 txt-center-pc\">\n\t\t\t<p class=\"bold txt-l\">MONOLITH LAW OFFICE poskytuje specializovan\u00e9 odborn\u00e9 znalosti v oblasti IT pr\u00e1va, veden\u00e9 z\u00e1stupcem advok\u00e1ta, kter\u00fd m\u00e1 zku\u0161enosti jako b\u00fdval\u00fd IT in\u017een\u00fdr a v\u00fdkonn\u00fd \u0159editel. Firma se skl\u00e1d\u00e1 z 30 advok\u00e1t\u016f, Kenji Shinjo (poradce), b\u00fdval\u00fd st\u00e1tn\u00ed z\u00e1stupce na Tokijsk\u00e9 vy\u0161\u0161\u00ed prokuratu\u0159e, a t\u00fdmu 16 IT konzultant\u016f. Nab\u00edz\u00edme \u0159e\u0161en\u00ed pro \u0159e\u0161en\u00ed slo\u017eit\u00fdch spor\u016f souvisej\u00edc\u00edch s kybernetickou bezpe\u010dnost\u00ed, vyu\u017e\u00edvaj\u00edc\u00ed hlubok\u00e9 znalosti a zku\u0161enosti na\u0161eho t\u00fdmu v oblasti IT pr\u00e1va.<\/p>\n\t\t<\/div>\n\t<\/div>\n<\/section>\n\n<section class=\"orange-section mgt-section\">\n\t<div class=\"anchor\" id=\"the-need-for-addressing-cybercrime\"><\/div>\n\t<div class=\"section-inner\">\n\t\t<div class=\"flex\">\n\t\t\t<div class=\"width41\"><img decoding=\"async\" src=\"\/wp-content\/uploads\/2023\/05\/dispute_pic2.jpg\" alt=\"Pot\u0159eba \u0159e\u0161it kybernetickou kriminalitu\"><\/div>\n\t\t\t<div class=\"width51\">\n\t\t\t\t<h3>Pot\u0159eba \u0159e\u0161it kyberkriminalitu<\/h3>\n\t\t\t\t<p class=\"mgb-small\">V modern\u00edm sv\u011bt\u011b p\u0159edstavuje kybernetick\u00e1 kriminalita st\u00e1le v\u00fdznamn\u011bj\u0161\u00ed hrozbu. Existuj\u00ed r\u016fzn\u00e9 typy kybernetick\u00fdch \u00fatok\u016f, v\u010detn\u011b neopr\u00e1vn\u011bn\u00e9ho p\u0159\u00edstupu, neleg\u00e1ln\u00edho vyt\u011b\u017eov\u00e1n\u00ed dat, spamov\u00fdch email\u016f, phishingov\u00fdch podvod\u016f a \u00fatok\u016f pomoc\u00ed malware.<\/p>\n\t\t\t\t<p class=\"mgb-small\">Neopr\u00e1vn\u011bn\u00fd p\u0159\u00edstup znamen\u00e1 proniknut\u00ed do po\u010d\u00edta\u010dov\u00e9ho syst\u00e9mu za \u00fa\u010delem kr\u00e1de\u017ee nebo manipulace s informacemi. Pro spole\u010dnosti to m\u016f\u017ee v\u00e9st ke kr\u00e1de\u017ei d\u016fv\u011brn\u00fdch informac\u00ed nebo k v\u00fdpadk\u016fm syst\u00e9mu, co\u017e vede k poklesu produktivity. Neleg\u00e1ln\u00ed vyt\u011b\u017eov\u00e1n\u00ed dat zahrnuje \u00fanik citliv\u00fdch informac\u00ed spole\u010dnosti extern\u00edm zdroj\u016fm. To m\u016f\u017ee nastat, kdy\u017e zam\u011bstnanci, jednaj\u00edc\u00ed jako insiderov\u00e9, odn\u00e1\u0161ej\u00ed d\u016fv\u011brn\u00e9 informace ze spole\u010dnosti, nebo kdy\u017e extern\u00ed \u00fato\u010dn\u00edci z\u00edskaj\u00ed neopr\u00e1vn\u011bn\u00fd p\u0159\u00edstup k odcizen\u00ed informac\u00ed.<\/p>\n\t\t\t\t<p>Tyto kybernetick\u00e9 \u00fatoky nejen\u017ee zp\u016fsobuj\u00ed spole\u010dnostem v\u00fdznamn\u00e9 \u0161kody, jako jsou poru\u0161en\u00ed dat a naru\u0161en\u00ed obchodn\u00edch operac\u00ed, ale tak\u00e9 podkop\u00e1vaj\u00ed spole\u010denskou d\u016fv\u011bru ve spole\u010dnost prost\u0159ednictv\u00edm \u00faniku osobn\u00edch informac\u00ed. Je nezbytn\u00e9 podniknout pr\u00e1vn\u00ed kroky k \u0159e\u0161en\u00ed kybernetick\u00e9 kriminality, aby bylo mo\u017en\u00e9 chr\u00e1nit bezpe\u010dnost jak spole\u010dnost\u00ed, tak jednotlivc\u016f.<\/p>\n\t\t\t<\/div>\n\t\t<\/div>\n\t<\/div>\n<\/section>\n\n<section class=\"white-section\">\n\t<div class=\"anchor\" id=\"the-challenges-of-criminal-prosecution-in-cybercrime-cases\"><\/div>\n\t<div class=\"section-inner\">\n\t\t<div class=\"flex reverse\">\n\t\t\t<div class=\"width41\"><img decoding=\"async\" src=\"\/wp-content\/uploads\/2023\/05\/dispute_pic2-1.jpg\" alt=\"V\u00fdzvy trestn\u00edho st\u00edh\u00e1n\u00ed v p\u0159\u00edpadech kybernetick\u00e9 kriminality\"><\/div>\n\t\t\t<div class=\"width51\">\n\t\t\t\t<h3>V\u00fdzvy trestn\u00edho st\u00edh\u00e1n\u00ed v p\u0159\u00edpadech kybernetick\u00e9 kriminality<\/h3>\n\t\t\t\t<p class=\"mgb-small\">Pokud se jedinec stane ob\u011bt\u00ed kybernetick\u00e9 kriminality a nahl\u00e1s\u00ed incident policii, obecn\u011b se o\u010dek\u00e1v\u00e1, \u017ee policie provede vy\u0161et\u0159ov\u00e1n\u00ed, identifikuje pachatele a p\u0159istoup\u00ed k zat\u010den\u00ed a st\u00edh\u00e1n\u00ed. To je &#8220;b\u011b\u017en\u00e9 vn\u00edm\u00e1n\u00ed ob\u010dan\u016f&#8221;. Bohu\u017eel v\u0161ak v Japonsku, pokud jde o hospod\u00e1\u0159sk\u00e9 trestn\u00e9 \u010diny, kter\u00e9 neohro\u017euj\u00ed lidsk\u00fd \u017eivot nebo fyzickou pohodu, zejm\u00e9na v p\u0159\u00edpad\u011b kybernetick\u00e9 kriminality, jsou v praxi vy\u0161et\u0159ovac\u00ed zdroje policie omezen\u00e9. Bez d\u016fkladn\u00e9ho vy\u0161et\u0159ov\u00e1n\u00ed a vytv\u00e1\u0159en\u00ed rozs\u00e1hl\u00e9 dokumentace, jako jsou &#8220;zpr\u00e1vy o incidentech&#8221;, ze strany ob\u011bti je obt\u00ed\u017en\u00e9 \u00fa\u010dinn\u011b podn\u00edtit policejn\u00ed vy\u0161et\u0159ov\u00e1n\u00ed.<\/p>\n\t\t\t\t<p class=\"mgb-small\">Mno\u017estv\u00ed dokument\u016f, kter\u00e9 na\u0161e advok\u00e1tn\u00ed kancel\u00e1\u0159 MONOLITH LAW OFFICE vytvo\u0159ila v konkr\u00e9tn\u00edm p\u0159\u00edpad\u011b kybernetick\u00e9 kriminality za \u00fa\u010delem skute\u010dn\u00e9ho zat\u010den\u00ed a odsouzen\u00ed pachatele, je zn\u00e1zorn\u011bno na fotografii vpravo. I po pod\u00e1n\u00ed trestn\u00edho ozn\u00e1men\u00ed nebo hl\u00e1\u0161en\u00ed o ob\u011bti mus\u00ed ob\u011b\u0165 pokra\u010dovat ve vytv\u00e1\u0159en\u00ed a p\u0159edkl\u00e1d\u00e1n\u00ed r\u016fzn\u00fdch podrobn\u00fdch materi\u00e1l\u016f na \u017e\u00e1dost policie. Pro usnadn\u011bn\u00ed vy\u0161et\u0159ov\u00e1n\u00ed a zat\u010den\u00ed je nutn\u00e9 p\u0159ipravit a p\u0159edlo\u017eit v\u00fdznamn\u00e9 mno\u017estv\u00ed dokumentace.<\/p>\n\t\t\t\t<p>Podpora trestn\u00edho st\u00edh\u00e1n\u00ed ob\u011bt\u00ed kybernetick\u00e9 kriminality vy\u017eaduje pr\u00e1vn\u00ed firmu s vysokou odbornost\u00ed a organiza\u010dn\u00edmi schopnostmi.<\/p>\n\t\t\t<\/div>\n\t\t<\/div>\n\t<\/div>\n<\/section>\n\n<section class=\"purple-section\">\n\t<div class=\"anchor\" id=\"synergy-of-lawyers-and-it-consultants\"><\/div>\n\t<div class=\"section-inner\">\n\t\t<div class=\"flex reverse\">\n\t\t\t<div class=\"width51\">\n\t\t\t\t<h3>Spolupr\u00e1ce pr\u00e1vn\u00edk\u016f a IT konzultant\u016f<\/h3>\n\t\t\t\t<p class=\"mgb-small\">Pro efektivn\u00ed hl\u00e1\u0161en\u00ed rozsahu \u0161kod a poskytov\u00e1n\u00ed informac\u00ed vedouc\u00edch k pachatel\u016fm kybernetick\u00e9 kriminality policii je nezbytn\u00e1 kombinace pokro\u010dil\u00fdch IT znalost\u00ed a pr\u00e1vn\u00ed anal\u00fdzy. Nap\u0159\u00edklad v p\u0159\u00edpadech neopr\u00e1vn\u011bn\u00e9ho p\u0159\u00edstupu je nutn\u00e9 interpretovat logy z platforem jako je Apache, identifikovat problematick\u00fd p\u0159\u00edstup a posoudit jeho pr\u00e1vn\u00ed d\u016fsledky, aby bylo mo\u017en\u00e9 vysv\u011btlit, pro\u010d se kvalifikuje jako &#8220;neopr\u00e1vn\u011bn\u00fd&#8221; p\u0159\u00edstup. Tyto zji\u0161t\u011bn\u00ed mus\u00ed b\u00fdt prezentov\u00e1na v logicky koherentn\u00edm dokumentu.<\/p>\n\t\t\t\t<p class=\"mgb-small\">K dosa\u017een\u00ed tohoto c\u00edle jsou nezbytn\u00e9 odborn\u00e9 znalosti srovnateln\u00e9 s IT in\u017een\u00fdry a specializovan\u00e9 znalosti IT pr\u00e1va.<\/p>\n\t\t\t\t<p>Na\u0161e pr\u00e1vnick\u00e1 firma MONOLITH LAW OFFICE se skl\u00e1d\u00e1 z 30 pr\u00e1vn\u00edk\u016f, v \u010dele s vedouc\u00edm pr\u00e1vn\u00edkem, kter\u00fd je b\u00fdval\u00fdm IT in\u017een\u00fdrem s zku\u0161enostmi ve webov\u00fdch spole\u010dnostech, spolu s t\u00fdmem 16 IT konzultant\u016f a 85 zam\u011bstnanc\u016f. S touto organiza\u010dn\u00ed strukturou jsme jedine\u010dn\u011b postaveni k poskytov\u00e1n\u00ed komplexn\u00edch \u0159e\u0161en\u00ed &#8220;v\u0161e na jednom m\u00edst\u011b&#8221;.<\/p>\n\t\t\t<\/div>\n\t\t\t<div class=\"width41\"><img decoding=\"async\" src=\"\/wp-content\/themes\/monolith_en\/img\/operationofofmedia\/operationofofmedia_pic5.svg\" alt=\"Synergie pr\u00e1vn\u00edk\u016f a IT konzultant\u016f\"><\/div>\n\t\t<\/div>\n\t<\/div>\n<\/section>\n\n<section class=\"purple2-section\">\n\t<div class=\"anchor\" id=\"monolith-law-magazine\"><\/div>\n\t<div class=\"section-inner\">\n\t\t    <section class=\"white-section temp-article\">\n        <div class=\"section-inner\">\n            <h4>MONOLITH LAW MAGAZINE<\/h4>\n            <div class=\"articles type_practice_column\">\n                                                                    <div class=\"article article-area\">\n                        <figure>\n                            <div class=\"img-wrap\">\n                                <img alt=\"Je screenshot poru\u0161en\u00edm autorsk\u00fdch pr\u00e1v? Vysv\u011btlen\u00ed identifikace autora a metod odstran\u011bn\u00ed\" src=\"https:\/\/monolith.law\/cs\/wp-content\/uploads\/sites\/34\/2024\/11\/30375485_m-1024x683-1.webp\" width=\"500\" height=\"250\">\n                            <\/div>\n                            <figcaption>\n                                <div class=\"figcaption-inner\">\n                                    <h3>Je screenshot poru\u0161en\u00edm autorsk\u00fdch pr\u00e1v? Vysv\u011btlen\u00ed identifikace autora a metod .<\/h3>\n                                <\/div>\n                            <\/figcaption>\n                            <a href=\"https:\/\/monolith.law\/cs\/it\/screenshots-copyright\"><\/a>\n                        <\/figure>\n                    <\/div>\n                                                    <div class=\"article article-area\">\n                        <figure>\n                            <div class=\"img-wrap\">\n                                <img alt=\"\u3010\u901f\u5831\u3011Po\u010det p\u0159\u00edpad\u016f uzn\u00e1n\u00ed neopr\u00e1vn\u011bn\u00e9ho p\u0159\u00edstupu v roce Reiwa 5 (2023) se za rok ztrojn\u00e1sobil\" src=\"https:\/\/monolith.law\/cs\/wp-content\/uploads\/sites\/34\/2024\/07\/Shutterstock_2236181323.webp\" width=\"500\" height=\"250\">\n                            <\/div>\n                            <figcaption>\n                                <div class=\"figcaption-inner\">\n                                    <h3>\u3010\u901f\u5831\u3011Po\u010det p\u0159\u00edpad\u016f uzn\u00e1n\u00ed neopr\u00e1vn\u011bn\u00e9ho p\u0159\u00edstupu v roce Reiwa 5 (2023) se za rok .<\/h3>\n                                <\/div>\n                            <\/figcaption>\n                            <a href=\"https:\/\/monolith.law\/cs\/it\/unauthorized-access-statistics-2023\"><\/a>\n                        <\/figure>\n                    <\/div>\n                                                    <div class=\"article article-area\">\n                        <figure>\n                            <div class=\"img-wrap\">\n                                <img alt=\"Pr\u00e1vn\u00edk vysv\u011btluje \u010diny a p\u0159\u00edklady zak\u00e1zan\u00e9 Japonsk\u00fdm z\u00e1konem o z\u00e1kazu neopr\u00e1vn\u011bn\u00e9ho p\u0159\u00edstupu\" src=\"https:\/\/monolith.law\/cs\/wp-content\/uploads\/sites\/34\/2024\/03\/shutterstock_772039471-1024x683-1.jpg\" width=\"500\" height=\"250\">\n                            <\/div>\n                            <figcaption>\n                                <div class=\"figcaption-inner\">\n                                    <h3>Pr\u00e1vn\u00edk vysv\u011btluje \u010diny a p\u0159\u00edklady zak\u00e1zan\u00e9 Japonsk\u00fdm z\u00e1konem o z\u00e1kazu neopr\u00e1vn\u011b.<\/h3>\n                                <\/div>\n                            <\/figcaption>\n                            <a href=\"https:\/\/monolith.law\/cs\/it\/injustice-access-law\"><\/a>\n                        <\/figure>\n                    <\/div>\n                                            <\/div>\n            <div class=\"btn-more\"><a href=\"https:\/\/monolith.law\/cs\/tag\/cybercrime\">Read More<\/a><\/div>\n        <\/div>\n    <\/section>\n\t<\/div>\n<\/section>\n\n<section class=\"orange2-section\">\n\t<div class=\"anchor\" id=\"fee-structure\"><\/div>\n\t<div class=\"section-inner\">\n\t<div class=\"planWrap\">\n\t<h3>Struktura poplatk\u016f<\/h3>\n\t<ul class=\"plan\">\n\t\t<li class=\"txt-left\">\n\t\t\t<div class=\"plan-inner\">\n\t\t\t<div class=\"plan-header\">\n\t\t\t<h4 class=\"plan-title\">Hodinov\u00e1 sazba<\/h4>\n\t\t\t<div class=\"plan-price\"><span class=\"price-figure\">$300<\/span>za hodinu<span class=\"price-tax\"><\/span><\/div>\n\t\t\t<\/div>\n\t\t\t<div class=\"plan-body\">V ur\u010dit\u00fdch p\u0159\u00edpadech m\u016f\u017eeme zv\u00e1\u017eit p\u0159ijet\u00ed sporu nebo soudn\u00edho \u0159\u00edzen\u00ed s po\u010d\u00e1te\u010dn\u00edm poplatkem a \u00fasp\u011b\u0161nostn\u00ed odm\u011bnou. Pro v\u00edce informac\u00ed n\u00e1s nev\u00e1hejte kontaktovat.<\/div>\n\t\t\t<\/div>\n\t\t<\/li>\n\t\t<li class=\"txt-left\">\n\t\t\t<div class=\"plan-inner\">\n\t\t\t<div class=\"plan-header\">\n\t\t\t<h4 class=\"plan-title\">Sestavov\u00e1n\u00ed smluv<\/h4>\n\t\t\t<div class=\"plan-price\"><span class=\"price-value\">od<\/span><span class=\"price-figure\">$500<\/span><span class=\"price-value\">do $2,000 nebo v\u00edce<\/span><span class=\"price-tax\"><\/span><\/div>\n\t\t\t<\/div>\n\t\t\t<div class=\"plan-body\">Cenov\u00e1 struktura se m\u016f\u017ee li\u0161it v z\u00e1vislosti na typu a mno\u017estv\u00ed smluv. R\u00e1di v\u00e1m poskytneme p\u0159edb\u011b\u017en\u00fd odhad na vy\u017e\u00e1d\u00e1n\u00ed, proto n\u00e1s nev\u00e1hejte kontaktovat pro dal\u0161\u00ed podrobnosti.<\/div>\n\t\t\t<\/div>\n\t\t<\/li>\n\t\t<li class=\"txt-left\">\n\t\t\t<div class=\"plan-inner\">\n\t\t\t<div class=\"plan-header\">\n\t\t\t<h4 class=\"plan-title\">Dal\u0161\u00ed slu\u017eby<\/h4>\n\t\t\t<div class=\"plan-price\"><span class=\"price-figure\">Kontaktujte n\u00e1s<\/span><\/div>\n\t\t\t<\/div>\n\t\t\t<div class=\"plan-body\">Nab\u00edz\u00edme \u0161irokou \u0161k\u00e1lu slu\u017eeb v\u010detn\u011b zakl\u00e1d\u00e1n\u00ed spole\u010dnost\u00ed, p\u0159ezkumu smluv, pr\u00e1vn\u00edch stanovisek, p\u0159ezkumu p\u0159\u00edpad\u016f nebo v\u00fdzkumn\u00fdch dopis\u016f. Pokud m\u00e1te jak\u00e9koli dotazy nebo obavy, srde\u010dn\u011b v\u00e1s zveme, abyste n\u00e1s kontaktovali a n\u00e1\u0161 zku\u0161en\u00fd t\u00fdm v\u00e1m r\u00e1d pom\u016f\u017ee.<\/div>\n\t\t\t<\/div>\n\t\t\t<\/div>\n\t\t<\/li>\n\t<\/ul>\n\t<\/div>\n\t<\/div>\n<\/section>\n\n<section class=\"white-section\">\n\t<div class=\"section-inner\">\n\t\t<div class=\"btn-area\">\n\t\t\t<div class=\"btn icon-contact\"><a href=\"\/cs\/contact\">Kontaktujte n\u00e1s<\/a><\/div>\n\t\t<\/div>\n\t<\/div>\n<\/section>\n","protected":false},"excerpt":{"rendered":"<p>Kyberkriminalita Kyberkriminalita je v\u00e1\u017en\u00fdm probl\u00e9mem v dne\u0161n\u00ed spole\u010dnosti a je kl\u00ed\u010dov\u00e9, aby podniky podnikly odpov\u00eddaj\u00edc\u00ed kroky, jsou-li ob\u011b\u0165mi takov\u00fdch zlo\u010din\u016f. S t\u00fdmem pr\u00e1vn\u00edk\u016f, kte\u0159\u00ed maj\u00ed pr\u00e1vn\u00ed z [&hellip;]<\/p>\n","protected":false},"author":1,"featured_media":57158,"parent":0,"menu_order":7,"comment_status":"closed","ping_status":"closed","template":"other-page-temp.php","meta":{"footnotes":""},"acf":[],"_links":{"self":[{"href":"https:\/\/monolith.law\/cs\/wp-json\/wp\/v2\/pages\/31896"}],"collection":[{"href":"https:\/\/monolith.law\/cs\/wp-json\/wp\/v2\/pages"}],"about":[{"href":"https:\/\/monolith.law\/cs\/wp-json\/wp\/v2\/types\/page"}],"author":[{"embeddable":true,"href":"https:\/\/monolith.law\/cs\/wp-json\/wp\/v2\/users\/1"}],"replies":[{"embeddable":true,"href":"https:\/\/monolith.law\/cs\/wp-json\/wp\/v2\/comments?post=31896"}],"version-history":[{"count":24,"href":"https:\/\/monolith.law\/cs\/wp-json\/wp\/v2\/pages\/31896\/revisions"}],"predecessor-version":[{"id":62730,"href":"https:\/\/monolith.law\/cs\/wp-json\/wp\/v2\/pages\/31896\/revisions\/62730"}],"wp:featuredmedia":[{"embeddable":true,"href":"https:\/\/monolith.law\/cs\/wp-json\/wp\/v2\/media\/57158"}],"wp:attachment":[{"href":"https:\/\/monolith.law\/cs\/wp-json\/wp\/v2\/media?parent=31896"}],"curies":[{"name":"wp","href":"https:\/\/api.w.org\/{rel}","templated":true}]}}