{"id":32193,"date":"2023-11-06T23:20:51","date_gmt":"2023-11-06T14:20:51","guid":{"rendered":"https:\/\/monolith.law\/?page_id=32193"},"modified":"2024-02-14T16:13:08","modified_gmt":"2024-02-14T07:13:08","slug":"terms-of-use","status":"publish","type":"page","link":"https:\/\/monolith.law\/cs\/terms-of-use","title":{"rendered":"Podm\u00ednky u\u017e\u00edv\u00e1n\u00ed"},"content":{"rendered":"\n<section class=\"heading-area\">\n\t<div class=\"heading-area-inner\">\n\t\t<h2 class=\"icon-terms-of-use\">Podm\u00ednky u\u017e\u00edv\u00e1n\u00ed<\/h2>\n\t\t<p>MONOLITH LAW OFFICE se zab\u00fdv\u00e1 tvorbou a kontrolou smluvn\u00edch podm\u00ednek a z\u00e1sad ochrany osobn\u00edch \u00fadaj\u016f pro r\u016fzn\u00e9 aplikace, slu\u017eby a hry v Japonsku. Krom\u011b toho jsme schopni analyzovat va\u0161e po\u017eadavky na definici pro v\u00fdvoj p\u0159\u00edslu\u0161n\u00e9 aplikace, frameworky Adobe XD, landing pages, prodejn\u00ed materi\u00e1ly pro potenci\u00e1ln\u00ed z\u00e1kazn\u00edky a dal\u0161\u00ed st\u00e1vaj\u00edc\u00ed dokumenty a data.<\/p>\n\t<\/div>\n<\/section>\n\n<section class=\"white-section\">\n\t<div class=\"section-inner pdt0  border-bottom-section\">\n\t\t<p class=\"mgb-small\">V MONOLITH LAW OFFICE se v\u011bnujeme tvorb\u011b, \u00faprav\u00e1m a kontrole r\u016fzn\u00fdch smluvn\u00edch podm\u00ednek, z\u00e1sad ochrany osobn\u00edch \u00fadaj\u016f a dal\u0161\u00edch nezbytn\u00fdch dohod v souladu s platn\u00fdmi z\u00e1kony a p\u0159edpisy v Japonsku. Specializujeme se na poskytov\u00e1n\u00ed pr\u00e1vn\u00ed podpory pro aplikace, slu\u017eby, hry a dal\u0161\u00ed digit\u00e1ln\u00ed platformy.<\/p>\n\t\t<p class=\"mgb-small\">M\u016f\u017eeme pracovat s va\u0161imi st\u00e1vaj\u00edc\u00edmi materi\u00e1ly a daty, jako jsou definice po\u017eadavk\u016f, frameworky vytvo\u0159en\u00e9 pomoc\u00ed Adobe XD, landing pages a prodejn\u00ed materi\u00e1ly c\u00edlen\u00e9 na potenci\u00e1ln\u00ed klienty. N\u00e1\u0161 t\u00fdm je schopen tyto materi\u00e1ly pochopit a analyzovat, aby zajistil dodr\u017eov\u00e1n\u00ed pr\u00e1vn\u00edch p\u0159edpis\u016f a poskytl cenn\u00e9 n\u00e1hledy.<\/p>\n\t\t<p>Nezav\u00e1hejte se na n\u00e1s obr\u00e1tit pro jakoukoliv pomoc s tvorbou nebo aktualizac\u00ed va\u0161ich smluvn\u00edch podm\u00ednek, z\u00e1sad ochrany osobn\u00edch \u00fadaj\u016f nebo jin\u00fdch pr\u00e1vn\u00edch dokument\u016f nezbytn\u00fdch pro provoz a spu\u0161t\u011bn\u00ed va\u0161\u00ed aplikace nebo digit\u00e1ln\u00ed slu\u017eby.<\/p>\n\t<\/div>\n<\/section>\n\n<section class=\"second-nav\">\n\t<div class=\"second-nav-inner\">\n\t\t<p>T\u00c9MATA<\/p>\n\t\t<nav>\n\t\t\t<ul>\n\t\t\t\t<li><a href=\"#apps-web-services-and-digital-platforms\">Aplikace, webov\u00e9 slu\u017eby a digit\u00e1ln\u00ed platformy<\/a><\/li>\n\t\t\t\t<li><a href=\"#games\">Hry<\/a><\/li>\n\t\t\t\t<li><a href=\"#publication-of-books-on-legal-matters-related-to-it\">Publikace knih o pr\u00e1vn\u00edch ot\u00e1zk\u00e1ch souvisej\u00edc\u00edch s IT<\/a><\/li>\n\t\t\t\t<li><a href=\"#crypto-asset-and-blockchain\">Kryptoaktiva a blockchain<\/a><\/li>\n\t\t\t\t<li><a href=\"#medical-Apps-etc\">Medic\u00ednsk\u00e9 aplikace atd.<\/a><\/li>\n\t\t\t\t<li><a href=\"#drafting-with-minimal-operating-time\">Sestavov\u00e1n\u00ed s minim\u00e1ln\u00ed provozn\u00ed dobou<\/a><\/li>\n\t\t\t\t<li><a href=\"#some-examples-of-our-clients-and-the-products\">N\u011bkter\u00e9 p\u0159\u00edklady na\u0161ich klient\u016f a jejich produkt\u016f<\/a><\/li>\n\t\t\t\t<li><a href=\"#monolith-law-magazine\">MONOLITH LAW MAGAZINE<\/a><\/li>\n\t\t\t\t<li><a href=\"#fee-structure\">Struktura poplatk\u016f<\/a><\/li>\n\t\t\t<\/ul>\n\t\t<\/nav>\n\t<\/div>\n<\/section>\n\n<section class=\"white-section mgt-section mgb-section80\">\n\t<div class=\"anchor\" id=\"apps-web-services-and-digital-platforms\"><\/div>\n\t<div class=\"section-inner-black\">\n\t\t<h3>Aplikace, webov\u00e9 slu\u017eby a digit\u00e1ln\u00ed platformy<\/h3>\n\t\t<p class=\"mgb-middle\">M\u00e1me rozs\u00e1hl\u00e9 zku\u0161enosti s tvorbou a \u00fapravou obchodn\u00edch podm\u00ednek, z\u00e1sad ochrany osobn\u00edch \u00fadaj\u016f a dal\u0161\u00edch pr\u00e1vn\u00edch dokument\u016f souvisej\u00edc\u00edch s aplikacemi, webov\u00fdmi slu\u017ebami a digit\u00e1ln\u00edmi platformami. Nab\u00edz\u00edme tak\u00e9 konzulta\u010dn\u00ed slu\u017eby, kter\u00e9 pom\u00e1haj\u00ed zaji\u0161\u0165ovat z\u00e1konn\u00fd provoz webov\u00fdch slu\u017eeb a aplikac\u00ed v souladu s platn\u00fdmi p\u0159edpisy.<\/p>\n\t\t<h4 class=\"mgb-small\">Zde jsou n\u011bkter\u00e9 p\u0159\u00edklady na\u0161ich \u00fasp\u011bch\u016f<\/h4>\n\t\t<p class=\"mgb-middle\">Slu\u017eby distribuce pozad\u00ed a zvukov\u00fdch efekt\u016f, aplikace pro p\u0159ehr\u00e1v\u00e1n\u00ed pozadov\u00e9 hudby, SaaS slu\u017eby pro rozpozn\u00e1v\u00e1n\u00ed hlasu pro B2B, p\u0159\u00edm\u00e9 e-commerce str\u00e1nky pro spot\u0159ebitele, EC platformy, slu\u017eby usnad\u0148uj\u00edc\u00ed integraci dat mezi SaaS platformami, integra\u010dn\u00ed slu\u017eby pro poskytovatele SaaS, platformy pro um\u011blce, n\u00e1stroje pro podporu prodeje, aplikace pro spr\u00e1vu osobn\u00edch financ\u00ed, webov\u00e9 slu\u017eby a platformy pro hled\u00e1n\u00ed pr\u00e1ce, cloudov\u00e9 slu\u017eby pro spr\u00e1vu v\u00fddaj\u016f, cloudov\u00e9 slu\u017eby pro spr\u00e1vu doch\u00e1zky, cloudov\u00e9 slu\u017eby pro \u00fahradu cestovn\u00edch v\u00fddaj\u016f, slu\u017eby prodeje dopl\u0148k\u016f, soci\u00e1ln\u00ed s\u00edt\u011b souvisej\u00edc\u00ed s politikou, aplikace pro objedn\u00e1v\u00e1n\u00ed taxi, outsourcingov\u00e9 slu\u017eby anal\u00fdzy dat, video soci\u00e1ln\u00ed s\u00edt\u011b, soci\u00e1ln\u00ed s\u00edt\u011b zam\u011b\u0159en\u00e9 na podnik\u00e1n\u00ed, webov\u00e9 str\u00e1nky pro obchodn\u00ed shody, platformy pro objedn\u00e1v\u00e1n\u00ed do nemocnic, \u0161koly programov\u00e1n\u00ed, blockchainov\u00e9 soci\u00e1ln\u00ed s\u00edt\u011b, blockchainov\u00e9 reklamn\u00ed s\u00edt\u011b, referen\u010dn\u00ed slu\u017eby, slu\u017eby cestovn\u00edho concierge, slu\u017eby potvrzen\u00ed bezpe\u010dnosti, l\u00e9ka\u0159sk\u00e9 informa\u010dn\u00ed s\u00ed\u0165ov\u00e9 syst\u00e9my, kryptom\u011bnov\u00e9 burzy (v zahrani\u010d\u00ed), datab\u00e1zov\u00e9 webov\u00e9 str\u00e1nky ortodontick\u00fdch klinik, slu\u017eby podpory pro osoby se zdravotn\u00edm posti\u017een\u00edm, cloudov\u00e9 slu\u017eby pro n\u00e1bor nov\u00fdch absolvent\u016f, spr\u00e1vu zam\u011bstnanc\u016f a \u0161kolen\u00ed zam\u011bstnanc\u016f, ofici\u00e1ln\u00ed webov\u00e9 str\u00e1nky prodeje dovozov\u00fdch automobil\u016f, slu\u017eby podpory \u017eivotn\u00edho stylu, slu\u017eby podpory startup\u016f, slu\u017eby kontroly proti soci\u00e1ln\u011b ne\u017e\u00e1douc\u00edm prvk\u016fm<\/p>\n\t<\/div>\n<\/section>\n\n<section class=\"white-section mgt-section mgb-section\">\n\t<div class=\"anchor\" id=\"games\"><\/div>\n\t<div class=\"section-inner-black\">\n\t\t<h3>Hry<\/h3>\n\t\t<p class=\"mgb-small\">M\u00e1me rozs\u00e1hl\u00e9 zku\u0161enosti s tvorbou smluvn\u00edch podm\u00ednek pro r\u016fzn\u00e9 typy her, od konzolov\u00fdch po mobiln\u00ed hry. Rozum\u00edme pr\u00e1vn\u00edm d\u016fsledk\u016fm a po\u017eadavk\u016fm souvisej\u00edc\u00edm s provozem her, v\u010detn\u011b z\u00e1kon\u016f o autorsk\u00fdch pr\u00e1vech, z\u00e1kon\u016f o propagaci cen, z\u00e1kon\u016f o platebn\u00edch slu\u017eb\u00e1ch, z\u00e1kon\u016f o spot\u0159ebitelsk\u00fdch smlouv\u00e1ch, z\u00e1kon\u016f o specifick\u00fdch obchodn\u00edch transakc\u00edch a z\u00e1kon\u016f o telekomunika\u010dn\u00edch podnic\u00edch. M\u016f\u017eeme v\u00e1m pomoci vytvo\u0159it komplexn\u00ed smluvn\u00ed podm\u00ednky, kter\u00e9 budou v souladu s p\u0159\u00edslu\u0161n\u00fdmi p\u0159edpisy.<\/p>\n\t\t<p class=\"mgb-small\">Nav\u00edc na\u0161e slu\u017eby p\u0159esahuj\u00ed po\u010d\u00e1te\u010dn\u00ed tvorbu smluvn\u00edch podm\u00ednek. Nab\u00edz\u00edme poradenstv\u00ed ohledn\u011b z\u00e1konn\u00e9 implementace ud\u00e1lost\u00ed a dal\u0161\u00edch aktivit souvisej\u00edc\u00edch s provozem her. N\u00e1\u0161 t\u00fdm je obezn\u00e1men s pr\u00e1vn\u00edmi aspekty hern\u00edch ud\u00e1lost\u00ed a m\u016f\u017ee poskytnout veden\u00ed, aby zajistil dodr\u017eov\u00e1n\u00ed platn\u00fdch z\u00e1kon\u016f a p\u0159edpis\u016f.<\/p>\n\t\t<p class=\"mgb-middle\">A\u0165 u\u017e jste v\u00fdvoj\u00e1\u0159 her nebo spole\u010dnost pod\u00edlej\u00edc\u00ed se na provozu her, jsme dob\u0159e vybaveni, abychom v\u00e1m poskytli p\u0159izp\u016fsobenou pr\u00e1vn\u00ed podporu, kter\u00e1 spln\u00ed va\u0161e konkr\u00e9tn\u00ed pot\u0159eby v hern\u00edm pr\u016fmyslu.<\/p>\n\t<\/div>\n<\/section>\n\n<section class=\"purple-section\">\n\t<div class=\"anchor\" id=\"publication-of-books-on-legal-matters-related-to-it\"><\/div>\n\t<div class=\"section-inner\">\n\t\t<div class=\"flex reverse\">\n\t\t\t<div class=\"width41\"><img decoding=\"async\" src=\"\/wp-content\/themes\/monolith2021\/img\/pic\/pic_publishing.jpg\" alt=\"Publikace knih o pr\u00e1vn\u00edch ot\u00e1zk\u00e1ch souvisej\u00edc\u00edch s IT\"><\/div>\n\t\t\t<div class=\"width51\">\n\t\t\t\t<h3>Publikace knih o pr\u00e1vn\u00edch ot\u00e1zk\u00e1ch souvisej\u00edc\u00edch s IT<\/h3>\n\t\t\t\t<p>Jako pr\u00e1vn\u00ed kancel\u00e1\u0159 specializuj\u00edc\u00ed se na v\u00fdvoj syst\u00e9m\u016f a pr\u00e1vn\u00ed z\u00e1le\u017eitosti souvisej\u00edc\u00ed s IT, v\u010detn\u011b stanoven\u00ed podm\u00ednek slu\u017eby, webov\u00fdch slu\u017eeb, aplikac\u00ed a probl\u00e9m\u016f souvisej\u00edc\u00edch s hrami, MONOLITH LAW OFFICE vydala knihu s n\u00e1zvem &#8220;Srozumiteln\u00e9 pr\u00e1vn\u00ed ot\u00e1zky a odpov\u011bdi pro IT in\u017een\u00fdry&#8221;. Kniha je naps\u00e1na b\u00fdval\u00fdm in\u017een\u00fdrem, kter\u00fd se stal pr\u00e1vn\u00edkem, a je prim\u00e1rn\u011b ur\u010dena IT in\u017een\u00fdr\u016fm. Poskytuje vysv\u011btlen\u00ed pr\u00e1vn\u00edch znalost\u00ed speci\u00e1ln\u011b p\u0159izp\u016fsoben\u00fdch jejich pot\u0159eb\u00e1m, pokr\u00fdv\u00e1 t\u00e9mata jako v\u00fdvoj podm\u00ednek slu\u017eby. C\u00edlem knihy je nab\u00eddnout u\u017eivatelsky p\u0159\u00edv\u011btiv\u00fd p\u0159\u00edstup k pr\u00e1vn\u00edm koncept\u016fm a pomoci IT in\u017een\u00fdr\u016fm v navigaci v pr\u00e1vn\u00edch aspektech jejich pr\u00e1ce.<\/p>\n\t\t\t<\/div>\n\t\t<\/div>\n\t<\/div>\n<\/section>\n\n<section class=\"white-section\">\n\t<div class=\"anchor\" id=\"crypto-asset-and-blockchain\"><\/div>\n\t<div class=\"section-inner\">\n\t\t<div class=\"flex\">\n\t\t\t<div class=\"width41\"><img decoding=\"async\" src=\"\/wp-content\/uploads\/2022\/07\/shutterstock_1151380622_2.png\" alt=\"Crypto Asset and Blockchain\"><\/div>\n\t\t\t<div class=\"width51\">\n\t\t\t\t<h3>Kryptoaktiva a blockchain<\/h3>\n\t\t\t\t<p>Pr\u00e1vnick\u00e1 kancel\u00e1\u0159 MONOLITH LAW OFFICE se od sv\u00e9ho zalo\u017een\u00ed v roce 2017 (Heisei 29) aktivn\u011b v\u011bnuje pr\u00e1vn\u00edm ot\u00e1zk\u00e1m souvisej\u00edc\u00edm s kryptoaktivami a technologi\u00ed blockchain. Jsme tak\u00e9 dob\u0159e vybaveni pro pr\u00e1vn\u00ed z\u00e1le\u017eitosti t\u00fdkaj\u00edc\u00ed se her zalo\u017een\u00fdch na blockchainu. S na\u0161\u00ed odbornost\u00ed v oblasti IT a pr\u00e1vn\u00edch ot\u00e1zek souvisej\u00edc\u00edch s hrami m\u016f\u017eeme poskytnout komplexn\u00ed podporu p\u0159i navigaci v pr\u00e1vn\u00edch slo\u017eitostech blockchainov\u00fdch her, v\u010detn\u011b dodr\u017eov\u00e1n\u00ed p\u0159edpis\u016f, ochrany du\u0161evn\u00edho vlastnictv\u00ed, u\u017eivatelsk\u00fdch smluv a dal\u0161\u00edch.<\/p>\n\t\t\t<\/div>\n\t\t<\/div>\n\t<\/div>\n<\/section>\n\n<section class=\"white-section mgb-section\">\n\t<div class=\"anchor\" id=\"medical-Apps-etc\"><\/div>\n\t<div class=\"section-inner-black\">\n\t\t<h3>Medic\u00ednsk\u00e9 aplikace atd.<\/h3>\n\t\t<p class=\"mgb-small\">Na\u0161e pr\u00e1vn\u00ed kancel\u00e1\u0159 m\u00e1 siln\u00fd t\u00fdm pr\u00e1vn\u00edk\u016f, v\u010detn\u011b zakl\u00e1daj\u00edc\u00edho pr\u00e1vn\u00edka s pozad\u00edm v IT in\u017een\u00fdrstv\u00ed a pr\u00e1vn\u00edk\u016f, kte\u0159\u00ed maj\u00ed rozs\u00e1hl\u00e9 zku\u0161enosti s \u0159e\u0161en\u00edm p\u0159\u00edpad\u016f souvisej\u00edc\u00edch s medic\u00ednou. S touto odbornost\u00ed jsme dob\u0159e vybaveni pro pr\u00e1ci s podniky, aplikacemi a webov\u00fdmi slu\u017ebami souvisej\u00edc\u00edmi s odv\u011btv\u00edm zdravotnictv\u00ed. M\u00e1me prok\u00e1zanou \u00fasp\u011b\u0161nou historii v tomto oboru.<\/p>\n\t\t<p class=\"mgb-middle\">Pr\u00e1vn\u00ed prost\u0159ed\u00ed kolem zdravotnictv\u00ed v Japonsku m\u016f\u017ee b\u00fdt slo\u017eit\u00e9, ale m\u016f\u017eete se spolehnout na na\u0161i firmu, \u017ee se propracuje skrze jeho slo\u017eitosti. M\u016f\u017eeme poskytnout komplexn\u00ed pr\u00e1vn\u00ed podporu p\u0159izp\u016fsobenou jedine\u010dn\u00fdm pot\u0159eb\u00e1m l\u00e9ka\u0159sk\u00e9ho sektoru, v\u010detn\u011b dodr\u017eov\u00e1n\u00ed p\u0159edpis\u016f, ochrany dat, licencov\u00e1n\u00ed, smluv a \u0159e\u0161en\u00ed spor\u016f. Na\u0161\u00edm c\u00edlem je zajistit, \u017ee va\u0161e podnik\u00e1n\u00ed v oblasti zdravotnictv\u00ed bude prov\u00e1d\u011bno v souladu s platn\u00fdmi z\u00e1kony a p\u0159edpisy a z\u00e1rove\u0148 chr\u00e1nit va\u0161e z\u00e1jmy.<\/p>\n\t<\/div>\n<\/section>\n\n<section class=\"orange-section\">\n\t<div class=\"anchor\" id=\"drafting-with-minimal-operating-time\"><\/div>\n\t<div class=\"section-inner\">\n\t\t<div class=\"flex\">\n\t\t\t<div class=\"width41\"><img decoding=\"async\" src=\"\/wp-content\/themes\/monolith2021\/img\/pic\/pic_draft.jpg\" alt=\"Drafting with Minimal Operating Time\"><\/div>\n\t\t\t<div class=\"width51\">\n\t\t\t\t<h3>Sestavov\u00e1n\u00ed s minim\u00e1ln\u00ed provozn\u00ed dobou<\/h3>\n\t\t\t\t<p class=\"mgb-small\">S na\u0161\u00edm hlavn\u00edm pr\u00e1vn\u00edkem, kter\u00fd je b\u00fdval\u00fdm IT in\u017een\u00fdrem, m\u00e1me schopnost porozum\u011bt technick\u00fdm aspekt\u016fm, u\u017eivatelsk\u00e9mu rozhran\u00ed a funkcionalit\u011b aplikac\u00ed a webov\u00fdch slu\u017eeb p\u0159i vytv\u00e1\u0159en\u00ed smluvn\u00edch podm\u00ednek a dal\u0161\u00edch souvisej\u00edc\u00edch dokument\u016f. M\u016f\u017eeme vyu\u017e\u00edt st\u00e1vaj\u00edc\u00ed definice po\u017eadavk\u016f, r\u00e1mce, c\u00edlov\u00e9 str\u00e1nky a marketingov\u00e9 materi\u00e1ly, kter\u00e9 va\u0161e spole\u010dnost ji\u017e vlastn\u00ed, co\u017e n\u00e1m umo\u017e\u0148uje interpretovat a extrahovat pot\u0159ebn\u00e9 informace na na\u0161\u00ed stran\u011b.<\/p>\n\t\t\t\t<p>T\u00edm, \u017ee minimalizujeme pot\u0159ebu rozs\u00e1hl\u00fdch rozhovor\u016f nebo sch\u016fzek, m\u016f\u017eeme efektivn\u011b vytv\u00e1\u0159et smluvn\u00ed podm\u00ednky, zat\u00edmco stla\u010dujeme n\u00e1klady na komunikaci a \u010dasov\u00e9 r\u00e1mce. Tento p\u0159\u00edstup n\u00e1m umo\u017e\u0148uje zefektivnit proces a dod\u00e1vat v\u00fdsledky v\u010das.<\/p>\n\t\t\t<\/div>\n\t\t<\/div>\n\t<\/div>\n<\/section>\n\n<section class=\"white-section\">\n\t<div class=\"anchor\" id=\"some-examples-of-our-clients-and-the-products\"><\/div>\n\t<div class=\"section-inner\">\n\t\t<h3>N\u011bkter\u00e9 p\u0159\u00edklady na\u0161ich klient\u016f a jejich produkt\u016f<\/h3>\n\t\t<ul class=\"layout-column4 mgb-middle\">\n\t\t\t<li>\n\t\t\t\t<div><img decoding=\"async\" src=\"\/wp-content\/themes\/monolith2021\/img\/clients\/logo_tokium.png\"><\/div>\n\t\t\t\t<h4><a href=\"https:\/\/www.keihi.com\/lp\/\" target=\"_blank\" rel=\"noopener noreferrer\">TOKIUM Expense Reimbursement<\/a><\/h4>\n\t\t\t\t<p>Spolupracovali jsme s firmou TOKIUM Inc., kter\u00e1 stoj\u00ed za firemn\u00ed finan\u010dn\u00ed aplikac\u00ed \u201eTOKIUM Expense Reimbursement\u201c, jako jejich hlavn\u00ed pr\u00e1vn\u00ed z\u00e1stupce. Poskytli jsme pr\u00e1vn\u00ed podporu pro jejich projekty, v\u010detn\u011b uveden\u00ed jejich syst\u00e9mu pro vracen\u00ed n\u00e1klad\u016f \u201eTOKIUM Invoice\u201c.<\/p>\n\t\t\t<\/li>\n\t\t\t<li>\n\t\t\t\t<div><img decoding=\"async\" src=\"\/wp-content\/themes\/monolith2021\/img\/clients\/logo_seculio.png\"><\/div>\n\t\t\t\t<h4><a href=\"https:\/\/www.lrm.jp\/seculio\/feature\/\" target=\"_blank\" rel=\"noopener noreferrer\">Securio<\/a><\/h4>\n\t\t\t\t<p>Byli jsme auditorem pro spole\u010dnost LRM Corporation, kter\u00e1 vyd\u00e1v\u00e1 Securio, je\u017e zlep\u0161uje vn\u00edm\u00e1n\u00ed informa\u010dn\u00ed bezpe\u010dnosti v cel\u00e9 spole\u010dnosti.<\/p>\n\t\t\t<\/li>\n\t\t\t<li>\n\t\t\t\t<div><img decoding=\"async\" src=\"\/wp-content\/themes\/monolith2021\/img\/clients\/logo_tribeau.png\"><\/div>\n\t\t\t\t<h4><a href=\"https:\/\/corp.tribeau.jp\/\" target=\"_blank\" rel=\"noopener noreferrer\">TRIBEAU<\/a><\/h4>\n\t\t\t\t<p>Spolupracovali jsme s firmou TRIBEAU Inc., kter\u00e1 stoj\u00ed za aplikac\u00ed pro recenze a rezervace v oblasti estetick\u00e9 medic\u00edny &#8220;TRIBEAU&#8221;. Poskytli jsme pr\u00e1vn\u00ed pomoc p\u0159i uveden\u00ed jak jejich aplikace, tak webov\u00e9 slu\u017eby.<\/p>\n\t\t\t<\/li>\n\t\t\t<li>\n\t\t\t\t<div><img decoding=\"async\" src=\"\/wp-content\/themes\/monolith2021\/img\/clients\/logo_flowerknightgirl.png\"><\/div>\n\t\t\t\t<h4><a href=\"https:\/\/flower-knight-girl.com\/\" target=\"_blank\" rel=\"noopener noreferrer\">FLOWER KNIGHT GIRL<\/a><\/h4>\n\t\t\t\t<p>Pomohli jsme spole\u010dnosti YourGames Inc. s uveden\u00edm jejich popul\u00e1rn\u00ed RPG hry &#8220;FLOWER KNIGHT GIRL&#8221;, kter\u00e1 p\u0159ekro\u010dila jeden milion registrovan\u00fdch u\u017eivatel\u016f. Hra je dostupn\u00e1 na platform\u011b DMM GAMES.<\/p>\n\t\t\t<\/li>\n\t\t<\/ul>\n\t\t<p class=\"txt-s\">* Upozor\u0148ujeme, \u017ee toto jsou pouze n\u011bkter\u00e9 p\u0159\u00edklady a spolupracovali jsme s mnoha dal\u0161\u00edmi klienty. D\u00e1v\u00e1me p\u0159ednost d\u016fv\u011brnosti klient\u016f a zve\u0159ej\u0148ujeme zapojen\u00ed s firmami pouze tehdy, pokud poskytly souhlas s ve\u0159ejn\u00fdm uzn\u00e1n\u00edm nebo jsou registrov\u00e1ny v ve\u0159ejn\u00fdch z\u00e1znamech jako \u00fa\u0159edn\u00edci.<\/p>\n\t<\/div>\n<\/section>\n\n<section class=\"purple2-section\">\n\t<div class=\"anchor\" id=\"monolith-law-magazine\"><\/div>\n\t<div class=\"section-inner\">\n\t\t    <section class=\"white-section temp-article\">\n        <div class=\"section-inner\">\n            <h4>MONOLITH LAW MAGAZINE<\/h4>\n            <div class=\"articles type_practice_column\">\n                                                                    <div class=\"article article-area\">\n                        <figure>\n                            <div class=\"img-wrap\">\n                                <img alt=\"Co je to \"v\u00fdjimka pro cloud\" v z\u00e1kon\u011b o ochran\u011b osobn\u00edch \u00fadaj\u016f? Vysv\u011btlen\u00ed na z\u00e1klad\u011b skute\u010dn\u00fdch p\u0159\u00edpad\u016f administrativn\u00edho veden\u00ed poskytovatel\u016f cloudov\u00fdch slu\u017eeb.\" src=\"https:\/\/monolith.law\/cs\/wp-content\/uploads\/sites\/34\/2025\/08\/0cdfadb6e93fc71449935bfe824bbde2.jpg\" width=\"500\" height=\"250\">\n                            <\/div>\n                            <figcaption>\n                                <div class=\"figcaption-inner\">\n                                    <h3>Co je to \"v\u00fdjimka pro cloud\" v z\u00e1kon\u011b o ochran\u011b osobn\u00edch \u00fadaj\u016f? Vysv\u011btlen\u00ed na z\u00e1.<\/h3>\n                                <\/div>\n                            <\/figcaption>\n                            <a href=\"https:\/\/monolith.law\/cs\/it\/personal-information-cloud-exceptions\"><\/a>\n                        <\/figure>\n                    <\/div>\n                                                    <div class=\"article article-area\">\n                        <figure>\n                            <div class=\"img-wrap\">\n                                <img alt=\"Je zprost\u0159edkov\u00e1n\u00ed recenz\u00ed na Google neleg\u00e1ln\u00ed? Vysv\u011btlen\u00ed vztahu k z\u00e1konu o ozna\u010dov\u00e1n\u00ed zbo\u017e\u00ed a trest\u016f\" src=\"https:\/\/monolith.law\/cs\/wp-content\/uploads\/sites\/34\/2025\/08\/18d044df35c4f42bb7e1507848a5e228.webp\" width=\"500\" height=\"250\">\n                            <\/div>\n                            <figcaption>\n                                <div class=\"figcaption-inner\">\n                                    <h3>Je zprost\u0159edkov\u00e1n\u00ed recenz\u00ed na Google neleg\u00e1ln\u00ed? Vysv\u011btlen\u00ed vztahu k z\u00e1konu o ozn.<\/h3>\n                                <\/div>\n                            <\/figcaption>\n                            <a href=\"https:\/\/monolith.law\/cs\/it\/google-review-agency\"><\/a>\n                        <\/figure>\n                    <\/div>\n                                                    <div class=\"article article-area\">\n                        <figure>\n                            <div class=\"img-wrap\">\n                                <img alt=\"Jak\u00e9 jsou rizika \u00faniku informac\u00ed u ChatGPT? P\u0159edstavujeme \u010dty\u0159i nezbytn\u00e1 opat\u0159en\u00ed\" src=\"https:\/\/monolith.law\/cs\/wp-content\/uploads\/sites\/34\/2024\/04\/Shutterstock_2248471649.webp\" width=\"500\" height=\"250\">\n                            <\/div>\n                            <figcaption>\n                                <div class=\"figcaption-inner\">\n                                    <h3>Jak\u00e9 jsou rizika \u00faniku informac\u00ed u ChatGPT? P\u0159edstavujeme \u010dty\u0159i nezbytn\u00e1 opat\u0159en.<\/h3>\n                                <\/div>\n                            <\/figcaption>\n                            <a href=\"https:\/\/monolith.law\/cs\/it\/chatgpt-information-leak-2\"><\/a>\n                        <\/figure>\n                    <\/div>\n                                            <\/div>\n            <div class=\"btn-more\"><a href=\"https:\/\/monolith.law\/cs\/tag\/terms-of-use\">Read More<\/a><\/div>\n        <\/div>\n    <\/section>\n\t<\/div>\n<\/section>\n\n<section class=\"orange2-section\">\n\t<div class=\"anchor\" id=\"fee-structure\"><\/div>\n\t<div class=\"section-inner\">\n\t<div class=\"planWrap\">\n\t<h3>Struktura poplatk\u016f<\/h3>\n\t<ul class=\"plan\">\n\t\t<li class=\"txt-left\">\n\t\t\t<div class=\"plan-inner\">\n\t\t\t<div class=\"plan-header\">\n\t\t\t<h4 class=\"plan-title\">Hodinov\u00e1 sazba<\/h4>\n\t\t\t<div class=\"plan-price\"><span class=\"price-figure\">$300<\/span>za hodinu<span class=\"price-tax\"><\/span><\/div>\n\t\t\t<\/div>\n\t\t\t<div class=\"plan-body\">V ur\u010dit\u00fdch p\u0159\u00edpadech m\u016f\u017eeme zv\u00e1\u017eit p\u0159ijet\u00ed sporu nebo soudn\u00edho \u0159\u00edzen\u00ed s po\u010d\u00e1te\u010dn\u00edm poplatkem a \u00fasp\u011b\u0161nostn\u00ed odm\u011bnou. Pro v\u00edce informac\u00ed n\u00e1s nev\u00e1hejte kontaktovat.<\/div>\n\t\t\t<\/div>\n\t\t<\/li>\n\t\t<li class=\"txt-left\">\n\t\t\t<div class=\"plan-inner\">\n\t\t\t<div class=\"plan-header\">\n\t\t\t<h4 class=\"plan-title\">Sestavov\u00e1n\u00ed smluv<\/h4>\n\t\t\t<div class=\"plan-price\"><span class=\"price-value\">od<\/span><span class=\"price-figure\">$500<\/span><span class=\"price-value\">do $2,000 nebo v\u00edce<\/span><span class=\"price-tax\"><\/span><\/div>\n\t\t\t<\/div>\n\t\t\t<div class=\"plan-body\">Cenov\u00e1 struktura se m\u016f\u017ee li\u0161it v z\u00e1vislosti na typu a mno\u017estv\u00ed smluv. R\u00e1di v\u00e1m poskytneme p\u0159edb\u011b\u017en\u00fd odhad na vy\u017e\u00e1d\u00e1n\u00ed, proto n\u00e1s nev\u00e1hejte kontaktovat pro dal\u0161\u00ed podrobnosti.<\/div>\n\t\t\t<\/div>\n\t\t<\/li>\n\t\t<li class=\"txt-left\">\n\t\t\t<div class=\"plan-inner\">\n\t\t\t<div class=\"plan-header\">\n\t\t\t<h4 class=\"plan-title\">Dal\u0161\u00ed slu\u017eby<\/h4>\n\t\t\t<div class=\"plan-price\"><span class=\"price-figure\">Kontaktujte n\u00e1s<\/span><\/div>\n\t\t\t<\/div>\n\t\t\t<div class=\"plan-body\">Nab\u00edz\u00edme \u0161irokou \u0161k\u00e1lu slu\u017eeb v\u010detn\u011b zakl\u00e1d\u00e1n\u00ed spole\u010dnost\u00ed, p\u0159ezkumu smluv, pr\u00e1vn\u00edch stanovisek, p\u0159ezkumu p\u0159\u00edpad\u016f nebo v\u00fdzkumn\u00fdch dopis\u016f. Pokud m\u00e1te jak\u00e9koli dotazy nebo obavy, srde\u010dn\u011b v\u00e1s zveme, abyste n\u00e1s kontaktovali a n\u00e1\u0161 zku\u0161en\u00fd t\u00fdm v\u00e1m r\u00e1d pom\u016f\u017ee.<\/div>\n\t\t\t<\/div>\n\t\t\t<\/div>\n\t\t<\/li>\n\t<\/ul>\n\t<\/div>\n\t<\/div>\n<\/section>\n\n<section class=\"white-section\">\n\t<div class=\"section-inner\">\n\t\t<div class=\"btn-area\">\n\t\t\t<div class=\"btn icon-contact\"><a href=\"\/cs\/contact\">Kontaktujte n\u00e1s<\/a><\/div>\n\t\t<\/div>\n\t<\/div>\n<\/section>\n","protected":false},"excerpt":{"rendered":"<p>Podm\u00ednky u\u017e\u00edv\u00e1n\u00ed MONOLITH LAW OFFICE se zab\u00fdv\u00e1 tvorbou a kontrolou smluvn\u00edch podm\u00ednek a z\u00e1sad ochrany osobn\u00edch \u00fadaj\u016f pro r\u016fzn\u00e9 aplikace, slu\u017eby a hry v Japonsku. Krom\u011b toho jsme schopni analyzovat va\u0161 [&hellip;]<\/p>\n","protected":false},"author":1,"featured_media":57154,"parent":0,"menu_order":7,"comment_status":"closed","ping_status":"closed","template":"other-page-temp.php","meta":{"footnotes":""},"acf":[],"_links":{"self":[{"href":"https:\/\/monolith.law\/cs\/wp-json\/wp\/v2\/pages\/32193"}],"collection":[{"href":"https:\/\/monolith.law\/cs\/wp-json\/wp\/v2\/pages"}],"about":[{"href":"https:\/\/monolith.law\/cs\/wp-json\/wp\/v2\/types\/page"}],"author":[{"embeddable":true,"href":"https:\/\/monolith.law\/cs\/wp-json\/wp\/v2\/users\/1"}],"replies":[{"embeddable":true,"href":"https:\/\/monolith.law\/cs\/wp-json\/wp\/v2\/comments?post=32193"}],"version-history":[{"count":24,"href":"https:\/\/monolith.law\/cs\/wp-json\/wp\/v2\/pages\/32193\/revisions"}],"predecessor-version":[{"id":62716,"href":"https:\/\/monolith.law\/cs\/wp-json\/wp\/v2\/pages\/32193\/revisions\/62716"}],"wp:featuredmedia":[{"embeddable":true,"href":"https:\/\/monolith.law\/cs\/wp-json\/wp\/v2\/media\/57154"}],"wp:attachment":[{"href":"https:\/\/monolith.law\/cs\/wp-json\/wp\/v2\/media?parent=32193"}],"curies":[{"name":"wp","href":"https:\/\/api.w.org\/{rel}","templated":true}]}}