{"id":32253,"date":"2023-11-06T23:30:39","date_gmt":"2023-11-06T14:30:39","guid":{"rendered":"https:\/\/monolith.law\/?page_id=32253"},"modified":"2024-08-14T15:22:41","modified_gmt":"2024-08-14T06:22:41","slug":"system-development","status":"publish","type":"page","link":"https:\/\/monolith.law\/cs\/system-development","title":{"rendered":"V\u00fdvoj syst\u00e9m\u016f"},"content":{"rendered":"\n<section class=\"heading-area\">\n\t<div class=\"heading-area-inner\">\n\t\t<h2 class=\"icon-system-development\">V\u00fdvoj syst\u00e9m\u016f<\/h2>\n\t\t<p>V\u00fdvoj vysoce specializovan\u00fdch syst\u00e9m\u016f \u010dasto zahrnuje slo\u017eit\u00e9 probl\u00e9my a jedn\u00e1n\u00ed p\u0159i vyjedn\u00e1v\u00e1n\u00ed smluv. Jsme p\u0159ipraveni podpo\u0159it va\u0161i spole\u010dnost vyu\u017eit\u00edm na\u0161ich znalost\u00ed nejen jako pr\u00e1vn\u00edch expert\u016f, ale i jako expert\u016f v oblasti IT, abychom ur\u010dili, co je pro spole\u010dnost z\u00e1sadn\u00ed.<\/p>\n\t<\/div>\n<\/section>\n\n<section class=\"white-section\">\n\t<div class=\"section-inner pdt0 border-bottom-section\">\n\t\t<p>Jako pr\u00e1vn\u00ed firma MONOLITH LAW OFFICE veden\u00e1 advok\u00e1tem s p\u0159edchoz\u00ed zku\u0161enost\u00ed jako IT in\u017een\u00fdr se zab\u00fdv\u00e1me v\u0161\u00edm od sestavov\u00e1n\u00ed, revize a vyjedn\u00e1v\u00e1n\u00ed smluv pro vysoce specializovan\u00fd v\u00fdvoj syst\u00e9m\u016f a\u017e po \u0159e\u0161en\u00ed spor\u016f, kdy\u017e k nim dojde. Tak\u00e9 sestavujeme smlouvy od z\u00e1klad\u016f na z\u00e1klad\u011b st\u00e1vaj\u00edc\u00edch materi\u00e1l\u016f, jako jsou n\u00e1vrhov\u00e9 dokumenty, a to s minimem sch\u016fzek.<\/p>\n\t<\/div>\n<\/section>\n\n<section class=\"second-nav\">\n\t<div class=\"second-nav-inner\">\n\t\t<p>T\u00c9MATA<\/p>\n\t\t<nav>\n\t\t\t<ul>\n\t\t\t\t<li><a href=\"#contract-drafting-in-system-development\">P\u0159\u00edprava smluv o v\u00fdvoji syst\u00e9m\u016f<\/a><\/li>\n\t\t\t\t<li><a href=\"#dispute-resolution-in-system-development\">\u0158e\u0161en\u00ed spor\u016f ve v\u00fdvoji syst\u00e9m\u016f<\/a><\/li>\n\t\t\t\t<li><a href=\"#drafting-with-minimal-operating-time\">Sestavov\u00e1n\u00ed s minim\u00e1ln\u00ed provozn\u00ed dobou<\/a><\/li>\n\t\t\t\t<li><a href=\"#examples-of-support-provided-by-our-firm\">P\u0159\u00edklady podpory poskytovan\u00e9 na\u0161\u00ed firmou<\/a><\/li>\n\t\t\t\t<li><a href=\"#publication-achievements-systems-development-legal\">Publikace knih o pr\u00e1vn\u00edch ot\u00e1zk\u00e1ch souvisej\u00edc\u00edch s v\u00fdvojem syst\u00e9m\u016f<\/a><\/li>\n\t\t\t\t<li><a href=\"#crypto-assets-and-blockchain\">Kryptoaktiva a blockchain<\/a><\/li>\n\t\t\t\t<li><a href=\"#manda\">M&amp;A<\/a><\/li>\n\t\t\t\t<li><a href=\"#monolith-law-magazine\">MONOLITH LAW MAGAZINE<\/a><\/li>\n\t\t\t\t<li><a href=\"#fee-structure\">Struktura poplatk\u016f<\/a><\/li>\n\t\t\t<\/ul>\n\t\t<\/nav>\n\t<\/div>\n<\/section>\n\n<section class=\"white-section mgt-section mgb-section80\">\n\t<div class=\"anchor\" id=\"contract-drafting-in-system-development\"><\/div>\n\t<div class=\"section-inner-black\">\n\t\t<h3>P\u0159\u00edprava smluv o v\u00fdvoji syst\u00e9m\u016f<\/h3>\n\t\t<p class=\"mgb-small\">V p\u0159\u00edpad\u011b v\u00fdvoje syst\u00e9m\u016f, a\u010dkoli mohou b\u00fdt stanoveny abstraktn\u00ed klauzule, jako je odpov\u011bdnost v p\u0159\u00edpad\u011b nesouladu smlouvy, smlouva uv\u00e1d\u00ed pouze &#8220;podle samostatn\u00e9 dohody&#8221;. Jin\u00fdmi slovy, konkr\u00e9tn\u00ed okolnosti t\u00fdkaj\u00edc\u00ed se syst\u00e9mu nebo projektu nejsou p\u0159\u00edmo zm\u00edn\u011bny. V d\u016fsledku toho je \u010dasto nejasn\u00e9, jak\u00fd bude v\u00fdsledek v p\u0159\u00edpad\u011b skute\u010dn\u00e9ho sporu.<\/p>\n\t\t<p class=\"mgb-middle\">Na\u0161e firma pova\u017euje nejen za d\u016fle\u017eit\u00e9 sestavov\u00e1n\u00ed smluv, ale tak\u00e9 hlubok\u00e9 porozum\u011bn\u00ed souvisej\u00edc\u00edmu v\u00fdvoji syst\u00e9m\u016f jako d\u016fle\u017eitou sou\u010d\u00e1st na\u0161\u00ed pr\u00e1ce.<\/p>\n\n\t<\/div>\n<\/section>\n\n<section class=\"purple-section\">\n\t<div class=\"anchor\" id=\"dispute-resolution-in-system-development\"><\/div>\n\t<div class=\"section-inner\">\n\t\t<div class=\"flex\">\n\t\t\t<div class=\"width41\"><img decoding=\"async\" src=\"\/wp-content\/themes\/monolith2021\/img\/systemdevelopment\/systemdevelopment_pic1.jpg\" alt=\" \u0158e\u0161en\u00ed spor\u016f p\u0159i v\u00fdvoji syst\u00e9m\u016f\"><\/div>\n\t\t\t<div class=\"width51\">\n\t\t\t\t<h3>\u0158e\u0161en\u00ed spor\u016f ve v\u00fdvoji syst\u00e9m\u016f<\/h3>\n\t\t\t\t<p class=\"mgb-small\">Pokud dojde ke sporu, jsme zodpov\u011bdn\u00ed za mimosoudn\u00ed n\u00e1roky na n\u00e1hradu \u0161kody, stejn\u011b jako za p\u0159edb\u011b\u017en\u00e1 opat\u0159en\u00ed a soudn\u00ed \u0159\u00edzen\u00ed.<\/p>\n\t\t\t\t<p>Je v\u0161ak preferov\u00e1no, aby spory v\u016fbec nevznikaly, a i kdy\u017e existuje p\u0159\u00edle\u017eitost ke sporu, je nejlep\u0161\u00ed, aby nedo\u0161lo k soudn\u00edmu \u0159\u00edzen\u00ed. Toto je na\u0161e z\u00e1kladn\u00ed n\u00e1zor a postoj, a na tomto p\u0159edpokladu poskytujeme na\u0161im korpor\u00e1tn\u00edm klient\u016fm ka\u017edodenn\u00ed pr\u00e1vn\u00ed slu\u017eby.<\/p>\n\t\t\t<\/div>\n\t\t<\/div>\n\t<\/div>\n<\/section>\n\n<section class=\"white-section\">\n\t<div class=\"anchor\" id=\"drafting-with-minimal-operating-time\"><\/div>\n\t<div class=\"section-inner\">\n\t\t<div class=\"flex reverse\">\n\t\t\t<div class=\"width41\"><img decoding=\"async\" src=\"\/wp-content\/themes\/monolith2021\/img\/pic\/pic_draft.jpg\" alt=\"Drafting with Minimal Operating Time\"><\/div>\n\t\t\t<div class=\"width51\">\n\t\t\t\t<h3>Sestavov\u00e1n\u00ed s minim\u00e1ln\u00ed provozn\u00ed dobou<\/h3>\n\t\t\t\t<p class=\"mgb-small\">N\u00e1\u0161 zakladatel a pr\u00e1vn\u00edk je b\u00fdval\u00fd IT in\u017een\u00fdr.<\/p>\n\t\t\t\t<p class=\"mgb-small\">Pro n\u00e1vrh smlouvy o v\u00fdvoji syst\u00e9mu a n\u00e1vrh sch\u00e9matu jako p\u0159edpokladu pro takovou smlouvu je nutn\u00e9 porozum\u011bt obrysu p\u0159\u00edslu\u0161n\u00e9ho syst\u00e9mu. Jsme schopni samostatn\u011b prostudovat r\u016fzn\u00e9 dokumenty a data, kter\u00e1 ji\u017e ve va\u0161\u00ed spole\u010dnosti existuj\u00ed, jako jsou definice po\u017eadavk\u016f a prodejn\u00ed materi\u00e1ly pro potenci\u00e1ln\u00ed klienty pro p\u0159\u00edslu\u0161n\u00fd v\u00fdvoj syst\u00e9mu.<\/p>\n\t\t\t\t<p>Proto m\u016f\u017eeme p\u0159ipravit n\u00e1vrhy smluv a dal\u0161\u00edch dokument\u016f s minim\u00e1ln\u00edm \u010dasem str\u00e1ven\u00fdm na sch\u016fzk\u00e1ch a podobn\u011b, co\u017e efektivn\u011b sni\u017euje komunika\u010dn\u00ed n\u00e1klady a \u010das pot\u0159ebn\u00fd k p\u0159\u00edprav\u011b.<\/p>\n\t\t\t<\/div>\n\t\t<\/div>\n\t<\/div>\n<\/section>\n\n<section class=\"orange-section\">\n\t<div class=\"anchor\" id=\"examples-of-support-provided-by-our-firm\"><\/div>\n\t<div class=\"section-inner\">\n\t\t<h3 class=\"mgb-middle\">P\u0159\u00edklady podpory poskytovan\u00e9 na\u0161\u00ed firmou<\/h3>\n\t\t<ul class=\"layout-column4\">\n\t\t\t<li>\n\t\t\t\t<div><img decoding=\"async\" src=\"\/wp-content\/themes\/monolith2021\/img\/systemdevelopment\/systemdevelopment_support_pic1.jpg\"><\/div>\n\t\t\t\t<h4>IT dodavatel\u00e9<\/h4>\n\t\t\t\t<p>Poskytujeme \u0161irokou \u0161k\u00e1lu slu\u017eeb pro spole\u010dnosti, kter\u00e9 poskytuj\u00ed slu\u017eby v\u00fdvoje syst\u00e9m\u016f, od n\u00e1vrhu smluv souvisej\u00edc\u00edch s v\u00fdvojem syst\u00e9m\u016f po \u0159e\u0161en\u00ed spor\u016f, a to formou pr\u00e1vn\u00edho poradenstv\u00ed a dal\u0161\u00edch pr\u00e1vn\u00edch slu\u017eeb. Zab\u00fdv\u00e1me se tak\u00e9 \u0161pi\u010dkov\u00fdmi oblastmi, jako jsou z\u00e1le\u017eitosti souvisej\u00edc\u00ed s blockchainem.<\/p>\n\t\t\t<\/li>\n\t\t\t<li>\n\t\t\t\t<div><img decoding=\"async\" src=\"\/wp-content\/themes\/monolith2021\/img\/systemdevelopment\/systemdevelopment_support_pic2.jpg\"><\/div>\n\t\t\t\t<h4>Obchodn\u00ed spole\u010dnosti<\/h4>\n\t\t\t\t<p>Poskytujeme \u0161irokou \u0161k\u00e1lu slu\u017eeb obchodn\u00edm spole\u010dnostem, kter\u00e9 zad\u00e1vaj\u00ed pr\u00e1ce na v\u00fdvoji syst\u00e9m\u016f. Zejm\u00e9na pro nov\u00e9 podniky spole\u010dnost\u00ed, kter\u00e9 se nespecializuj\u00ed na IT, m\u016f\u017eeme poskytnout podporu v\u010detn\u011b n\u00e1vrhu syst\u00e9mu pro cel\u00fd podnik, v\u010detn\u011b n\u00e1sledn\u00e9ho sledov\u00e1n\u00ed po dod\u00e1n\u00ed.<\/p>\n\t\t\t<\/li>\n\t\t\t<li>\n\t\t\t\t<div><img decoding=\"async\" src=\"\/wp-content\/themes\/monolith2021\/img\/systemdevelopment\/systemdevelopment_support_pic3.jpg\"><\/div>\n\t\t\t\t<h4>Syst\u00e9mov\u00e9 in\u017een\u00fdrsk\u00e9 slu\u017eby (SES)<\/h4>\n\t\t\t\t<p>MONOLITH LAW OFFICE poskytuje pr\u00e1vn\u00ed slu\u017eby mnoha spole\u010dnostem SES. Zab\u00fdv\u00e1me se n\u00e1vrhem smluv souvisej\u00edc\u00edch s SES, \u0159e\u0161en\u00edm mimosoudn\u00edch spor\u016f t\u00fdkaj\u00edc\u00edch se konkr\u00e9tn\u00edch probl\u00e9m\u016f a zastupov\u00e1n\u00edm v soudn\u00edch sporech.<\/p>\n\t\t\t<\/li>\n\t\t\t<li>\n\t\t\t\t<div><img decoding=\"async\" src=\"\/wp-content\/themes\/monolith2021\/img\/systemdevelopment\/systemdevelopment_support_pic4.jpg\"><\/div>\n\t\t\t\t<h4>Otev\u0159en\u00fd software (OSS)<\/h4>\n\t\t\t\t<p>\u00dasp\u011b\u0161n\u011b jsme poskytli profesion\u00e1ln\u00ed n\u00e1vrh a dohled nad u\u017eivatelskou dokumentac\u00ed pro spole\u010dnosti nab\u00edzej\u00edc\u00ed jak licence GPL, tak jin\u00e9 otev\u0159en\u00e9 zdrojov\u00e9 licence, stejn\u011b jako komer\u010dn\u00ed licence.<\/p>\n\t\t\t<\/li>\n\t\t<\/ul>\n\t<\/div>\n<\/section>\n\n<section class=\"white-section\">\n\t<div class=\"anchor\" id=\"publication-achievements-systems-development-legal\"><\/div>\n\t<div class=\"section-inner\">\n\t\t<div class=\"flex reverse\">\n\t\t\t<div class=\"width41\"><img decoding=\"async\" src=\"\/wp-content\/themes\/monolith2021\/img\/pic\/pic_publishing.jpg\" alt=\"Publikace knih o pr\u00e1vn\u00edch ot\u00e1zk\u00e1ch souvisej\u00edc\u00edch s v\u00fdvojem syst\u00e9mu\"><\/div>\n\t\t\t<div class=\"width51\">\n\t\t\t\t<h3>Publikace knih o pr\u00e1vn\u00edch ot\u00e1zk\u00e1ch souvisej\u00edc\u00edch s v\u00fdvojem syst\u00e9m\u016f<\/h3>\n\t\t\t\t<p class=\"mgb-small\">Jako pr\u00e1vn\u00ed kancel\u00e1\u0159 specializuj\u00edc\u00ed se na v\u00fdvoj syst\u00e9m\u016f pro webov\u00e9 slu\u017eby, aplikace a hry jsme vydali knihu &#8220;\u00davodn\u00ed pr\u00e1vn\u00ed ot\u00e1zky a odpov\u011bdi pro IT in\u017een\u00fdry&#8221;. V knize b\u00fdval\u00fd in\u017een\u00fdr a nyn\u011bj\u0161\u00ed pr\u00e1vn\u00edk vysv\u011btluje pr\u00e1vn\u00ed znalosti p\u0159edev\u0161\u00edm pro IT in\u017een\u00fdry.<\/p>\n\t\t\t\t<p>Kniha je slo\u017eena z kapitol Pasti autorsk\u00fdch pr\u00e1v, Pasti v\u00fdvojov\u00fdch smluv, Pasti pracovn\u011bpr\u00e1vn\u00edch vztah\u016f, Kontroln\u00ed body smluv, kter\u00e9 poskytuj\u00ed pr\u00e1vn\u00ed vysv\u011btlen\u00ed konkr\u00e9tn\u00edch bod\u016f, kter\u00e9 mohou b\u00fdt problematick\u00e9 v re\u00e1ln\u00fdch situac\u00edch v\u00fdvoje syst\u00e9m\u016f.<\/p>\n\t\t\t<\/div>\n\t\t<\/div>\n\t<\/div>\n<\/section>\n\n<section class=\"purple-section\">\n\t<div class=\"anchor\" id=\"crypto-assets-and-blockchain\"><\/div>\n\t<div class=\"section-inner\">\n\t\t<div class=\"flex\">\n\t\t\t<div class=\"width41\"><img decoding=\"async\" src=\"\/wp-content\/uploads\/2022\/07\/shutterstock_1151380622_2.png\" alt=\"Crypto Assets and Blockchain\"><\/div>\n\t\t\t<div class=\"width51\">\n\t\t\t\t<h3>Kryptoaktiva a Blockchain<\/h3>\n\t\t\t\t<p>Blockchain je decentralizovan\u00e1 datab\u00e1ze s n\u00edzk\u00fdm rizikem ztr\u00e1ty z\u00e1znam\u016f a obt\u00ed\u017enou zm\u011bnou minul\u00fdch z\u00e1znam\u016f. Je realizov\u00e1n prost\u0159ednictv\u00edm IT technik, jako jsou algoritmy konsenzu, kryptografie a P2P s\u00edt\u011b. Pr\u00e1vnick\u00e1 kancel\u00e1\u0159 MONOLITH LAW OFFICE se zab\u00fdv\u00e1 pr\u00e1vn\u00edmi pracemi t\u00fdkaj\u00edc\u00edmi se kryptoaktiv a blockchainu od sv\u00e9ho otev\u0159en\u00ed v roce 2017.<\/p>\n\t\t\t<\/div>\n\t\t<\/div>\n\t<\/div>\n<\/section>\n\n<section class=\"white-section mgt-section mgb-section\">\n\t<div class=\"anchor\" id=\"manda\"><\/div>\n\t<div class=\"section-inner-black\">\n\t\t<h3>M&amp;A<\/h3>\n\t\t<p class=\"mgb-middle\">M\u00e1me rozs\u00e1hl\u00e9 zku\u0161enosti s M&amp;A t\u00fdkaj\u00edc\u00ed se IT syst\u00e9m\u016f, v\u010detn\u011b p\u0159evod\u016f podnik\u00e1n\u00ed a akvizic aplikac\u00ed a webov\u00fdch slu\u017eeb.<\/p>\n\t<\/div>\n<\/section>\n\n<section class=\"purple2-section\">\n\t<div class=\"anchor\" id=\"monolith-law-magazine\"><\/div>\n\t<div class=\"section-inner\">\n\t\t    <section class=\"white-section temp-article\">\n        <div class=\"section-inner\">\n            <h4>MONOLITH LAW MAGAZINE<\/h4>\n            <div class=\"articles type_practice_column\">\n                                                                    <div class=\"article article-area\">\n                        <figure>\n                            <div class=\"img-wrap\">\n                                <img alt=\"Jakou odpov\u011bdnost nese dodavatel za dod\u00e1vky obsahuj\u00edc\u00ed OSS? Vysv\u011btlen\u00ed ob\u010danskopr\u00e1vn\u00ed odpov\u011bdnosti a opat\u0159en\u00ed podle typu smlouvy\" src=\"https:\/\/monolith.law\/cs\/wp-content\/uploads\/sites\/34\/2025\/08\/a3e2bebbbd18ab9195487c8b62e3ba94.webp\" width=\"500\" height=\"250\">\n                            <\/div>\n                            <figcaption>\n                                <div class=\"figcaption-inner\">\n                                    <h3>Jakou odpov\u011bdnost nese dodavatel za dod\u00e1vky obsahuj\u00edc\u00ed OSS? Vysv\u011btlen\u00ed ob\u010danskop.<\/h3>\n                                <\/div>\n                            <\/figcaption>\n                            <a href=\"https:\/\/monolith.law\/cs\/it\/oss-contract\"><\/a>\n                        <\/figure>\n                    <\/div>\n                                                    <div class=\"article article-area\">\n                        <figure>\n                            <div class=\"img-wrap\">\n                                <img alt=\"Vysv\u011btlen\u00ed osmi pr\u00e1vn\u00edch probl\u00e9m\u016f p\u0159i v\u00fdvoji softwaru s vyu\u017eit\u00edm open-source softwaru (OSS)\" src=\"https:\/\/monolith.law\/cs\/wp-content\/uploads\/sites\/34\/2025\/08\/2e3dcd72416c364f481cdcf21967a2a8.webp\" width=\"500\" height=\"250\">\n                            <\/div>\n                            <figcaption>\n                                <div class=\"figcaption-inner\">\n                                    <h3>Vysv\u011btlen\u00ed osmi pr\u00e1vn\u00edch probl\u00e9m\u016f p\u0159i v\u00fdvoji softwaru s vyu\u017eit\u00edm open-source sof.<\/h3>\n                                <\/div>\n                            <\/figcaption>\n                            <a href=\"https:\/\/monolith.law\/cs\/it\/oss-law\"><\/a>\n                        <\/figure>\n                    <\/div>\n                                                    <div class=\"article article-area\">\n                        <figure>\n                            <div class=\"img-wrap\">\n                                <img alt=\"D\u016fle\u017eit\u00e9 body p\u0159i pou\u017e\u00edv\u00e1n\u00ed OSS v r\u00e1mci smlouvy o v\u00fdvoji softwaru na zak\u00e1zku\" src=\"https:\/\/monolith.law\/cs\/wp-content\/uploads\/sites\/34\/2025\/08\/9132dea58501d53c6b72439e72a5a1e0.webp\" width=\"500\" height=\"250\">\n                            <\/div>\n                            <figcaption>\n                                <div class=\"figcaption-inner\">\n                                    <h3>D\u016fle\u017eit\u00e9 body p\u0159i pou\u017e\u00edv\u00e1n\u00ed OSS v r\u00e1mci smlouvy o v\u00fdvoji softwaru na zak\u00e1zku<\/h3>\n                                <\/div>\n                            <\/figcaption>\n                            <a href=\"https:\/\/monolith.law\/cs\/it\/oss-development-contract\"><\/a>\n                        <\/figure>\n                    <\/div>\n                                            <\/div>\n            <div class=\"btn-more\"><a href=\"https:\/\/monolith.law\/cs\/tag\/system-development\">Read More<\/a><\/div>\n        <\/div>\n    <\/section>\n\t<\/div>\n<\/section>\n\n<section class=\"orange2-section\">\n\t<div class=\"anchor\" id=\"fee-structure\"><\/div>\n\t<div class=\"section-inner\">\n\t<div class=\"planWrap\">\n\t<h3>Struktura poplatk\u016f<\/h3>\n\t<ul class=\"plan\">\n\t\t<li class=\"txt-left\">\n\t\t\t<div class=\"plan-inner\">\n\t\t\t<div class=\"plan-header\">\n\t\t\t<h4 class=\"plan-title\">Hodinov\u00e1 sazba<\/h4>\n\t\t\t<div class=\"plan-price\"><span class=\"price-figure\">$300<\/span>za hodinu<span class=\"price-tax\"><\/span><\/div>\n\t\t\t<\/div>\n\t\t\t<div class=\"plan-body\">V ur\u010dit\u00fdch p\u0159\u00edpadech m\u016f\u017eeme zv\u00e1\u017eit p\u0159ijet\u00ed sporu nebo soudn\u00edho \u0159\u00edzen\u00ed s po\u010d\u00e1te\u010dn\u00edm poplatkem a \u00fasp\u011b\u0161nostn\u00ed odm\u011bnou. Pro v\u00edce informac\u00ed n\u00e1s nev\u00e1hejte kontaktovat.<\/div>\n\t\t\t<\/div>\n\t\t<\/li>\n\t\t<li class=\"txt-left\">\n\t\t\t<div class=\"plan-inner\">\n\t\t\t<div class=\"plan-header\">\n\t\t\t<h4 class=\"plan-title\">Sestavov\u00e1n\u00ed smluv<\/h4>\n\t\t\t<div class=\"plan-price\"><span class=\"price-value\">od<\/span><span class=\"price-figure\">$500<\/span><span class=\"price-value\">do $2,000 nebo v\u00edce<\/span><span class=\"price-tax\"><\/span><\/div>\n\t\t\t<\/div>\n\t\t\t<div class=\"plan-body\">Cenov\u00e1 struktura se m\u016f\u017ee li\u0161it v z\u00e1vislosti na typu a mno\u017estv\u00ed smluv. R\u00e1di v\u00e1m poskytneme p\u0159edb\u011b\u017en\u00fd odhad na vy\u017e\u00e1d\u00e1n\u00ed, proto n\u00e1s nev\u00e1hejte kontaktovat pro dal\u0161\u00ed informace.<\/div>\n\t\t\t<\/div>\n\t\t<\/li>\n\t\t<li class=\"txt-left\">\n\t\t\t<div class=\"plan-inner\">\n\t\t\t<div class=\"plan-header\">\n\t\t\t<h4 class=\"plan-title\">Dal\u0161\u00ed slu\u017eby<\/h4>\n\t\t\t<div class=\"plan-price\"><span class=\"price-figure\">Kontaktujte n\u00e1s<\/span><\/div>\n\t\t\t<\/div>\n\t\t\t<div class=\"plan-body\">Nab\u00edz\u00edme \u0161irokou \u0161k\u00e1lu slu\u017eeb v\u010detn\u011b zakl\u00e1d\u00e1n\u00ed spole\u010dnost\u00ed, p\u0159ezkumu smluv, pr\u00e1vn\u00edch stanovisek, p\u0159ezkumu p\u0159\u00edpad\u016f nebo v\u00fdzkumn\u00fdch dopis\u016f. Pokud m\u00e1te jak\u00e9koli dotazy nebo obavy, srde\u010dn\u011b v\u00e1s zveme, abyste n\u00e1s kontaktovali a n\u00e1\u0161 zku\u0161en\u00fd t\u00fdm v\u00e1m r\u00e1d pom\u016f\u017ee.<\/div>\n\t\t\t<\/div>\n\t\t\t<\/div>\n\t\t<\/li>\n\t<\/ul>\n\t<\/div>\n\t<\/div>\n<\/section>\n\n<section class=\"white-section\">\n\t<div class=\"section-inner\">\n\t\t<div class=\"btn-area\">\n\t\t\t<div class=\"btn icon-contact\"><a href=\"\/cs\/contact\">Kontaktujte n\u00e1s<\/a><\/div>\n\t\t<\/div>\n\t<\/div>\n<\/section>\n","protected":false},"excerpt":{"rendered":"<p>V\u00fdvoj syst\u00e9m\u016f V\u00fdvoj vysoce specializovan\u00fdch syst\u00e9m\u016f \u010dasto zahrnuje slo\u017eit\u00e9 probl\u00e9my a jedn\u00e1n\u00ed p\u0159i vyjedn\u00e1v\u00e1n\u00ed smluv. Jsme p\u0159ipraveni podpo\u0159it va\u0161i spole\u010dnost vyu\u017eit\u00edm na\u0161ich znalost\u00ed nejen jako pr\u00e1vn\u00ed [&hellip;]<\/p>\n","protected":false},"author":1,"featured_media":57152,"parent":0,"menu_order":7,"comment_status":"closed","ping_status":"closed","template":"other-page-temp.php","meta":{"footnotes":""},"acf":[],"_links":{"self":[{"href":"https:\/\/monolith.law\/cs\/wp-json\/wp\/v2\/pages\/32253"}],"collection":[{"href":"https:\/\/monolith.law\/cs\/wp-json\/wp\/v2\/pages"}],"about":[{"href":"https:\/\/monolith.law\/cs\/wp-json\/wp\/v2\/types\/page"}],"author":[{"embeddable":true,"href":"https:\/\/monolith.law\/cs\/wp-json\/wp\/v2\/users\/1"}],"replies":[{"embeddable":true,"href":"https:\/\/monolith.law\/cs\/wp-json\/wp\/v2\/comments?post=32253"}],"version-history":[{"count":37,"href":"https:\/\/monolith.law\/cs\/wp-json\/wp\/v2\/pages\/32253\/revisions"}],"predecessor-version":[{"id":64664,"href":"https:\/\/monolith.law\/cs\/wp-json\/wp\/v2\/pages\/32253\/revisions\/64664"}],"wp:featuredmedia":[{"embeddable":true,"href":"https:\/\/monolith.law\/cs\/wp-json\/wp\/v2\/media\/57152"}],"wp:attachment":[{"href":"https:\/\/monolith.law\/cs\/wp-json\/wp\/v2\/media?parent=32253"}],"curies":[{"name":"wp","href":"https:\/\/api.w.org\/{rel}","templated":true}]}}