{"id":32408,"date":"2023-11-07T23:20:29","date_gmt":"2023-11-07T14:20:29","guid":{"rendered":"https:\/\/monolith.law\/?page_id=32408"},"modified":"2024-02-14T11:59:22","modified_gmt":"2024-02-14T02:59:22","slug":"m-and-a","status":"publish","type":"page","link":"https:\/\/monolith.law\/cs\/m-and-a","title":{"rendered":"F\u00faze a akvizice (M&amp;A)"},"content":{"rendered":"\n<section class=\"heading-area\">\n\t<div class=\"heading-area-inner\">\n\t\t<h2 class=\"icon-m-and-a\">F\u00faze a akvizice (M&amp;A)<\/h2>\n\t\t<p>Ve spole\u010dnosti MONOLITH LAW OFFICE jsme zvl\u00e1dli mnoho pr\u00e1vn\u00edch z\u00e1le\u017eitost\u00ed souvisej\u00edc\u00edch s kapit\u00e1lov\u00fdmi pod\u00edly a M&amp;A, zam\u011b\u0159en\u00fdch p\u0159edev\u0161\u00edm na IT, v\u010detn\u011b aplikac\u00ed a webov\u00fdch slu\u017eeb. Jsme schopni zvl\u00e1dnout pr\u00e1vn\u00ed due diligence (DD) p\u0159i akvizic\u00edch spole\u010dnost\u00ed a v dal\u0161\u00edch situac\u00edch.<\/p>\n\t<\/div>\n<\/section>\n\n<section class=\"white-section\">\n\t<div class=\"section-inner pdt0 border-bottom-section\">\n\t\t<p>MONOLITH LAW OFFICE zvl\u00e1dla mno\u017estv\u00ed transakc\u00ed M&amp;A, v\u010detn\u011b p\u0159evod\u016f podnik\u016f, pr\u00e1vn\u00edch z\u00e1le\u017eitost\u00ed souvisej\u00edc\u00edch s kapit\u00e1lov\u00fdmi pod\u00edly, jako je p\u0159id\u011blov\u00e1n\u00ed akci\u00ed t\u0159et\u00edm stran\u00e1m, vyd\u00e1v\u00e1n\u00ed akciov\u00fdch opc\u00ed, management buyouts (MBO) a z\u0159izov\u00e1n\u00ed spole\u010dn\u00fdch podnik\u016f (JV), stejn\u011b jako \u0159e\u0161en\u00ed spor\u016f souvisej\u00edc\u00edch s t\u011bmito transakcemi, p\u0159ev\u00e1\u017en\u011b v oblasti IT, v\u010detn\u011b aplikac\u00ed a webov\u00fdch slu\u017eeb. Nav\u00edc m\u00e1me syst\u00e9m pro prov\u00e1d\u011bn\u00ed takzvan\u00e9 pr\u00e1vn\u00ed due diligence (DD), co\u017e je pr\u00e1vn\u00ed \u0161et\u0159en\u00ed potvrzuj\u00edc\u00ed, zda existuj\u00ed n\u011bjak\u00e9 z\u00e1va\u017en\u00e9 pr\u00e1vn\u00ed probl\u00e9my v situac\u00edch jako jsou akvizice spole\u010dnost\u00ed.<\/p>\n\t<\/div>\n<\/section>\n\n<section class=\"second-nav\">\n\t<div class=\"second-nav-inner\">\n\t\t<p>T\u00c9MATA<\/p>\n\t\t<nav>\n\t\t\t<ul>\n\t\t\t\t<li><a href=\"#examples-of-support-provided-by-our-firm\">P\u0159\u00edklady podpory poskytovan\u00e9 na\u0161\u00ed firmou<\/a><\/li>\n\t\t\t\t<li><a href=\"#share-and-capital-increase\">Akcie a zv\u00fd\u0161en\u00ed kapit\u00e1lu<\/a><\/li>\n\t\t\t\t<li><a href=\"#ma-related-legal-affairs\">Pr\u00e1vn\u00ed z\u00e1le\u017eitosti souvisej\u00edc\u00ed s M&amp;A<\/a><\/li>\n\t\t\t\t<li><a href=\"#ma-of-sns-such-as-youtube\">M&amp;A soci\u00e1ln\u00edch s\u00edt\u00ed jako je YouTube<\/a><\/li>\n\t\t\t\t<li><a href=\"#one-stop-service-in-cooperation-with-judicial-scriveners\">Komplexn\u00ed slu\u017eby ve spolupr\u00e1ci s justi\u010dn\u00edmi \u00fa\u0159edn\u00edky<\/a><\/li>\n\t\t\t\t<li><a href=\"#legal-due-diligence-dd-support\">Podpora pr\u00e1vn\u00edho due diligence<\/a><\/li>\n\t\t\t\t<li><a href=\"#legal-due-diligence-cases-we-have-handled\">P\u0159\u00edpady pr\u00e1vn\u00edho due diligence, kter\u00e9 jsme \u0159e\u0161ili<\/a><\/li>\n\t\t\t\t<li><a href=\"#disputes-related-to-stocks-and-investments\">Spory souvisej\u00edc\u00ed s akciemi a investicemi<\/a><\/li>\n\t\t\t\t<li><a href=\"#monolith-law-magazine\">MONOLITH LAW MAGAZINE<\/a><\/li>\n\t\t\t\t<li><a href=\"#fee-structure\">Struktura poplatk\u016f<\/a><\/li>\n\t\t\t<\/ul>\n\t\t<\/nav>\n\t<\/div>\n<\/section>\n\n<section class=\"white-section\">\n\t<div class=\"anchor\" id=\"examples-of-support-provided-by-our-firm\"><\/div>\n\t<div class=\"section-inner-bottomhalf\">\n\t\t<h3 class=\"mgb-middle\">P\u0159\u00edklady podpory poskytovan\u00e9 na\u0161\u00ed firmou<\/h3>\n\t\t<ul class=\"mgb-small layout-column4\">\n\t\t\t<li>\n\t\t\t\t<h4>Zv\u00fd\u0161en\u00ed kapit\u00e1lu prost\u0159ednictv\u00edm p\u0159id\u011blen\u00ed akci\u00ed t\u0159et\u00edm stran\u00e1m<\/h4>\n\t\t\t\t<div><img decoding=\"async\" src=\"\/wp-content\/themes\/monolith2021\/img\/stockrelatedlaw\/stockrelatedlaw_support_pic1.jpg\"><\/div>\n\t\t\t\t<p>Pomohli jsme mnoha startupov\u00fdm spole\u010dnostem z\u00edskat kapit\u00e1l prost\u0159ednictv\u00edm p\u0159id\u011blen\u00ed akci\u00ed t\u0159et\u00edm stran\u00e1m. Tak\u00e9 jsme asistovali k\u00f3tovan\u00e9 spole\u010dnosti p\u0159i jej\u00edm prvn\u00edm investi\u010dn\u00edm vstupu do venture kapit\u00e1lu t\u00edm, \u017ee jsme vypracovali term sheet a investi\u010dn\u00ed smlouvu.<\/p>\n\t\t\t<\/li>\n\t\t\t<li>\n\t\t\t\t<h4>Management Buyout (MBO)<\/h4>\n\t\t\t\t<div><img decoding=\"async\" src=\"\/wp-content\/themes\/monolith2021\/img\/stockrelatedlaw\/stockrelatedlaw_support_pic2.jpg\"><\/div>\n\t\t\t\t<p>Spolupracovali jsme s venture spole\u010dnostmi, kter\u00e9 m\u011bly probl\u00e9my s kapit\u00e1lov\u00fdmi vztahy, na v\u00fdvoji strategi\u00ed a p\u0159\u00edprav\u011b r\u016fzn\u00fdch dohod pro management buyouts (MBO), jako je z\u00edsk\u00e1v\u00e1n\u00ed financ\u00ed, zalo\u017een\u00ed nov\u00e9 pr\u00e1vnick\u00e9 osoby slou\u017e\u00edc\u00ed jako n\u00e1stroj a umo\u017en\u011bn\u00ed t\u00e9to nov\u00e9 pr\u00e1vnick\u00e9 osob\u011b z\u00edskat akcie od st\u00e1vaj\u00edc\u00edch akcion\u00e1\u0159\u016f.<\/p>\n\t\t\t<\/li>\n\t\t\t<li>\n\t\t\t\t<h4>Zalo\u017een\u00ed Joint Ventures<\/h4>\n\t\t\t\t<div><img decoding=\"async\" src=\"\/wp-content\/themes\/monolith2021\/img\/stockrelatedlaw\/stockrelatedlaw_support_pic3.jpg\"><\/div>\n\t\t\t\t<p>Pracovali jsme se startupov\u00fdmi spole\u010dnostmi na zalo\u017een\u00ed joint ventures (JV), ve kter\u00fdch startupov\u00e1 spole\u010dnost a velk\u00fd podnikatelsk\u00fd subjekt dr\u017e\u00ed akcie ve stejn\u00e9 spole\u010dnosti, a to prost\u0159ednictv\u00edm vypracov\u00e1n\u00ed term sheet\u016f, vyjedn\u00e1v\u00e1n\u00ed smluv a p\u0159evodu podnik\u00e1n\u00ed od startupov\u00e9 spole\u010dnosti k nov\u011b zalo\u017een\u00e9 spole\u010dnosti.<\/p>\n\t\t\t\t<\/li>\n\t\t\t<li>\n\t\t\t\t<h4>Spory souvisej\u00edc\u00ed s akciemi<\/h4>\n\t\t\t\t<div><img decoding=\"async\" src=\"\/wp-content\/themes\/monolith2021\/img\/stockrelatedlaw\/stockrelatedlaw_support_pic4.jpg\"><\/div>\n\t\t\t\t<p>Zab\u00fdvali jsme se p\u0159\u00edpady, kdy startupov\u00e1 spole\u010dnost obdr\u017eela investici od soukrom\u00e9ho investora a n\u00e1sledn\u011b byla zpochybn\u011bna platnost investi\u010dn\u00ed smlouvy, a p\u0159\u00edpady, kdy zakladatel \u00fasp\u011b\u0161n\u00e9 spole\u010dnosti po buyoutu byl n\u00e1sledn\u011b obvin\u011bn z nespln\u011bn\u00ed sv\u00fdch z\u00e1vazk\u016f a obdr\u017eel od spole\u010dnosti, kter\u00e9 prodal akcie, n\u00e1rok na n\u00e1hradu \u0161kody, od vyjedn\u00e1v\u00e1n\u00ed mimo soud a\u017e po soudn\u00ed \u0159\u00edzen\u00ed.<\/p>\n\t\t\t<\/li>\n\t\t<\/ul>\n\t<\/div>\n<\/section>\n\n<section class=\"white-section\">\n\t<div class=\"section-inner-tophalf\">\n\t\t<div class=\"frame2 max-width860 txt-center-pc\">\n\t\t\t<p class=\"bold txt-l\">Poskytli jsme pr\u00e1vn\u00ed poradenstv\u00ed mnoha IT startupov\u00fdm spole\u010dnostem.<br>Pr\u00e1vn\u00ed pr\u00e1ce souvisej\u00edc\u00ed s akciemi a f\u00fazemi a akvizicemi pat\u0159\u00ed mezi na\u0161e hlavn\u00ed oblasti praxe.<\/p>\n\t\t<\/div>\n\t<\/div>\n<\/section>\n\n<section class=\"white-section mgb-section80\">\n\t<div class=\"anchor\" id=\"share-and-capital-increase\"><\/div>\n\t<div class=\"section-inner-black\">\n\t\t<h3>Akcie a zv\u00fd\u0161en\u00ed kapit\u00e1lu<\/h3>\n\t\t<p class=\"mgb-middle\">Pokud jde o vyd\u00e1n\u00ed akci\u00ed prost\u0159ednictv\u00edm p\u0159id\u011blen\u00ed t\u0159et\u00ed stran\u011b, zvl\u00e1d\u00e1me v\u0161e od p\u0159\u00edpravy term sheet\u016f po sestaven\u00ed investi\u010dn\u00edch smluv a smluv mezi akcion\u00e1\u0159i. Tak\u00e9 se zab\u00fdv\u00e1me n\u00e1vrhem t\u0159\u00edd akci\u00ed, kter\u00e9 stanovuj\u00ed preferen\u010dn\u00ed distribuci atd., vyd\u00e1n\u00edm pr\u00e1v na n\u00e1kup akci\u00ed, dohodami mezi zakladateli, p\u0159evodem akci\u00ed a r\u016fzn\u00fdmi dal\u0161\u00edmi strategiemi a smlouvami t\u00fdkaj\u00edc\u00edmi se kapit\u00e1lu.<\/p>\n\n\n\n\t<\/div>\n<\/section>\n\n<section class=\"white-section mgb-section100\">\n\t<div class=\"anchor\" id=\"ma-related-legal-affairs\"><\/div>\n\t<div class=\"section-inner-black\">\n\t\t<h3>Pr\u00e1vn\u00ed z\u00e1le\u017eitosti souvisej\u00edc\u00ed s M&amp;A<\/h3>\n\t\t<p class=\"mgb-middle\">M\u00e1me rozs\u00e1hl\u00e9 zku\u0161enosti s transakcemi f\u00faz\u00ed a akvizic v \u0161irok\u00e9m smyslu tohoto term\u00ednu, p\u0159edev\u0161\u00edm v oblasti IT, v\u010detn\u011b p\u0159evod\u016f podnik\u00e1n\u00ed webov\u00fdch slu\u017eeb a aplikac\u00ed a odkupu pod\u00edl\u016f ve startupov\u00fdch spole\u010dnostech. Tak\u00e9 jsme zastupovali klienta, spole\u010dnost uvedenou na hlavn\u00edm trhu Tokijsk\u00e9 burzy cenn\u00fdch pap\u00edr\u016f, p\u0159i p\u0159evodu jej\u00edho podnik\u00e1n\u00ed v oblasti IT syst\u00e9m\u016f od startupov\u00e9 spole\u010dnosti.<\/p>\n\n\n\n\t<\/div>\n<\/section>\n\n<section class=\"purple-section\">\n\t<div class=\"anchor\" id=\"ma-of-sns-such-as-youtube\"><\/div>\n\t<div class=\"section-inner\">\n\t\t<div class=\"flex reverse\">\n\t\t\t<div class=\"width41\"><img decoding=\"async\" src=\"\/wp-content\/themes\/monolith2021\/img\/pic\/pic_sns_manda.jpg\" alt=\"M&amp;A of SNS such as YouTube\"><\/div>\n\t\t\t<div class=\"width51\">\n\t\t\t\t<h3>M&amp;A soci\u00e1ln\u00edch s\u00edt\u00ed jako je YouTube<\/h3>\n\t\t\t\t<p class=\"mgb-small\">Kan\u00e1ly na YouTube a \u00fa\u010dty na Twitteru jsou p\u0159edm\u011btem M&amp;A, stejn\u011b jako webov\u00e9 str\u00e1nky atd. Vzhledem k specifick\u00e9 povaze t\u011bchto M&amp;A transakc\u00ed je v\u0161ak vy\u017eadov\u00e1na pr\u00e1vn\u00ed kancel\u00e1\u0159 s odborn\u00fdmi znalostmi a know-how.<\/p>\n\t\t\t\t<p class=\"mgb-small\">Na\u0161e kancel\u00e1\u0159 se zab\u00fdvala mnoha M&amp;A transakcemi pro kan\u00e1ly na YouTube a dal\u0161\u00ed, od mal\u00fdch \u010d\u00e1stek a\u017e po ty, kter\u00e9 zahrnovaly v\u00edce ne\u017e 100 milion\u016f jen\u016f, poskytujeme pr\u00e1vn\u00ed slu\u017eby od sestavov\u00e1n\u00ed smluv a\u017e po prov\u00e1d\u011bn\u00ed due diligence (DD).<\/p>\n\t\t\t\t<div class=\"btn-area align-left\">\n\t\t\t\t\t\n\t\t\t\t<\/div>\n\t\t\t<\/div>\n\t\t<\/div>\n\t<\/div>\n<\/section>\n\n<section class=\"white-section\">\n\t<div class=\"anchor\" id=\"one-stop-service-in-cooperation-with-judicial-scriveners\"><\/div>\n\t<div class=\"section-inner\">\n\t\t<div class=\"flex\">\n\t\t\t<div class=\"width41\"><img decoding=\"async\" src=\"\/wp-content\/themes\/monolith2021\/img\/stockrelatedlaw\/stockrelatedlaw_pic2.jpg\" alt=\"Kompletn\u00ed servis ve spolupr\u00e1ci s justi\u010dn\u00edmi komorn\u00edky\"><\/div>\n\t\t\t<div class=\"width51\">\n\t\t\t\t<h3>Komplexn\u00ed slu\u017eby ve spolupr\u00e1ci s justi\u010dn\u00edmi \u00fa\u0159edn\u00edky<\/h3>\n\t\t\t\t<p class=\"mgb-small\">R\u016fzn\u00e9 typy prac\u00ed, jako je t\u0159et\u00ed stran\u011b p\u0159id\u011blen\u00ed nov\u00fdch akci\u00ed, jsou v\u011bt\u0161inou rozd\u011bleny na p\u0159\u00edpravu term sheetu, vyjedn\u00e1v\u00e1n\u00ed smluv a p\u0159\u00edpravu investi\u010dn\u00edch smluv a smluv akcion\u00e1\u0159\u016f, ve kter\u00fdch se pr\u00e1vn\u00edci specializuj\u00ed, a na pr\u00e1ci souvisej\u00edc\u00ed s registrac\u00ed, ve kter\u00e9 maj\u00ed odborn\u00e9 znalosti not\u00e1\u0159i.<\/p>\n\t\t\t\t<p class=\"mgb-small\">A jeliko\u017e jsou tyto pr\u00e1ce vz\u00e1jemn\u011b propojen\u00e9, n\u00e1klady na komunikaci se zvy\u0161uj\u00ed, pokud mus\u00ed klienti jednat s v\u00edce firmami odd\u011blen\u011b.<\/p>\n\t\t\t\t<p>MONOLITH LAW OFFICE, ve spolupr\u00e1ci s not\u00e1\u0159sk\u00fdmi kancel\u00e1\u0159emi, m\u016f\u017ee poskytnout v\u0161echny tyto slu\u017eby na jednom m\u00edst\u011b a v jednotn\u00e9m stylu.<\/p>\n\t\t\t<\/div>\n\t\t<\/div>\n\t<\/div>\n<\/section>\n\n<section class=\"orange-section\">\n\t<div class=\"anchor\" id=\"legal-due-diligence-dd-support\"><\/div>\n\t<div class=\"section-inner\">\n\t\t<div class=\"flex reverse\">\n\t\t\t<div class=\"width41\"><img decoding=\"async\" src=\"\/wp-content\/themes\/monolith2021\/img\/pic\/pic_legalduediligence.jpg\" alt=\"Podpora pr\u00e1vn\u00ed d\u016fkladnosti\"><\/div>\n\t\t\t<div class=\"width51\">\n\t\t\t\t<h3>Podpora pr\u00e1vn\u00edho due diligence<\/h3>\n\t\t\t\t<p class=\"mgb-small\">P\u0159i korpor\u00e1tn\u00edch akvizic\u00edch a v dal\u0161\u00edch situac\u00edch je pr\u00e1vn\u00ed due diligence (DD) pr\u00e1vn\u00ed vy\u0161et\u0159en\u00ed, kter\u00e9 zji\u0161\u0165uje, zda neexistuj\u00ed \u017e\u00e1dn\u00e9 zvl\u00e1\u0161t\u011b v\u00e1\u017en\u00e9 pr\u00e1vn\u00ed probl\u00e9my v n\u00e1sleduj\u00edc\u00edch oblastech: zalo\u017een\u00ed spole\u010dnosti, korpor\u00e1tn\u00ed struktura, akcie, akcion\u00e1\u0159i, p\u0159idru\u017een\u00e9 spole\u010dnosti, f\u00faze a akvizice (M&amp;A), nemovitosti, movit\u00e9 majetky, pr\u00e1va du\u0161evn\u00edho vlastnictv\u00ed, finance, smlouvy, soudn\u00ed spory a neshody, dodr\u017eov\u00e1n\u00ed p\u0159edpis\u016f a tak d\u00e1le. Due diligence (DD) je \u00fakol, kter\u00fd vy\u017eaduje organiza\u010dn\u00ed dovednosti ze strany pr\u00e1vn\u00edch kancel\u00e1\u0159\u00ed. N\u00e1\u0161 t\u00fdm 30 pr\u00e1vn\u00edk\u016f je schopen prov\u00e1d\u011bt takov\u00e9 pr\u00e1vn\u00ed due diligence a p\u0159ipravovat zpr\u00e1vy o DD v\u010das.<\/p>\n\t\t\t\t<p><span class=\"bold\">*P\u0159i p\u0159\u00edprav\u011b zpr\u00e1vy o DD obecn\u011b trv\u00e1 v\u00edce ne\u017e 30 hodin pr\u00e1vn\u00edkova \u010dasu (pr\u00e1vn\u00edk\u016fv honor\u00e1\u0159 je o n\u011bco v\u00edce ne\u017e 12,000 dolar\u016f).<\/span><\/p>\n\t\t\t<\/div>\n\t\t<\/div>\n\t<\/div>\n<\/section>\n\n<section class=\"orange2-section\">\n\t<div class=\"anchor\" id=\"legal-due-diligence-cases-we-have-handled\"><\/div>\n\t<div class=\"section-inner\">\n\t\t<h3>P\u0159\u00edpady pr\u00e1vn\u00edho due diligence, kter\u00e9 jsme \u0159e\u0161ili<\/h3>\n\t\t<p class=\"mgb-small\">Z\u00e1kladn\u00ed rozsah due diligence zahrnuje ot\u00e1zky, kter\u00e9 slou\u017e\u00ed jako z\u00e1klad pro spole\u010dnosti nebo podnikatelsk\u00e9 operace, stejn\u011b jako ty, kter\u00e9 maj\u00ed v\u00fdznamn\u00fd dopad na podnikov\u00e9 aktivity.<\/p>\n\t\t<p class=\"mgb-small\">Konkr\u00e9tn\u011b to zahrnuje posouzen\u00ed z hlediska korpor\u00e1tn\u00ed struktury a spr\u00e1vy, zda mohou spole\u010dnosti nebo podniky udr\u017eet svou \u017eivotaschopnost, identifikaci nezbytn\u00fdch pr\u00e1vn\u00edch p\u0159edpis\u016f a povolen\u00ed pro dal\u0161\u00ed postup spole\u010dnost\u00ed a podnik\u016f a ur\u010den\u00ed, zda je udr\u017een\u00ed takov\u00fdch povolen\u00ed provediteln\u00e9. D\u00e1le to zahrnuje hodnocen\u00ed stavu d\u016fle\u017eit\u00fdch aktiv a pasiv souvisej\u00edc\u00edch s podnik\u00e1n\u00edm, zji\u0161t\u011bn\u00ed absence z\u00e1sadn\u00edch smluv (v\u010detn\u011b pracovn\u00edch a transakc\u00ed se souvisej\u00edc\u00edmi stranami), posouzen\u00ed proveditelnosti jejich pokra\u010dov\u00e1n\u00ed za v\u00fdhodn\u00fdch podm\u00ednek a vyhodnocen\u00ed potenci\u00e1ln\u00edho dopadu se projevuj\u00edc\u00edch rizik, kter\u00e1 mohou nastat.<\/p>\n\t\t<p class=\"mgb-middle\">Zat\u00edmco je z\u00e1kladn\u00ed rozsah pr\u00e1vn\u00edho due diligence zakotven v t\u011bchto aspektech, je p\u0159edm\u011btem specifick\u00fdch bod\u016f p\u0159izp\u016fsoben\u00fdch povaze spole\u010dnosti nebo podniku.<\/p>\n\t\t<ol class=\"layout-datalist\">\n\t\t\t<li>\n\t\t\t\t<h4>Tech Startup<\/h4>\n\t\t\t\t<p>Za\u010d\u00edn\u00e1me od v\u00fdzkumu v korpor\u00e1tn\u00ed struktu\u0159e, v\u010detn\u011b vyd\u00e1v\u00e1n\u00ed akci\u00ed a slo\u017een\u00ed akcion\u00e1\u0159\u016f a \u0159editel\u016f, klademe tak\u00e9 d\u016fraz na d\u016fkladn\u00e9 zkoum\u00e1n\u00ed patentovan\u00fdch vyn\u00e1lez\u016f a dal\u0161\u00edch pr\u00e1v souvisej\u00edc\u00edch s hlavn\u00edm podnik\u00e1n\u00edm, anal\u00fdzu podnik\u00e1n\u00ed.<\/p>\n\t\t\t<\/li>\n\t\t\t<li>\n\t\t\t\t<h4>Spole\u010dnost pro spr\u00e1vu m\u00e9di\u00ed<\/h4>\n\t\t\t\t<p>Prov\u011b\u0159ovali jsme jejich YouTube kan\u00e1ly, zda funguj\u00ed v souladu s Podm\u00ednkami slu\u017eby a Z\u00e1sadami ochrany osobn\u00edch \u00fadaj\u016f, stejn\u011b jako zda d\u0159\u00edve publikovan\u00fd videoobsah dodr\u017euje autorsk\u00e9 a reklamn\u00ed p\u0159edpisy.<\/p>\n\t\t\t<\/li>\n\t\t\t<li>\n\t\t\t\t<h4>IT spole\u010dnost na z\u00e1klad\u011b smlouvy<\/h4>\n\t\t\t\t<p>Vzhledem k rozporu mezi Stanovami a skute\u010dnou situac\u00ed t\u00fdkaj\u00edc\u00ed se vyd\u00e1v\u00e1n\u00ed akci\u00ed a kon\u00e1n\u00ed valn\u00fdch hromad akcion\u00e1\u0159\u016f jsme objasnili rizika spojen\u00e1 s t\u011bmito ot\u00e1zkami a pomohli s implementac\u00ed budouc\u00edch protiopat\u0159en\u00ed.<\/p>\n\t\t\t<\/li>\n\t\t\t<li>\n\t\t\t\t<h4>Prodejci souvisej\u00edc\u00ed s PC<\/h4>\n\t\t\t\t<p>M\u00edsto zam\u011b\u0159en\u00ed se pouze na samotn\u00fd obchod, jsme tak\u00e9 vyhodnotili stav transakc\u00ed s ostatn\u00edmi spole\u010dnostmi a stav smluv o n\u00e1kupu produkt\u016f spole\u010dnosti. Nav\u00edc, s ohledem na to, \u017ee spole\u010dnost se tak\u00e9 zab\u00fdvala stavebn\u00edmi zak\u00e1zkami, pe\u010dliv\u011b jsme potvrdili detaily licenc\u00ed a povolen\u00ed souvisej\u00edc\u00edch s pokra\u010dov\u00e1n\u00edm stavebn\u00edho podnik\u00e1n\u00ed a jejich obnovovac\u00ed stav, v\u010detn\u011b um\u00edst\u011bn\u00ed odpov\u011bdn\u00e9 strany.<\/p>\n\t\t\t<\/li>\n\t\t\t<li>\n\t\t\t\t<h4>V\u00fdrobci souvisej\u00edc\u00ed s PC<\/h4>\n\t\t\t\t<p>Krom\u011b zkoum\u00e1n\u00ed pracovn\u00edch podm\u00ednek, jako jsou pracovn\u00ed p\u0159edpisy a regulace mezd, vzhledem k tomu, \u017ee spole\u010dnost vlastnila n\u011bkolik pracovn\u00edch stroj\u016f, tov\u00e1ren a pozemk\u016f, pe\u010dliv\u011b jsme prozkoumali pr\u00e1va a hodnotu nabyt\u00ed takov\u00fdch.<\/p>\n\t\t\t<\/li>\n\t\t<\/ol>\n\t<\/div>\n<\/section>\n\n<section class=\"white-section\">\n\t<div class=\"anchor\" id=\"disputes-related-to-stocks-and-investments\"><\/div>\n\t<div class=\"section-inner\">\n\t\t<div class=\"flex\">\n\t\t\t<div class=\"width41\"><img decoding=\"async\" src=\"\/wp-content\/themes\/monolith2021\/img\/stockrelatedlaw\/stockrelatedlaw_pic4.jpg\" alt=\"Disputes Related to Stocks and Investments\"><\/div>\n\t\t\t<div class=\"width51\">\n\t\t\t\t<h3>Spory souvisej\u00edc\u00ed s akciemi a investicemi<\/h3>\n\t\t\t\t<p>M\u00e1me velk\u00e9 mno\u017estv\u00ed odborn\u00fdch znalost\u00ed v \u0159e\u0161en\u00ed probl\u00e9m\u016f a spor\u016f souvisej\u00edc\u00edch s investicemi a dal\u0161\u00edmi z\u00e1le\u017eitostmi, od soudn\u00edch spor\u016f mezi korporacemi a akcion\u00e1\u0159i, jako jsou akcion\u00e1\u0159sk\u00e9 derivativn\u00ed \u017ealoby, po probl\u00e9my souvisej\u00edc\u00ed s nav\u00fd\u0161en\u00edm kapit\u00e1lu, odkupy a dal\u0161\u00ed z\u00e1le\u017eitosti.<\/p>\n\t\t\t<\/div>\n\t\t<\/div>\n\t<\/div>\n<\/section>\n\n<section class=\"purple2-section\">\n\t<div class=\"anchor\" id=\"monolith-law-magazine\"><\/div>\n\t<div class=\"section-inner\">\n\t\t    <section class=\"white-section temp-article\">\n        <div class=\"section-inner\">\n            <h4>MONOLITH LAW MAGAZINE<\/h4>\n            <div class=\"articles type_practice_column\">\n                                                                    <div class=\"article article-area\">\n                        <figure>\n                            <div class=\"img-wrap\">\n                                <img alt=\"\u3010\u65bd\u884c\u4ee4\u548c6\u5e74(2024\u5e74)10\u6708\u3011V\u00fdhody a nev\u00fdhody nezve\u0159ej\u0148ov\u00e1n\u00ed adresy p\u0159edsedy p\u0159edstavenstva v rejst\u0159\u00edku\" src=\"https:\/\/monolith.law\/cs\/wp-content\/uploads\/sites\/34\/2024\/07\/shutterstock_446633164-1.webp\" width=\"500\" height=\"250\">\n                            <\/div>\n                            <figcaption>\n                                <div class=\"figcaption-inner\">\n                                    <h3>\u3010\u65bd\u884c\u4ee4\u548c6\u5e74(2024\u5e74)10\u6708\u3011V\u00fdhody a nev\u00fdhody nezve\u0159ej\u0148ov\u00e1n\u00ed adresy p\u0159edsedy p\u0159edstavenstv.<\/h3>\n                                <\/div>\n                            <\/figcaption>\n                            <a href=\"https:\/\/monolith.law\/cs\/general-corporate\/ceo-address-hidden\"><\/a>\n                        <\/figure>\n                    <\/div>\n                                                    <div class=\"article article-area\">\n                        <figure>\n                            <div class=\"img-wrap\">\n                                <img alt=\"Kl\u00ed\u010dov\u00e9 sch\u00e9maty a jejich rozd\u00edly v M&amp;A japonsk\u00fdch poskytovatel\u016f p\u00e9\u010de\" src=\"https:\/\/monolith.law\/cs\/wp-content\/uploads\/sites\/34\/2024\/03\/Shutterstock_1789226708.webp\" width=\"500\" height=\"250\">\n                            <\/div>\n                            <figcaption>\n                                <div class=\"figcaption-inner\">\n                                    <h3>Kl\u00ed\u010dov\u00e9 sch\u00e9maty a jejich rozd\u00edly v M&amp;A japonsk\u00fdch poskytovatel\u016f p\u00e9\u010de<\/h3>\n                                <\/div>\n                            <\/figcaption>\n                            <a href=\"https:\/\/monolith.law\/cs\/general-corporate\/nursing_care_ma\"><\/a>\n                        <\/figure>\n                    <\/div>\n                                                    <div class=\"article article-area\">\n                        <figure>\n                            <div class=\"img-wrap\">\n                                <img alt=\"N\u00e1r\u016fst p\u0159eshrani\u010dn\u00edch obchod\u016f: Rozd\u00edly mezi pr\u00e1vem pou\u017eiteln\u00fdm pro mezin\u00e1rodn\u00ed smlouvy a vnitrost\u00e1tn\u00edmi smlouvami a co je pro mezin\u00e1rodn\u00ed obchodn\u00ed transakce nezbytn\u00e9\" src=\"https:\/\/monolith.law\/cs\/wp-content\/uploads\/sites\/34\/2024\/03\/Shutterstock_736886620.webp\" width=\"500\" height=\"250\">\n                            <\/div>\n                            <figcaption>\n                                <div class=\"figcaption-inner\">\n                                    <h3>N\u00e1r\u016fst p\u0159eshrani\u010dn\u00edch obchod\u016f: Rozd\u00edly mezi pr\u00e1vem pou\u017eiteln\u00fdm pro mezin\u00e1rodn\u00ed s.<\/h3>\n                                <\/div>\n                            <\/figcaption>\n                            <a href=\"https:\/\/monolith.law\/cs\/general-corporate\/international-contract\"><\/a>\n                        <\/figure>\n                    <\/div>\n                                            <\/div>\n            <div class=\"btn-more\"><a href=\"https:\/\/monolith.law\/cs\/tag\/m-and-a\">Read More<\/a><\/div>\n        <\/div>\n    <\/section>\n\t<\/div>\n<\/section>\n\n<section class=\"orange2-section\">\n\t<div class=\"anchor\" id=\"fee-structure\"><\/div>\n\t<div class=\"section-inner\">\n\t<div class=\"planWrap\">\n\t<h3>Struktura poplatk\u016f<\/h3>\n\t<ul class=\"plan\">\n\t\t<li class=\"txt-left\">\n\t\t\t<div class=\"plan-inner\">\n\t\t\t<div class=\"plan-header\">\n\t\t\t<h4 class=\"plan-title\">Hodinov\u00e1 sazba<\/h4>\n\t\t\t<div class=\"plan-price\"><span class=\"price-figure\">$300<\/span>za hodinu<span class=\"price-tax\"><\/span><\/div>\n\t\t\t<\/div>\n\t\t\t<div class=\"plan-body\">V ur\u010dit\u00fdch p\u0159\u00edpadech m\u016f\u017eeme zv\u00e1\u017eit p\u0159ijet\u00ed sporu nebo soudn\u00edho \u0159\u00edzen\u00ed s po\u010d\u00e1te\u010dn\u00edm poplatkem a \u00fasp\u011b\u0161nostn\u00ed odm\u011bnou. Pro v\u00edce informac\u00ed n\u00e1s nev\u00e1hejte kontaktovat.<\/div>\n\t\t\t<\/div>\n\t\t<\/li>\n\t\t<li class=\"txt-left\">\n\t\t\t<div class=\"plan-inner\">\n\t\t\t<div class=\"plan-header\">\n\t\t\t<h4 class=\"plan-title\">Sestavov\u00e1n\u00ed smluv<\/h4>\n\t\t\t<div class=\"plan-price\"><span class=\"price-value\">od<\/span><span class=\"price-figure\">$500<\/span><span class=\"price-value\">do $2,000 nebo v\u00edce<\/span><span class=\"price-tax\"><\/span><\/div>\n\t\t\t<\/div>\n\t\t\t<div class=\"plan-body\">Cenov\u00e1 struktura se m\u016f\u017ee li\u0161it v z\u00e1vislosti na typu a mno\u017estv\u00ed smluv. R\u00e1di v\u00e1m poskytneme p\u0159edb\u011b\u017en\u00fd odhad na vy\u017e\u00e1d\u00e1n\u00ed, proto n\u00e1s nev\u00e1hejte kontaktovat pro dal\u0161\u00ed informace.<\/div>\n\t\t\t<\/div>\n\t\t<\/li>\n\t\t<li class=\"txt-left\">\n\t\t\t<div class=\"plan-inner\">\n\t\t\t<div class=\"plan-header\">\n\t\t\t<h4 class=\"plan-title\">Dal\u0161\u00ed slu\u017eby<\/h4>\n\t\t\t<div class=\"plan-price\"><span class=\"price-figure\">Kontaktujte n\u00e1s<\/span><\/div>\n\t\t\t<\/div>\n\t\t\t<div class=\"plan-body\">Nab\u00edz\u00edme \u0161irokou \u0161k\u00e1lu slu\u017eeb v\u010detn\u011b zakl\u00e1d\u00e1n\u00ed spole\u010dnost\u00ed, p\u0159ezkumu smluv, pr\u00e1vn\u00edch posudk\u016f, p\u0159ezkumu p\u0159\u00edpad\u016f nebo v\u00fdzkumn\u00fdch dopis\u016f. Pokud m\u00e1te jak\u00e9koli dotazy nebo obavy, srde\u010dn\u011b v\u00e1s zveme, abyste n\u00e1s kontaktovali a n\u00e1\u0161 zku\u0161en\u00fd t\u00fdm v\u00e1m r\u00e1d pom\u016f\u017ee.<\/div>\n\t\t\t<\/div>\n\t\t\t<\/div>\n\t\t<\/li>\n\t<\/ul>\n\t<\/div>\n\t<\/div>\n<\/section>\n\n<section class=\"white-section\">\n\t<div class=\"section-inner\">\n\t\t<div class=\"btn-area\">\n\t\t\t<div class=\"btn icon-contact\"><a href=\"\/cs\/contact\">Kontaktujte n\u00e1s<\/a><\/div>\n\t\t<\/div>\n\t<\/div>\n<\/section>\n","protected":false},"excerpt":{"rendered":"<p>F\u00faze a akvizice (M&amp;A) Ve spole\u010dnosti MONOLITH LAW OFFICE jsme zvl\u00e1dli mnoho pr\u00e1vn\u00edch z\u00e1le\u017eitost\u00ed souvisej\u00edc\u00edch s kapit\u00e1lov\u00fdmi pod\u00edly a M&amp;A, zam\u011b\u0159en\u00fdch p\u0159edev\u0161\u00edm na IT, v\u010detn\u011b aplikac\u00ed a webov\u00fd [&hellip;]<\/p>\n","protected":false},"author":1,"featured_media":57141,"parent":0,"menu_order":7,"comment_status":"closed","ping_status":"closed","template":"other-page-temp.php","meta":{"footnotes":""},"acf":[],"_links":{"self":[{"href":"https:\/\/monolith.law\/cs\/wp-json\/wp\/v2\/pages\/32408"}],"collection":[{"href":"https:\/\/monolith.law\/cs\/wp-json\/wp\/v2\/pages"}],"about":[{"href":"https:\/\/monolith.law\/cs\/wp-json\/wp\/v2\/types\/page"}],"author":[{"embeddable":true,"href":"https:\/\/monolith.law\/cs\/wp-json\/wp\/v2\/users\/1"}],"replies":[{"embeddable":true,"href":"https:\/\/monolith.law\/cs\/wp-json\/wp\/v2\/comments?post=32408"}],"version-history":[{"count":41,"href":"https:\/\/monolith.law\/cs\/wp-json\/wp\/v2\/pages\/32408\/revisions"}],"predecessor-version":[{"id":62687,"href":"https:\/\/monolith.law\/cs\/wp-json\/wp\/v2\/pages\/32408\/revisions\/62687"}],"wp:featuredmedia":[{"embeddable":true,"href":"https:\/\/monolith.law\/cs\/wp-json\/wp\/v2\/media\/57141"}],"wp:attachment":[{"href":"https:\/\/monolith.law\/cs\/wp-json\/wp\/v2\/media?parent=32408"}],"curies":[{"name":"wp","href":"https:\/\/api.w.org\/{rel}","templated":true}]}}