{"id":4096,"date":"2023-11-11T23:50:29","date_gmt":"2023-11-11T14:50:29","guid":{"rendered":"https:\/\/monolith.law\/?page_id=4096"},"modified":"2024-02-06T17:46:03","modified_gmt":"2024-02-06T08:46:03","slug":"overview-of-our-firm","status":"publish","type":"page","link":"https:\/\/monolith.law\/cs\/overview-of-our-firm","title":{"rendered":"P\u0159ehled na\u0161\u00ed kancel\u00e1\u0159e"},"content":{"rendered":"\n<section class=\"heading-area\">\n\t<div class=\"heading-area-inner\">\n\t\t<h2 class=\"icon-overview-of-our-firm\">P\u0159ehled na\u0161\u00ed kancel\u00e1\u0159e<\/h2>\n\t\t<p>MONOLITH LAW OFFICE je pr\u00e1vn\u00ed kancel\u00e1\u0159 se s\u00eddlem v Tokiu, kter\u00e1 se specializuje na oblasti IT, internetu a podnik\u00e1n\u00ed. T\u00fdm tvo\u0159\u00ed specialist\u00e9 na IT, v\u010detn\u011b zakladatele kancel\u00e1\u0159e, kter\u00fd m\u00e1 rozs\u00e1hl\u00e9 zku\u0161enosti jako IT in\u017een\u00fdr.<\/p>\n\t<\/div>\n<\/section>\n<section class=\"white-section\">\n\t<div class=\"section-inner pdt0 border-bottom-section\">\n\t\t<p>Zakladatel kancel\u00e1\u0159e Toki Kawase se zaj\u00edmal o programov\u00e1n\u00ed ji\u017e od t\u0159et\u00ed t\u0159\u00eddy z\u00e1kladn\u00ed \u0161koly a b\u011bhem studia na univerzit\u011b pracoval v IT odv\u011btv\u00ed. Ve sv\u00fdch dvaceti letech se pod\u00edlel na \u0159\u00edzen\u00ed startupov\u00fdch spole\u010dnost\u00ed a v\u011bt\u0161\u00edch podnik\u016f. D\u00edky synergi\u00edm t\u011bchto jedine\u010dn\u00fdch zku\u0161enost\u00ed m\u00e1 na\u0161e kancel\u00e1\u0159 t\u00fdm IT profesion\u00e1l\u016f, kte\u0159\u00ed pom\u00e1haj\u00ed na\u0161im klient\u016fm nal\u00e9zat \u0159e\u0161en\u00ed. <br>MONOLITH LAW OFFICE poskytuje pr\u00e1vn\u00ed konzulta\u010dn\u00ed slu\u017eby s pln\u00fdm vyu\u017eit\u00edm sv\u00fdch siln\u00fdch str\u00e1nek v oblasti IT. Na\u0161i klienti sahaj\u00ed od \u0161pi\u010dkov\u00fdch spole\u010dnost\u00ed a\u017e po startupy v po\u010d\u00e1te\u010dn\u00ed f\u00e1zi. M\u00e1me rozs\u00e1hl\u00e9 zku\u0161enosti s poskytov\u00e1n\u00edm pr\u00e1vn\u00edch slu\u017eeb souvisej\u00edc\u00edch s IT r\u016fzn\u00fdm spole\u010dnostem.<\/p>\n\t<\/div>\n<\/section>\n<section class=\"second-nav\">\n\t<div class=\"second-nav-inner\">\n\t\t<p>T\u00c9MATA<\/p>\n\t\t<nav>\n\t\t\t<ul>\n\t\t\t\t<li><a href=\"#specialization-in-it\">Specializace v IT<\/a><\/li>\n\t\t\t\t<li><a href=\"#law-firm-at-otemachi-tokyo\">Pr\u00e1vn\u00ed kancel\u00e1\u0159 v Otemachi, Tokio<\/a><\/li>\n\t\t\t\t<li><a href=\"#what-is-a-monolith\">Co je Monolith<\/a><\/li>\n\t\t\t\t<li><a href=\"#from-legal-advisor-to-it-specialized-lawyer\">Od pr\u00e1vn\u00edho poradce k specialist\u016fm na IT pr\u00e1vo<\/a><\/li>\n\t\t\t\t<li><a href=\"#handling-cross-border-legal-matters\">Zvl\u00e1d\u00e1n\u00ed p\u0159eshrani\u010dn\u00edch pr\u00e1vn\u00edch z\u00e1le\u017eitost\u00ed<\/a><\/li>\n\t\t\t\t<li><a href=\"#our-clients\">Na\u0161i klienti<\/a><\/li>\n\t\t\t<\/ul>\n\t\t<\/nav>\n\t<\/div>\n<\/section>\n<section class=\"white-section\">\n\t<div class=\"anchor\" id=\"specialization-in-it\"><\/div>\n\t<div class=\"section-inner\">\n\t\t<div class=\"flex\">\n\t\t\t<div class=\"width41\"><img decoding=\"async\" src=\"\/wp-content\/uploads\/2023\/06\/about_pic1.jpg\" alt=\"Specialization in IT\"><\/div>\n\t\t\t<div class=\"width51\">\n\t\t\t\t<h3>Specializace v IT<\/h3>\n\t\t\t\t<p class=\"mgb-small\">Jsme japonsk\u00e1 pr\u00e1vn\u00ed firma MONOLITH LAW OFFICE se s\u00eddlem v Tokiu, kter\u00e1 se specializuje na IT. M\u00e1me nejen t\u00fdm pr\u00e1vn\u00edk\u016f specializuj\u00edc\u00edch se na r\u016fzn\u00e9 oblasti IT, ale tak\u00e9 t\u00fdm IT konzultant\u016f s rozs\u00e1hl\u00fdmi znalostmi v t\u00e9to oblasti. D\u00edky synergi\u00ed pr\u00e1va a IT zaji\u0161\u0165ujeme nejlep\u0161\u00ed z\u00e1jmy na\u0161ich klient\u016f.<\/p>\n\t\t\t\t<p class=\"mgb-small\">N\u00e1\u0161 zakladatel a vedouc\u00ed pr\u00e1vn\u00edk Toki Kawase za\u010dal programovat ji\u017e ve t\u0159et\u00ed t\u0159\u00edd\u011b z\u00e1kladn\u00ed \u0161koly a od vstupu na univerzitu se pono\u0159il do IT pr\u016fmyslu; a tak\u00e9 do podnik\u00e1n\u00ed, zejm\u00e9na do startup\u016f a mal\u00fdch a st\u0159edn\u00edch podnik\u016f, s nimi\u017e z\u00edskal zku\u0161enosti ve sv\u00fdch dvaceti letech. To jsou siln\u00e9 str\u00e1nky Toki Kawase a oblasti praxe MONOLITH LAW OFFICE.<\/p>\n\t\t\t\t<p class=\"mgb-middle\">S t\u011bmito perspektivami se MONOLITH LAW OFFICE zam\u011b\u0159uje na poradensk\u00e9 a dal\u0161\u00ed slu\u017eby s kl\u00ed\u010dov\u00fdm slovem &#8220;IT&#8221;, od \u0161pi\u010dkov\u00fdch organizac\u00ed po startupy v po\u010d\u00e1te\u010dn\u00ed f\u00e1zi, stejn\u011b jako na slu\u017eby s kl\u00ed\u010dov\u00fdmi slovy &#8220;Internet&#8221; a &#8220;Business&#8221;, od pr\u00e1vn\u00edch z\u00e1le\u017eitost\u00ed na internetu pro k\u00f3tovan\u00e9 spole\u010dnosti po f\u00faze a akvizice (M&amp;A).<\/p>\n\t\t\t\t<div class=\"btn-area\">\n\t\t\t\t\t<div class=\"btn icon-services\"><a href=\"\/cs\/services\">Slu\u017eby<\/a><\/div>\n\t\t\t\t\t<div class=\"btn icon-people\"><a href=\"\/en\/people\">Lid\u00e9<\/a><\/div>\n\t\t\t\t<\/div>\n\t\t\t<\/div>\n\t\t<\/div>\n\t<\/div>\n<\/section>\n<section class=\"purple-section\">\n\t<div class=\"anchor\" id=\"law-firm-at-otemachi-tokyo\"><\/div>\n\t<div class=\"section-inner\">\n\t\t<div class=\"flex reverse\">\n\t\t\t<div class=\"width41\"><img decoding=\"async\" src=\"\/wp-content\/uploads\/2023\/06\/about_pic2.jpg\" alt=\"Law Firm at Otemachi, Tokyo\"><\/div>\n\t\t\t<div class=\"width51\">\n\t\t\t\t<div class=\"inline-inner\">\n\t\t\t\t\t<h3>Pr\u00e1vn\u00ed kancel\u00e1\u0159 v Otemachi, Tokio<\/h3>\n\t\t\t\t\t<p class=\"mgb-small\">MONOLITH LAW OFFICE je japonsk\u00e1 pr\u00e1vn\u00ed kancel\u00e1\u0159 s\u00eddl\u00edc\u00ed v Otemachi, Chiyoda-ku, Tokio.<\/p>\n\t\t\t\t\t<p class=\"mgb-small\">P\u016fsobili jsme jako pr\u00e1vn\u00ed poradci pro p\u0159ibli\u017en\u011b 1087 IT spole\u010dnost\u00ed, od startup\u016f v po\u010d\u00e1te\u010dn\u00ed f\u00e1zi a\u017e po spole\u010dnosti z prvn\u00ed sekce tokijsk\u00e9 burzy cenn\u00fdch pap\u00edr\u016f, kter\u00e9 p\u0159edstavuj\u00ed nejv\u011bt\u0161\u00ed a nejpresti\u017en\u011bj\u0161\u00ed spole\u010dnosti na tokijsk\u00e9 burze. Poskytujeme pr\u00e1vn\u00ed slu\u017eby celkem 1855 klient\u016fm, zam\u011b\u0159ujeme se na pr\u00e1vn\u00ed z\u00e1le\u017eitosti souvisej\u00edc\u00ed s IT, jako je prevence po\u0161kozen\u00ed reputace, boj proti pomluv\u00e1m a spory souvisej\u00edc\u00ed s v\u00fdvojem syst\u00e9m\u016f.<\/p>\n\t\t\t\t\t<p class=\"mgb-middle\">&#8220;Odbornost v IT a obchod\u011b&#8221; je to, co n\u00e1s d\u011bl\u00e1 v\u00fdjime\u010dn\u00fdmi.<\/p>\n\t\t\t\t\t<div class=\"btn-area\">\n\t\t\t\t\t\t<div class=\"btn icon-access\"><a href=\"\/cs\/access\">Access<\/a><\/div>\n\t\t\t\t\t<\/div>\n\t\t\t\t<\/div>\n\t\t\t<\/div>\n\t\t<\/div>\n\t<\/div>\n<\/section>\n<section class=\"white-section\">\n\t<div class=\"anchor\" id=\"what-is-a-monolith\"><\/div>\n\t<div class=\"section-inner\">\n\t\t<div class=\"flex\">\n\t\t\t<div class=\"width41\"><img decoding=\"async\" src=\"\/wp-content\/themes\/monolith2021\/img\/about\/about_pic3.jpg\" alt=\"What is a Monolith\"><\/div>\n\t\t\t<div class=\"width51\">\n\t\t\t\t<h3>Co je Monolith<\/h3>\n\t\t\t\t<p class=\"mgb-small\">Slovo &#8220;monolit&#8221; je odvozeno z latiny a znamen\u00e1 jedin\u00fd nebo izolovan\u00fd k\u00e1men. Ve filmu Stanleyho Kubricka &#8220;2001: Vesm\u00edrn\u00e1 odysea&#8221; jsou zobrazeny jako n\u00e1stroje mimozemsk\u00e9 inteligence, kter\u00e9 katalyzuj\u00ed evoluci lidstva.<\/p>\n\t\t\t\t<p class=\"mgb-small\">Posl\u00e1n\u00edm pr\u00e1vnick\u00e9 kancel\u00e1\u0159e MONOLITH LAW OFFICE je podporovat evoluci IT a dal\u0161\u00edch technologi\u00ed, stejn\u011b jako soci\u00e1ln\u00edch syst\u00e9m\u016f jako pr\u00e1vn\u00ed specialist\u00e9. MONOLITH pracuje na testov\u00e1n\u00ed hypot\u00e9z vznesen\u00fdch startupov\u00fdmi spole\u010dnostmi, koordinuje IT a pr\u00e1vo v opat\u0159en\u00edch proti po\u0161kozen\u00ed reputace a \u0159e\u0161en\u00ed spor\u016f a buduje hlad\u0161\u00ed obchodn\u00ed syst\u00e9my.<\/p>\n\t\t\t\t<p class=\"mgb-small\">MONOLITH LAW OFFICE v\u011b\u0159\u00ed, \u017ee pr\u00e1vo katalyzuje evoluci lidstva prost\u0159ednictv\u00edm technologie a spole\u010dnosti. <\/p>\n\t\t\t\t<p class=\"mgb-middle\">Kone\u010dn\u00fdm c\u00edlem pr\u00e1vnick\u00e9 kancel\u00e1\u0159e MONOLITH LAW OFFICE je podporovat evoluci IT, spole\u010dnosti a lidstva. <\/p>\n\t\t<\/div>\n\t<\/div>\n<\/section>\n<section class=\"orange-section\">\n\t<div class=\"anchor\" id=\"from-legal-advisor-to-it-specialized-lawyer\"><\/div>\n\t<div class=\"section-inner\">\n\t\t<div class=\"flex reverse\">\n\t\t\t<div class=\"width41\"><img decoding=\"async\" src=\"\/wp-content\/uploads\/2023\/06\/about_pic4.jpg\" alt=\"From \"><\/div>\n\t\t\t<div class=\"width51\">\n\t\t\t\t<h3>Od pr\u00e1vn\u00edho poradce k specialist\u016fm na IT pr\u00e1vo<\/h3>\n\t\t\t\t<p class=\"mgb-small\">MONOLITH LAW OFFICE uplat\u0148uje sv\u00e9 v\u00fdhody v oblastech &#8220;IT pr\u00e1va, internetov\u00e9ho pr\u00e1va a obchodn\u00edho pr\u00e1va&#8221;. Poskytujeme pr\u00e1vn\u00ed slu\u017eby mnoha spole\u010dnostem se zam\u011b\u0159en\u00edm na IT. Nab\u00edz\u00edme dva hlavn\u00ed typy pr\u00e1vn\u00edch slu\u017eeb.<\/p>\n\t\t\t\t<p class=\"mgb-small\">Prvn\u00ed je slu\u017eba z pozice &#8220;Gener\u00e1ln\u00edho pr\u00e1vn\u00edho poradce&#8221; nebo &#8220;Hlavn\u00edho pr\u00e1vn\u00edho \u0159editele&#8221; pro IT spole\u010dnost. Jeliko\u017e je hlavn\u00ed podnik\u00e1n\u00ed spole\u010dnosti spojeno s IT, na\u0161e firma je vyb\u00edr\u00e1na pro svou schopnost porozum\u011bt IT technologi\u00edm a podnik\u00e1n\u00ed klienta.<\/p>\n\t\t\t\t<p class=\"mgb-small\">Druh\u00fdm typem je pr\u00e1ce jako &#8220;IT\/internetov\u00fd pr\u00e1vn\u00ed specialista&#8221; pro spole\u010dnosti, u kter\u00fdch IT nen\u00ed hlavn\u00edm oborem podnik\u00e1n\u00ed. I kdy\u017e IT nen\u00ed j\u00e1drem podnik\u00e1n\u00ed v oblastech jako finance, nemovitosti a restaurace, bez IT a internetu ji\u017e nemohou existovat. Poskytujeme podporu z pr\u00e1vn\u00edho hlediska spole\u010dnostem v jejich operac\u00edch souvisej\u00edc\u00edch s IT a internetem.<\/p>\n\t\t\t\t<p class=\"mgb-middle\">MONOLITH LAW OFFICE bude s v\u00e1mi spolupracovat na r\u016fzn\u00fdch pozic\u00edch na z\u00e1klad\u011b na\u0161\u00ed vysok\u00e9 \u00farovn\u011b odbornosti, abychom podpo\u0159ili rozvoj va\u0161\u00ed spole\u010dnosti.<\/p>\n\t\t\t\t<div class=\"btn-area\">\n\t\t\t\t\t<div class=\"btn icon-general-corporate\"><a href=\"\/cs\/services#general-corporate\">Obecn\u00e9 podnikov\u00e9 pr\u00e1vo<\/a><\/div>\n\t\t\t\t\t<div class=\"btn icon-it\"><a href=\"\/cs\/services#it\">IT<\/a><\/div>\n\t\t\t\t<\/div>\n\t\t\t<\/div>\n\t\t<\/div>\n\t<\/div>\n<\/section>\n<section class=\"white-section\">\n\t<div class=\"anchor\" id=\"handling-cross-border-legal-matters\"><\/div>\n\t<div class=\"section-inner\">\n\t\t<div class=\"flex\">\n\t\t\t<div class=\"width41\"><img decoding=\"async\" src=\"\/wp-content\/uploads\/2023\/06\/about_pic5.jpg\" alt=\"Handling cross-border legal matters\"><\/div>\n\t\t\t<div class=\"width51\">\n\t\t\t\t<h3>Zvl\u00e1d\u00e1n\u00ed p\u0159eshrani\u010dn\u00edch pr\u00e1vn\u00edch z\u00e1le\u017eitost\u00ed<\/h3>\n\t\t\t\t<p class=\"mgb-small\">Zvl\u00e1d\u00e1n\u00ed p\u0159eshrani\u010dn\u00edch pr\u00e1vn\u00edch z\u00e1le\u017eitost\u00ed v sektorech IT a internetu je na\u0161\u00ed specializac\u00ed. V dob\u011b globalizace a nar\u016fstaj\u00edc\u00edho v\u00fdznamu p\u0159eshrani\u010dn\u00edch aktivit je m\u00edt odpov\u00eddaj\u00edc\u00ed pr\u00e1vn\u00ed podporu z\u00e1sadn\u00ed.<\/p>\n\t\t\t\t<p class=\"mgb-small\">Nap\u0159\u00edklad, kdy\u017e japonsk\u00e1 SaaS spole\u010dnost expanduje na mezin\u00e1rodn\u00ed trhy, je nezbytn\u00e9 dodr\u017eovat m\u00edstn\u00ed pr\u00e1vn\u00ed p\u0159edpisy a regulace. Podobn\u011b, p\u0159i p\u0159ij\u00edm\u00e1n\u00ed zahrani\u010dn\u00edch investic je nezbytn\u00e1 pomoc p\u0159i sestavov\u00e1n\u00ed a vyjedn\u00e1v\u00e1n\u00ed investi\u010dn\u00edch smluv a souvisej\u00edc\u00edch pr\u00e1vn\u00edch dokument\u016f. Naopak, pro japonsk\u00e9 spole\u010dnosti zapojen\u00e9 do zahrani\u010dn\u00edch f\u00faz\u00ed a akvizic nebo glob\u00e1ln\u00ed expanze je nezbytn\u00e9 porozum\u011bn\u00ed m\u00edstn\u00edm z\u00e1kon\u016fm a regulac\u00edm. Nav\u00edc, p\u0159ekon\u00e1n\u00ed jazykov\u00fdch a kulturn\u00edch bari\u00e9r v p\u0159\u00edpadech jako je influencer marketing a inbound popt\u00e1vka vy\u017eaduje \u0159e\u0161en\u00ed m\u00edstn\u00edch pr\u00e1vn\u00edch a smluvn\u00edch z\u00e1le\u017eitost\u00ed.<\/p>\n\t\t\t\t<p class=\"mgb-middle\">Pr\u00e1vn\u00ed kancel\u00e1\u0159 MONOLITH LAW OFFICE pos\u00edlila sv\u00e9 schopnosti v oblasti pr\u00e1va na \u0161pi\u010dkov\u00e9 \u00farovni, aby vyhov\u011bla po\u017eadavk\u016fm p\u0159eshrani\u010dn\u00ed \u010dinnosti a globalizace. Kombinac\u00ed na\u0161eho t\u00fdmu pr\u00e1vn\u00edk\u016f s in\u017een\u00fdry a dal\u0161\u00edmi odborn\u00edky poskytujeme komplexn\u00ed podporu, vyu\u017e\u00edv\u00e1me technick\u00e9 znalosti a pr\u00e1vn\u00ed odbornosti pro mezin\u00e1rodn\u00ed expanzi a glob\u00e1ln\u00ed podnikatelsk\u00e9 aktivity na\u0161ich klient\u016f.<\/p>\n\t\t\t\t<div class=\"btn-area\">\n\t\t\t\t\t<div class=\"btn icon-cross-border\"><a href=\"\/cs\/services#cross-border\">Cross-border<\/a><\/div>\n\t\t\t\t<\/div>\n\t\t\t<\/div>\n\t\t<\/div>\n\t<\/div>\n<\/section>\n<section class=\"purple-section\">\n\t<div class=\"anchor\" id=\"our-clients\"><\/div>\n\t<div class=\"section-inner\">\n\t\t<div class=\"flex reverse\">\n\t\t\t<div class=\"width41\"><img decoding=\"async\" src=\"\/wp-content\/uploads\/2019\/09\/beartail_kurosaki.jpg\" alt=\"Our Clients\"><\/div>\n\t\t\t<div class=\"width51\">\n\t\t\t\t<h3>Na\u0161i klienti<\/h3>\n\t\t\t\t<p class=\"mgb-small\">Pr\u00e1vnick\u00e1 kancel\u00e1\u0159 MONOLITH LAW OFFICE poskytuje dva hlavn\u00ed typy slu\u017eeb. Jednou z nich je b\u00fdt gener\u00e1ln\u00edm pr\u00e1vn\u00edm poradcem nebo hlavn\u00edm pr\u00e1vn\u00edm d\u016fstojn\u00edkem IT a startupov\u00e9 spole\u010dnosti, kde se zab\u00fdv\u00e1me celkov\u00fdmi pr\u00e1vn\u00edmi z\u00e1le\u017eitostmi spole\u010dnosti. Druh\u00fdm je p\u016fsobit jako &#8220;IT a IP pr\u00e1vn\u00edk&#8221; pro r\u016fzn\u00e9 spole\u010dnosti a zab\u00fdvat se pr\u00e1vn\u00edmi z\u00e1le\u017eitostmi IT a IP spole\u010dnosti.<\/p>\n\t\t\t\t<p class=\"mgb-small\">Obdr\u017eeli jsme n\u00e1sleduj\u00edc\u00ed zpr\u00e1vu od na\u0161ich klient\u016f:<\/p>\n\t\t\t\t<p class=\"mgb-small\">&#8220;P\u0159edpokl\u00e1d\u00e1n\u00ed pr\u00e1vn\u00edho rizika vy\u017eaduje porozum\u011bn\u00ed technologi\u00edm a MONOLITH LAW OFFICE je v t\u00e9to oblasti profesion\u00e1l.&#8221;<\/p>\n\t\t\t\t<p class=\"mgb-small\">&#8220;MONOLITH LAW OFFICE je u\u017eite\u010dn\u00fd, proto\u017ee s n\u00e1mi spolupracuje na tom, jak &#8216;kontrolovat riziko&#8217; z pohledu v\u00fdkonn\u00e9ho \u0159editele spole\u010dnosti.&#8221;<\/p>\n\t\t\t\t<p class=\"mgb-middle\">&#8220;MONOLITH LAW OFFICE je jak pr\u00e1vnick\u00e1 kancel\u00e1\u0159, tak konzultant pro \u0159\u00edzen\u00ed. Poskytuj\u00ed pr\u00e1vn\u00ed z\u00e1klad pro sv\u00e1 vysv\u011btlen\u00ed.&#8221;<\/p>\n\t\t\t\t\n\t\t<\/div>\n\t<\/div>\n<\/section>\n","protected":false},"excerpt":{"rendered":"<p>P\u0159ehled na\u0161\u00ed kancel\u00e1\u0159e MONOLITH LAW OFFICE je pr\u00e1vn\u00ed kancel\u00e1\u0159 se s\u00eddlem v Tokiu, kter\u00e1 se specializuje na oblasti IT, internetu a podnik\u00e1n\u00ed. T\u00fdm tvo\u0159\u00ed specialist\u00e9 na IT, v\u010detn\u011b zakladatele kancel\u00e1\u0159e,  [&hellip;]<\/p>\n","protected":false},"author":1,"featured_media":56658,"parent":0,"menu_order":1,"comment_status":"closed","ping_status":"closed","template":"other-page-temp.php","meta":{"footnotes":""},"acf":[],"_links":{"self":[{"href":"https:\/\/monolith.law\/cs\/wp-json\/wp\/v2\/pages\/4096"}],"collection":[{"href":"https:\/\/monolith.law\/cs\/wp-json\/wp\/v2\/pages"}],"about":[{"href":"https:\/\/monolith.law\/cs\/wp-json\/wp\/v2\/types\/page"}],"author":[{"embeddable":true,"href":"https:\/\/monolith.law\/cs\/wp-json\/wp\/v2\/users\/1"}],"replies":[{"embeddable":true,"href":"https:\/\/monolith.law\/cs\/wp-json\/wp\/v2\/comments?post=4096"}],"version-history":[{"count":98,"href":"https:\/\/monolith.law\/cs\/wp-json\/wp\/v2\/pages\/4096\/revisions"}],"predecessor-version":[{"id":62621,"href":"https:\/\/monolith.law\/cs\/wp-json\/wp\/v2\/pages\/4096\/revisions\/62621"}],"wp:featuredmedia":[{"embeddable":true,"href":"https:\/\/monolith.law\/cs\/wp-json\/wp\/v2\/media\/56658"}],"wp:attachment":[{"href":"https:\/\/monolith.law\/cs\/wp-json\/wp\/v2\/media?parent=4096"}],"curies":[{"name":"wp","href":"https:\/\/api.w.org\/{rel}","templated":true}]}}