{"id":41151,"date":"2023-11-14T14:33:54","date_gmt":"2023-11-14T05:33:54","guid":{"rendered":"https:\/\/monolith.law\/?page_id=41151"},"modified":"2025-08-30T09:16:28","modified_gmt":"2025-08-30T00:16:28","slug":"home","status":"publish","type":"page","link":"https:\/\/monolith.law\/cs\/","title":{"rendered":"MONOLITH LAW OFFICE | Tokyo, Japonsko"},"content":{"rendered":"\n<p>\n<\/p>\n\n\n\n<section class=\"white-section front-top\" data-delighter=\"\">\n\t<div class=\"section-inner\">\n\t<div class=\"top-logo\">\n\t<div class=\"base\"><\/div>\n\t<img decoding=\"async\" src=\"\/wp-content\/themes\/monolith2021\/img\/top\/top_logo_m.svg\" alt=\"M\" class=\"top-logo-1\">\n\t<img decoding=\"async\" src=\"\/wp-content\/themes\/monolith2021\/img\/top\/top_logo_o.svg\" alt=\"O\" class=\"top-logo-2\">\n\t<img decoding=\"async\" src=\"\/wp-content\/themes\/monolith2021\/img\/top\/top_logo_n.svg\" alt=\"N\" class=\"top-logo-3\">\n\t<img decoding=\"async\" src=\"\/wp-content\/themes\/monolith2021\/img\/top\/top_logo_o.svg\" alt=\"O\" class=\"top-logo-4\">\n\t<img decoding=\"async\" src=\"\/wp-content\/themes\/monolith2021\/img\/top\/top_logo_l.svg\" alt=\"L\" class=\"top-logo-5\">\n\t<img decoding=\"async\" src=\"\/wp-content\/themes\/monolith2021\/img\/top\/top_logo_i.svg\" alt=\"I\" class=\"top-logo-6\">\n\t<img decoding=\"async\" src=\"\/wp-content\/themes\/monolith2021\/img\/top\/top_logo_t.svg\" alt=\"T\" class=\"top-logo-7\">\n\t<img decoding=\"async\" src=\"\/wp-content\/themes\/monolith2021\/img\/top\/top_logo_h.svg\" alt=\"H\" class=\"top-logo-8\">\n\t<\/div>\n\t<p class=\"text1\"><strong>Evoluce IT<\/strong><\/p>\n\t<p class=\"text2\">Dnes je IT j\u00e1drem modern\u00edho podnik\u00e1n\u00ed, <br class=\"sp-none\">ale vyu\u017eit\u00ed IT pro podnik\u00e1n\u00ed vy\u017eaduje pr\u00e1vn\u00ed \u0159\u00edzen\u00ed rizik.<br> V pr\u00e1vn\u00ed kancel\u00e1\u0159i MONOLITH LAW OFFICE n\u00e1\u0161 t\u00fdm pr\u00e1vn\u00edk\u016f a IT konzultant\u016f pracuje v souladu na \u0159e\u0161en\u00ed probl\u00e9m\u016f klient\u016f.<br class=\"sp-none\">Na\u0161\u00edm posl\u00e1n\u00edm je podn\u00edtit inovace v IT a podpo\u0159it r\u016fst v Japonsku, \u010d\u00edm\u017e umo\u017e\u0148ujeme podnik\u016fm dos\u00e1hnout bezprecedentn\u00edch v\u00fd\u0161in.<\/p>\n\t\n\t<\/div>\n<\/section>\n<section class=\"white-section front-about\">\n\t<div class=\"section-inner\">\n\t<div class=\"text\">\n\t<p class=\"en\">O MONOLITH LAW OFFICE<\/p>\n\t<h2>Na\u0161e mise jako pr\u00e1vn\u00edch profesion\u00e1l\u016f s IT in\u017een\u00fdrsk\u00fdm pozad\u00edm.<\/h2>\n\t<p class=\"text\">MONOLITH LAW OFFICE je pr\u00e1vn\u00ed kancel\u00e1\u0159 se s\u00eddlem v Tokiu, kter\u00e1 poskytuje IT pr\u00e1vn\u00ed slu\u017eby r\u016fzn\u00fdm spole\u010dnostem.<br>Toki Kawase, n\u00e1\u0161 vedouc\u00ed pr\u00e1vn\u00edk, pracoval jako samostatn\u00fd IT in\u017een\u00fdr ji\u017e b\u011bhem sv\u00fdch univerzitn\u00edch studi\u00ed. M\u00e1 zku\u0161enosti s zakl\u00e1d\u00e1n\u00edm IT spole\u010dnosti a tak\u00e9 pracoval jako IT in\u017een\u00fdr. Toki na vlastn\u00ed o\u010di vid\u011bl v\u00fdznamn\u00fd r\u016fst startup\u016f a dal\u0161\u00edch spole\u010dnost\u00ed d\u00edky IT a r\u016fzn\u00e1 rizika, kter\u00e1 jsou s t\u00edmto procesem spojena. Ch\u00e1pe, \u017ee pro to, aby IT mohlo i nad\u00e1le p\u0159in\u00e1\u0161et spole\u010dnostem velk\u00e9 v\u00fdhody, je nutn\u00e9 m\u00edt inovativn\u00ed pr\u00e1vn\u00ed perspektivu.<br>Na z\u00e1klad\u011b t\u00e9to zku\u0161enosti zalo\u017eil MONOLITH LAW OFFICE, organizaci vysoce specializovan\u00fdch pr\u00e1vn\u00edk\u016f a IT konzultant\u016f, kte\u0159\u00ed poskytuj\u00ed \u0159adu \u0159e\u0161en\u00ed.<\/p>\n\t<\/div>\n\t<div class=\"pic\"><img decoding=\"async\" src=\"\/wp-content\/themes\/monolith2021\/img\/top\/kawase_pic.png\" alt=\"N\u00e1\u0161 zakl\u00e1daj\u00edc\u00ed pr\u00e1vn\u00edk Toki Kawase\"><\/div>\n\t<\/div>\n<\/section>\n<section class=\"white-section front-numbers\">\n\t<div class=\"section-inner\">\n\t<p class=\"en\">MONOLITH LAW OFFICE V \u010c\u00cdSLECH<\/p>\n\t<h2>Na\u0161e zku\u0161enosti jako pr\u00e1vnick\u00e9 firmy i jako specialisty na firemn\u00ed IT.<\/h2>\n\t<div class=\"box-wrap\">\n\t<div class=\"sub-box\">\n\t\t<h3>Klienti<\/h3>\n\t\t<p class=\"code\">1855\n\t\t<p class=\"text\">Podporujeme r\u016fzn\u00e9 typy spole\u010dnost\u00ed v r\u016fzn\u00fdch odv\u011btv\u00edch. Na\u0161i klienti sahaj\u00ed od \u0161pi\u010dkov\u00fdch organizac\u00ed v Japonsku po mal\u00e9 a st\u0159edn\u00ed podniky. Poskytujeme slu\u017eby, kter\u00e9 jsou p\u0159izp\u016fsobeny pot\u0159eb\u00e1m ka\u017ed\u00e9ho klienta. <\/p>\n\t<\/div>\n\t<div class=\"sub-box\">\n\t\t<h3>P\u016fvodn\u00ed IT \u0159e\u0161en\u00ed<\/h3>\n\t\t<p class=\"code\">7\n\t\t<p class=\"text\">Jsme t\u00fdm specializuj\u00edc\u00ed se na firemn\u00ed IT. MONOLITH LAW OFFICE je t\u00fdm zku\u0161en\u00fdch pr\u00e1vn\u00edk\u016f a IT konzultant\u016f, kte\u0159\u00ed se v\u011bnuj\u00ed vytv\u00e1\u0159en\u00ed p\u0159izp\u016fsoben\u00fdch \u0159e\u0161en\u00ed pro va\u0161e konkr\u00e9tn\u00ed pot\u0159eby.<\/p>\n\t<\/div>\n\t<div class=\"sub-box\">\n\t\t<h3>Advok\u00e1ti<\/h3>\n\t\t<p class=\"code\">30\n\t\t<p class=\"text\">Nejd\u016fle\u017eit\u011bj\u0161\u00edm faktorem p\u0159i \u0159e\u0161en\u00ed IT probl\u00e9m\u016f je rychlost po\u010d\u00e1te\u010dn\u00ed reakce. MONOLITH LAW OFFICE m\u00e1 mnoho advok\u00e1t\u016f, kte\u0159\u00ed jsou schopni ka\u017edodenn\u011b reagovat na \u0161irokou \u0161k\u00e1lu konzultac\u00ed.<\/p>\n\t<\/div>\n\t<div class=\"sub-box\">\n\t\t<h3>IT konzultanti<\/h3>\n\t\t<p class=\"code\">16\n\t\t<p class=\"text\">V\u011b\u0159\u00edme, \u017ee IT konzultanti jsou stejn\u011b d\u016fle\u017eit\u00ed jako pr\u00e1vn\u00edci p\u0159i dr\u017een\u00ed kroku s neust\u00e1le se vyv\u00edjej\u00edc\u00ed technologi\u00ed a p\u0159i \u0159e\u0161en\u00ed st\u00e1le sofistikovan\u011bj\u0161\u00edch firemn\u00edch IT v\u00fdzev.<\/p>\n\t<\/div>\n\t<div class=\"sub-box\">\n<h3>Podporovan\u00e9 zem\u011b<\/h3>\n\t\t<p class=\"code\">18\n\t\t<p class=\"text\">Japonsk\u00e1 pr\u00e1vn\u00ed kancel\u00e1\u0159 s mezin\u00e1rodn\u00edmi odborn\u00fdmi znalostmi. Specializujeme se na mezin\u00e1rodn\u00ed transakce, soudn\u00ed spory a dodr\u017eov\u00e1n\u00ed p\u0159edpis\u016f. P\u0159izp\u016fsoben\u00e1 \u0159e\u0161en\u00ed pro glob\u00e1ln\u00ed klienty v obchodn\u00edch a pr\u00e1vn\u00edch z\u00e1le\u017eitostech.<\/p>\n\t<\/div>\n\t<div class=\"sub-box\">\n\t\t<h3>\u010cl\u00e1nky o IT a pr\u00e1vn\u00edch poznatc\u00edch<\/h3>\n\t\t<p class=\"code\">1036\n\t\t<p class=\"text\" style=\"width: 278px\">Analyzujeme a vysv\u011btlujeme r\u016fzn\u00e9 p\u0159\u00edpadov\u00e9 studie v oblasti firemn\u00edho IT prost\u0159ednictv\u00edm webov\u00e9ho m\u00e9dia \u201cMONOLITH LAW MAGAZINE\u201d. Neust\u00e1le zkoum\u00e1me vhodn\u00e1 \u0159e\u0161en\u00ed pro st\u00e1le slo\u017eit\u011bj\u0161\u00ed a r\u016fznorod\u011bj\u0161\u00ed v\u00fdzvy v oblasti firemn\u00edho IT.<\/p>\n\t<\/div>\n\t<\/div>\n\t<\/div>\n<\/section>\n<section class=\"front-service\">\n\t<div class=\"section-inner\">\n\t\t<p class=\"en\">SLU\u017dBY MONOLITH LAW OFFICE<\/p>\n\t\t<h2>Na\u0161e \u0159e\u0161en\u00ed pro slo\u017eit\u00e9 IT rizika.<\/h2>\n\t<\/div>\n\t<div class=\"front-service-field\">\n\t<div class=\"section-inner\">\n\t<h3><a href=\"\/cs\/services\">Slu\u017eby<\/a><\/h3>\n\t<div class=\"box-wrap\">\n\t<div class=\"sub-box\">\n\t\t<h4>Obecn\u00e9 korpor\u00e1tn\u00ed pr\u00e1vo<\/h4>\n\t\t<div class=\"icon\"><img decoding=\"async\" src=\"\/wp-content\/themes\/monolith_en\/img\/top\/service_general-corporate.svg\" alt=\"Korpor\u00e1tn\u00ed pr\u00e1vn\u00ed z\u00e1le\u017eitosti pro IT a startupov\u00e9 firmy\"><\/div>\n\t\t<p>Specializovan\u00e9 znalosti a zku\u0161enosti jsou kl\u00ed\u010dov\u00e9 pro poskytov\u00e1n\u00ed p\u0159esn\u00e9 pr\u00e1vn\u00ed podpory v dynamick\u00e9m prost\u0159ed\u00ed, kter\u00e9 je typick\u00e9 pro IT a startupov\u00e9 spole\u010dnosti. Na\u0161e firma m\u00e1 mnoho specialist\u016f v tomto odv\u011btv\u00ed a p\u016fsobila jako pr\u00e1vn\u00ed poradce pro 1087 spole\u010dnost\u00ed, p\u0159ev\u00e1\u017en\u011b IT firem, od spole\u010dnost\u00ed k\u00f3tovan\u00fdch v prvn\u00ed sekci Tokijsk\u00e9 burzy cenn\u00fdch pap\u00edr\u016f a\u017e po startupy v po\u010d\u00e1te\u010dn\u00ed f\u00e1zi.<\/p>\n\t\t<div class=\"btn-more\"><a href=\"\/cs\/general-corporate\">V\u00edce informac\u00ed<\/a><\/div>\n\t<\/div>\n\t<div class=\"sub-box\">\n\t\t<h4>IT<\/h4>\n\t\t<div class=\"icon\"><img decoding=\"async\" src=\"\/wp-content\/themes\/monolith_en\/img\/top\/service_it.svg\" alt=\"Pr\u00e1vn\u00ed z\u00e1le\u017eitosti IT a du\u0161evn\u00edho vlastnictv\u00ed pro r\u016fzn\u00e9 spole\u010dnosti\"><\/div>\n\t\t<p>Dnes jsou v\u0161echny spole\u010dnosti, bez ohledu na oblast podnik\u00e1n\u00ed nebo velikost firmy, n\u011bjak\u00fdm zp\u016fsobem zapojeny do IT ve sv\u00fdch podnikatelsk\u00fdch aktivit\u00e1ch. M\u016f\u017eeme p\u016fsobit jako &#8220;advok\u00e1ti specializuj\u00edc\u00ed se na oblast IT a du\u0161evn\u00edho vlastnictv\u00ed&#8221; pro spole\u010dnosti, kter\u00e9 ji\u017e maj\u00ed hlavn\u00edho pr\u00e1vn\u00edho poradce, nebo i pro firmy, jejich\u017e hlavn\u00ed obchodn\u00ed \u010dinnost\u00ed nen\u00ed IT.<\/p>\n\t\t<div class=\"btn-more\"><a href=\"\/cs\/it\">V\u00edce informac\u00ed<\/a><\/div>\n\t<\/div>\n\t<div class=\"sub-box\">\n\t\t<h4>P\u0159eshrani\u010dn\u00ed<\/h4>\n\t\t<div class=\"icon\"><img decoding=\"async\" src=\"\/wp-content\/themes\/monolith_en\/img\/top\/service_cross-border.svg\" alt=\"Mezin\u00e1rodn\u00ed pr\u00e1vn\u00ed z\u00e1le\u017eitosti\"><\/div>\n\t\t<p>Na\u0161\u00edm hlavn\u00edm c\u00edlem je poskytovat komplexn\u00ed pr\u00e1vn\u00ed slu\u017eby japonsk\u00fdm IT spole\u010dnostem vstupuj\u00edc\u00edm na mezin\u00e1rodn\u00ed trh. Rovn\u011b\u017e poskytujeme profesion\u00e1ln\u00ed pr\u00e1vn\u00ed podporu zahrani\u010dn\u00edm IT spole\u010dnostem v Japonsku. Na\u0161e firma se skl\u00e1d\u00e1 z advok\u00e1t\u016f s licenc\u00ed z r\u016fzn\u00fdch zem\u00ed a region\u016f, aby efektivn\u011b podporovala p\u0159eshrani\u010dn\u00ed transakce.<\/p>\n\t\t<div class=\"btn-more\"><a href=\"\/cs\/cross-border\">V\u00edce informac\u00ed<\/a><\/div>\n\t<\/div>\n\t<div class=\"sub-box\">\n\t\t<h4>Internet<\/h4>\n\t\t<div class=\"icon\"><img decoding=\"async\" src=\"\/wp-content\/themes\/monolith_en\/img\/top\/service_internet.svg\" alt=\"Influencer Marketing\"><\/div>\n\t\t<p>S odbornost\u00ed v oblasti internetov\u00e9ho pr\u00e1va nab\u00edz\u00edme komplexn\u00ed pr\u00e1vn\u00ed podporu internetov\u00fdm podnikatel\u016fm, v\u010detn\u011b YouTuber\u016f a spole\u010dnost\u00ed vyu\u017e\u00edvaj\u00edc\u00edch soci\u00e1ln\u00ed s\u00edt\u011b. Specializujeme se na \u0159e\u0161en\u00ed online spor\u016f, odstra\u0148ov\u00e1n\u00ed negativn\u00edch webov\u00fdch str\u00e1nek a \u0159\u00edzen\u00ed online pov\u011bsti. Pro efektivn\u00ed \u0159e\u0161en\u00ed internetov\u00fdch probl\u00e9m\u016f se obra\u0165te na na\u0161e kvalifikovan\u00e9 pr\u00e1vn\u00edky.<\/p>\n\t\t<div class=\"btn-more\"><a href=\"\/cs\/internet\">V\u00edce informac\u00ed<\/a><\/div>\n\t<\/div>\n\t<\/div>\n\t<\/div>\n\t<\/div>\n\t<div class=\"front-service-example\">\n\t<div class=\"section-inner\">\n\t<p>Nap\u0159\u00edklad<\/p>\n\t<ul class=\"clearfix\">\n\t\t<li>\n\t\t\t<div class=\"icon\"><a href=\"\/cs\/system-development\/\"><img decoding=\"async\" src=\"\/wp-content\/themes\/monolith_en\/img\/top\/service_ex_system-development.svg\" alt=\"V\u00fdvoj syst\u00e9m\u016f\"><\/a><\/div>\n\t\t\t<p>V\u00fdvoj<br>syst\u00e9m\u016f<\/p>\n\t\t<\/li>\n\t\t<li>\n\t\t\t<div class=\"icon\"><a href=\"\/cs\/crypto-asset-and-blockchain\/\"><img decoding=\"async\" src=\"\/wp-content\/themes\/monolith_en\/img\/top\/service_ex_crypto-asset-and-blockchain.svg\" alt=\"Kryptoaktiva a blockchain\"><\/a><\/div>\n\t\t\t<p>Kryptoaktiva<br>a Blockchain<\/p>\n\t\t<\/li>\n\t\t<li>\n\t\t\t<div class=\"icon\"><a href=\"\/cs\/ai\/\"><img decoding=\"async\" src=\"\/wp-content\/themes\/monolith_en\/img\/top\/service_ex_ai.svg\" alt=\"ai\"><\/a><\/div>\n\t\t\t<p>AI<br>(ChatGPT atd.)<\/p>\n\t\t<\/li>\n\t\t<li>\n\t\t\t<div class=\"icon\"><a href=\"\/cs\/advertisement-review\/\"><img decoding=\"async\" src=\"\/wp-content\/themes\/monolith_en\/img\/top\/service_ex_advertisement-review.svg\" alt=\"Kontrola reklamy\"><\/a><\/div>\n\t\t\t<p>Kontrola<br>reklamy<\/p>\n\t\t<\/li>\n\t\t<li>\n\t\t\t<div class=\"icon\"><a href=\"\/cs\/mitigating-reputational-damage\/\"><img decoding=\"async\" src=\"\/wp-content\/themes\/monolith_en\/img\/top\/service_ex_mitigating-reputational-damage.svg\" alt=\"Omezov\u00e1n\u00ed reputa\u010dn\u00edho po\u0161kozen\u00ed\"><\/a><\/div>\n\t\t\t<p>Omezov\u00e1n\u00ed<br>reputa\u010dn\u00edho po\u0161kozen\u00ed<\/p>\n\t\t<\/li>\n\t<\/ul>\n\t<\/div>\n\t<\/div>\n<\/section>\n<section class=\"white-section front-client\">\n\t<div class=\"section-inner\">\n\t\t<h2>KLIENT<\/h2>\n\t\t<ul>\n\t\t\t<li><img src=\"https:\/\/monolith.law\/cs\/wp-content\/themes\/monolith_cs\/img\/clients\/logo_01.png\"><\/li>\n\t\t\t<li><img src=\"https:\/\/monolith.law\/cs\/wp-content\/themes\/monolith_cs\/img\/clients\/logo_02.png\"><\/li>\n\t\t\t<li><img src=\"https:\/\/monolith.law\/cs\/wp-content\/themes\/monolith_cs\/img\/clients\/logo_03.png\"><\/li>\n\t\t\t<li><img src=\"https:\/\/monolith.law\/cs\/wp-content\/themes\/monolith_cs\/img\/clients\/logo_04.png\"><\/li>\n\t\t\t<li><img src=\"https:\/\/monolith.law\/cs\/wp-content\/themes\/monolith_cs\/img\/clients\/logo_05.png\"><\/li>\n\t\t\t<li><img src=\"https:\/\/monolith.law\/cs\/wp-content\/themes\/monolith_cs\/img\/clients\/logo_06.png\"><\/li>\n\t\t\t<li><img src=\"https:\/\/monolith.law\/cs\/wp-content\/themes\/monolith_cs\/img\/clients\/logo_07.png\"><\/li>\n\t\t\t<li><img src=\"https:\/\/monolith.law\/cs\/wp-content\/themes\/monolith_cs\/img\/clients\/logo_08.png\"><\/li>\n\t\t\t<li><img src=\"https:\/\/monolith.law\/cs\/wp-content\/themes\/monolith_cs\/img\/clients\/logo_09.png\"><\/li>\n\t\t\t<li><img src=\"https:\/\/monolith.law\/cs\/wp-content\/themes\/monolith_cs\/img\/clients\/logo_10.png\"><\/li>\n\t\t\t<li><img src=\"https:\/\/monolith.law\/cs\/wp-content\/themes\/monolith_cs\/img\/clients\/logo_11.png\"><\/li>\n\t\t\t<li><img src=\"https:\/\/monolith.law\/cs\/wp-content\/themes\/monolith_cs\/img\/clients\/logo_12.png\"><\/li>\n\t\t\t<li><img src=\"https:\/\/monolith.law\/cs\/wp-content\/themes\/monolith_cs\/img\/clients\/logo_13.png\"><\/li>\n\t\t\t<li><img src=\"https:\/\/monolith.law\/cs\/wp-content\/themes\/monolith_cs\/img\/clients\/logo_14.png\"><\/li>\n\t\t\t<li><img src=\"https:\/\/monolith.law\/cs\/wp-content\/themes\/monolith_cs\/img\/clients\/logo_15.png\"><\/li>\n\t\t<\/ul>\n\t\t<!--<div class=\"btn-more\"><a href=\"https:\/\/monolith.law\/cs\/clients\">See More<\/a><\/div>-->\n\t<\/div>\n<\/section>\n<section class=\"white-section front-news\">\n    <div class=\"section-inner\">\n        <h2>ZPR\u00c1VY [en]<\/h2>\n        <div>\n                        <ul>\n                                                    <li><span class=\"date\">2026.04.01<\/span><span class=\"category news-category-2\">NEWS<\/span><span class=\"subject\">Attorney Shota Akiyama has joined the firm.<\/span><\/li>\n                                                                <li><span class=\"date\">2026.03.26<\/span><span class=\"category news-category-2\">NEWS<\/span><span class=\"subject\">Attorneys Miki Takatsuki, Toko Takayanagi, Mizuki Kobayashi, Ryo Watanabe, and Shuto Ishimura have joined our firm.<\/span><\/li>\n                                                                <li><span class=\"date\">2025.05.08<\/span><span class=\"category news-category-2\">NEWS<\/span><span class=\"subject\">Monolith Law Office has been selected as a finalist for the Rising Law Firm of the Year category of the ALB Japan Law Awards, hosted by Asian Legal Business, an international law firm evaluation organization.<\/span><\/li>\n                                                                <li><span class=\"date\">2025.04.01<\/span><span class=\"category news-category-2\">NEWS<\/span><span class=\"subject\">Attorney Keita Yokoyama has joined the firm.<\/span><\/li>\n                                                                <li><span class=\"date\">2025.03.27<\/span><span class=\"category news-category-2\">NEWS<\/span><span class=\"subject\">Attorneys Yusuke Mizutani, Ryusei Juman, Mizuki Koyama, and Yusuke Muto have joined the firm.<\/span><\/li>\n                                                                <li><span class=\"date\">2024.06.12<\/span><span class=\"category news-category-2\">NEWS<\/span><span class=\"subject\">Attorney Akira Yoshida has joined the firm.<\/span><\/li>\n                                                            <\/ul>\n            <div class=\"btn-more\"><a href=\"\/en\/news\/\">V\u00edce informac\u00ed [en]<\/a><\/div>\n        <\/div>\n    <\/div>\n<\/section>\n<section class=\"white-section front-banner\">\n<div class=\"section-inner\">\n<div class=\"banner-slider\">\n<div><a href=\"\/cs\/cross-border\"><img decoding=\"async\" src=\"\/wp-content\/themes\/monolith_en\/img\/top\/banner_crossborder.png\" alt=\"P\u0159eshrani\u010dn\u00ed\"><\/a><\/div>\n<div><a href=\"\/en\/job-openings\"><img decoding=\"async\" src=\"\/wp-content\/themes\/monolith_en\/img\/top\/banner_jobopenings.png\" alt=\"Voln\u00e1 pracovn\u00ed m\u00edsta\"><\/a><\/div>\n<div><a href=\"https:\/\/www.linkedin.com\/company\/monolith-law-office\/\" target=\"\u201d_blank\u201d\" rel=\"noopener\"><img decoding=\"async\" src=\"\/wp-content\/themes\/monolith_en\/img\/top\/banner_linkedin.png\" alt=\"LinkedIn\"><\/a><\/div>\n<div><a href=\"\/cs\/article\"><img decoding=\"async\" src=\"\/wp-content\/themes\/monolith_en\/img\/top\/banner_monolithlawmagazine.svg\" alt=\"MONOLITH LAW MAGAZINE\"><\/a><\/div>\n<\/div>\n<\/div>\n<\/section>\n","protected":false},"excerpt":{"rendered":"<p>Evoluce IT Dnes je IT j\u00e1drem modern\u00edho podnik\u00e1n\u00ed, ale vyu\u017eit\u00ed IT pro podnik\u00e1n\u00ed vy\u017eaduje pr\u00e1vn\u00ed \u0159\u00edzen\u00ed rizik. V pr\u00e1vn\u00ed kancel\u00e1\u0159i MONOLITH LAW OFFICE n\u00e1\u0161 t\u00fdm pr\u00e1vn\u00edk\u016f a IT konzultant\u016f pracuje v souladu  [&hellip;]<\/p>\n","protected":false},"author":1,"featured_media":56656,"parent":0,"menu_order":0,"comment_status":"closed","ping_status":"closed","template":"front-page-temp.php","meta":{"footnotes":""},"acf":[],"_links":{"self":[{"href":"https:\/\/monolith.law\/cs\/wp-json\/wp\/v2\/pages\/41151"}],"collection":[{"href":"https:\/\/monolith.law\/cs\/wp-json\/wp\/v2\/pages"}],"about":[{"href":"https:\/\/monolith.law\/cs\/wp-json\/wp\/v2\/types\/page"}],"author":[{"embeddable":true,"href":"https:\/\/monolith.law\/cs\/wp-json\/wp\/v2\/users\/1"}],"replies":[{"embeddable":true,"href":"https:\/\/monolith.law\/cs\/wp-json\/wp\/v2\/comments?post=41151"}],"version-history":[{"count":127,"href":"https:\/\/monolith.law\/cs\/wp-json\/wp\/v2\/pages\/41151\/revisions"}],"predecessor-version":[{"id":66292,"href":"https:\/\/monolith.law\/cs\/wp-json\/wp\/v2\/pages\/41151\/revisions\/66292"}],"wp:featuredmedia":[{"embeddable":true,"href":"https:\/\/monolith.law\/cs\/wp-json\/wp\/v2\/media\/56656"}],"wp:attachment":[{"href":"https:\/\/monolith.law\/cs\/wp-json\/wp\/v2\/media?parent=41151"}],"curies":[{"name":"wp","href":"https:\/\/api.w.org\/{rel}","templated":true}]}}