{"id":4213,"date":"2023-11-08T04:28:26","date_gmt":"2023-11-07T19:28:26","guid":{"rendered":"https:\/\/monolith.law\/?page_id=4213"},"modified":"2024-02-06T18:02:04","modified_gmt":"2024-02-06T09:02:04","slug":"services","status":"publish","type":"page","link":"https:\/\/monolith.law\/cs\/services","title":{"rendered":"Slu\u017eby"},"content":{"rendered":"\n<section class=\"heading-area\">\n\t<div class=\"heading-area-inner\">\n\t\t<h2 class=\"icon-services\">Slu\u017eby<\/h2>\n\t\t<p>S pozad\u00edm na\u0161eho spr\u00e1vce jako IT in\u017een\u00fdra a zku\u0161enostmi s \u0159\u00edzen\u00edm IT spole\u010dnost\u00ed, MONOLITH LAW OFFICE stoj\u00ed jako p\u0159edn\u00ed pr\u00e1vn\u00ed kancel\u00e1\u0159 v Japonsku specializuj\u00edc\u00ed se na IT, obchod a internet. Na\u0161e glob\u00e1ln\u00ed organizace n\u00e1m umo\u017e\u0148uje poskytovat vysoce specializovan\u00e9 pr\u00e1vn\u00ed slu\u017eby v t\u011bchto oblastech.<\/p>\n\t<\/div>\n<\/section>\n<section class=\"second-nav\">\n\t<div class=\"second-nav-inner\">\n\t\t<p>T\u00c9MATA<\/p>\n\t\t<nav>\n\t\t\t<ul>\n\t\t\t\t<li><a href=\"#general-corporate\">Obecn\u00e9 korpor\u00e1tn\u00ed<\/a><\/li>\n\t\t\t\t<li><a href=\"#it\">IT<\/a><\/li>\n\t\t\t\t<li><a href=\"#cross-border\">P\u0159eshrani\u010dn\u00ed<\/a><\/li>\n\t\t\t\t<li><a href=\"#internet\">Internet<\/a><\/li>\n\t\t\t<\/ul>\n\t\t<\/nav>\n\t<\/div>\n<\/section>\n<section class=\"white-section\">\n\t<div class=\"anchor\" id=\"general-corporate\"><\/div>\n\t<div class=\"section-inner pdb0\">\n\t\t<div class=\"flex\">\n\t\t\t<div class=\"width41\"><img decoding=\"async\" src=\"\/wp-content\/themes\/monolith2021\/img\/pic\/pic_practices-corporate.jpg\" alt=\"Obecn\u00e9 korpor\u00e1tn\u00ed\"><\/div>\n\t\t\t<div class=\"width51\">\n\t\t\t\t<div class=\"inline-inner\">\n\t\t\t\t\t<h3>Obecn\u00e9 korpor\u00e1tn\u00ed<\/h3>\n\t\t\t\t\t<p>Pro poskytov\u00e1n\u00ed p\u0159esn\u00e9 pr\u00e1vn\u00ed podpory v dynamick\u00e9m prost\u0159ed\u00ed IT a startupov\u00e9ho podnik\u00e1n\u00ed je d\u016fle\u017eit\u00e9 m\u00edt specializovan\u00e9 znalosti a zku\u0161enosti. Na\u0161e firma MONOLITH LAW OFFICE m\u00e1 mnoho specialist\u016f v t\u00e9to oblasti a m\u00e1me zku\u0161enosti s poskytov\u00e1n\u00edm pr\u00e1vn\u00edho poradenstv\u00ed (v\u010detn\u011b r\u016fzn\u00fdch smluv pro \u0159editele, v\u00fdkonn\u00e9 \u0159editele atd.) pro 1087 spole\u010dnost\u00ed, kter\u00e9 se p\u0159ev\u00e1\u017en\u011b skl\u00e1daj\u00ed z IT spole\u010dnost\u00ed, od \u0161pi\u010dkov\u00fdch firem a\u017e po startupy v po\u010d\u00e1te\u010dn\u00ed f\u00e1zi v Japonsku.<\/p>\n\t\t\t\t<\/div>\n\t\t\t<\/div>\n\t\t<\/div>\n\t<\/div>\n<\/section>\n<section class=\"white-section\">\n\t<div class=\"section-inner\">\n\t\t<ol class=\"practices-list mgb-big\">\n\t\t\t<li>\n\t\t\t\t<h4><img decoding=\"async\" src=\"\/wp-content\/themes\/monolith_en\/img\/practices\/practices_1_1.svg\" alt=\"1.Venture Law \"><\/h4>\n\t\t\t\t<img decoding=\"async\" src=\"\/wp-content\/themes\/monolith2021\/img\/practices\/practices_1_1_pic.png\" alt=\"Venture Law \">\n\t\t\t\t<p>M\u00e1me rozs\u00e1hl\u00e9 zku\u0161enosti s pr\u00e1vn\u00edmi z\u00e1le\u017eitostmi souvisej\u00edc\u00edmi s podnik\u00e1n\u00edm a kapit\u00e1lem, v\u010detn\u011b financov\u00e1n\u00ed, p\u0159evod\u016f podnik\u016f a odkup\u016f.<\/p>\n\t\t\t<\/li>\n\t\t\t<li>\n\t\t\t\t<h4><img decoding=\"async\" src=\"\/wp-content\/themes\/monolith_en\/img\/practices\/practices_1_2.svg\" alt=\"2.IT a pr\u00e1vo du\u0161evn\u00edho vlastnictv\u00ed\"><\/h4>\n\t\t\t\t<img decoding=\"async\" src=\"\/wp-content\/themes\/monolith2021\/img\/practices\/practices_1_2_pic.png\" alt=\"IT a pr\u00e1vo du\u0161evn\u00edho vlastnictv\u00ed\">\n\t\t\t\t<p>Toki Kawase, n\u00e1\u0161 vedouc\u00ed pr\u00e1vn\u00edk s p\u0159edchoz\u00edmi zku\u0161enostmi in\u017een\u00fdra, z\u00edsk\u00e1 hlubok\u00e9 porozum\u011bn\u00ed produkt\u016fm va\u0161\u00ed spole\u010dnosti, ob\u010das i prost\u0159ednictv\u00edm skute\u010dn\u00e9ho \u010dten\u00ed k\u00f3du.<\/p>\n\t\t\t<\/li>\n\t\t\t<li>\n\t\t\t\t<h4><img decoding=\"async\" src=\"\/wp-content\/themes\/monolith_en\/img\/practices\/practices_1_3.svg\" alt=\"3.Rychlost\"><\/h4>\n\t\t\t\t<img decoding=\"async\" src=\"\/wp-content\/themes\/monolith2021\/img\/practices\/practices_1_3_pic.png\" alt=\"Rychlost\">\n\t\t\t\t<p>Ch\u00e1peme d\u016fle\u017eitost rychl\u00e9 reakce pro v\u00e1\u0161 podnik a spole\u010dnost. Obvykle odpov\u00edd\u00e1me do jednoho pracovn\u00edho dne.<\/p>\n\t\t\t<\/li>\n\t\t\t<li>\n\t\t\t\t<h4><img decoding=\"async\" src=\"\/wp-content\/themes\/monolith_en\/img\/practices\/practices_1_4.svg\" alt=\"4.Pr\u00e1vn\u00ed z\u00e1le\u017eitosti mal\u00fdch a st\u0159edn\u00edch podnik\u016f\"><\/h4>\n\t\t\t\t<img decoding=\"async\" src=\"\/wp-content\/themes\/monolith2021\/img\/practices\/practices_1_4_pic.png\" alt=\"Pr\u00e1vn\u00ed z\u00e1le\u017eitosti mal\u00fdch a st\u0159edn\u00edch podnik\u016f\">\n\t\t\t\t<p>N\u00e1\u0161 zakl\u00e1daj\u00edc\u00ed pr\u00e1vn\u00edk m\u00e1 zku\u0161enosti s podnikov\u00fdm managementem a z vlastn\u00ed zku\u0161enosti rozum\u00ed n\u00e1ro\u010dnosti \u0159\u00edzen\u00ed.<\/p>\n\t\t\t<\/li>\n\t\t<\/ol>\n\t\t<div class=\"btn-area\">\n\t\t\t<div class=\"btn icon-general-corporate\"><a href=\"\/cs\/general-corporate\">Obecn\u00e9 korpor\u00e1tn\u00ed pr\u00e1vo<\/a><\/div>\n\t\t<\/div>\n\t<\/div>\n<\/section>\n<section class=\"purple-section\">\n\t<div class=\"anchor\" id=\"it\"><\/div>\n\t<div class=\"section-inner\">\n\t\t<div class=\"flex mgb-middle\">\n\t\t\t<div class=\"width41\"><img decoding=\"async\" src=\"\/wp-content\/themes\/monolith2021\/img\/pic\/pic_practices-itlaw.jpg\" alt=\"IT\"><\/div>\n\t\t\t<div class=\"width51\">\n\t\t\t\t<div class=\"inline-inner\">\n\t\t\t\t\t<h3>IT<\/h3>\n\t\t\t\t\t<p class=\" mgb-middle\">Pro pr\u00e1vn\u00edky IT spole\u010dnost\u00ed je d\u016fle\u017eit\u00e9 rozum\u011bt technologi\u00edm a operac\u00edm souvisej\u00edc\u00edm s IT a du\u0161evn\u00edm vlastnictv\u00edm, kter\u00e9 jsou sou\u010d\u00e1st\u00ed ka\u017edodenn\u00edho podnik\u00e1n\u00ed spole\u010dnosti. <br>MONOLITH LAW OFFICE p\u016fsob\u00ed jako pr\u00e1vn\u00ed poradce a hlavn\u00ed pr\u00e1vn\u00ed \u0159editel pro IT spole\u010dnosti a zpracov\u00e1v\u00e1 specializovan\u00e9 a sofistikovan\u00e9 pr\u00e1vn\u00ed z\u00e1le\u017eitosti souvisej\u00edc\u00ed s IT,<br>tak jako v\u00fdvoj syst\u00e9m\u016f, \u00fadr\u017eba smluvn\u00edch podm\u00ednek pro aplikace a slu\u017eby, spr\u00e1va m\u00e9di\u00ed, marketingov\u00e9 operace, blockchain, AI, ochrana osobn\u00edch \u00fadaj\u016f a pr\u00e1vn\u00ed z\u00e1le\u017eitosti souvisej\u00edc\u00ed s IP v Japonsku.<\/p>\n\t\t\t\t<\/div>\n\t\t\t<\/div>\n\t\t<\/div>\n\t\t<ul class=\"layout-column4 mgb-big\">\n\t\t\t<li>\n\t\t\t\t<div><img decoding=\"async\" src=\"\/wp-content\/themes\/monolith2021\/img\/practices-itlaw\/practices-itlaw_pic1.jpg\"><\/div>\n\t\t\t\t<h4>V\u00fdvoj syst\u00e9m\u016f<\/h4>\n\t\t\t\t<p>Od sestavov\u00e1n\u00ed, revize a vyjedn\u00e1v\u00e1n\u00ed smluv a\u017e po \u0159e\u0161en\u00ed spor\u016f, kdy\u017e dojde k probl\u00e9m\u016fm<\/p>\n\t\t\t<\/li>\n\t\t\t<li>\n\t\t\t\t<div><img decoding=\"async\" src=\"\/wp-content\/themes\/monolith2021\/img\/practices-itlaw\/practices-itlaw_pic2.jpg\"><\/div>\n\t\t\t\t<h4>Podm\u00ednky u\u017e\u00edv\u00e1n\u00ed<\/h4>\n\t\t\t\t<p>Vytv\u00e1\u0159en\u00ed a \u00fapravy obchodn\u00edch podm\u00ednek a z\u00e1sad ochrany soukrom\u00ed, nezbytn\u00fdch pro publikaci nebo provoz.<\/p>\n\t\t\t<\/li>\n\t\t\t<li>\n\t\t\t\t<div><img decoding=\"async\" src=\"\/wp-content\/uploads\/2023\/05\/oss.jpg\"><\/div>\n\t\t\t\t<h4>OSS<\/h4>\n\t\t\t\t<p>R\u016fzn\u00e9 typy podpory na z\u00e1klad\u011b porozum\u011bn\u00ed softwaru, v\u010detn\u011b n\u00e1vrhu licenc\u00ed a licen\u010dn\u00edch smluv<\/p>\n\t\t\t<\/li>\n\t\t\t<li>\n\t\t\t\t<div><img decoding=\"async\" src=\"\/wp-content\/uploads\/2022\/07\/shutterstock_1151380622_2.png\"><\/div>\n\t\t\t\t<h4>Kryptoaktiva<\/h4>\n\t\t\t\t<p>Pr\u00e1vn\u00ed podpora pro podnik\u00e1n\u00ed souvisej\u00edc\u00ed s blockchainem, v\u010detn\u011b z\u00edsk\u00e1v\u00e1n\u00ed financ\u00ed, obsahov\u00e9ho podnik\u00e1n\u00ed a NFT<\/p>\n\t\t\t<\/li>\n\t\t<\/ul>\n\t\t<div class=\"btn-area\">\n\t\t\t<div class=\"btn icon-it\"><a href=\"\/cs\/it\">IT<\/a><\/div>\n\t\t<\/div>\n\t<\/div>\n<\/section>\n<section class=\"white-section\">\n\t<div class=\"anchor\" id=\"cross-border\"><\/div>\n\t<div class=\"section-inner\">\n\t\t<div class=\"flex reverse\">\n\t\t\t<div class=\"width41\"><img decoding=\"async\" src=\"\/en\/wp-content\/uploads\/sites\/6\/2023\/06\/global.jpg\" alt=\"Cross Border\"><\/div>\n\t\t\t<div class=\"width51\">\n\t\t\t\t<div class=\"inline-inner\">\n\t\t\t\t\t<h3>P\u0159eshrani\u010dn\u00ed<\/h3>\n\t\t\t\t\t<p class=\"mgb-small\">Pr\u00e1vn\u00ed kancel\u00e1\u0159 MONOLITH LAW OFFICE se specializuje na poskytov\u00e1n\u00ed \u0161irok\u00e9 \u0161k\u00e1ly pr\u00e1vn\u00edch slu\u017eeb pro zahrani\u010dn\u00ed spole\u010dnosti vstupuj\u00edc\u00ed na japonsk\u00fd trh. D\u00edky odborn\u00fdm znalostem v oblasti IT a startup\u016f nab\u00edz\u00ed na\u0161i zku\u0161en\u00ed pr\u00e1vn\u00edci podporu v licen\u010dn\u00edch dohod\u00e1ch, pr\u00e1vech du\u0161evn\u00edho vlastnictv\u00ed, dodr\u017eov\u00e1n\u00ed p\u0159edpis\u016f o ochran\u011b osobn\u00edch \u00fadaj\u016f, vyjedn\u00e1v\u00e1n\u00ed smluv a \u0159\u00edzen\u00ed pr\u00e1vn\u00edch rizik.<\/p>\n\t\t\t\t\t<p class=\"mgb-small\">Specializujeme se tak\u00e9 na pomoc startup\u016fm s fundraisingem, investi\u010dn\u00edmi dohodami a IPO, \u010d\u00edm\u017e podporujeme jejich r\u016fst a \u00fasp\u011bch prost\u0159ednictv\u00edm strategick\u00e9 pr\u00e1vn\u00ed podpory. N\u00e1\u0161 t\u00fdm rozum\u00ed jedine\u010dn\u00fdm charakteristik\u00e1m a c\u00edl\u016fm ka\u017ed\u00e9ho podnik\u00e1n\u00ed a poskytuje na m\u00edru \u0161itou radu a \u0159e\u0161en\u00ed, kter\u00e1 kombinuj\u00ed mezin\u00e1rodn\u00ed perspektivu s lok\u00e1ln\u00edmi znalostmi.<\/p>\n\t\t\t\t\t<p class=\"mgb-small\">\u0158e\u0161en\u00ed pr\u00e1vn\u00edch probl\u00e9m\u016f je kl\u00ed\u010dov\u00e9 pro \u00fasp\u011b\u0161nou expanzi v Japonsku. Kontaktujte n\u00e1s, abychom probrali, jak v\u00e1m m\u016f\u017eeme pomoci prosperovat na japonsk\u00e9m trhu.<\/p>\n\t\t\t\t<\/div>\n\t\t\t<\/div>\n\t\t<\/div>\n\t\t<div class=\"max-width980 mgb-small\"><img decoding=\"async\" src=\"\/wp-content\/uploads\/2023\/05\/global_map.png\" alt=\"Podporovan\u00e9 zem\u011b\"><\/div>\n\t\t<div class=\"frame2 max-width860 mgb-big txt-center-pc\">\n\t\t\t<p>Glob\u00e1ln\u00ed pr\u00e1vn\u00ed slu\u017eby: Expertiza a dosah p\u0159esahuj\u00edc\u00ed hranice. Komplexn\u00ed asistence po cel\u00e9m sv\u011bt\u011b prost\u0159ednictv\u00edm d\u016fv\u011bryhodn\u00fdch partnersk\u00fdch firem. Kontaktujte n\u00e1s pro va\u0161e transhrani\u010dn\u00ed pr\u00e1vn\u00ed pot\u0159eby.<\/p>\n\t\t<\/div>\n\t\t<div class=\"btn-area\">\n\t\t\t<div class=\"btn icon-cross-border\"><a href=\"\/cs\/cross-border\">Transhrani\u010dn\u00ed pr\u00e1vo<\/a><\/div>\n\t\t<\/div>\n\t<\/div>\n<\/section>\n\n<section class=\"orange-section\">\n\t<div class=\"anchor\" id=\"internet\"><\/div>\n\t<div class=\"section-inner\">\n\t\t<div class=\"flex mgb-middle\">\n\t\t\t<div class=\"width41\"><img decoding=\"async\" src=\"\/en\/wp-content\/uploads\/sites\/6\/2023\/06\/internet.jpg\" alt=\"Internet\"><\/div>\n\t\t\t<div class=\"width51\">\n\t\t\t\t<h3>Internet<\/h3>\n\t\t\t\t<p class=\"mgb-small\">Pr\u00e1vn\u00ed kancel\u00e1\u0159 MONOLITH LAW OFFICE m\u00e1 rozs\u00e1hl\u00e9 zku\u0161enosti s pr\u00e1vn\u00edmi ot\u00e1zkami souvisej\u00edc\u00edmi s IT a je zvl\u00e1\u0161t\u011b zdatn\u00e1 v podpo\u0159e internetov\u011b zalo\u017een\u00fdch podnik\u016f, v\u010detn\u011b YouTuber\u016f a spole\u010dnost\u00ed zab\u00fdvaj\u00edc\u00edch se \u010dinnostmi na YouTube.<\/p>\n\t\t\t\t<p class=\"mgb-middle\">Ch\u00e1peme vrozen\u00e1 rizika spojen\u00e1 s internetem, jako jsou negativn\u00ed webov\u00e9 str\u00e1nky a p\u0159\u00edsp\u011bvky na online f\u00f3rech. Na\u0161e firma \u00fasp\u011b\u0161n\u011b \u0159e\u0161ila mnoho p\u0159\u00edpad\u016f spr\u00e1vy online reputace pro \u0161irokou \u0161k\u00e1lu klient\u016f, od jednotlivc\u016f po velk\u00e9 korporace. Negativn\u00ed webov\u00e9 str\u00e1nky p\u0159edstavuj\u00ed v Japonsku jedine\u010dnou pr\u00e1vn\u00ed v\u00fdzvu a na\u0161i kvalifikovan\u00ed pr\u00e1vn\u00edci jsou vybaveni k poskytov\u00e1n\u00ed efektivn\u00edch \u0159e\u0161en\u00ed. S radost\u00ed s v\u00e1mi budeme konzultovat, vyu\u017e\u00edvaj\u00edce na\u0161ich znalost\u00ed a zku\u0161enost\u00ed p\u0159i \u0159e\u0161en\u00ed probl\u00e9m\u016f spojen\u00fdch s negativn\u00edmi webov\u00fdmi str\u00e1nkami.<\/p>\n\t\t\t<\/div>\n\t\t<\/div>\n\t\t<ul class=\"layout-column4 mgb-big\">\n\t\t\t<li>\n\t\t\t\t<div><img decoding=\"async\" src=\"\/wp-content\/themes\/monolith2021\/img\/pic\/pic_practices-youtuberlaw.jpg\" alt=\"YouTuber\"><\/div>\n\t\t\t\t<h4>YouTuber<\/h4>\n\t\t\t\t<p>Odbornost v managementu influencer\u016f. Rozum\u00edme japonsk\u00fdm z\u00e1kon\u016fm a neust\u00e1le se vyv\u00edjej\u00edc\u00ed internetov\u00e9 krajin\u011b. D\u016fv\u011b\u0159uj\u00ed n\u00e1m p\u0159edn\u00ed agentury YouTuber\u016f, spole\u010dnosti VTuber a tv\u016frci obsahu. Specializovan\u00e1 pr\u00e1vn\u00ed podpora pro smlouvy a probl\u00e9my souvisej\u00edc\u00ed s videem v Japonsku.<\/p>\n\t\t\t<\/li>\n\t\t\t<li>\n\t\t\t\t<div><img decoding=\"async\" src=\"\/wp-content\/themes\/monolith2021\/img\/pic\/pic_sns_manda.jpg\" alt=\"M&amp;A of SNS\"><\/div>\n\t\t\t\t<h4>M&amp;A soci\u00e1ln\u00edch s\u00edt\u00ed<\/h4>\n\t\t\t\t<p>Expertiza v oblasti f\u00faz\u00ed a akvizic soci\u00e1ln\u00edch m\u00e9di\u00ed. Na\u0161e pr\u00e1vn\u00ed kancel\u00e1\u0159 rozum\u00ed jedine\u010dn\u00e9 povaze transakc\u00ed s \u00fa\u010dty na YouTube a Twitteru. S pevn\u00fdmi znalostmi v oblasti IT a internetu poskytujeme komplexn\u00ed podporu pro smlouvy, due diligence a pr\u00e1vn\u00ed aspekty. D\u016fv\u011b\u0159ujte n\u00e1m v ochran\u011b a maximalizaci hodnoty va\u0161ich digit\u00e1ln\u00edch aktiv.<\/p>\n\t\t\t<\/li>\n\t\t\t<li>\n\t\t\t\t<div><img decoding=\"async\" src=\"\/wp-content\/themes\/monolith2021\/img\/pic\/pic_practices-reputation.jpg\" alt=\"Negative Web Pages\"><\/div>\n\t\t\t\t<h4>Negativn\u00ed webov\u00e9 str\u00e1nky<\/h4>\n\t\t\t\t<p>Obrana proti online \u00fatok\u016fm. Specializujeme se na internetov\u00e9 pr\u00e1vo a odstra\u0148ujeme \u0161kodliv\u00e9 webov\u00e9 str\u00e1nky, kter\u00e9 po\u0161kozuj\u00ed reputaci. Jsme d\u016fv\u011bryhodn\u00ed partne\u0159i korporac\u00ed i jednotlivc\u016f, poskytujeme strategick\u00e9 pr\u00e1vn\u00ed z\u00e1sahy a komplexn\u00ed \u0159e\u0161en\u00ed k ochran\u011b va\u0161\u00ed online p\u0159\u00edtomnosti a reputace.<\/p>\n\t\t\t<\/li>\n\t\t\t<li>\n\t\t\t\t<div><img decoding=\"async\" src=\"\/wp-content\/themes\/monolith2021\/img\/pic\/pic_reputation.jpg\" alt=\"Identification of Posters\"><\/div>\n\t\t\t\t<h4>Identifikace autor\u016f p\u0159\u00edsp\u011bvk\u016f<\/h4>\n\t\t\t\t<p>Identifikace jednotlivc\u016f odpov\u011bdn\u00fdch za neleg\u00e1ln\u00ed p\u0159\u00edsp\u011bvky. Pr\u00e1vnick\u00e1 kancel\u00e1\u0159 MONOLITH LAW OFFICE se specializuje na internetov\u00e9 pr\u00e1vo a m\u00e1 rozs\u00e1hl\u00e9 zku\u0161enosti s p\u0159\u00edpady t\u00fdkaj\u00edc\u00edmi se negativn\u00edho online obsahu. Prov\u00e1d\u00edme pr\u00e1vn\u00ed procesy za \u00fa\u010delem hled\u00e1n\u00ed spravedlnosti a ochrany z\u00e1jm\u016f na\u0161ich klient\u016f.<\/p>\n\t\t\t<\/li>\n\t\t<\/ul>\n\t\t<div class=\"btn-area\">\n\t\t\t<div class=\"btn icon-internet\"><a href=\"\/cz\/internet\">Internet<\/a><\/div>\n\t\t<\/div>\n\t<\/div>\n<\/section>\n","protected":false},"excerpt":{"rendered":"<p>Slu\u017eby S pozad\u00edm na\u0161eho spr\u00e1vce jako IT in\u017een\u00fdra a zku\u0161enostmi s \u0159\u00edzen\u00edm IT spole\u010dnost\u00ed, MONOLITH LAW OFFICE stoj\u00ed jako p\u0159edn\u00ed pr\u00e1vn\u00ed kancel\u00e1\u0159 v Japonsku specializuj\u00edc\u00ed se na IT, obchod a internet. Na [&hellip;]<\/p>\n","protected":false},"author":1,"featured_media":57138,"parent":0,"menu_order":4,"comment_status":"closed","ping_status":"closed","template":"practices-page-temp.php","meta":{"footnotes":""},"acf":[],"_links":{"self":[{"href":"https:\/\/monolith.law\/cs\/wp-json\/wp\/v2\/pages\/4213"}],"collection":[{"href":"https:\/\/monolith.law\/cs\/wp-json\/wp\/v2\/pages"}],"about":[{"href":"https:\/\/monolith.law\/cs\/wp-json\/wp\/v2\/types\/page"}],"author":[{"embeddable":true,"href":"https:\/\/monolith.law\/cs\/wp-json\/wp\/v2\/users\/1"}],"replies":[{"embeddable":true,"href":"https:\/\/monolith.law\/cs\/wp-json\/wp\/v2\/comments?post=4213"}],"version-history":[{"count":116,"href":"https:\/\/monolith.law\/cs\/wp-json\/wp\/v2\/pages\/4213\/revisions"}],"predecessor-version":[{"id":62627,"href":"https:\/\/monolith.law\/cs\/wp-json\/wp\/v2\/pages\/4213\/revisions\/62627"}],"wp:featuredmedia":[{"embeddable":true,"href":"https:\/\/monolith.law\/cs\/wp-json\/wp\/v2\/media\/57138"}],"wp:attachment":[{"href":"https:\/\/monolith.law\/cs\/wp-json\/wp\/v2\/media?parent=4213"}],"curies":[{"name":"wp","href":"https:\/\/api.w.org\/{rel}","templated":true}]}}