{"id":4232,"date":"2023-11-11T23:40:45","date_gmt":"2023-11-11T14:40:45","guid":{"rendered":"https:\/\/monolith.law\/?page_id=4232"},"modified":"2024-01-30T18:42:43","modified_gmt":"2024-01-30T09:42:43","slug":"greetings-from-the-managing-attorney","status":"publish","type":"page","link":"https:\/\/monolith.law\/cs\/greetings-from-the-managing-attorney","title":{"rendered":"Pozdrav od spr\u00e1vce advok\u00e1tn\u00ed kancel\u00e1\u0159e"},"content":{"rendered":"\n<section class=\"heading-area\">\n\t<div class=\"heading-area-inner\">\n\t\t<h2 class=\"icon-greetings-from-the-managing-attorney\">Pozdrav od spr\u00e1vce advok\u00e1tn\u00ed kancel\u00e1\u0159e<\/h2>\n\t<\/div>\n<\/section>\n\n<section class=\"white-section\">\n\t<div class=\"section-inner section-inner-bottomhalf pdt0 border-bottom-section\">\n\t\t<div class=\"tagline\">\n\t\t\t<div class=\"textArea\">\n\t\t\t\t<p>Vyu\u017eit\u00ed s\u00edly informa\u010dn\u00edch technologi\u00ed (IT) zp\u016fsobilo revoluci v lidsk\u00fdch d\u011bjin\u00e1ch,<br class=\"pcOnly\"> srovnatelnou s dopadem dynamitu.<br>Internet zejm\u00e9na rychle transformoval v\u00fdvojov\u00fd kurz,<br class=\"pcOnly\"> a posunul lidstvo vp\u0159ed neb\u00fdvalou rychlost\u00ed.<br>Av\u0161ak s jeho obrovskou moc\u00ed p\u0159ich\u00e1zej\u00ed i velk\u00e1 rizika.<\/p>\n\t\t\t\t<p>Ve spole\u010dnosti MONOLITH LAW OFFICE pevn\u011b v\u011b\u0159\u00edme, \u017ee je na\u0161\u00ed odpov\u011bdnost\u00ed zajistit,<br class=\"pcOnly\"> aby s\u00edly na\u0161\u00ed doby byly vyu\u017e\u00edv\u00e1ny ne jako hrozba pro podnik\u00e1n\u00ed,<br class=\"pcOnly\"> ale jako katalyz\u00e1tor jejich revolu\u010dn\u00ed evoluce.<br>Sna\u017e\u00edme se b\u00fdt inovativn\u00edm a vizion\u00e1\u0159sk\u00fdm t\u00fdmem, kter\u00fd poskytuje pr\u00e1vn\u00ed veden\u00ed<br class=\"pcOnly\"> a podporu umo\u017e\u0148uj\u00edc\u00ed spole\u010dnostem naplno vyu\u017e\u00edt potenci\u00e1l informa\u010dn\u00edch technologi\u00ed.<\/p>\n\t\t\t\t<p>Na\u0161\u00edm posl\u00e1n\u00edm je navigovat slo\u017eitou pr\u00e1vn\u00ed krajinou, posilovat podniky<br class=\"pcOnly\"> v pln\u00e9m vyu\u017e\u00edv\u00e1n\u00ed IT. T\u00edm, \u017ee vyu\u017e\u00edv\u00e1me p\u0159\u00edle\u017eitosti digit\u00e1ln\u00edho v\u011bku, usilujeme o podporu transforma\u010dn\u00edho r\u016fstu na\u0161ich klient\u016f.<\/p>\n\t\t\t\t<p class=\"txt-l\">Evoluce IT<\/p>\n\t\t\t\t<p>MONOLITH LAW OFFICE<\/p>\n\t\t\t<\/div>\n\t\t\t<div class=\"logo\"><img decoding=\"async\" src=\"\/wp-content\/themes\/monolith2021\/img\/logo.svg\" alt=\"MONOLITH LAW OFFICE\"><\/div>\n\t\t<\/div>\n\t<\/div>\n<\/section>\n\n<section class=\"second-nav\">\n\t<div class=\"second-nav-inner\">\n\t\t<p>TOPICS<\/p>\n\t\t<nav>\n\t\t\t<ul>\n\t\t\t\t<li><a href=\"#law-firm-led-by-former-it-engineer-turned-lawyer-with-corporate-management-experience\">Advok\u00e1tn\u00ed kancel\u00e1\u0159 veden\u00e1 b\u00fdval\u00fdm IT in\u017een\u00fdrem, kter\u00fd se stal pr\u00e1vn\u00edkem s mana\u017eersk\u00fdmi zku\u0161enostmi<\/a><\/li>\n\t\t\t\t<li><a href=\"#a-law-firm-emphasizing-it-internet-and-business-expertise\">Advok\u00e1tn\u00ed kancel\u00e1\u0159 s d\u016frazem na IT, internet a obchodn\u00ed odbornost<\/a><\/li>\n\t\t\t\t<li><a href=\"#corporate-law-and-it-legal-expertise\">Korpor\u00e1tn\u00ed pr\u00e1vo a pr\u00e1vn\u00ed odbornost v IT<\/a><\/li>\n\t\t\t\t<li><a href=\"#a-team-of-lawyers-and-it-consultants\">T\u00fdm pr\u00e1vn\u00edk\u016f a IT konzultant\u016f<\/a><\/li>\n\t\t\t<\/ul>\n\t\t<\/nav>\n\t<\/div>\n<\/section>\n\n<section class=\"white-section\">\n\t<div class=\"anchor\" id=\"law-firm-led-by-former-it-engineer-turned-lawyer-with-corporate-management-experience\"><\/div>\n\t<div class=\"section-inner\">\n\t\t<div class=\"flex\">\n\t\t\t<div class=\"width41\"><img decoding=\"async\" src=\"\/wp-content\/uploads\/2023\/06\/message_1.jpg\" alt=\"Advok\u00e1tn\u00ed kancel\u00e1\u0159 veden\u00e1 b\u00fdval\u00fdm IT in\u017een\u00fdrem, kter\u00fd se stal pr\u00e1vn\u00edkem s mana\u017eersk\u00fdmi zku\u0161enostmi\"><\/div>\n\t\t\t<div class=\"width51\">\n\t\t\t\t<h3>Pr\u00e1vn\u00ed firma veden\u00e1 b\u00fdval\u00fdm IT in\u017een\u00fdrem, kter\u00fd se stal pr\u00e1vn\u00edkem s zku\u0161enostmi v \u0159\u00edzen\u00ed spole\u010dnosti<\/h3>\n\t\t\t\t<p class=\"font-h3 txt-right mgb-middle\">Spr\u00e1vuj\u00edc\u00ed pr\u00e1vn\u00edk: Toki Kawase<\/p>\n\t\t\t\t<p class=\"mgb-small\">Od ml\u00e1d\u00ed jsem m\u011bl v\u00e1\u0161e\u0148 pro po\u010d\u00edta\u010de a technologie, co\u017e mi vyneslo titul &#8220;po\u010d\u00edta\u010dov\u00e9ho nad\u0161ence&#8221;. B\u011bhem m\u00e9ho dosp\u00edv\u00e1n\u00ed a ran\u00e9 dosp\u011blosti jsem se pono\u0159il do sv\u011bta IT, vedl jsem vlastn\u00ed podnik\u00e1n\u00ed a z\u00edsk\u00e1val cenn\u00e9 zku\u0161enosti.<\/p>\n\t\t\t\t<p class=\"mgb-small\">M\u00e1 cesta za\u010dala ji\u017e na z\u00e1kladn\u00ed \u0161kole, kdy jsem za\u010dal programovat na sv\u00e9m prvn\u00edm PC, &#8220;MSX 2+&#8221;. Na st\u0159edn\u00ed \u0161kole jsem se dokonce p\u0159idal do \u0161koln\u00edho po\u010d\u00edta\u010dov\u00e9ho t\u00fdmu, co\u017e podpo\u0159ilo mou v\u00e1\u0161e\u0148 pro programov\u00e1n\u00ed. B\u011bhem studia na vysok\u00e9 \u0161kole se mi naskytla p\u0159\u00edle\u017eitost vytvo\u0159it webov\u00e9 str\u00e1nky pro spole\u010dnost, co\u017e se stalo zlomov\u00fdm bodem v m\u00e9 kari\u00e9\u0159e. Flexibilita a finan\u010dn\u00ed odm\u011bny z tohoto podnik\u00e1n\u00ed m\u011b vedly k prozkoum\u00e1n\u00ed r\u016fzn\u00fdch IT souvisej\u00edc\u00edch podnik\u016f, jako je v\u00fdvoj webov\u00fdch str\u00e1nek, tvorba webov\u00fdch slu\u017eeb a optimalizace pro vyhled\u00e1va\u010de (SEO).<\/p>\n\t\t\t\t<p class=\"mgb-small\">V t\u00e9 dob\u011b z\u00edsk\u00e1valy na obr\u00e1tk\u00e1ch startupy veden\u00e9 mlad\u00fdmi profesion\u00e1ly v oblasti IT a j\u00e1 jsem se pln\u011b pono\u0159il do dynamick\u00e9ho a rychle se vyv\u00edjej\u00edc\u00edho sv\u011bta podnik\u00e1n\u00ed. Ne\u00fanavn\u011b jsem pracoval na dom\u00e1c\u00edch i p\u0159eshrani\u010dn\u00edch projektech, spolupracoval s mezin\u00e1rodn\u00edmi partnery a neust\u00e1le se p\u0159izp\u016fsoboval m\u011bn\u00edc\u00ed se krajin\u011b.<\/p>\n\t\t\t\t<p class=\"mgb-small\">Nicm\u00e9n\u011b v pozdn\u00edch dvac\u00e1t\u00fdch letech jsem u\u010dinil \u017eivot m\u011bn\u00edc\u00ed rozhodnut\u00ed. P\u0159edal jsem veden\u00ed m\u00e9ho IT podnik\u00e1n\u00ed jin\u00fdm a vydal se na novou cestu. Zapsal jsem se na pr\u00e1vnickou fakultu s c\u00edlem spojit m\u00e9 technick\u00e9 znalosti s pr\u00e1vn\u00edmi v\u011bdomostmi. Dnes, jako pr\u00e1vn\u00edk a b\u00fdval\u00fd IT in\u017een\u00fdr s zku\u0161enostmi v \u0159\u00edzen\u00ed spole\u010dnosti, vedu MONOLITH LAW OFFICE, kter\u00e1 rozum\u00ed slo\u017eitostem IT pr\u016fmyslu a nab\u00edz\u00ed komplexn\u00ed pr\u00e1vn\u00ed slu\u017eby.<\/p>\n\t\t\t\t<p>Ve firm\u011b vyu\u017e\u00edv\u00e1me na\u0161i jedine\u010dnou kombinaci znalost\u00ed v oblasti IT a pr\u00e1vn\u00ed odbornosti k poskytov\u00e1n\u00ed efektivn\u00edho veden\u00ed a podpory na\u0161im klient\u016fm. Rozum\u00edme v\u00fdzv\u00e1m a p\u0159\u00edle\u017eitostem, kter\u00e9 p\u0159in\u00e1\u0161\u00ed digit\u00e1ln\u00ed v\u011bk, a jsme odhodl\u00e1ni pom\u00e1hat podnik\u016fm navigovat pr\u00e1vn\u00ed krajinou a dosahovat jejich c\u00edl\u016f.<\/p>\n\t\t\t<\/div>\n\t\t<\/div>\n\t<\/div>\n<\/section>\n\n<section class=\"purple-section\">\n\t<div class=\"anchor\" id=\"a-law-firm-emphasizing-it-internet-and-business-expertise\"><\/div>\n\t<div class=\"section-inner\">\n\t\t<div class=\"flex reverse\">\n\t\t\t<div class=\"width41\"><img decoding=\"async\" src=\"\/wp-content\/uploads\/2023\/06\/message_2.jpg\" alt=\"Pr\u00e1vn\u00ed firma s d\u016frazem na IT, internet a obchodn\u00ed odbornost\"><\/div>\n\t\t\t<div class=\"width51\">\n\t\t\t\t<h3>Pr\u00e1vnick\u00e1 firma s d\u016frazem na IT, internet a obchodn\u00ed odbornost<\/h3>\n\t\t\t\t<p class=\"mgb-small\">Lid\u00e9 \u010dasto vn\u00edmaj\u00ed m\u016fj p\u0159echod z majitele IT podniku na pr\u00e1vn\u00edka jako \u00faplnou zm\u011bnu o 180 stup\u0148\u016f. Nicm\u00e9n\u011b j\u00e1 v\u011b\u0159\u00edm, \u017ee zm\u011bna nebyla tak drastick\u00e1, jak se m\u016f\u017ee zd\u00e1t.<\/p>\n\t\t\t\t<p class=\"mgb-small\">Kdy\u017e se ohl\u00e9dnu za svou minulost\u00ed, uv\u011bdomuji si, \u017ee i jako technicky zam\u011b\u0159en\u00fd IT in\u017een\u00fdr jsem m\u011bl p\u0159irozen\u00fd sklon k humanitn\u00edmu my\u0161len\u00ed. Sv\u011bt podnik\u00e1n\u00ed m\u011b fascinoval, co\u017e m\u011b vedlo k podnik\u00e1n\u00ed, nam\u00edsto aby jsem n\u00e1sledoval tradi\u010dn\u00ed kari\u00e9ru IT in\u017een\u00fdra.<\/p>\n\t\t\t\t<p class=\"mgb-small\">Dnes, jako pr\u00e1vn\u00edk, vynik\u00e1m v\u011bdeck\u00fdm my\u0161len\u00edm v oboru, kter\u00fd je tradi\u010dn\u011b spojen s humanitn\u00edmi v\u011bdami. Toto pozad\u00ed m\u011b p\u0159edur\u010duje k pozici \u0159\u00edd\u00edc\u00edho pr\u00e1vn\u00edka v pr\u00e1vnick\u00e9 firm\u011b, kter\u00e1 klade siln\u00fd d\u016fraz na IT, internet a obchodn\u00ed z\u00e1le\u017eitosti.<\/p>\n\t\t\t\t<p class=\"mgb-big\">I kdy\u017e se moje kari\u00e9ra m\u016f\u017ee li\u0161it od typick\u00e9ho IT in\u017een\u00fdra, sv\u016fj p\u0159echod z IT in\u017een\u00fdra na pr\u00e1vn\u00edka vid\u00edm sp\u00ed\u0161e jako postupn\u00fd posun, mo\u017en\u00e1 o n\u011bkolik des\u00edtek stup\u0148\u016f, ne\u017e jako \u00faplnou zm\u011bnu. Ve skute\u010dnosti to vn\u00edm\u00e1m jako p\u0159irozen\u00fd v\u00fdvoj, kter\u00fd mi umo\u017e\u0148uje vyu\u017e\u00edt m\u00e9 unik\u00e1tn\u00ed kombinace dovednost\u00ed a znalost\u00ed k lep\u0161\u00edmu poskytov\u00e1n\u00ed slu\u017eeb na\u0161im klient\u016fm v oblastech IT, internetu a obchodu.<\/p>\n\t\t\t\t<div class=\"btn-area align-left\">\n\t\t\t\t\t<div class=\"btn icon-services\"><a href=\"\/cs\/services\">Slu\u017eby<\/a><\/div>\n\t\t\t\t<\/div>\n\t\t\t<\/div>\n\t\t<\/div>\n\t<\/div>\n<\/section>\n\n<section class=\"white-section\">\n\t<div class=\"anchor\" id=\"corporate-law-and-it-legal-expertise\"><\/div>\n\t<div class=\"section-inner\">\n\t\t<div class=\"flex\">\n\t\t\t<div class=\"width41\"><img decoding=\"async\" src=\"\/wp-content\/uploads\/2023\/06\/message_3.jpg\" alt=\"Odbornost na korpor\u00e1tn\u00ed pr\u00e1vo a IT pr\u00e1vo\"><\/div>\n\t\t\t<div class=\"width51\">\n\t\t\t\t<h3>Pr\u00e1vo spole\u010dnost\u00ed a pr\u00e1vn\u00ed odbornost v oblasti IT<\/h3>\n\t\t\t\t<p class=\"mgb-small\">V MONOLITH LAW OFFICE zast\u00e1v\u00e1m dvoj\u00ed roli. Zaprv\u00e9 poskytuji podporu v oblasti pr\u00e1va spole\u010dnost\u00ed IT firm\u00e1m a startup\u016fm jako konzultant. Porozum\u011bn\u00ed nuanc\u00edm IT odv\u011btv\u00ed a jedine\u010dn\u00fdm v\u00fdzv\u00e1m, kter\u00fdm \u010del\u00ed startupy, je z\u00e1sadn\u00ed pro poskytov\u00e1n\u00ed efektivn\u00edch pr\u00e1vn\u00edch slu\u017eeb \u0161it\u00fdch na m\u00edru jejich pot\u0159eb\u00e1m. S m\u00fdmi p\u0159\u00edm\u00fdmi zku\u0161enostmi a odbornost\u00ed v IT a startupov\u00e9m prost\u0159ed\u00ed jsem dob\u0159e vybaven, abych t\u011bmto klient\u016fm poskytl v\u00fdjime\u010dnou pr\u00e1vn\u00ed pomoc.<\/p>\n\t\t\t\t<p class=\"mgb-small\">Zadruh\u00e9 pracuji v t\u00fdmu odborn\u00edk\u016f na IT a pr\u00e1vo, kde nab\u00edz\u00edme konzulta\u010dn\u00ed slu\u017eby firm\u00e1m z r\u016fzn\u00fdch odv\u011btv\u00ed, kter\u00e9 pot\u0159ebuj\u00ed poradenstv\u00ed v IT souvisej\u00edc\u00edch pr\u00e1vn\u00edch z\u00e1le\u017eitostech. N\u00e1\u0161 t\u00fdm vyu\u017e\u00edv\u00e1 na\u0161e kolektivn\u00ed znalosti IT a pr\u00e1va k sestaven\u00ed a poskytnut\u00ed optim\u00e1ln\u00edch \u0159e\u0161en\u00ed, kter\u00e1 reflektuj\u00ed specifick\u00e9 po\u017eadavky ka\u017ed\u00e9ho klienta.<\/p>\n\t\t\t\t<p class=\"mgb-small\">Zat\u00edmco tradi\u010dn\u00ed pr\u00e1vn\u00ed slu\u017eby se \u010dasto zam\u011b\u0159uj\u00ed na poskytov\u00e1n\u00ed konkr\u00e9tn\u00edch produkt\u016f, jako je pod\u00e1v\u00e1n\u00ed \u017ealob na \u017e\u00e1dost, j\u00e1 si uv\u011bdomuji d\u016fle\u017eitost zajistit, aby poskytnut\u00e1 \u0159e\u0161en\u00ed skute\u010dn\u011b vyhovovala pot\u0159eb\u00e1m klienta. M\u016f\u017eeme se spolehnout pouze na klienta, aby navrhl \u0159e\u0161en\u00ed, kter\u00e9 efektivn\u011b \u0159e\u0161\u00ed jeho unik\u00e1tn\u00ed v\u00fdzvy? To jsou kritick\u00e9 \u00favahy, kter\u00e9 beru v potaz.<\/p>\n\t\t\t\t<p class=\"mgb-small\">Jako p\u0159\u00edklad uve\u010fme podporu pro IPO v Japonsku. Aby firmy zajistily dodr\u017eov\u00e1n\u00ed p\u0159edpis\u016f, mus\u00ed d\u016fkladn\u011b prozkoumat v\u0161echny mo\u017en\u00e9 zm\u011bny v japonsk\u00fdch z\u00e1konech a regulac\u00edch, kter\u00e9 mohou ovlivnit jejich operace, a podniknout p\u0159\u00edslu\u0161n\u00e9 kroky. Av\u0161ak sledov\u00e1n\u00ed nes\u010detn\u00fdch zm\u011bn, v\u010detn\u011b drobn\u00fdch, m\u016f\u017ee b\u00fdt pro pr\u00e1vn\u00edky v jejich ka\u017edodenn\u00ed pr\u00e1ci n\u00e1ro\u010dn\u00e9.<\/p>\n\t\t\t\t<p>Jako odborn\u00edk na IT a pr\u00e1vo se sna\u017e\u00edm poskytovat &#8220;\u0159e\u0161en\u00ed&#8221;, kter\u00e1 kombinuj\u00ed s\u00edlu IT a pr\u00e1va k efektivn\u00edmu \u0159e\u0161en\u00ed t\u011bchto slo\u017eit\u00fdch probl\u00e9m\u016f.<\/p>\n\t\t\t<\/div>\n\t\t<\/div>\n\t<\/div>\n<\/section>\n\n<section class=\"orange-section\">\n\t<div class=\"anchor\" id=\"a-team-of-lawyers-and-it-consultants\"><\/div>\n\t<div class=\"section-inner\">\n\t\t<div class=\"flex reverse\">\n\t\t\t<div class=\"width41\"><img decoding=\"async\" src=\"\/wp-content\/uploads\/2023\/06\/message_4.jpg\" alt=\"T\u00fdm pr\u00e1vn\u00edk\u016f a IT konzultant\u016f\"><\/div>\n\t\t\t<div class=\"width51\">\n\t\t\t\t<h3>T\u00fdm pr\u00e1vn\u00edk\u016f a IT konzultant\u016f<\/h3>\n\t\t\t\t<p class=\"mgb-small\">Krom\u011b podpory IPO, kterou jsme zm\u00ednili jako p\u0159\u00edklad, existuje mnoho situac\u00ed, kdy je kombinace IT a pr\u00e1va nezbytn\u00e1 pro uspokojen\u00ed pot\u0159eb klient\u016f. Zvl\u00e1d\u00e1n\u00ed slo\u017eit\u00fdch probl\u00e9mov\u00fdch sc\u00e9n\u00e1\u0159\u016f vy\u017eaduje t\u00fdm s dovednostmi a schopnostmi, kter\u00fd dok\u00e1\u017ee u\u010dinit informovan\u00e1 rozhodnut\u00ed a implementovat efektivn\u00ed opat\u0159en\u00ed z \u0161irok\u00e9 \u0161k\u00e1ly mo\u017enost\u00ed. Zat\u00edmco pr\u00e1vn\u00edci jsou pr\u00e1vn\u00edmi profesion\u00e1ly a specialisty na pr\u00e1vn\u00ed ot\u00e1zky, vytvo\u0159en\u00ed komplexn\u00edho &#8220;\u0159e\u0161en\u00ed&#8221; vy\u017eaduje v\u00edce ne\u017e jen pr\u00e1vn\u00ed odbornost.<\/p>\n\t\t\t\t<p class=\"mgb-small\">Pr\u00e1v\u011b proto n\u00e1\u0161 t\u00fdm zahrnuje krom\u011b pr\u00e1vn\u00edk\u016f tak\u00e9 IT konzultanty, kte\u0159\u00ed p\u0159in\u00e1\u0161ej\u00ed r\u016fznorodou sadu dovednost\u00ed. D\u00edky jejich schopnosti prov\u00e1d\u011bt internetov\u00fd v\u00fdzkum, vysv\u011btlovat n\u00e1vrhy \u0159e\u0161en\u00ed a nab\u00edzet vhledy, kter\u00e9 p\u0159esahuj\u00ed tradi\u010dn\u00ed pr\u00e1vn\u00ed znalosti, m\u016f\u017eeme poskytovat komplexn\u00ed a efektivn\u00ed \u0159e\u0161en\u00ed. P\u0159i \u0159e\u0161en\u00ed p\u0159eshrani\u010dn\u00edch pr\u00e1vn\u00edch z\u00e1le\u017eitost\u00ed je spolupr\u00e1ce s t\u00fdmy mimo pr\u00e1vn\u00edky kl\u00ed\u010dov\u00e1. Na\u0161i \u010dlenov\u00e9 t\u00fdmu s jazykov\u00fdmi schopnostmi a hlubok\u00fdm porozum\u011bn\u00edm zahrani\u010dn\u00edm obchodn\u00edm prost\u0159ed\u00edm n\u00e1m umo\u017e\u0148uj\u00ed navigovat v pokro\u010dil\u00fdch oblastech p\u0159eshrani\u010dn\u00edho IT sektoru.<\/p>\n\t\t\t\t<p class=\"mgb-small\">Pokud jde o n\u00e1bor, je d\u016fle\u017eit\u00e9 poznamenat, \u017ee mnoho na\u0161ich pr\u00e1vn\u00edk\u016f se p\u0159ipojuje k MONOLITH LAW OFFICE bez rozs\u00e1hl\u00fdch znalost\u00ed v oblasti IT. Podporujeme kolaborativn\u00ed prost\u0159ed\u00ed, kde pr\u00e1vn\u00edci s r\u016fznorod\u00fdmi pozad\u00edmi a zku\u0161enostmi v oblasti IT pr\u00e1va spolupracuj\u00ed jako t\u00fdm. Odpov\u011bdnosti pro \u010dleny t\u00fdmu, kte\u0159\u00ed nejsou pr\u00e1vn\u00edky, jsou \u010dasto ur\u010dov\u00e1ny na z\u00e1klad\u011b jejich schopnost\u00ed a charakteristik po p\u0159ipojen\u00ed k firm\u011b a zapojen\u00ed do r\u016fzn\u00fdch obchodn\u00edch \u010dinnost\u00ed. V\u00edt\u00e1me \u017e\u00e1dosti od pr\u00e1vn\u00edk\u016f, kte\u0159\u00ed nemus\u00ed m\u00edt specializovan\u00e9 znalosti v oblasti IT nebo se mohou c\u00edtit nesv\u00ed v roli &#8220;specialist\u016f&#8221;.<\/p>\n\t\t\t\t<p class=\"mgb-big\">V MONOLITH LAW OFFICE si cen\u00edme kolektivn\u00ed odbornosti a p\u0159\u00edsp\u011bvk\u016f ka\u017ed\u00e9ho \u010dlena t\u00fdmu, \u010d\u00edm\u017e vytv\u00e1\u0159\u00edme dynamick\u00e9 a inovativn\u00ed prost\u0159ed\u00ed, kter\u00e9 kombinuje pr\u00e1vn\u00ed zp\u016fsobilost s vhledy do IT.<\/p>\n\t\t\t\t<div class=\"btn-area align-left\">\n\t\t\t\t\t<div class=\"btn icon-job-openings\"><a href=\"\/en\/job-openings\/\">Voln\u00e1 pracovn\u00ed m\u00edsta<\/a><\/div>\n\t\t\t\t<\/div>\n\t\t\t<\/div>\n\t\t<\/div>\n\t<\/div>\n<\/section>\n","protected":false},"excerpt":{"rendered":"<p>Pozdrav od spr\u00e1vce advok\u00e1tn\u00ed kancel\u00e1\u0159e Vyu\u017eit\u00ed s\u00edly informa\u010dn\u00edch technologi\u00ed (IT) zp\u016fsobilo revoluci v lidsk\u00fdch d\u011bjin\u00e1ch, srovnatelnou s dopadem dynamitu.Internet zejm\u00e9na rychle transformoval v\u00fdvojov\u00fd [&hellip;]<\/p>\n","protected":false},"author":1,"featured_media":57134,"parent":0,"menu_order":8,"comment_status":"closed","ping_status":"closed","template":"other-page-temp.php","meta":{"footnotes":""},"acf":[],"_links":{"self":[{"href":"https:\/\/monolith.law\/cs\/wp-json\/wp\/v2\/pages\/4232"}],"collection":[{"href":"https:\/\/monolith.law\/cs\/wp-json\/wp\/v2\/pages"}],"about":[{"href":"https:\/\/monolith.law\/cs\/wp-json\/wp\/v2\/types\/page"}],"author":[{"embeddable":true,"href":"https:\/\/monolith.law\/cs\/wp-json\/wp\/v2\/users\/1"}],"replies":[{"embeddable":true,"href":"https:\/\/monolith.law\/cs\/wp-json\/wp\/v2\/comments?post=4232"}],"version-history":[{"count":34,"href":"https:\/\/monolith.law\/cs\/wp-json\/wp\/v2\/pages\/4232\/revisions"}],"predecessor-version":[{"id":62556,"href":"https:\/\/monolith.law\/cs\/wp-json\/wp\/v2\/pages\/4232\/revisions\/62556"}],"wp:featuredmedia":[{"embeddable":true,"href":"https:\/\/monolith.law\/cs\/wp-json\/wp\/v2\/media\/57134"}],"wp:attachment":[{"href":"https:\/\/monolith.law\/cs\/wp-json\/wp\/v2\/media?parent=4232"}],"curies":[{"name":"wp","href":"https:\/\/api.w.org\/{rel}","templated":true}]}}