{"id":47528,"date":"2023-11-06T23:10:34","date_gmt":"2023-11-06T14:10:34","guid":{"rendered":"https:\/\/monolith.law\/?page_id=47528"},"modified":"2024-03-08T21:02:25","modified_gmt":"2024-03-08T12:02:25","slug":"crypto-asset-and-blockchain","status":"publish","type":"page","link":"https:\/\/monolith.law\/cs\/crypto-asset-and-blockchain","title":{"rendered":"Kryptoaktiva a blockchainy"},"content":{"rendered":"\n<section class=\"heading-area\">\n\t<div class=\"heading-area-inner\">\n\t\t<h2 class=\"icon-crypto-asset-and-blockchain\">Kryptoaktiva a blockchainy<\/h2>\n\t\t<p>Kryptoaktiva a blockchainy jsou decentralizovan\u00e9 datab\u00e1ze vytvo\u0159en\u00e9 r\u016fzn\u00fdmi IT syst\u00e9my v\u010detn\u011b algoritm\u016f konsensu, kryptografie a P2P s\u00edt\u00ed, kter\u00e9 jsou obt\u00ed\u017en\u011b upraviteln\u00e9 a s n\u00edzk\u00fdm rizikem ztr\u00e1ty dat. Jako pr\u00e1vn\u00ed firma s odbornost\u00ed v oblasti IT podporujeme podniky, kter\u00e9 se zab\u00fdvaj\u00ed kryptoaktivy, NFT a blockchainy.<\/p>\n\t<\/div>\n<\/section>\n<section class=\"white-section\">\n\t<div class=\"section-inner pdt0 border-bottom-section\">\n\t<p class=\"mgb-small\">Kryptoaktiva, NFT a blockchainy se rychle vyv\u00edjej\u00ed d\u00edky neust\u00e1l\u00e9 technick\u00e9 inovaci a jejich potenci\u00e1lu pro \u0161irokou \u0161k\u00e1lu \u00fa\u010del\u016f, od fundraisingu po spr\u00e1vu digit\u00e1ln\u00edho um\u011bn\u00ed. Jako takov\u00e9 je to tak\u00e9 slo\u017eit\u00e1 oblast pro regulaci z\u00e1konem.<\/p>\n\t<p class=\"mgb-small\">MONOLITH LAW OFFICE je pr\u00e1vn\u00ed firma, kter\u00e1 se od sv\u00e9ho zalo\u017een\u00ed v roce 2017 (Heisei 29) specializuje na pr\u00e1vo v oblasti krypto a blockchainu. Jsme obezn\u00e1meni s pr\u00e1vn\u00edmi p\u0159edpisy zahrani\u010dn\u00edch spole\u010dnost\u00ed, jejich podnik\u00e1n\u00edm v Japonsku, vhodn\u00fdm obchodn\u00edm poradenstv\u00edm pro implementaci a p\u0159\u00edpravou dokument\u016f a smluv pro IT souvisej\u00edc\u00ed obchodn\u00ed operace. Takov\u00e1 pr\u00e1ce vy\u017eaduje znalosti a zku\u0161enosti v mezin\u00e1rodn\u00edm IT, obchodn\u00edm, finan\u010dn\u00edm z\u00e1konod\u00e1rstv\u00ed a dal\u0161\u00edch pr\u00e1vn\u00edch z\u00e1le\u017eitostech.<\/p>\n\t<p>Poskytujeme sofistikovanou podporu pro podniky, kter\u00e9 vyu\u017e\u00edvaj\u00ed blockchainy, v\u010detn\u011b kryptoaktiv a NFT, prost\u0159ednictv\u00edm slo\u017eit\u00e9 spolupr\u00e1ce mezi pr\u00e1vn\u00edky a IT konzultanty.<\/p>\n\t<\/div>\n<\/section>\n<section class=\"second-nav\">\n\t<div class=\"second-nav-inner\">\n\t\t<p>T\u00c9MATA<\/p>\n\t\t<nav>\n\t\t\t<ul>\n\t\t\t\t<li><a href=\"#highly-specialized-teams-and-global-network\">Vysoce specializovan\u00e9 t\u00fdmy a glob\u00e1ln\u00ed s\u00ed\u0165<\/a><\/li>\n\t\t\t\t<li><a href=\"#examples-of-the-firms-support-achievements\">P\u0159\u00edklady \u00fasp\u011bch\u016f firmy v podpo\u0159e<\/a><\/li>\n\t\t\t\t<li><a href=\"#advanced-technology-and-financial-legislation\">Pokro\u010dil\u00e1 technologie a finan\u010dn\u00ed legislativa<\/a><\/li>\n\t\t\t\t<li><a href=\"#providing-one-stop-solutions\">Poskytov\u00e1n\u00ed komplexn\u00edch \u0159e\u0161en\u00ed<\/a><\/li>\n\t\t\t\t<li><a href=\"#legal-support-for-nft-related-businesses\">Pr\u00e1vn\u00ed podpora pro podniky souvisej\u00edc\u00ed s NFT<\/a><\/li>\n\t\t\t\t<li><a href=\"#crypto-asset-businesses-and-custody-services\">Podnik\u00e1n\u00ed s kryptoaktivy a slu\u017eby \u00faschovy<\/a><\/li>\n\t\t\t\t<li><a href=\"#other-crypto-assets-related-businesses\">Dal\u0161\u00ed kryptoaktiva a podnik\u00e1n\u00ed souvisej\u00edc\u00ed s blockchainem<\/a><\/li>\n\t\t\t\t<li><a href=\"#system-development\">V\u00fdvoj syst\u00e9m\u016f<\/a><\/li>\n\t\t\t\t<li><a href=\"#terms-of-use-maintenance-for-applications-etc\">Slu\u017eby dokument\u016f<\/a><\/li>\n\t\t\t\t<li><a href=\"#monolith-law-magazine\">MONOLITH LAW MAGAZINE<\/a><\/li>\n\t\t\t\t<li><a href=\"#fee-structure\">Struktura poplatk\u016f<\/a><\/li>\n\t\t\t<\/ul>\n\t\t<\/nav>\n\t<\/div>\n<\/section>\n<section class=\"white-section\">\n\t<div class=\"anchor\" id=\"highly-specialized-teams-and-global-network\"><\/div>\n\t<div class=\"section-inner pdb0\">\n\t\t<h3>Vysoce specializovan\u00e9 t\u00fdmy a glob\u00e1ln\u00ed s\u00ed\u0165<\/h3>\n\t\t<div class=\"max-width980 mgb-small\"><img decoding=\"async\" src=\"\/wp-content\/uploads\/2023\/05\/web3team.jpg\" alt=\"Pr\u00e1vn\u00edci\"><\/div>\n\t\t<div class=\"frame2 max-width860 txt-center-pc\">\n\t\t\t<p class=\"bold txt-l mgb-small\">Vzhledem k rychl\u00e9mu v\u00fdvoji obchodn\u00edho prost\u0159ed\u00ed kolem blockchain\u016f a kryptoaktiv je nezbytn\u00e9 m\u00edt pr\u00e1vn\u00ed kancel\u00e1\u0159e a pr\u00e1vn\u00edky specializovan\u00e9 v tomto oboru.<\/p>\n\t\t\t<p>V MONOLITH LAW OFFICE jsme vytvo\u0159ili specializovan\u00fd t\u00fdm pr\u00e1vn\u00edk\u016f s rozs\u00e1hl\u00fdmi znalostmi v oblasti IT, pr\u00e1vn\u00edk\u016f s mezin\u00e1rodn\u00ed kvalifikac\u00ed a zku\u0161en\u00fdch IT in\u017een\u00fdr\u016f. Prost\u0159ednictv\u00edm na\u0161\u00ed siln\u00e9 mezin\u00e1rodn\u00ed s\u00edt\u011b podporujeme v\u00fdm\u011bnu a akumulaci znalost\u00ed, co\u017e n\u00e1m umo\u017e\u0148uje z\u016fstat v \u010dele tohoto dynamick\u00e9ho oboru.<\/p>\n\t\t<\/div>\n\t<\/div>\n<\/section>\n<section class=\"white-section\">\n\t<div class=\"anchor\" id=\"examples-of-the-firms-support-achievements\"><\/div>\n\t<div class=\"section-inner\">\n\t\t<h3>P\u0159\u00edklady \u00fasp\u011bch\u016f firmy v podpo\u0159e<\/h3>\n\t\t<ul class=\"layout-column4\">\n\t\t\t<li>\n\t\t\t\t<div><img decoding=\"async\" src=\"\/wp-content\/uploads\/2022\/07\/shutterstock_1009471096.png\"><\/div>\n\t\t\t\t<h4>Z\u00edsk\u00e1v\u00e1n\u00ed financ\u00ed (ICO, STO, IEO)<\/h4>\n\t\t\t\t<p>Dnes jsou ICO, STO a IEO, kter\u00e9 vyu\u017e\u00edvaj\u00ed kryptoaktiva jako prost\u0159edek pro z\u00edsk\u00e1v\u00e1n\u00ed financ\u00ed, st\u00e1le popul\u00e1rn\u011bj\u0161\u00ed. Jsou pova\u017eov\u00e1ny za flexibiln\u011bj\u0161\u00ed zp\u016fsob z\u00edsk\u00e1v\u00e1n\u00ed kapit\u00e1lu ve srovn\u00e1n\u00ed s IPO a podobn\u00fdmi metodami, z\u00e1rove\u0148 poskytuj\u00ed ochranu investor\u016fm podle regulac\u00ed Japanese Financial Instruments and Exchange Act a Japanese Payment Services Act. MONOLITH LAW OFFICE podporuje leg\u00e1lnost podnik\u00e1n\u00ed klient\u016f, poskytuje asistenci a p\u0159ipravuje zpr\u00e1vy.<\/p>\n\t\t\t<\/li>\n\t\t\t<li>\n\t\t\t\t<div><img decoding=\"async\" src=\"\/wp-content\/uploads\/2022\/07\/shutterstock_758063575-1.png\"><\/div>\n\t\t\t\t<h4>T\u011b\u017eba\/Staking<\/h4>\n\t\t\t\t<p>Prov\u00e1d\u00edme v\u00fdzkum leg\u00e1lnosti t\u011b\u017eby a stakingu v blockchainu, stejn\u011b jako sestavujeme smlouvy a dal\u0161\u00ed relevantn\u00ed dokumenty. V n\u011bkter\u00fdch p\u0159\u00edpadech m\u016f\u017ee vy\u017eadovat provozov\u00e1n\u00ed t\u011b\u017eby a stakingu v blockchainu registraci jako kryptoaktivn\u00ed sm\u011bn\u00e1rensk\u00fd podnik. Na\u0161e odbornost spo\u010d\u00edv\u00e1 v porozum\u011bn\u00ed pr\u00e1vn\u00edm po\u017eadavk\u016fm a pomoci klient\u016fm s dodr\u017eov\u00e1n\u00edm nezbytn\u00fdch p\u0159edpis\u016f.<\/p>\n\t\t\t<\/li>\n\t\t\t<li>\n\t\t\t\t<div><img decoding=\"async\" src=\"\/wp-content\/uploads\/2022\/07\/shutterstock_1096851425.png\"><\/div>\n\t\t\t\t<h4>Kryptoaktivn\u00ed sm\u011bn\u00e1rny a jejich provoz<\/h4>\n\t\t\t\t<p>Podle revidovan\u00e9ho Japanese Funds Settlement Law je nyn\u00ed vy\u017eadov\u00e1na registrace jako kryptoaktivn\u00ed sm\u011bn\u00e1rensk\u00fd podnik pro n\u00e1kup, prodej, v\u00fdm\u011bnu a p\u016fsoben\u00ed jako zprost\u0159edkovatel nebo agent pro kryptoaktiva. Vytvo\u0159en\u00edm unik\u00e1tn\u00edho obchodn\u00edho modelu je mo\u017en\u00e9 se vyhnout takov\u00e9 registraci v r\u00e1mci tohoto z\u00e1kona. M\u016f\u017eeme tak\u00e9 asistovat na\u0161im klient\u016fm s podporou registrace jako kryptoaktivn\u00ed sm\u011bn\u00e1rny a s pr\u016fb\u011b\u017enou podporou spole\u010dnost\u00ed provozuj\u00edc\u00edch sm\u011bn\u00e1rny virtu\u00e1ln\u00edch m\u011bn.<\/p>\n\t\t\t<li>\n\t\t\t\t<div><img decoding=\"async\" src=\"\/wp-content\/uploads\/2022\/07\/shutterstock_2118688160.png\"><\/div>\n\t\t\t\t<h4>Obsahov\u00fd byznys \/ NFT<\/h4>\n\t\t\t\t<p>Non-Fungible Tokens (NFT), kter\u00e9 jsou reprezentov\u00e1ny digit\u00e1ln\u00edm um\u011bn\u00edm, p\u0159edm\u011bty v blockchainov\u00fdch hr\u00e1ch atd., mohou m\u00edt v z\u00e1vislosti na syst\u00e9mu r\u016fzn\u00fd pr\u00e1vn\u00ed status od kryptoaktiv p\u0159es p\u0159edplacen\u00e9 platebn\u00ed prost\u0159edky a\u017e po elektronicky zaznamenan\u00e1 pr\u00e1va p\u0159evodu (cenn\u00e9 pap\u00edry), ale st\u00e1le podl\u00e9haj\u00ed slo\u017eit\u00fdm a p\u0159\u00edsn\u00fdm pravidl\u016fm. V MONOLITH LAW OFFICE se zab\u00fdv\u00e1me zkoum\u00e1n\u00edm leg\u00e1lnosti podnik\u00e1n\u00ed na\u0161ich klient\u016f a podporujeme je z pr\u00e1vn\u00edho hlediska.<\/p>\n\t\t\t<\/li>\n\t\t<\/ul>\n\t<\/div>\n<\/section>\n<section class=\"white-section\">\n\t<div class=\"anchor\" id=\"advanced-technology-and-financial-legislation\"><\/div>\n\t<div class=\"section-inner\">\n\t\t<div class=\"flex reverse\">\n\t\t\t<div class=\"width41\"><img decoding=\"async\" src=\"\/wp-content\/uploads\/2022\/07\/shutterstock_1144405721.png\" alt=\"Advanced Technology and Financial Legislation\"><\/div>\n\t\t\t<div class=\"width51\">\n\t\t\t\t<h3>Pokro\u010dil\u00e9 technologie a finan\u010dn\u00ed legislativa<\/h3>\n\t\t\t\t<p class=\"mgb-small\">Oblast blockchain\u016f je oblast\u00ed, ve kter\u00e9 se podniky, kter\u00e9 je vyu\u017e\u00edvaj\u00ed, rychle vyv\u00edjej\u00ed, zejm\u00e9na v zahrani\u010d\u00ed. Spole\u010dnosti p\u016fsob\u00edc\u00ed v t\u00e9to oblasti mus\u00ed zv\u00e1\u017eit, zda je mo\u017en\u00e9 takov\u00fd syst\u00e9m implementovat v Japonsku na z\u00e1klad\u011b nejnov\u011bj\u0161\u00edch zahrani\u010dn\u00edch p\u0159edpis\u016f. Nejprve si p\u0159e\u010dteme materi\u00e1ly zve\u0159ejn\u011bn\u00e9 takov\u00fdmi zahrani\u010dn\u00edmi podniky na z\u00e1klad\u011b na\u0161ich IT znalost\u00ed nejnov\u011bj\u0161\u00edch technologi\u00ed. Pot\u00e9 zkoum\u00e1me legalitu syst\u00e9mu v Japonsku vzhledem k dom\u00e1c\u00edmu pr\u00e1vn\u00edmu syst\u00e9mu, v\u010detn\u011b finan\u010dn\u00ed legislativy, a administrativn\u00edch n\u00e1zor\u016f. Pot\u00e9 poskytujeme rady, jak syst\u00e9m v Japonsku pr\u00e1vn\u011b implementovat, na z\u00e1klad\u011b na\u0161ich obchodn\u00edch \u00fasudk\u016f.<\/p>\n\t\t\t\t<p>Blockchain, v\u010detn\u011b kryptoaktiv a NFT, je slo\u017eit\u00e1 oblast, kter\u00e1 vy\u017eaduje pr\u00e1vn\u00ed kancel\u00e1\u0159e a pr\u00e1vn\u00edky s vysokou odbornost\u00ed jak v IT, tak v pr\u00e1vu.<\/p>\n\t\t\t<\/div>\n\t\t<\/div>\n\t<\/div>\n<\/section>\n<section class=\"purple-section\">\n\t<div class=\"anchor\" id=\"providing-one-stop-solutions\"><\/div>\n\t<div class=\"section-inner\">\n\t\t<div class=\"flex reverse\">\n\t\t\t<div class=\"width51\">\n\t\t\t\t<h3>Poskytov\u00e1n\u00ed komplexn\u00edch \u0159e\u0161en\u00ed<\/h3>\n\t\t\t\t<p class=\"mgb-small\">Na\u0161e firma se skl\u00e1d\u00e1 z 30 pr\u00e1vn\u00edk\u016f a 85 \u010dlen\u016f person\u00e1lu v\u010detn\u011b IT konzultant\u016f pod dohledem zakladatele, b\u00fdval\u00e9ho IT in\u017een\u00fdra a majitele IT spole\u010dnosti.<\/p>\n\t\t\t\t<p>P\u0159eklad a technick\u00e9 porozum\u011bn\u00ed dokument\u016fm publikovan\u00fdm zahrani\u010dn\u00edmi podnikateli, stejn\u011b jako technick\u00fdm dokument\u016fm a k\u00f3d\u016fm vytvo\u0159en\u00fdm u n\u00e1s, prov\u00e1d\u00ed z\u00e1stupce pr\u00e1vn\u00edka a odd\u011blen\u00ed IT konzultac\u00ed. Pr\u00e1vn\u00ed v\u00fdzkum, sestavov\u00e1n\u00ed smluv, p\u0159\u00edprava dokument\u016f a dal\u0161\u00ed pr\u00e1vn\u00ed slu\u017eby prov\u00e1d\u00ed z\u00e1stupce pr\u00e1vn\u00edka a advok\u00e1t. Takto m\u016f\u017eeme poskytnout komplexn\u00ed slu\u017ebu pro \u0159adu p\u0159\u00edpad\u016f, kter\u00e9 vy\u017eaduj\u00ed vysokou \u00farove\u0148 odbornosti jak v IT, tak v pr\u00e1vu.<\/p>\n\t\t\t<\/div>\n\t\t\t<div class=\"width41\"><img decoding=\"async\" src=\"\/wp-content\/themes\/monolith_en\/img\/operationofofmedia\/operationofofmedia_pic5.svg\" alt=\"Poskytov\u00e1n\u00ed komplexn\u00edch \u0159e\u0161en\u00ed\"><\/div>\n\t\t<\/div>\n\t<\/div>\n<\/section>\n<section class=\"white-section mgt-section\">\n\t<div class=\"anchor\" id=\"legal-support-for-nft-related-businesses\"><\/div>\n\t<div class=\"section-inner-black\">\n\t\t<h3>Pr\u00e1vn\u00ed podpora pro podniky souvisej\u00edc\u00ed s NFT<\/h3>\n\t\t\t\t<p class=\"mgb-small\">Nevym\u011bniteln\u00e9 tokeny (NFT), prim\u00e1rn\u011b vytvo\u0159en\u00e9 na blockchainu Ethereum, se prakticky vyu\u017e\u00edvaj\u00ed k vytv\u00e1\u0159en\u00ed unik\u00e1tn\u00edch produkt\u016f, v\u010detn\u011b digit\u00e1ln\u00edho um\u011bn\u00ed, p\u0159edm\u011bt\u016f v blockchainov\u00fdch hr\u00e1ch a sb\u011bratelsk\u00fdch karet, stejn\u011b jako k zastupov\u00e1n\u00ed d\u016fkazu vlastnictv\u00ed skute\u010dn\u00e9ho majetku, jako je nemovitost, a \u010dlenstv\u00ed v re\u00e1ln\u00e9m sv\u011bt\u011b. <\/p>\n\t\t\t\t<p class=\"mgb-middle\">NFT, v z\u00e1vislosti na jejich designu a obchodn\u00edm sch\u00e9matu, mohou spadat do kategorie kryptografick\u00fdch aktiv, p\u0159edplacen\u00fdch platebn\u00edch prost\u0159edk\u016f, elektronick\u00fdch pr\u00e1v na p\u0159enos z\u00e1znam\u016f atd. Podporujeme podnik\u00e1n\u00ed souvisej\u00edc\u00ed s NFT d\u00edky na\u0161\u00ed vysok\u00e9 \u00farovni odbornosti.<\/p>\n\t<\/div>\n<\/section>\n<section class=\"white-section\">\n\t<div class=\"anchor\" id=\"crypto-asset-businesses-and-custody-services\"><\/div>\n\t<div class=\"section-inner\">\n\t\t<div class=\"flex reverse\">\n\t\t\t<div class=\"width41\"><img decoding=\"async\" src=\"\/wp-content\/uploads\/2022\/07\/shutterstock_1151380622_2.png\" alt=\"Crypto Asset Businesses and Custody Services\"><\/div>\n\t\t\t<div class=\"width51\">\n\t\t\t\t<h3>Podnik\u00e1n\u00ed s kryptoaktivy a slu\u017eby \u00faschovy<\/h3>\n\t\t\t\t<p class=\"mgb-small\">Podle revidovan\u00e9ho z\u00e1kona o pen\u011b\u017en\u00edch transakc\u00edch z roku 2020 (Japanese Money Settlement Act of 2020) je nyn\u00ed &#8220;spr\u00e1va kryptoaktiv pro ostatn\u00ed (tj. \u00faschovn\u00fd obchod)&#8221; zahrnuta do obchodu s v\u00fdm\u011bnou kryptoaktiv, co\u017e vy\u017eaduje registraci jako poskytovatele slu\u017eeb s kryptoaktivami a je tedy p\u0159edm\u011btem r\u016fzn\u00fdch regulac\u00ed za \u00fa\u010delem implementace sch\u00e9matu, kter\u00e9 zahrnuje spr\u00e1vu kryptoaktiv. Tyto regulace jsou v\u0161ak velmi zat\u011b\u017euj\u00edc\u00ed pro ty, kte\u0159\u00ed nejsou takzvan\u00e9 slu\u017eby virtu\u00e1ln\u00ed m\u011bnov\u00e9 v\u00fdm\u011bny, ale poskytuj\u00ed pouze \u00faschovn\u00e9 slu\u017eby.<\/p>\n\t\t\t\t<p>Takov\u00e9 slu\u017eby budou muset rozhodnout, zda se maj\u00ed registrovat a podnikat jako vym\u011bnitel kryptoaktiv, nebo zda maj\u00ed zach\u00e1zet s kryptoaktivami bez registrace.<\/p>\n\t\t\t<\/div>\n\t\t<\/div>\n\t<\/div>\n<\/section>\n<section class=\"white-section mgb-section\">\n\t<div class=\"anchor\" id=\"other-crypto-assets-related-businesses\"><\/div>\n\t<div class=\"section-inner-black\">\n\t\t<h3>Dal\u0161\u00ed kryptoaktiva a podnik\u00e1n\u00ed souvisej\u00edc\u00ed s blockchainem<\/h3>\n\t\t<p class=\"mgb-small\">Kryptoaktiva a blockchainy jsou technologick\u00e9 a obchodn\u00ed oblasti, kter\u00e9 se neust\u00e1le vyv\u00edjej\u00ed. To zahrnuje regulace stabiln\u00edch minc\u00ed, kter\u00e9 byly regulov\u00e1ny podle revidovan\u00e9ho z\u00e1kona o vyrovn\u00e1n\u00ed fond\u016f (Japanese Funds Settlement Act) z roku 2022 (Gregorian calendar year), a IEO, metodu financov\u00e1n\u00ed, kter\u00e1 prov\u011b\u0159uje burzy virtu\u00e1ln\u00edch m\u011bn, a podnik\u00e1n\u00ed souvisej\u00edc\u00ed se stakingem. Na\u0161e firma sleduje nejnov\u011bj\u0161\u00ed v\u00fdvoj a poskytuje podporu takov\u00fdm podnik\u016fm.<\/p>\n\t\t<p class=\"mgb-middle\">Jako pr\u00e1vn\u00ed kancel\u00e1\u0159, kterou zalo\u017eil pr\u00e1vn\u00edk s p\u0159edchoz\u00ed zku\u0161enost\u00ed jako b\u00fdval\u00fd IT in\u017een\u00fdr, spolu s IT konzultanty s zku\u0161enostmi v porozum\u011bn\u00ed b\u00edl\u00fdm knih\u00e1m, technick\u00fdm dokument\u016fm a dal\u0161\u00edm materi\u00e1l\u016fm vydan\u00fdm v zahrani\u010d\u00ed, jsme schopni porozum\u011bt technologi\u00edm a obchodn\u00edm model\u016fm.<\/p>\n\t<\/div>\n<\/section>\n<section class=\"orange-section\">\n\t<div class=\"anchor\" id=\"system-development\"><\/div>\n\t<div class=\"section-inner\">\n\t\t<div class=\"flex reverse\">\n\t\t\t<div class=\"width41\"><img decoding=\"async\" src=\"\/wp-content\/themes\/monolith2021\/img\/practices-itlaw\/practices-itlaw_pic1.jpg\" alt=\"System Development \"><\/div>\n\t\t\t<div class=\"width51\">\n\t\t\t\t<h3>V\u00fdvoj syst\u00e9m\u016f<\/h3>\n\t\t\t\t<p>Pr\u00e1vnick\u00e1 kancel\u00e1\u0159 MONOLITH LAW OFFICE, zalo\u017een\u00e1 b\u00fdval\u00fdm IT in\u017een\u00fdrem, se zab\u00fdv\u00e1 sestavov\u00e1n\u00edm, \u00fapravou a vyjedn\u00e1v\u00e1n\u00edm smluv, stejn\u011b jako \u0159e\u0161en\u00edm spor\u016f, kdy\u017e nastanou probl\u00e9my, nejen v oblasti kryptoaktiv a ot\u00e1zek souvisej\u00edc\u00edch s blockchainem, ale tak\u00e9 v r\u016fzn\u00fdch vysoce specializovan\u00fdch oblastech v\u00fdvoje syst\u00e9m\u016f, jako je v\u00fdvoj syst\u00e9m\u016f pro burzy virtu\u00e1ln\u00edch m\u011bn. Tak\u00e9 se zab\u00fdv\u00e1me \u0159e\u0161en\u00edm spor\u016f, kdy\u017e nastanou probl\u00e9my.<\/p>\n\t\t\t<\/div>\n\t\t<\/div>\n\t<\/div>\n<\/section>\n<section class=\"white-section\">\n\t<div class=\"anchor\" id=\"terms-of-use-maintenance-for-applications-etc\"><\/div>\n\t<div class=\"section-inner\">\n\t\t<div class=\"flex\">\n\t\t\t<div class=\"width41\"><img decoding=\"async\" src=\"\/wp-content\/themes\/monolith2021\/img\/practices-itlaw\/practices-itlaw_pic2.jpg\" alt=\"Document Services\"><\/div>\n\t\t\t<div class=\"width51\">\n\t\t\t\t<h3>Slu\u017eby dokument\u016f<\/h3>\n\t\t\t\t<p>Pr\u00e1vnick\u00e1 kancel\u00e1\u0159 MONOLITH LAW OFFICE se zab\u00fdv\u00e1 tvorbou a reviz\u00ed dokument\u016f, kter\u00e9 popisuj\u00ed podm\u00ednky pou\u017eit\u00ed a z\u00e1sady ochrany osobn\u00edch \u00fadaj\u016f pro r\u016fzn\u00e9 aplikace, slu\u017eby a hry, v\u010detn\u011b her na blockchainu, kryptom\u011bn a produkt\u016f a slu\u017eeb souvisej\u00edc\u00edch s blockchainem. Tak\u00e9 studujeme existuj\u00edc\u00ed firemn\u00ed dokumenty a data, jako jsou definice po\u017eadavk\u016f pro p\u0159\u00edslu\u0161n\u00fd v\u00fdvoj aplikac\u00ed, r\u00e1mce vytvo\u0159en\u00e9 v Adobe XD, LP, prodejn\u00ed materi\u00e1ly pro potenci\u00e1ln\u00ed z\u00e1kazn\u00edky atd.<\/p>\n\t\t\t<\/div>\n\t\t<\/div>\n\t<\/div>\n<\/section>\n\n<section class=\"purple2-section\">\n\t<div class=\"anchor\" id=\"monolith-law-magazine\"><\/div>\n\t<div class=\"section-inner\">\n\t\t    <section class=\"white-section temp-article\">\n        <div class=\"section-inner\">\n            <h4>MONOLITH LAW MAGAZINE<\/h4>\n            <div class=\"articles type_practice_column\">\n                                                                    <div class=\"article article-area\">\n                        <figure>\n                            <div class=\"img-wrap\">\n                                <img alt=\"Po\u017eadavky na corporate governance nezbytn\u00e9 pro kotaci na NASDAQ\" src=\"https:\/\/monolith.law\/cs\/wp-content\/uploads\/sites\/34\/2025\/08\/19e0312b170969f265c8e568bdf254db.webp\" width=\"500\" height=\"250\">\n                            <\/div>\n                            <figcaption>\n                                <div class=\"figcaption-inner\">\n                                    <h3>Po\u017eadavky na corporate governance nezbytn\u00e9 pro kotaci na NASDAQ<\/h3>\n                                <\/div>\n                            <\/figcaption>\n                            <a href=\"https:\/\/monolith.law\/cs\/it\/nasdaq-corporate-governance\"><\/a>\n                        <\/figure>\n                    <\/div>\n                                                    <div class=\"article article-area\">\n                        <figure>\n                            <div class=\"img-wrap\">\n                                <img alt=\"Co je to podnikatelsk\u00fd model vyu\u017e\u00edvaj\u00edc\u00ed Web3? Vysv\u011btlen\u00ed nejnov\u011bj\u0161\u00edch trend\u016f a p\u0159\u00edklad\u016f vyu\u017eit\u00ed\" src=\"https:\/\/monolith.law\/cs\/wp-content\/uploads\/sites\/34\/2025\/08\/Shutterstock_2333502635.webp\" width=\"500\" height=\"250\">\n                            <\/div>\n                            <figcaption>\n                                <div class=\"figcaption-inner\">\n                                    <h3>Co je to podnikatelsk\u00fd model vyu\u017e\u00edvaj\u00edc\u00ed Web3? Vysv\u011btlen\u00ed nejnov\u011bj\u0161\u00edch trend\u016f a .<\/h3>\n                                <\/div>\n                            <\/figcaption>\n                            <a href=\"https:\/\/monolith.law\/cs\/it\/web3-business-model\"><\/a>\n                        <\/figure>\n                    <\/div>\n                                                    <div class=\"article article-area\">\n                        <figure>\n                            <div class=\"img-wrap\">\n                                <img alt=\"\u3010Nejnov\u011bj\u0161\u00ed edice 2025\u3011Pr\u00e1vn\u00ed interpretace kryptom\u011bn (virtu\u00e1ln\u00edch m\u011bn): Relevance cenn\u00fdch pap\u00edr\u016f a d\u016fle\u017eit\u00e9 aspekty pro podnikatele\" src=\"https:\/\/monolith.law\/cs\/wp-content\/uploads\/sites\/34\/2025\/08\/Shutterstock_2049735344.webp\" width=\"500\" height=\"250\">\n                            <\/div>\n                            <figcaption>\n                                <div class=\"figcaption-inner\">\n                                    <h3>\u3010Nejnov\u011bj\u0161\u00ed edice 2025\u3011Pr\u00e1vn\u00ed interpretace kryptom\u011bn (virtu\u00e1ln\u00edch m\u011bn): Relevanc.<\/h3>\n                                <\/div>\n                            <\/figcaption>\n                            <a href=\"https:\/\/monolith.law\/cs\/it\/crypto-assets-securities\"><\/a>\n                        <\/figure>\n                    <\/div>\n                                            <\/div>\n            <div class=\"btn-more\"><a href=\"https:\/\/monolith.law\/cs\/tag\/crypto-assets-and-blockchains\">Read More<\/a><\/div>\n        <\/div>\n    <\/section>\n\t<\/div>\n<\/section>\n\n<section class=\"orange2-section\">\n\t<div class=\"anchor\" id=\"fee-structure\"><\/div>\n\t<div class=\"section-inner\">\n\t<div class=\"planWrap\">\n\t<h3>Struktura poplatk\u016f<\/h3>\n\t<ul class=\"plan\">\n\t\t<li class=\"txt-left\">\n\t\t\t<div class=\"plan-inner\">\n\t\t\t<div class=\"plan-header\">\n\t\t\t<h4 class=\"plan-title\">Hodinov\u00e1 sazba<\/h4>\n\t\t\t<div class=\"plan-price\"><span class=\"price-figure\">$300<\/span>za hodinu<span class=\"price-tax\"><\/span><\/div>\n\t\t\t<\/div>\n\t\t\t<div class=\"plan-body\">V ur\u010dit\u00fdch p\u0159\u00edpadech m\u016f\u017eeme zv\u00e1\u017eit p\u0159ijet\u00ed sporu nebo soudn\u00edho \u0159\u00edzen\u00ed s po\u010d\u00e1te\u010dn\u00edm poplatkem a \u00fasp\u011b\u0161nostn\u00ed odm\u011bnou. Pro v\u00edce informac\u00ed n\u00e1s nev\u00e1hejte kontaktovat.<\/div>\n\t\t\t<\/div>\n\t\t<\/li>\n\t\t<li class=\"txt-left\">\n\t\t\t<div class=\"plan-inner\">\n\t\t\t<div class=\"plan-header\">\n\t\t\t<h4 class=\"plan-title\">Sestavov\u00e1n\u00ed smluv<\/h4>\n\t\t\t<div class=\"plan-price\"><span class=\"price-value\">od<\/span><span class=\"price-figure\">$500<\/span><span class=\"price-value\">do $2,000 nebo v\u00edce<\/span><span class=\"price-tax\"><\/span><\/div>\n\t\t\t<\/div>\n\t\t\t<div class=\"plan-body\">Cenov\u00e1 struktura se m\u016f\u017ee li\u0161it v z\u00e1vislosti na typu a mno\u017estv\u00ed smluv. R\u00e1di v\u00e1m poskytneme p\u0159edb\u011b\u017en\u00fd odhad na vy\u017e\u00e1d\u00e1n\u00ed, proto n\u00e1s nev\u00e1hejte kontaktovat pro dal\u0161\u00ed informace.<\/div>\n\t\t\t<\/div>\n\t\t<\/li>\n\t\t<li class=\"txt-left\">\n\t\t\t<div class=\"plan-inner\">\n\t\t\t<div class=\"plan-header\">\n\t\t\t<h4 class=\"plan-title\">Dal\u0161\u00ed slu\u017eby<\/h4>\n\t\t\t<div class=\"plan-price\"><span class=\"price-figure\">Kontaktujte n\u00e1s<\/span><\/div>\n\t\t\t<\/div>\n\t\t\t<div class=\"plan-body\">Nab\u00edz\u00edme \u0161irokou \u0161k\u00e1lu slu\u017eeb v\u010detn\u011b zakl\u00e1d\u00e1n\u00ed spole\u010dnost\u00ed, p\u0159ezkumu smluv, pr\u00e1vn\u00edch stanovisek, p\u0159ezkumu p\u0159\u00edpad\u016f nebo v\u00fdzkumn\u00fdch dopis\u016f. Pokud m\u00e1te jak\u00e9koli dotazy nebo obavy, srde\u010dn\u011b v\u00e1s zveme, abyste n\u00e1s kontaktovali. R\u00e1di v\u00e1m pom\u016f\u017eeme.<\/div>\n\t\t\t<\/div>\n\t\t\t<\/div>\n\t\t<\/li>\n\t<\/ul>\n\t<\/div>\n\t<\/div>\n<\/section>\n\n<section class=\"white-section\">\n\t<div class=\"section-inner\">\n\t\t<div class=\"btn-area\">\n\t\t\t<div class=\"btn icon-contact\"><a href=\"\/cs\/contact\">Kontaktujte n\u00e1s<\/a><\/div>\n\t\t<\/div>\n\t<\/div>\n<\/section>\n","protected":false},"excerpt":{"rendered":"<p>Kryptoaktiva a blockchainy Kryptoaktiva a blockchainy jsou decentralizovan\u00e9 datab\u00e1ze vytvo\u0159en\u00e9 r\u016fzn\u00fdmi IT syst\u00e9my v\u010detn\u011b algoritm\u016f konsensu, kryptografie a P2P s\u00edt\u00ed, kter\u00e9 jsou obt\u00ed\u017en\u011b upraviteln\u00e9 a s [&hellip;]<\/p>\n","protected":false},"author":1,"featured_media":56655,"parent":0,"menu_order":6,"comment_status":"closed","ping_status":"closed","template":"other-page-temp.php","meta":{"footnotes":""},"acf":[],"_links":{"self":[{"href":"https:\/\/monolith.law\/cs\/wp-json\/wp\/v2\/pages\/47528"}],"collection":[{"href":"https:\/\/monolith.law\/cs\/wp-json\/wp\/v2\/pages"}],"about":[{"href":"https:\/\/monolith.law\/cs\/wp-json\/wp\/v2\/types\/page"}],"author":[{"embeddable":true,"href":"https:\/\/monolith.law\/cs\/wp-json\/wp\/v2\/users\/1"}],"replies":[{"embeddable":true,"href":"https:\/\/monolith.law\/cs\/wp-json\/wp\/v2\/comments?post=47528"}],"version-history":[{"count":75,"href":"https:\/\/monolith.law\/cs\/wp-json\/wp\/v2\/pages\/47528\/revisions"}],"predecessor-version":[{"id":62766,"href":"https:\/\/monolith.law\/cs\/wp-json\/wp\/v2\/pages\/47528\/revisions\/62766"}],"wp:featuredmedia":[{"embeddable":true,"href":"https:\/\/monolith.law\/cs\/wp-json\/wp\/v2\/media\/56655"}],"wp:attachment":[{"href":"https:\/\/monolith.law\/cs\/wp-json\/wp\/v2\/media?parent=47528"}],"curies":[{"name":"wp","href":"https:\/\/api.w.org\/{rel}","templated":true}]}}