{"id":56075,"date":"2023-11-06T23:50:40","date_gmt":"2023-11-06T14:50:40","guid":{"rendered":"https:\/\/monolith.law\/cs\/?page_id=56075"},"modified":"2024-02-14T15:48:18","modified_gmt":"2024-02-14T06:48:18","slug":"it","status":"publish","type":"page","link":"https:\/\/monolith.law\/cs\/it","title":{"rendered":"IT"},"content":{"rendered":"\n<section class=\"heading-area\">\n\t<div class=\"heading-area-inner\">\n\t\t<h2 class=\"icon-it\">IT<\/h2>\n\t\t<p>V spole\u010dnosti, kde technologie neust\u00e1le a rychle pokra\u010duj\u00ed ve v\u00fdvoji, je hlubok\u00e9 porozum\u011bn\u00ed IT a du\u0161evn\u00edho vlastnictv\u00ed spole\u010dnosti z\u00e1sadn\u00ed pro korpor\u00e1tn\u00ed pr\u00e1vn\u00edky v Japonsku. Na\u0161e firma je siln\u00e1 d\u00edky t\u00fdmu specialist\u016f v t\u00e9to oblasti.<\/p>\n\t<\/div>\n<\/section>\n\n<section class=\"white-section\">\n\t<div class=\"section-inner pdt0  border-bottom-section\">\n\t\t<p>Pro pr\u00e1vn\u00edky IT spole\u010dnost\u00ed je d\u016fle\u017eit\u00e9 rozum\u011bt technologi\u00edm a operac\u00edm souvisej\u00edc\u00edm s IT a du\u0161evn\u00edm vlastnictv\u00edm v ka\u017edodenn\u00edm podnik\u00e1n\u00ed spole\u010dnosti. Bez znalost\u00ed a porozum\u011bn\u00ed IT nen\u00ed mo\u017en\u00e9 pe\u010dliv\u011b p\u0159ezkoumat smlouvy a dal\u0161\u00ed dokumenty souvisej\u00edc\u00ed s produkty, kter\u00e9 jsou pro spole\u010dnosti nejvy\u0161\u0161\u00ed d\u016fle\u017eitosti, ani zv\u00e1\u017eit, jak reagovat a p\u0159edch\u00e1zet probl\u00e9m\u016fm, pokud by nastaly. MONOLITH LAW OFFICE se zab\u00fdv\u00e1 nejen p\u0159\u00edpady startup\u016f a ve\u0159ejn\u011b obchodovan\u00fdch spole\u010dnost\u00ed specializuj\u00edc\u00edch se na IT, ale tak\u00e9 IT a internetov\u00fdmi p\u0159\u00edpady ne-IT spole\u010dnost\u00ed jako pr\u00e1vn\u00edk odpov\u011bdn\u00fd za IT a du\u0161evn\u00ed vlastnictv\u00ed.<\/p>\n\t<\/div>\n<\/section>\n\n\n<section class=\"white-section\">\n\t<div class=\"section-inner\">\n\t\t<h3 class=\"ttl-white\">Dnes je IT p\u0159\u00edtomno ve v\u0161ech aspektech podnikov\u00fdch aktivit<\/h3>\n\t\t<ul class=\"layout-column4\">\n\t\t\t<li>\n\t\t\t\t<h4>Pro restaura\u010dn\u00ed podnik\u00e1n\u00ed<\/h4>\n\t\t\t\t<div><img decoding=\"async\" src=\"\/wp-content\/themes\/monolith2021\/img\/practices-itlaw\/practices-itlaw_illust1.png\"><\/div>\n\t\t\t\t<p>P\u0159il\u00e1k\u00e1n\u00ed z\u00e1kazn\u00edk\u016f prost\u0159ednictv\u00edm <span class=\"bold\">web marketingu<\/span> vy\u017eaduje outsourcing IT slu\u017eeb a IT spole\u010dnost\u00ed.<\/p>\n\t\t\t<\/li>\n\t\t\t<li>\n\t\t\t\t<h4>Pro v\u00fdrobn\u00ed pr\u016fmysl<\/h4>\n\t\t\t\t<div><img decoding=\"async\" src=\"\/wp-content\/themes\/monolith2021\/img\/practices-itlaw\/practices-itlaw_illust2.png\"><\/div>\n\t\t\t\t<p>Neust\u00e1l\u00fd v\u00fdvoj <span class=\"bold\">IT zalo\u017een\u00fdch informac\u00ed<\/span> je nezbytn\u00fd pro \u0159\u00edzen\u00ed v\u00fdroby.<\/p>\n\t\t\t<\/li>\n\t\t\t<li>\n\t\t\t\t<h4>Pro e-commerce spole\u010dnosti<\/h4>\n\t\t\t\t<div><img decoding=\"async\" src=\"\/wp-content\/themes\/monolith2021\/img\/practices-itlaw\/practices-itlaw_illust3.png\"><\/div>\n\t\t\t\t<p>Spr\u00e1va e-commerce str\u00e1nek a <span class=\"bold\">web medi\u00e1ln\u00ed marketingov\u00e9 operace<\/span> jsou tak\u00e9 sou\u010d\u00e1st\u00ed na\u0161eho IT souvisej\u00edc\u00edho podnik\u00e1n\u00ed.<\/p>\n\t\t\t<\/li>\n\t\t\t<li>\n\t\t\t\t<h4>Pro z\u00e1bavn\u00ed pr\u016fmysl<\/h4>\n\t\t\t\t<div><img decoding=\"async\" src=\"\/wp-content\/themes\/monolith2021\/img\/practices-itlaw\/practices-itlaw_illust4.png\"><\/div>\n\t\t\t\t<p>Internet je nezbytn\u00fd pro <span class=\"bold\">spr\u00e1vu m\u00e9di\u00ed a distribuci obsahu<\/span>.<\/p>\n\t\t\t<\/li>\n\t\t<\/ul>\n\t<\/div>\n<\/section>\n\n<section class=\"white-section\">\n\t<div class=\"section-inner pdt0\">\n\t\t<p class=\"txt-l txt-center mgb-middle\">Na\u0161e firma vyu\u017e\u00edv\u00e1 zku\u0161enosti na\u0161eho spr\u00e1vce, kter\u00fd je b\u00fdval\u00fdm IT in\u017een\u00fdrem<br>Proto\u017ee jsme <span class=\"bold\">pr\u00e1vn\u00ed kancel\u00e1\u0159 siln\u00e1 v japonsk\u00e9m IT\/IP pr\u00e1vu<\/span><\/p>\n\t\t<div class=\"frame2 max-width860 txt-center-pc\">\n\t\t\t<p class=\"txt-l\"><span class=\"bold\">M\u016f\u017eeme se postarat o v\u0161echny pr\u00e1vn\u00ed z\u00e1le\u017eitosti pro IT a startupov\u00e9 spole\u010dnosti.<br>Pro spole\u010dnosti, kter\u00e9 se nev\u011bnuj\u00ed IT jako hlavn\u00ed \u010dinnosti, p\u016fsob\u00edme jako<br>&#8220;pr\u00e1vn\u00ed poradci v oblasti IT\/IP pr\u00e1va&#8221;.<\/p>\n\t\t<\/div>\n\t<\/div>\n<\/section>\n\n<section class=\"second-nav\">\n\t<div class=\"second-nav-inner\">\n\t\t<p>T\u00c9MATA<\/p>\n\t\t<nav>\n\t\t\t<ul>\n\t\t\t\t<li><a href=\"#system-development\">V\u00fdvoj syst\u00e9m\u016f<\/a><\/li>\n\t\t\t\t<li><a href=\"#terms-of-use\">Podm\u00ednky u\u017e\u00edv\u00e1n\u00ed<\/a><\/li>\n\t\t\t\t<li><a href=\"#crypto-assets-and-blockchain\">Kryptoaktiva a blockchain<\/a><\/li>\n\t\t\t\t<li><a href=\"#ai-chatgpt-etc\">AI (ChatGPT atd.)<\/a><\/li>\n\t\t\t\t<li><a href=\"#games\">Hry<\/a><\/li>\n\t\t\t\t<li><a href=\"#swift-and-efficient-tech-legal-analysis\">Rychl\u00e1 a efektivn\u00ed technicko-pr\u00e1vn\u00ed anal\u00fdza<\/a><\/li>\n\t\t\t\t<li><a href=\"#intellectual-property-rights\">Intelaktu\u00e1ln\u00ed vlastnictv\u00ed<\/a><\/li>\n\t\t\t\t<li><a href=\"#domain-name-disputes\">Spor o dom\u00e9ny<\/a><\/li>\n\t\t\t\t<li><a href=\"#e-commerce\">E-commerce<\/a><\/li>\n\t\t\t\t<li><a href=\"#medical-law\">L\u00e9ka\u0159sk\u00e9 pr\u00e1vo<\/a><\/li>\n\t\t\t\t<li><a href=\"#cybercrime\">Kyberkriminalita<\/a><\/li>\n\t\t\t\t<li><a href=\"#monolith-law-magazine\">MONOLITH LAW MAGAZINE<\/a><\/li>\n\t\t\t\t<li><a href=\"#fee-structure\">Struktura poplatk\u016f<\/a><\/li>\n\t\t\t<\/ul>\n\t\t<\/nav>\n\t<\/div>\n<\/section>\n\n\n<section class=\"white-section\">\n\t<div class=\"anchor\" id=\"system-development\"><\/div>\n\t<div class=\"section-inner\">\n\t\t<div class=\"flex\">\n\t\t\t<div class=\"width41\"><img decoding=\"async\" src=\"\/wp-content\/themes\/monolith2021\/img\/practices-itlaw\/practices-itlaw_pic1.jpg\" alt=\"V\u00fdvoj syst\u00e9m\u016f\"><\/div>\n\t\t\t<div class=\"width51\">\n\t\t\t\t<h3>V\u00fdvoj syst\u00e9m\u016f<\/h3>\n\t\t\t\t<p class=\"mgb-middle\">Jako pr\u00e1vn\u00ed kancel\u00e1\u0159 veden\u00e1 b\u00fdval\u00fdm IT in\u017een\u00fdrem se specializujeme na ot\u00e1zky t\u00fdkaj\u00edc\u00ed se v\u00fdvoje syst\u00e9m\u016f, od sestavov\u00e1n\u00ed, revize a vyjedn\u00e1v\u00e1n\u00ed smluv a\u017e po \u0159e\u0161en\u00ed spor\u016f. Tak\u00e9 sestavujeme smlouvy od z\u00e1kladu na z\u00e1klad\u011b existuj\u00edc\u00edch materi\u00e1l\u016f, jako jsou n\u00e1vrhov\u00e9 dokumenty, s minim\u00e1ln\u00edmi rozhovory s klienty.<\/p>\n\t\t\t\t<div class=\"btn-area align-left\">\n\t\t\t\t\t<div class=\"btn icon-system-development\"><a href=\"\/cz\/system-development\">V\u00fdvoj syst\u00e9m\u016f<\/a><\/div>\n\t\t\t\t<\/div>\n\t\t\t<\/div>\n\t\t<\/div>\n\t<\/div>\n<\/section>\n\n<section class=\"orange-section\">\n\t<div class=\"anchor\" id=\"terms-of-use\"><\/div>\n\t<div class=\"section-inner\">\n\t\t<div class=\"flex reverse\">\n\t\t\t<div class=\"width41\"><img decoding=\"async\" src=\"\/wp-content\/themes\/monolith2021\/img\/practices-itlaw\/practices-itlaw_pic2.jpg\" alt=\"Review of Terms of Use for Apps\"><\/div>\n\t\t\t<div class=\"width51\">\n\t\t\t\t<h3>Podm\u00ednky u\u017e\u00edv\u00e1n\u00ed<\/h3>\n\t\t\t\t<p class=\"mgb-middle\">Pr\u00e1vnick\u00e1 kancel\u00e1\u0159 MONOLITH LAW OFFICE se zab\u00fdv\u00e1 tvorbou a reviz\u00ed podm\u00ednek u\u017eit\u00ed a z\u00e1sad ochrany osobn\u00edch \u00fadaj\u016f pro r\u016fzn\u00e9 aplikace, slu\u017eby a hry v Japonsku. Krom\u011b toho jsme schopni \u010d\u00edst va\u0161e po\u017eadavky na definici pro p\u0159\u00edslu\u0161n\u00fd v\u00fdvoj aplikace, r\u00e1mce Adobe XD, LP, prodejn\u00ed materi\u00e1ly pro potenci\u00e1ln\u00ed z\u00e1kazn\u00edky a dal\u0161\u00ed existuj\u00edc\u00ed dokumenty a data.<\/p>\n\t\t\t\t<div class=\"btn-area align-left\">\n\t\t\t\t\t<div class=\"btn icon-terms-of-use\"><a href=\"\/cz\/terms-of-use\">Podm\u00ednky u\u017eit\u00ed<\/a><\/div>\n\t\t\t\t<\/div>\n\t\t\t<\/div>\n\t\t<\/div>\n\t<\/div>\n<\/section>\n\n<section class=\"white-section\">\n\t<div class=\"anchor\" id=\"crypto-assets-and-blockchain\"><\/div>\n\t<div class=\"section-inner\">\n\t\t<div class=\"flex\">\n\t\t\t<div class=\"width41\"><img decoding=\"async\" src=\"\/wp-content\/uploads\/2022\/07\/shutterstock_1151380622_2.png\" alt=\"Krypto aktiva a blockchain\"><\/div>\n\t\t\t<div class=\"width51\">\n\t\t\t\t<h3>Kryptoaktiva a Blockchain<\/h3>\n\t\t\t\t<p class=\"mgb-middle\">Blockchainy jsou decentralizovan\u00e9 datab\u00e1ze s extr\u00e9mn\u011b n\u00edzk\u00fdm rizikem ztr\u00e1ty z\u00e1znam\u016f, kter\u00e9 zt\u011b\u017euj\u00ed fal\u0161ov\u00e1n\u00ed minul\u00fdch z\u00e1znam\u016f a jsou umo\u017en\u011bny IT technikami, jako jsou algoritmy konsenzu, kryptografie a P2P s\u00edt\u011b. MONOLITH LAW OFFICE se zab\u00fdv\u00e1 pr\u00e1vn\u00edmi pracemi t\u00fdkaj\u00edc\u00edmi se kryptoaktiv a blockchainu kr\u00e1tce po sv\u00e9m zalo\u017een\u00ed v roce 2017.<\/p>\n\t\t\t\t<div class=\"btn-area align-left\">\n\t\t\t\t\t<div class=\"btn icon-crypto-asset-and-blockchain\"><a href=\"\/cs\/crypto-asset-and-blockchain\">Kryptoaktiva<br>a Blockchain<\/a><\/div>\n\t\t\t\t<\/div>\n\t\t\t<\/div>\n\t\t<\/div>\n\t<\/div>\n<\/section>\n\n<section class=\"purple-section\">\n\t<div class=\"anchor\" id=\"ai-chatgpt-etc\"><\/div>\n\t<div class=\"section-inner\">\n\t\t<div class=\"flex reverse\">\n\t\t\t<div class=\"width41\"><img decoding=\"async\" src=\"\/wp-content\/themes\/monolith2021\/img\/practices-itlaw\/practices-itlaw_pic5.jpg\" alt=\"AI (ChatGPT, etc.)\"><\/div>\n\t\t\t<div class=\"width51\">\n\t\t\t\t<h3>AI (ChatGPT atd.)<\/h3>\n\t\t\t\t<p class=\"mgb-small\">Na po\u017e\u00e1d\u00e1n\u00ed IT startup\u016f a obchodn\u00edch spole\u010dnost\u00ed poskytujeme pr\u00e1vn\u00ed kontroly, zpracov\u00e1n\u00ed smluv a podporu p\u0159i ozn\u00e1men\u00ed vl\u00e1d\u011b pro slu\u017eby a probl\u00e9my souvisej\u00edc\u00ed s obrazovou a p\u0159irozenou jazykovou AI, v\u010detn\u011b ot\u00e1zek t\u00fdkaj\u00edc\u00edch se autorsk\u00e9ho pr\u00e1va, z\u00e1kona o ochran\u011b osobn\u00edch \u00fadaj\u016f atd.<\/p>\n\t\t\t\t<p class=\"mgb-middle\">V ur\u010dit\u00fdch p\u0159\u00edpadech prozkoum\u00e1v\u00e1me technick\u00e9 dokumenty a zdrojov\u00e9 k\u00f3dy, abychom pochopili p\u0159esn\u00fd provoz knihovny p\u0159ed posouzen\u00edm legality slu\u017eby a syst\u00e9mu nezbytn\u00e9ho pro jej\u00ed leg\u00e1ln\u00ed provoz v Japonsku.<\/p>\n\t\t\t\t<div class=\"btn-area align-left\">\n\t\t\t\t\t<div class=\"btn icon-ai\"><a href=\"\/cs\/ai\">AI (ChatGPT atd.)<\/a><\/div>\n\t\t\t\t<\/div>\n\t\t\t<\/div>\n\t\t<\/div>\n\t<\/div>\n<\/section>\n\n<section class=\"white-section mgt-section \">\n\t<div class=\"anchor\" id=\"games\"><\/div>\n\t<div class=\"section-inner-black\">\n\t\t<h3>Hry<\/h3>\n\t\t<p class=\"mgb-middle\"> V Japonsku je provoz soci\u00e1ln\u00edch her regulov\u00e1n n\u011bkolika z\u00e1kony, v\u010detn\u011b Z\u00e1kona o autorsk\u00fdch pr\u00e1vech (Japanese Copyright Act), Z\u00e1kona proti neopr\u00e1vn\u011bn\u00fdm pr\u00e9miov\u00fdm a zav\u00e1d\u011bj\u00edc\u00edm zastoupen\u00edm (Act against Unjustifiable Premiums and Misleading Representations), Z\u00e1kona o vyrovn\u00e1n\u00ed fond\u016f (Funds Settlement Act), Z\u00e1kona o spot\u0159ebitelsk\u00fdch smlouv\u00e1ch (Consumer Contract Act), Z\u00e1kona o specifick\u00fdch obchodn\u00edch transakc\u00edch (Specified Commercial Transactions Act) a Z\u00e1kona o telekomunika\u010dn\u00edm podnik\u00e1n\u00ed (Telecommunications Business Act).<br> Aby se p\u0159ede\u0161lo spor\u016fm a pokut\u00e1m od vl\u00e1dy, je nutn\u00e9 zajistit dodr\u017eov\u00e1n\u00ed pr\u00e1vn\u00edch p\u0159edpis\u016f.<br> Na\u0161e kancel\u00e1\u0159 tak\u00e9 p\u016fsob\u00ed jako pr\u00e1vn\u00ed poradce pro spole\u010dnosti zab\u00fdvaj\u00edc\u00ed se videohrami a e-sporty v Japonsku, co\u017e vy\u017eaduje porozum\u011bn\u00ed pr\u016fmyslu pro zaji\u0161t\u011bn\u00ed z\u00e1konn\u00e9ho provozu.<\/p>\n\t<\/div>\n<\/section>\n\n<section class=\"white-section\">\n\t<div class=\"anchor\" id=\"swift-and-efficient-tech-legal-analysis\"><\/div>\n\t<div class=\"section-inner\">\n\t\t<div class=\"flex reverse\">\n\t\t\t<div class=\"width41\"><img decoding=\"async\" src=\"\/wp-content\/themes\/monolith2021\/img\/pic\/pic_draft.jpg\" alt=\"Drafting with minimal operating time\"><\/div>\n\t\t\t<div class=\"width51\">\n\t\t\t\t<h3>Rychl\u00e1 a efektivn\u00ed technicko-pr\u00e1vn\u00ed anal\u00fdza<\/h3>\n\t\t\t\t<p class=\"mgb-middle\">D\u00edky na\u0161emu spr\u00e1vn\u00edmu advok\u00e1tovi, kter\u00fd je b\u00fdval\u00fdm IT in\u017een\u00fdrem, a t\u00fdmu IT konzultant\u016f, na\u0161e firma nab\u00edz\u00ed komplexn\u00ed slu\u017eby technick\u00e9 anal\u00fdzy a pr\u00e1vn\u00edho posouzen\u00ed, zejm\u00e9na pro pokro\u010dil\u00e9 technologie jako je AI.<\/p>\n\t\t\t\t<p>Leg\u00e1lnost slu\u017eeb vyu\u017e\u00edvaj\u00edc\u00edch pokro\u010dil\u00e9 technologie, zejm\u00e9na AI, nelze ur\u010dit bez technick\u00e9ho porozum\u011bn\u00ed tomu, jak tyto slu\u017eby funguj\u00ed. Jako komplexn\u00ed slu\u017eba m\u016f\u017eeme poskytnout jak technickou anal\u00fdzu, tak pr\u00e1vn\u00ed posouzen\u00ed.<\/p>\n\t\t\t<\/div>\n\t\t<\/div>\n\t<\/div>\n<\/section>\n\n<section class=\"white-section mgb-section80\">\n\t<div class=\"anchor\" id=\"intellectual-property-rights\"><\/div>\n\t<div class=\"section-inner-black\">\n\t\t<h3>Intelaktu\u00e1ln\u00ed vlastnictv\u00ed<\/h3>\n\t\t<p class=\"mgb-middle\">We handle IP strategy planning, contractual relations and litigation in both the IT and entertainment fields.\nIn the case of disputes, we also handle highly specialized litigation, such as litigation over patent ownership rights.<\/p>\n\t<\/div>\n<\/section>\n\n<section class=\"white-section mgt-section80\">\n\t<div class=\"anchor\" id=\"domain-name-disputes\"><\/div>\n\t<div class=\"section-inner-black\">\n\t\t<h3>Spor o dom\u00e9ny<\/h3>\n\t\t<p class=\"mgb-middle\">We have expertise in handling domain names, intellectual property rights, and dispute resolution based on the JP Domain Name Dispute Resolution Policy (DRP) and litigation procedures using the Unfair Competition Prevention Act.\n<\/p>\n\t<\/div>\n<\/section>\n\n<section class=\"white-section\">\n\t<div class=\"anchor\" id=\"e-commerce\"><\/div>\n\t<div class=\"section-inner\">\n\t\t<div class=\"flex\">\n\t\t\t<div class=\"width41\"><img decoding=\"async\" src=\"\/wp-content\/themes\/monolith2021\/img\/practices-itlaw\/practices-itlaw_pic7.jpg\" alt=\"E-commerce\"><\/div>\n\t\t\t<div class=\"width51\">\n\t\t\t\t<h3>E-commerce<\/h3>\n\t\t\t\t<p>M\u00e1me zku\u0161enosti s \u0159e\u0161en\u00edm r\u016fzn\u00fdch spor\u016f v oblasti japonsk\u00e9ho e-commerce, v\u010detn\u011b soudn\u00ed ochrany proti poru\u0161ov\u00e1n\u00ed ochrann\u00fdch zn\u00e1mek a autorsk\u00fdch pr\u00e1v na platform\u00e1ch jako Rakuten, Amazon a Yahoo! Shopping.<\/p>\n\t\t\t<\/div>\n\t\t<\/div>\n\t<\/div>\n<\/section>\n\n<section class=\"white-section mgb-section80\">\n\t<div class=\"anchor\" id=\"medical-law\"><\/div>\n\t<div class=\"section-inner-black\">\n\t\t<h3>L\u00e9ka\u0159sk\u00e9 pr\u00e1vo<\/h3>\n\t\t<p class=\"mgb-middle\">The intersection of laws related to medical care in Japan, such as the Pharmaceutical Affairs Act, Medical Service Act, and Medical Practitioners Act, with IT and the Internet, is a complex and specialized area.\nOur firm has medical-related legal specialists and a founding lawyer who is a former IT engineer, is well-versed in the industry.<\/p>\n\t\t<h4 class=\"mgb-middle\">Na\u0161e zku\u0161enosti s p\u0159\u00edpady medic\u00ednsk\u00e9ho pr\u00e1va (p\u0159\u00edklady)<\/h4>\n\t\t<p class=\"mgb-middle\">Pr\u00e1vn\u00ed posouzen\u00ed podle Z\u00e1kona o farmaceutick\u00fdch a zdravotnick\u00fdch prost\u0159edc\u00edch (PMD Act) a dal\u0161\u00edch z\u00e1kon\u016f t\u00fdkaj\u00edc\u00edch se LP distributor\u016f dopl\u0148k\u016f stravy, pr\u00e1vn\u00ed posouzen\u00ed a formulace sm\u011brnic podle PMD Act a dal\u0161\u00edch p\u0159\u00edslu\u0161n\u00fdch z\u00e1kon\u016f pro m\u00e9dia souvisej\u00edc\u00ed s kr\u00e1sou, a audit pr\u00e1vn\u00ed legitimity nov\u00fdch podnik\u016f ve startupech souvisej\u00edc\u00edch se zdravotnictv\u00edm, sestavov\u00e1n\u00ed smluv o spole\u010dn\u00e9m v\u00fdzkumu s univerzitami pro startupy v oblasti zdravotnictv\u00ed. Pr\u00e1vn\u00ed posouzen\u00ed a p\u0159\u00edprava podm\u00ednek u\u017e\u00edv\u00e1n\u00ed pro slu\u017eby spolupr\u00e1ce na medic\u00ednsk\u00fdch informac\u00edch. P\u0159\u00edprava popis\u016f Specifick\u00e9ho obchodn\u00edho z\u00e1kon\u00edku atd. pro podniky prod\u00e1vaj\u00edc\u00ed dopl\u0148ky stravy.<\/p>\n\t<\/div>\n<\/section>\n\n<section class=\"white-section\">\n\t<div class=\"anchor\" id=\"cybercrime\"><\/div>\n\t<div class=\"section-inner\">\n\t\t<div class=\"flex reverse\">\n\t\t\t<div class=\"width41\"><img decoding=\"async\" src=\"\/wp-content\/uploads\/2023\/05\/dispute_pic2.jpg\" alt=\"Kyberkriminalita\"><\/div>\n\t\t\t<div class=\"width51\">\n\t\t\t\t<h3>Kyberkriminalita<\/h3>\n\t\t\t\t<p class=\"mgb-middle\">Aby bylo mo\u017en\u00e9 efektivn\u011b iniciovat vy\u0161et\u0159ov\u00e1n\u00ed a zat\u010den\u00ed japonskou polici\u00ed v p\u0159\u00edpadech jako je neopr\u00e1vn\u011bn\u00fd p\u0159\u00edstup, kter\u00e9 se odehr\u00e1vaj\u00ed v Japonsku, je \u00fa\u010dinn\u00e9 m\u00edt pomoc odborn\u00edk\u016f, kte\u0159\u00ed jsou dob\u0159e obezn\u00e1meni s japonsk\u00fdmi trestn\u00edmi postupy. Jako pr\u00e1vn\u00ed kancel\u00e1\u0159 specializovan\u00e1 na IT nab\u00edz\u00edme pr\u00e1vn\u00ed podporu pro spole\u010dnosti, kter\u00e9 se staly ob\u011b\u0165mi kybernetick\u00e9 kriminality, jako je neopr\u00e1vn\u011bn\u00fd p\u0159\u00edstup a neleg\u00e1ln\u00ed exfiltrace dat, v\u010detn\u011b pomoci p\u0159i pod\u00e1v\u00e1n\u00ed trestn\u00edch ozn\u00e1men\u00ed a zpr\u00e1v k zah\u00e1jen\u00ed trestn\u00edho vy\u0161et\u0159ov\u00e1n\u00ed. To je jedna z na\u0161ich v\u00fdrazn\u00fdch vlastnost\u00ed.<\/p>\n\t\t\t\t<div class=\"btn-area align-left\">\n\t\t\t\t\t<div class=\"btn icon-cybercrime\"><a href=\"\/cz\/cybercrime\">Kybernetick\u00e1 kriminalita<\/a><\/div>\n\t\t\t\t<\/div>\n\t\t\t<\/div>\n\t\t<\/div>\n\t<\/div>\n<\/section>\n\n<section class=\"white-section\">\n\t<div class=\"section-inner pdt0\">\n\t\t<div class=\"frame2 max-width860 txt-center-pc\">\n\t\t\t<p class=\"bold txt-l\">M\u016f\u017eeme tak\u00e9 p\u016fsobit jako &#8220;druh\u00fd pr\u00e1vn\u00edk&#8221; pro hlavn\u00ed obchod va\u0161\u00ed spole\u010dnosti, vyu\u017e\u00edvaj\u00edc na\u0161e siln\u00e9 str\u00e1nky v jin\u00e9 kapacit\u011b ne\u017e je hlavn\u00ed pr\u00e1vn\u00ed poradce va\u0161\u00ed spole\u010dnosti.<\/p>\n\t\t<\/div>\n\t<\/div>\n<\/section>\n\n<section class=\"purple2-section\">\n\t<div class=\"anchor\" id=\"monolith-law-magazine\"><\/div>\n\t<div class=\"section-inner\">\n\t\t    <section class=\"white-section temp-article\">\n        <div class=\"section-inner\">\n            <h4>MONOLITH LAW MAGAZINE<\/h4>\n            <div class=\"articles type_practice_column\">\n                                                                    <div class=\"article article-area\">\n                        <figure>\n                            <div class=\"img-wrap\">\n                                <img alt=\"Regulace um\u011bl\u00e9 inteligence v EU a nezbytn\u00e1 opat\u0159en\u00ed pro japonsk\u00e9 podniky\" src=\"https:\/\/monolith.law\/cs\/wp-content\/uploads\/sites\/34\/2025\/08\/a1a29c01832a47f3d2c7dc6bfde10302.webp\" width=\"500\" height=\"250\">\n                            <\/div>\n                            <figcaption>\n                                <div class=\"figcaption-inner\">\n                                    <h3>Regulace um\u011bl\u00e9 inteligence v EU a nezbytn\u00e1 opat\u0159en\u00ed pro japonsk\u00e9 podniky<\/h3>\n                                <\/div>\n                            <\/figcaption>\n                            <a href=\"https:\/\/monolith.law\/cs\/it\/eu-ai-act\"><\/a>\n                        <\/figure>\n                    <\/div>\n                                                    <div class=\"article article-area\">\n                        <figure>\n                            <div class=\"img-wrap\">\n                                <img alt=\"Jak\u00e9 jsou smluvn\u00ed rizika p\u0159i zav\u00e1d\u011bn\u00ed AI do podnik\u016f? Vysv\u011btlen\u00ed \u201ekontroln\u00edho seznamu\u201c vypracovan\u00e9ho ministerstvem hospod\u00e1\u0159stv\u00ed, obchodu a pr\u016fmyslu k p\u0159edch\u00e1zen\u00ed kriz\u00edm.\" src=\"https:\/\/monolith.law\/cs\/wp-content\/uploads\/sites\/34\/2025\/08\/d5e773397b7dbf2d8f3c56c3445eda4d.webp\" width=\"500\" height=\"250\">\n                            <\/div>\n                            <figcaption>\n                                <div class=\"figcaption-inner\">\n                                    <h3>Jak\u00e9 jsou smluvn\u00ed rizika p\u0159i zav\u00e1d\u011bn\u00ed AI do podnik\u016f? Vysv\u011btlen\u00ed \u201ekontroln\u00edho sez.<\/h3>\n                                <\/div>\n                            <\/figcaption>\n                            <a href=\"https:\/\/monolith.law\/cs\/it\/ai-contract-checklist\"><\/a>\n                        <\/figure>\n                    <\/div>\n                                                    <div class=\"article article-area\">\n                        <figure>\n                            <div class=\"img-wrap\">\n                                <img alt=\"Jak uchovat d\u016fkazy o pomluv\u00e1ch na Instagramu? Vysv\u011btlen\u00ed zp\u016fsob\u016f ukl\u00e1d\u00e1n\u00ed d\u016fkaz\u016f pou\u017eiteln\u00fdch u soudu\" src=\"https:\/\/monolith.law\/cs\/wp-content\/uploads\/sites\/34\/2025\/08\/b7a6d88c3f4a061d0c0c2cfa711ac604.webp\" width=\"500\" height=\"250\">\n                            <\/div>\n                            <figcaption>\n                                <div class=\"figcaption-inner\">\n                                    <h3>Jak uchovat d\u016fkazy o pomluv\u00e1ch na Instagramu? Vysv\u011btlen\u00ed zp\u016fsob\u016f ukl\u00e1d\u00e1n\u00ed d\u016fkaz\u016f.<\/h3>\n                                <\/div>\n                            <\/figcaption>\n                            <a href=\"https:\/\/monolith.law\/cs\/it\/instagram-preservation-evidence\"><\/a>\n                        <\/figure>\n                    <\/div>\n                                            <\/div>\n            <div class=\"btn-more\"><a href=\"https:\/\/monolith.law\/cs\/tag\/it\">Read More<\/a><\/div>\n        <\/div>\n    <\/section>\n\t<\/div>\n<\/section>\n\n<section class=\"orange2-section\">\n\t<div class=\"anchor\" id=\"fee-structure\"><\/div>\n\t<div class=\"section-inner\">\n\t\t<div class=\"planWrap\">\n\t\t\t<h3>Struktura poplatk\u016f<\/h3>\n\t\t\t<ul class=\"plan\">\n\t\t\t\t<li class=\"txt-left\">\n\t\t\t\t\t<div class=\"plan-inner\">\n\t\t\t\t\t<div class=\"plan-header\">\n\t\t\t\t\t\t<h4 class=\"plan-title\">Hodinov\u00e1 sazba<\/h4>\n\t\t\t\t\t\t<div class=\"plan-price\">\n\t\t\t\t\t\t\t<div class=\"plan-price\"><span class=\"price-figure\">$300<\/span>za hodinu<span class=\"price-value\"><\/span><\/div>\n<\/div>\n\t\t\t\t\t<\/div>\n\t\t\t\t\t<div class=\"plan-body\">\n\t\t\t\t\t\t<p>V ur\u010dit\u00fdch p\u0159\u00edpadech m\u016f\u017eeme zv\u00e1\u017eit p\u0159ijet\u00ed sporu nebo soudn\u00edho \u0159\u00edzen\u00ed s po\u010d\u00e1te\u010dn\u00edm poplatkem a \u00fasp\u011b\u0161nostn\u00ed odm\u011bnou. Pro v\u00edce informac\u00ed n\u00e1s nev\u00e1hejte kontaktovat.<\/p>\n\t\t\t\t\t\t<p><\/p>\n\t\t\t\t\t\t<p class=\"txt-s\"><\/p>\n\t\t\t\t\t<\/div>\n\t\t\t\t\t<\/div>\n\t\t\t\t<\/li>\n\t\t\t\t<li class=\"txt-left\">\n\t\t\t\t\t<div class=\"plan-inner\">\n\t\t\t\t\t<div class=\"plan-header\">\n\t\t\t\t\t\t<h4 class=\"plan-title\">Sestavov\u00e1n\u00ed smluv<\/h4>\n\t\t\t\t\t\t<div class=\"plan-price\">\n\t\t\t\t\t\t<div class=\"plan-price\"><span class=\"price-value\">od<\/span><span class=\"price-figure\">$500<\/span><span class=\"price-value\">do $2,000 nebo v\u00edce<\/span><\/div>\n<\/div>\n\t\t\t\t\t<\/div>\n\t\t\t\t\t<div class=\"plan-body\">\n\t\t\t\t\t\t<p>The pricing structure is subject to variation based on the type and quantity of contracts. We are pleased to offer a preliminary estimate upon inquiry, thereby encouraging you to reach out to us for further details.\n<\/p>\n\t\t\t\t\t\t<p class=\"txt-s\"><\/p>\n\t\t\t\t\t<\/div>\n\t\t\t\t\t<\/div>\n\t\t\t\t<\/li>\n\t\t\t\t<li class=\"txt-left\">\n\t\t\t\t\t<div class=\"plan-inner\">\n\t\t\t\t\t<div class=\"plan-header\">\n\t\t\t\t\t<h4 class=\"plan-title\">Dal\u0161\u00ed slu\u017eby<\/h4>\n\t\t\t\t\t<div class=\"plan-price\">\n\t\t\t\t\t\t<div class=\"plan-price\"><span class=\"price-figure\">Kontaktujte n\u00e1s<\/span><\/div>\n\t\t\t\t\t<\/div>\n\t\t\t\t\t<div class=\"plan-body\">\n\t\t\t\t\t\t<p>Nab\u00edz\u00edme \u0161irokou \u0161k\u00e1lu slu\u017eeb v\u010detn\u011b zakl\u00e1d\u00e1n\u00ed spole\u010dnost\u00ed, p\u0159ezkumu smluv, pr\u00e1vn\u00edch stanovisek, p\u0159ezkumu p\u0159\u00edpad\u016f nebo v\u00fdzkumn\u00fdch dopis\u016f. Pokud m\u00e1te jak\u00e9koli dotazy nebo obavy, srde\u010dn\u011b v\u00e1s zveme, abyste n\u00e1s kontaktovali a n\u00e1\u0161 zku\u0161en\u00fd t\u00fdm v\u00e1m r\u00e1d pom\u016f\u017ee.<\/p>\n\t\t\t\t\t\t<p>\n<\/p>\n\t\t\t\t\t\t<p class=\"txt-s\"><\/p>\n\t\t\t\t\t<\/div>\n\t\t\t\t\t<\/div>\n\t\t\t\t<\/li>\n\t\t\t<\/ul>\n\t\t<\/div>\n\t<\/div>\n<\/section>\n<section class=\"white-section\">\n\t<div class=\"section-inner\">\n\t\t<div class=\"btn-area\">\n\t\t\t<div class=\"btn icon-contact\"><a href=\"\/cs\/contact\">Kontaktujte n\u00e1s<\/a><\/div>\n\t\t<\/div>\n\t<\/div>\n<\/section>\n","protected":false},"excerpt":{"rendered":"<p>IT V spole\u010dnosti, kde technologie neust\u00e1le a rychle pokra\u010duj\u00ed ve v\u00fdvoji, je hlubok\u00e9 porozum\u011bn\u00ed IT a du\u0161evn\u00edho vlastnictv\u00ed spole\u010dnosti z\u00e1sadn\u00ed pro korpor\u00e1tn\u00ed pr\u00e1vn\u00edky v Japonsku. Na\u0161e firma je siln\u00e1 d\u00ed [&hellip;]<\/p>\n","protected":false},"author":1,"featured_media":57140,"parent":0,"menu_order":0,"comment_status":"closed","ping_status":"closed","template":"non-other-page-temp.php","meta":{"footnotes":""},"acf":[],"_links":{"self":[{"href":"https:\/\/monolith.law\/cs\/wp-json\/wp\/v2\/pages\/56075"}],"collection":[{"href":"https:\/\/monolith.law\/cs\/wp-json\/wp\/v2\/pages"}],"about":[{"href":"https:\/\/monolith.law\/cs\/wp-json\/wp\/v2\/types\/page"}],"author":[{"embeddable":true,"href":"https:\/\/monolith.law\/cs\/wp-json\/wp\/v2\/users\/1"}],"replies":[{"embeddable":true,"href":"https:\/\/monolith.law\/cs\/wp-json\/wp\/v2\/comments?post=56075"}],"version-history":[{"count":36,"href":"https:\/\/monolith.law\/cs\/wp-json\/wp\/v2\/pages\/56075\/revisions"}],"predecessor-version":[{"id":62707,"href":"https:\/\/monolith.law\/cs\/wp-json\/wp\/v2\/pages\/56075\/revisions\/62707"}],"wp:featuredmedia":[{"embeddable":true,"href":"https:\/\/monolith.law\/cs\/wp-json\/wp\/v2\/media\/57140"}],"wp:attachment":[{"href":"https:\/\/monolith.law\/cs\/wp-json\/wp\/v2\/media?parent=56075"}],"curies":[{"name":"wp","href":"https:\/\/api.w.org\/{rel}","templated":true}]}}