{"id":56080,"date":"2023-11-05T23:50:59","date_gmt":"2023-11-05T14:50:59","guid":{"rendered":"https:\/\/monolith.law\/cs\/?page_id=56080"},"modified":"2024-08-14T15:23:54","modified_gmt":"2024-08-14T06:23:54","slug":"internet","status":"publish","type":"page","link":"https:\/\/monolith.law\/cs\/internet","title":{"rendered":"Internet"},"content":{"rendered":"\n<section class=\"heading-area\">\n\t<div class=\"heading-area-inner\">\n\t\t<h2 class=\"icon-internet\">Internet<\/h2>\n\t\t<p>Jako pr\u00e1vn\u00ed firma s v\u00fdraznou odbornost\u00ed v oblasti IT m\u00e1me prok\u00e1zan\u00e9 zku\u0161enosti s poskytov\u00e1n\u00edm komplexn\u00ed pr\u00e1vn\u00ed podpory podnikatel\u016fm v internetov\u00e9m pr\u016fmyslu, v\u010detn\u011b YouTuber\u016f. Specializujeme se tak\u00e9 na \u0159e\u0161en\u00ed spor\u016f souvisej\u00edc\u00edch s online platformami a \u00fasp\u011b\u0161n\u011b jsme pomohli klient\u016fm odstranit negativn\u00ed webov\u00e9 str\u00e1nky a vy\u0159e\u0161it online konflikty.<\/p>\n\t<\/div>\n<\/section>\n\n<section class=\"white-section\">\n\t<div class=\"section-inner pdt0  border-bottom-section\">\n\t\t<p class=\"mgb-small\">MONOLITH LAW OFFICE s bohat\u00fdmi zku\u0161enostmi v pr\u00e1vn\u00edch ot\u00e1zk\u00e1ch souvisej\u00edc\u00edch s IT je zvl\u00e1\u0161t\u011b zdatn\u00e1 v podpo\u0159e internetov\u011b orientovan\u00fdch podnik\u016f, v\u010detn\u011b YouTuber\u016f a spole\u010dnost\u00ed zab\u00fdvaj\u00edc\u00edch se \u010dinnostmi souvisej\u00edc\u00edmi s YouTube.<\/p>\n\t\t<p>Ch\u00e1peme vrozen\u00e1 rizika spojen\u00e1 s internetem, jako jsou negativn\u00ed webov\u00e9 str\u00e1nky a p\u0159\u00edsp\u011bvky na online diskusn\u00edch f\u00f3rech. Na\u0161e firma \u00fasp\u011b\u0161n\u011b zvl\u00e1dla mnoho p\u0159\u00edpad\u016f \u0159\u00edzen\u00ed online reputace pro \u0161irokou \u0161k\u00e1lu klient\u016f, od jednotlivc\u016f po velk\u00e9 korporace. Negativn\u00ed webov\u00e9 str\u00e1nky p\u0159edstavuj\u00ed v Japonsku jedine\u010dnou pr\u00e1vn\u00ed v\u00fdzvu a na\u0161i kvalifikovan\u00ed pr\u00e1vn\u00edci jsou vybaveni k poskytov\u00e1n\u00ed \u00fa\u010dinn\u00fdch \u0159e\u0161en\u00ed. S radost\u00ed s v\u00e1mi budeme konzultovat, vyu\u017e\u00edvaj\u00edce na\u0161ich znalost\u00ed a zku\u0161enost\u00ed v \u0159e\u0161en\u00ed probl\u00e9m\u016f souvisej\u00edc\u00edch s negativn\u00edmi webov\u00fdmi str\u00e1nkami.<\/p>\n\t<\/div>\n<\/section>\n\n<section class=\"second-nav\">\n\t<div class=\"second-nav-inner\">\n\t\t<p>T\u00c9MATA<\/p>\n\t\t<nav>\n\t\t\t<ul>\n\t\t\t\t<li><a href=\"#legal-support-for-youtuber\">Pr\u00e1vn\u00ed podpora pro YouTubery<\/a><\/li>\n\t\t\t\t<li><a href=\"#legal-support-for-vtuber\">Pr\u00e1vn\u00ed podpora pro VTubery<\/a><\/li>\n\t\t\t\t<li><a href=\"#manda-of-sns-accounts\">M&amp;A \u00fa\u010dt\u016f na soci\u00e1ln\u00edch s\u00edt\u00edch<\/a><\/li>\n\t\t\t\t<li><a href=\"#mitigating-reputational-damage\">Zm\u00edrn\u011bn\u00ed reputa\u010dn\u00edho po\u0161kozen\u00ed<\/a><\/li>\n\t\t\t\t<li><a href=\"#id-of-the-defamatory-statement\">Identifikace hanliv\u00e9ho prohl\u00e1\u0161en\u00ed<\/a><\/li>\n\t\t\t\t<li><a href=\"#corporate-reputation-management\">\u0158\u00edzen\u00ed firemn\u00ed reputace<\/a><\/li>\n\t\t\t\t<li><a href=\"#removal-of-past-unwanted-info\">Odstran\u011bn\u00ed ne\u017e\u00e1douc\u00edch informac\u00ed z minulosti<\/a><\/li>\n\t\t\t\t<li><a href=\"#monolith-law-magazine\">MONOLITH LAW MAGAZINE<\/a><\/li>\n\t\t\t\t<li><a href=\"#fee-structure\">Struktura poplatk\u016f<\/a><\/li>\n\t\t\t<\/ul>\n\t\t<\/nav>\n\t<\/div>\n<\/section>\n\n<section class=\"purple-section mgt-section\">\n\t<div class=\"anchor\" id=\"legal-support-for-youtuber\"><\/div>\n\t<div class=\"section-inner\">\n\t\t<div class=\"flex\">\n\t\t\t<div class=\"width41\"><img decoding=\"async\" src=\"\/wp-content\/themes\/monolith2021\/img\/pic\/pic_practices-youtuberlaw.jpg\" alt=\"Pr\u00e1vn\u00ed podpora pro YouTubery\"><\/div>\n\t\t\t<div class=\"width51\">\n\t\t\t\t<h3>Pr\u00e1vn\u00ed podpora pro YouTubery<\/h3>\n\t\t\t\t<p class=\"mgb-small\">YouTube kan\u00e1ly spravovan\u00e9 agenturami YouTuber\u016f, spole\u010dnostmi provozuj\u00edc\u00edmi virtu\u00e1ln\u00ed YouTubery (VTubery) a obchodn\u00edmi spole\u010dnostmi v Japonsku, v\u0161echny pot\u0159ebuj\u00ed pr\u00e1vn\u00ed poradce se specializovan\u00fdmi znalostmi a zku\u0161enostmi.<\/p>\n\t\t\t\t<p class=\"mgb-middle\">Na\u0161i klienti zahrnuj\u00ed velk\u00e9 japonsk\u00e9 agentury pro spr\u00e1vu YouTuber\u016f, v\u00fdznamn\u00e9 individu\u00e1ln\u00ed YouTubery a r\u016fzn\u00e9 spole\u010dnosti pro spr\u00e1vu podnik\u00e1n\u00ed VTuber\u016f po cel\u00e9m Japonsku. Tak\u00e9 poskytujeme vysoce specializovanou podporu p\u0159i sestavov\u00e1n\u00ed a kontrole smluv souvisej\u00edc\u00edch s YouTubery a VTubery a \u0159e\u0161en\u00ed pr\u00e1vn\u00edch ot\u00e1zek souvisej\u00edc\u00edch s tvorbou vide\u00ed v Japonsku.<\/p>\n\t\t\t\t<div class=\"btn-area align-left\">\n\t\t\t\t\t<div class=\"btn icon-legal-support-for-youtuber\"><a href=\"\/cz\/legal-support-for-youtuber\/\">Pr\u00e1vn\u00ed podpora<br>pro YouTuber<\/a><\/div>\n\t\t\t\t<\/div>\n\t\t\t<\/div>\n\t\t<\/div>\n\t<\/div>\n<\/section>\n\n<section class=\"white-section\">\n\t<div class=\"anchor\" id=\"legal-support-for-vtuber\"><\/div>\n\t<div class=\"section-inner\">\n\t\t<div class=\"flex reverse\">\n\t\t\t<div class=\"width41\"><img decoding=\"async\" src=\"\/wp-content\/themes\/monolith2021\/img\/vtuberlaw\/pic_practices-vtuberlaw.jpg\" alt=\"Pr\u00e1vn\u00ed podpora pro VTuber\"><\/div>\n\t\t\t<div class=\"width51\">\n\t\t\t\t<h3>Pr\u00e1vn\u00ed podpora pro VTubery<\/h3>\n\t\t\t\t<p class=\"mgb-small\">Popularita VTuber\u016f, YouTuber\u016f, kte\u0159\u00ed pou\u017e\u00edvaj\u00ed 2D nebo 3D avatary pro vytv\u00e1\u0159en\u00ed vide\u00ed a \u017eiv\u00fdch p\u0159enos\u016f, se stala dob\u0159e zavedenou. Za\u010dalo to v Japonsku a nyn\u00ed se roz\u0161\u00ed\u0159ilo do zem\u00ed po cel\u00e9m sv\u011bt\u011b.<\/p>\n\t\t\t\t<p class=\"mgb-middle\">Od roku 2017 (Heisei 29) se zab\u00fdv\u00e1me pr\u00e1vn\u00edmi z\u00e1le\u017eitostmi VTuber\u016f v Japonsku a nasb\u00edrali jsme bohat\u00e9 zku\u0161enosti a solidn\u00ed stopu. Jsme pln\u011b odhodl\u00e1ni poskytovat komplexn\u00ed podporu VTuber\u016fm a jejich p\u0159idru\u017een\u00fdm spole\u010dnostem a agentur\u00e1m po cel\u00e9m sv\u011bt\u011b.<\/p>\n\t\t\t\t<div class=\"btn-area align-left\">\n\t\t\t\t\t<div class=\"btn icon-legal-support-for-vtuber\"><a href=\"\/cz\/legal-support-for-vtuber\/\">Pr\u00e1vn\u00ed podpora<br>pro VTubery<\/a><\/div>\n\t\t\t\t<\/div>\n\t\t\t<\/div>\n\t\t<\/div>\n\t<\/div>\n<\/section>\n\n<section class=\"white-section\">\n\t<div class=\"anchor\" id=\"manda-of-sns-accounts\"><\/div>\n\t<div class=\"section-inner\">\n\t\t<div class=\"flex\">\n\t\t\t<div class=\"width41\"><img decoding=\"async\" src=\"\/wp-content\/themes\/monolith2021\/img\/pic\/pic_sns_manda.jpg\" alt=\"M&amp;A \u00fa\u010dt\u016f na soci\u00e1ln\u00edch s\u00edt\u00edch\"><\/div>\n\t\t\t<div class=\"width51\">\n\t\t\t\t<h3>M&amp;A \u00fa\u010dt\u016f na soci\u00e1ln\u00edch s\u00edt\u00edch<\/h3>\n\t\t\t\t<p class=\"mgb-small\">Podobn\u011b jako webov\u00e9 str\u00e1nky, kan\u00e1ly na YouTube a \u00fa\u010dty na Twitteru jsou tak\u00e9 p\u0159edm\u011btem M&amp;A. Av\u0161ak tyto M&amp;A jsou speci\u00e1ln\u00ed p\u0159\u00edpady, pro kter\u00e9 je vy\u017eadov\u00e1na pr\u00e1vn\u00ed kancel\u00e1\u0159 se specializovan\u00fdmi znalostmi a know-how. MONOLITH LAW OFFICE je pr\u00e1vn\u00ed kancel\u00e1\u0159 specializuj\u00edc\u00ed se na IT, internet a podnik\u00e1n\u00ed. Na\u0161i pr\u00e1vn\u00edci se zab\u00fdvaj\u00ed v\u0161\u00edm od sestavov\u00e1n\u00ed smluv po due diligence (DD) pro mnoho M&amp;A, od mal\u00fdch projekt\u016f t\u00fdkaj\u00edc\u00edch se kan\u00e1l\u016f na YouTube a\u017e po projekty p\u0159esahuj\u00edc\u00ed 100 milion\u016f jen\u016f.<\/p>\n\t\t\t\t<div class=\"btn-area align-left\">\n\t\t\t\t\t<div class=\"btn icon-m-and-a-of-sns-accounts\"><a href=\"\/cz\/m-and-a-of-sns-accounts\/\">M&amp;A \u00fa\u010dt\u016f na soci\u00e1ln\u00edch s\u00edt\u00edch<\/a><\/div>\n\t\t\t\t<\/div>\n\n\t\t\t<\/div>\n\t\t<\/div>\n\t<\/div>\n<\/section>\n\n<section class=\"purple-section\">\n\t<div class=\"anchor\" id=\"mitigating-reputational-damage\"><\/div>\n\t<div class=\"section-inner\">\n\t\t<div class=\"flex reverse\">\n\t\t\t<div class=\"width41\"><img decoding=\"async\" src=\"\/wp-content\/themes\/monolith2021\/img\/pic\/pic_practices-reputation.jpg\" alt=\"Mitigating Reputational Damage\"><\/div>\n\t\t\t<div class=\"width51\">\n\t\t\t\t<h3>Zm\u00edrn\u011bn\u00ed reputa\u010dn\u00edho po\u0161kozen\u00ed<\/h3>\n\t\t\t\t<p class=\"mgb-small\">Negativn\u00ed webov\u00e9 str\u00e1nky, kter\u00e9 \u00fato\u010d\u00ed na spole\u010dnosti nebo jednotlivce, mohou m\u00edt \u0161kodliv\u00fd dopad na jejich reputaci. Japonsk\u00e9 pr\u00e1vo v\u0161ak obsahuje ustanoven\u00ed umo\u017e\u0148uj\u00edc\u00ed odstran\u011bn\u00ed takov\u00fdch webov\u00fdch str\u00e1nek, pokud se jedn\u00e1 o pomluvu nebo poru\u0161en\u00ed soukrom\u00ed. V MONOLITH LAW OFFICE se specializujeme na pr\u00e1vn\u00ed ot\u00e1zky souvisej\u00edc\u00ed s internetem a \u00fasp\u011b\u0161n\u011b jsme \u0159e\u0161ili mnoho p\u0159\u00edpad\u016f odstran\u011bn\u00ed \u0161kodliv\u00fdch informac\u00ed z internetu.<\/p>\n\t\t\t\t<p class=\"mgb-middle\">D\u00edky na\u0161im bohat\u00fdm zku\u0161enostem s internetem a hlubok\u00e9mu porozum\u011bn\u00ed japonsk\u00fdm pr\u00e1vn\u00edm princip\u016fm na\u0161emu \u0161irok\u00e9mu spektru klient\u016f, v\u010detn\u011b velk\u00fdch korporac\u00ed a jednotlivc\u016f, pom\u00e1h\u00e1me efektivn\u011b \u010delit negativn\u00edm webov\u00fdm str\u00e1nk\u00e1m. Prost\u0159ednictv\u00edm strategick\u00fdch pr\u00e1vn\u00edch z\u00e1sah\u016f usilovn\u011b pracujeme na ochran\u011b pov\u011bsti na\u0161ich klient\u016f a minimalizaci \u0161kod zp\u016fsoben\u00fdch pomlouva\u010dn\u00fdm nebo zasahuj\u00edc\u00edm do soukrom\u00ed obsahem.<\/p>\n\t\t\t\t<div class=\"btn-area align-left\">\n\t\t\t\t\t<div class=\"btn icon-mitigating-reputational-damage\"><a href=\"\/cs\/mitigating-reputational-damage\/\">Minimalizace<br>po\u0161kozen\u00ed pov\u011bsti<\/a><\/div>\n\t\t\t\t<\/div>\n\t\t\t<\/div>\n\t\t<\/div>\n\t<\/div>\n<\/section>\n\n<section class=\"white-section\">\n\t<div class=\"anchor\" id=\"id-of-the-defamatory-statement\"><\/div>\n\t<div class=\"section-inner\">\n\t\t<div class=\"flex\">\n\t\t\t<div class=\"width41\"><img decoding=\"async\" src=\"\/wp-content\/themes\/monolith2021\/img\/pic\/pic_reputation.jpg\" alt=\"ID zdroje pomlouva\u010dn\u00e9ho prohl\u00e1\u0161en\u00ed\"><\/div>\n\t\t\t<div class=\"width51\">\n\t\t\t\t<h3>Identifikace hanliv\u00e9ho prohl\u00e1\u0161en\u00ed<\/h3>\n\t\t\t\t<p class=\"mgb-small\">Podle japonsk\u00e9ho pr\u00e1va lze identifikovat jednotlivce odpov\u011bdn\u00e9 za neleg\u00e1ln\u00ed p\u0159\u00edsp\u011bvky, jako jsou ty, kter\u00e9 p\u0159edstavuj\u00ed pomluvu, prost\u0159ednictv\u00edm ustanoven\u00ed z\u00e1kona o omezen\u00ed odpov\u011bdnosti poskytovatele (Japanese Provider Liability Limitation Act). Tento pr\u00e1vn\u00ed postup se prov\u00e1d\u00ed na japonsk\u00e9m soudu.<\/p>\n\t\t\t\t<p class=\"mgb-middle\">V p\u0159\u00edpadech, kdy se objev\u00ed vysoce zlomysln\u00e9 p\u0159\u00edsp\u011bvky, kter\u00e9 nelze p\u0159ehl\u00e9dnout, jako jsou fale\u0161n\u00e1 obvin\u011bn\u00ed spojuj\u00edc\u00ed majitele podniku s antisoci\u00e1ln\u00edmi silami, je nezbytn\u00e9 identifikovat pachatele a usilovat o p\u0159im\u011b\u0159en\u00e9 pr\u00e1vn\u00ed sankce. Nav\u00edc, kdy\u017e se neleg\u00e1ln\u00ed p\u0159\u00edsp\u011bvky objevuj\u00ed opakovan\u011b, m\u011bly by b\u00fdt vynalo\u017eeny \u00fasil\u00ed na jejich identifikaci a prevenci recidivy.<\/p>\n\t\t\t\t<div class=\"btn-area align-left\">\n\t\t\t\t\t<div class=\"btn icon-id-of-the-defamatory-statement\"><a href=\"\/cs\/id-of-the-defamatory-statement\/\">Identifikace pomlouva\u010dn\u00e9ho<br>prohl\u00e1\u0161en\u00ed<\/a><\/div>\n\t\t\t\t<\/div>\n\t\t\t<\/div>\n\t\t<\/div>\n\t<\/div>\n<\/section>\n\n<section class=\"orange-section\">\n\t<div class=\"anchor\" id=\"corporate-reputation-management\"><\/div>\n\t<div class=\"section-inner\">\n\t\t<div class=\"flex reverse\">\n\t\t\t<div class=\"width41\"><img decoding=\"async\" src=\"\/en\/wp-content\/uploads\/sites\/6\/2023\/06\/pic_practices-listedcompany.jpg\" alt=\"Spr\u00e1va firemn\u00ed reputace\"><\/div>\n\t\t\t<div class=\"width51\">\n\t\t\t\t<h3>\u0158\u00edzen\u00ed firemn\u00ed reputace<\/h3>\n\t\t\t\t<p class=\"mgb-small\">Kdy\u017e se velk\u00e1 spole\u010dnost pot\u00fdk\u00e1 s po\u0161kozen\u00edm sv\u00e9 reputace kv\u016fli mnoha negativn\u00edm webov\u00fdm str\u00e1nk\u00e1m na internetu, \u0159e\u0161en\u00ed t\u00e9to problematiky se st\u00e1v\u00e1 slo\u017eit\u00fdm. Stanoven\u00ed priorit, kter\u00e9 str\u00e1nky odstranit, a hodnocen\u00ed n\u00e1kladov\u00e9 efektivity odstra\u0148ovac\u00edch snah p\u0159edstavuj\u00ed v\u00fdznamn\u00e9 v\u00fdzvy. Jako pr\u00e1vn\u00ed kancel\u00e1\u0159 vybaven\u00e1 jak pr\u00e1vn\u00edmi znalostmi, tak IT konzultacemi, nab\u00edz\u00edme komplexn\u00ed \u0159e\u0161en\u00ed p\u0159izp\u016fsoben\u00e9 t\u011bmto slo\u017eit\u00fdm sc\u00e9n\u00e1\u0159\u016fm.<\/p>\n\t\t\t\t<p>N\u00e1\u0161 t\u00fdm pr\u00e1vn\u00edk\u016f a IT konzultant\u016f poskytuje odborn\u00e9 znalosti v oblasti stanoven\u00ed priorit, n\u00e1vrhu kl\u00ed\u010dov\u00fdch v\u00fdkonnostn\u00edch ukazatel\u016f (KPI) a odhadu pom\u011bru n\u00e1klad\u016f a p\u0159\u00ednos\u016f v souvislosti s rozd\u011blen\u00edm rozpo\u010dtu. P\u0159istupujeme k situaci podobn\u011b jako konzulta\u010dn\u00ed firmy, nab\u00edz\u00edme strategick\u00e9 veden\u00ed a anal\u00fdzu pro efektivn\u00ed navigaci v procesu.<\/p>\n\t\t\t<\/div>\n\t\t<\/div>\n\t<\/div>\n<\/section>\n\n<section class=\"white-section\">\n\t<div class=\"anchor\" id=\"removal-of-past-unwanted-info\"><\/div>\n\t<div class=\"section-inner\">\n\t\t<div class=\"flex\">\n\t\t\t<div class=\"width41\"><img decoding=\"async\" src=\"\/en\/wp-content\/uploads\/sites\/6\/2023\/06\/pastunwantedcontent.jpg\" alt=\"Odstran\u011bn\u00ed ne\u017e\u00e1douc\u00edho obsahu z minulosti\"><\/div>\n\t\t\t<div class=\"width51\">\n\t\t\t\t<h3>Odstran\u011bn\u00ed ne\u017e\u00e1douc\u00edch informac\u00ed z minulosti<\/h3>\n\t\t\t\t<p class=\"mgb-small\">Pr\u00e1vnick\u00e1 kancel\u00e1\u0159 MONOLITH LAW OFFICE se specializuje na \u0159e\u0161en\u00ed v\u00fdzev spojen\u00fdch s \u0159\u00edzen\u00edm online p\u0159\u00edtomnosti, zejm\u00e9na pro jednotlivce zapojen\u00e9 do z\u00e1bavn\u00edho pr\u016fmyslu. Ch\u00e1peme, \u017ee informace, a\u0165 u\u017e ofici\u00e1ln\u00ed nebo neofici\u00e1ln\u00ed, mohou m\u00edt trval\u00fd dopad na osobn\u00ed a profesn\u00ed \u017eivot. Na\u0161e firma nab\u00edz\u00ed komplexn\u00ed \u0159e\u0161en\u00ed pro \u0159e\u0161en\u00ed t\u011bchto obav, vyu\u017e\u00edvaj\u00edc\u00ed jedine\u010dnou kombinaci pr\u00e1vn\u00edch znalost\u00ed a informa\u010dn\u00edch technologi\u00ed. A\u0165 u\u017e jde o odstran\u011bn\u00ed ne\u017e\u00e1douc\u00edho obsahu, spr\u00e1vu digit\u00e1ln\u00edch stop nebo navigaci v ot\u00e1zk\u00e1ch &#8220;pr\u00e1va b\u00fdt zapomenut&#8221;, poskytujeme komplexn\u00ed \u0159e\u0161en\u00ed pro ochranu va\u0161\u00ed online reputace.<\/p>\n\t\t\t\t<p>Sv\u011b\u0159te ochranu sv\u00e9ho soukrom\u00ed a zaji\u0161t\u011bn\u00ed plynul\u00e9ho p\u0159echodu k va\u0161im budouc\u00edm z\u00e1m\u011br\u016fm pr\u00e1vnick\u00e9 kancel\u00e1\u0159i MONOLITH LAW OFFICE.<\/p>\n\t\t\t<\/div>\n\t\t<\/div>\n\t<\/div>\n<\/section>\n\n<section class=\"purple2-section\">\n\t<div class=\"anchor\" id=\"monolith-law-magazine\"><\/div>\n\t<div class=\"section-inner\">\n\t\t    <section class=\"white-section temp-article\">\n        <div class=\"section-inner\">\n            <h4>MONOLITH LAW MAGAZINE<\/h4>\n            <div class=\"articles type_practice_column\">\n                                                                    <div class=\"article article-area\">\n                        <figure>\n                            <div class=\"img-wrap\">\n                                <img alt=\"Do jak\u00e9 m\u00edry je povolena podobnost ochrann\u00fdch zn\u00e1mek? Krit\u00e9ria podobnosti a vysv\u011btlen\u00ed p\u0159\u00edpad\u016f poru\u0161en\u00ed pr\u00e1v k ochrann\u00fdm zn\u00e1mk\u00e1m\" src=\"https:\/\/monolith.law\/cs\/wp-content\/uploads\/sites\/34\/2025\/08\/eac576e0765af2cac6d210d899b2d93d.webp\" width=\"500\" height=\"250\">\n                            <\/div>\n                            <figcaption>\n                                <div class=\"figcaption-inner\">\n                                    <h3>Do jak\u00e9 m\u00edry je povolena podobnost ochrann\u00fdch zn\u00e1mek? Krit\u00e9ria podobnosti a vysv.<\/h3>\n                                <\/div>\n                            <\/figcaption>\n                            <a href=\"https:\/\/monolith.law\/cs\/internet\/trademark-infringement\"><\/a>\n                        <\/figure>\n                    <\/div>\n                                                    <div class=\"article article-area\">\n                        <figure>\n                            <div class=\"img-wrap\">\n                                <img alt=\"Jak\u00e9 jsou pr\u00e1vn\u00ed odpov\u011bdnosti za \u0161\u00ed\u0159en\u00ed a roz\u0161i\u0159ov\u00e1n\u00ed dezinformac\u00ed? Vysv\u011btlen\u00ed dvou typ\u016f trestn\u00ed odpov\u011bdnosti na z\u00e1klad\u011b p\u0159\u00edpad\u016f zat\u010den\u00ed\" src=\"https:\/\/monolith.law\/cs\/wp-content\/uploads\/sites\/34\/2025\/08\/7d8b9299c2a15a801c04913ba0d80d99.webp\" width=\"500\" height=\"250\">\n                            <\/div>\n                            <figcaption>\n                                <div class=\"figcaption-inner\">\n                                    <h3>Jak\u00e9 jsou pr\u00e1vn\u00ed odpov\u011bdnosti za \u0161\u00ed\u0159en\u00ed a roz\u0161i\u0159ov\u00e1n\u00ed dezinformac\u00ed? Vysv\u011btlen\u00ed d.<\/h3>\n                                <\/div>\n                            <\/figcaption>\n                            <a href=\"https:\/\/monolith.law\/cs\/internet\/false-information-criminal-liability\"><\/a>\n                        <\/figure>\n                    <\/div>\n                                                    <div class=\"article article-area\">\n                        <figure>\n                            <div class=\"img-wrap\">\n                                <img alt=\"Pro\u010d jsou \u00fa\u010dty Meta n\u00e1hle pozastaveny nebo zmrazeny? Podm\u00ednky slu\u017eby Facebooku a Instagramu a jak proti tomu bojovat\" src=\"https:\/\/monolith.law\/cs\/wp-content\/uploads\/sites\/34\/2025\/08\/meta_ban.jpg\" width=\"500\" height=\"250\">\n                            <\/div>\n                            <figcaption>\n                                <div class=\"figcaption-inner\">\n                                    <h3>Pro\u010d jsou \u00fa\u010dty Meta n\u00e1hle pozastaveny nebo zmrazeny? Podm\u00ednky slu\u017eby Facebooku a.<\/h3>\n                                <\/div>\n                            <\/figcaption>\n                            <a href=\"https:\/\/monolith.law\/cs\/internet\/meta-account-ban\"><\/a>\n                        <\/figure>\n                    <\/div>\n                                            <\/div>\n            <div class=\"btn-more\"><a href=\"https:\/\/monolith.law\/cs\/tag\/internet\">Read More<\/a><\/div>\n        <\/div>\n    <\/section>\n\t<\/div>\n<\/section>\n\n<section class=\"orange2-section\">\n\t<div class=\"anchor\" id=\"fee-structure\"><\/div>\n\t<div class=\"section-inner\">\n\t<div class=\"planWrap\">\n\t<h3>Struktura poplatk\u016f<\/h3>\n\t<ul class=\"plan\">\n\t\t<li class=\"txt-left\">\n\t\t\t<div class=\"plan-inner\">\n\t\t\t<div class=\"plan-header\">\n\t\t\t<h4 class=\"plan-title\">Hodinov\u00e1 sazba<\/h4>\n\t\t\t<div class=\"plan-price\"><span class=\"price-figure\">$300<\/span>za hodinu<span class=\"price-tax\"><\/span><\/div>\n\t\t\t<\/div>\n\t\t\t<div class=\"plan-body\">V ur\u010dit\u00fdch p\u0159\u00edpadech m\u016f\u017eeme zv\u00e1\u017eit p\u0159ijet\u00ed sporu nebo soudn\u00edho \u0159\u00edzen\u00ed s po\u010d\u00e1te\u010dn\u00edm poplatkem a \u00fasp\u011b\u0161nostn\u00ed odm\u011bnou. Pro v\u00edce informac\u00ed n\u00e1s nev\u00e1hejte kontaktovat.<\/div>\n\t\t\t<\/div>\n\t\t<\/li>\n\t\t<li class=\"txt-left\">\n\t\t\t<div class=\"plan-inner\">\n\t\t\t<div class=\"plan-header\">\n\t\t\t<h4 class=\"plan-title\">Sestavov\u00e1n\u00ed smluv<\/h4>\n\t\t\t<div class=\"plan-price\"><span class=\"price-value\">od<\/span><span class=\"price-figure\">$500<\/span><span class=\"price-value\">do $2,000 nebo v\u00edce<\/span><span class=\"price-tax\"><\/span><\/div>\n\t\t\t<\/div>\n\t\t\t<div class=\"plan-body\">Cenov\u00e1 struktura se m\u016f\u017ee li\u0161it v z\u00e1vislosti na typu a mno\u017estv\u00ed smluv. R\u00e1di v\u00e1m poskytneme p\u0159edb\u011b\u017en\u00fd odhad na vy\u017e\u00e1d\u00e1n\u00ed, proto n\u00e1s nev\u00e1hejte kontaktovat pro dal\u0161\u00ed informace.<\/div>\n\t\t\t<\/div>\n\t\t<\/li>\n\t\t<li class=\"txt-left\">\n\t\t\t<div class=\"plan-inner\">\n\t\t\t<div class=\"plan-header\">\n\t\t\t<h4 class=\"plan-title\">Dal\u0161\u00ed slu\u017eby<\/h4>\n\t\t\t<div class=\"plan-price\"><span class=\"price-figure\">Kontaktujte n\u00e1s<\/span><\/div>\n\t\t\t<\/div>\n\t\t\t<div class=\"plan-body\">Nab\u00edz\u00edme \u0161irokou \u0161k\u00e1lu slu\u017eeb v\u010detn\u011b zakl\u00e1d\u00e1n\u00ed spole\u010dnost\u00ed, p\u0159ezkumu smluv, pr\u00e1vn\u00edch stanovisek, p\u0159ezkumu p\u0159\u00edpad\u016f nebo v\u00fdzkumn\u00fdch dopis\u016f. Pokud m\u00e1te jak\u00e9koli dotazy nebo obavy, srde\u010dn\u011b v\u00e1s zveme, abyste n\u00e1s kontaktovali a n\u00e1\u0161 zku\u0161en\u00fd t\u00fdm v\u00e1m r\u00e1d pom\u016f\u017ee.<\/div>\n\t\t\t<\/div>\n\t\t\t<\/div>\n\t\t<\/li>\n\t<\/ul>\n\t<\/div>\n\t<\/div>\n<\/section>\n\n<section class=\"white-section\">\n\t<div class=\"section-inner\">\n\t\t<div class=\"btn-area\">\n\t\t\t<div class=\"btn icon-contact\"><a href=\"\/cs\/contact\">Kontaktujte n\u00e1s<\/a><\/div>\n\t\t<\/div>\n\t<\/div>\n<\/section>\n","protected":false},"excerpt":{"rendered":"<p>Internet Jako pr\u00e1vn\u00ed firma s v\u00fdraznou odbornost\u00ed v oblasti IT m\u00e1me prok\u00e1zan\u00e9 zku\u0161enosti s poskytov\u00e1n\u00edm komplexn\u00ed pr\u00e1vn\u00ed podpory podnikatel\u016fm v internetov\u00e9m pr\u016fmyslu, v\u010detn\u011b YouTuber\u016f. Specializujeme s [&hellip;]<\/p>\n","protected":false},"author":1,"featured_media":57159,"parent":0,"menu_order":0,"comment_status":"closed","ping_status":"closed","template":"other-page-temp.php","meta":{"footnotes":""},"acf":[],"_links":{"self":[{"href":"https:\/\/monolith.law\/cs\/wp-json\/wp\/v2\/pages\/56080"}],"collection":[{"href":"https:\/\/monolith.law\/cs\/wp-json\/wp\/v2\/pages"}],"about":[{"href":"https:\/\/monolith.law\/cs\/wp-json\/wp\/v2\/types\/page"}],"author":[{"embeddable":true,"href":"https:\/\/monolith.law\/cs\/wp-json\/wp\/v2\/users\/1"}],"replies":[{"embeddable":true,"href":"https:\/\/monolith.law\/cs\/wp-json\/wp\/v2\/comments?post=56080"}],"version-history":[{"count":30,"href":"https:\/\/monolith.law\/cs\/wp-json\/wp\/v2\/pages\/56080\/revisions"}],"predecessor-version":[{"id":64665,"href":"https:\/\/monolith.law\/cs\/wp-json\/wp\/v2\/pages\/56080\/revisions\/64665"}],"wp:featuredmedia":[{"embeddable":true,"href":"https:\/\/monolith.law\/cs\/wp-json\/wp\/v2\/media\/57159"}],"wp:attachment":[{"href":"https:\/\/monolith.law\/cs\/wp-json\/wp\/v2\/media?parent=56080"}],"curies":[{"name":"wp","href":"https:\/\/api.w.org\/{rel}","templated":true}]}}