{"id":25864,"date":"2021-01-09T01:19:39","date_gmt":"2021-01-08T16:19:39","guid":{"rendered":"https:\/\/monolith.law\/?page_id=25864"},"modified":"2023-12-20T18:02:44","modified_gmt":"2023-12-20T09:02:44","slug":"access","status":"publish","type":"page","link":"https:\/\/monolith.law\/da\/access","title":{"rendered":"Adgang"},"content":{"rendered":"\n<section class=\"heading-area\">\n\t<div class=\"heading-area-inner\">\n\t\t<h2 class=\"icon-access\">Adgang<\/h2>\n\t<\/div>\n<\/section>\n<section class=\"second-nav\">\n\t<div class=\"second-nav-inner\">\n\t\t<p>EMNER<\/p>\n\t\t<nav>\n\t\t\t<ul>\n\t\t\t\t<li><a href=\"#law-firm-with-strength-in-it-internet-and-business\">Advokatfirma med styrker i IT, Internet og Forretning.<\/a><\/li>\n\t\t\t\t<li><a href=\"#access-map\">Adgangskort<\/a><\/li>\n\t\t\t\t<li><a href=\"#expansion-and-relocation-to-otemachi-financial-city\">Ekspansion og Flytning til Otemachi Financial City<\/a><\/li>\n\t\t\t<\/ul>\n\t\t<\/nav>\n\t<\/div>\n<\/section>\n<section class=\"white-section\">\n\t<div class=\"anchor\" id=\"law-firm-with-strength-in-it-internet-and-business\"><\/div>\n\t<div class=\"section-inner\">\n\t\t<div class=\"flex\">\n\t\t\t<div class=\"width41\"><img decoding=\"async\" src=\"\/wp-content\/themes\/monolith2021\/img\/access\/access_pic1.jpg\" alt=\"Law Firm with Strength in IT, Internet, and Business\"><\/div>\n\t\t\t<div class=\"width51\">\n\t\t\t\t<h3>Advokatfirma med styrker i<br>IT, Internet og Forretning<\/h3>\n\t\t\t\t<p class=\"mgb-small\">MONOLITH LAW OFFICE er et advokatfirma beliggende i Otemachi, Chiyoda-ku, Tokyo, Japan. Det har direkte adgang til Otemachi Station og ligger 7 minutters gang fra Tokyo Station.<\/p>\n\t\t\t\t<p class=\"mgb-small\">Vi har fungeret som juridisk r\u00e5dgiver (inklusive forskellige kontrakter med direkt\u00f8rer, ledende medarbejdere osv.) for 1087 virksomheder, lige fra virksomheder noteret p\u00e5 TSE prime til venturefirmaer i startfasen. Vores arbejde relateret til IT\/Internet inkluderer forebyggelse af omd\u00f8mmeskader, anti-diffamation og tvister relateret til systemudvikling. Vi tilbyder ogs\u00e5 juridiske tjenester relateret til startup-virksomheder, hvilket inkluderer investeringer p\u00e5 100 millioner yen eller mere fra TSE-noterede selskaber og M&amp;A af venturevirksomheder. Indtil nu har vi leveret juridiske tjenester til 1855 klienter.<\/p>\n\t\t\t\t<p class=\"mgb-middle\">&#8220;At forst\u00e5 IT og forretning&#8221; er det, der g\u00f8r os specielle.&#8221;<\/p>\n\t\t\t\t<div class=\"btn-area\">\n\t\t\t\t\t<div class=\"btn icon-services\"><a href=\"\/da\/services\">Tjenester<\/a><\/div>\n\t\t\t\t\t<div class=\"btn icon-overview-of-our-firm\"><a href=\"\/da\/overview-of-our-firm\">Oversigt over Vores Firma<\/a><\/div>\n\t\t\t\t<\/div>\n\t\t\t<\/div>\n\t\t<\/div>\n\t<\/div>\n<\/section>\n<section class=\"purple-section\">\n\t<div class=\"anchor\" id=\"access-map\"><\/div>\n\t<div class=\"section-inner\">\n\t\t<div class=\"flex reverse\">\n\t\t\t<div class=\"width41\"><img decoding=\"async\" src=\"\/wp-content\/themes\/monolith2021\/img\/about\/about_pic2.jpg\" alt=\"MONOLITH LAW OFFICE\"><\/div>\n\t\t\t<div class=\"width51\">\n\t\t\t\t<h3>MONOLITH LAW OFFICE (Otemachi-kontor)<\/h3>\n\t\t\t\t<p><a href=\"https:\/\/goo.gl\/maps\/YfcgPhBgXFyg1hHF6\" target=\"_blank\" rel=\"noopener noreferrer\">21\/F Financial City North Tower 1-9-5 Otemachi, Chiyoda-ku Tokyo 100-0004, Japan<\/a><\/p>\n\t\t\t\t<p>Tokyo Metro Marunouchi Line, Tozai Line, Chiyoda Line, Hanzomon Line, Toei Subway Mita Line <\/p>\n\t\t\t\t<p class=\"mgb-small\"><a href=\"https:\/\/www.tokyometro.jp\/station\/otemachi\/yardmap\/index.html\" target=\"_blank\" rel=\"noopener noreferrer\">Direkte adgang fra Udgang A1 p\u00e5 Otemachi Station <\/a><\/p>\n\t\t\t\t<p>Shinkansen: Tohoku Shinkansen, Joetsu Shinkansen, Hokuriku Shinkansen, Hokkaido Shinkansen, Yamagata Shinkansen, Akita Shinkansen, JR Tokaido Line, Keihin Tohoku Line, Yamanote Line, Chuo Line, Yokosuka Line, Keiyo Line, Tokyo Metro Marunouchi Line <\/p>\n\t\t\t\t<p class=\"mgb-small\"><a href=\"https:\/\/www.tokyometro.jp\/station\/tokyo\/index.html\" target=\"_blank\" rel=\"noopener noreferrer\">7 minutters gang fra Tokyo Station Marunouchi North Exit <\/a><\/p>\n\t\t\t\t<p>Otemachi Financial City Parkering <\/p>\n\t\t\t\t<p class=\"mgb-middle\"><a href=\"https:\/\/www.otemachi-financialcity.jp\/access\/\">1-9-5, 1-9-7, Otemachi, Chiyoda-ku, Tokyo<\/a><\/p>\n\t\t\t\t<div class=\"btn-area align-left\">\n\t\t\t\t\t<div class=\"btn icon-contact\"><a href=\"\/da\/contact\">Kontakt Os<\/a><\/div>\n\t\t\t\t<\/div>\n\t\t\t<\/div>\n\t\t<\/div>\n\t<\/div>\n<\/section>\t \n<section class=\"google-maps\"><iframe src=\"https:\/\/www.google.com\/maps\/embed?pb=!1m14!1m8!1m3!1d6481.0831691811345!2d139.765927!3d35.688288!3m2!1i1024!2i768!4f13.1!3m3!1m2!1s0x60188cec724a6ae9%3A0x6efbadeb18528c88!2sMonolith%20Law%20Office!5e0!3m2!1sda!2sjp!4v1697691428357!5m2!1sda!2sjp\" width=\"600\" height=\"450\" style=\"border:0;\" allowfullscreen=\"\" loading=\"lazy\" referrerpolicy=\"no-referrer-when-downgrade\"><\/iframe><\/section>\n<section class=\"white-section\">\n\t<div class=\"anchor\" id=\"expansion-and-relocation-to-otemachi-financial-city\"><\/div>\n\t<div class=\"section-inner\">\n\t\t<div class=\"flex\">\n\t\t\t<div class=\"width41\"><img decoding=\"async\" src=\"\/wp-content\/uploads\/2022\/11\/financialcity.jpg\" alt=\"Expansion and Relocation to Otemachi Financial City\"><\/div>\n\t\t\t<div class=\"width51\">\n\t\t\t\t<h3>Ekspansion og Flytning til Otemachi Financial City<\/h3>\n\t\t\t\t<p class=\"mgb-small\">Efter \u00e5bningen i Yotsuya, Shinjuku-ku, Tokyo i marts 2017, flyttede MONOLITH LAW OFFICE til Otemachi (Asahi Seimei Otemachi Building) i august 2018, takket v\u00e6re jeres st\u00f8tte, og blev inkorporeret som et advokatfirma i marts 2020. I december 2020 \u00e5bnede vi en filial p\u00e5 29. etage i samme bygning som vores Otemachi-kontor (Asahi Seimei Otemachi Building).<\/p>\n\t\t\t\t<p class=\"mgb-small\">Derefter udvidede og flyttede vi til Otemachi Financial City i september 2022.<\/p>\n\t\t\t\t<p class=\"mgb-small\">Vi ser frem til at arbejde sammen med jer.<\/p>\n\t\t\t<\/div>\n\t\t<\/div>\n\t<\/div>\n<\/section>\n","protected":false},"excerpt":{"rendered":"<p>Adgang EMNER Advokatfirma med styrker i IT, Internet og Forretning. Adgangskort Ekspansion og Flytning til Otemachi Financial City Advokatfirma med styrker iIT, Internet og Forretning MONOLITH LAW OFF [&hellip;]<\/p>\n","protected":false},"author":1,"featured_media":57041,"parent":0,"menu_order":10,"comment_status":"closed","ping_status":"closed","template":"other-page-temp.php","meta":{"footnotes":""},"acf":[],"_links":{"self":[{"href":"https:\/\/monolith.law\/da\/wp-json\/wp\/v2\/pages\/25864"}],"collection":[{"href":"https:\/\/monolith.law\/da\/wp-json\/wp\/v2\/pages"}],"about":[{"href":"https:\/\/monolith.law\/da\/wp-json\/wp\/v2\/types\/page"}],"author":[{"embeddable":true,"href":"https:\/\/monolith.law\/da\/wp-json\/wp\/v2\/users\/1"}],"replies":[{"embeddable":true,"href":"https:\/\/monolith.law\/da\/wp-json\/wp\/v2\/comments?post=25864"}],"version-history":[{"count":28,"href":"https:\/\/monolith.law\/da\/wp-json\/wp\/v2\/pages\/25864\/revisions"}],"predecessor-version":[{"id":59829,"href":"https:\/\/monolith.law\/da\/wp-json\/wp\/v2\/pages\/25864\/revisions\/59829"}],"wp:featuredmedia":[{"embeddable":true,"href":"https:\/\/monolith.law\/da\/wp-json\/wp\/v2\/media\/57041"}],"wp:attachment":[{"href":"https:\/\/monolith.law\/da\/wp-json\/wp\/v2\/media?parent=25864"}],"curies":[{"name":"wp","href":"https:\/\/api.w.org\/{rel}","templated":true}]}}