{"id":30628,"date":"2021-02-27T22:20:08","date_gmt":"2021-02-27T13:20:08","guid":{"rendered":"https:\/\/monolith.law\/?page_id=30628"},"modified":"2023-12-01T19:44:38","modified_gmt":"2023-12-01T10:44:38","slug":"contract-drafting-and-review","status":"publish","type":"page","link":"https:\/\/monolith.law\/da\/contract-drafting-and-review","title":{"rendered":"Kontraktudkast og Gennemgang"},"content":{"rendered":"\n<section class=\"heading-area\">\n\t<div class=\"heading-area-inner\">\n\t\t<h2 class=\"icon-contract-drafting-and-review\">Kontraktudkast og Gennemgang<\/h2>\n\t\t<p>Som r\u00e5dgiver for IT- og startupvirksomheder, og lejlighedsvis som IT-r\u00e5dgiver for virksomheder, udarbejder og gennemg\u00e5r vi et bredt udvalg af h\u00f8jt specialiserede IT-relaterede kontrakter. Vores m\u00e5l er at sikre en solid position i et hurtigt skiftende forretningsmilj\u00f8 i Japan<\/p>\n\t<\/div>\n<\/section>\n<section class=\"white-section mgb-section\">\n\t<div class=\"section-inner pdt0 border-bottom-section\">\n\t\t<p>MONOLITH LAW OFFICE fungerer som juridisk r\u00e5dgiver for japanske IT- og startupvirksomheder i forbindelse med forskellige typer kontrakter, herunder outsourcingkontrakter relateret til deres outsourcede operationer, anvendelses- og agenturkontrakter relateret til deres produkter, investeringskontrakter og aktion\u00e6raftaler som kapitalrelaterede kontrakter, samt ans\u00e6ttelseskontrakter som kontrakter relateret til virksomheden. Vi fungerer ogs\u00e5 som IT-advokater for japanske erhvervsvirksomheder.<br>Desuden, som IT-advokater for driftsselskaber, udarbejder og gennemg\u00e5r vi kontrakter relateret til nye IT-relaterede forretninger, kontrakter relateret til outsourcing til IT-virksomheder og andre kontrakter.<\/p>\n\t<\/div>\n<\/section>\n<section class=\"white-section\">\n\t<div class=\"section-inner pdt0\">\n\t\t<h3 class=\"ttl-enjp mgb-middle\"><span class=\"en\"><\/span><span class=\"ja\">Egenskaber ved MONOLITH LAW OFFICE <\/span><\/h3>\n\t\t<ol class=\"practices-list\">\n\t\t\t<li>\n\t\t\t\t<h4><img decoding=\"async\" src=\"\/wp-content\/themes\/monolith_en\/img\/practices\/practices_1_1.svg\" alt=\"1.Start-up Legal Services\"><\/h4>\n\t\t\t\t<img decoding=\"async\" src=\"\/wp-content\/themes\/monolith2021\/img\/practices\/practices_1_1_pic.png\" alt=\"Start-up Legal Services\">\n\t\t\t\t<p>Vi har omfattende erfaring med juridiske tjenester relateret til forretnings- og kapitalforhold, herunder fundraising, forretningsoverdragelser og opk\u00f8b i Japan.\n<\/p>\n\t\t\t<\/li>\n\t\t\t<li>\n\t\t\t\t<h4><img decoding=\"async\" src=\"\/wp-content\/themes\/monolith_en\/img\/practices\/practices_1_2.svg\" alt=\"2.IT and Intellectual Property Legal Services\"><\/h4>\n\t\t\t\t<img decoding=\"async\" src=\"\/wp-content\/themes\/monolith2021\/img\/practices\/practices_1_2_pic.png\" alt=\"IT and Intellectual Property Legal Services\">\n\t\t\t\t<p>Vore advokater, herunder vores stiftende advokat, som tidligere var ingeni\u00f8r, str\u00e6ber efter at opn\u00e5 en dyb forst\u00e5else af dit produkt, nogle gange ved at l\u00e6se koden.\n<\/p>\n\t\t\t<\/li>\n\t\t\t<li>\n\t\t\t\t<h4><img decoding=\"async\" src=\"\/wp-content\/themes\/monolith_en\/img\/practices\/practices_1_3.svg\" alt=\"3.Speed\"><\/h4>\n\t\t\t\t<img decoding=\"async\" src=\"\/wp-content\/themes\/monolith2021\/img\/practices\/practices_1_3_pic.png\" alt=\"Speed\">\n\t\t\t\t<p>Vi forst\u00e5r vigtigheden af at reagere hurtigt p\u00e5 dine forretningsbehov, og vi svarer generelt indenfor en arbejdsdag.<\/p>\n\t\t\t<\/li>\n\t\t\t<li>\n\t\t\t\t<h4><img decoding=\"async\" src=\"\/wp-content\/themes\/monolith_en\/img\/practices\/practices_1_4.svg\" alt=\"4.Corporate Legal Services for Small and Medium Sized Companies\"><\/h4>\n\t\t\t\t<img decoding=\"async\" src=\"\/wp-content\/themes\/monolith2021\/img\/practices\/practices_1_4_pic.png\" alt=\"Corporate Legal Services for Small and Medium Sized Companies\">\n\t\t\t\t<p>Vores stiftende advokat, med erfaring i japansk virksomhedsledelse, forst\u00e5r udfordringerne ved at drive forretning.<\/p>\n\t\t\t<\/li>\n\t\t<\/ol>\n\t<\/div>\n<\/section>\n<section class=\"second-nav\">\n\t<div class=\"second-nav-inner\">\n\t\t<p>EMNER<\/p>\n\t\t<nav>\n\t\t\t<ul>\n\t\t\t\t<li><a href=\"#our-experience-in-contract-drafting-etc\">Vor Erfaring i Kontraktudkast,osv.<\/a><\/li>\n\t\t\t\t<li><a href=\"#handling-more-than-3000-contracts-per-year-as-an-organization\">H\u00e5ndtering af Mere End 3,000 Kontrakter om \u00c5ret<\/a><\/li>\n\t\t\t\t<li><a href=\"#IT-class-anchor\">IT<\/a><\/li>\n\t\t\t\t<li><a href=\"#extensive-experience-in-investment-contracts-etc\">Omfattende Erfaring med Investeringsaftaler,osv.<\/a><\/li>\n\t\t\t\t<li><a href=\"#examples-of-support-provided-by-our-firm\">Eksempler p\u00e5 St\u00f8tte Leveret af MONOLITH LAW OFFICE<\/a><\/li>\n\t\t\t\t<li><a href=\"#monolith-law-magazine\">MONOLITH LAW MAGAZINE<\/a><\/li>\n\t\t\t\t<li><a href=\"#fee-structure-class-anchor\">Gebyrstruktur<\/a><\/li>\n\t\t\t<\/ul>\n\t\t<\/nav>\n\t<\/div>\n<\/section>\n<section class=\"white-section mgt-section mgb-section\">\n\t<div class=\"anchor\" id=\"our-experience-in-contract-drafting-etc\"><\/div>\n\t<div class=\"section-inner-black\">\n\t\t<h3>Vor Erfaring i Kontraktudkast, <br class=\"spOnly\">osv.<\/h3>\n\t\t<p class=\"mgb-middle\">MONOLITH LAW OFFICE, som et advokatfirma specialiseret i \u201cIT, Internet og Forretning\u201d, tilbyder forskellige typer af IT-relaterede og forretningsrelaterede kontraktudkast og gennemgangstjenester. Nogle eksempler p\u00e5 vores service inkluderer, men er ikke begr\u00e6nset til f\u00f8lgende:<\/p>\n\t\t<p class=\"mgb-middle\">SEO Outsourcing Aftale, SNS Drift Outsourcing Aftale, Fusion Aftale, Aktieoverf\u00f8rselsaftale, Aktietegningsaftale, F\u00e6lles Forskningsaftale, Joint Venture Aftale, Serviceaftale, Forretningsalliance Aftale, L\u00e5neaftale, Annonce Outsourcing Aftale, Grundl\u00e6ggende Annonce Transaktionsaftale, R\u00e5dgivningsaftale, Ans\u00e6ttelsesaftale, Konsulent Aftale, Krav Overdragelsesaftale, Sikkerhedsinteresse Overdragelsesaftale, Forretningsoverf\u00f8rselsaftale, Varem\u00e6rkeoverdragelsesaftale, Grundl\u00e6ggende Rekrutteringsaftale, Kapital- og Forretningsalliance Aftale, Begr\u00e6nset Ansvar Aftale, Talenttilknytningsaftale, Fratr\u00e6delsesaftale, Agenturaftale, Ophavsretsoverdragelsesaftale, Investeringsaftale, Grundl\u00e6ggende K\u00f8bsaftale, Distribut\u00f8raftale Ikke-offentligg\u00f8relsesaftale, Franchiseaftale, Generel Abonnementsaftale, Forvaltningsaftale, MEO Aftale, Licensaftale, Arbejder Udsendelsesaftale, Forligsaftale<\/p>\n\t<\/div>\n<\/section>\n<section class=\"purple-section\">\n\t<div class=\"anchor\" id=\"handling-more-than-3000-contracts-per-year-as-an-organization\"><\/div>\n\t<div class=\"section-inner\">\n\t\t<div class=\"flex\">\n\t\t\t<div class=\"width51\">\n\t\t\t\t<h3>H\u00e5ndtering af Mere End 3,000 Kontrakter om \u00c5ret<\/h3>\n\t\t\t\t<p class=\"mgb-small\">MONOLITH LAW OFFICE er en organisation best\u00e5ende af 30 advokater ledet af vores stiftende advokat, en tidligere IT-ingeni\u00f8r og forretningsleder.<\/p>\n\t\t\t\t<p class=\"mgb-small\">Vort firma udarbejder og gennemg\u00e5r mere end 3,000 kontrakter \u00e5rligt, hvilket demonstrerer omfattende erfaring og ekspertise i disse sager.<\/p>\n\t\t\t\t<p>*Graferne er baseret p\u00e5 tal med sk\u00f8n, og der kan v\u00e6re en fejl p\u00e5 op til 20%.<\/p>\n\t\t\t<\/div>\n\t\t\t<div class=\"width41\"><img decoding=\"async\" src=\"\/wp-content\/themes\/monolith_en\/img\/contractcreation\/contractcreation_pic1.png\" alt=\"Handling more than 2,000 contracts per year as an organization\"><\/div>\n\t\t<\/div>\n\t<\/div>\n<\/section>\n\n<section class=\"white-section\">\n\t<div id=\"IT-class-anchor\"><\/div>\n\t<div class=\"section-inner\">\n\t<div class=\"flex\">\n\t<div class=\"width41\"><img decoding=\"async\" src=\"\/wp-content\/themes\/monolith2021\/img\/pic\/pic_practices-itlaw.jpg\" alt=\"IT\" \/><\/div>\n\t<div class=\"width51\">\n\t\t<h3>IT<\/h3>\n\t\t<p class=\"mgb-middle\">MONOLITH LAW OFFICE specialiserer sig i IT-lovgivning og yder omfattende juridisk st\u00f8tte til forskellige IT-virksomheder. Vores ekspertise omfatter udarbejdelse af kontrakter relateret til sk\u00e6ringspunktsteknologier, samt investering og M&amp;A transaktioner involverende opstartsvirksomheder. Med vores brede erfaring inden for kontraktudkastning, is\u00e6r inden for IT-sektoren, er vi godt rustede til at im\u00f8dekomme de unikke juridiske behov fra teknologidrevne virksomheder.<\/p>\n\t\t<div class=\"btn-area align-left\">\n\t\t\t<div class=\"btn icon-it\"><a href=\"\/da\/it\">IT<\/a><\/div>\n\t\t<\/div>\n\t<\/div>\n\t<\/div>\n\t<\/div>\n<\/section>\n\n<section class=\"white-section\">\n\t<div class=\"anchor\" id=\"extensive-experience-in-investment-contracts-etc\"><\/div>\n\t<div class=\"section-inner-black\">\n\t\t<h3>Omfattende Erfaring med Investeringsaftaler,  osv.<\/h3>\n\t\t<p class=\"mgb-middle\">Med hensyn til udstedelse af aktier gennem tildeling til tredjepart h\u00e5ndterer vi alt fra forberedelse af termsheets til udarbejdelse af investeringsaftaler og aktion\u00e6raftaler. Vi h\u00e5ndterer ogs\u00e5 design af klasseaktier, der fasts\u00e6tter foretrukket distribution, osv., udstedelse af aktiek\u00f8bsrettigheder, stifter-til-stifter aftaler, overf\u00f8rsel af aktier og forskellige andre kapitalrelaterede strategier og kontrakter,osv.<\/p>\n\t<\/div>\n<\/section>\n\n<section class=\"orange-section mgt-section\">\n\t<div class=\"anchor\" id=\"examples-of-support-provided-by-our-firm\"><\/div>\n\t<div class=\"section-inner\">\n\t\t<h3 class=\"mgb-middle\">Eksempler p\u00e5 St\u00f8tte Leveret af MONOLITH LAW OFFICE<\/h3>\n\t\t<p class=\"mgb-middle\">MONOLITH LAW OFFICE har fungeret som juridisk r\u00e5dgiver for japanske IT- og startup-virksomheder i forbindelse med forskellige typer kontrakter, herunder outsourcingkontrakter for outsourcede operationer, brugs- og agenturaftaler for virksomhedsprodukter, investeringsaftaler og aktion\u00e6raftaler for kapitalrelaterede kontrakter, og ans\u00e6ttelsesaftaler for virksomhedsrelaterede kontrakter. Vi fungerer ogs\u00e5 som IT-advokater for erhvervsvirksomheder i Japan, udarbejder og gennemg\u00e5r kontrakter for nye IT-relaterede forretninger og kontrakter relateret til IT-virksomheder.<\/p>\n\t\t<div class=\"white-base\">\n\t\t\t<ul>\n\t\t\t\t<li class=\"mgb-small\">\n\t\t\t\t\t<figure><img decoding=\"async\" alt=\"HAZAMA ANDO CORPORATION\" src=\"\/wp-content\/themes\/monolith2021\/img\/clients\/logo_andohazama.png\"><\/figure>\n\t\t\t\t\t<h4 class=\"mgt-small mgb-small\">HAZAMA ANDO CORPORATION<\/h4>\n\t\t\t\t\t<p>Vores firma udarbejdede en IT-relateret kontrakt for denne klient, en st\u00f8rre entrepren\u00f8rvirksomhed noteret p\u00e5 Tokyo Stock Exchange Prime.<\/p>\n\t\t\t\t<\/li>\n\t\t\t\t<li class=\"mgb-small\">\n\t\t\t\t\t<figure><img decoding=\"async\" alt=\"Gftd Japan\n\" src=\"\/wp-content\/themes\/monolith2021\/img\/clients\/logo_gftd.png\"><\/figure>\n\t\t\t\t\t<h4 class=\"mgt-small mgb-small\">Gftd Japan<\/h4>\n\t\t\t\t\t<p>Gftd Japan er en blockchain-relateret opstartsvirksomhed, for hvilken vi har udarbejdet forskellige typer af kontrakter, fra forretningsrelaterede kontrakter til ans\u00e6ttelsesrelaterede kontrakter.<\/p>\n\t\t\t\t<\/li>\n\t\t\t\t<li class=\"mgb-small\">\n\t\t\t\t\t<figure><img decoding=\"async\" alt=\"TOKIUM Inc.\" src=\"\/wp-content\/uploads\/2022\/04\/logo_tokium.png\"><\/figure>\n\t\t\t\t\t<h4 class=\"mgt-small mgb-small\">TOKIUM Inc.<\/h4>\n\t\t\t\t\t<p>Tokium er en fintech-relateret opstartsvirksomhed, for hvilken vi udarbejdede kontrakter sp\u00e6ndende fra kapital- og forretningsallianceaftaler til forretningsrelaterede aftaler.<\/p>\n\t\t\t\t<\/li>\n\t\t\t\t<li class=\"mgb-small\">\n\t\t\t\t\t<figure><img decoding=\"async\" alt=\"MI-6 Ltd.\" src=\"\/wp-content\/themes\/monolith2021\/img\/clients\/logo_mi-6.png\"><\/figure>\n\t\t\t\t\t<h4 class=\"mgt-small mgb-small\">MI-6 Ltd.<\/h4>\n\t\t\t\t\t<p>Vores firma forberedte investeringskontrakter, J-KISS type aktieoptionsudstedelser, og f\u00e6lles forskningsrelaterede kontrakter.<\/p>\n\t\t\t\t<\/li>\n\t\t\t<\/ul><p class=\"mgb-small\">\n\t\t<p class=\"txt-s\">*We are responsible for many other clients&#8217; projects. We only list some of our clients who have given us permission to disclose their status as clients (or are registered as a board member). As a general rule, client confidentiality is upheld under the duty of confidentiality.<\/p>\n\t<\/div><\/div>\n<\/section>\n\n<section class=\"purple2-section\">\n\t<div class=\"anchor\" id=\"monolith-law-magazine\"><\/div>\n\t<div class=\"section-inner\">\n\t\t    <section class=\"white-section temp-article\">\n        <div class=\"section-inner\">\n            <h4>MONOLITH LAW MAGAZINE<\/h4>\n            <div class=\"articles type_practice_column\">\n                                                                    <div class=\"article article-area\">\n                        <figure>\n                            <div class=\"img-wrap\">\n                                <img alt=\"Forklaring af sanktioner for overtr\u00e6delse af den nye freelance-lov baseret p\u00e5 tre eksempler\" src=\"https:\/\/monolith.law\/da\/wp-content\/uploads\/sites\/13\/2025\/08\/6d129f9213bc4489ca4b5e0a5df7378f.webp\" width=\"500\" height=\"250\">\n                            <\/div>\n                            <figcaption>\n                                <div class=\"figcaption-inner\">\n                                    <h3>Forklaring af sanktioner for overtr\u00e6delse af den nye freelance-lov baseret p\u00e5 tr.<\/h3>\n                                <\/div>\n                            <\/figcaption>\n                            <a href=\"https:\/\/monolith.law\/da\/general-corporate\/freelance-law-penalties\"><\/a>\n                        <\/figure>\n                    <\/div>\n                                                    <div class=\"article article-area\">\n                        <figure>\n                            <div class=\"img-wrap\">\n                                <img alt=\"Hvad er den nye freelance lov? Forklaring af tjekpunkter baseret p\u00e5 en pr\u00f8vekontrakt tilpasset den nye lov\" src=\"https:\/\/monolith.law\/da\/wp-content\/uploads\/sites\/13\/2025\/08\/873e76645ec995ae22ee695f1ecd9a55.webp\" width=\"500\" height=\"250\">\n                            <\/div>\n                            <figcaption>\n                                <div class=\"figcaption-inner\">\n                                    <h3>Hvad er den nye freelance lov? Forklaring af tjekpunkter baseret p\u00e5 en pr\u00f8vekont.<\/h3>\n                                <\/div>\n                            <\/figcaption>\n                            <a href=\"https:\/\/monolith.law\/da\/general-corporate\/freelance-law-contract\"><\/a>\n                        <\/figure>\n                    <\/div>\n                                                    <div class=\"article article-area\">\n                        <figure>\n                            <div class=\"img-wrap\">\n                                <img alt=\"Juridiske overvejelser om sanktioner i e-sportsorganisationer\" src=\"https:\/\/monolith.law\/da\/wp-content\/uploads\/sites\/13\/2025\/03\/2e4809be8c3a1d0de5a09450af237e34-1024x538.jpg\" width=\"500\" height=\"250\">\n                            <\/div>\n                            <figcaption>\n                                <div class=\"figcaption-inner\">\n                                    <h3>Juridiske overvejelser om sanktioner i e-sportsorganisationer<\/h3>\n                                <\/div>\n                            <\/figcaption>\n                            <a href=\"https:\/\/monolith.law\/da\/general-corporate\/legal-considerations-sanctions-e-sports-organizations\"><\/a>\n                        <\/figure>\n                    <\/div>\n                                            <\/div>\n            <div class=\"btn-more\"><a href=\"https:\/\/monolith.law\/da\/tag\/contract-drafting-and-review\">Read More<\/a><\/div>\n        <\/div>\n    <\/section>\n\t<\/div>\n<\/section>\n\n<section class=\"orange2-section\">\n\t<div id=\"fee-structure-class-anchor\"><\/div>\n\t<div class=\"section-inner\">\n\t<div class=\"planWrap\">\n\t<h3>Gebyrstruktur<\/h3>\n\t<ul class=\"plan\">\n\t\t<li class=\"txt-left\">\n\t\t\t<div class=\"plan-inner\">\n\t\t\t<div class=\"plan-header\">\n\t\t\t<h4 class=\"plan-title\">Timepris<\/h4>\n\t\t\t<div class=\"plan-price\"><span class=\"price-figure\">$300<\/span>per time<span class=\"price-value\"><\/span><\/div>\n\t\t\t<\/div>\n\t\t\t<div class=\"plan-body\">I visse tilf\u00e6lde kan vi overveje at acceptere en tvist eller retssag med et opstartshonorar og et succesgebyr. For flere detaljer, er du velkommen til at kontakte os.<\/div>\n\t\t\t<\/div>\n\t\t<\/li>\n\t\t<li class=\"txt-left\">\n\t\t\t<div class=\"plan-inner\">\n\t\t\t<div class=\"plan-header\">\n\t\t\t<h4 class=\"plan-title\">Udarbejdelse af Kontrakter<\/h4>\n\t\t\t<div class=\"plan-price\"><span class=\"price-value\">fra<\/span><span class=\"price-figure\">$500<\/span><span class=\"price-value\"> til $2,000 eller mere<\/span><\/div>\n\t\t\t<\/div>\n\t\t\t<div class=\"plan-body\">Prisstrukturen kan variere afh\u00e6ngigt af kontraktens type og m\u00e6ngde. Vi tilbyder gerne et forel\u00f8bigt sk\u00f8n ved foresp\u00f8rgsel og opfordrer dig til at kontakte os for yderligere detaljer.<\/div>\n\t\t\t<\/div>\n\t\t<\/li>\n\t\t<li class=\"txt-left\">\n\t\t\t<div class=\"plan-inner\">\n\t\t\t<div class=\"plan-header\">\n\t\t\t<h4 class=\"plan-title\">Andre Tjenester<\/h4>\n\t\t\t<div class=\"plan-price\"><span class=\"price-figure\">Kontakt Os<\/span><\/div>\n\t\t\t<\/div>\n\t\t\t<div class=\"plan-body\">Vi tilbyder en bred vifte af tjenester, herunder virksomhedsdannelse, kontraktgennemgang, juridisk udtalelse, sagsanmeldelse eller forskningsbrev. Hvis du har sp\u00f8rgsm\u00e5l eller bekymringer, inviterer vi dig hjerteligt til at kontakte os, og vores kyndige team vil v\u00e6re glade for at hj\u00e6lpe dig.<\/div>\n\t\t\t<\/div>\n\t\t<\/li>\n\t<\/ul>\n\t<\/div>\n\t<\/div>\n<\/section>\n\n<section class=\"white-section\">\n\t<div class=\"section-inner\">\n\t<div class=\"btn-area\">\n\t<div class=\"btn icon-contact\"><a href=\"\/da\/contact\">Kontakt Os<\/a><\/div>\n\t<\/div>\n\t<\/div>\n<\/section>\n","protected":false},"excerpt":{"rendered":"<p>Kontraktudkast og Gennemgang Som r\u00e5dgiver for IT- og startupvirksomheder, og lejlighedsvis som IT-r\u00e5dgiver for virksomheder, udarbejder og gennemg\u00e5r vi et bredt udvalg af h\u00f8jt specialiserede IT-relate [&hellip;]<\/p>\n","protected":false},"author":1,"featured_media":57034,"parent":0,"menu_order":7,"comment_status":"closed","ping_status":"closed","template":"other-page-temp.php","meta":{"footnotes":""},"acf":[],"_links":{"self":[{"href":"https:\/\/monolith.law\/da\/wp-json\/wp\/v2\/pages\/30628"}],"collection":[{"href":"https:\/\/monolith.law\/da\/wp-json\/wp\/v2\/pages"}],"about":[{"href":"https:\/\/monolith.law\/da\/wp-json\/wp\/v2\/types\/page"}],"author":[{"embeddable":true,"href":"https:\/\/monolith.law\/da\/wp-json\/wp\/v2\/users\/1"}],"replies":[{"embeddable":true,"href":"https:\/\/monolith.law\/da\/wp-json\/wp\/v2\/comments?post=30628"}],"version-history":[{"count":100,"href":"https:\/\/monolith.law\/da\/wp-json\/wp\/v2\/pages\/30628\/revisions"}],"predecessor-version":[{"id":59111,"href":"https:\/\/monolith.law\/da\/wp-json\/wp\/v2\/pages\/30628\/revisions\/59111"}],"wp:featuredmedia":[{"embeddable":true,"href":"https:\/\/monolith.law\/da\/wp-json\/wp\/v2\/media\/57034"}],"wp:attachment":[{"href":"https:\/\/monolith.law\/da\/wp-json\/wp\/v2\/media?parent=30628"}],"curies":[{"name":"wp","href":"https:\/\/api.w.org\/{rel}","templated":true}]}}