{"id":30684,"date":"2021-02-28T04:39:20","date_gmt":"2021-02-27T19:39:20","guid":{"rendered":"https:\/\/monolith.law\/?page_id=30684"},"modified":"2023-12-01T19:50:29","modified_gmt":"2023-12-01T10:50:29","slug":"id-of-the-defamatory-statement","status":"publish","type":"page","link":"https:\/\/monolith.law\/da\/id-of-the-defamatory-statement","title":{"rendered":"ID af den \u00c6rekrenkende Udtalelse"},"content":{"rendered":"\n<section class=\"heading-area\">\n\t<div class=\"heading-area-inner\">\n\t\t<h2 class=\"icon-id-of-the-defamatory-statement\">ID af den \u00c6rekrenkende Udtalelse<\/h2>\n\t\t<p>Under japansk lovgivning er det muligt, hvis en virksomhed eller person lider af \u00e6rekrenkelse eller kr\u00e6nkelse af privatlivets fred af en anonym bruger p\u00e5 internettet, at identificere den anonyme ophavsmand gennem forskellige juridiske procedurer faciliteret af retten. Selvom der er tilf\u00e6lde af \u00e6rekrenkelse af anonyme brugere i det japanske online rum, er det muligt at identificere ophavsmanden og forf\u00f8lge et krav om erstatning gennem en advokat.<\/p>\n\t<\/div>\n<\/section>\n\n<section class=\"white-section\">\n\t<div class=\"section-inner pdt0 border-bottom-section\">\n\t\t<p class=\"mgb-small\">Hvis du har v\u00e6ret udsat for \u00e6rekrenkelse af en anonym bruger p\u00e5 internettet og \u00f8nsker at forf\u00f8lge et erstatningskrav, er det n\u00f8dvendigt f\u00f8rst at identificere identiteten af denne bruger. Japansk lovgivning giver juridiske procedurer til identifikation af anonyme brugere p\u00e5 internettet.<\/p>\n\t\t<p>MONOLITH LAW OFFICE er et japansk advokatfirma specialiseret i internetrelaterede sager. Vi har v\u00e6ret engageret i identifikationen af \u00e6rekrenkende ophavsm\u00e6nd baseret p\u00e5 anmodninger fra forskellige klienter, herunder indenlandske b\u00f8rsnoterede virksomheder, prominente ledere og indflydelsesrige individer. Med vores omfattende erfaring og track record er vi udstyret til at h\u00e5ndtere tvister i det japanske online rum.<\/p>\n\t<\/div>\n<\/section>\n\n<section class=\"second-nav\">\n\t<div class=\"second-nav-inner\">\n\t\t<p>EMNER<\/p>\n\t\t<nav>\n\t\t\t<ul>\n\t\t\t\t<li><a href=\"#identification-of-the-defamatory-statement\">IIdentifikation af den \u00c6rekrenkende Udtalelse<\/a><\/li>\n\t\t\t\t<li><a href=\"#examples-of-identifications-by-our-firm-target-sites\">Eksempler p\u00e5 identifikationer fra vores firma: M\u00e5lsider<\/a><\/li>\n\t\t\t\t<li><a href=\"#examples-of-support-provided-by-our-firm\">Eksempler p\u00e5 st\u00f8tte ydet af vores firma<\/a><\/li>\n\t\t\t\t<li><a href=\"#procedures-for-identifying-authors-under-japanese-law\">Procedurer for Identifikation af Forfattere under Japansk Lovgivning<\/a><\/li>\n\t\t\t\t<li><a href=\"#publications-as-a-lawyer-specializing-in-mitigating-reputational-damage\">Publikationer som Advokat Specialiseret i at Afhj\u00e6lpe Omd\u00f8mmeskader<\/a><\/li>\n\t\t\t\t<li><a href=\"#monolith-law-magazine\">MONOLITH LAW MAGAZINE<\/a><\/li>\n\t\t\t\t<li><a href=\"#fee-structure\">Gebyrstruktur<\/a><\/li>\n\t\t\t<\/ul>\n\t\t<\/nav>\n\t<\/div>\n<\/section>\n\n<section class=\"white-section\">\n\t<div class=\"anchor\" id=\"identification-of-the-defamatory-statement\"><\/div>\n\t<div class=\"section-inner\">\n\t\t<div class=\"flex\">\n\t\t\t<div class=\"width41\"><img decoding=\"async\" src=\"\/wp-content\/themes\/monolith2021\/img\/pic\/pic_reputation.jpg\" alt=\"Identification of the Defamatory Statement Source\"><\/div>\n\t\t\t<div class=\"width51\">\n\t\t\t\t<h3>Identifikation af den \u00c6rekrenkende Udtalelse<\/h3>\n\t\t\t\t<p>Under japansk lovgivning er det muligt at forf\u00f8lge juridisk handling for at identificere individer ansvarlige for ulovlige opslag, herunder \u00e6rekrenkende udtalelser, gennem en retsprocedure. Hvis din virksomhed er m\u00e5lrettet af anonyme internetbrugere, der engagerer sig i angreb p\u00e5 det japanske internet, kan det v\u00e6re muligt at afsl\u00f8re identiteten, herunder navn og adresse, af den anonyme bruger ved at konsultere med en h\u00f8jt specialiseret advokat. N\u00e5r identiteten er afsl\u00f8ret, kan du have muligheden for at indgive et krav om erstatning mod internetbrugeren. Det er afg\u00f8rende at arbejde med en erfaren advokat, der kan guide dig gennem den juridiske proces og beskytte din virksomheds interesser.<\/p>\n\t\t\t<\/div>\n\t\t<\/div>\n\t<\/div>\n<\/section>\n\n<section class=\"white-section mgb-section\">\n\t<div class=\"anchor\" id=\"examples-of-identifications-by-our-firm-target-sites\"><\/div>\n\t<div class=\"section-inner-black\">\n\t\t<h3 class=\"mgb-middle\">Eksempler p\u00e5 identifikationer fra vores firma: M\u00e5lsider<\/h3>\n\t\t<p class=\"mgb-middle\">MONOLITH LAW OFFICE har en track record og ekspertise i at identificere forfatterne bag \u00e6rekrenkende indl\u00e6g p\u00e5 forskellige websteder, herunder men ikke begr\u00e6nset til sager om \u00e6rekrenkelse, kr\u00e6nkelse af privatlivets fred, ophavsretsbrud og identitetstyveri. Vi har med succes hjulpet klienter med at identificere forfatterne bag s\u00e5danne indl\u00e6g, ved at udnytte vores erfaring og viden p\u00e5 omr\u00e5det.<\/p>\n\t\t<p class=\"mgb-middle\">2channel, 5channel, Twitter, Facebook, Instagram, Google Maps (My Business), Yahoo! Finance, Food Log, Amazon kundeanmeldelser, Girls Channel, Bakusai, Mansion Community, Hostlove, og forskellige andre bulletin board sites. Yahoo! Chiebukuro, NAVER opsummering, telefonnummer s\u00f8gning (jpnumber osv.), Livedoor Blog, FC2 Blog, Ameba Blog, Hatena Blog osv. Andre forskellige blogsider, YouTube, Nico Nico Douga, FC2 Video, og andre videosider. MILKCAFE, openwork, Lighthouse (tidligere Kaisha\u2019s Reputation), andre jobanmeldelsessider, andre originale dom\u00e6nesider.<\/p>\n\t<\/div>\n<\/section>\n\n<section class=\"purple-section\">\n\t<div class=\"anchor\" id=\"examples-of-support-provided-by-our-firm\"><\/div>\n\t<div class=\"section-inner\">\n\t\t<h3 class=\"mgb-middle\">Eksempler p\u00e5 st\u00f8tte ydet af vores firma<\/h3>\n\t\t<ul class=\"layout-column4 mgb-big\">\n\t\t\t<li>\n\t\t\t\t<div><img decoding=\"async\" src=\"\/wp-content\/themes\/monolith2021\/img\/identificationofslander\/identificationofslander_support_pic1.jpg\" alt=\"TSE listed company\"><\/div>\n\t\t\t\t<h4>B\u00f8rsnoteret virksomhed<\/h4>\n\t\t\t\t<p>Vi har identificeret forfatterne bag vedvarende indl\u00e6g, der spredte falsk information, som interne skandaler, p\u00e5 platforme som Yahoo! Finance og Google Anmeldelser.<\/p>\n\t\t\t<\/li>\n\t\t\t<li>\n\t\t\t\t<div><img decoding=\"async\" src=\"\/wp-content\/themes\/monolith2021\/img\/identificationofslander\/identificationofslander_support_pic2.jpg\" alt=\"Prominent executive\"><\/div>\n\t\t\t\t<h4>Fremtr\u00e6dende leder<\/h4>\n\t\t\t\t<p>Vi har gennemf\u00f8rt forfatteridentifikation for konti p\u00e5 Twitter, der deltager i \u00e6rekrenkelse, identitetstyveri og neds\u00e6ttende indl\u00e6g rettet mod individuelle ledere.<\/p>\n\t\t\t<\/li>\n\t\t\t<li>\n\t\t\t\t<div><img decoding=\"async\" src=\"\/wp-content\/themes\/monolith2021\/img\/systemdevelopment\/systemdevelopment_support_pic3.jpg\" alt=\"Business corporation\"><\/div>\n\t\t\t\t<h4>Forretningsvirksomhed<\/h4>\n\t\t\t\t<p>Vi har udf\u00f8rt forfatteridentifikation for \u00e6rekrenkende indl\u00e6g rettet mod specifikke ledere p\u00e5 anonyme beskedtavler som 5channel og Google Anmeldelser.<\/p>\n\t\t\t<\/li>\n\t\t\t<li>\n\t\t\t\t<div><img decoding=\"async\" src=\"\/wp-content\/themes\/monolith2021\/img\/identificationofslander\/identificationofslander_support_pic4.jpg\" alt=\"Prominent YouTuber\"><\/div>\n\t\t\t\t<h4>Fremtr\u00e6dende YouTuber<\/h4>\n\t\t\t\t<p>Vi har assisteret i forfatteridentifikation for sager, der involverer l\u00e6k af personlige oplysninger og \u00e6rekrenkende kommentarer lavet p\u00e5 andre YouTubers&#8217; videoer, personlige blogs og andre platforme.<\/p>\n\t\t\t<\/li>\n\t\t<\/ul>\n\t\t<div class=\"frame2-white max-width860 txt-center-pc\">\n\t\t\t<p class=\"txt-l bold\">Forfatteridentifikation kr\u00e6ver h\u00f8jt specialiseret ekspertise, som omfatter strategisk planl\u00e6gning og specifikke operationelle opgaver.<\/p>\n\t\t<\/div>\n\t<\/div>\n<\/section>\n\n<section class=\"white-section\">\n\t<div class=\"anchor\" id=\"procedures-for-identifying-authors-under-japanese-law\"><\/div>\n\t<div class=\"section-inner pdb0\">\n\t\t<h3>Procedurer for Identifikation af Forfattere under Japansk Lovgivning<\/h3>\n\t\t<p class=\"mgb-middle\">I Japan er der forskellige juridiske procedurer til r\u00e5dighed for at identificere forfatterne af \u00e6rekrenkende online indl\u00e6g og bek\u00e6mpe cyber-\u00e6rekrenkelse. Som juridiske fagfolk anvender vi disse procedurer selektivt og i kombination for at opn\u00e5 forfatteridentifikation. Selvom det er udfordrende at give en omfattende forklaring p\u00e5 denne side p\u00e5 grund af de h\u00f8jt specialiserede procedurer, vil vi give et overblik.<\/p>\n\t\t<ul class=\"layout-datalist\">\n\t\t\t<li>\n\t\t\t\t<h4>A: Anmodning om Afsl\u00f8ring (Midlertidig Forf\u00f8jning)<\/h4>\n\t\t\t\t<p>Dette fremskyndede midlertidige tiltag tillader os at anmode webstedsoperat\u00f8rer eller serveradministratorer om at afsl\u00f8re IP-adressen p\u00e5 ophavsmanden, uden at skulle ty til formel retssag. Det er dog vigtigt at bem\u00e6rke, at nogle websteder kan frivilligt afsl\u00f8re IP-adressen gennem uformelle forhandlinger uden behov for denne procedure. At tr\u00e6ffe den rigtige beslutning i s\u00e5danne tilf\u00e6lde kr\u00e6ver erfaring og ekspertise fra kyndige advokater.<\/p>\n\t\t\t<\/li>\n\t\t\t<li>\n\t\t\t\t<h4>B: Forbud mod Sletning af Information<\/h4>\n\t\t\t\t<p>Ved at analysere den afsl\u00f8rede IP-adresse opn\u00e5et gennem Procedure A, er det muligt at identificere internetudbyderen (ISP) brugt af den anonyme bruger. I Procedure C er det afg\u00f8rende at anmode ISP om ikke at slette afsenderinformationen (logdata relateret til brugerens internetforbindelse) for at bevare beviser.<\/p>\n\t\t\t<\/li>\n\t\t\t<li>\n\t\t\t\t<h4>C: Anmodning om Afsl\u00f8ring (Retssag)<\/h4>\n\t\t\t\t<p>Denne procedure involverer at sags\u00f8ge den identificerede ISP som sags\u00f8gt for at s\u00f8ge afsl\u00f8ring af den anonyme brugers adresse og navn. I tilf\u00e6lde af websteder, hvor den anonyme bruger registrerede et telefonnummer, kan denne procedure bruges mod webstedsoperat\u00f8ren for at anmode om afsl\u00f8ring af det telefonnummer. Hurtige midlertidige foranstaltninger kan ikke anvendes i denne procedure, og formel retssag er n\u00f8dvendig i henhold til japanske retspr\u00e6cedenser.<\/p>\n\t\t\t<\/li>\n\t\t\t<li>\n\t\t\t\t<h4>D: Afsl\u00f8ringsordre (\u00c6ndringen fra 2022)<\/h4>\n\t\t\t\t<p>Dette nyligt introducerede juridiske rammev\u00e6rk kombinerer Procedure A, B og C i \u00e9n enkelt procedure, hvilket muligg\u00f8r implementeringen af alle trin (A, B og C) inden for en kortere tidsramme. Denne procedure udnytter en fremskyndet mekanisme. I \u00f8jeblikket betragtes denne procedure som den generelle princip for forfatteridentifikation. Dog findes der undtagelser, som for eksempel websteder, hvor kun et telefonnummer er registreret uden en IP-adresse, eller tilf\u00e6lde, hvor afsl\u00f8ring af IP-adressen kan opn\u00e5s gennem frivillige forhandlinger. Ekspertise og know-how fra juridiske fagfolk er afg\u00f8rende for at h\u00e5ndtere disse undtagelser.<\/p>\n\t\t\t<\/li>\n\t\t\t<li>\n\t\t\t\t<h4>E: Foresp\u00f8rgselsprocedure gennem Advokatsamfundet<\/h4>\n\t\t\t\t<p>I tilf\u00e6lde, hvor ophavsmandens telefonnummer bliver kendt i de ovenn\u00e6vnte procedurer, er det n\u00f8dvendigt at anmode om afsl\u00f8ring af adressen eller navnet p\u00e5 personen, der bruger det telefonnummer fra telekommunikationsudbyderen. I Japan har mobiltelefonoperat\u00f8rer en praksis med at give informationsafsl\u00f8ring, n\u00e5r en advokat foretager en korrekt foresp\u00f8rgsel gennem deres tilh\u00f8rende advokatsamfund.<\/p>\n\t\t\t<\/li>\n\t\t<\/ul>\n\t<\/div>\n<\/section>\n\n<section class=\"white-section\">\n\t<div class=\"section-inner\">\n\t\t<div class=\"frame2 max-width860 txt-center-pc\">\n\t\t\t<p class=\"bold txt-l\">Identifikation af forfatterne til \u00e6rekrenkende indl\u00e6g i overensstemmelse med japansk lovgivning er i sandhed et h\u00f8jst komplekst og specialiseret omr\u00e5de. Hvis du har nogen sp\u00f8rgsm\u00e5l eller bekymringer, herunder gennemf\u00f8rlighed og omkostningsaspekter, t\u00f8v ikke med at kontakte os. Vi er her for at assistere dig og give den n\u00f8dvendige vejledning.<\/p>\n\t\t<\/div>\n\t<\/div>\n<\/section>\n\n<section class=\"orange-section\">\n\t<div class=\"anchor\" id=\"publications-as-a-lawyer-specializing-in-mitigating-reputational-damage\"><\/div>\n\t<div class=\"section-inner\">\n\t\t<div class=\"flex\">\n\t\t\t<div class=\"width41\"><img decoding=\"async\" src=\"\/wp-content\/themes\/monolith2021\/img\/pic\/pic_publishing2.jpg\" alt=\"Publications as a Lawyer Specializing in Mitigating Reputational Damage\"><\/div>\n\t\t\t<div class=\"width51\">\n\t\t\t\t<h3>Publikationer som Advokat Specialiseret i at Afhj\u00e6lpe Omd\u00f8mmeskader<\/h3>\n\t\t\t\t<p class=\"mgb-small\">Deltog i skrivningen af &#8216;Retlige Pr\u00e6cedenser af Provider Ansvarsbegr\u00e6nsningsloven&#8217;, en samling af retlige pr\u00e6cedenser om omd\u00f8mmeskade modforanstaltninger, som en del af den Praktiske Studiegruppe om Provider Ansvarsbegr\u00e6nsningsloven dannet af advokater.<\/p>\n\t\t\t\t<p>Udgivet &#8216;Digital Tatovering \u2013 Internetsladder og Omd\u00f8mmeskade Sagsmappe&#8217; fra Jiyuukokumin-sha, udgiveren af &#8216;Gendai Yogo no Kihonjitsu&#8217; (Grundl\u00e6ggende Viden om Moderne Terminologi), og var ansvarlig for udkastet til NHK l\u00f8rdagsdrama &#8216;Digital Tatovering&#8217; baseret p\u00e5 denne publikationsrekord.<\/p>\n\t\t\t<\/div>\n\t\t<\/div>\n\t<\/div>\n<\/section>\n\n<section class=\"purple2-section\">\n\t<div class=\"anchor\" id=\"monolith-law-magazine\"><\/div>\n\t<div class=\"section-inner\">\n\t\t    <section class=\"white-section temp-article\">\n        <div class=\"section-inner\">\n            <h4>MONOLITH LAW MAGAZINE<\/h4>\n            <div class=\"articles type_practice_column\">\n                                                                    <div class=\"article article-area\">\n                        <figure>\n                            <div class=\"img-wrap\">\n                                <img alt=\"Er det muligt at anmode om oplysninger fra LINE? En forklaring p\u00e5 identifikation af personer gennem afsl\u00f8ring af afsenderinformation.\" src=\"https:\/\/monolith.law\/da\/wp-content\/uploads\/sites\/13\/2024\/11\/29578280_m.webp\" width=\"500\" height=\"250\">\n                            <\/div>\n                            <figcaption>\n                                <div class=\"figcaption-inner\">\n                                    <h3>Er det muligt at anmode om oplysninger fra LINE? En forklaring p\u00e5 identifikation.<\/h3>\n                                <\/div>\n                            <\/figcaption>\n                            <a href=\"https:\/\/monolith.law\/da\/internet\/line-disclosure-request\"><\/a>\n                        <\/figure>\n                    <\/div>\n                                                    <div class=\"article article-area\">\n                        <figure>\n                            <div class=\"img-wrap\">\n                                <img alt=\"Kan man anmode om afsl\u00f8ring af verbale overgreb og bagvaskelse i online spil? En forklaring p\u00e5 retssager til at identificere den anden part\" src=\"https:\/\/monolith.law\/da\/wp-content\/uploads\/sites\/13\/2024\/11\/onlinegame1.webp\" width=\"500\" height=\"250\">\n                            <\/div>\n                            <figcaption>\n                                <div class=\"figcaption-inner\">\n                                    <h3>Kan man anmode om afsl\u00f8ring af verbale overgreb og bagvaskelse i online spil? En.<\/h3>\n                                <\/div>\n                            <\/figcaption>\n                            <a href=\"https:\/\/monolith.law\/da\/internet\/onlinegame-defamation\"><\/a>\n                        <\/figure>\n                    <\/div>\n                                                    <div class=\"article article-area\">\n                        <figure>\n                            <div class=\"img-wrap\">\n                                <img alt=\"Kan man identificere en engangskonto? En gennemgang af processen og passende juridiske foranstaltninger\" src=\"https:\/\/monolith.law\/da\/wp-content\/uploads\/sites\/13\/2024\/11\/29306999_m-1024x683-1.webp\" width=\"500\" height=\"250\">\n                            <\/div>\n                            <figcaption>\n                                <div class=\"figcaption-inner\">\n                                    <h3>Kan man identificere en engangskonto? En gennemgang af processen og passende jur.<\/h3>\n                                <\/div>\n                            <\/figcaption>\n                            <a href=\"https:\/\/monolith.law\/da\/internet\/throwaway-account\"><\/a>\n                        <\/figure>\n                    <\/div>\n                                            <\/div>\n            <div class=\"btn-more\"><a href=\"https:\/\/monolith.law\/da\/tag\/id-of-the-defamatory-statement\">Read More<\/a><\/div>\n        <\/div>\n    <\/section>\n\t<\/div>\n<\/section>\n\n<section class=\"orange2-section\">\n\t<div class=\"anchor\" id=\"fee-structure\"><\/div>\n\t<div class=\"section-inner\">\n\t<div class=\"planWrap\">\n\t<h3>Gebyrstruktur<\/h3>\n\t<ul class=\"plan\">\n\t\t<li class=\"txt-left\">\n\t\t\t<div class=\"plan-inner\">\n\t\t\t<div class=\"plan-header\">\n\t\t\t<h4 class=\"plan-title\">Timepris<\/h4>\n\t\t\t<div class=\"plan-price\"><span class=\"price-figure\">$300<\/span>per time<span class=\"price-tax\"> <\/span><\/div>\n\t\t\t<\/div>\n\t\t\t<div class=\"plan-body\">I visse tilf\u00e6lde kan vi overveje at acceptere en tvist eller retssag med et startgebyr og et resultatafh\u00e6ngigt honorar. For flere detaljer, er du velkommen til at kontakte os.<\/div>\n\t\t\t<\/div>\n\t\t<\/li>\n\t\t<li class=\"txt-left\">\n\t\t\t<div class=\"plan-inner\">\n\t\t\t<div class=\"plan-header\">\n\t\t\t<h4 class=\"plan-title\">Udarbejdelse af Kontrakter<\/h4>\n\t\t\t<div class=\"plan-price\"><span class=\"price-value\">fra<\/span><span class=\"price-figure\">$500<\/span><span class=\"price-value\">til $2,000 eller mere<\/span><span class=\"price-tax\"><\/span><\/div>\n\t\t\t<\/div>\n\t\t\t<div class=\"plan-body\">Prisstrukturen kan variere baseret p\u00e5 typen og m\u00e6ngden af kontrakter. Vi er glade for at tilbyde et forel\u00f8bigt estimat ved foresp\u00f8rgsel, derfor opfordrer vi dig til at kontakte os for yderligere detaljer.<\/div>\n\t\t\t<\/div>\n\t\t<\/li>\n\t\t<li class=\"txt-left\">\n\t\t\t<div class=\"plan-inner\">\n\t\t\t<div class=\"plan-header\">\n\t\t\t<h4 class=\"plan-title\">Andre Tjenester<\/h4>\n\t\t\t<div class=\"plan-price\"><span class=\"price-figure\">Kontakt Os<\/span><\/div>\n\t\t\t<\/div>\n\t\t\t<div class=\"plan-body\">Vi tilbyder et bredt udvalg af tjenester, herunder virksomhedsdannelse, kontraktgennemgang, juridisk vurdering, sagsgennemgang eller forskningsbrev. Skulle du have nogen foresp\u00f8rgsler eller bekymringer, inviterer vi dig hjerteligt til at kontakte os, og vores kyndige team vil v\u00e6re glade for at assistere dig.<\/div>\n\t\t\t<\/div>\n\t\t\t<\/div>\n\t\t<\/li>\n\t<\/ul>\n\t<\/div>\n\t<\/div>\n<\/section>\n\n<section class=\"white-section\">\n\t<div class=\"section-inner\">\n\t\t<div class=\"btn-area\">\n\t\t\t<div class=\"btn icon-contact\"><a href=\"\/da\/contact\">Kontakt Os<\/a><\/div>\n\t\t<\/div>\n\t<\/div>\n<\/section>\n","protected":false},"excerpt":{"rendered":"<p>ID af den \u00c6rekrenkende Udtalelse Under japansk lovgivning er det muligt, hvis en virksomhed eller person lider af \u00e6rekrenkelse eller kr\u00e6nkelse af privatlivets fred af en anonym bruger p\u00e5 internettet,  [&hellip;]<\/p>\n","protected":false},"author":1,"featured_media":57174,"parent":0,"menu_order":7,"comment_status":"closed","ping_status":"closed","template":"other-page-temp.php","meta":{"footnotes":""},"acf":[],"_links":{"self":[{"href":"https:\/\/monolith.law\/da\/wp-json\/wp\/v2\/pages\/30684"}],"collection":[{"href":"https:\/\/monolith.law\/da\/wp-json\/wp\/v2\/pages"}],"about":[{"href":"https:\/\/monolith.law\/da\/wp-json\/wp\/v2\/types\/page"}],"author":[{"embeddable":true,"href":"https:\/\/monolith.law\/da\/wp-json\/wp\/v2\/users\/1"}],"replies":[{"embeddable":true,"href":"https:\/\/monolith.law\/da\/wp-json\/wp\/v2\/comments?post=30684"}],"version-history":[{"count":30,"href":"https:\/\/monolith.law\/da\/wp-json\/wp\/v2\/pages\/30684\/revisions"}],"predecessor-version":[{"id":59125,"href":"https:\/\/monolith.law\/da\/wp-json\/wp\/v2\/pages\/30684\/revisions\/59125"}],"wp:featuredmedia":[{"embeddable":true,"href":"https:\/\/monolith.law\/da\/wp-json\/wp\/v2\/media\/57174"}],"wp:attachment":[{"href":"https:\/\/monolith.law\/da\/wp-json\/wp\/v2\/media?parent=30684"}],"curies":[{"name":"wp","href":"https:\/\/api.w.org\/{rel}","templated":true}]}}