{"id":31513,"date":"2021-04-13T15:59:32","date_gmt":"2021-04-13T06:59:32","guid":{"rendered":"https:\/\/monolith.law\/?page_id=31513"},"modified":"2023-12-01T19:49:46","modified_gmt":"2023-12-01T10:49:46","slug":"m-and-a-of-sns-accounts","status":"publish","type":"page","link":"https:\/\/monolith.law\/da\/m-and-a-of-sns-accounts","title":{"rendered":"M&amp;A af SNS-konti"},"content":{"rendered":"\n<section class=\"heading-area\">\n\t<div class=\"heading-area-inner\">\n\t\t<h2 class=\"icon-m-and-a-of-sns-accounts\">M&amp;A af SNS-konti<\/h2>\n\t\t<p>M&amp;A af YouTube-kanaler og Twitter-konti er et h\u00f8jt specialiseret omr\u00e5de, der kr\u00e6ver specialiseret viden og know-how. Som et advokatfirma med specialister i IT, internet og forretning p\u00e5 personalet, yder vi omfattende assistance p\u00e5 dette omr\u00e5de.<\/p>\n\t<\/div>\n<\/section>\n\n<section class=\"white-section\">\n\t<div class=\"section-inner pdt0 border-bottom-section\">\n\t\t<p>Ligesom hjemmesider er YouTube-kanaler og Twitter-konti ogs\u00e5 genstand for M&amp;A. Men da disse M&amp;A&#8217;er er unikke situationer, er det n\u00f8dvendigt at ans\u00e6tte et advokatfirma med specialiseret viden og ekspertise. Monolith Law Office er et advokatfirma specialiseret i IT, internet og forretning. Vores advokater h\u00e5ndterer alle aspekter af mange M&amp;A&#8217;er, fra sm\u00e5 projekter, der involverer YouTube-kanaler, til projekter p\u00e5 mere end 100 millioner yen, lige fra udarbejdelse af kontrakter til due diligence (DD).<\/p>\n\t<\/div>\n<\/section>\n\n<section class=\"second-nav\">\n\t<div class=\"second-nav-inner\">\n\t\t<p>EMNER<\/p>\n\t\t<nav>\n\t\t\t<ul>\n\t\t\t\t<li><a href=\"#an-example-of-ma-track-record\">Eksempler p\u00e5 M&amp;A-sporoptegnelser<\/a><\/li>\n\t\t\t\t<li><a href=\"#ma-special-feature-on-sns-such-as-youtube\">Specielle M&amp;A-funktioner p\u00e5 SNS som YouTube<\/a><\/li>\n\t\t\t\t<li><a href=\"#responding-to-legal-due-diligence-dd\">Reaktion p\u00e5 juridisk due diligence<\/a><\/li>\n\t\t\t\t<li><a href=\"#legal-due-diligence-dd-peculiarities-of-sns-etc\">Juridiske Forskeligheder ved Due Diligence af SNS<\/a><\/li>\n\t\t\t\t<li><a href=\"#an-example-of-our-client\">Eksempler p\u00e5 vores klient<\/a><\/li>\n\t\t\t\t<li><a href=\"#book-writing-records\">Publikationsregistre<\/a><\/li>\n\t\t\t\t<li><a href=\"#media-appearance-record\">Optegnelser over Medieoptr\u00e6dener<\/a><\/li>\n\t\t\t\t<li><a href=\"#monolith-law-magazine\">MONOLITH LAW MAGAZINE<\/a><\/li>\n\t\t\t\t<li><a href=\"#fee-structure\">Gebyrstruktur<\/a><\/li>\n\t\t\t<\/ul>\n\t\t<\/nav>\n\t<\/div>\n<\/section>\n\n<section class=\"white-section\">\n\t<div class=\"anchor\" id=\"an-example-of-ma-track-record\"><\/div>\n\t<div class=\"section-inner\">\n\t\t<h3>Eksempler p\u00e5 M&amp;A-sporoptegnelser<\/h3>\n\t\t<ul class=\"layout-column4\">\n\t\t\t<li>\n\t\t\t\t<div><img decoding=\"async\" src=\"\/wp-content\/themes\/monolith2021\/img\/practices-youtuberlaw\/practices-youtuberlaw_necessity_pic3.jpg\" alt=\"YouTube channel\"><\/div>\n\t\t\t\t<h4>YouTube-kanal<\/h4>\n\t\t\t\t<p>Vi har erfaring med M&amp;A og due diligence-transaktioner p\u00e5 over 100 millioner yen, s\u00e5som overdragelse af VTuber og anime YouTube-kanaler.<\/p>\n\t\t\t<\/li>\n\t\t\t<li>\n\t\t\t\t<div><img decoding=\"async\" src=\"\/wp-content\/themes\/monolith2021\/img\/snsmalaw\/snsmalaw_example_pic2.jpg\" alt=\"Twitter account\"><\/div>\n\t\t\t\t<h4>Twitter-konto<\/h4>\n\t\t\t\t<p>Vi h\u00e5ndterer et stort antal kontrakter og due diligence i forbindelse med overf\u00f8rsel af Twitter-konti, der leverer information.<\/p>\n\t\t\t<\/li>\n\t\t\t<li>\n\t\t\t\t<div><img decoding=\"async\" src=\"\/wp-content\/themes\/monolith2021\/img\/snsmalaw\/snsmalaw_example_pic3.jpg\" alt=\"Instagram account\"><\/div>\n\t\t\t\t<h4>Instagram-konto<\/h4>\n\t\t\t\t<p>Vi underst\u00f8tter overf\u00f8rslen af Instagram-konti som en del af forretningsoverdragelsen af ejet medie.<\/p>\n\t\t\t<\/li>\n\t\t\t<li>\n\t\t\t\t<div><img decoding=\"async\" src=\"\/wp-content\/themes\/monolith2021\/img\/snsmalaw\/snsmalaw_example_pic4.jpg\" alt=\"Other SNS\"><\/div>\n\t\t\t\t<h4>Andre SNS<\/h4>\n\t\t\t\t<p>Vi har ogs\u00e5 erfaring og know-how ang\u00e5ende andre sociale medier og webtjenester.<\/p>\n\t\t\t<\/li>\n\t\t<\/ul>\n\t<\/div>\n<\/section>\n\n<section class=\"white-section\">\n\t<div class=\"section-inner pdt0\">\n\t\t<div class=\"frame2 max-width860 txt-center-pc\">\n\t\t\t<p class=\"bold txt-l\">Monolith Law Office er et advokatfirma<br class=\"pcOnly\">specialiseret i IT, internet og forretning.<br class=\"pcOnly\">Vi tilbyder juridiske tjenester lige fra udarbejdelse af kontrakter til due diligence (DD) for M&amp;A&#8217;er, herunder YouTube-kanaler,<br class=\"pcOnly\">fra sm\u00e5 handler til transaktioner p\u00e5 over 100 millioner yen.<br class=\"pcOnly\"><\/p>\n\t\t<\/div>\n\t<\/div>\n<\/section>\n\n<section class=\"orange-section\">\n\t<div class=\"anchor\" id=\"ma-special-feature-on-sns-such-as-youtube\"><\/div>\n\t<div class=\"section-inner\">\n\t\t<h3>Specielle M&amp;A-funktioner p\u00e5 SNS som YouTube<\/h3>\n\t\t<ul class=\"layout-column4\">\n\t\t\t<li>\n\t\t\t\t<div><img decoding=\"async\" src=\"\/wp-content\/themes\/monolith2021\/img\/snsmalaw\/snsmalaw_specificity_pic1.jpg\" alt=\"IT\/Internet legal affairs\"><\/div>\n\t\t\t\t<h4>IT\/Internet juridiske anliggender<\/h4>\n\t\t\t\t<p>Det ville v\u00e6re sv\u00e6rt at bestemme de juridiske tjekpunkter ang\u00e5ende transaktionen korrekt, medmindre du er et advokatfirma med omfattende erfaring i IT og internet.<\/p>\n\t\t\t<\/li>\n\t\t\t<li>\n\t\t\t\t<div><img decoding=\"async\" src=\"\/wp-content\/themes\/monolith2021\/img\/snsmalaw\/snsmalaw_specificity_pic2.jpg\" alt=\"Intellectual property law\"><\/div>\n\t\t\t\t<h4>Ophavsretslov<\/h4>\n\t\t\t\t<p>Ekspertviden om immaterielle rettigheder, s\u00e5som ophavsret, er n\u00f8dvendig for korrekt at h\u00e5ndtere rettigheder ved overf\u00f8rsel af SNS-konti.<\/p>\n\t\t\t<\/li>\n\t\t\t<li>\n\t\t\t\t<div><img decoding=\"async\" src=\"\/wp-content\/themes\/monolith2021\/img\/snsmalaw\/snsmalaw_specificity_pic3.jpg\" alt=\"Licensing, etc.\"><\/div>\n\t\t\t\t<h4>IP-licensering<\/h4>\n\t\t\t\t<p>Forst\u00e5else af licenser fastsat af tredjeparter er afg\u00f8rende, n\u00e5r indhold udbredes i forskellige medier, og at g\u00f8re dette korrekt er en h\u00f8jt specialiseret opgave.<\/p>\n\t\t\t<\/li>\n\t\t\t<li>\n\t\t\t\t<div><img decoding=\"async\" src=\"\/wp-content\/themes\/monolith2021\/img\/snsmalaw\/snsmalaw_specificity_pic4.jpg\" alt=\"Terms and Guidelines\"><\/div>\n\t\t\t\t<h4>Betingelser<\/h4>\n\t\t\t\t<p>For eksempel kr\u00e6ver due diligence-processen (DD) for YouTube-kanaler terminologisk viden samt at holde sig opdateret med de seneste versioner af forskellige retningslinjer.<\/p>\n\t\t\t<\/li>\n\t\t<\/ul>\n\t<\/div>\n<\/section>\n\n<section class=\"white-section\">\n\t<div class=\"anchor\" id=\"responding-to-legal-due-diligence-dd\"><\/div>\n\t<div class=\"section-inner\">\n\t\t<div class=\"flex reverse\">\n\t\t\t<div class=\"width41\"><img decoding=\"async\" src=\"\/wp-content\/themes\/monolith2021\/img\/pic\/pic_legalduediligence.jpg\" alt=\"Responding to legal due diligence (DD)\"><\/div>\n\t\t\t<div class=\"width51\">\n\t\t\t\t<h3>Reaktion p\u00e5 juridisk due diligence<\/h3>\n\t\t\t\t<p class=\"mgb-small\">Forretningsoverdragelse af SNS-konti s\u00e5som YouTube-kanaler og Twitter, samt aktieoverdragelse af virksomheder, der ejer dem, er kontrakter, der i nogle tilf\u00e6lde kr\u00e6ver juridisk due diligence (DD), ligesom s\u00e5kaldt almindelig M&amp;A.<\/p>\n\t\t\t\t<p class=\"mgb-small\">Vores firma forbereder ogs\u00e5 juridisk due diligence (DD) og DD-rapporter for s\u00e5danne h\u00f8jt specialiserede M&amp;A-transaktioner.<\/p>\n\t\t\t\t<p class=\"txt-s\">* I tilf\u00e6lde af at skabe en DD-rapport, er advokatens arbejdstid i princippet 30 timer eller mere (advokatens honorar er 1 million yen eller mere).<\/p>\n\t\t\t<\/div>\n\t\t<\/div>\n\t<\/div>\n<\/section>\n\n<section class=\"white-section\">\n\t<div class=\"anchor\" id=\"legal-due-diligence-dd-peculiarities-of-sns-etc\"><\/div>\n\t<div class=\"section-inner-black\">\n\t\t<h3><br class=\"spOnly\">Juridiske Forskeligheder ved Due Diligence af SNS<\/h3>\n\t\t<p class=\"mgb-small\">N\u00e5r man gennemf\u00f8rer M&amp;A-DD for en YouTube-kanal, for eksempel, er lovligheden af de offentliggjorte videoer p\u00e5 kanalen samt kompatibilitet med YouTubes vilk\u00e5r for tjenesten og forskellige retningslinjer sp\u00f8rgsm\u00e5l at overveje. Hvis disse sp\u00f8rgsm\u00e5l opst\u00e5r, kan offentlige videoer blive slettet, og i v\u00e6rste fald kan der iv\u00e6rks\u00e6ttes foranstaltninger som kontooph\u00e6velse, og kanalens v\u00e6rdi kan blive misforst\u00e5et.<\/p>\n\t\t<p class=\"mgb-small\">For at g\u00f8re dette kr\u00e6ves juridisk viden p\u00e5 en r\u00e6kke omr\u00e5der, herunder ophavsret til objekter og musik, der anvendes i videoer, portr\u00e6trettigheder og privatlivsrettigheder relateret til folks optr\u00e6den, samt reklamebestemmelser, der kan v\u00e6re problematiske, n\u00e5r man introducerer kosmetik og sundhedsf\u00f8devarer. Det er afg\u00f8rende, at du forst\u00e5r vilk\u00e5rene for brugen og forskellige retningslinjer, samt holder dig opdateret med den seneste version.<\/p>\n\t\t<p class=\"mgb-middle\">Desuden, fordi vilk\u00e5r for brug og retningslinjer skabes frivilligt, er det essentielt at finde et advokatfirma med specialisering p\u00e5 dette omr\u00e5de.<\/p>\n\n\n\n\t<\/div>\n<\/section>\n\n<section class=\"white-section\">\n\t<div class=\"anchor\" id=\"an-example-of-our-client\"><\/div>\n\t<div class=\"section-inner\">\n\t\t<h3>Eksempler p\u00e5 vores klient<\/h3>\n\t\t<ul class=\"layout-column4 mgb-middle\">\n\t\t\t<li>\n\t\t\t\t<div><img decoding=\"async\" src=\"\/wp-content\/themes\/monolith2021\/img\/clients\/logo_zizai.png\" alt=\"ZIZAI\"><\/div>\n\t\t\t\t<h4><a href=\"https:\/\/zizai.co.jp\/\" target=\"_blank\" rel=\"noopener noreferrer\">ZIZAI Inc.<\/a><\/h4>\n\t\t\t\t<p>Vi h\u00e5ndterer et projekt for ZIZAI Inc., som driver VTuber\/virtual YouTuber Miraiakari og pachinko\/spillemaskine tr\u00e6ningsvideokanalen Sulopachi Station.<\/p>\n\t\t\t<\/li>\n\t\t\t<li>\n\t\t\t\t<div><img decoding=\"async\" src=\"\/wp-content\/themes\/monolith2021\/img\/clients\/logo_plott.png\" alt=\"Plott Inc.\"><\/div>\n\t\t\t\t<h4><a href=\"https:\/\/plott.tokyo\/\" target=\"_blank\" rel=\"noopener noreferrer\">Plott Inc.<\/a><\/h4>\n\t\t\t\t<p>Vi h\u00e5ndterer et projekt for Plott Co., Ltd., som administrerer anime YouTube-kanaler som &#8220;Teikou Penguin&#8221;, &#8220;KAREKORE of MIXED BLOOD&#8221;, &#8220;Grim Reaper Flag Chan!&#8221; og &#8220;Yaruminati&#8221;.<\/p>\n\t\t\t<\/li>\n\t\t\t<li>\n\t\t\t\t<div><img decoding=\"async\" src=\"\/wp-content\/themes\/monolith2021\/img\/clients\/logo_algorithm.png\" alt=\"Algorithm\"><\/div>\n\t\t\t\t<h4><a href=\"https:\/\/algorithms.co.jp\/\" target=\"_blank\" rel=\"noopenerrnoreferrer noopener\">Algorithm Inc.<\/a><\/h4>\n\t\t\t\t<p>Vi h\u00e5ndterer et projekt for Algorithm Inc., hvis prim\u00e6re forretning er opk\u00f8b og aktivering af affiliate medier, samt drift af &#8220;feely&#8221; og &#8220;tabiyori&#8221;.<\/p>\n\t\t\t<\/li>\n\t\t\t<li>\n\t\t\t\t<div><img decoding=\"async\" src=\"\/wp-content\/themes\/monolith2021\/img\/clients\/logo_mediano.png\" alt=\"Mediano\"><\/div>\n\t\t\t\t<h4><a href=\"https:\/\/mediano-ltd.co.jp\/\" target=\"_blank\" rel=\"noopener noreferrer\">Mediano Co., Ltd.<\/a><\/h4>\n\t\t\t\t<p>Ud over smartphone-apps h\u00e5ndterer vi et projekt for Mediano Co., Ltd., hvis hovedvirksomhed er M&amp;A-transaktioner, der realiserer samarbejde, der udnytter styrkerne hos begge parter, og som ogs\u00e5 erhverver medieindhold planlagt til overf\u00f8rsel.<\/p>\n\t\t\t<\/li>\n\t\t<\/ul>\n\t\t<p class=\"txt-s\">*Vi er ogs\u00e5 ansvarlige for mange andre klientprojekter. Kun virksomheder med tilladelse til at offentligg\u00f8re forretningspartnerinformationer er opf\u00f8rt. P\u00e5 grund af fortrolighedsforpligtelser holdes det strengt fortroligt, at du er vores klient.<\/p>\n\t<\/div>\n<\/section>\n\n<section class=\"white-section\">\n\t<div class=\"section-inner\">\n\t\t<div class=\"frame2 max-width860 txt-center-pc\">\n\t\t\t<p class=\"bold txt-l mgb-small\">Publikationsaktiviteter i YouTuber\/VTuber juridiske anliggender<\/p>\n\t\t\t<p>Juridiske sager for YouTubers\/VTubers er et h\u00f8jt specialiseret felt. Toki Kawase, vores repr\u00e6sentative advokat, er ogs\u00e5 engageret i publikationsaktiviteter relateret til disse emner.<\/p>\n\t\t<\/div>\n\t<\/div>\n<\/section>\n<section class=\"orange-section\">\n\t<div class=\"anchor\" id=\"book-writing-records\"><\/div>\n\t<div class=\"section-inner\">\n\t\t<div class=\"flex reverse\">\n\t\t\t<div class=\"width41\"><img decoding=\"async\" src=\"\/wp-content\/uploads\/2022\/07\/it_law_book.jpg\" alt=\"Publication track record as a lawyer strong in SNS related legal affairs such as YouTube\"><\/div>\n\t\t\t<div class=\"width51\">\n\t\t\t\t<h3>Publikationsaktiviteter som advokat med ekspertise i SNS juridiske anliggender, herunder YouTube<\/h3>\n\t\t\t\t<p>\u201cIT-advokat, fort\u00e6l os om YouTubes love og vilk\u00e5r\u201d (Shodensha, 30. juli 2022) er udgivet for at forklare YouTube-relaterede regler og vilk\u00e5r for begyndere. I et Q&amp;A-format forklarer bogen, hvordan man opretter forskellige kontrakter og tjekpunkter for hvert tema, lige fra kontrakter, der er foruds\u00e6tninger for M&amp;A til forretningsoverdragelseskontrakter.<\/p>\n\t\t\t<\/div>\n\t\t<\/div>\n\t<\/div>\n<\/section>\n<section class=\"white-section\">\n\t<div class=\"anchor\" id=\"media-appearance-record\"><\/div>\n\t<div class=\"section-inner\">\n\t\t<div class=\"flex\">\n\t\t\t<div class=\"width41\"><img decoding=\"async\" src=\"\/wp-content\/themes\/monolith2021\/img\/practices-youtuberlaw\/practices-youtuberlaw_pic2.jpg\"><\/div>\n\t\t\t<div class=\"width51\">\n\t\t\t\t<h3>VTuber-relateret g\u00e6steoptr\u00e6den p\u00e5 &#8220;ABEMA Prime&#8221;<\/h3>\n\t\t\t\t<p>I &#8220;ABEMA Prime&#8221;, et show, der blev sendt den 16. og 20. maj 2022, kommenterede vores repr\u00e6sentative advokat p\u00e5 juridiske sp\u00f8rgsm\u00e5l s\u00e5som privatlivets fred for VTubers og kontroversielle influencere, der skabte r\u00f8re p\u00e5 internettet.<\/p>\n\t\t\t<\/div>\n\t\t<\/div>\n\t<\/div>\n<\/section>\n\n<section class=\"purple2-section\">\n\t<div class=\"anchor\" id=\"monolith-law-magazine\"><\/div>\n\t<div class=\"section-inner\">\n\t\t    <section class=\"white-section temp-article\">\n        <div class=\"section-inner\">\n            <h4>MONOLITH LAW MAGAZINE<\/h4>\n            <div class=\"articles type_practice_column\">\n                                                                    <div class=\"article article-area\">\n                        <figure>\n                            <div class=\"img-wrap\">\n                                <img alt=\"Opk\u00f8b og forretningsoverdragelse af virtuelle YouTubere \/ VTubere\" src=\"https:\/\/monolith.law\/da\/wp-content\/uploads\/sites\/13\/2023\/10\/youtuber-vtubervirtual-youtuber-ma-1.jpg\" width=\"500\" height=\"250\">\n                            <\/div>\n                            <figcaption>\n                                <div class=\"figcaption-inner\">\n                                    <h3>Opk\u00f8b og forretningsoverdragelse af virtuelle YouTubere \/ VTubere<\/h3>\n                                <\/div>\n                            <\/figcaption>\n                            <a href=\"https:\/\/monolith.law\/da\/internet\/virtual-youtuber-ma\"><\/a>\n                        <\/figure>\n                    <\/div>\n                                                    <div class=\"article article-area\">\n                        <figure>\n                            <div class=\"img-wrap\">\n                                <img alt=\"Hvad er kontrakten for YouTubers forretningsoverdragelse og managementaftalen efter overdragelsen?\" src=\"https:\/\/monolith.law\/da\/wp-content\/uploads\/sites\/13\/2023\/09\/youtuber-business-transfer-Management-contract-i.jpg\" width=\"500\" height=\"250\">\n                            <\/div>\n                            <figcaption>\n                                <div class=\"figcaption-inner\">\n                                    <h3>Hvad er kontrakten for YouTubers forretningsoverdragelse og managementaftalen ef.<\/h3>\n                                <\/div>\n                            <\/figcaption>\n                            <a href=\"https:\/\/monolith.law\/da\/internet\/youtuber-business-transfer-management-contract\"><\/a>\n                        <\/figure>\n                    <\/div>\n                                            <\/div>\n            <div class=\"btn-more\"><a href=\"https:\/\/monolith.law\/da\/tag\/m-and-a-of-sns-accounts\">Read More<\/a><\/div>\n        <\/div>\n    <\/section>\n\t<\/div>\n<\/section>\n\n<section class=\"orange2-section\">\n\t<div class=\"anchor\" id=\"fee-structure\"><\/div>\n\t<div class=\"section-inner\">\n\t<div class=\"planWrap\">\n\t<h3>Gebyrstruktur<\/h3>\n\t<ul class=\"plan\">\n\t\t<li class=\"txt-left\">\n\t\t\t<div class=\"plan-inner\">\n\t\t\t<div class=\"plan-header\">\n\t\t\t<h4 class=\"plan-title\">Timepris<\/h4>\n\t\t\t<div class=\"plan-price\"><span class=\"price-figure\">$300<\/span>per time<span class=\"price-tax\"> <\/span><\/div>\n\t\t\t<\/div>\n\t\t\t<div class=\"plan-body\">I visse tilf\u00e6lde kan vi overveje at acceptere en tvist eller retssag med et startgebyr og et resultatafh\u00e6ngigt honorar. For yderligere oplysninger er du velkommen til at kontakte os<\/div>\n\t\t\t<\/div>\n\t\t<\/li>\n\t\t<li class=\"txt-left\">\n\t\t\t<div class=\"plan-inner\">\n\t\t\t<div class=\"plan-header\">\n\t\t\t<h4 class=\"plan-title\">Udarbejdelse af Kontrakter<\/h4>\n\t\t\t<div class=\"plan-price\"><span class=\"price-value\">fra<\/span><span class=\"price-figure\">$500<\/span><span class=\"price-value\">til $2,000 eller mere<\/span><span class=\"price-tax\"><\/span><\/div>\n\t\t\t<\/div>\n\t\t\t<div class=\"plan-body\">Honorarstrukturen kan variere baseret p\u00e5 typen og m\u00e6ngden af kontrakter. Vi er glade for at kunne tilbyde et forel\u00f8bigt estimat ved foresp\u00f8rgsel, derfor opfordrer vi dig til at kontakte os for yderligere detaljer.<\/div>\n\t\t\t<\/div>\n\t\t<\/li>\n\t\t<li class=\"txt-left\">\n\t\t\t<div class=\"plan-inner\">\n\t\t\t<div class=\"plan-header\">\n\t\t\t<h4 class=\"plan-title\">Andre Tjenester<\/h4>\n\t\t\t<div class=\"plan-price\"><span class=\"price-figure\">Kontakt Os<\/span><\/div>\n\t\t\t<\/div>\n\t\t\t<div class=\"plan-body\">Vi tilbyder et bredt udvalg af tjenester, herunder firmaetablering, kontraktgennemgang, juridisk vurdering, sagsgennemgang eller forskningsbrev. Skulle du have nogen foresp\u00f8rgsler eller bekymringer, inviterer vi dig hjerteligt til at kontakte os, og vores kyndige team vil v\u00e6re glade for at assistere dig.<\/div>\n\t\t\t<\/div>\n\t\t\t<\/div>\n\t\t<\/li>\n\t<\/ul>\n\t<\/div>\n\t<\/div>\n<\/section>\n\n<section class=\"white-section\">\n\t<div class=\"section-inner\">\n\t\t<div class=\"btn-area\">\n\t\t\t<div class=\"btn icon-contact\"><a href=\"\/da\/contact\">Kontakt Os<\/a><\/div>\n\t\t<\/div>\n\t<\/div>\n<\/section>\n","protected":false},"excerpt":{"rendered":"<p>M&amp;A af SNS-konti M&amp;A af YouTube-kanaler og Twitter-konti er et h\u00f8jt specialiseret omr\u00e5de, der kr\u00e6ver specialiseret viden og know-how. Som et advokatfirma med specialister i IT, internet og for [&hellip;]<\/p>\n","protected":false},"author":1,"featured_media":57173,"parent":0,"menu_order":7,"comment_status":"closed","ping_status":"closed","template":"other-page-temp.php","meta":{"footnotes":""},"acf":[],"_links":{"self":[{"href":"https:\/\/monolith.law\/da\/wp-json\/wp\/v2\/pages\/31513"}],"collection":[{"href":"https:\/\/monolith.law\/da\/wp-json\/wp\/v2\/pages"}],"about":[{"href":"https:\/\/monolith.law\/da\/wp-json\/wp\/v2\/types\/page"}],"author":[{"embeddable":true,"href":"https:\/\/monolith.law\/da\/wp-json\/wp\/v2\/users\/1"}],"replies":[{"embeddable":true,"href":"https:\/\/monolith.law\/da\/wp-json\/wp\/v2\/comments?post=31513"}],"version-history":[{"count":65,"href":"https:\/\/monolith.law\/da\/wp-json\/wp\/v2\/pages\/31513\/revisions"}],"predecessor-version":[{"id":59123,"href":"https:\/\/monolith.law\/da\/wp-json\/wp\/v2\/pages\/31513\/revisions\/59123"}],"wp:featuredmedia":[{"embeddable":true,"href":"https:\/\/monolith.law\/da\/wp-json\/wp\/v2\/media\/57173"}],"wp:attachment":[{"href":"https:\/\/monolith.law\/da\/wp-json\/wp\/v2\/media?parent=31513"}],"curies":[{"name":"wp","href":"https:\/\/api.w.org\/{rel}","templated":true}]}}