{"id":31896,"date":"2021-04-23T15:41:19","date_gmt":"2021-04-23T06:41:19","guid":{"rendered":"https:\/\/monolith.law\/?page_id=31896"},"modified":"2023-12-01T19:47:48","modified_gmt":"2023-12-01T10:47:48","slug":"cybercrime","status":"publish","type":"page","link":"https:\/\/monolith.law\/da\/cybercrime","title":{"rendered":"Cyberkriminalitet"},"content":{"rendered":"\n<section class=\"heading-area\">\n\t<div class=\"heading-area-inner\">\n\t\t<h2 class=\"icon-cybercrime\">Cyberkriminalitet<\/h2>\n\t\t<p>Cyberkriminalitet er et alvorligt problem i nutidens samfund, og det er afg\u00f8rende for virksomheder at tr\u00e6ffe passende handlinger, n\u00e5r de er ofre for s\u00e5danne forbrydelser. Med et team af advokater med juridisk viden og IT-ekspertise, s\u00e5vel som aktive IT-ingeni\u00f8rer og IT-konsulenter, kan vores firma give pr\u00e6cis r\u00e5dgivning skr\u00e6ddersyet til virksomhedens specifikke situation og bist\u00e5 med at iv\u00e6rks\u00e6tte straffesager.<\/p>\n\t<\/div>\n<\/section>\n\n<section class=\"white-section\">\n\t<div class=\"section-inner pdt0  border-bottom-section\">\n\t\t<p>Det er effektivt at rekruttere hj\u00e6lp fra eksperter, der er godt inde i de japanske strafferetsprocedurer, for at fremprovokere en unders\u00f8gelse og anholdelse af japansk politi i tilf\u00e6lde, der involverer uautoriseret adgang i Japan. Som et IT-fokuseret advokatfirma yder vi juridisk bistand til virksomheder, der har v\u00e6ret ofre for cyberkriminalitet som uautoriseret adgang og ulovlig dataekstraktion, inklusive hj\u00e6lp til indgivelse af strafferetlige klager og rapporter for at igangs\u00e6tte en strafferetlig unders\u00f8gelse.<\/p>\n\t<\/div>\n<\/section>\n\n<section class=\"second-nav\">\n\t<div class=\"second-nav-inner\">\n\t\t<p>EMNER<\/p>\n\t\t<nav>\n\t\t\t<ul>\n\t\t\t\t<li><a href=\"#specialized-expertise-in-cybersecurity\">Specialiseret Ekspertise i Cybersikkerhed<\/a><\/li>\n\t\t\t\t<li><a href=\"#the-need-for-addressing-cybercrime\">Behovet for at Adresse Cyberkriminalitet<\/a><\/li>\n\t\t\t\t<li><a href=\"#the-challenges-of-criminal-prosecution-in-cybercrime-cases\">Udfordringerne ved Strafforf\u00f8lgelse i Sager om Cyberkriminalitet<\/a><\/li>\n\t\t\t\t<li><a href=\"#synergy-of-lawyers-and-it-consultants\">Samarbejde mellem Advokater og IT-Konsulenter<\/a><\/li>\n\t\t\t\t<li><a href=\"#monolith-law-magazine\">MONOLITH LAW MAGAZINE<\/a><\/li>\n\t\t\t\t<li><a href=\"#fee-structure\">Gebyrstruktur<\/a><\/li>\n\t\t\t<\/ul>\n\t\t<\/nav>\n\t<\/div>\n<\/section>\n\n<section class=\"white-section\">\n\t<div class=\"anchor\" id=\"specialized-expertise-in-cybersecurity\"><\/div>\n\t<div class=\"section-inner pdb0\">\n\t\t<h3>Specialiseret Ekspertise i Cybersikkerhed<\/h3>\n\t\t<div class=\"max-width980 mgb-small\"><img decoding=\"async\" src=\"\/wp-content\/themes\/monolith2021\/img\/dispute\/dispute_member.jpg\" alt=\"Specialized Expertise in Cybersecurity\"><\/div>\n\t\t<div class=\"frame2 max-width860 txt-center-pc\">\n\t\t\t<p class=\"bold txt-l\">MONOLITH LAW OFFICE tilbyder specialiseret ekspertise inden for IT-ret, ledet af en repr\u00e6sentativ advokat med baggrund som tidligere IT-ingeni\u00f8r og leder. Firmaet best\u00e5r af 30 advokater, Kenji Shinjo (r\u00e5dgiver), en tidligere anklager ved Tokyos H\u00f8je Offentlige Anklagerkontor, og et team af 16 IT-konsulenter. Vi tilbyder l\u00f8sninger for at l\u00f8se komplekse tvister relateret til cybersikkerhed, idet vi udnytter vores teams dybe viden og erfaring inden for IT-lovgivning.<\/p>\n\t\t<\/div>\n\t<\/div>\n<\/section>\n\n<section class=\"orange-section mgt-section\">\n\t<div class=\"anchor\" id=\"the-need-for-addressing-cybercrime\"><\/div>\n\t<div class=\"section-inner\">\n\t\t<div class=\"flex\">\n\t\t\t<div class=\"width41\"><img decoding=\"async\" src=\"\/wp-content\/uploads\/2023\/05\/dispute_pic2.jpg\" alt=\"The Need for Addressing Cybercrime\"><\/div>\n\t\t\t<div class=\"width51\">\n\t\t\t\t<h3>Behovet for at Adresse Cyberkriminalitet<\/h3>\n\t\t\t\t<p class=\"mgb-small\">II den moderne verden udg\u00f8r cyberkriminalitet en stadig mere betydningsfuld trussel. Der findes forskellige typer af cyberangreb, herunder uautoriseret adgang, ulovlig dataekstraktion, spammails, phishing-svindel og malwareangreb.<\/p>\n\t\t\t\t<p class=\"mgb-small\">Uautoriseret adgang henviser til at infiltrere et computersystem for at stj\u00e6le eller manipulere med oplysninger. For virksomheder kan dette resultere i tyveri af fortrolige oplysninger eller systemforstyrrelser, der f\u00f8rer til nedsat produktivitet. Ulovlig dataekstraktion indeb\u00e6rer l\u00e6kage af f\u00f8lsomme virksomhedsoplysninger til eksterne kilder. Dette kan ske, n\u00e5r medarbejdere, der optr\u00e6der som interne akt\u00f8rer, tager fortrolige oplysninger ud af virksomheden, eller n\u00e5r eksterne angribere opn\u00e5r uautoriseret adgang for at stj\u00e6le informationer.<\/p>\n\t\t\t\t<p>TDisse cyberangreb for\u00e5rsager ikke kun betydelig skade p\u00e5 virksomheder, s\u00e5som databrud og forstyrrelser af forretningsoperationer, men ogs\u00e5 underminerer en virksomheds sociale tillid gennem l\u00e6kage af personlige oplysninger. Det er afg\u00f8rende at iv\u00e6rks\u00e6tte juridiske foranstaltninger for at adressere cyberkriminalitet for at beskytte sikkerheden for b\u00e5de virksomheder og enkeltpersoner.<\/p>\n\t\t\t<\/div>\n\t\t<\/div>\n\t<\/div>\n<\/section>\n\n<section class=\"white-section\">\n\t<div class=\"anchor\" id=\"the-challenges-of-criminal-prosecution-in-cybercrime-cases\"><\/div>\n\t<div class=\"section-inner\">\n\t\t<div class=\"flex reverse\">\n\t\t\t<div class=\"width41\"><img decoding=\"async\" src=\"\/wp-content\/uploads\/2023\/05\/dispute_pic2-1.jpg\" alt=\"The Challenges of Criminal Prosecution in Cybercrime Cases\"><\/div>\n\t\t\t<div class=\"width51\">\n\t\t\t\t<h3>Udfordringerne ved Strafforf\u00f8lgelse i Sager om Cyberkriminalitet<\/h3>\n\t\t\t\t<p class=\"mgb-small\">Hvis en person bliver offer for cyberkriminalitet og rapporterer h\u00e6ndelsen til politiet, forventes det generelt, at politiet vil gennemf\u00f8re en unders\u00f8gelse, identificere gerningsmanden og forts\u00e6tte med anholdelser og retsforf\u00f8lgelser. Dette er den \u201calmindelige borgeres opfattelse\u201d. Desv\u00e6rre er det dog i Japan, n\u00e5r det kommer til \u00f8konomiske forbrydelser, der ikke indeb\u00e6rer trusler mod menneskeliv eller fysisk velv\u00e6re, is\u00e6r i tilf\u00e6lde af cyberkriminalitet, at politiets efterforskningsressourcer i praksis er begr\u00e6nsede. Uden at offeret gennemf\u00f8rer grundige unders\u00f8gelser og skaber omfattende dokumentation, s\u00e5som \u201ch\u00e6ndelsesrapporter\u201d, er det vanskeligt effektivt at fremprovokere politiefterforskninger.<\/p>\n\t\t\t\t<p class=\"mgb-small\">M\u00e6ngden af dokumenter skabt af vores advokatfirma i en specifik sag om cyberkriminalitet for at opn\u00e5 den faktiske anholdelse og domf\u00e6ldelse af gerningsmanden er vist p\u00e5 billedet til h\u00f8jre. Selv efter indgivelse af en kriminel klage eller en offer-rapport, m\u00e5 offeret forts\u00e6tte med at skabe og indsende forskellige detaljerede materialer som anmodet af politiet. For at lette unders\u00f8gelser og anholdelser skal en betydelig m\u00e6ngde dokumentation forberedes og indsendes. <\/p>\n\t\t\t\t<p>At underst\u00f8tte strafforf\u00f8lgelsen af ofre for cyberkriminalitet kr\u00e6ver et advokatfirma med h\u00f8j ekspertise og organisatoriske kapaciteter.<\/p>\n\t\t\t<\/div>\n\t\t<\/div>\n\t<\/div>\n<\/section>\n\n<section class=\"purple-section\">\n\t<div class=\"anchor\" id=\"synergy-of-lawyers-and-it-consultants\"><\/div>\n\t<div class=\"section-inner\">\n\t\t<div class=\"flex reverse\">\n\t\t\t<div class=\"width51\">\n\t\t\t\t<h3>Samarbejde mellem Advokater og IT-Konsulenter<\/h3>\n\t\t\t\t<p class=\"mgb-small\">For at rapportere skadernes omfang og levere information, der kan f\u00f8re til opsporingen af gerningsm\u00e6ndene bag cyberkriminalitet over for politiet, er en kombination af avanceret IT-viden og juridisk analyse essentiel. For eksempel er det i tilf\u00e6lde af uautoriseret adgang n\u00f8dvendigt at fortolke logs fra platforme som Apache, identificere problematisk adgang og vurdere dens juridiske implikationer for at forklare, hvorfor den kvalificerer sig som &#8220;uautoriseret&#8221; adgang. Disse fund skal pr\u00e6senteres i et logisk sammenh\u00e6ngende dokument.<\/p>\n\t\t\t\t<p class=\"mgb-small\">For at opn\u00e5 dette er ekspertise svarende til IT-ingeni\u00f8rers og specialiseret viden om IT-love uundv\u00e6rlige.<\/p>\n\t\t\t\t<p>Vores advokatfirma best\u00e5r af 30 advokater, ledet af en repr\u00e6sentativ advokat, der er en tidligere IT-ingeni\u00f8r med erfaring i webbaserede virksomheder, sammen med et team af 16 IT-konsulenter og 85 medarbejdere. Med denne organisationsstruktur er vi unikt positioneret til at tilbyde omfattende l\u00f8sninger fra \u00e9t sted.<\/p>\n\t\t\t<\/div>\n\t\t\t<div class=\"width41\"><img decoding=\"async\" src=\"\/wp-content\/themes\/monolith_en\/img\/operationofofmedia\/operationofofmedia_pic5.svg\" alt=\"Synergy of Lawyers and IT Consultants\"><\/div>\n\t\t<\/div>\n\t<\/div>\n<\/section>\n\n<section class=\"purple2-section\">\n\t<div class=\"anchor\" id=\"monolith-law-magazine\"><\/div>\n\t<div class=\"section-inner\">\n\t\t    <section class=\"white-section temp-article\">\n        <div class=\"section-inner\">\n            <h4>MONOLITH LAW MAGAZINE<\/h4>\n            <div class=\"articles type_practice_column\">\n                                                                    <div class=\"article article-area\">\n                        <figure>\n                            <div class=\"img-wrap\">\n                                <img alt=\"Er sk\u00e6rmbilleder en kr\u00e6nkelse af ophavsretten? Forklaring af identifikation af afsender og metoder til fjernelse\" src=\"https:\/\/monolith.law\/da\/wp-content\/uploads\/sites\/13\/2024\/11\/30375485_m-1024x683-1.webp\" width=\"500\" height=\"250\">\n                            <\/div>\n                            <figcaption>\n                                <div class=\"figcaption-inner\">\n                                    <h3>Er sk\u00e6rmbilleder en kr\u00e6nkelse af ophavsretten? Forklaring af identifikation af a.<\/h3>\n                                <\/div>\n                            <\/figcaption>\n                            <a href=\"https:\/\/monolith.law\/da\/it\/screenshots-copyright\"><\/a>\n                        <\/figure>\n                    <\/div>\n                                                    <div class=\"article article-area\">\n                        <figure>\n                            <div class=\"img-wrap\">\n                                <img alt=\"\u3010Breaking News\u3011Antallet af anerkendte tilf\u00e6lde af uautoriseret adgang er tredoblet i l\u00f8bet af et \u00e5r i Reiwa 5 (2023)\" src=\"https:\/\/monolith.law\/da\/wp-content\/uploads\/sites\/13\/2024\/07\/Shutterstock_2236181323.webp\" width=\"500\" height=\"250\">\n                            <\/div>\n                            <figcaption>\n                                <div class=\"figcaption-inner\">\n                                    <h3>\u3010Breaking News\u3011Antallet af anerkendte tilf\u00e6lde af uautoriseret adgang er tredobl.<\/h3>\n                                <\/div>\n                            <\/figcaption>\n                            <a href=\"https:\/\/monolith.law\/da\/it\/unauthorized-access-statistics-2023\"><\/a>\n                        <\/figure>\n                    <\/div>\n                                                    <div class=\"article article-area\">\n                        <figure>\n                            <div class=\"img-wrap\">\n                                <img alt=\"En advokat forklarer handlinger og eksempler forbudt af den japanske 'Lov om forbud mod uautoriseret adgang\" src=\"https:\/\/monolith.law\/da\/wp-content\/uploads\/sites\/13\/2024\/03\/shutterstock_772039471-1024x683-1.jpg\" width=\"500\" height=\"250\">\n                            <\/div>\n                            <figcaption>\n                                <div class=\"figcaption-inner\">\n                                    <h3>En advokat forklarer handlinger og eksempler forbudt af den japanske 'Lov om for.<\/h3>\n                                <\/div>\n                            <\/figcaption>\n                            <a href=\"https:\/\/monolith.law\/da\/it\/injustice-access-law\"><\/a>\n                        <\/figure>\n                    <\/div>\n                                            <\/div>\n            <div class=\"btn-more\"><a href=\"https:\/\/monolith.law\/da\/tag\/cybercrime\">Read More<\/a><\/div>\n        <\/div>\n    <\/section>\n\t<\/div>\n<\/section>\n\n<section class=\"orange2-section\">\n\t<div class=\"anchor\" id=\"fee-structure\"><\/div>\n\t<div class=\"section-inner\">\n\t<div class=\"planWrap\">\n\t<h3>Gebyrstruktur<\/h3>\n\t<ul class=\"plan\">\n\t\t<li class=\"txt-left\">\n\t\t\t<div class=\"plan-inner\">\n\t\t\t<div class=\"plan-header\">\n\t\t\t<h4 class=\"plan-title\">Timepris<\/h4>\n\t\t\t<div class=\"plan-price\"><span class=\"price-figure\">$300<\/span>per time<span class=\"price-tax\"> <\/span><\/div>\n\t\t\t<\/div>\n\t\t\t<div class=\"plan-body\">I visse tilf\u00e6lde kan vi overveje at acceptere en tvist eller et s\u00f8gsm\u00e5l med et opstartshonorar og et resultatbaseret honorar. For flere detaljer, er du velkommen til at kontakte os.<\/div>\n\t\t\t<\/div>\n\t\t<\/li>\n\t\t<li class=\"txt-left\">\n\t\t\t<div class=\"plan-inner\">\n\t\t\t<div class=\"plan-header\">\n\t\t\t<h4 class=\"plan-title\">Udarbejdelse af Kontrakter<\/h4>\n\t\t\t<div class=\"plan-price\"><span class=\"price-value\">fra<\/span><span class=\"price-figure\">$500<\/span><span class=\"price-value\">til $2,000 eller mere<\/span><span class=\"price-tax\"><\/span><\/div>\n\t\t\t<\/div>\n\t\t\t<div class=\"plan-body\">Prisstrukturen kan variere baseret p\u00e5 typen og m\u00e6ngden af kontrakter. Vi er glade for at kunne tilbyde et forel\u00f8bigt overslag ved henvendelse, hvilket opfordrer dig til at kontakte os for yderligere detaljer.<\/div>\n\t\t\t<\/div>\n\t\t<\/li>\n\t\t<li class=\"txt-left\">\n\t\t\t<div class=\"plan-inner\">\n\t\t\t<div class=\"plan-header\">\n\t\t\t<h4 class=\"plan-title\">Andre Tjenester<\/h4>\n\t\t\t<div class=\"plan-price\"><span class=\"price-figure\">Kontakt Os<\/span><\/div>\n\t\t\t<\/div>\n\t\t\t<div class=\"plan-body\">Vi tilbyder et bredt spektrum af tjenester, herunder virksomhedsdannelse, kontraktgennemsyn, juridisk vurdering, sagsgennemgang eller forskningsbrev. Skulle du have nogen foresp\u00f8rgsler eller bekymringer, inviterer vi dig hjerteligt til at kontakte os, og vores kyndige team vil v\u00e6re glade for at assistere dig.<\/div>\n\t\t\t<\/div>\n\t\t\t<\/div>\n\t\t<\/li>\n\t<\/ul>\n\t<\/div>\n\t<\/div>\n<\/section>\n\n<section class=\"white-section\">\n\t<div class=\"section-inner\">\n\t\t<div class=\"btn-area\">\n\t\t\t<div class=\"btn icon-contact\"><a href=\"\/da\/contact\">Kontakt Os<\/a><\/div>\n\t\t<\/div>\n\t<\/div>\n<\/section>\n","protected":false},"excerpt":{"rendered":"<p>Cyberkriminalitet Cyberkriminalitet er et alvorligt problem i nutidens samfund, og det er afg\u00f8rende for virksomheder at tr\u00e6ffe passende handlinger, n\u00e5r de er ofre for s\u00e5danne forbrydelser. Med et team [&hellip;]<\/p>\n","protected":false},"author":1,"featured_media":57158,"parent":0,"menu_order":7,"comment_status":"closed","ping_status":"closed","template":"other-page-temp.php","meta":{"footnotes":""},"acf":[],"_links":{"self":[{"href":"https:\/\/monolith.law\/da\/wp-json\/wp\/v2\/pages\/31896"}],"collection":[{"href":"https:\/\/monolith.law\/da\/wp-json\/wp\/v2\/pages"}],"about":[{"href":"https:\/\/monolith.law\/da\/wp-json\/wp\/v2\/types\/page"}],"author":[{"embeddable":true,"href":"https:\/\/monolith.law\/da\/wp-json\/wp\/v2\/users\/1"}],"replies":[{"embeddable":true,"href":"https:\/\/monolith.law\/da\/wp-json\/wp\/v2\/comments?post=31896"}],"version-history":[{"count":23,"href":"https:\/\/monolith.law\/da\/wp-json\/wp\/v2\/pages\/31896\/revisions"}],"predecessor-version":[{"id":59119,"href":"https:\/\/monolith.law\/da\/wp-json\/wp\/v2\/pages\/31896\/revisions\/59119"}],"wp:featuredmedia":[{"embeddable":true,"href":"https:\/\/monolith.law\/da\/wp-json\/wp\/v2\/media\/57158"}],"wp:attachment":[{"href":"https:\/\/monolith.law\/da\/wp-json\/wp\/v2\/media?parent=31896"}],"curies":[{"name":"wp","href":"https:\/\/api.w.org\/{rel}","templated":true}]}}