{"id":32193,"date":"2021-05-10T15:23:51","date_gmt":"2021-05-10T06:23:51","guid":{"rendered":"https:\/\/monolith.law\/?page_id=32193"},"modified":"2023-12-01T19:46:56","modified_gmt":"2023-12-01T10:46:56","slug":"terms-of-use","status":"publish","type":"page","link":"https:\/\/monolith.law\/da\/terms-of-use","title":{"rendered":"Brugsvilk\u00e5r"},"content":{"rendered":"\n<section class=\"heading-area\">\n\t<div class=\"heading-area-inner\">\n\t\t<h2 class=\"icon-terms-of-use\">Brugsvilk\u00e5r<\/h2>\n\t\t<p>MONOLITH LAW OFFICE h\u00e5ndterer oprettelsen og gennemgangen af brugsvilk\u00e5r og privatlivspolitikker for forskellige apps, tjenester, spil i Japan. Yderligere kan vi l\u00e6se din kravspecifikation for den relevante appudvikling, Adobe XD-frameworks, landingssider, salgsmaterialer for potentielle kunder og andre eksisterende dokumenter og data.<\/p>\n\t<\/div>\n<\/section>\n\n<section class=\"white-section\">\n\t<div class=\"section-inner pdt0  border-bottom-section\">\n\t\t<p class=\"mgb-small\">Hos MONOLITH LAW OFFICE h\u00e5ndterer vi oprettelsen, \u00e6ndringen og gennemgangen af forskellige vilk\u00e5r og betingelser, privatlivspolitikker og andre n\u00f8dvendige aftaler i overensstemmelse med g\u00e6ldende love og regler i Japan. Vi er specialiserede i at yde juridisk st\u00f8tte til apps, tjenester, spil og andre digitale platforme.<\/p>\n\t\t<p class=\"mgb-small\">Vi kan arbejde med dit eksisterende materiale og data, s\u00e5som kravdefinitioner, frameworks skabt med Adobe XD, landingssider og salgsmaterialer rettet mod potentielle kunder. Vores team er i stand til at forst\u00e5 og analysere disse materialer for at sikre juridisk overholdelse og tilvejebringe v\u00e6rdifulde indsigter.<\/p>\n\t\t<p>Du er velkommen til at henvende dig til os for enhver assistance med at udarbejde eller opdatere dine vilk\u00e5r og betingelser, privatlivspolitikker eller andre juridiske dokumenter, der er n\u00f8dvendige for driften og lanceringen af din app eller digitale tjeneste.<\/p>\n\t<\/div>\n<\/section>\n\n<section class=\"second-nav\">\n\t<div class=\"second-nav-inner\">\n\t\t<p>EMNER<\/p>\n\t\t<nav>\n\t\t\t<ul>\n\t\t\t\t<li><a href=\"#apps-web-services-and-digital-platforms\">Apps, Webservices og Digitale Platforme<\/a><\/li>\n\t\t\t\t<li><a href=\"#games\">Spil<\/a><\/li>\n\t\t\t\t<li><a href=\"#publication-of-books-on-legal-matters-related-to-it\">Udgivelse af B\u00f8ger om Juridiske Sp\u00f8rgsm\u00e5l Relateret til IT<\/a><\/li>\n\t\t\t\t<li><a href=\"#crypto-asset-and-blockchain\">Kryptoaktiver og Blockchain<\/a><\/li>\n\t\t\t\t<li><a href=\"#medical-Apps-etc\">Medicinske Apps osv.<\/a><\/li>\n\t\t\t\t<li><a href=\"#drafting-with-minimal-operating-time\">Udarbejdelse med Minimal Driftstid<\/a><\/li>\n\t\t\t\t<li><a href=\"#some-examples-of-our-clients-and-the-products\">Nogle Eksempler p\u00e5 Vores Klienter og Produkter<\/a><\/li>\n\t\t\t\t<li><a href=\"#monolith-law-magazine\">MONOLITH LAW MAGAZINE<\/a><\/li>\n\t\t\t\t<li><a href=\"#fee-structure\">Gebyrstruktur<\/a><\/li>\n\t\t\t<\/ul>\n\t\t<\/nav>\n\t<\/div>\n<\/section>\n\n<section class=\"white-section mgt-section mgb-section80\">\n\t<div class=\"anchor\" id=\"apps-web-services-and-digital-platforms\"><\/div>\n\t<div class=\"section-inner-black\">\n\t\t<h3>Apps, Webservices og Digitale Platforme<\/h3>\n\t\t<p class=\"mgb-middle\">Vi har omfattende erfaring med at oprette og \u00e6ndre vilk\u00e5r og betingelser, privatlivspolitikker og andre juridiske dokumenter relateret til apps, webtjenester og digitale platforme. Vi tilbyder ogs\u00e5 konsulenttjenester til at bist\u00e5 med lovlig drift af webtjenester og apps i forhold til g\u00e6ldende regulativer.<\/p>\n\t\t<h4 class=\"mgb-small\">Her er nogle eksempler p\u00e5 vores pr\u00e6stationer:<\/h4>\n\t\t<p class=\"mgb-middle\">BGM og lydeffektdistributionstjenester, Baggrundsmusikafspilningsapps, SaaS-baserede stemmegenkendelsestjenester for B2B, Direkte-til-forbruger e-handelssider, EC-platforme, Tjenester der letter dataintegration mellem SaaS-platforme, Integrationstjenester for SaaS-udbydere, Kunstnerplatforme, Salgsst\u00f8ttev\u00e6rkt\u00f8jer, Apps til personlig \u00f8konomistyring, Jobrelaterede webtjenester og jobplatforme, Skybaserede udgiftsstyringstjenester, Skybaserede tilstedev\u00e6relsesstyringstjenester, Skybaserede rejseudgiftsgodtg\u00f8relsestjenester, Kosttilskudssalgstjenester, Politisk relaterede sociale netv\u00e6rkstjenester, Taxibestillingsapps, Outsourcingtjenester for dataanalyse, Video-baserede sociale netv\u00e6rkstjenester, Erhvervsorienterede sociale netv\u00e6rksplatforme, Erhvervsmatchingswebsteder, Hospital aftaleplatforme, Programmeringsskoler, Blockchain-baserede sociale netv\u00e6rkstjenester, Blockchain-baserede reklamenetv\u00e6rk, Reference-tjenester, Rejseconcierge-tjenester, Sikkerhedsbekr\u00e6ftelsestjenester, Medicinske informationssystemer, Kryptob\u00f8rs (udenlands), Ortodontiske klinikdatabasehjemmesider, Handicapst\u00f8ttetjenester, Skybaserede tjenester til rekruttering af nyuddannede, personaleledelse og medarbejdertr\u00e6ning, Officielle hjemmesider for import af biler, Livsstilsst\u00f8ttetjenester, Opstartsst\u00f8ttetjenester, Tjenester til kontrol af anti-sociale elementer<\/p>\n\t<\/div>\n<\/section>\n\n<section class=\"white-section mgt-section mgb-section\">\n\t<div class=\"anchor\" id=\"games\"><\/div>\n\t<div class=\"section-inner-black\">\n\t\t<h3>Spil<\/h3>\n\t\t<p class=\"mgb-small\">Vi har omfattende erfaring med at udarbejde brugsbetingelser for forskellige typer spil, lige fra konsolspil til mobilspil. Vi forst\u00e5r de juridiske implikationer og krav relateret til spildrift, herunder ophavsret, pr\u00e6mielovgivning, betalingstjenestelov, forbrugeraftalelov, specifik handelslov og telekommunikationsvirksomhedslov. Vi kan hj\u00e6lpe dig med at oprette omfattende brugsbetingelser, der overholder relevante regulativer.<\/p>\n\t\t<p class=\"mgb-small\">Derudover g\u00e5r vores tjenester ud over den oprindelige udarbejdelse af brugsbetingelser. Vi tilbyder r\u00e5dgivning om lovlig implementering af events og andre aktiviteter relateret til spildrift. Vores team er kyndige i de juridiske aspekter af spil-events og kan give vejledning for at sikre overholdelse af g\u00e6ldende love og regulativer.<\/p>\n\t\t<p class=\"mgb-middle\">Uanset om du er en spiludvikler eller et firma involveret i spildrift, er vi veludrustede til at levere skr\u00e6ddersyet juridisk st\u00f8tte til at im\u00f8dekomme dine specifikke behov i spilindustrien.<\/p>\n\t<\/div>\n<\/section>\n\n<section class=\"purple-section\">\n\t<div class=\"anchor\" id=\"publication-of-books-on-legal-matters-related-to-it\"><\/div>\n\t<div class=\"section-inner\">\n\t\t<div class=\"flex reverse\">\n\t\t\t<div class=\"width41\"><img decoding=\"async\" src=\"\/wp-content\/themes\/monolith2021\/img\/pic\/pic_publishing.jpg\" alt=\"Publication of Books on Legal Matters Related to IT\"><\/div>\n\t\t\t<div class=\"width51\">\n\t\t\t\t<h3>Udgivelse af B\u00f8ger om Juridiske Sp\u00f8rgsm\u00e5l Relateret til IT<\/h3>\n\t\t\t\t<p>Som en advokatvirksomhed specialiseret i systemudvikling og IT-relaterede juridiske sp\u00f8rgsm\u00e5l, herunder etablering af vilk\u00e5r for tjenesteydelser, webtjenester, apps og sp\u00f8rgsm\u00e5l relateret til spil, har Monolith Law Firm udgivet en bog med titlen &#8220;Letforst\u00e5elige Juridiske Q&amp;A for IT-ingeni\u00f8rer.&#8221; Bogen er forfattet af en tidligere ingeni\u00f8r, der er blevet advokat, og henvender sig prim\u00e6rt til IT-ingeni\u00f8rer. Den giver forklaringer p\u00e5 juridisk viden, der er skr\u00e6ddersyet til deres behov, og d\u00e6kker emner s\u00e5som udvikling af vilk\u00e5r for tjenesteydelser. Bogen har til form\u00e5l at tilbyde en brugervenlig tilgang til juridiske begreber og hj\u00e6lpe IT-ingeni\u00f8rer med at navigere i de juridiske aspekter af deres arbejde.<\/p>\n\t\t\t<\/div>\n\t\t<\/div>\n\t<\/div>\n<\/section>\n\n<section class=\"white-section\">\n\t<div class=\"anchor\" id=\"crypto-asset-and-blockchain\"><\/div>\n\t<div class=\"section-inner\">\n\t\t<div class=\"flex\">\n\t\t\t<div class=\"width41\"><img decoding=\"async\" src=\"\/wp-content\/uploads\/2022\/07\/shutterstock_1151380622_2.png\" alt=\"Crypto Asset and Blockchain\"><\/div>\n\t\t\t<div class=\"width51\">\n\t\t\t\t<h3>Kryptoaktiver og Blockchain<\/h3>\n\t\t\t\t<p>MONOLITH LAW OFFICE har v\u00e6ret aktivt engageret i juridisk arbejde relateret til kryptoaktiver og blockchain-teknologi siden dets etablering i 2017. Vi er godt rustet til at h\u00e5ndtere juridiske sp\u00f8rgsm\u00e5l vedr\u00f8rende blockchain-baserede spil. Med vores ekspertise i IT- og spilrelaterede juridiske sp\u00f8rgsm\u00e5l kan vi tilbyde omfattende st\u00f8tte i navigeringen af de juridiske kompleksiteter i blockchain-gaming, herunder overholdelse af regulativer, beskyttelse af intellektuel ejendomsret, brugeraftaler og meget mere.<\/p>\n\t\t\t<\/div>\n\t\t<\/div>\n\t<\/div>\n<\/section>\n\n<section class=\"white-section mgb-section\">\n\t<div class=\"anchor\" id=\"medical-Apps-etc\"><\/div>\n\t<div class=\"section-inner-black\">\n\t\t<h3>Medicinske Apps osv.<\/h3>\n\t\t<p class=\"mgb-small\">Vores advokatfirma har et st\u00e6rkt team af advokater, herunder den stiftende advokat, som har en baggrund inden for IT-ingeni\u00f8rvirksomhed, og advokater, der har omfattende erfaring med h\u00e5ndtering af medicinrelaterede sager. Med denne ekspertise er vi veludrustede til at h\u00e5ndtere virksomheder, apps og webtjenester relateret til sundhedssektoren. Vi har en dokumenteret erfaring p\u00e5 dette omr\u00e5de.\n\t\t<p class=\"mgb-middle\">Det juridiske landskab omkring sundhedsv\u00e6senet i Japan kan v\u00e6re komplekst, men du kan stole p\u00e5 vores firma til at navigere gennem intrigerne. Vi kan tilbyde omfattende juridisk st\u00f8tte skr\u00e6ddersyet til det medicinske sektors unikke behov, herunder overholdelse af regulativer, databeskyttelse, licensering, kontrakter og tvistbil\u00e6ggelse. Vores m\u00e5l er at sikre, at dine sundhedsrelaterede ventures udf\u00f8res i overensstemmelse med g\u00e6ldende love og regulativer, samtidig med at dine interesser beskyttes.<\/p>\n\t<\/div>\n<\/section>\n\n<section class=\"orange-section\">\n\t<div class=\"anchor\" id=\"drafting-with-minimal-operating-time\"><\/div>\n\t<div class=\"section-inner\">\n\t\t<div class=\"flex\">\n\t\t\t<div class=\"width41\"><img decoding=\"async\" src=\"\/wp-content\/themes\/monolith2021\/img\/pic\/pic_draft.jpg\" alt=\"Drafting with Minimal Operating Time\"><\/div>\n\t\t\t<div class=\"width51\">\n\t\t\t\t<h3>Udarbejdelse med Minimal Driftstid<\/h3>\n\t\t\t\t<p class=\"mgb-small\">Med vores hovedadvokat, der er en tidligere IT-ingeni\u00f8r, har vi evnen til at forst\u00e5 de tekniske aspekter, brugergr\u00e6nsefladen og funktionaliteten af apps og webtjenester, n\u00e5r vi skaber vilk\u00e5r for tjenesteydelser og andre relaterede dokumenter. Vi kan udnytte eksisterende kravdefinitioner, rammer, landingssider og markedsf\u00f8ringsmaterialer, som dit firma allerede besidder, hvilket giver os mulighed for at fortolke og ekstrahere den n\u00f8dvendige information fra vores side.<\/p>\n\t\t\t\t<p>Ved at minimere behovet for omfattende interviews eller m\u00f8der kan vi effektivt udarbejde vilk\u00e5r for tjenesteydelser, samtidig med at vi komprimerer kommunikationsomkostninger og tidsrammer. Denne tilgang g\u00f8r det muligt for os at str\u00f8mline processen og levere resultater rettidigt.<\/p>\n\t\t\t<\/div>\n\t\t<\/div>\n\t<\/div>\n<\/section>\n\n<section class=\"white-section\">\n\t<div class=\"anchor\" id=\"some-examples-of-our-clients-and-the-products\"><\/div>\n\t<div class=\"section-inner\">\n\t\t<h3>Nogle Eksempler p\u00e5 Vores Klienter og Produkter<\/h3>\n\t\t<ul class=\"layout-column4 mgb-middle\">\n\t\t\t<li>\n\t\t\t\t<div><img decoding=\"async\" src=\"\/wp-content\/themes\/monolith2021\/img\/clients\/logo_drwallet.png\"><\/div>\n\t\t\t\t<h4><a href=\"https:\/\/www.drwallet.jp\/\" target=\"_blank\" rel=\"noopener noreferrer\">TOKIUM Udgiftsgodtg\u00f8relse<\/a><\/h4>\n\t\t\t\t<p>Vi har arbejdet sammen med TOKIUM Inc., firmaet bag virksomhedsfinans-appen \u201cTOKIUM Udgiftsgodtg\u00f8relse\u201d, som deres \u00f8verste juridiske r\u00e5dgiver. Vi har ydet juridisk st\u00f8tte til deres projekter, herunder frigivelsen af deres udgiftsgodtg\u00f8relsessystem \u201cTOKIUM Faktura\u201d.<\/p>\n\t\t\t<\/li>\n\t\t\t<li>\n\t\t\t\t<div><img decoding=\"async\" src=\"\/wp-content\/themes\/monolith2021\/img\/clients\/logo_makeshop.png\"><\/div>\n\t\t\t\t<h4><a href=\"https:\/\/www.makeshop.jp\/\" target=\"_blank\" rel=\"noopener noreferrer\">Securio<\/a><\/h4>\n\t\t\t\t<p>Vi har v\u00e6ret revisor for LRM Corporation, som udgiver Securio, der forbedrer opfattelsen af informationssikkerhed i hele firmaet.<\/p>\n\t\t\t<\/li>\n\t\t\t<li>\n\t\t\t\t<div><img decoding=\"async\" src=\"\/wp-content\/themes\/monolith2021\/img\/clients\/logo_tribeau.png\"><\/div>\n\t\t\t\t<h4><a href=\"https:\/\/corp.tribeau.jp\/\" target=\"_blank\" rel=\"noopener noreferrer\">TRIBEAU<\/a><\/h4>\n\t\t\t\t<p>Vi har arbejdet med TRIBEAU Inc., firmaet bag sk\u00f8nhedsmedicin anmeldelse og reservationsapp \u201cTRIBEAU\u201d. Vi har ydet juridisk assistance til udgivelsen af b\u00e5de deres app og webtjeneste versioner.<\/p>\n\t\t\t<\/li>\n\t\t\t<li>\n\t\t\t\t<div><img decoding=\"async\" src=\"\/wp-content\/themes\/monolith2021\/img\/clients\/logo_flowerknightgirl.png\"><\/div>\n\t\t\t\t<h4><a href=\"https:\/\/flower-knight-girl.com\/\" target=\"_blank\" rel=\"noopener noreferrer\">FLOWER KNIGHT GIRL<\/a><\/h4>\n\t\t\t\t<p>Vi har bist\u00e5et YourGames Inc. med udgivelsen af deres popul\u00e6re RPG spil \u201cFLOWER KNIGHT GIRL\u201d, som har overg\u00e5et en million registrerede brugere. Spillet er tilg\u00e6ngeligt p\u00e5 DMM GAMES platformen.<\/p>\n\t\t\t<\/li>\n\t\t<\/ul>\n\t\t<p class=\"txt-s\">* Bem\u00e6rk venligst, at disse kun er f\u00e5 eksempler, og vi har arbejdet med mange andre klienter. Vi prioriterer klientfortrolighed og offentligg\u00f8r kun involvering med firmaer, som har givet samtykke til offentlig anerkendelse eller dem, der er registreret med offentlige optegnelser som officerer.<\/p>\n\t<\/div>\n<\/section>\n\n<section class=\"purple2-section\">\n\t<div class=\"anchor\" id=\"monolith-law-magazine\"><\/div>\n\t<div class=\"section-inner\">\n\t\t    <section class=\"white-section temp-article\">\n        <div class=\"section-inner\">\n            <h4>MONOLITH LAW MAGAZINE<\/h4>\n            <div class=\"articles type_practice_column\">\n                                                                    <div class=\"article article-area\">\n                        <figure>\n                            <div class=\"img-wrap\">\n                                <img alt=\"Er Googles h\u00e5ndtering af anmeldelser ulovlig? En forklaring p\u00e5 forholdet til lovgivningen om salgsfremmende praksis og de tilh\u00f8rende sanktioner\" src=\"https:\/\/monolith.law\/da\/wp-content\/uploads\/sites\/13\/2025\/08\/18d044df35c4f42bb7e1507848a5e228.webp\" width=\"500\" height=\"250\">\n                            <\/div>\n                            <figcaption>\n                                <div class=\"figcaption-inner\">\n                                    <h3>Er Googles h\u00e5ndtering af anmeldelser ulovlig? En forklaring p\u00e5 forholdet til lov.<\/h3>\n                                <\/div>\n                            <\/figcaption>\n                            <a href=\"https:\/\/monolith.law\/da\/it\/google-review-agency\"><\/a>\n                        <\/figure>\n                    <\/div>\n                                                    <div class=\"article article-area\">\n                        <figure>\n                            <div class=\"img-wrap\">\n                                <img alt=\"Hvad er \"Cloud-undtagelsen\" i personoplysningsbeskyttelsesloven? En forklaring baseret p\u00e5 reelle eksempler p\u00e5 administrativ vejledning modtaget af cloudtjenesteudbydere.\" src=\"https:\/\/monolith.law\/da\/wp-content\/uploads\/sites\/13\/2025\/08\/0cdfadb6e93fc71449935bfe824bbde2.jpg\" width=\"500\" height=\"250\">\n                            <\/div>\n                            <figcaption>\n                                <div class=\"figcaption-inner\">\n                                    <h3>Hvad er \"Cloud-undtagelsen\" i personoplysningsbeskyttelsesloven? En forklaring b.<\/h3>\n                                <\/div>\n                            <\/figcaption>\n                            <a href=\"https:\/\/monolith.law\/da\/it\/personal-information-cloud-exceptions\"><\/a>\n                        <\/figure>\n                    <\/div>\n                                                    <div class=\"article article-area\">\n                        <figure>\n                            <div class=\"img-wrap\">\n                                <img alt=\"Hvilke risici er der ved at bruge ChatGPT i erhvervsm\u00e6ssig sammenh\u00e6ng? En forklaring p\u00e5 de juridiske problemer\" src=\"https:\/\/monolith.law\/da\/wp-content\/uploads\/sites\/13\/2024\/06\/Shutterstock_2252802247.webp\" width=\"500\" height=\"250\">\n                            <\/div>\n                            <figcaption>\n                                <div class=\"figcaption-inner\">\n                                    <h3>Hvilke risici er der ved at bruge ChatGPT i erhvervsm\u00e6ssig sammenh\u00e6ng? En forkla.<\/h3>\n                                <\/div>\n                            <\/figcaption>\n                            <a href=\"https:\/\/monolith.law\/da\/it\/chatgpt-legal-issues\"><\/a>\n                        <\/figure>\n                    <\/div>\n                                            <\/div>\n            <div class=\"btn-more\"><a href=\"https:\/\/monolith.law\/da\/tag\/terms-of-use\">Read More<\/a><\/div>\n        <\/div>\n    <\/section>\n\t<\/div>\n<\/section>\n\n<section class=\"orange2-section\">\n\t<div class=\"anchor\" id=\"fee-structure\"><\/div>\n\t<div class=\"section-inner\">\n\t<div class=\"planWrap\">\n\t<h3>Gebyrstruktur<\/h3>\n\t<ul class=\"plan\">\n\t\t<li class=\"txt-left\">\n\t\t\t<div class=\"plan-inner\">\n\t\t\t<div class=\"plan-header\">\n\t\t\t<h4 class=\"plan-title\">Timepris<\/h4>\n\t\t\t<div class=\"plan-price\"><span class=\"price-figure\">$300<\/span>per time<span class=\"price-tax\"> <\/span><\/div>\n\t\t\t<\/div>\n\t\t\t<div class=\"plan-body\">I visse tilf\u00e6lde kan vi overveje at acceptere en tvist eller retssag med et opstartsgebyr og et resultatbaseret honorar. For yderligere detaljer er du velkommen til at kontakte os.<\/div>\n\t\t\t<\/div>\n\t\t<\/li>\n\t\t<li class=\"txt-left\">\n\t\t\t<div class=\"plan-inner\">\n\t\t\t<div class=\"plan-header\">\n\t\t\t<h4 class=\"plan-title\">Udarbejdelse af Kontrakter<\/h4>\n\t\t\t<div class=\"plan-price\"><span class=\"price-value\">fra<\/span><span class=\"price-figure\">$500<\/span><span class=\"price-value\">til $2,000 eller mere<\/span><span class=\"price-tax\"><\/span><\/div>\n\t\t\t<\/div>\n\t\t\t<div class=\"plan-body\">Prisstrukturen kan variere afh\u00e6ngigt af typen og m\u00e6ngden af kontrakter. Vi er glade for at kunne tilbyde et forel\u00f8bigt overslag ved foresp\u00f8rgsel, og opfordrer dig derfor til at kontakte os for yderligere detaljer.<\/div>\n\t\t\t<\/div>\n\t\t<\/li>\n\t\t<li class=\"txt-left\">\n\t\t\t<div class=\"plan-inner\">\n\t\t\t<div class=\"plan-header\">\n\t\t\t<h4 class=\"plan-title\">Andre Tjenester<\/h4>\n\t\t\t<div class=\"plan-price\"><span class=\"price-figure\">Kontakt Os<span><\/div>\n\t\t\t<\/div>\n\t\t\t<div class=\"plan-body\">Vi tilbyder en bred vifte af tjenester, herunder virksomhedsdannelse, kontraktgennemgang, juridiske vurderinger, sagsgennemgang eller forskningsbreve. Skulle du have nogen foresp\u00f8rgsler eller bekymringer, inviterer vi dig hjerteligt til at kontakte os, og vores kyndige team vil v\u00e6re glade for at assistere dig.<\/div>\n\t\t\t<\/div>\n\t\t\t<\/div>\n\t\t<\/li>\n\t<\/ul>\n\t<\/div>\n\t<\/div>\n<\/section>\n\n<section class=\"white-section\">\n\t<div class=\"section-inner\">\n\t\t<div class=\"btn-area\">\n\t\t\t<div class=\"btn icon-contact\"><a href=\"\/da\/contact\">Kontakt Os<\/a><\/div>\n\t\t<\/div>\n\t<\/div>\n<\/section>\n","protected":false},"excerpt":{"rendered":"<p>Brugsvilk\u00e5r MONOLITH LAW OFFICE h\u00e5ndterer oprettelsen og gennemgangen af brugsvilk\u00e5r og privatlivspolitikker for forskellige apps, tjenester, spil i Japan. Yderligere kan vi l\u00e6se din kravspecifikation [&hellip;]<\/p>\n","protected":false},"author":1,"featured_media":57154,"parent":0,"menu_order":7,"comment_status":"closed","ping_status":"closed","template":"other-page-temp.php","meta":{"footnotes":""},"acf":[],"_links":{"self":[{"href":"https:\/\/monolith.law\/da\/wp-json\/wp\/v2\/pages\/32193"}],"collection":[{"href":"https:\/\/monolith.law\/da\/wp-json\/wp\/v2\/pages"}],"about":[{"href":"https:\/\/monolith.law\/da\/wp-json\/wp\/v2\/types\/page"}],"author":[{"embeddable":true,"href":"https:\/\/monolith.law\/da\/wp-json\/wp\/v2\/users\/1"}],"replies":[{"embeddable":true,"href":"https:\/\/monolith.law\/da\/wp-json\/wp\/v2\/comments?post=32193"}],"version-history":[{"count":20,"href":"https:\/\/monolith.law\/da\/wp-json\/wp\/v2\/pages\/32193\/revisions"}],"predecessor-version":[{"id":59117,"href":"https:\/\/monolith.law\/da\/wp-json\/wp\/v2\/pages\/32193\/revisions\/59117"}],"wp:featuredmedia":[{"embeddable":true,"href":"https:\/\/monolith.law\/da\/wp-json\/wp\/v2\/media\/57154"}],"wp:attachment":[{"href":"https:\/\/monolith.law\/da\/wp-json\/wp\/v2\/media?parent=32193"}],"curies":[{"name":"wp","href":"https:\/\/api.w.org\/{rel}","templated":true}]}}