{"id":32253,"date":"2021-05-11T11:20:39","date_gmt":"2021-05-11T02:20:39","guid":{"rendered":"https:\/\/monolith.law\/?page_id=32253"},"modified":"2024-08-05T18:18:50","modified_gmt":"2024-08-05T09:18:50","slug":"system-development","status":"publish","type":"page","link":"https:\/\/monolith.law\/da\/system-development","title":{"rendered":"Systemudvikling"},"content":{"rendered":"\n<section class=\"heading-area\">\n\t<div class=\"heading-area-inner\">\n\t\t<h2 class=\"icon-system-development\">Systemudvikling<\/h2>\n\t\t<p>H\u00f8jt specialiseret systemudvikling involverer ofte vanskelige problemstillinger og forhandlinger i kontraktsforhandlinger. Vi st\u00e5r klar til at st\u00f8tte din virksomhed ved at anvende vores viden ikke kun som juridiske eksperter, men ogs\u00e5 som IT-eksperter for at afg\u00f8re, hvad der er essentielt for virksomheden.<\/p>\n\t<\/div>\n<\/section>\n\n<section class=\"white-section\">\n\t<div class=\"section-inner pdt0 border-bottom-section\">\n\t\t<p>Vi er en advokatfirma ledet af en advokat, der er en tidligere IT-ingeni\u00f8r, og vi h\u00e5ndterer alt fra udarbejdelse, revision og forhandling af kontrakter for h\u00f8jt specialiseret systemudvikling til l\u00f8sning af tvister, n\u00e5r de opst\u00e5r. Vi udarbejder ogs\u00e5 kontrakter fra bunden baseret p\u00e5 eksisterende materialer, s\u00e5som tilbudsdokumenter, og med et minimum af m\u00f8der.<\/p>\n\t<\/div>\n<\/section>\n\n<section class=\"second-nav\">\n\t<div class=\"second-nav-inner\">\n\t\t<p>EMNER<\/p>\n\t\t<nav>\n\t\t\t<ul>\n\t\t\t\t<li><a href=\"#contract-drafting-in-system-development\">Forberedelse af systemudviklingskontrakter<\/a><\/li>\n\t\t\t\t<li><a href=\"#dispute-resolution-in-system-development\">Tvistl\u00f8sning i Systemudvikling<\/a><\/li>\n\t\t\t\t<li><a href=\"#drafting-with-minimal-operating-time\">Udarbejdelse med Minimal Driftstid<\/a><\/li>\n\t\t\t\t<li><a href=\"#examples-of-support-provided-by-our-firm\">Eksempler p\u00e5 support leveret af vores firma<\/a><\/li>\n\t\t\t\t<li><a href=\"#publication-achievements-systems-development-legal\">Publikationsresultater<\/a><\/li>\n\t\t\t\t<li><a href=\"#crypto-assets-and-blockchain\">Kryptoaktiver og Blockchain<\/a><\/li>\n\t\t\t\t<li><a href=\"#manda\">M&amp;A<\/a><\/li>\n\t\t\t\t<li><a href=\"#monolith-law-magazine\">MONOLITH LAW MAGAZINE<\/a><\/li>\n\t\t\t\t<li><a href=\"#fee-structure\">Gebyrstruktur<\/a><\/li>\n\t\t\t<\/ul>\n\t\t<\/nav>\n\t<\/div>\n<\/section>\n\n<section class=\"white-section mgt-section mgb-section80\">\n\t<div class=\"anchor\" id=\"contract-drafting-in-system-development\"><\/div>\n\t<div class=\"section-inner-black\">\n\t\t<h3>Forberedelse af Systemudviklingskontrakter<\/h3>\n\t\t<p class=\"mgb-small\">I tilf\u00e6lde af systemudvikling kan der v\u00e6re abstrakte klausuler s\u00e5som ansvar i tilf\u00e6lde af kontraktuel ikke-konformitet, hvor kontrakten kun siger \u201cefter separat aftale\u201d. Med andre ord er system- eller projektspecifikke omst\u00e6ndigheder ikke direkte n\u00e6vnt. Som resultat er det ofte uklart, hvad resultatet bliver i tilf\u00e6lde af en faktisk tvist.<\/p>\n\t\t<p class=\"mgb-middle\">Vores firma overvejer ikke kun udarbejdelsen af kontrakter, men ogs\u00e5 en dyb forst\u00e5else for den relaterede systemudvikling som en vigtig del af vores arbejde.<\/p>\n\n\t<\/div>\n<\/section>\n\n<section class=\"purple-section\">\n\t<div class=\"anchor\" id=\"dispute-resolution-in-system-development\"><\/div>\n\t<div class=\"section-inner\">\n\t\t<div class=\"flex\">\n\t\t\t<div class=\"width41\"><img decoding=\"async\" src=\"\/wp-content\/themes\/monolith2021\/img\/systemdevelopment\/systemdevelopment_pic1.jpg\" alt=\" Dispute  Resolution in System Development\"><\/div>\n\t\t\t<div class=\"width51\">\n\t\t\t\t<h3>Tvistl\u00f8sning i Systemudvikling<\/h3>\n\t\t\t\t<p class=\"mgb-small\">N\u00e5r en tvist opst\u00e5r, er vi ansvarlige for udenretslige erstatningskrav, samt midlertidige forbud og retssager.<\/p>\n\t\t\t\t<p>Det er dog at foretr\u00e6kke, at tvister aldrig opst\u00e5r, og selv hvis der er en mulighed for en tvist, er det bedst, at den ikke kommer for retten. Dette er vores grundl\u00e6ggende syn og holdning, og vi yder daglige juridiske tjenester til vores erhvervsklienter baseret p\u00e5 dette foruds\u00e6tning.<\/p>\n\t\t\t<\/div>\n\t\t<\/div>\n\t<\/div>\n<\/section>\n\n<section class=\"white-section\">\n\t<div class=\"anchor\" id=\"drafting-with-minimal-operating-time\"><\/div>\n\t<div class=\"section-inner\">\n\t\t<div class=\"flex reverse\">\n\t\t\t<div class=\"width41\"><img decoding=\"async\" src=\"\/wp-content\/themes\/monolith2021\/img\/pic\/pic_draft.jpg\" alt=\"Drafting with Minimal Operating Time\"><\/div>\n\t\t\t<div class=\"width51\">\n\t\t\t\t<h3>Udarbejdelse med Minimal Driftstid<\/h3>\n\t\t\t\t<p class=\"mgb-small\">Vores grundl\u00e6ggende advokat er en tidligere IT-ingeni\u00f8r.<\/p>\n\t\t\t\t<p class=\"mgb-small\">For at udarbejde en kontrakt til systemudvikling og at designe et skema som en foruds\u00e6tning for en s\u00e5dan kontrakt, er det n\u00f8dvendigt at forst\u00e5 omridset af det relevante system. Vi er i stand til at l\u00e6se de forskellige dokumenter og data, der allerede eksisterer i din virksomhed, s\u00e5som kravdefinitioner og salgsmateriale til potentielle kunder for den relevante systemudvikling, p\u00e5 vores side.<\/p>\n\t\t\t\t<p>Derfor kan vi forberede udkast til kontrakter og andre dokumenter med et minimum af tid brugt p\u00e5 m\u00f8der osv., effektivt reducere kommunikationsomkostninger og den tid, der kr\u00e6ves til forberedelse.<\/p>\n\t\t\t<\/div>\n\t\t<\/div>\n\t<\/div>\n<\/section>\n\n<section class=\"orange-section\">\n\t<div class=\"anchor\" id=\"examples-of-support-provided-by-our-firm\"><\/div>\n\t<div class=\"section-inner\">\n\t\t<h3 class=\"mgb-middle\">Eksempler p\u00e5 support leveret af vores firma<\/h3>\n\t\t<ul class=\"layout-column4\">\n\t\t\t<li>\n\t\t\t\t<div><img decoding=\"async\" src=\"\/wp-content\/themes\/monolith2021\/img\/systemdevelopment\/systemdevelopment_support_pic1.jpg\"><\/div>\n\t\t\t\t<h4>IT-leverand\u00f8rer<\/h4>\n\t\t\t\t<p>Vi tilbyder en r\u00e6kke tjenester til virksomheder, der yder tjenester til systemudvikling, fra udarbejdelse af kontrakter relateret til systemudvikling til tvistl\u00f8sning, i form af juridisk r\u00e5dgivning og andre juridiske tjenester. Vi h\u00e5ndterer ogs\u00e5 avancerede omr\u00e5der s\u00e5som blockchain-relaterede sager.<\/p>\n\t\t\t<\/li>\n\t\t\t<li>\n\t\t\t\t<div><img decoding=\"async\" src=\"\/wp-content\/themes\/monolith2021\/img\/systemdevelopment\/systemdevelopment_support_pic2.jpg\"><\/div>\n\t\t\t\t<h4>Forretningsvirksomheder<\/h4>\n\t\t\t\t<p>Vi tilbyder en r\u00e6kke tjenester til forretningsvirksomheder, der bestiller arbejde til systemudvikling. Is\u00e6r for nye virksomheder af virksomheder, der ikke specialiserer sig i IT, kan vi yde st\u00f8tte inklusive systemdesign for hele forretningen, inklusive opf\u00f8lgning efter levering.<\/p>\n\t\t\t<\/li>\n\t\t\t<li>\n\t\t\t\t<div><img decoding=\"async\" src=\"\/wp-content\/themes\/monolith2021\/img\/systemdevelopment\/systemdevelopment_support_pic3.jpg\"><\/div>\n\t\t\t\t<h4>Systemingeni\u00f8rtjenester (SES)<\/h4>\n\t\t\t\t<p>MONOLITH LAW OFFICE yder juridiske tjenester til mange SES-virksomheder. Vi besk\u00e6ftiger os med udarbejdelse af kontrakter relateret til SES, l\u00f8sning af udenretslige tvister vedr\u00f8rende specifikke problemer og h\u00e5ndtering af retssager.<\/p>\n\t\t\t<\/li>\n\t\t\t<li>\n\t\t\t\t<div><img decoding=\"async\" src=\"\/wp-content\/themes\/monolith2021\/img\/systemdevelopment\/systemdevelopment_support_pic4.jpg\"><\/div>\n\t\t\t\t<h4>Open-source software (OSS)<\/h4>\n\t\t\t\t<p>Vi har med succes leveret professionelt design og tilsyn med brugerdokumentation for virksomheder, der tilbyder b\u00e5de GPL og andre open source-licenser, s\u00e5vel som kommercielle licenser.<\/p>\n\t\t\t<\/li>\n\t\t<\/ul>\n\t<\/div>\n<\/section>\n\n<section class=\"white-section\">\n\t<div class=\"anchor\" id=\"publication-achievements-systems-development-legal\"><\/div>\n\t<div class=\"section-inner\">\n\t\t<div class=\"flex reverse\">\n\t\t\t<div class=\"width41\"><img decoding=\"async\" src=\"\/wp-content\/themes\/monolith2021\/img\/pic\/pic_publishing.jpg\" alt=\"Publication of Books on Legal Matters Related to System Development\"><\/div>\n\t\t\t<div class=\"width51\">\n\t\t\t\t<h3>Udgivelse af B\u00f8ger om Juridiske Sp\u00f8rgsm\u00e5l Relateret til Systemudvikling<\/h3>\n\t\t\t\t<p class=\"mgb-small\">Som et advokatfirma der specialiserer sig i systemudvikling til webtjenester, applikationer og spil, har vi udgivet bogen \u201cIntroducerende Juridisk Q&amp;A for IT-ingeni\u00f8rer\u201d. I bogen forklarer en tidligere ingeni\u00f8radvokat juridisk viden hovedsageligt for IT-ingeni\u00f8rer.<\/p>\n\t\t\t\t<p>Bogen best\u00e5r af kapitlerne Copyrights Faldgruber, Udviklingskontrakter Faldgruber, Arbejdsrelationer Faldgruber, Kontraktens Tjekpunkter, og giver juridiske forklaringer p\u00e5 specifikke punkter, der kan v\u00e6re problematiske i faktiske systemudviklingssituationer.<\/p>\n\t\t\t<\/div>\n\t\t<\/div>\n\t<\/div>\n<\/section>\n\n<section class=\"purple-section\">\n\t<div class=\"anchor\" id=\"crypto-assets-and-blockchain\"><\/div>\n\t<div class=\"section-inner\">\n\t\t<div class=\"flex\">\n\t\t\t<div class=\"width41\"><img decoding=\"async\" src=\"\/wp-content\/uploads\/2022\/07\/shutterstock_1151380622_2.png\" alt=\"Crypto Assets and Blockchain\"><\/div>\n\t\t\t<div class=\"width51\">\n\t\t\t\t<h3>Kryptoaktiver og Blockchain<\/h3>\n\t\t\t\t<p>Blockchain er en decentraliseret database med lav risiko for tab af optegnelser og sv\u00e6r at \u00e6ndre tidligere optegnelser. Det realiseres gennem IT-teknikker s\u00e5som konsensusalgoritmer, kryptografi og P2P-netv\u00e6rk. MONOLITH ADVOKATKONTOR har besk\u00e6ftiget sig med juridisk arbejde inden for kryptoaktiver og blockchain siden sin \u00e5bning i 2017.<\/p>\n\t\t\t<\/div>\n\t\t<\/div>\n\t<\/div>\n<\/section>\n\n<section class=\"white-section mgt-section mgb-section\">\n\t<div class=\"anchor\" id=\"manda\"><\/div>\n\t<div class=\"section-inner-black\">\n\t\t<h3>M&amp;A<\/h3>\n\t\t<p class=\"mgb-middle\">Vi har omfattende erfaring med M&amp;A, der involverer IT-systemer, herunder virksomhedsoverdragelser og opk\u00f8b af applikationer og webtjenester.<\/p>\n\t<\/div>\n<\/section>\n\n<section class=\"purple2-section\">\n\t<div class=\"anchor\" id=\"monolith-law-magazine\"><\/div>\n\t<div class=\"section-inner\">\n\t\t    <section class=\"white-section temp-article\">\n        <div class=\"section-inner\">\n            <h4>MONOLITH LAW MAGAZINE<\/h4>\n            <div class=\"articles type_practice_column\">\n                                                                    <div class=\"article article-area\">\n                        <figure>\n                            <div class=\"img-wrap\">\n                                <img alt=\"Hvad er overtr\u00e6delse af OSS-licenser? Risici og foranstaltninger virksomheder b\u00f8r kende, forklaret med eksempler\" src=\"https:\/\/monolith.law\/da\/wp-content\/uploads\/sites\/13\/2025\/08\/3f64c538ca3592a5c08ed58d3b11ff7f.webp\" width=\"500\" height=\"250\">\n                            <\/div>\n                            <figcaption>\n                                <div class=\"figcaption-inner\">\n                                    <h3>Hvad er overtr\u00e6delse af OSS-licenser? Risici og foranstaltninger virksomheder b\u00f8.<\/h3>\n                                <\/div>\n                            <\/figcaption>\n                            <a href=\"https:\/\/monolith.law\/da\/it\/oss-license-violation\"><\/a>\n                        <\/figure>\n                    <\/div>\n                                                    <div class=\"article article-area\">\n                        <figure>\n                            <div class=\"img-wrap\">\n                                <img alt=\"\u00c5tte juridiske problemstillinger i softwareudvikling ved brug af open source-software (OSS) forklaret\" src=\"https:\/\/monolith.law\/da\/wp-content\/uploads\/sites\/13\/2025\/08\/2e3dcd72416c364f481cdcf21967a2a8.webp\" width=\"500\" height=\"250\">\n                            <\/div>\n                            <figcaption>\n                                <div class=\"figcaption-inner\">\n                                    <h3>\u00c5tte juridiske problemstillinger i softwareudvikling ved brug af open source-sof.<\/h3>\n                                <\/div>\n                            <\/figcaption>\n                            <a href=\"https:\/\/monolith.law\/da\/it\/oss-law\"><\/a>\n                        <\/figure>\n                    <\/div>\n                                                    <div class=\"article article-area\">\n                        <figure>\n                            <div class=\"img-wrap\">\n                                <img alt=\"Hvor langt str\u00e6kker en leverand\u00f8rs ansvar sig i forbindelse med leverancer, der inkluderer OSS? En forklaring p\u00e5 civilretligt ansvar og foranstaltninger for hver kontrakttype.\" src=\"https:\/\/monolith.law\/da\/wp-content\/uploads\/sites\/13\/2025\/08\/a3e2bebbbd18ab9195487c8b62e3ba94.webp\" width=\"500\" height=\"250\">\n                            <\/div>\n                            <figcaption>\n                                <div class=\"figcaption-inner\">\n                                    <h3>Hvor langt str\u00e6kker en leverand\u00f8rs ansvar sig i forbindelse med leverancer, der .<\/h3>\n                                <\/div>\n                            <\/figcaption>\n                            <a href=\"https:\/\/monolith.law\/da\/it\/oss-contract\"><\/a>\n                        <\/figure>\n                    <\/div>\n                                            <\/div>\n            <div class=\"btn-more\"><a href=\"https:\/\/monolith.law\/da\/tag\/system-development\">Read More<\/a><\/div>\n        <\/div>\n    <\/section>\n\t<\/div>\n<\/section>\n\n<section class=\"orange2-section\">\n\t<div class=\"anchor\" id=\"fee-structure\"><\/div>\n\t<div class=\"section-inner\">\n\t<div class=\"planWrap\">\n\t<h3>Gebyrstruktur<\/h3>\n\t<ul class=\"plan\">\n\t\t<li class=\"txt-left\">\n\t\t\t<div class=\"plan-inner\">\n\t\t\t<div class=\"plan-header\">\n\t\t\t<h4 class=\"plan-title\">Timepris<\/h4>\n\t\t\t<div class=\"plan-price\"><span class=\"price-figure\">$300<\/span>per time<span class=\"price-tax\"> <\/span><\/div>\n\t\t\t<\/div>\n\t\t\t<div class=\"plan-body\">I visse tilf\u00e6lde kan vi overveje at acceptere en tvist eller retssag med et opstartshonorar og et succesgebyr. For yderligere detaljer er du velkommen til at kontakte os.<\/div>\n\t\t\t<\/div>\n\t\t<\/li>\n\t\t<li class=\"txt-left\">\n\t\t\t<div class=\"plan-inner\">\n\t\t\t<div class=\"plan-header\">\n\t\t\t<h4 class=\"plan-title\">Udarbejdelse af Kontrakter<\/h4>\n\t\t\t<div class=\"plan-price\"><span class=\"price-value\">fra<\/span><span class=\"price-figure\">$500<\/span><span class=\"price-value\">til $2,000 eller mere<\/span><span class=\"price-tax\"><\/span><\/div>\n\t\t\t<\/div>\n\t\t\t<div class=\"plan-body\">Prisstrukturen kan variere baseret p\u00e5 typen og antallet af kontrakter. Vi er glade for at kunne tilbyde et forel\u00f8bigt overslag ved foresp\u00f8rgsel, hvilket opfordrer dig til at kontakte os for yderligere detaljer.<\/div>\n\t\t\t<\/div>\n\t\t<\/li>\n\t\t<li class=\"txt-left\">\n\t\t\t<div class=\"plan-inner\">\n\t\t\t<div class=\"plan-header\">\n\t\t\t<h4 class=\"plan-title\">Andre Tjenester<\/h4>\n\t\t\t<div class=\"plan-price\"><span class=\"price-figure\">Kontakt Os<\/span><\/div>\n\t\t\t<\/div>\n\t\t\t<div class=\"plan-body\">Vi tilbyder en bred vifte af tjenester, herunder selskabsdannelse, kontraktgennemgang, juridiske vurderinger, sagsgennemgang eller forskningsbreve. Hvis du har nogen foresp\u00f8rgsler eller bekymringer, inviterer vi dig hjerteligt til at kontakte os, og vores kyndige team vil v\u00e6re glade for at assistere dig.<\/div>\n\t\t\t<\/div>\n\t\t\t<\/div>\n\t\t<\/li>\n\t<\/ul>\n\t<\/div>\n\t<\/div>\n<\/section>\n\n<section class=\"white-section\">\n\t<div class=\"section-inner\">\n\t\t<div class=\"btn-area\">\n\t\t\t<div class=\"btn icon-contact\"><a href=\"\/da\/contact\">Kontakt Os<\/a><\/div>\n\t\t<\/div>\n\t<\/div>\n<\/section>\n","protected":false},"excerpt":{"rendered":"<p>Systemudvikling H\u00f8jt specialiseret systemudvikling involverer ofte vanskelige problemstillinger og forhandlinger i kontraktsforhandlinger. Vi st\u00e5r klar til at st\u00f8tte din virksomhed ved at anvende vore [&hellip;]<\/p>\n","protected":false},"author":1,"featured_media":57152,"parent":0,"menu_order":7,"comment_status":"closed","ping_status":"closed","template":"other-page-temp.php","meta":{"footnotes":""},"acf":[],"_links":{"self":[{"href":"https:\/\/monolith.law\/da\/wp-json\/wp\/v2\/pages\/32253"}],"collection":[{"href":"https:\/\/monolith.law\/da\/wp-json\/wp\/v2\/pages"}],"about":[{"href":"https:\/\/monolith.law\/da\/wp-json\/wp\/v2\/types\/page"}],"author":[{"embeddable":true,"href":"https:\/\/monolith.law\/da\/wp-json\/wp\/v2\/users\/1"}],"replies":[{"embeddable":true,"href":"https:\/\/monolith.law\/da\/wp-json\/wp\/v2\/comments?post=32253"}],"version-history":[{"count":36,"href":"https:\/\/monolith.law\/da\/wp-json\/wp\/v2\/pages\/32253\/revisions"}],"predecessor-version":[{"id":69764,"href":"https:\/\/monolith.law\/da\/wp-json\/wp\/v2\/pages\/32253\/revisions\/69764"}],"wp:featuredmedia":[{"embeddable":true,"href":"https:\/\/monolith.law\/da\/wp-json\/wp\/v2\/media\/57152"}],"wp:attachment":[{"href":"https:\/\/monolith.law\/da\/wp-json\/wp\/v2\/media?parent=32253"}],"curies":[{"name":"wp","href":"https:\/\/api.w.org\/{rel}","templated":true}]}}