{"id":32408,"date":"2021-05-17T14:12:29","date_gmt":"2021-05-17T05:12:29","guid":{"rendered":"https:\/\/monolith.law\/?page_id=32408"},"modified":"2024-01-25T20:19:27","modified_gmt":"2024-01-25T11:19:27","slug":"m-and-a","status":"publish","type":"page","link":"https:\/\/monolith.law\/da\/m-and-a","title":{"rendered":"M&amp;A"},"content":{"rendered":"\n<section class=\"heading-area\">\n\t<div class=\"heading-area-inner\">\n\t\t<h2 class=\"icon-m-and-a\">M&amp;A<\/h2>\n\t\t<p>Vi har h\u00e5ndteret utallige kapital- og M&amp;A-relaterede juridiske anliggender centreret om IT, inklusiv apps og webtjenester. Vi er i stand til at h\u00e5ndtere juridisk due diligence (DD) i virksomhedsovertagelser og andre situationer.<\/p>\n\t<\/div>\n<\/section>\n\n<section class=\"white-section\">\n\t<div class=\"section-inner pdt0 border-bottom-section\">\n\t\t<p>MONOLITH LAW OFFICE har h\u00e5ndteret mange M&amp;A-transaktioner, inklusiv virksomhedsoverf\u00f8rsler, kapitalrelaterede juridiske forhold som tredjeparts tildeling af aktier, udstedelse af aktieoptioner, management buyouts (MBO) og etablering af JV&#8217;er, samt tvistl\u00f8sning relateret til disse transaktioner, prim\u00e6rt inden for IT-omr\u00e5det, inklusiv apps og webtjenester. Derudover har vi et system p\u00e5 plads til at h\u00e5ndtere s\u00e5kaldt juridisk due diligence (DD), som er en juridisk unders\u00f8gelse for at bekr\u00e6fte, om der er nogen s\u00e6rligt alvorlige juridiske problemer i situationer som virksomhedsovertagelser.<\/p>\n\t<\/div>\n<\/section>\n\n<section class=\"second-nav\">\n\t<div class=\"second-nav-inner\">\n\t\t<p>EMNER<\/p>\n\t\t<nav>\n\t\t\t<ul>\n\t\t\t\t<li><a href=\"#examples-of-support-provided-by-our-firm\">Eksempler p\u00e5 St\u00f8tte Leveret af Vores Firma<\/a><\/li>\n\t\t\t\t<li><a href=\"#share-and-capital-increase\">Udstedelse og Kapitalforh\u00f8jelse<\/a><\/li>\n\t\t\t\t<li><a href=\"#ma-related-legal-affairs\">M&amp;A Relaterede Juridiske Anliggender<\/a><\/li>\n\t\t\t\t<li><a href=\"#ma-of-sns-such-as-youtube\">M&amp;A af SNS som YouTube<\/a><\/li>\n\t\t\t\t<li><a href=\"#one-stop-service-in-cooperation-with-judicial-scriveners\">One-stop Service i Samarbejde med Juridiske Skrivere<\/a><\/li>\n\t\t\t\t<li><a href=\"#legal-due-diligence-dd-support\">Juridisk Due Diligence Support<\/a><\/li>\n\t\t\t\t<li><a href=\"#legal-due-diligence-cases-we-have-handled\">Juridiske Due Diligence Sager, Vi Har H\u00e5ndteret<\/a><\/li>\n\t\t\t\t<li><a href=\"#disputes-related-to-stocks-and-investments\">Tvister Relateret til Aktier og Investeringer<\/a><\/li>\n\t\t\t\t<li><a href=\"#monolith-law-magazine\">MONOLITH LAW MAGAZINE<\/a><\/li>\n\t\t\t\t<li><a href=\"#fee-structure\">Gebyrstruktur<\/a><\/li>\n\t\t\t<\/ul>\n\t\t<\/nav>\n\t<\/div>\n<\/section>\n\n<section class=\"white-section\">\n\t<div class=\"anchor\" id=\"examples-of-support-provided-by-our-firm\"><\/div>\n\t<div class=\"section-inner-bottomhalf\">\n\t\t<h3 class=\"mgb-middle\">Eksempel p\u00e5 st\u00f8tte leveret af vores firma<\/h3>\n\t\t<ul class=\"mgb-small layout-column4\">\n\t\t\t<li>\n\t\t\t\t<h4>Kapitalforh\u00f8jelse gennem tredjepartstildeling<\/h4>\n\t\t\t\t<div><img decoding=\"async\" src=\"\/wp-content\/themes\/monolith2021\/img\/stockrelatedlaw\/stockrelatedlaw_support_pic1.jpg\"><\/div>\n\t\t\t\t<p>Vi har bist\u00e5et mange venturevirksomheder med at skaffe kapital gennem tredjeparts tildeling. Vi har ogs\u00e5 hjulpet en b\u00f8rsnoteret virksomhed med at foretage sin f\u00f8rste venturekapitalinvestering ved at udarbejde et termsheet og en investeringsaftale.<\/p>\n\t\t\t<\/li>\n\t\t\t<li>\n\t\t\t\t<h4>Ledelsesopk\u00f8b<br>(MBO)<\/h4>\n\t\t\t\t<div><img decoding=\"async\" src=\"\/wp-content\/themes\/monolith2021\/img\/stockrelatedlaw\/stockrelatedlaw_support_pic2.jpg\"><\/div>\n\t\t\t\t<p>Vi har arbejdet med start-ups om etablering af f\u00e6lles virksomheder (JV&#8217;er), hvor en start-up og en stor virksomhed ejer aktier i samme virksomhed, ved at udarbejde termsheets, forhandle kontrakter og overf\u00f8re forretningen fra start-up-virksomheden til det nyetablerede selskab.<\/p>\n\t\t\t<\/li>\n\t\t\t<li>\n\t\t\t\t<h4>Etablering af Joint Ventures<\/h4>\n\t\t\t\t<div><img decoding=\"async\" src=\"\/wp-content\/themes\/monolith2021\/img\/stockrelatedlaw\/stockrelatedlaw_support_pic3.jpg\"><\/div>\n\t\t\t\t<p>We have worked with start-up companies on the establishment of joint ventures (JVs), in which a start-up company and a giant business enterprise hold shares in the same company, by drafting term sheets, negotiating contracts, and transferring the business from the start-up company to the newly established company.<\/p>\n\t\t\t\t<\/li>\n\t\t\t<li>\n\t\t\t\t<h4>Retssager relateret til aktier<\/h4>\n\t\t\t\t<div><img decoding=\"async\" src=\"\/wp-content\/themes\/monolith2021\/img\/stockrelatedlaw\/stockrelatedlaw_support_pic4.jpg\"><\/div>\n\t\t\t\t<p>Vi har h\u00e5ndteret sager, hvor en start-up-virksomhed modtog investering fra en privat investor, og gyldigheden af investeringsaftalen blev efterf\u00f8lgende bestridt, samt sager, hvor grundl\u00e6ggeren af en succesrig buyout-virksomhed efterf\u00f8lgende blev h\u00e6vdet at have misligholdt sine forpligtelser og modtaget et erstatningskrav fra virksomheden, som han havde solgt aktierne til, fra forhandlinger uden for retten til retssager.<\/p>\n\t\t\t<\/li>\n\t\t<\/ul>\n\t<\/div>\n<\/section>\n\n<section class=\"white-section\">\n\t<div class=\"section-inner-tophalf\">\n\t\t<div class=\"frame2 max-width860 txt-center-pc\">\n\t\t\t<p class=\"bold txt-l\">Vi har fungeret som juridisk r\u00e5dgiver for et antal IT-startup-virksomheder.<br>Kapital- og M&amp;A-relateret juridisk arbejde er et af vores hovedomr\u00e5der.<\/p>\n\t\t<\/div>\n\t<\/div>\n<\/section>\n\n<section class=\"white-section mgb-section80\">\n\t<div class=\"anchor\" id=\"share-and-capital-increase\"><\/div>\n\t<div class=\"section-inner-black\">\n\t\t<h3>Udstedelse og Kapitalforh\u00f8jelse<\/h3>\n\t\t<p class=\"mgb-middle\">Med hensyn til udstedelse af aktier gennem tredjepartstildeling h\u00e5ndterer vi alt fra forberedelse af termsheets til udarbejdelse af investeringsaftaler og aktion\u00e6raftaler. Vi h\u00e5ndterer ogs\u00e5 design af klasseaktier, der fasts\u00e6tter foretrukket distribution osv., udstedelse af aktiek\u00f8bsrettigheder, stifter-til-stifter aftaler, overf\u00f8rsel af aktier og forskellige andre kapitalrelaterede strategier og kontrakter osv.<\/p>\n\n\n\n\t<\/div>\n<\/section>\n\n<section class=\"white-section mgb-section100\">\n\t<div class=\"anchor\" id=\"ma-related-legal-affairs\"><\/div>\n\t<div class=\"section-inner-black\">\n\t\t<h3>M&amp;A Relaterede Juridiske Anliggender<\/h3>\n\t\t<p class=\"mgb-middle\">Vi har omfattende erfaring med M&amp;A-transaktioner i bred forstand af begrebet, prim\u00e6rt inden for IT-omr\u00e5det, inklusiv virksomhedsoverf\u00f8rsler af webtjenester og applikationer og opk\u00f8b af venturevirksomheder. Vi har ogs\u00e5 fungeret som klient for et TSE prime-noteret selskab i overf\u00f8rslen af dets IT-systemforretning fra en venturevirksomhed.<\/p>\n\n\n\n\t<\/div>\n<\/section>\n\n<section class=\"purple-section\">\n\t<div class=\"anchor\" id=\"ma-of-sns-such-as-youtube\"><\/div>\n\t<div class=\"section-inner\">\n\t\t<div class=\"flex reverse\">\n\t\t\t<div class=\"width41\"><img decoding=\"async\" src=\"\/wp-content\/themes\/monolith2021\/img\/pic\/pic_sns_manda.jpg\" alt=\"M&amp;A of SNS such as YouTube\"><\/div>\n\t\t\t<div class=\"width51\">\n\t\t\t\t<h3>M&amp;A af SNS som YouTube<\/h3>\n\t\t\t\t<p class=\"mgb-small\">YouTube-kanaler og Twitter-konti kan v\u00e6re genstand for M&amp;A, ligesom hjemmesider osv. P\u00e5 grund af den s\u00e6rlige karakter af disse M&amp;A-transaktioner kr\u00e6ver de et advokatfirma med specialiseret viden og know-how.<\/p>\n\t\t\t\t<p class=\"mgb-small\">Vores firma har h\u00e5ndteret adskillige M&amp;A-transaktioner for YouTube-kanaler og andre, der sp\u00e6nder fra sm\u00e5 bel\u00f8b til dem, der involverer mere end 100 millioner yen, og yder juridiske tjenester lige fra at udarbejde kontrakter til juridisk due diligence (DD).<\/p>\n\t\t\t\t<p class=\"mgb-middle\"><span class=\"bold\">**Vi har dedikerede sider til at h\u00e5ndtere forskellige typer arbejde.<\/span><\/p>\n\t\t\t\t<div class=\"btn-area align-left\">\n\t\t\t\t\t\n\t\t\t\t<\/div>\n\t\t\t<\/div>\n\t\t<\/div>\n\t<\/div>\n<\/section>\n\n<section class=\"white-section\">\n\t<div class=\"anchor\" id=\"one-stop-service-in-cooperation-with-judicial-scriveners\"><\/div>\n\t<div class=\"section-inner\">\n\t\t<div class=\"flex\">\n\t\t\t<div class=\"width41\"><img decoding=\"async\" src=\"\/wp-content\/themes\/monolith2021\/img\/stockrelatedlaw\/stockrelatedlaw_pic2.jpg\" alt=\"One-stop Service in Cooperation with Judicial Scriveners\"><\/div>\n\t\t\t<div class=\"width51\">\n\t\t\t\t<h3>One-stop Service i Samarbejde med Juridiske Skrivere<\/h3>\n\t\t\t\t<p class=\"mgb-small\">Forskellige typer arbejde, s\u00e5som tildeling af nye aktier til tredjepart, er prim\u00e6rt opdelt i forberedelse af betingelsesark, kontraktsforhandling og udarbejdelse af investeringsaftaler og aktion\u00e6raftaler, hvor advokater har ekspertise, og registreringsrelateret arbejde, hvor juridiske skrivere har ekspertise.<\/p>\n\t\t\t\t<p class=\"mgb-small\">Da disse er indbyrdes relaterede, bliver kommunikationsomkostningerne oppustede, hvis kunderne skal h\u00e5ndtere flere firmaer separat.<\/p>\n\t\t\t\t<p>MONOLITH LAW OFFICE kan i samarbejde med juridiske skriveres kontorer h\u00e5ndtere alle disse tjenester med \u00e9t kontaktpunkt og p\u00e5 en samlet m\u00e5de.<\/p>\n\t\t\t<\/div>\n\t\t<\/div>\n\t<\/div>\n<\/section>\n\n<section class=\"orange-section\">\n\t<div class=\"anchor\" id=\"legal-due-diligence-dd-support\"><\/div>\n\t<div class=\"section-inner\">\n\t\t<div class=\"flex reverse\">\n\t\t\t<div class=\"width41\"><img decoding=\"async\" src=\"\/wp-content\/themes\/monolith2021\/img\/pic\/pic_legalduediligence.jpg\" alt=\"Legal Due Diligence Support\"><\/div>\n\t\t\t<div class=\"width51\">\n\t\t\t\t<h3>Juridisk Due Diligence Support<\/h3>\n\t\t\t\t<p class=\"mgb-small\">I virksomhedsovertagelser og andre situationer er juridisk due diligence (DD) en juridisk unders\u00f8gelse for at afg\u00f8re, om der er nogen s\u00e6rligt alvorlige juridiske problemer p\u00e5 f\u00f8lgende omr\u00e5der: stiftelse, virksomhedsstruktur, aktier, aktion\u00e6rer, associerede selskaber, M&amp;A, fast ejendom, l\u00f8s\u00f8re, immaterielle rettigheder, finansiering, kontrakter, retssager og tvister, overholdelse osv. Due diligence (DD) er en opgave, der kr\u00e6ver organisatoriske f\u00e6rdigheder fra advokatfirmaets side. Vores team af 17 advokater kan gennemf\u00f8re s\u00e5dan juridisk due diligence og forberede DD-rapporter rettidigt.<\/p>\n\t\t\t\t<p><span class=\"bold\">*N\u00e5r man forbereder en DD-rapport, tager det generelt mere end 30 timer af advokatens tid (advokatens honorar lidt over $12,000).<\/span><\/p>\n\t\t\t<\/div>\n\t\t<\/div>\n\t<\/div>\n<\/section>\n\n<section class=\"orange2-section\">\n\t<div class=\"anchor\" id=\"legal-due-diligence-cases-we-have-handled\"><\/div>\n\t<div class=\"section-inner\">\n\t\t<h3>Juridiske Due Diligence Sager, Vi Har H\u00e5ndteret<\/h3>\n\t\t<p class=\"mgb-small\">Grundl\u00e6ggende omfatter Due Diligence de forhold, der tjener som grundlag for virksomheder eller forretningsdrift, samt dem, der har en v\u00e6sentlig indvirkning p\u00e5 virksomhedsaktiviteter.<\/p>\n\t\t<p class=\"mgb-small\">Det indeb\u00e6rer specifikt at vurdere i forhold til virksomhedsstruktur og styring, om virksomheder eller forretninger kan opretholde sig selv, identificere de n\u00f8dvendige juridiske regler og tilladelser for virksomheder og forretninger at forts\u00e6tte yderligere, og afg\u00f8re, om vedligeholdelse af s\u00e5danne tilladelser er gennemf\u00f8rlig. Desuden indeb\u00e6rer det at vurdere status for vigtige aktiver og forpligtelser relateret til forretningsdrift, finde ud af frav\u00e6ret af v\u00e6sentlige kontrakter (inklusive arbejde og transaktioner med relaterede parter), vurdere gennemf\u00f8rligheden af deres forts\u00e6ttelse af gunstige forhold og vurdere den potentielle indvirkning af manifesterede risici, der kan opst\u00e5.<\/p>\n\t\t<p class=\"mgb-middle\">Selvom det grundl\u00e6ggende er forankret i disse aspekter, er omfanget af juridisk due diligence underlagt specifikke punkter skr\u00e6ddersyet til virksomhedens eller forretningens natur.<\/p>\n\t\t<ol class=\"layout-datalist\">\n\t\t\t<li>\n\t\t\t\t<h4>En Tech Startup<\/h4>\n\t\t\t\t<p>Ud fra forskning i virksomhedsstrukturen, inklusive aktieudstedelse og sammens\u00e6tningen af aktion\u00e6rer og direkt\u00f8rer, l\u00e6gger vi ogs\u00e5 v\u00e6gt p\u00e5 en n\u00f8je unders\u00f8gelse af patenterede opfindelser og andre rettigheder relateret til hovedvirksomheden, forretningsanalysen.<\/p>\n\t\t\t<\/li>\n\t\t\t<li>\n\t\t\t\t<h4>En Medieh\u00e5ndtering-<br>svirksomhed<\/h4>\n\t\t\t\t<p>Vi unders\u00f8gte deres YouTube-kanaler for at se, om de opererede i overensstemmelse med Servicevilk\u00e5rene og Fortrolighedspolitikken, samt om det videomateriale, de tidligere havde offentliggjort, overholdt copyright og reklamereguleringer.<\/p>\n\t\t\t<\/li>\n\t\t\t<li>\n\t\t\t\t<h4>Kontraktbaseret IT-virksomhed<\/h4>\n\t\t\t\t<p>Givet en uoverensstemmelse mellem vedt\u00e6gterne og den faktiske situation vedr\u00f8rende udstedelse af aktier og afholdelse af aktion\u00e6rm\u00f8der blev identificeret, klargjorde vi de risici, der er forbundet med disse sp\u00f8rgsm\u00e5l, samt hjalp med at implementere fremtidige modforanstaltninger.<\/p>\n\t\t\t<\/li>\n\t\t\t<li>\n\t\t\t\t<h4>PC-relaterede Forhandlere<\/h4>\n\t\t\t\t<p>I stedet for at fokusere p\u00e5 selve forretningen vurderede vi ogs\u00e5 status for transaktioner med andre virksomheder og status for kontrakter om k\u00f8b af firmaets produkter. Derudover, idet virksomheden ogs\u00e5 var involveret i bygningskontrakt, bekr\u00e6ftede vi omhyggeligt detaljerne om licenser og tilladelser relateret til forts\u00e6ttelsen af byggebranchen og deres fornyelsesstatus, herunder placeringen af den ansvarlige part.<\/p>\n\t\t\t<\/li>\n\t\t\t<li>\n\t\t\t\t<h4>PC-relaterede producenter<\/h4>\n\t\t\t\t<p>Ud over at unders\u00f8ge arbejdsforhold s\u00e5som arbejdsregler og l\u00f8nreguleringer, idet virksomheden ejede flere arbejdsrelaterede maskiner, fabrikker og jorder, unders\u00f8gte vi n\u00f8je rettighederne og erhvervelsesv\u00e6rdien af s\u00e5danne.<\/p>\n\t\t\t<\/li>\n\t\t<\/ol>\n\t<\/div>\n<\/section>\n\n<section class=\"white-section\">\n\t<div class=\"anchor\" id=\"disputes-related-to-stocks-and-investments\"><\/div>\n\t<div class=\"section-inner\">\n\t\t<div class=\"flex\">\n\t\t\t<div class=\"width41\"><img decoding=\"async\" src=\"\/wp-content\/themes\/monolith2021\/img\/stockrelatedlaw\/stockrelatedlaw_pic4.jpg\" alt=\"Disputes Related to Stocks and Investments\"><\/div>\n\t\t\t<div class=\"width51\">\n\t\t\t\t<h3>Tvister Relateret til Aktier og Investeringer<\/h3>\n\t\t\t\t<p>Vi har stor ekspertise i at l\u00f8se problemer og tvister relateret til investeringer og andre emner, lige fra retssager mellem virksomheder og aktion\u00e6rer, s\u00e5som aktion\u00e6rderivat s\u00f8gsm\u00e5l, til problemer relateret til kapitalforh\u00f8jelser, opk\u00f8b og andre emner.<\/p>\n\t\t\t<\/div>\n\t\t<\/div>\n\t<\/div>\n<\/section>\n\n<section class=\"purple2-section\">\n\t<div class=\"anchor\" id=\"monolith-law-magazine\"><\/div>\n\t<div class=\"section-inner\">\n\t\t    <section class=\"white-section temp-article\">\n        <div class=\"section-inner\">\n            <h4>MONOLITH LAW MAGAZINE<\/h4>\n            <div class=\"articles type_practice_column\">\n                                                                    <div class=\"article article-area\">\n                        <figure>\n                            <div class=\"img-wrap\">\n                                <img alt=\"\u3010\u65bd\u884c i oktober i Reiwa 6 (2024)\u3011Grundig forklaring af fordele og ulemper ved ikke at offentligg\u00f8re administrerende direkt\u00f8rers adresser i registreringer\" src=\"https:\/\/monolith.law\/da\/wp-content\/uploads\/sites\/13\/2024\/07\/shutterstock_446633164-1.webp\" width=\"500\" height=\"250\">\n                            <\/div>\n                            <figcaption>\n                                <div class=\"figcaption-inner\">\n                                    <h3>\u3010\u65bd\u884c i oktober i Reiwa 6 (2024)\u3011Grundig forklaring af fordele og ulemper ved ikke.<\/h3>\n                                <\/div>\n                            <\/figcaption>\n                            <a href=\"https:\/\/monolith.law\/da\/general-corporate\/ceo-address-hidden\"><\/a>\n                        <\/figure>\n                    <\/div>\n                                                    <div class=\"article article-area\">\n                        <figure>\n                            <div class=\"img-wrap\">\n                                <img alt=\"Prim\u00e6re skemaer i M&amp;A for plejevirksomheder og deres forskelle\" src=\"https:\/\/monolith.law\/da\/wp-content\/uploads\/sites\/13\/2024\/06\/Shutterstock_1789226708.webp\" width=\"500\" height=\"250\">\n                            <\/div>\n                            <figcaption>\n                                <div class=\"figcaption-inner\">\n                                    <h3>Prim\u00e6re skemaer i M&amp;A for plejevirksomheder og deres forskelle<\/h3>\n                                <\/div>\n                            <\/figcaption>\n                            <a href=\"https:\/\/monolith.law\/da\/general-corporate\/nursing_care_ma\"><\/a>\n                        <\/figure>\n                    <\/div>\n                                                    <div class=\"article article-area\">\n                        <figure>\n                            <div class=\"img-wrap\">\n                                <img alt=\"Stigende transaktioner p\u00e5 tv\u00e6rs af landegr\u00e6nser: Forskellen mellem lovvalget i internationale kontrakter, der er n\u00f8dvendige for international handel, og indenlandske kontrakter\" src=\"https:\/\/monolith.law\/da\/wp-content\/uploads\/sites\/13\/2024\/06\/Shutterstock_736886620.webp\" width=\"500\" height=\"250\">\n                            <\/div>\n                            <figcaption>\n                                <div class=\"figcaption-inner\">\n                                    <h3>Stigende transaktioner p\u00e5 tv\u00e6rs af landegr\u00e6nser: Forskellen mellem lovvalget i i.<\/h3>\n                                <\/div>\n                            <\/figcaption>\n                            <a href=\"https:\/\/monolith.law\/da\/general-corporate\/international-contract\"><\/a>\n                        <\/figure>\n                    <\/div>\n                                            <\/div>\n            <div class=\"btn-more\"><a href=\"https:\/\/monolith.law\/da\/tag\/m-and-a\">Read More<\/a><\/div>\n        <\/div>\n    <\/section>\n\t<\/div>\n<\/section>\n\n<section class=\"orange2-section\">\n\t<div class=\"anchor\" id=\"fee-structure\"><\/div>\n\t<div class=\"section-inner\">\n\t<div class=\"planWrap\">\n\t<h3>Gebyrstruktur<\/h3>\n\t<ul class=\"plan\">\n\t\t<li class=\"txt-left\">\n\t\t\t<div class=\"plan-inner\">\n\t\t\t<div class=\"plan-header\">\n\t\t\t<h4 class=\"plan-title\">Timepris<\/h4>\n\t\t\t<div class=\"plan-price\"><span class=\"price-figure\">$300<\/span>per time<span class=\"price-tax\"> <\/span><\/div>\n\t\t\t<\/div>\n\t\t\t<div class=\"plan-body\">I visse tilf\u00e6lde kan vi overveje at acceptere en tvist eller et s\u00f8gsm\u00e5l med et opstartshonorar og et resultatbaseret honorar. For flere detaljer, er du velkommen til at kontakte os.<\/div>\n\t\t\t<\/div>\n\t\t<\/li>\n\t\t<li class=\"txt-left\">\n\t\t\t<div class=\"plan-inner\">\n\t\t\t<div class=\"plan-header\">\n\t\t\t<h4 class=\"plan-title\">Udarbejdelse af Kontrakter<\/h4>\n\t\t\t<div class=\"plan-price\"><span class=\"price-value\">fra<\/span><span class=\"price-figure\">$500<\/span><span class=\"price-value\">til $2,000 eller mere<\/span><span class=\"price-tax\"><\/span><\/div>\n\t\t\t<\/div>\n\t\t\t<div class=\"plan-body\">Prisstrukturen kan variere baseret p\u00e5 kontraktens type og m\u00e6ngde. Vi tilbyder gerne et forel\u00f8bigt overslag ved foresp\u00f8rgsel, og opfordrer dig derfor til at kontakte os for yderligere detaljer.<\/div>\n\t\t\t<\/div>\n\t\t<\/li>\n\t\t<li class=\"txt-left\">\n\t\t\t<div class=\"plan-inner\">\n\t\t\t<div class=\"plan-header\">\n\t\t\t<h4 class=\"plan-title\">Andre Tjenester<\/h4>\n\t\t\t<div class=\"plan-price\"><span class=\"price-figure\">Kontakt Os<\/span><\/div>\n\t\t\t<\/div>\n\t\t\t<div class=\"plan-body\">Vi tilbyder en bred vifte af tjenester, herunder virksomhedsdannelse, kontraktgennemgang, juridisk udtalelse, sagsanmeldelse eller forskningsbrev. Hvis du har sp\u00f8rgsm\u00e5l eller bekymringer, inviterer vi dig hjerteligt til at kontakte os, og vores kyndige team vil med gl\u00e6de assistere dig.<\/div>\n\t\t\t<\/div>\n\t\t\t<\/div>\n\t\t<\/li>\n\t<\/ul>\n\t<\/div>\n\t<\/div>\n<\/section>\n\n<section class=\"white-section\">\n\t<div class=\"section-inner\">\n\t\t<div class=\"btn-area\">\n\t\t\t<div class=\"btn icon-contact\"><a href=\"\/da\/contact\">Kontakt Os<\/a><\/div>\n\t\t<\/div>\n\t<\/div>\n<\/section>\n","protected":false},"excerpt":{"rendered":"<p>M&amp;A Vi har h\u00e5ndteret utallige kapital- og M&amp;A-relaterede juridiske anliggender centreret om IT, inklusiv apps og webtjenester. Vi er i stand til at h\u00e5ndtere juridisk due diligence (DD) i virks [&hellip;]<\/p>\n","protected":false},"author":1,"featured_media":57141,"parent":0,"menu_order":7,"comment_status":"closed","ping_status":"closed","template":"other-page-temp.php","meta":{"footnotes":""},"acf":[],"_links":{"self":[{"href":"https:\/\/monolith.law\/da\/wp-json\/wp\/v2\/pages\/32408"}],"collection":[{"href":"https:\/\/monolith.law\/da\/wp-json\/wp\/v2\/pages"}],"about":[{"href":"https:\/\/monolith.law\/da\/wp-json\/wp\/v2\/types\/page"}],"author":[{"embeddable":true,"href":"https:\/\/monolith.law\/da\/wp-json\/wp\/v2\/users\/1"}],"replies":[{"embeddable":true,"href":"https:\/\/monolith.law\/da\/wp-json\/wp\/v2\/comments?post=32408"}],"version-history":[{"count":33,"href":"https:\/\/monolith.law\/da\/wp-json\/wp\/v2\/pages\/32408\/revisions"}],"predecessor-version":[{"id":60203,"href":"https:\/\/monolith.law\/da\/wp-json\/wp\/v2\/pages\/32408\/revisions\/60203"}],"wp:featuredmedia":[{"embeddable":true,"href":"https:\/\/monolith.law\/da\/wp-json\/wp\/v2\/media\/57141"}],"wp:attachment":[{"href":"https:\/\/monolith.law\/da\/wp-json\/wp\/v2\/media?parent=32408"}],"curies":[{"name":"wp","href":"https:\/\/api.w.org\/{rel}","templated":true}]}}