{"id":4096,"date":"2019-08-29T03:42:29","date_gmt":"2019-08-28T18:42:29","guid":{"rendered":"https:\/\/monolith.law\/?page_id=4096"},"modified":"2023-12-01T19:41:00","modified_gmt":"2023-12-01T10:41:00","slug":"overview-of-our-firm","status":"publish","type":"page","link":"https:\/\/monolith.law\/da\/overview-of-our-firm","title":{"rendered":"Oversigt over Vort Firma"},"content":{"rendered":"\n<section class=\"heading-area\">\n\t<div class=\"heading-area-inner\">\n\t\t<h2 class=\"icon-overview-of-our-firm\">Oversigt over Vort Firma <\/h2>\n\t\t<p>MONOLITH LAW OFFICE er et Tokyo-baseret japansk advokatfirma med ekspertise inden for IT, internet og erhverv, best\u00e5ende af IT-specialister, herunder den stiftende advokat, der har en omfattende baggrund som IT-ingeni\u00f8r.<\/p>\n\t<\/div>\n<\/section>\n<section class=\"white-section\">\n\t<div class=\"section-inner pdt0 border-bottom-section\">\n\t\t<p>Vores stiftende advokat, Toki Kawase, har v\u00e6ret interesseret i programmering siden tredje klasse i grundskolen og har arbejdet i IT-branchen som universitetsstuderende. I sine tyvere oplevede han at lede startup-virksomheder og st\u00f8rre virksomheder. Gennem synergien af disse unikke erfaringer har vores firma et team af IT-professionelle, der hj\u00e6lper med at levere l\u00f8sninger til vores kunder.<br>MONOLITH LAW OFFICE tilbyder juridiske konsulenttjenester ved fuldt ud at udnytte sin styrke inden for IT-feltet. Vore klienter sp\u00e6nder fra topvirksomheder til opstartsvirksomheder i spirende fase. Vi har omfattende erfaring med at yde IT-relaterede juridiske tjenester til forskellige virksomheder. <\/p>\n\t<\/div>\n<\/section>\n<section class=\"second-nav\">\n\t<div class=\"second-nav-inner\">\n\t\t<p>EMNER<\/p>\n\t\t<nav>\n\t\t\t<ul>\n\t\t\t\t<li><a href=\"#specialization-in-it\">Specialisering i IT<\/a><\/li>\n\t\t\t\t<li><a href=\"#law-firm-at-otemachi-tokyo\">Advokatfirma i Otemachi, Tokyo<\/a><\/li>\n\t\t\t\t<li><a href=\"#what-is-a-monolith\">Hvad er en Monolith<\/a><\/li>\n\t\t\t\t<li><a href=\"#from-legal-advisor-to-it-specialized-lawyer\">Fra Juridisk R\u00e5dgiver til IT-Specialiseret Advokat<\/a><\/li>\n\t\t\t\t<li><a href=\"#handling-cross-border-legal-matters\">H\u00e5ndtering af gr\u00e6nseoverskridende juridiske sp\u00f8rgsm\u00e5l<\/a><\/li>\n\t\t\t\t<li><a href=\"#our-clients\">Vores Klienter\n\n\n\n\n<\/a><\/li>\n\t\t\t<\/ul>\n\t\t<\/nav>\n\t<\/div>\n<\/section>\n<section class=\"white-section\">\n\t<div class=\"anchor\" id=\"specialization-in-it\"><\/div>\n\t<div class=\"section-inner\">\n\t\t<div class=\"flex\">\n\t\t\t<div class=\"width41\"><img decoding=\"async\" src=\"\/wp-content\/uploads\/2023\/06\/about_pic1.jpg\" alt=\"Specialization in IT\"><\/div>\n\t\t\t<div class=\"width51\">\n\t\t\t\t<h3>Specialisering i IT<\/h3>\n\t\t\t\t<p class=\"mgb-small\">Vi er et Tokyo-baseret japansk advokatfirma med en s\u00e6rlig styrke inden for IT. Vi har ikke kun et team af advokater, der specialiserer sig i forskellige omr\u00e5der af IT, men vi har ogs\u00e5 et team af IT-konsulenter med omfattende kendskab til IT. Gennem synergi mellem jura og IT sikrer vi vores klienters bedste interesser.<\/p>\n\t\t\t\t<p class=\"mgb-small\">Vores repr\u00e6sentative advokat, Toki Kawase, begyndte at programmere i tredje klasse i grundskolen. Toki har fordybet sig i IT-branchen, som han gik ind i lige efter universitetet; og erhvervslivet, is\u00e6r startups og sm\u00e5 og mellemstore virksomheder, som han oplevede, da han var i sine tyvere. Dette er Toki Kawases styrker, vores stiftende advokat, og MONOLITH LAW OFFICE.s praksisomr\u00e5der.<\/p>\n\t\t\t\t<p class=\"mgb-middle\">Ud fra disse perspektiver fokuserer MONOLITH JURIDISK KONTOR p\u00e5 r\u00e5dgivende og andre tjenester med &#8220;IT&#8221; som et n\u00f8gleord, fra topvirksomheder til spirende startups, samt tjenester med &#8220;Internet&#8221; og &#8220;Erhverv&#8221; som n\u00f8gleord, fra internet juridiske anliggender for b\u00f8rsnoterede virksomheder til M&amp;A.<\/p>\n\t\t\t\t<div class=\"btn-area\">\n\t\t\t\t\t<div class=\"btn icon-services\"><a href=\"\/da\/services\">Tjenester<\/a><\/div>\n\t\t\t\t\t<div class=\"btn icon-people\"><a href=\"\/en\/people\">Folk<\/a><\/div>\n\t\t\t\t<\/div>\n\t\t\t<\/div>\n\t\t<\/div>\n\t<\/div>\n<\/section>\n<section class=\"purple-section\">\n\t<div class=\"anchor\" id=\"law-firm-at-otemachi-tokyo\"><\/div>\n\t<div class=\"section-inner\">\n\t\t<div class=\"flex reverse\">\n\t\t\t<div class=\"width41\"><img decoding=\"async\" src=\"\/wp-content\/uploads\/2023\/06\/about_pic2.jpg\" alt=\"Law Firm at Otemachi, Tokyo\"><\/div>\n\t\t\t<div class=\"width51\">\n\t\t\t\t<div class=\"inline-inner\">\n\t\t\t\t\t<h3>Advokatfirma i Otemachi, Tokyo<\/h3>\n\t\t\t\t\t<p class=\"mgb-small\">MONOLITH LAW OFFICE er et japansk advokatfirma beliggende i Otemachi, Chiyoda-ku, Tokyo.<\/p>\n\t\t\t\t\t<p class=\"mgb-small\">Vi har fungeret som juridiske r\u00e5dgivere for cirka 492 IT-virksomheder, lige fra spirende startups til virksomheder noteret p\u00e5 TSE&#8217;s f\u00f8rste sektion, som repr\u00e6senterer de st\u00f8rste og mest prestigefyldte virksomheder noteret p\u00e5 Tokyo Stock Exchange. Vi leverer juridiske tjenester til i alt 1023 klienter, med fokus p\u00e5 IT-relaterede juridiske sp\u00f8rgsm\u00e5l s\u00e5som forebyggelse af omd\u00f8mmebeskadigelse, anti-difamation og tvister relateret til systemudvikling.<\/p>\n\t\t\t\t\t<p class=\"mgb-middle\">Vores ekspertise indenfor IT og forretning g\u00f8r os specielle.<\/p>\n\t\t\t\t\t<div class=\"btn-area\">\n\t\t\t\t\t\t<div class=\"btn icon-access\"><a href=\"\/da\/access\">Adgang<\/a><\/div>\n\t\t\t\t\t<\/div>\n\t\t\t\t<\/div>\n\t\t\t<\/div>\n\t\t<\/div>\n\t<\/div>\n<\/section>\n<section class=\"white-section\">\n\t<div class=\"anchor\" id=\"what-is-a-monolith\"><\/div>\n\t<div class=\"section-inner\">\n\t\t<div class=\"flex\">\n\t\t\t<div class=\"width41\"><img decoding=\"async\" src=\"\/wp-content\/themes\/monolith2021\/img\/about\/about_pic3.jpg\" alt=\"Hvad er en Monolith\"><\/div>\n\t\t\t<div class=\"width51\">\n\t\t\t\t<h3>Hvad er en Monolith<\/h3>\n\t\t\t\t<p class=\"mgb-small\">Ordet \u201cmonolith\u201d stammer fra latin og betyder en enkeltst\u00e5ende eller isoleret sten. I Stanley Kubricks film \u201c2001: En rumodysse\u201d fremstilles de som v\u00e6rkt\u00f8jer fra en fremmed intelligens med det form\u00e5l at katalysere menneskehedens udvikling.<\/p>\n\t\t\t\t<p class=\"mgb-small\">MONOLITH LAW OFFICEs mission er at fremme udviklingen af IT og andre teknologier samt sociale systemer som juridisk specialist. MONOLITH arbejder p\u00e5 at teste hypoteser fremsat af opstartsvirksomheder, koordinere IT og jura i forbindelse med omd\u00f8mmeskader og tvistel\u00f8sning samt bygge mere effektive forretningssystemer.<\/p>\n\t\t\t\t<p class=\"mgb-small\">MONOLITH LAW OFFICE tror p\u00e5, at lovgivningen katalyserer menneskehedens udvikling gennem teknologi og samfund.<\/p>\n\t\t\t\t<p class=\"mgb-middle\">Det ultimative m\u00e5l for MONOLITH LAW OFFICE er at fremme udviklingen af IT, samfund og menneskeheden.<\/p>\n\t\t<\/div>\n\t<\/div>\n<\/section>\n<section class=\"orange-section\">\n\t<div class=\"anchor\" id=\"from-legal-advisor-to-it-specialized-lawyer\"><\/div>\n\t<div class=\"section-inner\">\n\t\t<div class=\"flex reverse\">\n\t\t\t<div class=\"width41\"><img decoding=\"async\" src=\"\/wp-content\/uploads\/2023\/06\/about_pic4.jpg\" alt=\"From \"><\/div>\n\t\t\t<div class=\"width51\">\n\t\t\t\t<h3>Fra Juridisk R\u00e5dgivning til IT-Juridiske Specialister<\/h3>\n\t\t\t\t<p class=\"mgb-small\">MONOLITH LAW OFFICE fremh\u00e6ver sine fordele inden for \u201cIT-juridiske anliggender, Internet juridiske anliggender, og forretningsjuridiske anliggender\u201d. Vi yder juridiske tjenester til mange virksomheder med fokus p\u00e5 IT. Vi tilbyder to prim\u00e6re typer juridiske tjenester.<\/p>\n\t\t\t\t<p class=\"mgb-small\">Den f\u00f8rste tjeneste er baseret p\u00e5 rollen som \u201cGenerel R\u00e5dgiver\u201d eller \u201cChefjurist\u201d for en IT-virksomhed. Eftersom virksomhedens hovedomr\u00e5de er IT-relateret, v\u00e6lges vores kontor for dets evne til at forst\u00e5 klientens IT-teknologi og forretning.<\/p>\n\t\t\t\t<p class=\"mgb-small\">Den anden er at fungere som en \u201cIT\/Internet juridisk specialist\u201d for virksomheder, hvor IT ikke er deres kerneforretning. Selvom IT ikke er kernen i brancher som finans, ejendom og restauranter, kan de ikke l\u00e6ngere eksistere uden IT og internet. Vi tilbyder st\u00f8tte fra et juridisk perspektiv til virksomheder inden for deres IT- og internetrelaterede operationer.<\/p>\n\t\t\t\t<p class=\"mgb-middle\">MONOLITH LAW OFFICE vil arbejde sammen med dig i forskellige roller baseret p\u00e5 vores h\u00f8je ekspertiseniveau for at st\u00f8tte din virksomheds udvikling.<\/p>\n\t\t\t\t<div class=\"btn-area\">\n\t\t\t\t\t<div class=\"btn icon-general-corporate\"><a href=\"\/da\/services#general-corporate\">Generel Erhverv<\/a><\/div>\n\t\t\t\t\t<div class=\"btn icon-it\"><a href=\"\/da\/services#it\">IT<\/a><\/div>\n\t\t\t\t<\/div>\n\t\t\t<\/div>\n\t\t<\/div>\n\t<\/div>\n<\/section>\n<section class=\"white-section\">\n\t<div class=\"anchor\" id=\"handling-cross-border-legal-matters\"><\/div>\n\t<div class=\"section-inner\">\n\t\t<div class=\"flex\">\n\t\t\t<div class=\"width41\"><img decoding=\"async\" src=\"\/wp-content\/uploads\/2023\/06\/about_pic5.jpg\" alt=\"Handling cross-border legal matters\"><\/div>\n\t\t\t<div class=\"width51\">\n\t\t\t\t<h3>H\u00e5ndtering af gr\u00e6nseoverskridende juridiske anliggender<\/h3>\n\t\t\t\t<p class=\"mgb-small\">At h\u00e5ndtere gr\u00e6nseoverskridende juridiske sager inden for IT- og internetsektoren er vores speciale. Med globaliseringens og gr\u00e6nseoverskridende aktiviteters stigende betydning bliver korrekt juridisk st\u00f8tte afg\u00f8rende.<\/p>\n\t\t\t\t<p class=\"mgb-small\">For eksempel, n\u00e5r en japansk SaaS-virksomhed udvider til internationale markeder, er det afg\u00f8rende at overholde lokale juridiske krav og regler. Ligeledes er det n\u00f8dvendigt med bistand ved udarbejdelse og forhandling af investeringsaftaler og relaterede juridiske dokumenter, n\u00e5r man modtager udenlandske investeringer. For japanske firmaer involveret i udenlandsk opk\u00f8b eller global ekspansion er det afg\u00f8rende at forst\u00e5 lokale love og regler. Desuden kr\u00e6ver overvindelse af sprog- og kulturbegr\u00e6nsninger i sager som influencer marketing og inbound eftersp\u00f8rgsel, at man tager h\u00f8jde for lokale love og kontraktlige forhold.<\/p>\n\t\t\t\t<p class=\"mgb-middle\">MONOLITH LAW OFFICE har styrket sine kapabiliteter inden for avancerede juridiske omr\u00e5der for at im\u00f8dekomme kravene ved gr\u00e6nseoverskridende og globalisering. Ved at kombinere vores team af advokater med ingeni\u00f8rer og andre fagfolk, tilbyder vi omfattende st\u00f8tte, der udnytter teknisk viden og juridisk ekspertise, til vores klienters internationale ekspansion og globale forretningsbestrebelser.<\/p>\n\t\t\t\t<div class=\"btn-area\">\n\t\t\t\t\t<div class=\"btn icon-cross-border\"><a href=\"\/da\/services#cross-border\">Gr\u00e6nseoverskridende<\/a><\/div>\n\t\t\t\t<\/div>\n\t\t\t<\/div>\n\t\t<\/div>\n\t<\/div>\n<\/section>\n<section class=\"purple-section\">\n\t<div class=\"anchor\" id=\"our-clients\"><\/div>\n\t<div class=\"section-inner\">\n\t\t<div class=\"flex reverse\">\n\t\t\t<div class=\"width41\"><img decoding=\"async\" src=\"\/wp-content\/uploads\/2019\/09\/beartail_kurosaki.jpg\" alt=\"Our Clients\"><\/div>\n\t\t\t<div class=\"width51\">\n\t\t\t\t<h3>Vores klienter<\/h3>\n\t\t\t\t<p class=\"mgb-small\">MONOLITH LAW OFFICE tilbyder to hovedtyper af tjenester. Den ene er at fungere som en generel juridisk r\u00e5dgiver eller \u00f8verste juridiske chef for et IT- og startup-firma, hvor vi h\u00e5ndterer firmaets samlede juridiske anliggender. Den anden er at fungere som en &#8220;IT- og IP-advokat&#8221; for forskellige virksomheder og tage os af virksomhedens IT- og IP-juridiske anliggender.<\/p>\n\t\t\t\t<p class=\"mgb-small\">Vi har modtaget f\u00f8lgende udtalelser fra vores klienter:<\/p>\n\t\t\t\t<p class=\"mgb-small\">&#8220;At p\u00e5tage sig juridisk risiko kr\u00e6ver en forst\u00e5else af teknologi, og MONOLITH LAW OFFICE er en professionel p\u00e5 dette omr\u00e5de.&#8221;<\/p>\n\t\t\t\t<p class=\"mgb-small\">&#8220;MONOLITH LAW OFFICE er en stor hj\u00e6lp, fordi de arbejder sammen med os for at finde ud af &#8216;hvordan man kontrollerer risiko&#8217; fra en virksomhedsleders perspektiv.&#8221;<\/p>\n\t\t\t\t<p class=\"mgb-middle\">&#8220;MONOLITH LAW OFFICE er b\u00e5de en advokatvirksomhed og en ledelseskonsulent. De leverer en juridisk begrundelse for deres forklaringer.&#8221;<\/p>\n\t\t\t\t\n\t\t<\/div>\n\t<\/div>\n<\/section>\n","protected":false},"excerpt":{"rendered":"<p>Oversigt over Vort Firma MONOLITH LAW OFFICE er et Tokyo-baseret japansk advokatfirma med ekspertise inden for IT, internet og erhverv, best\u00e5ende af IT-specialister, herunder den stiftende advokat, de [&hellip;]<\/p>\n","protected":false},"author":1,"featured_media":56658,"parent":0,"menu_order":1,"comment_status":"closed","ping_status":"closed","template":"other-page-temp.php","meta":{"footnotes":""},"acf":[],"_links":{"self":[{"href":"https:\/\/monolith.law\/da\/wp-json\/wp\/v2\/pages\/4096"}],"collection":[{"href":"https:\/\/monolith.law\/da\/wp-json\/wp\/v2\/pages"}],"about":[{"href":"https:\/\/monolith.law\/da\/wp-json\/wp\/v2\/types\/page"}],"author":[{"embeddable":true,"href":"https:\/\/monolith.law\/da\/wp-json\/wp\/v2\/users\/1"}],"replies":[{"embeddable":true,"href":"https:\/\/monolith.law\/da\/wp-json\/wp\/v2\/comments?post=4096"}],"version-history":[{"count":96,"href":"https:\/\/monolith.law\/da\/wp-json\/wp\/v2\/pages\/4096\/revisions"}],"predecessor-version":[{"id":59107,"href":"https:\/\/monolith.law\/da\/wp-json\/wp\/v2\/pages\/4096\/revisions\/59107"}],"wp:featuredmedia":[{"embeddable":true,"href":"https:\/\/monolith.law\/da\/wp-json\/wp\/v2\/media\/56658"}],"wp:attachment":[{"href":"https:\/\/monolith.law\/da\/wp-json\/wp\/v2\/media?parent=4096"}],"curies":[{"name":"wp","href":"https:\/\/api.w.org\/{rel}","templated":true}]}}