{"id":41151,"date":"2022-12-01T14:33:54","date_gmt":"2022-12-01T05:33:54","guid":{"rendered":"https:\/\/monolith.law\/?page_id=41151"},"modified":"2025-08-30T08:56:45","modified_gmt":"2025-08-29T23:56:45","slug":"home","status":"publish","type":"page","link":"https:\/\/monolith.law\/da\/","title":{"rendered":"MONOLITH LAW OFFICE | Tokyo, Japan"},"content":{"rendered":"\n<p>\n<\/p>\n\n\n\n<section class=\"white-section front-top\" data-delighter=\"\">\n\t<div class=\"section-inner\">\n\t<div class=\"top-logo\">\n\t<div class=\"base\"><\/div>\n\t<img decoding=\"async\" src=\"\/wp-content\/themes\/monolith2021\/img\/top\/top_logo_m.svg\" alt=\"M\" class=\"top-logo-1\">\n\t<img decoding=\"async\" src=\"\/wp-content\/themes\/monolith2021\/img\/top\/top_logo_o.svg\" alt=\"O\" class=\"top-logo-2\">\n\t<img decoding=\"async\" src=\"\/wp-content\/themes\/monolith2021\/img\/top\/top_logo_n.svg\" alt=\"N\" class=\"top-logo-3\">\n\t<img decoding=\"async\" src=\"\/wp-content\/themes\/monolith2021\/img\/top\/top_logo_o.svg\" alt=\"O\" class=\"top-logo-4\">\n\t<img decoding=\"async\" src=\"\/wp-content\/themes\/monolith2021\/img\/top\/top_logo_l.svg\" alt=\"L\" class=\"top-logo-5\">\n\t<img decoding=\"async\" src=\"\/wp-content\/themes\/monolith2021\/img\/top\/top_logo_i.svg\" alt=\"I\" class=\"top-logo-6\">\n\t<img decoding=\"async\" src=\"\/wp-content\/themes\/monolith2021\/img\/top\/top_logo_t.svg\" alt=\"T\" class=\"top-logo-7\">\n\t<img decoding=\"async\" src=\"\/wp-content\/themes\/monolith2021\/img\/top\/top_logo_h.svg\" alt=\"H\" class=\"top-logo-8\">\n\t<\/div>\n\t<p class=\"text1\"><strong>Evolutionerende IT<\/strong><\/p>\n\t<p class=\"text2\">I dag er IT hjertet af moderne forretningsdrift,<br class=\"sp-none\">men at anvende IT i forretningen kr\u00e6ver juridisk risikostyring.<br>Hos MONOLITH LAW OFFICE arbejder vores team af advokater og IT-konsulenter sammen om at l\u00f8se klientens problemer.<br class=\"sp-none\">Vores mission er at t\u00e6nde for IT-innovation og booste v\u00e6ksten i Japan, s\u00e5 virksomheder kan n\u00e5 uforudsete h\u00f8jder.<\/p>\t\n\t<\/div>\n<\/section>\n<section class=\"white-section front-about\">\n\t<div class=\"section-inner\">\n\t<div class=\"text\">\n\t<p class=\"en\">OM MONOLITH LAW OFFICE<\/p>\n\t<h2>Vores Mission som Juridisk Professionel med en Baggrund Inden for IT-Ingeni\u00f8rarbejde.<\/h2>\n\t<p class=\"text\">MONOLITH LAW OFFICE er en Tokyo-baseret japansk advokatvirksomhed, der tilbyder IT-juridiske tjenester til en bred vifte af firmaer.<br>\nToki Kawase, vores administrerende advokat, har arbejdet som freelance IT-ingeni\u00f8r siden han var universitetsstuderende. Han har erfaring med at grundl\u00e6gge et IT-firma og har ogs\u00e5 arbejdet som IT-ingeni\u00f8r. Toki har med egne \u00f8jne set den betydelige v\u00e6kst i startups og andre firmaer via IT, samt de forskellige risici, der er involveret i processen. Han forst\u00e5r, at for at IT fortsat kan bringe store fordele til firmaer i fremtiden, er det n\u00f8dvendigt med et innovativt juridisk perspektiv.<br>\nUd fra denne erfaring har han grundlagt MONOLITH LAW OFFICE, en organisation med h\u00f8jt specialiserede advokater og IT-konsulenter for at tilbyde en r\u00e6kke l\u00f8sninger.<\/p>\n\t<\/div>\n\t<div class=\"pic\"><img decoding=\"async\" src=\"\/wp-content\/themes\/monolith2021\/img\/top\/kawase_pic.png\" alt=\"Our Founding Lawyer Toki Kawase\"><\/div>\n\t<\/div>\n<\/section>\n<section class=\"white-section front-numbers\">\n\t<div class=\"section-inner\">\n\t<p class=\"en\">I TAL FRA MONOLITH LAW OFFICE<\/p>\n\t<h2>Vores erfaring som advokatfirma samt som erhvervsspecialist inden for IT.<\/h2>\n\t<div class=\"box-wrap\">\n\t<div class=\"sub-box\">\n\t\t<h3>Klienter<\/h3>\n\t\t<p class=\"code\">1855\n\t\t<p class=\"text\">Vi har st\u00f8ttet en mangfoldighed af firmaer i forskellige brancher. Vores kundekreds sp\u00e6nder fra Japans top-tier organisationer til sm\u00e5 og mellemstore firmaer. Vi tilbyder tjenester, der im\u00f8dekommer hver enkelt klients behov.<\/p>\n\t<\/div>\n\t<div class=\"sub-box\">\n\t\t<h3>Originale IT-l\u00f8sninge<\/h3>\n\t\t<p class=\"code\">7\n\t\t<p class=\"text\">Vi er et team, der specialiserer sig i erhvervs-IT. MONOLITH LAW OFFICE er et team af dygtige advokater og IT-konsulenter dedikeret til at skabe skr\u00e6ddersyede l\u00f8sninger til dine specifikke behov.<\/p>\n\t<\/div>\n\t<div class=\"sub-box\">\n\t\t<h3>Advokater<\/h3>\n\t\t<p class=\"code\">30\n\t\t<p class=\"text\">Den vigtigste faktor i at l\u00f8se IT-problemer er hurtigheden af den indledende respons. MONOLITH LAW OFFICE har mange advokater, som kan besvare en bred vifte af henvendelser dagligt.<\/p>\n\t<\/div>\n\t<div class=\"sub-box\">\n\t\t<h3>IT-konsulenter<\/h3>\n\t\t<p class=\"code\">16\n\t\t<p class=\"text\">Vi mener, at IT-konsulenter er lige s\u00e5 vigtige som advokater, n\u00e5r det kommer til at f\u00f8lge med i den konstant udviklende teknologi og m\u00f8de mere sofistikerede erhvervs-IT-udfordringer.<\/p>\n\t<\/div>\n\t<div class=\"sub-box\">\n<h3>Underst\u00f8ttede Lande<\/h3>\n\t\t<p class=\"code\">18\n\t\t<p class=\"text\">Japansk advokatfirma med international ekspertise. Specialiserer sig i internationale transaktioner, retssager og reguleringsm\u00e6ssig overholdelse. Skr\u00e6ddersyede l\u00f8sninger for globale kunder inden for forretning og jura.<\/p>\n\t<\/div>\n\t<div class=\"sub-box\">\n\t\t<h3>Artikler om IT og Juridisk Indsigt<\/h3>\n\t\t<p class=\"code\">1081\n\t\t<p class=\"text\">Vi analyserer og forklarer forskellige casestudier inden for virksomheders IT p\u00e5 webmediet \u201cMONOLITH LAW MAGAZINE.\u201d Vi forsker l\u00f8bende i passende l\u00f8sninger til de stadigt mere komplekse og forskellige udfordringer inden for virksomheders IT.<\/p>\n\t<\/div>\n\t<\/div>\n\t<\/div>\n<\/section>\n<section class=\"front-service\">\n\t<div class=\"section-inner\">\n\t\t<p class=\"en\">TJENESTER FRA MONOLITH LAW OFFICE<\/p>\n\t\t<h2>Vores l\u00f8sninger for komplekse IT-risici.<\/h2>\n\t<\/div>\n\t<div class=\"front-service-field\">\n\t<div class=\"section-inner\">\n\t<h3><a href=\"\/da\/services\">Tjenester<\/a><\/h3>\n\t<div class=\"box-wrap\">\n\t<div class=\"sub-box\">\n\t\t<h4>Generel Erhverv<\/h4>\n\t\t<div class=\"icon\"><img decoding=\"async\" src=\"\/wp-content\/themes\/monolith_en\/img\/top\/service_general-corporate.svg\" alt=\"Corporate Legal Affairs for IT and Startup Businesses\"><\/div>\n\t\t<p>Specialiseret viden og erfaring er afg\u00f8rende for at kunne tilbyde n\u00f8jagtig juridisk st\u00f8tte i det dynamiske milj\u00f8, der er unikt for IT- og opstartsfirmaer. Vores firma har mange specialister i denne branche, og vi har fungeret som juridisk r\u00e5dgiver for 1087 firmaer, hovedsageligt IT-firmaer, fra TSE First Section-firmaer til seed-stage startups.<\/p>\n\t\t<div class=\"btn-more\"><a href=\"\/da\/general-corporate\">Se Mere<\/a><\/div>\n\t<\/div>\n\t<div class=\"sub-box\">\n\t\t<h4>IT<\/h4>\n\t\t<div class=\"icon\"><img decoding=\"async\" src=\"\/wp-content\/themes\/monolith_en\/img\/top\/service_it.svg\" alt=\"IT and IP legal affairs for various companies\"><\/div>\n\t\t<p>I dag er alle firmaer, uanset deres forretningsomr\u00e5de eller st\u00f8rrelse, p\u00e5 en eller anden m\u00e5de involveret i IT i deres erhvervsaktiviteter. Vi kan have rollen som &#8220;advokater specialiseret inden for IT og intellektuel ejendomsret&#8221; for firmaer, der allerede har en prim\u00e6r juridisk r\u00e5dgiver, eller endda for firmaer, hvis hovederhverv ikke er IT.<\/p>\n\t\t<div class=\"btn-more\"><a href=\"\/da\/it\">Se Mere<\/a><\/div>\n\t<\/div>\n\t<div class=\"sub-box\">\n\t\t<h4>Tv\u00e6rg\u00e5ende<\/h4>\n\t\t<div class=\"icon\"><img decoding=\"async\" src=\"\/wp-content\/themes\/monolith_en\/img\/top\/service_cross-border.svg\" alt=\"International Legal Affairs\"><\/div>\n\t\t<p>Vores prim\u00e6re fokus er at levere omfattende juridiske tjenester til japanske IT-firmaer, der tr\u00e6der ind p\u00e5 det internationale marked. Vi tilbyder ogs\u00e5 professionel juridisk st\u00f8tte til udenlandske IT-firmaer i Japan. Vores firma best\u00e5r af udenlandsk licenserede advokater fra forskellige lande og regioner for effektivt at underst\u00f8tte gr\u00e6nseoverskridende transaktioner.<\/p>\n\t\t<div class=\"btn-more\"><a href=\"\/da\/cross-border\">Se Mere<\/a><\/div>\n\t<\/div>\n\t<div class=\"sub-box\">\n\t\t<h4>Internet<\/h4>\n\t\t<div class=\"icon\"><img decoding=\"async\" src=\"\/wp-content\/themes\/monolith_en\/img\/top\/service_internet.svg\" alt=\"Influencer Marketing\"><\/div>\n\t\t<p>Med ekspertise inden for internetlov tilbyder vi omfattende juridisk st\u00f8tte til internettets iv\u00e6rks\u00e6ttere, herunder YouTubere og firmaer, der bruger SNS. Vi specialiserer os i at l\u00f8se online tvister, fjerne negative websider og h\u00e5ndtere online omd\u00f8mme. Konsulter vores kvalificerede advokater for effektive l\u00f8sninger p\u00e5 internettet.<\/p>\n\t\t<div class=\"btn-more\"><a href=\"\/da\/internet\">Se Mere<\/a><\/div>\n\t<\/div>\n\t<\/div>\n\t<\/div>\n\t<\/div>\n\t<div class=\"front-service-example\">\n\t<div class=\"section-inner\">\n\t<p>For Eksempel<\/p>\n\t<ul class=\"clearfix\">\n\t\t<li>\n\t\t\t<div class=\"icon\"><a href=\"\/da\/system-development\/\"><img decoding=\"async\" src=\"\/wp-content\/themes\/monolith_en\/img\/top\/service_ex_system-development.svg\" alt=\"System Development\"><\/a><\/div>\n\t\t\t<p>System<br>Udvikling<\/p>\n\t\t<\/li>\n\t\t<li>\n\t\t\t<div class=\"icon\"><a href=\"\/da\/crypto-asset-and-blockchain\/\"><img decoding=\"async\" src=\"\/wp-content\/themes\/monolith_en\/img\/top\/service_ex_crypto-asset-and-blockchain.svg\" alt=\"Crypto Asset and Blockchain\"><\/a><\/div>\n\t\t\t<p>Kryptoaktiv<br>og Blockchain<\/p>\n\t\t<\/li>\n\t\t<li>\n\t\t\t<div class=\"icon\"><a href=\"\/da\/ai\/\"><img decoding=\"async\" src=\"\/wp-content\/themes\/monolith_en\/img\/top\/service_ex_ai.svg\" alt=\"ai\"><\/a><\/div>\n\t\t\t<p>AI<br>(ChatGPT, osv.)<\/p>\n\t\t<\/li>\n\t\t<li>\n\t\t\t<div class=\"icon\"><a href=\"\/da\/advertisement-review\/\"><img decoding=\"async\" src=\"\/wp-content\/themes\/monolith_en\/img\/top\/service_ex_advertisement-review.svg\" alt=\"Advertisement Review\"><\/a><\/div>\n\t\t\t<p>Annonce<br>Review<\/p>\n\t\t<\/li>\n\t\t<li>\n\t\t\t<div class=\"icon\"><a href=\"\/da\/mitigating-reputational-damage\/\"><img decoding=\"async\" src=\"\/wp-content\/themes\/monolith_en\/img\/top\/service_ex_mitigating-reputational-damage.svg\" alt=\"Mitigating Reputational Damage\"><\/a><\/div>\n\t\t\t<p>Begr\u00e6nsning af<br>Omd\u00f8mmeskade<\/p>\n\t\t<\/li>\n\t<\/ul>\n\t<\/div>\n\t<\/div>\n<\/section>\n<section class=\"white-section front-client\">\n\t<div class=\"section-inner\">\n\t\t<h2>KLIENT<\/h2>\n\t\t<ul>\n\t\t\t<li><img src=\"https:\/\/monolith.law\/da\/wp-content\/themes\/monolith_da\/img\/clients\/logo_01.png\"><\/li>\n\t\t\t<li><img src=\"https:\/\/monolith.law\/da\/wp-content\/themes\/monolith_da\/img\/clients\/logo_02.png\"><\/li>\n\t\t\t<li><img src=\"https:\/\/monolith.law\/da\/wp-content\/themes\/monolith_da\/img\/clients\/logo_03.png\"><\/li>\n\t\t\t<li><img src=\"https:\/\/monolith.law\/da\/wp-content\/themes\/monolith_da\/img\/clients\/logo_04.png\"><\/li>\n\t\t\t<li><img src=\"https:\/\/monolith.law\/da\/wp-content\/themes\/monolith_da\/img\/clients\/logo_05.png\"><\/li>\n\t\t\t<li><img src=\"https:\/\/monolith.law\/da\/wp-content\/themes\/monolith_da\/img\/clients\/logo_06.png\"><\/li>\n\t\t\t<li><img src=\"https:\/\/monolith.law\/da\/wp-content\/themes\/monolith_da\/img\/clients\/logo_07.png\"><\/li>\n\t\t\t<li><img src=\"https:\/\/monolith.law\/da\/wp-content\/themes\/monolith_da\/img\/clients\/logo_08.png\"><\/li>\n\t\t\t<li><img src=\"https:\/\/monolith.law\/da\/wp-content\/themes\/monolith_da\/img\/clients\/logo_09.png\"><\/li>\n\t\t\t<li><img src=\"https:\/\/monolith.law\/da\/wp-content\/themes\/monolith_da\/img\/clients\/logo_10.png\"><\/li>\n\t\t\t<li><img src=\"https:\/\/monolith.law\/da\/wp-content\/themes\/monolith_da\/img\/clients\/logo_11.png\"><\/li>\n\t\t\t<li><img src=\"https:\/\/monolith.law\/da\/wp-content\/themes\/monolith_da\/img\/clients\/logo_12.png\"><\/li>\n\t\t\t<li><img src=\"https:\/\/monolith.law\/da\/wp-content\/themes\/monolith_da\/img\/clients\/logo_13.png\"><\/li>\n\t\t\t<li><img src=\"https:\/\/monolith.law\/da\/wp-content\/themes\/monolith_da\/img\/clients\/logo_14.png\"><\/li>\n\t\t\t<li><img src=\"https:\/\/monolith.law\/da\/wp-content\/themes\/monolith_da\/img\/clients\/logo_15.png\"><\/li>\n\t\t<\/ul>\n\t\t<!--<div class=\"btn-more\"><a href=\"https:\/\/monolith.law\/da\/clients\">See More<\/a><\/div>-->\n\t<\/div>\n<\/section>\n<section class=\"white-section front-news\">\n    <div class=\"section-inner\">\n        <h2>NYHEDER [en]<\/h2>\n        <div>\n                        <ul>\n                                                    <li><span class=\"date\">2026.04.01<\/span><span class=\"category news-category-2\">NEWS<\/span><span class=\"subject\">Attorney Shota Akiyama has joined the firm.<\/span><\/li>\n                                                                <li><span class=\"date\">2026.03.26<\/span><span class=\"category news-category-2\">NEWS<\/span><span class=\"subject\">Attorneys Miki Takatsuki, Toko Takayanagi, Mizuki Kobayashi, Ryo Watanabe, and Shuto Ishimura have joined our firm.<\/span><\/li>\n                                                                <li><span class=\"date\">2025.05.08<\/span><span class=\"category news-category-2\">NEWS<\/span><span class=\"subject\">Monolith Law Office has been selected as a finalist for the Rising Law Firm of the Year category of the ALB Japan Law Awards, hosted by Asian Legal Business, an international law firm evaluation organization.<\/span><\/li>\n                                                                <li><span class=\"date\">2025.04.01<\/span><span class=\"category news-category-2\">NEWS<\/span><span class=\"subject\">Attorney Keita Yokoyama has joined the firm.<\/span><\/li>\n                                                                <li><span class=\"date\">2025.03.27<\/span><span class=\"category news-category-2\">NEWS<\/span><span class=\"subject\">Attorneys Yusuke Mizutani, Ryusei Juman, Mizuki Koyama, and Yusuke Muto have joined the firm.<\/span><\/li>\n                                                                <li><span class=\"date\">2024.06.12<\/span><span class=\"category news-category-2\">NEWS<\/span><span class=\"subject\">Attorney Akira Yoshida has joined the firm.<\/span><\/li>\n                                                            <\/ul>\n            <div class=\"btn-more\"><a href=\"\/en\/news\/\">Se Mere [en]<\/a><\/div>\n        <\/div>\n    <\/div>\n<\/section>\n<section class=\"white-section front-banner\">\n<div class=\"section-inner\">\n<div class=\"banner-slider\">\n<div><a href=\"\/da\/cross-border\"><img decoding=\"async\" src=\"\/wp-content\/themes\/monolith_en\/img\/top\/banner_crossborder.png\" alt=\"Cross-border\"><\/a><\/div>\n<div><a href=\"\/en\/job-openings\"><img decoding=\"async\" src=\"\/wp-content\/themes\/monolith_en\/img\/top\/banner_jobopenings.png\" alt=\"Job Openings\"><\/a><\/div>\n<div><a href=\"https:\/\/www.linkedin.com\/company\/monolith-law-office\/\" target=\"\u201d_blank\u201d\" rel=\"noopener\"><img decoding=\"async\" src=\"\/wp-content\/themes\/monolith_en\/img\/top\/banner_linkedin.png\" alt=\"LinkedIn\"><\/a><\/div>\n<div><a href=\"\/da\/article\"><img decoding=\"async\" src=\"\/wp-content\/themes\/monolith_en\/img\/top\/banner_monolithlawmagazine.svg\" alt=\"MONOLITH LAW MAGAZINE\"><\/a><\/div>\n<\/div>\n<\/div>\n<\/section>\n","protected":false},"excerpt":{"rendered":"<p>Evolutionerende IT I dag er IT hjertet af moderne forretningsdrift,men at anvende IT i forretningen kr\u00e6ver juridisk risikostyring.Hos MONOLITH LAW OFFICE arbejder vores team af advokater og IT-konsule [&hellip;]<\/p>\n","protected":false},"author":1,"featured_media":56656,"parent":0,"menu_order":0,"comment_status":"closed","ping_status":"closed","template":"front-page-temp.php","meta":{"footnotes":""},"acf":[],"_links":{"self":[{"href":"https:\/\/monolith.law\/da\/wp-json\/wp\/v2\/pages\/41151"}],"collection":[{"href":"https:\/\/monolith.law\/da\/wp-json\/wp\/v2\/pages"}],"about":[{"href":"https:\/\/monolith.law\/da\/wp-json\/wp\/v2\/types\/page"}],"author":[{"embeddable":true,"href":"https:\/\/monolith.law\/da\/wp-json\/wp\/v2\/users\/1"}],"replies":[{"embeddable":true,"href":"https:\/\/monolith.law\/da\/wp-json\/wp\/v2\/comments?post=41151"}],"version-history":[{"count":127,"href":"https:\/\/monolith.law\/da\/wp-json\/wp\/v2\/pages\/41151\/revisions"}],"predecessor-version":[{"id":73122,"href":"https:\/\/monolith.law\/da\/wp-json\/wp\/v2\/pages\/41151\/revisions\/73122"}],"wp:featuredmedia":[{"embeddable":true,"href":"https:\/\/monolith.law\/da\/wp-json\/wp\/v2\/media\/56656"}],"wp:attachment":[{"href":"https:\/\/monolith.law\/da\/wp-json\/wp\/v2\/media?parent=41151"}],"curies":[{"name":"wp","href":"https:\/\/api.w.org\/{rel}","templated":true}]}}