{"id":4213,"date":"2019-08-29T04:28:26","date_gmt":"2019-08-28T19:28:26","guid":{"rendered":"https:\/\/monolith.law\/?page_id=4213"},"modified":"2023-12-01T19:43:06","modified_gmt":"2023-12-01T10:43:06","slug":"services","status":"publish","type":"page","link":"https:\/\/monolith.law\/da\/services","title":{"rendered":"Tjenester"},"content":{"rendered":"\n<section class=\"heading-area\">\n\t<div class=\"heading-area-inner\">\n\t\t<h2 class=\"icon-services\">Tjenester<\/h2>\n\t\t<p>Med vores ledende advokats baggrund som IT-ingeni\u00f8r og erfaring med at lede IT-virksomheder, st\u00e5r MONOLITH LAW FIRM som et f\u00f8rende advokatfirma i Japan med specialisering i IT, forretning og internettet. Vores globale organisation g\u00f8r os i stand til at levere yderst specialiserede juridiske tjenester inden for disse omr\u00e5der.<\/p>\n\t<\/div>\n<\/section>\n<section class=\"second-nav\">\n\t<div class=\"second-nav-inner\">\n\t\t<p>EMNER<\/p>\n\t\t<nav>\n\t\t\t<ul>\n\t\t\t\t<li><a href=\"#general-corporate\">Generel Virksomhed<\/a><\/li>\n\t\t\t\t<li><a href=\"#it\">IT<\/a><\/li>\n\t\t\t\t<li><a href=\"#cross-border\">Gr\u00e6nseoverskridende<\/a><\/li>\n\t\t\t\t<li><a href=\"#internet\">Internet<\/a><\/li>\n\t\t\t<\/ul>\n\t\t<\/nav>\n\t<\/div>\n<\/section>\n<section class=\"white-section\">\n\t<div class=\"anchor\" id=\"general-corporate\"><\/div>\n\t<div class=\"section-inner pdb0\">\n\t\t<div class=\"flex\">\n\t\t\t<div class=\"width41\"><img decoding=\"async\" src=\"\/wp-content\/themes\/monolith2021\/img\/pic\/pic_practices-corporate.jpg\" alt=\"General Corporate\"><\/div>\n\t\t\t<div class=\"width51\">\n\t\t\t\t<div class=\"inline-inner\">\n\t\t\t\t\t<h3>Generel Erhvervsjura<\/h3>\n\t\t\t\t\t<p>For at levere n\u00f8jagtig juridisk st\u00f8tte i IT- og startup-virksomhedernes hurtige milj\u00f8 er det vigtigt at have specialiseret viden og erfaring. Vores firma har mange specialister p\u00e5 dette omr\u00e5de, og vi har erfaring med at fungere som juridisk r\u00e5dgiver (inklusive forskellige kontrakter for direkt\u00f8rer, ledende medarbejdere osv.) for 1087 virksomheder, der hovedsageligt best\u00e5r af IT-virksomheder, lige fra top tier-virksomheder til start-up-virksomheder i startfasen i Japan.<\/p>\n\t\t\t\t<\/div>\n\t\t\t<\/div>\n\t\t<\/div>\n\t<\/div>\n<\/section>\n<section class=\"white-section\">\n\t<div class=\"section-inner\">\n\t\t<ol class=\"practices-list mgb-big\">\n\t\t\t<li>\n\t\t\t\t<h4><img decoding=\"async\" src=\"\/wp-content\/themes\/monolith_en\/img\/practices\/practices_1_1.svg\" alt=\"1.Venture Law \"><\/h4>\n\t\t\t\t<img decoding=\"async\" src=\"\/wp-content\/themes\/monolith2021\/img\/practices\/practices_1_1_pic.png\" alt=\"Venture Law \">\n\t\t\t\t<p>Vi har omfattende erfaring med juridiske sp\u00f8rgsm\u00e5l relateret til forretning og kapital, inklusive finansiering, virksomhedsoverf\u00f8rsler og opk\u00f8b.<\/p>\n\t\t\t<\/li>\n\t\t\t<li>\n\t\t\t\t<h4><img decoding=\"async\" src=\"\/wp-content\/themes\/monolith_en\/img\/practices\/practices_1_2.svg\" alt=\"2.IT and Intellectual Property Law\"><\/h4>\n\t\t\t\t<img decoding=\"async\" src=\"\/wp-content\/themes\/monolith2021\/img\/practices\/practices_1_2_pic.png\" alt=\"IT and Intellectual Property Law\">\n\t\t\t\t<p>Toki Kawase, vores repr\u00e6sentative advokat med tidligere erfaring som ingeni\u00f8r, vil opn\u00e5 en dyb forst\u00e5else af din virksomheds produkter, lejlighedsvis ved faktisk at l\u00e6se koden.<\/p>\n\t\t\t<\/li>\n\t\t\t<li>\n\t\t\t\t<h4><img decoding=\"async\" src=\"\/wp-content\/themes\/monolith_en\/img\/practices\/practices_1_3.svg\" alt=\"3.Speed\n\"><\/h4>\n\t\t\t\t<img decoding=\"async\" src=\"\/wp-content\/themes\/monolith2021\/img\/practices\/practices_1_3_pic.png\" alt=\"Speed\n\">\n\t\t\t\t<p>Vi forst\u00e5r vigtigheden af hurtig reaktionstid for din forretning og virksomhed. Som en generel regel reagerer vi inden for en arbejdsdag.<\/p>\n\t\t\t<\/li>\n\t\t\t<li>\n\t\t\t\t<h4><img decoding=\"async\" src=\"\/wp-content\/themes\/monolith_en\/img\/practices\/practices_1_4.svg\" alt=\"4.Legal Affairs of Small and Medium Sized Enterprises\"><\/h4>\n\t\t\t\t<img decoding=\"async\" src=\"\/wp-content\/themes\/monolith2021\/img\/practices\/practices_1_4_pic.png\" alt=\"Legal Affairs of Small and Medium Sized Enterprises\">\n\t\t\t\t<p>Da vores stiftende advokat har erfaring med virksomhedsledelse, forst\u00e5r han ud fra erfaring ledelsens udfordringer.<\/p>\n\t\t\t<\/li>\n\t\t<\/ol>\n\t\t<div class=\"btn-area\">\n\t\t\t<div class=\"btn icon-general-corporate\"><a href=\"\/da\/general-corporate\">Generel Erhverv<\/a><\/div>\n\t\t<\/div>\n\t<\/div>\n<\/section>\n<section class=\"purple-section\">\n\t<div class=\"anchor\" id=\"it\"><\/div>\n\t<div class=\"section-inner\">\n\t\t<div class=\"flex mgb-middle\">\n\t\t\t<div class=\"width41\"><img decoding=\"async\" src=\"\/wp-content\/themes\/monolith2021\/img\/pic\/pic_practices-itlaw.jpg\" alt=\"IT\"><\/div>\n\t\t\t<div class=\"width51\">\n\t\t\t\t<div class=\"inline-inner\">\n\t\t\t\t\t<h3>IT<\/h3>\n\t\t\t\t\t<p class=\" mgb-middle\">Det er vigtigt for advokater for IT-virksomheder at forst\u00e5 teknologi og drift relateret til IT og intellektuel ejendomsret i virksomhedens daglige forretning. <br>MONOLITH LAW OFFICE fungerer som juridisk r\u00e5dgiver og hovedjuridisk officer for IT-virksomheder og h\u00e5ndterer specialiserede og sofistikerede IT-relaterede juridiske sager,<br>s\u00e5som systemudvikling, vedligeholdelse af brugervilk\u00e5r for applikationer og tjenester, medieh\u00e5ndtering, marketingoperationer, blockchain, AI, beskyttelse af personlige oplysninger og IP-relaterede juridiske sager i Japan.<\/p>\n\t\t\t\t<\/div>\n\t\t\t<\/div>\n\t\t<\/div>\n\t\t<ul class=\"layout-column4 mgb-big\">\n\t\t\t<li>\n\t\t\t\t<div><img decoding=\"async\" src=\"\/wp-content\/themes\/monolith2021\/img\/practices-itlaw\/practices-itlaw_pic1.jpg\"><\/div>\n\t\t\t\t<h4>Systemudvikling<\/h4>\n\t\t\t\t<p>Fra udkast, revision og forhandling af kontrakter til l\u00f8sning af tvister, n\u00e5r problemer opst\u00e5r.<\/p>\n\t\t\t<\/li>\n\t\t\t<li>\n\t\t\t\t<div><img decoding=\"async\" src=\"\/wp-content\/themes\/monolith2021\/img\/practices-itlaw\/practices-itlaw_pic2.jpg\"><\/div>\n\t\t\t\t<h4>Brugervilk\u00e5r<\/h4>\n\t\t\t\t<p>Oprettelse og \u00e6ndring af vilk\u00e5r og betingelser samt privatlivspolitikker, n\u00f8dvendige for offentligg\u00f8relse eller drift.<\/p>\n\t\t\t<\/li>\n\t\t\t<li>\n\t\t\t\t<div><img decoding=\"async\" src=\"\/wp-content\/uploads\/2023\/05\/oss.jpg\"><\/div>\n\t\t\t\t<h4>OSS<\/h4>\n\t\t\t\t<p>Forskellige typer support baseret p\u00e5 forst\u00e5else af softwaren, inklusive licensdesign og licensaftaler.<\/p>\n\t\t\t<\/li>\n\t\t\t<li>\n\t\t\t\t<div><img decoding=\"async\" src=\"\/wp-content\/uploads\/2022\/07\/shutterstock_1151380622_2.png\"><\/div>\n\t\t\t\t<h4>Kryptoaktiver<\/h4>\n\t\t\t\t<p>support af blockchain-relaterede virksomheder fra et juridisk perspektiv, inklusive fundraising, indholdsforretninger og NFT&#8217;er.<\/p>\n\t\t\t<\/li>\n\t\t<\/ul>\n\t\t<div class=\"btn-area\">\n\t\t\t<div class=\"btn icon-it\"><a href=\"\/da\/it\">IT<\/a><\/div>\n\t\t<\/div>\n\t<\/div>\n<\/section>\n<section class=\"white-section\">\n\t<div class=\"anchor\" id=\"cross-border\"><\/div>\n\t<div class=\"section-inner\">\n\t\t<div class=\"flex reverse\">\n\t\t\t<div class=\"width41\"><img decoding=\"async\" src=\"\/en\/wp-content\/uploads\/sites\/6\/2023\/06\/global.jpg\" alt=\"Cross Border\"><\/div>\n\t\t\t<div class=\"width51\">\n\t\t\t\t<div class=\"inline-inner\">\n\t\t\t\t\t<h3>Gr\u00e6nseoverskridende<\/h3>\n\t\t\t\t\t<p class=\"mgb-small\">MONOLITH LAW OFFICE specialiserer sig i at levere et bredt udvalg af juridiske tjenester for udenlandske virksomheder, der tr\u00e6der ind p\u00e5 det japanske marked. Med ekspertise i IT og opstart tilbyder vores erfarne advokater support inden for licensaftaler, intellektuelle ejendomsrettigheder, databeskyttelsesoverholdelse, kontraktforhandling og juridisk risikostyring.<\/p>\n\t\t\t\t\t<p class=\"mgb-small\">Vi er ogs\u00e5 specialiserede i at hj\u00e6lpe startups med fundraising, investeringsaftaler og b\u00f8rsintroduktioner, og driver deres v\u00e6kst og succes gennem strategisk juridisk support. Vores team forst\u00e5r de unikke karakteristika og m\u00e5l for hver virksomhed og leverer skr\u00e6ddersyede r\u00e5d og l\u00f8sninger, der kombinerer et internationalt perspektiv med lokale indsigter.<\/p>\n\t\t\t\t\t<p class=\"mgb-small\">Juridisk probleml\u00f8sning er afg\u00f8rende for vellykket ekspansion i Japan. Kontakt os for at diskutere, hvordan vi kan hj\u00e6lpe din virksomhed med at trives p\u00e5 det japanske marked.<\/p>\n\t\t\t\t<\/div>\n\t\t\t<\/div>\n\t\t<\/div>\n\t\t<div class=\"max-width980 mgb-small\"><img decoding=\"async\" src=\"\/wp-content\/uploads\/2023\/05\/global_map.png\" alt=\"Supported Countries\"><\/div>\n\t\t<div class=\"frame2 max-width860 mgb-big txt-center-pc\">\n\t\t\t<p>Globale Juridiske Tjenester: Ekspertise &amp; R\u00e6kkevidde Ud Over Gr\u00e6nser. Omfattende assistance p\u00e5 verdensplan gennem betroede partnerfirmaer. Kontakt os for gr\u00e6nseoverskridende juridiske behov.<\/p>\n\t\t<\/div>\n\t\t<div class=\"btn-area\">\n\t\t\t<div class=\"btn icon-cross-border\"><a href=\"\/da\/cross-border\">Gr\u00e6nseoverskridende<\/a><\/div>\n\t\t<\/div>\n\t<\/div>\n<\/section>\n\n<section class=\"orange-section\">\n\t<div class=\"anchor\" id=\"internet\"><\/div>\n\t<div class=\"section-inner\">\n\t\t<div class=\"flex mgb-middle\">\n\t\t\t<div class=\"width41\"><img decoding=\"async\" src=\"\/en\/wp-content\/uploads\/sites\/6\/2023\/06\/internet.jpg\" alt=\"Internet\"><\/div>\n\t\t\t<div class=\"width51\">\n\t\t\t\t<h3>Internet<\/h3>\n\t\t\t\t<p class=\"mgb-small\">MONOLITH LAW OFFICE, med sin omfattende erfaring inden for IT-relaterede juridiske forhold, er s\u00e6rligt dygtig til at st\u00f8tte internetbaserede virksomheder, inklusive YouTubere og virksomheder, der deltager i YouTube-relaterede aktiviteter.<\/p>\n\t\t\t\t<p class=\"mgb-middle\">Vi forst\u00e5r de iboende risici forbundet med internettet, s\u00e5som negative websider og online opslagstavleindl\u00e6g. Vores firma har med succes h\u00e5ndteret mange sager, der involverer online omd\u00f8mmestyring for et bredt udvalg af klienter, fra enkeltpersoner til store virksomheder. Negative websider pr\u00e6senterer en unik juridisk udfordring i Japan, og vores kvalificerede advokater er udstyret til at levere effektive l\u00f8sninger. Vi er ivrige efter at r\u00e5dgive dig og drage fordel af vores ekspertise og erfaring i at l\u00f8se problemer relateret til negative websider.<\/p>\n\t\t\t<\/div>\n\t\t<\/div>\n\t\t<ul class=\"layout-column4 mgb-big\">\n\t\t\t<li>\n\t\t\t\t<div><img decoding=\"async\" src=\"\/wp-content\/themes\/monolith2021\/img\/pic\/pic_practices-youtuberlaw.jpg\" alt=\"YouTuber\"><\/div>\n\t\t\t\t<h4>YouTuber<\/h4>\n\t\t\t\t<p>Ekspertise i influencer-styring. Vi forst\u00e5r japansk lov og det konstant skiftende internetlandskab. Betroet af top YouTuber-agenturer, VTuber-virksomheder og skabere. Specialiseret juridisk support til kontrakter og video-relaterede problemer i Japan.<\/p>\n\t\t\t<\/li>\n\t\t\t<li>\n\t\t\t\t<div><img decoding=\"async\" src=\"\/wp-content\/themes\/monolith2021\/img\/pic\/pic_sns_manda.jpg\" alt=\"M&amp;A of SNS\"><\/div>\n\t\t\t\t<h4>M&amp;A af SNS<\/h4>\n\t\t\t\t<p>Ekspertise i sociale mediers M&amp;A. Vores advokatfirma forst\u00e5r den unikke natur ved YouTube- og Twitter-konto-transaktioner. Med st\u00e6rk IT- og internetviden tilbyder vi omfattende support til kontrakter, due diligence og juridiske aspekter. Stol p\u00e5 os for at beskytte og maksimere v\u00e6rdien af dine digitale aktiver.<\/p>\n\t\t\t<\/li>\n\t\t\t<li>\n\t\t\t\t<div><img decoding=\"async\" src=\"\/wp-content\/themes\/monolith2021\/img\/pic\/pic_practices-reputation.jpg\" alt=\"Negative Web Pages\"><\/div>\n\t\t\t\t<h4>Negative Websider<\/h4>\n\t\t\t\t<p>Forsvar mod online angreb. Specialiseret i internetlov fjerner vi skadelige websider, der skader omd\u00f8mme. Betroet af virksomheder og enkeltpersoner, leverer vi strategiske juridiske indgreb og omfattende l\u00f8sninger for at beskytte din online tilstedev\u00e6relse og omd\u00f8mme.<\/p>\n\t\t\t<\/li>\n\t\t\t<li>\n\t\t\t\t<div><img decoding=\"async\" src=\"\/wp-content\/themes\/monolith2021\/img\/pic\/pic_reputation.jpg\" alt=\"Identification of Posters\"><\/div>\n\t\t\t\t<h4>Identifikation af Indl\u00e6g<\/h4>\n\t\t\t\t<p>Identifikation af personer ansvarlige for ulovlige indl\u00e6g. MONOLITH LAW OFFICE specialiserer sig i internetlov og har omfattende erfaring i at h\u00e5ndtere sager, der involverer negativt online indhold. Vi navigerer i de juridiske processer for at s\u00f8ge retf\u00e6rdighed og beskytte vores klienters interesser.<\/p>\n\t\t\t<\/li>\n\t\t<\/ul>\n\t\t<div class=\"btn-area\">\n\t\t\t<div class=\"btn icon-internet\"><a href=\"\/da\/internet\">Internet<\/a><\/div>\n\t\t<\/div>\n\t<\/div>\n<\/section>\n","protected":false},"excerpt":{"rendered":"<p>Tjenester Med vores ledende advokats baggrund som IT-ingeni\u00f8r og erfaring med at lede IT-virksomheder, st\u00e5r MONOLITH LAW FIRM som et f\u00f8rende advokatfirma i Japan med specialisering i IT, forretning og [&hellip;]<\/p>\n","protected":false},"author":1,"featured_media":57138,"parent":0,"menu_order":4,"comment_status":"closed","ping_status":"closed","template":"practices-page-temp.php","meta":{"footnotes":""},"acf":[],"_links":{"self":[{"href":"https:\/\/monolith.law\/da\/wp-json\/wp\/v2\/pages\/4213"}],"collection":[{"href":"https:\/\/monolith.law\/da\/wp-json\/wp\/v2\/pages"}],"about":[{"href":"https:\/\/monolith.law\/da\/wp-json\/wp\/v2\/types\/page"}],"author":[{"embeddable":true,"href":"https:\/\/monolith.law\/da\/wp-json\/wp\/v2\/users\/1"}],"replies":[{"embeddable":true,"href":"https:\/\/monolith.law\/da\/wp-json\/wp\/v2\/comments?post=4213"}],"version-history":[{"count":115,"href":"https:\/\/monolith.law\/da\/wp-json\/wp\/v2\/pages\/4213\/revisions"}],"predecessor-version":[{"id":59109,"href":"https:\/\/monolith.law\/da\/wp-json\/wp\/v2\/pages\/4213\/revisions\/59109"}],"wp:featuredmedia":[{"embeddable":true,"href":"https:\/\/monolith.law\/da\/wp-json\/wp\/v2\/media\/57138"}],"wp:attachment":[{"href":"https:\/\/monolith.law\/da\/wp-json\/wp\/v2\/media?parent=4213"}],"curies":[{"name":"wp","href":"https:\/\/api.w.org\/{rel}","templated":true}]}}