{"id":4232,"date":"2019-08-29T04:55:45","date_gmt":"2019-08-28T19:55:45","guid":{"rendered":"https:\/\/monolith.law\/?page_id=4232"},"modified":"2023-12-01T19:41:34","modified_gmt":"2023-12-01T10:41:34","slug":"greetings-from-the-managing-attorney","status":"publish","type":"page","link":"https:\/\/monolith.law\/da\/greetings-from-the-managing-attorney","title":{"rendered":"Hilsen fra den Administrerende Advokat"},"content":{"rendered":"\n<section class=\"heading-area\">\n\t<div class=\"heading-area-inner\">\n\t\t<h2 class=\"icon-greetings-from-the-managing-attorney\">Hilsen fra den Administrerende Advokat<\/h2>\n\t<\/div>\n<\/section>\n\n<section class=\"white-section\">\n\t<div class=\"section-inner section-inner-bottomhalf pdt0 border-bottom-section\">\n\t\t<div class=\"tagline\">\n\t\t\t<div class=\"textArea\">\n\t\t\t\t<p>H\u00e5ndtering af informationsteknologiens kraft har revolutioneret menneskehedens historie,<br class=\"pcOnly\"> p\u00e5 linje med dynamittens indflydelse.<br>Internettet har is\u00e6r hurtigt transformeret evolutionens forl\u00f8b,<br class=\"pcOnly\"> og skubbet menneskeheden fremad med hidtil uset hastighed.<br>Men med denne enorme kraft f\u00f8lger store risici.<\/p>\n\t\t\t\t<p>Hos MONOLITH LAW OFFICE mener vi fast, at det er vores ansvar at sikre,<br class=\"pcOnly\">at vores tids Kr\u00e6fter anvendes ikke som en trussel mod virksomheder,<br class=\"pcOnly\">men som en katalysator for deres revolutionerende udvikling.<br>\nVi str\u00e6ber efter at v\u00e6re et innovativt og fremsynet team, der leverer juridisk vejledning og st\u00f8tte,<br class=\"pcOnly\">der g\u00f8r det muligt for virksomheder at udnytte informationsteknologiens fulde potentiale.<\/p>\n\t\t\t\t<p>Vores mission er at navigere i det komplekse juridiske landskab, styrke virksomheder<br class=\"pcOnly\">til at udnytte IT til dets fulde omfang. Ved at omfavne de muligheder,<br class=\"pcOnly\">den digitale tidsalder pr\u00e6senterer, sigter vi mod at facilitere transformative v\u00e6kst i vores klienters virksomheder.<\/p>\n\t\t\t\t<p class=\"txt-l\">Evolutionere IT<\/p>\n\t\t\t\t<p>MONOLITH LAW OFFICE<\/p>\n\t\t\t<\/div>\n\t\t\t<div class=\"logo\"><img decoding=\"async\" src=\"\/wp-content\/themes\/monolith2021\/img\/logo.svg\" alt=\"MONOLITH LAW OFFICE\"><\/div>\n\t\t<\/div>\n\t<\/div>\n<\/section>\n\n<section class=\"second-nav\">\n\t<div class=\"second-nav-inner\">\n\t\t<p>EMNER<\/p>\n\t\t<nav>\n\t\t\t<ul>\n\t\t\t\t<li><a href=\"#law-firm-led-by-former-it-engineer-turned-lawyer-with-corporate-management-experience\">Advokatfirma Ledet af Tidligere IT-Ingeni\u00f8r Vendt Advokat med Erfaring i Virksomhedsledelse<\/a><\/li>\n\t\t\t\t<li><a href=\"#a-law-firm-emphasizing-it-internet-and-business-expertise\">Et Advokatfirma med Fokus p\u00e5 IT, Internet og Forretningsekspertise<\/a><\/li>\n\t\t\t\t<li><a href=\"#corporate-law-and-it-legal-expertise\">Virksomhedsret og IT-Juridisk Ekspertise<\/a><\/li>\n\t\t\t\t<li><a href=\"#a-team-of-lawyers-and-it-consultants\">Et Team af Advokater og IT-Konsulenter<\/a><\/li>\n\t\t\t<\/ul>\n\t\t<\/nav>\n\t<\/div>\n<\/section>\n\n<section class=\"white-section\">\n\t<div class=\"anchor\" id=\"law-firm-led-by-former-it-engineer-turned-lawyer-with-corporate-management-experience\"><\/div>\n\t<div class=\"section-inner\">\n\t\t<div class=\"flex\">\n\t\t\t<div class=\"width41\"><img decoding=\"async\" src=\"\/wp-content\/uploads\/2023\/06\/message_1.jpg\" alt=\"Law Firm Led by Former IT Engineer Turned Lawyer with Corporate Management Experience\"><\/div>\n\t\t\t<div class=\"width51\">\n\t\t\t\t<h3>Advokatfirma Ledet af Tidligere IT-Ingeni\u00f8r Vendt Advokat med Erfaring inden for Virksomhedsledelse<\/h3>\n\t\t\t\t<p class=\"font-h3 txt-right mgb-middle\">Administrerende advokat: Toki Kawase<\/p>\n\t\t\t\t<p class=\"mgb-small\">Siden min barndom har jeg altid haft en passion for computere og teknologi, hvilket gav mig titlen &#8220;computer n\u00f8rd.&#8221; Igennem mine teenage\u00e5r og tidlig voksenliv dykkede jeg ned i IT-verdenen, drev min egen virksomhed og fik v\u00e6rdifuld erfaring.<\/p>\n\t\t\t\t<p class=\"mgb-small\">Min rejse begyndte i grundskolen, hvor jeg startede med at programmere p\u00e5 min f\u00f8rste PC, en \u201cMSX 2+.\u201d I folkeskolen blev jeg endda en del af skolens computerteam, hvilket forst\u00e6rkede min passion for programmering. Under mine universitets\u00e5r opstod der en mulighed for at lave et website til en virksomhed, hvilket blev et vendepunkt i min karriere. Fleksibiliteten og de \u00f8konomiske fordele ved dette projekt fik mig til at udforske forskellige IT-relaterede forretningsomr\u00e5der som webudvikling, oprettelse af webtjenester og SEO-optimering.<\/p>\n\t\t\t\t<p class=\"mgb-small\">I denne periode fik opstartsvirksomheder ledet af unge professionelle inden for IT-feltet fart, og jeg befandt mig midt i den dynamiske og hurtigt skiftende verden af iv\u00e6rks\u00e6tteri. Jeg arbejdede utr\u00e6tteligt, omfavnede b\u00e5de indenlandske og gr\u00e6nseoverskridende projekter, samarbejdede med internationale partnere og tilpassede mig konstant til det skiftende landskab.<\/p>\n\t\t\t\t<p class=\"mgb-small\">Men i slutningen af tyverne tog jeg en livs\u00e6ndrende beslutning. Jeg overdrog ansvaret for min IT-virksomhed til andre og p\u00e5begyndte en ny retning. Jeg begyndte p\u00e5 jurastudiet med m\u00e5let om at kombinere min tekniske ekspertise med juridisk viden. I dag, som advokat og tidligere IT-ingeni\u00f8r med erfaring i virksomhedsledelse, leder jeg et advokatfirma, der forst\u00e5r IT-branchens kompleksitet og tilbyder omfattende juridiske tjenester.<\/p>\n\t\t\t\t<p>I vores firma kombinerer vi vores unikke blanding af IT-viden og juridisk ekspertise for at give effektiv vejledning og st\u00f8tte til vores klienter. Vi forst\u00e5r de udfordringer og muligheder, som opst\u00e5r i den digitale tidsalder, og vi er dedikerede til at hj\u00e6lpe virksomheder med at navigere i det juridiske landskab og n\u00e5 deres m\u00e5l.<\/p>\n\t\t\t<\/div>\n\t\t<\/div>\n\t<\/div>\n<\/section>\n\n<section class=\"purple-section\">\n\t<div class=\"anchor\" id=\"a-law-firm-emphasizing-it-internet-and-business-expertise\"><\/div>\n\t<div class=\"section-inner\">\n\t\t<div class=\"flex reverse\">\n\t\t\t<div class=\"width41\"><img decoding=\"async\" src=\"\/wp-content\/uploads\/2023\/06\/message_2.jpg\" alt=\"A Law Firm Emphasizing IT, Internet, and Business Expertise\"><\/div>\n\t\t\t<div class=\"width51\">\n\t\t\t\t<h3>Et Advokatfirma Med Fokus P\u00e5 IT, Internet, Og Forretningsekspertise<\/h3>\n\t\t\t\t<p class=\"mgb-small\">Mange opfatter min overgang fra at v\u00e6re IT-virksomhedsejer til advokat som en fuldst\u00e6ndig 180-graders \u00e6ndring. Dog mener jeg, at skiftet ikke var s\u00e5 drastisk, som det m\u00e5ske virker.<\/p>\n\t\t\t\t<p class=\"mgb-small\">N\u00e5r jeg ser tilbage p\u00e5 min fortid, indser jeg, at selv som en videnskabsorienteret IT-ingeni\u00f8r havde jeg en naturlig tilb\u00f8jelighed til humanistisk t\u00e6nkning. Jeg blev draget af forretningsverdenen, hvilket fik mig til at kaste mig ud i iv\u00e6rks\u00e6tteri i stedet for at forf\u00f8lge en traditionel karriere som IT-ingeni\u00f8r.<\/p>\n\t\t\t\t<p class=\"mgb-small\">I dag, som advokat, er jeg en person, der excellerer i videnskabelig t\u00e6nkning inden for et felt, der traditionelt er associeret med humaniora. Denne baggrund positionerer mig som den administrerende advokat i et advokatfirma, der l\u00e6gger stor v\u00e6gt p\u00e5 IT, internet og forretningsanliggender.<\/p>\n\t\t\t\t<p class=\"mgb-big\">Selvom min karriere m\u00e5ske adskiller sig fra en typisk IT-ingeni\u00f8rs, ser jeg min overgang fra en IT-ingeni\u00f8r til advokat som mere af en gradvis \u00e6ndring, m\u00e5ske nogle f\u00e5 dusin grader snarere end en komplet omvending. Faktisk opfatter jeg det som en naturlig udvikling, der giver mig mulighed for at udnytte min unikke kombination af f\u00e6rdigheder og viden til bedre at tjene vores klienter inden for IT, internet og forretningssektorerne.<\/p>\n\t\t\t\t<div class=\"btn-area align-left\">\n\t\t\t\t\t<div class=\"btn icon-services\"><a href=\"\/da\/services\">Tjenester<\/a><\/div>\n\t\t\t\t<\/div>\n\t\t\t<\/div>\n\t\t<\/div>\n\t<\/div>\n<\/section>\n\n<section class=\"white-section\">\n\t<div class=\"anchor\" id=\"corporate-law-and-it-legal-expertise\"><\/div>\n\t<div class=\"section-inner\">\n\t\t<div class=\"flex\">\n\t\t\t<div class=\"width41\"><img decoding=\"async\" src=\"\/wp-content\/uploads\/2023\/06\/message_3.jpg\" alt=\"Corporate Law and IT Legal Expertise\"><\/div>\n\t\t\t<div class=\"width51\">\n\t\t\t\t<h3>Erhvervsret Og IT-Juridisk Ekspertise<\/h3>\n\t\t\t\t<p class=\"mgb-small\">Hos MONOLITH LAW OFFICE har jeg en dobbeltrolle. F\u00f8rst og fremmest yder jeg erhvervsretlig st\u00f8tte til IT-virksomheder og startups som konsulent. Det er vigtigt at forst\u00e5 IT-branchens kompleksiteter og de unikke udfordringer, som startups st\u00e5r over for, for at levere skr\u00e6ddersyede juridiske tjenester. Med min f\u00f8rsteh\u00e5ndserfaring og ekspertise inden for IT og startup milj\u00f8er er jeg godt rustet til at yde enest\u00e5ende juridisk bistand til disse kunder.<\/p>\n\t\t\t\t<p class=\"mgb-small\">For det andet arbejder jeg som en del af et team af IT- og juridiske specialister, der tilbyder konsulentydelser til virksomheder p\u00e5 tv\u00e6rs af forskellige brancher, som beh\u00f8ver vejledning i IT-relaterede juridiske sp\u00f8rgsm\u00e5l. Vores team udnytter vores f\u00e6lles viden om IT og jura for at sammens\u00e6tte og levere optimale l\u00f8sninger, der im\u00f8dekommer hver kundes specifikke krav.<\/p>\n\t\t\t\t<p class=\"mgb-small\">Mens traditionelle juridiske tjenester ofte fokuserer p\u00e5 at levere specifikke produkter, s\u00e5som at indgive retssager efter anmodning, anerkender jeg vigtigheden af, at de leverede l\u00f8sninger virkelig opfylder kundens behov. Kan vi udelukkende stole p\u00e5 kunden til at designe en l\u00f8sning, der effektivt im\u00f8dekommer deres unikke udfordringer? Dette er afg\u00f8rende overvejelser, som jeg tager i betragtning.<\/p>\n\t\t\t\t<p class=\"mgb-small\">Som et eksempel kan vi overveje st\u00f8tte til b\u00f8rsnoteringer i Japan. For at sikre overholdelse skal virksomheder n\u00f8je unders\u00f8ge alle potentielle \u00e6ndringer i japansk lovgivning og regulering, der kan p\u00e5virke deres drift og tage passende foranstaltninger. Dog kan det for advokater i deres daglige arbejde v\u00e6re en udfordring at holde styr p\u00e5 de mange \u00e6ndringer, herunder mindre \u00e6ndringer.<\/p>\n\t\t\t\t<p>Som IT- og juridisk ekspert bestr\u00e6ber jeg mig p\u00e5 at levere &#8220;l\u00f8sninger&#8221;, der kombinerer IT&#8217;s kraft og juraen for effektivt at tackle disse komplekse problemstillinger.<\/p>\n\t\t\t<\/div>\n\t\t<\/div>\n\t<\/div>\n<\/section>\n\n<section class=\"orange-section\">\n\t<div class=\"anchor\" id=\"a-team-of-lawyers-and-it-consultants\"><\/div>\n\t<div class=\"section-inner\">\n\t\t<div class=\"flex reverse\">\n\t\t\t<div class=\"width41\"><img decoding=\"async\" src=\"\/wp-content\/uploads\/2023\/06\/message_4.jpg\" alt=\"A Team of Lawyers and IT Consultants\"><\/div>\n\t\t\t<div class=\"width51\">\n\t\t\t\t<h3>Et Team af Advokater og IT-Konsulenter<\/h3>\n\t\t\t\t<p class=\"mgb-small\">Ud over eksemplet med st\u00f8tte til b\u00f8rsnoteringer er der mange situationer, hvor kombinationen af IT og jura er afg\u00f8rende for at im\u00f8dekomme kundens behov. At h\u00e5ndtere komplekse problemstillinger kr\u00e6ver et team med de f\u00e6rdigheder og kapabiliteter, der er n\u00f8dvendige for at tr\u00e6ffe informerede beslutninger og implementere effektive foranstaltninger fra et bredt spektrum af muligheder. Mens advokater er juridiske fagfolk og specialister i juridiske sp\u00f8rgsm\u00e5l, kr\u00e6ver opbygningen af en omfattende &#8220;l\u00f8sning&#8221; mere end blot juridisk ekspertise.<\/p>\n\t\t\t\t<p class=\"mgb-small\">Derfor inkluderer vores team medarbejdere udover advokater, s\u00e5som IT-konsulenter, der bringer en mangfoldig vifte af f\u00e6rdigheder til bordet. Med deres evne til at udf\u00f8re internetforskning, forklare l\u00f8sningsforslag og tilbyde indsigt, der g\u00e5r ud over traditionel juridisk viden, kan vi levere omfattende og effektive l\u00f8sninger. N\u00e5r vi h\u00e5ndterer gr\u00e6nseoverskridende juridiske sp\u00f8rgsm\u00e5l, er samarbejde med teams ud over advokater afg\u00f8rende. Vores teammedlemmer med fremmedsprogskundskaber og en dyb forst\u00e5else for udenlandske forretningsmilj\u00f8er g\u00f8r det muligt for os at navigere i spidsen for den gr\u00e6nseoverskridende IT-sektor.<\/p>\n\t\t\t\t<p class=\"mgb-small\">Vedr\u00f8rende rekruttering er det vigtigt at bem\u00e6rke, at mange af vores advokater bliver en del af firmaet uden omfattende IT-ekspertise. Vi fremmer et samarbejdende milj\u00f8, hvor advokater med forskellige baggrunde og erfaringer inden for IT-relaterede juridiske sp\u00f8rgsm\u00e5l arbejder sammen som et hold. Ansvarsomr\u00e5der for teammedlemmer, der ikke er advokater, bestemmes ofte ud fra deres evner og egenskaber efter at have sluttet sig til firmaet og samarbejdet med forskellige virksomheder. Vi byder ans\u00f8gninger velkommen fra advokater, som muligvis ikke har specialiseret IT-viden, eller som t\u00f8ver med at blive m\u00e6rket som &#8220;specialister.<\/p>\n\t\t\t\t<p class=\"mgb-big\">I vores firma v\u00e6rds\u00e6tter vi den samlede ekspertise og bidrag fra hvert teammedlem, og skaber et dynamisk og innovativt milj\u00f8, der kombinerer juridisk dygtighed med IT-indsigt.<\/p>\n\t\t\t\t<div class=\"btn-area align-left\">\n\t\t\t\t\t<div class=\"btn icon-job-openings\"><a href=\"\/en\/job-openings\/\">Job\u00e5bninger<\/a><\/div>\n\t\t\t\t<\/div>\n\t\t\t<\/div>\n\t\t<\/div>\n\t<\/div>\n<\/section>\n","protected":false},"excerpt":{"rendered":"<p>Hilsen fra den Administrerende Advokat H\u00e5ndtering af informationsteknologiens kraft har revolutioneret menneskehedens historie, p\u00e5 linje med dynamittens indflydelse.Internettet har is\u00e6r hurtigt transf [&hellip;]<\/p>\n","protected":false},"author":1,"featured_media":57134,"parent":0,"menu_order":8,"comment_status":"closed","ping_status":"closed","template":"other-page-temp.php","meta":{"footnotes":""},"acf":[],"_links":{"self":[{"href":"https:\/\/monolith.law\/da\/wp-json\/wp\/v2\/pages\/4232"}],"collection":[{"href":"https:\/\/monolith.law\/da\/wp-json\/wp\/v2\/pages"}],"about":[{"href":"https:\/\/monolith.law\/da\/wp-json\/wp\/v2\/types\/page"}],"author":[{"embeddable":true,"href":"https:\/\/monolith.law\/da\/wp-json\/wp\/v2\/users\/1"}],"replies":[{"embeddable":true,"href":"https:\/\/monolith.law\/da\/wp-json\/wp\/v2\/comments?post=4232"}],"version-history":[{"count":36,"href":"https:\/\/monolith.law\/da\/wp-json\/wp\/v2\/pages\/4232\/revisions"}],"predecessor-version":[{"id":59108,"href":"https:\/\/monolith.law\/da\/wp-json\/wp\/v2\/pages\/4232\/revisions\/59108"}],"wp:featuredmedia":[{"embeddable":true,"href":"https:\/\/monolith.law\/da\/wp-json\/wp\/v2\/media\/57134"}],"wp:attachment":[{"href":"https:\/\/monolith.law\/da\/wp-json\/wp\/v2\/media?parent=4232"}],"curies":[{"name":"wp","href":"https:\/\/api.w.org\/{rel}","templated":true}]}}