{"id":47528,"date":"2022-07-25T18:24:34","date_gmt":"2022-07-25T09:24:34","guid":{"rendered":"https:\/\/monolith.law\/?page_id=47528"},"modified":"2024-03-08T20:01:50","modified_gmt":"2024-03-08T11:01:50","slug":"crypto-asset-and-blockchain","status":"publish","type":"page","link":"https:\/\/monolith.law\/da\/crypto-asset-and-blockchain","title":{"rendered":"Kryptoaktiver og Blockchains"},"content":{"rendered":"\n<section class=\"heading-area\">\n\t<div class=\"heading-area-inner\">\n\t\t<h2 class=\"icon-crypto-asset-and-blockchain\">Kryptoaktiver og Blockchains<\/h2>\n\t\t<p>Kryptoaktiver og Blockchains er decentraliserede databaser skabt af forskellige IT-systemer, herunder konsensusalgoritmer, kryptografi og P2P-netv\u00e6rk, som er vanskelige at \u00e6ndre med en lav risiko for tab af data. Som en advokatvirksomhed med ekspertise p\u00e5 IT-omr\u00e5det st\u00f8tter vi virksomheder, der er involveret i kryptoaktiver, NFT&#8217;er og blockchains.<\/p>\n\t<\/div>\n<\/section>\n<section class=\"white-section\">\n\t<div class=\"section-inner pdt0 border-bottom-section\">\n\t<p class=\"mgb-small\">Kryptoaktiver, NFT&#8217;er og blockchains udvikler sig hurtigt p\u00e5 grund af l\u00f8bende teknologisk innovation og deres potentiale til en bred vifte af form\u00e5l, fra fundraising til digital kunstforvaltning. Som s\u00e5dan er det ogs\u00e5 et komplekst omr\u00e5de at regulere ved lov.<\/p>\n\t<p class=\"mgb-small\">MONOLITH LAW OFFICE er en advokatvirksomhed, som har specialiseret sig i krypto- og blockchainlovgivning siden sin grundl\u00e6ggelse i 2017. Vi er fortrolige med de juridiske regulativer for udenlandske virksomheder, deres foretagender i Japan, passende erhvervsvejledning mod implementering og udarbejdelsen af dokumenter og kontrakter for IT-relaterede forretningsoperationer. S\u00e5dant arbejde kr\u00e6ver viden og erfaring i international IT, erhverv, finanslovgivning og andre juridiske sp\u00f8rgsm\u00e5l.<\/p>\n\t<p>Vi yder avanceret st\u00f8tte til virksomheder, der udnytter blockchains, inklusive kryptoaktiver og NFT&#8217;er, gennem indviklet samarbejde mellem advokater og IT-konsulenter.<\/p>\n\t<\/div>\n<\/section>\n<section class=\"second-nav\">\n\t<div class=\"second-nav-inner\">\n\t\t<p>EMNER<\/p>\n\t\t<nav>\n\t\t\t<ul>\n\t\t\t\t<li><a href=\"#highly-specialized-teams-and-global-network\">H\u00f8jt Specialiserede Teams og Globalt Netv\u00e6rk<\/a><\/li>\n\t\t\t\t<li><a href=\"#examples-of-the-firms-support-achievements\">Eksempler p\u00e5 Firmaets Resultater<\/a><\/li>\n\t\t\t\t<li><a href=\"#advanced-technology-and-financial-legislation\">Avanceret Teknologi og Finansielle Lovgivninger<\/a><\/li>\n\t\t\t\t<li><a href=\"#providing-one-stop-solutions\">Levering af Komplette L\u00f8sninger<\/a><\/li>\n\t\t\t\t<li><a href=\"#legal-support-for-nft-related-businesses\">Juridisk St\u00f8tte til NFT-relaterede Virksomheder<\/a><\/li>\n\t\t\t\t<li><a href=\"#crypto-asset-businesses-and-custody-services\">Kryptovaluta Virksomheder og Forvaltningstjenester<\/a><\/li>\n\t\t\t\t<li><a href=\"#other-crypto-assets-related-businesses\">Andre Kryptovaluta-relaterede Virksomheder<\/a><\/li>\n\t\t\t\t<li><a href=\"#system-development\">Systemudvikling<\/a><\/li>\n\t\t\t\t<li><a href=\"#terms-of-use-maintenance-for-applications-etc\">Dokumentservices<\/a><\/li>\n\t\t\t\t<li><a href=\"#monolith-law-magazine\">MONOLITH LAW MAGAZINE<\/a><\/li>\n\t\t\t\t<li><a href=\"#fee-structure\">Gebyrstruktur<\/a><\/li>\n\t\t\t<\/ul>\n\t\t<\/nav>\n\t<\/div>\n<\/section>\n<section class=\"white-section\">\n\t<div class=\"anchor\" id=\"highly-specialized-teams-and-global-network\"><\/div>\n\t<div class=\"section-inner pdb0\">\n\t\t<h3>H\u00f8jt Specialiserede Teams og Globalt Netv\u00e6rk<\/h3>\n\t\t<div class=\"max-width980 mgb-small\"><img decoding=\"async\" src=\"\/wp-content\/uploads\/2023\/05\/web3team.jpg\" alt=\"Attorneys\"><\/div>\n\t\t<div class=\"frame2 max-width860 txt-center-pc\">\n\t\t\t<p class=\"bold txt-l mgb-small\">Da erhvervslandskabet omkring blockchains og kryptoaktiver udvikler sig hurtigt, er advokatfirmaer og advokater specialiseret p\u00e5 omr\u00e5det n\u00f8dvendige.<\/p>\n\t\t\t<p>Hos MONOLITH LAW OFFICE har vi etableret et dedikeret team af advokater med omfattende IT-viden, internationalt kvalificerede advokater og erfarne IT-ingeni\u00f8rer. Gennem vores robuste internationale netv\u00e6rk fremmer vi viden, hvilket g\u00f8r os i stand til at forblive i front i dette dynamiske felt.<\/p>\n\t\t<\/div>\n\t<\/div>\n<\/section>\n<section class=\"white-section\">\n\t<div class=\"anchor\" id=\"examples-of-the-firms-support-achievements\"><\/div>\n\t<div class=\"section-inner\">\n\t\t<h3>Eksempler p\u00e5 Firmaets St\u00f8ttepr\u00e6stationer<\/h3>\n\t\t<ul class=\"layout-column4\">\n\t\t\t<li>\n\t\t\t\t<div><img decoding=\"async\" src=\"\/wp-content\/uploads\/2022\/07\/shutterstock_1009471096.png\"><\/div>\n\t\t\t\t<h4>Fundraising (ICO, STO, IEO)<\/h4>\n\t\t\t\t<p>I dag stiger populariteten af ICO&#8217;er, STO&#8217;er og IEO&#8217;er, som bruger kryptoaktiver som et middel til fundraising. De ses som en mere fleksibel m\u00e5de at rejse midler p\u00e5 end b\u00f8rsintroduktioner (IPO&#8217;er), etc., samtidig med at de tilbyder investorbeskyttelse under reguleringer fra loven om finansielle instrumenter og udvekslinger og Betalingstjenesteloven. MONOLITH LAW OFFICE yder st\u00f8tte til lovligheden af virksomheden ved at bist\u00e5 og forberede rapporter.<\/p>\n\t\t\t<\/li>\n\t\t\t<li>\n\t\t\t\t<div><img decoding=\"async\" src=\"\/wp-content\/uploads\/2022\/07\/shutterstock_758063575-1.png\"><\/div>\n\t\t\t\t<h4>Mining\/Staking<\/h4>\n\t\t\t\t<p>Vi unders\u00f8ger lovligheden af mining og staking i blockchains samt udarbejder kontrakter og andre relevante dokumenter. I nogle tilf\u00e6lde kan det kr\u00e6ve registrering som en kryptovalutab\u00f8rsvirksomhed at deltage i mining og staking aktiviteter i blockchains. Vores ekspertise ligger i at forst\u00e5 de juridiske krav og assistere klienter i at overholde de n\u00f8dvendige reguleringer.<\/p>\n\t\t\t<\/li>\n\t\t\t<li>\n\t\t\t\t<div><img decoding=\"async\" src=\"\/wp-content\/uploads\/2022\/07\/shutterstock_1096851425.png\"><\/div>\n\t\t\t\t<h4>Kryptovalutab\u00f8rser og Deres Operationer<\/h4>\n\t\t\t\t<p>Under den reviderede lov om afregning af midler er registrering som en kryptovalutab\u00f8rsvirksomhed nu p\u00e5kr\u00e6vet for at k\u00f8be, s\u00e6lge, bytte og fungere som m\u00e6gler eller agent for kryptoaktiver. Ved at udt\u00e6nke en unik forretningsmodel er det muligt at undg\u00e5 s\u00e5dan registrering inden for lovens rammer. Vi kan ogs\u00e5 assistere vores klienter med st\u00f8tte til registrering som en kryptovalutab\u00f8rs og l\u00f8bende st\u00f8tte til virksomheder, der driver virtuelle valutab\u00f8rser.<\/p>\n\t\t\t<li>\n\t\t\t\t<div><img decoding=\"async\" src=\"\/wp-content\/uploads\/2022\/07\/shutterstock_2118688160.png\"><\/div>\n\t\t\t\t<h4>Indholdsvirksomhed \/ NFT<\/h4>\n\t\t\t\t<p>Ikke-fungible tokens (NFT&#8217;er) repr\u00e6senteres af digital kunst, blockchain spilgenstande, etc. Afh\u00e6ngigt af systemet kan deres juridiske status variere fra kryptografiske aktiver til forudbetalte betalingsmidler til elektronisk registrerede overf\u00f8rselsrettigheder (v\u00e6rdipapirer), etc., men de forbliver underlagt komplekse og strenge regler. Vi er i forretningen med at unders\u00f8ge lovligheden af vores klienters forretninger og st\u00f8tter dem fra et juridisk perspektiv.<\/p>\n\t\t\t<\/li>\n\t\t<\/ul>\n\t<\/div>\n<\/section>\n<section class=\"white-section\">\n\t<div class=\"anchor\" id=\"advanced-technology-and-financial-legislation\"><\/div>\n\t<div class=\"section-inner\">\n\t\t<div class=\"flex reverse\">\n\t\t\t<div class=\"width41\"><img decoding=\"async\" src=\"\/wp-content\/uploads\/2022\/07\/shutterstock_1144405721.png\" alt=\"Advanced Technology and Financial Legislation\"><\/div>\n\t\t\t<div class=\"width51\">\n\t\t\t\t<h3>Avanceret Teknologi og Finanslovgivning<\/h3>\n\t\t\t\t<p class=\"mgb-small\">Blockchainomr\u00e5det er et, hvor virksomheder, der bruger det, udvikler sig i hurtigt tempo, is\u00e6r i udlandet. Virksomheder, der er involveret i dette felt, m\u00e5 overveje, om det er muligt at implementere et s\u00e5dant system i Japan baseret p\u00e5 de nyeste udenlandske reguleringer.<\/p>\n\t\t\t\t<p class=\"mgb-small\">Vi l\u00e6ser f\u00f8rst materialer offentliggjort af s\u00e5danne udenlandske virksomheder baseret p\u00e5 vores IT-viden om de nyeste teknologier. Dern\u00e6st unders\u00f8ger vi systemets lovlighed i Japan i lyset af det indenlandske retssystem, herunder finanslovgivningen og administrative meninger. Vi giver derefter r\u00e5dgivning om, hvordan man lovligt kan implementere systemet i Japan, baseret p\u00e5 vores forretningsdomme.<\/p>\n\t\t\t\t<p>Blockchain, inklusive kryptoaktiver og NFT, er et komplekst felt, der kr\u00e6ver advokatfirmaer og advokater med et h\u00f8jt ekspertiseniveau i b\u00e5de IT og lov.<\/p>\n\t\t\t<\/div>\n\t\t<\/div>\n\t<\/div>\n<\/section>\n<section class=\"purple-section\">\n\t<div class=\"anchor\" id=\"providing-one-stop-solutions\"><\/div>\n\t<div class=\"section-inner\">\n\t\t<div class=\"flex reverse\">\n\t\t\t<div class=\"width51\">\n\t\t\t\t<h3>Levering af Komplette L\u00f8sninger<\/h3>\n\t\t\t\t<p class=\"mgb-small\">Vores firma best\u00e5r af 17 advokater og 85 medarbejdere, herunder IT-konsulenter under tilsyn af stifteren, som er en tidligere IT-ingeni\u00f8r og ejer af et IT-firma.<\/p>\n\t\t\t\t<p>Overs\u00e6ttelse og teknisk forst\u00e5else af dokumenter udgivet af udenlandske forretningsdrivende, samt tekniske dokumenter og koder skabt internt, udf\u00f8res af den repr\u00e6sentative advokat og IT-r\u00e5dgivningsafdelingen. Juridisk forskning, udkast til kontrakter, dokumentforberedelse og andre juridiske tjenester udf\u00f8res af den repr\u00e6sentative advokat og advokaten. Dermed kan vi tilbyde en one-stop-service for en r\u00e6kke sager, der kr\u00e6ver et h\u00f8jt niveau af ekspertise inden for b\u00e5de IT og lov.<\/p>\n\t\t\t<\/div>\n\t\t\t<div class=\"width41\"><img decoding=\"async\" src=\"\/wp-content\/themes\/monolith_en\/img\/operationofofmedia\/operationofofmedia_pic5.svg\" alt=\"Providing One-Stop Solutions\"><\/div>\n\t\t<\/div>\n\t<\/div>\n<\/section>\n<section class=\"white-section mgt-section\">\n\t<div class=\"anchor\" id=\"legal-support-for-nft-related-businesses\"><\/div>\n\t<div class=\"section-inner-black\">\n\t\t<h3>Juridisk St\u00f8tte til NFT-relaterede Virksomheder<\/h3>\n\t\t\t\t<p class=\"mgb-small\">Ikke-fungible tokens (NFT&#8217;er), prim\u00e6rt bygget p\u00e5 Ethereum-blockchainen, anvendes i praksis til at skabe unikke produkter herunder digital kunst, blockchain spilgenstande og samlekort, s\u00e5vel som at repr\u00e6sentere ejerskabsbevis for fast ejendom som fast ejendom og medlemskaber i den virkelige verden.<\/p>\n\t\t\t\t<p class=\"mgb-middle\">NFT&#8217;er, afh\u00e6ngig af deres design og forretningsmodel, kan falde ind under kategorierne kryptografiske aktiver, forudbetalte betalingsmidler, elektronisk registrerede overf\u00f8rselsrettigheder mv. Vi st\u00f8tter NFT-relaterede virksomheder med vores h\u00f8je ekspertise.<\/p>\n\t<\/div>\n<\/section>\n<section class=\"white-section\">\n\t<div class=\"anchor\" id=\"crypto-asset-businesses-and-custody-services\"><\/div>\n\t<div class=\"section-inner\">\n\t\t<div class=\"flex reverse\">\n\t\t\t<div class=\"width41\"><img decoding=\"async\" src=\"\/wp-content\/uploads\/2022\/07\/shutterstock_1151380622_2.png\" alt=\"Crypto Asset Businesses and Custody Services\"><\/div>\n\t\t\t<div class=\"width51\">\n\t\t\t\t<h3>Kryptoaktiver Virksomheder og Forvaringstjenester<\/h3>\n\t\t\t\t<p class=\"mgb-small\">I henhold til den reviderede Lov om Afregning af Penge fra 2020, er &#8220;forvaltning af kryptoaktiver for andre (dvs. forvaringstjenester)&#8221; nu inkluderet inden for kryptovalutab\u00f8rsvirksomheden, hvilket kr\u00e6ver registrering som en kryptoaktivtjenesteudbyder og derfor er underlagt forskellige regulativer for at implementere et skema, der inkluderer forvaltning af kryptoaktiver. Disse reguleringer er dog meget byrdefulde for dem, der ikke er s\u00e5kaldte virtuelle valutab\u00f8rstjenester, men kun tilbyder forvaringstjenester.<\/p>\n\t\t\t\t<p>S\u00e5danne tjenester skal tr\u00e6ffe beslutning om, hvorvidt de skal registrere sig og drive virksomhed som en kryptoaktivudveksler, eller om de skal h\u00e5ndtere kryptoaktiver, mens de undg\u00e5r registrering.<\/p>\n\t\t\t<\/div>\n\t\t<\/div>\n\t<\/div>\n<\/section>\n<section class=\"white-section mgb-section\">\n\t<div class=\"anchor\" id=\"other-crypto-assets-related-businesses\"><\/div>\n\t<div class=\"section-inner-black\">\n\t\t<h3>Andre Kryptoaktiver og Blockchain-relaterede Virksomheder<\/h3>\n\t\t<p class=\"mgb-small\">Kryptoaktiver og blockchains er teknologiske og forretningsomr\u00e5der, der konstant udvikler sig. Dette inkluderer reguleringer over stabile m\u00f8nter, som blev reguleret under den reviderede Lov om Afregning af Penge fra 2022, og IEO&#8217;er, en finansieringsmetode, der gennemg\u00e5r virtuelle valutab\u00f8rser, og staking-relaterede virksomheder. Vores firma holder sig ajour med de nyeste udviklinger og yder st\u00f8tte til s\u00e5danne virksomheder.<\/p>\n\t\t<p class=\"mgb-middle\">Som et advokatfirma best\u00e5ende af en grundl\u00e6ggende advokat med tidligere erfaring som en tidligere IT-ingeni\u00f8r, sammen med IT-konsulenter med erfaring i forst\u00e5else af hvidb\u00f8ger, tekniske dokumenter og andre materialer udgivet i udlandet for at forst\u00e5 teknologien og forretningsmodellerne.<\/p>\n\t<\/div>\n<\/section>\n<section class=\"orange-section\">\n\t<div class=\"anchor\" id=\"system-development\"><\/div>\n\t<div class=\"section-inner\">\n\t\t<div class=\"flex reverse\">\n\t\t\t<div class=\"width41\"><img decoding=\"async\" src=\"\/wp-content\/themes\/monolith2021\/img\/practices-itlaw\/practices-itlaw_pic1.jpg\" alt=\"System Development \"><\/div>\n\t\t\t<div class=\"width51\">\n\t\t\t\t<h3>Systemudvikling<\/h3>\n\t\t\t\t<p>Grundlagt af en tidligere IT-ingeni\u00f8r tilbyder MONOLITH LAW OFFICE en advokatfirma, der h\u00e5ndterer udkast til kontrakter, \u00e6ndring og forhandling af kontrakter samt l\u00f8sning af tvister, n\u00e5r problemer opst\u00e5r, ikke kun inden for omr\u00e5det med kryptoaktiver og blockchain-relaterede sager, men ogs\u00e5 i forskellige specialiserede systemudviklingssp\u00f8rgsm\u00e5l, s\u00e5som systemudvikling for virtuelle valutab\u00f8rser. Vi h\u00e5ndterer ogs\u00e5 tvistl\u00f8sning, n\u00e5r problemer opst\u00e5r.<\/p>\n\t\t\t<\/div>\n\t\t<\/div>\n\t<\/div>\n<\/section>\n<section class=\"white-section\">\n\t<div class=\"anchor\" id=\"terms-of-use-maintenance-for-applications-etc\"><\/div>\n\t<div class=\"section-inner\">\n\t\t<div class=\"flex\">\n\t\t\t<div class=\"width41\"><img decoding=\"async\" src=\"\/wp-content\/themes\/monolith2021\/img\/practices-itlaw\/practices-itlaw_pic2.jpg\" alt=\"Document Services\"><\/div>\n\t\t\t<div class=\"width51\">\n\t\t\t\t<h3>Dokumentservice<\/h3>\n\t\t\t\t<p>MONOLITH LAW OFFICE h\u00e5ndterer oprettelse og revision af dokumenter, der beskriver brugsbetingelser og privatlivspolitikker for forskellige apps, tjenester og spil, herunder dem for blockchain-spil, kryptografiske aktiver og blockchain-relaterede produkter og tjenester. Vi analyserer ogs\u00e5 de eksisterende virksomhedsdokumenter og data, s\u00e5som kravdefinitioner for den relevante applikationsudvikling, rammer skabt i Adobe XD, LP&#8217;er, salgsmateriale til potentielle kunder osv.<\/p>\n\t\t\t<\/div>\n\t\t<\/div>\n\t<\/div>\n<\/section>\n\n<section class=\"purple2-section\">\n\t<div class=\"anchor\" id=\"monolith-law-magazine\"><\/div>\n\t<div class=\"section-inner\">\n\t\t    <section class=\"white-section temp-article\">\n        <div class=\"section-inner\">\n            <h4>MONOLITH LAW MAGAZINE<\/h4>\n            <div class=\"articles type_practice_column\">\n                                                            <\/div>\n            <div class=\"btn-more\"><a href=\"https:\/\/monolith.law\/da\/tag\/crypto-asset-and-blockchain\">Read More<\/a><\/div>\n        <\/div>\n    <\/section>\n\t<\/div>\n<\/section>\n\n<section class=\"orange2-section\">\n\t<div class=\"anchor\" id=\"fee-structure\"><\/div>\n\t<div class=\"section-inner\">\n\t<div class=\"planWrap\">\n\t<h3>Gebyrstruktur<\/h3>\n\t<ul class=\"plan\">\n\t\t<li class=\"txt-left\">\n\t\t\t<div class=\"plan-inner\">\n\t\t\t<div class=\"plan-header\">\n\t\t\t<h4 class=\"plan-title\">Timepris<\/h4>\n\t\t\t<div class=\"plan-price\"><span class=\"price-figure\">$300<\/span>per time<span class=\"price-tax\"> <\/span><\/div>\n\t\t\t<\/div>\n\t\t\t<div class=\"plan-body\">I visse tilf\u00e6lde kan vi overveje at acceptere en tvist eller et s\u00f8gsm\u00e5l med et startgebyr og et succesgebyr. For yderligere detaljer er du velkommen til at kontakte os.<\/div>\n\t\t\t<\/div>\n\t\t<\/li>\n\t\t<li class=\"txt-left\">\n\t\t\t<div class=\"plan-inner\">\n\t\t\t<div class=\"plan-header\">\n\t\t\t<h4 class=\"plan-title\">Udarbejdelse af Kontrakter<\/h4>\n\t\t\t<div class=\"plan-price\"><span class=\"price-value\">fra<\/span><span class=\"price-figure\">$500<\/span><span class=\"price-value\">til $2,000 eller mere<\/span><span class=\"price-tax\"><\/span><\/div>\n\t\t\t<\/div>\n\t\t\t<div class=\"plan-body\">The pricing structure is subject to variation based on the type and quantity of contracts. We are pleased to offer a preliminary estimate upon inquiry, thereby encouraging you to reach out to us for further details.<\/div>\n\t\t\t<\/div>\n\t\t<\/li>\n\t\t<li class=\"txt-left\">\n\t\t\t<div class=\"plan-inner\">\n\t\t\t<div class=\"plan-header\">\n\t\t\t<h4 class=\"plan-title\">Andre Tjenester<\/h4>\n\t\t\t<div class=\"plan-price\"><span class=\"price-figure\">Kontakt Os<\/span><\/div>\n\t\t\t<\/div>\n\t\t\t<div class=\"plan-body\">Vi tilbyder en bred vifte af tjenester, inklusive selskabsdannelse, kontraktgennemgang, juridisk vurdering, sagsgennemgang eller forskningsbrev. Hvis du har nogen foresp\u00f8rgsler eller bekymringer, inviterer vi dig hjerteligt til at kontakte os, og vores vidende team vil v\u00e6re glade for at assistere dig.<\/div>\n\t\t\t<\/div>\n\t\t\t<\/div>\n\t\t<\/li>\n\t<\/ul>\n\t<\/div>\n\t<\/div>\n<\/section>\n\n<section class=\"white-section\">\n\t<div class=\"section-inner\">\n\t\t<div class=\"btn-area\">\n\t\t\t<div class=\"btn icon-contact\"><a href=\"\/da\/contact\">Kontakt Os<\/a><\/div>\n\t\t<\/div>\n\t<\/div>\n<\/section>\n","protected":false},"excerpt":{"rendered":"<p>Kryptoaktiver og Blockchains Kryptoaktiver og Blockchains er decentraliserede databaser skabt af forskellige IT-systemer, herunder konsensusalgoritmer, kryptografi og P2P-netv\u00e6rk, som er vanskelige at [&hellip;]<\/p>\n","protected":false},"author":1,"featured_media":56655,"parent":0,"menu_order":6,"comment_status":"closed","ping_status":"closed","template":"other-page-temp.php","meta":{"footnotes":""},"acf":[],"_links":{"self":[{"href":"https:\/\/monolith.law\/da\/wp-json\/wp\/v2\/pages\/47528"}],"collection":[{"href":"https:\/\/monolith.law\/da\/wp-json\/wp\/v2\/pages"}],"about":[{"href":"https:\/\/monolith.law\/da\/wp-json\/wp\/v2\/types\/page"}],"author":[{"embeddable":true,"href":"https:\/\/monolith.law\/da\/wp-json\/wp\/v2\/users\/1"}],"replies":[{"embeddable":true,"href":"https:\/\/monolith.law\/da\/wp-json\/wp\/v2\/comments?post=47528"}],"version-history":[{"count":69,"href":"https:\/\/monolith.law\/da\/wp-json\/wp\/v2\/pages\/47528\/revisions"}],"predecessor-version":[{"id":61161,"href":"https:\/\/monolith.law\/da\/wp-json\/wp\/v2\/pages\/47528\/revisions\/61161"}],"wp:featuredmedia":[{"embeddable":true,"href":"https:\/\/monolith.law\/da\/wp-json\/wp\/v2\/media\/56655"}],"wp:attachment":[{"href":"https:\/\/monolith.law\/da\/wp-json\/wp\/v2\/media?parent=47528"}],"curies":[{"name":"wp","href":"https:\/\/api.w.org\/{rel}","templated":true}]}}