{"id":55708,"date":"2023-06-11T03:45:04","date_gmt":"2023-06-10T18:45:04","guid":{"rendered":"https:\/\/monolith.law\/en\/?page_id=55708"},"modified":"2023-12-04T13:06:34","modified_gmt":"2023-12-04T04:06:34","slug":"ai","status":"publish","type":"page","link":"https:\/\/monolith.law\/da\/ai","title":{"rendered":"AI (ChatGPT osv.)"},"content":{"rendered":"\n<section class=\"heading-area\">\n\t<div class=\"heading-area-inner\">\n\t\t<h2 class=\"icon-ai\">AI (ChatGPT, etc.)<\/h2>\n\t\t<p>Hos MONOLITH LAW OFFICE har vi samlet et hold af h\u00f8jt kvalificerede advokater og ingeni\u00f8rer, der specialiserer sig i AI. Vi er dedikerede til at tilbyde omfattende juridisk st\u00f8tte til virksomheder, der besk\u00e6ftiger sig med AI-udvikling, herunder ChatGPT. Vores tjenester d\u00e6kker et bredt omr\u00e5de, s\u00e5som udkast til kontrakter, vurdering af forretningsmodellers lovlighed, beskyttelse af intellektuelle ejendomsrettigheder og h\u00e5ndtering af privatlivsbekymringer.<\/p>\n\t<\/div>\n<\/section>\n<section class=\"white-section\">\n\t<div class=\"section-inner pdt0 border-bottom-section\">\n\t\t<p>Den hurtige udvikling af AI-teknologi, is\u00e6r inden for natursprogbehandling som ChatGPT, har \u00e5bnet op for nye muligheder og forretningsmuligheder. Men det har ogs\u00e5 medf\u00f8rt en r\u00e6kke juridiske udfordringer. For eksempel er der l\u00f8bende debatter om beskyttelsen af tekst genereret af ChatGPT under japansk ophavsret. Desuden st\u00e5r AI-virksomheder over for juridiske risici relateret til fortrolighed og privatliv. For effektivt at navigere i disse kompleksiteter er det afg\u00f8rende at have juridiske eksperter, der besidder en dyb forst\u00e5else for AI-relaterede juridiske sp\u00f8rgsm\u00e5l. Hos MONOLITH LAW OFFICE har vi etableret et dedikeret hold af advokater og ingeni\u00f8rer med ekspertise i IT, hvilket g\u00f8r os i stand til at tilbyde specialiseret st\u00f8tte til AI-virksomheder.<\/p>\n\t<\/div>\n<\/section>\n<section class=\"second-nav\">\n\t<div class=\"second-nav-inner\">\n\t\t<p>EMNER<\/p>\n\t\t<nav>\n\t\t\t<ul>\n\t\t\t\t<li><a href=\"#leading-legal-support-for-the-dynamic-ai-industry\">Fremtr\u00e6dende Juridisk St\u00f8tte til den Dynamiske AI-Industri<\/a><\/li>\n\t\t\t\t<li><a href=\"#characteristics-of-ai-legal-services\">Karakteristika ved AI-juridiske tjenester<\/a><\/li>\n\t\t\t\t<li><a href=\"#drafts-can-be-generated-with-minimal-consultation\">Udkast kan genereres med minimal konsultation<\/a><\/li>\n\t\t\t\t<li><a href=\"#drafting-terms-of-use-for-ai-services\">Udarbejdelse af Brugsvilk\u00e5r for AI-tjenester<\/a><\/li>\n\t\t\t\t<li><a href=\"#compliance-with-chatgpt-terms-of-use\">Overholdelse af ChatGPT Brugsvilk\u00e5r<\/a><\/li>\n\t\t\t\t<li><a href=\"#crawling-and-copyright-for-ai\">Krybning og Ophavsret for AI<\/a><\/li>\n\t\t\t\t<li><a href=\"#copyright-and-other-ip-issues\">Ophavsret og Andre IP-sp\u00f8rgsm\u00e5l<\/a><\/li>\n\t\t\t\t<li><a href=\"#legal-considerations-for-system-development\">Juridiske Overvejelser for Systemudvikling<\/a><\/li>\n\t\t\t\t<li><a href=\"#providing-comprehensive-solutions\">Levering af Omfattende L\u00f8sninger<\/a><\/li>\n\t\t\t\t<li><a href=\"#monolith-law-magazine\">MONOLITH LAW MAGAZINE<\/a><\/li>\n\t\t\t\t<li><a href=\"#fee-structure\">Gebyrstruktur<\/a><\/li>\n\t\t\t<\/ul>\n\t\t<\/nav>\n\t<\/div>\n<\/section>\n<section class=\"white-section\">\n\t<div class=\"anchor\" id=\"leading-legal-support-for-the-dynamic-ai-industry\"><\/div>\n\t<div class=\"section-inner pdb0\">\n\t\t<h3>Fremtr\u00e6dende Juridisk St\u00f8tte til den Dynamiske AI-Industri<\/h3>\n\t\t<div class=\"max-width980 mgb-small\"><img decoding=\"async\" src=\"\/wp-content\/uploads\/2023\/05\/aiteam.jpg\" alt=\"Leading Legal Support for the Dynamic AI Industry\"><\/div>\n\t\t<div class=\"frame2 max-width860 txt-center-pc\">\n\t\t\t<p class=\"bold txt-l\">Med f\u00f8rsteklasses juridisk st\u00f8tte til AI-teknologi har MONOLITH LAW OFFICE et hold af advokater med baggrunde som tidligere og nuv\u00e6rende IT-ingeni\u00f8rer. Vi forst\u00e5r udfordringerne og mulighederne i den dynamiske AI-industri og tilbyder skr\u00e6ddersyede juridiske l\u00f8sninger for at hj\u00e6lpe virksomheder med at f\u00e5 succes i dette udviklende felt.<\/p>\n\t\t<\/div>\n\t<\/div>\n<\/section>\n\n<section class=\"white-section\">\n\t<div class=\"anchor\" id=\"characteristics-of-ai-legal-services\"><\/div>\n\t<div class=\"section-inner\">\n\t\t<h3>Karakteristika ved AI-juridiske tjenester<\/h3>\n\t\t<ul class=\"layout-datalist\">\n\t\t\t<li>\n\t\t\t\t<h4>IT-ekspertise<\/h4>\n\t\t\t\t<p>Advokater, der leverer AI-juridiske tjenester, skal besidde en dyb forst\u00e5else af de nyeste teknologier for at kunne st\u00f8tte virksomheder, der anvender AI effektivt. Dette inkluderer vurdering af lovligheden af AI-drevne forretningsmodeller og produkter samt udarbejdelse af forslag, brugsvilk\u00e5r og kontrakter baseret p\u00e5 et solidt greb om den underliggende teknologi.<\/p>\n\t\t\t<\/li>\n\t\t\t<li>\n\t\t\t\t<h4>IP og PII<\/h4>\n\t\t\t\t<p>Advokater involveret i AI-juridiske anliggender skal have omfattende kendskab til intellektuelle ejendomslove og regulativer, is\u00e6r i forhold til ophavsretbeskyttelse af AI-genereret indhold. Derudover skal de v\u00e6re godt bekendt med love og regulativer relateret til personlige oplysninger, herunder overholdelse af nationale og internationale privatlivslove som GDPR og Japans Lov om Beskyttelse af Personlige Oplysninger.<\/p>\n\t\t\t<\/li>\n\t\t\t<li>\n\t\t\t\t<h4>AI-v\u00e6rkt\u00f8jsreguleringer<\/h4>\n\t\t\t\t<p>AI-juridiske tjenester kr\u00e6ver en grundig forst\u00e5else af brugsvilk\u00e5r for AI-v\u00e6rkt\u00f8jer, s\u00e5som ChatGPT. Disse vilk\u00e5r styrer vigtige aspekter s\u00e5som intellektuelle ejendomsrettigheder, fortrolighed og begr\u00e6nsninger i tjenestens brug. For at undg\u00e5 potentielle juridiske problemer er det afg\u00f8rende for advokater at have indg\u00e5ende kendskab til disse vilk\u00e5r og sikre, at AI-tjenester overholder dem. Manglende overholdelse af vilk\u00e5rene kan resultere i suspension af tjenesten eller juridiske konsekvenser.<\/p>\n\t\t\t<\/li>\n\t\t<\/ul>\n\t<\/div>\n<\/section>\n\n<section class=\"white-section mgb-section\">\n\t<div class=\"anchor\" id=\"drafts-can-be-generated-with-minimal-consultation\"><\/div>\n\t<div class=\"section-inner-black\">\n\t\t<h3>Udkast kan genereres med minimal konsultationn<\/h3>\n\t\t\t\t<p class=\"mgb-small\">Advokater, der besk\u00e6ftiger sig med tjenester og produkter, der anvender AI-teknologi, skal have en omfattende forst\u00e5else af den specifikke adf\u00e6rd, som AI-systemet udviser. Dette inkluderer et indg\u00e5ende kendskab til de specifikke processer, som AI&#8217;en udf\u00f8rer, de resultater den producerer, og de tr\u00e6ningsdata, den er baseret p\u00e5. At mangle n\u00f8jagtighed i forst\u00e5elsen af disse detaljer kan f\u00f8re til forkerte konklusioner, n\u00e5r lovligheden af tjenesten eller produktet vurderes.<\/p>\n\t\t\t\t<p class=\"mgb-middle\">I vores firma er vi godt udstyret til at h\u00e5ndtere s\u00e5danne komplekse juridiske sager. Med et team p\u00e5 16 IT-konsulenter, herunder vores hovedadvokat, der har en baggrund som IT-ingeni\u00f8r, besidder vi den n\u00f8dvendige ekspertise til hurtigt og effektivt at gennemf\u00f8re juridiske vurderinger. Ved at minimere behovet for omfattende h\u00f8ringer og procedurer kan vi fremskynde processen, forkorte arbejdsperioden og give vores klienter en problemfri og effektiv respons.<\/p>\n\t<\/div>\n<\/section>\n\n<section class=\"purple-section\">\n\t<div class=\"anchor\" id=\"drafting-terms-of-use-for-ai-services\"><\/div>\n\t<div class=\"section-inner\">\n\t\t<div class=\"flex reverse\">\n\t\t\t<div class=\"width41\"><img decoding=\"async\" src=\"\/wp-content\/uploads\/2023\/04\/terms-of-service.jpg\" alt=\"\u5229\u7528\u898f\u7d04\u7b49\u306e\u4f5c\u6210\"><\/div>\n\t\t\t<div class=\"width51\">\n\t\t\t\t<h3>Udarbejdelse af Brugsvilk\u00e5r for AI-tjenester<\/h3>\n\t\t\t\t<p class=\"mgb-small\">Det er afg\u00f8rende at udarbejde pr\u00e6cise og skr\u00e6ddersyede brugsvilk\u00e5r for at mindske juridiske risici, is\u00e6r i forhold til ophavsret og personoplysningslove og -regler, i konteksten af AI-relaterede tjenester og produkter. Hos MONOLITH ADVOKATKONTOR besidder vi omfattende erfaring og ekspertise i at udforme brugsvilk\u00e5r for avancerede teknologier, herunder AI.<\/p>\n\t\t\t\t<p class=\"mgb-small\">N\u00e5r vi udarbejder brugsvilk\u00e5r, tager vi hensyn til de specifikke driftsdetaljer og brugerkarakteristika for din tjeneste eller dit produkt. Vores m\u00e5l er at skabe brugsvilk\u00e5r, der er i overensstemmelse med din unikke forretningsmodel og karakteristika. Med vores st\u00f8tte kan du forvente brugsvilk\u00e5r, der beskytter din virksomheds interesser, samtidig med at de sikrer en problemfri drift af din forretning. Desuden sikrer vi overholdelse af juridiske krav vedr\u00f8rende ophavsret og privatlivsbeskyttelse.<\/p>\n\t\t\t\t<p>Vores team er dedikeret til at give dig skr\u00e6ddersyede og omfattende juridiske l\u00f8sninger, der er specielt tilpasset dine AI-tjenester og -produkter. Stol p\u00e5 os til at navigere gennem kompleksiteterne i AI-relaterede juridiske anliggender og levere brugsvilk\u00e5r, der opfylder dine behov, samtidig med at de sikrer juridisk overholdelse.<\/p>\n\t\t\t<\/div>\n\t\t<\/div>\n\t<\/div>\n<\/section>\n\n<section class=\"white-section\">\n\t<div class=\"anchor\" id=\"compliance-with-chatgpt-terms-of-use\"><\/div>\n\t<div class=\"section-inner\">\n\t\t<h3>Overholdelse af ChatGPT Brugsvilk\u00e5r<\/h3>\n\t\t<p class=\"mgb-small\">Det er afg\u00f8rende at overholde brugsvilk\u00e5rene for tjenester som ChatGPT for at minimere juridiske risici og sikre en problemfri forretningsdrift. Disse vilk\u00e5r skitserer klart forpligtelser, begr\u00e6nsninger og retningslinjer, som brugere skal overholde. De d\u00e6kker vigtige aspekter s\u00e5som beskyttelse af intellektuelle ejendomsrettigheder, h\u00e5ndtering af fortrolige oplysninger, anvendelsesomr\u00e5de for tjenesten og forbudte aktiviteter. ( <u>Beskrivelserne p\u00e5 denne side bliver ikke opdateret hver gang ChatGPT&#8217;s brugsvilk\u00e5r revideres.  <\/u> Disse beskrivelser gives kun som illustrative eksempler p\u00e5 de forskellige aspekter, der adresseres af s\u00e5danne bestemmelser. Vores klienter modtager opdateret information om indholdet af vilk\u00e5r og betingelser i den seneste version, og vores juridiske tjenester er baseret p\u00e5 den opdaterede information.)<\/p>\n\t\t<p class=\"mgb-small\">Hos MONOLITH ADVOKATKONTOR har vi en dyb forst\u00e5else ikke kun for japansk lovgivning, men ogs\u00e5 for de specifikke brugsvilk\u00e5r for tjenester som ChatGPT. Dette g\u00f8r det muligt for os at vurdere risici og tilbyde skr\u00e6ddersyede anbefalinger i forhold til forretningsmodeller i lyset af disse bestemmelser. Vi holder os opdateret med de nyeste brugsvilk\u00e5r og yder skr\u00e6ddersyet vejledning baseret p\u00e5 vores klienters specifikke forretningsmodeller og tjenester.<\/p>\n\t\t<p class=\"mgb-middle\">Overholdelse af brugsvilk\u00e5rene er afg\u00f8rende for at undg\u00e5 potentielle risici som suspension af tjenesten, ansvar for skader eller kr\u00e6nkelse af immaterielle rettigheder som f\u00f8lge af overtr\u00e6delser. MONOLITH ADVOKATKONTOR tilbyder omfattende juridiske tjenester, herunder sikring af overensstemmelse med servicetermer, for at hj\u00e6lpe vores klienter med at drive deres forretninger sikkert og inden for lovens rammer.<\/p>\n\t\t<table class=\"type05\">\n\t\t<thead>\n\t\t<tr>\n\t\t<th>Afsnit<\/th>\n\t\t<th>Indhold af Regulering<\/th>\n\t\t<\/tr>\n\t\t<\/thead>\n\t\t<tbody>\n\t\t<tr>\n\t\t<td>Brug til r\u00e5dgivning inden for ekspertiseomr\u00e5der<\/td>\n\t\t<td>Kvalificerede individer (inden for juridiske, medicinske, finansielle osv. omr\u00e5der) m\u00e5 ikke yde individualiseret r\u00e5dgivning udelukkende baseret p\u00e5 svar fra ChatGPT uden at verificere informationskilden. Brugen af ChatGPT til &#8220;medicinsk konsultation&#8221; vedr\u00f8rende alvorlige medicinske tilstande er forbudt.<\/td>\n\t\t<\/tr>\n\t\t<tr>\n\t\t<td>Informationssammendragswebsites om specialiserede omr\u00e5ders<\/td>\n\t\t<td>N\u00e5r AI anvendes til at skabe artikler, der giver information om specialiserede omr\u00e5der som medicin, finans og jura, som kan v\u00e6re underlagt erhvervsretlige reguleringer, som for eksempel sammendragswebsites, der aggregerer nyhedsrapporter, er det n\u00f8dvendigt tydeligt at afsl\u00f8re brugen af AI og begr\u00e6nsningerne i informationsn\u00f8jagtigheden. Dette g\u00e6lder ogs\u00e5 for &#8220;nogen-lignende&#8221; samtaler.<\/td>\n\t\t<\/tr>\n\t\t<tr>\n\t\t<td>&#8220;&#8221;Person-lignende&#8221; Samtaler<\/td>\n\t\t<td>Undtagen for historiske offentlige figurer, n\u00e5r chatbots anvendes til &#8220;person-lignende&#8221; samtaler, skal det udtrykkeligt angives, at det er en parodi eller en samtale, der simulerer en bestemt individ.<\/td>\n\t\t<\/tr>\n\t\t<tr>\n\t\t<td>Brug af input og indhold genereret af OpenAI<\/td>\n\t\t<td>Pr. 1. marts 2023 er det specificeret, at indholdet ikke vil blive brugt til at forbedre kvaliteten af tjenesten i API-samarbejder. Desuden, fra og med 25. april samme \u00e5r, er afvisning af ikke-API tilknyttet brug mulig afh\u00e6ngigt af kontoindstillinger. Dog, under hensyntagen til bestemmelsen om, at information opbevares i 30 dage, kan det antages, at noget indholdsinformation forbliver, om end ikke teknisk.<\/td>\n\t\t<\/tr>\n\t\t<tr>\n\t\t<td>Brug i Offentlig Administration<\/td>\n\t\t<td>Generering af chatbots til valgkampagner og oprettelse af personaliserede valgmaterialer er forbudt.<\/td>\n\t\t<\/tr>\n\t\t<tr>\n\t\t<td>Brug i valgkampagner<\/td>\n\t\t<td>Selvom nogle initiativer til brug af AI i den offentlige administration er opst\u00e5et, er dens anvendelse i h\u00f8jniveau politiske beslutninger s\u00e5som straffesager og asyl forbudt.<\/td>\n\t\t<\/tr>\n\t\t<tr>\n\t\t<td>Reguleringer om servicenavne<\/td>\n\t\t<td>Navne som &#8220;****** GPT,&#8221; &#8220;GPT-4 drevet ******&#8221; eller &#8220;ChatGPT drevet ******&#8221; er ikke tilladt, mens navne som &#8220;Drevet af GPT-4&#8221; eller &#8220;Bygget med GPT-4&#8221; er tilladte.<\/td>\n\t\t<\/tr>\n\t\t<\/tbody>\n\t\t<\/table>\n\t<\/div>\n<\/section>\n\n<section class=\"orange2-section\">\n\t<div class=\"anchor\" id=\"crawling-and-copyright-for-ai\"><\/div>\n\t<div class=\"section-inner\">\n\t\t<h3>Krybning og Ophavsret for AI<\/h3>\n\t\t<p class=\"mgb-small\">Brugen af forskellige AI-teknologier, herunder billedegenererende AIs som &#8216;Stable Diffusion&#8217; og &#8216;Midjourney&#8217;, samt tekstgenererende AI som &#8216;ChatGPT&#8217;, har f\u00e5et betydelig opm\u00e6rksomhed. Det er dog vigtigt at v\u00e6re opm\u00e6rksom p\u00e5 de potentielle juridiske risici forbundet med krybning og dataindsamling ved hj\u00e6lp af AI, is\u00e6r i forhold til ophavsretskr\u00e6nkelser.<\/p>\n\t\t<p class=\"mgb-small\">I 2019 blev Japans Ophavsretslov revideret, s\u00e5 den som udgangspunkt tillader indsamling, behandling og brug af ophavsretligt beskyttede billeder til maskinl\u00e6ring. Den tillader ogs\u00e5 videregivelse (salg, overf\u00f8rsel osv.) af indsamlede data til l\u00e6ring til tredjeparter.<\/p>\n\t\t<p class=\"mgb-small\">Ikke desto mindre kan tjenester, der bruger AI, stadig kr\u00e6nke ophavsretten i Japan, hvis de urimeligt skader ophavsretsindehavernes interesser, eller hvis de afviger fra de bestemmelser, der er skitseret i Ophavsretsloven. For eksempel, hvis et website eksplicit forbyder dataindsamling og -udtr\u00e6k til maskinl\u00e6ring eller informationsanalyse i sine brugsvilk\u00e5r eller licensaftaler, kan indsamling af billeder uden tilladelse og tr\u00e6ning af en maskinl\u00e6ringsmodel baseret p\u00e5 disse billeder efter &#8220;at have accepteret&#8221; brugsvilk\u00e5rene udg\u00f8re en kr\u00e6nkelse af ophavsretten.<\/p>\n\t\t<p class=\"mgb-small\">Det er v\u00e6rd at bem\u00e6rke, at syntetiske billeder genereret af AI ved hj\u00e6lp af teknikker som Generative Adversarial Networks (GANs) generelt ikke kr\u00e6nker ophavsretten til de oprindelige billeder. I Japan betragtes disse genererede billeder som nyoprettede gennem maskinl\u00e6ringsprocessen og anses ikke for reproduktioner eller tilpasninger af de oprindelige billeder.<\/p>\n\t\t<p>Forst\u00e5else af de juridiske implikationer af ophavsret under japansk lovgivning er afg\u00f8rende, n\u00e5r man udvikler AI-relaterede tjenester og produkter. MONOLITH ADVOKATKONTOR har et team af advokater og ingeni\u00f8rer, som besidder ekspertise i AI-relaterede juridiske sp\u00f8rgsm\u00e5l, og som kan yde passende r\u00e5dgivning og juridisk st\u00f8tte p\u00e5 dette omr\u00e5de..<\/p>\n\t<\/div>\n<\/section>\n\n<section class=\"orange-section\">\n\t<div class=\"anchor\" id=\"copyright-and-other-ip-issues\"><\/div>\n\t<div class=\"section-inner\">\n\t\t<div class=\"flex reverse\">\n\t\t\t<div class=\"width41\"><img decoding=\"async\" src=\"\/wp-content\/uploads\/2023\/04\/intellectual-property.jpg\" alt=\"Copyright and Other IP Issues\"><\/div>\n\t\t\t<div class=\"width51\">\n\t\t\t\t<h3>Ophavsret og Andre IP-sp\u00f8rgsm\u00e5l<\/h3>\n\t\t\t\t<p class=\"mgb-small\">AI-relaterede tjenester og produkter udg\u00f8r forskellige udfordringer og kompleksiteter i forhold til ophavsret og andre immaterialrettigheder. Et fremtr\u00e6dende sp\u00f8rgsm\u00e5l er ophavsretten til v\u00e6rker og indhold genereret af AI. Selvom disse v\u00e6rker kan v\u00e6re genstand for ophavsretlig beskyttelse, kan det v\u00e6re vanskeligt at fastsl\u00e5 den retm\u00e6ssige ejer eller skaber, n\u00e5r v\u00e6rket er genereret af AI. Denne tvetydighed \u00f8ger risikoen for ophavsretskr\u00e6nkelser. Desuden, n\u00e5r AI-genererede v\u00e6rker inkluderer flere ophavsretligt beskyttede v\u00e6rker, kan det blive indviklet at administrere rettighederne for flere ophavsretsindehavere.<\/p>\n\t\t\t\t<p>Hos MONOLITH LAW OFFICE har vi stor erfaring med at h\u00e5ndtere avancerede IT- og immaterialretlige sager. Vores firma er veludrustet til at navigere i disse nye udfordringer og yde effektiv juridisk st\u00f8tte. Med vores ekspertise p\u00e5 omr\u00e5det kan vi assistere klienter i at adressere ophavsret og immaterialretlige bekymringer inden for AI-verdenen.<\/p>\n\t\t\t<\/div>\n\t\t<\/div>\n\t<\/div>\n<\/section>\n\n<section class=\"white-section\">\n\t<div class=\"anchor\" id=\"legal-considerations-for-system-development\"><\/div>\n\t<div class=\"section-inner\">\n\t\t<div class=\"flex\">\n\t\t\t<div class=\"width41\"><img decoding=\"async\" src=\"\/wp-content\/uploads\/2023\/04\/System-development.jpg\" alt=\"Legal Considerations for System Development\"><\/div>\n\t\t\t<div class=\"width51\">\n\t\t\t\t<h3>Juridiske Overvejelser for Systemudvikling<\/h3>\n\t\t\t\t<p class=\"mgb-small\">Systemudvikling, der involverer avancerede teknologier som AI-modeller baseret p\u00e5 dybl\u00e6rings- og forst\u00e6rkningsl\u00e6ringsalgoritmer, kr\u00e6ver ikke blot teknisk ekspertise, men ogs\u00e5 omfattende juridisk st\u00f8tte. Kompleksiteten i en s\u00e5dan udvikling kr\u00e6ver omhyggelig opm\u00e6rksomhed p\u00e5 juridiske forhold.<\/p>\n\t\t\t\t<p class=\"mgb-small\">I praksis mangler mange kontrakter, der anvendes i avanceret systemudvikling, klarhed, n\u00e5r det kommer til at adressere specifikke problemstillinger, som kan f\u00f8re til tvister. For eksempel kan en kontrakt indeholde abstrakte juridiske klausuler som ansvar for manglende overensstemmelse efter japansk lov. Men uden eksplicit at angive de specifikke omst\u00e6ndigheder, der er relevante for systemet eller den p\u00e5g\u00e6ldende sag, kan s\u00e5danne klausuler vise sig ineffektive for en domstol.<\/p>\n\t\t\t\t<p>Som en advokatvirksomhed ledet af en advokat med baggrund i IT-ingeni\u00f8rarbejde anerkender vi vigtigheden af at forst\u00e5 finesserne i systemudvikling i dybden. Denne forst\u00e5else str\u00e6kker sig til udarbejdelsen af kontrakter og sikrer, at de n\u00f8jagtigt fanger de specifikke nuancer ved systemet og effektivt beskytter vores klients interesser. Vi tilbyder omfattende juridiske tjenester, der kombinerer teknisk viden og juridisk ekspertise for at st\u00f8tte vores klienter i at navigere de juridiske aspekter af systemudvikling.<\/p>\n\t\t\t<\/div>\n\t\t<\/div>\n\t<\/div>\n<\/section>\n\n<section class=\"purple-section\">\n\t<div class=\"anchor\" id=\"providing-comprehensive-solutions\"><\/div>\n\t<div class=\"section-inner\">\n\t\t<div class=\"flex\">\n\t\t\t<div class=\"width51\">\n\t\t\t\t<h3>Levering af Omfattende L\u00f8sninger<\/h3>\n\t\t\t\t<p class=\"mgb-small\">Hos vores firma har vi samlet et team best\u00e5ende af 30 advokater og 85 medarbejdere, herunder aktive IT-ingeni\u00f8rer og IT-konsulenter. Under ledelse af vores repr\u00e6sentative advokat, som bringer v\u00e6rdifuld erfaring som tidligere IT-ingeni\u00f8r og ejer af et IT-selskab, tilbyder vi en unik blanding af IT- og juridisk ekspertise.<\/p>\n\t\t\t\t<p class=\"mgb-small\">Vores team er udstyret til at h\u00e5ndtere et bredt udvalg af opgaver problemfrit. De repr\u00e6sentative advokater og IT Consulting-afdelingen arbejder sammen om at overs\u00e6tte og forst\u00e5 de seneste tekniske dokumenter og forskellige brugsvilk\u00e5r. De har ogs\u00e5 evnen til at forst\u00e5 tekniske dokumenter og koder, som er udviklet internt. P\u00e5 den anden side foretager vores advokater grundige juridiske unders\u00f8gelser, udarbejder kontrakter og udf\u00f8rer andre juridiske opgaver.<\/p>\n\t\t\t\t<p>Ved at integrere vores IT- og juridiske viden tilbyder vi en omfattende one-stop service, der im\u00f8dekommer vores klienters specifikke behov. Vores tv\u00e6rfaglige tilgang g\u00f8r det muligt for os at adressere komplekse sp\u00f8rgsm\u00e5l, der kr\u00e6ver et h\u00f8jt niveau af ekspertise inden for b\u00e5de IT og jura. Vi er forpligtede til at levere ekstraordin\u00e6re l\u00f8sninger, der kombinerer teknisk fremragenhed med juridisk dygtighed.<\/p>\n\t\t\t<\/div>\n\t\t\t<div class=\"width41\"><img decoding=\"async\" src=\"\/wp-content\/themes\/monolith_en\/img\/operationofofmedia\/operationofofmedia_pic5.svg\" alt=\"Providing Comprehensive Solutions\"><\/div>\n\t\t<\/div>\n\t<\/div>\n<\/section>\n\n<section class=\"purple2-section\">\n\t<div class=\"anchor\" id=\"monolith-law-magazine\"><\/div>\n\t<div class=\"section-inner\">\n\t\t    <section class=\"white-section temp-article\">\n        <div class=\"section-inner\">\n            <h4>MONOLITH LAW MAGAZINE<\/h4>\n            <div class=\"articles type_practice_column\">\n                                                            <\/div>\n            <div class=\"btn-more\"><a href=\"https:\/\/monolith.law\/da\/tag\/ai\">Read More<\/a><\/div>\n        <\/div>\n    <\/section>\n\t<\/div>\n<\/section>\n<section class=\"orange2-section\">\n\t<div class=\"anchor\" id=\"fee-structure\"><\/div>\n\t<div class=\"section-inner\">\n\t<div class=\"planWrap\">\n\t<h3>Gebyrstruktur<\/h3>\n\t<ul class=\"plan\">\n\t\t<li class=\"txt-left\">\n\t\t\t<div class=\"plan-inner\">\n\t\t\t<div class=\"plan-header\">\n\t\t\t<h4 class=\"plan-title\">Timepris<\/h4>\n\t\t\t<div class=\"plan-price\"><span class=\"price-figure\">$300<\/span>per time<span class=\"price-tax\"> <\/span><\/div>\n\t\t\t<\/div>\n\t\t\t<div class=\"plan-body\">I visse tilf\u00e6lde kan vi overveje at acceptere en tvist eller et s\u00f8gsm\u00e5l med et opstartshonorar og et resultatbaseret honorar. For yderligere detaljer er du velkommen til at kontakte os.<\/div>\n\t\t\t<\/div>\n\t\t<\/li>\n\t\t<li class=\"txt-left\">\n\t\t\t<div class=\"plan-inner\">\n\t\t\t<div class=\"plan-header\">\n\t\t\t<h4 class=\"plan-title\">Udarbejdelse af Kontrakter<\/h4>\n\t\t\t<div class=\"plan-price\"><span class=\"price-value\">fra<\/span><span class=\"price-figure\">$500<\/span><span class=\"price-value\">til $2,000 eller mere<\/span><span class=\"price-tax\"><\/span><\/div>\n\t\t\t<\/div>\n\t\t\t<div class=\"plan-body\">Prisstrukturen kan variere afh\u00e6ngigt af kontraktens type og antal. Vi er glade for at kunne tilbyde et indledende overslag ved henvendelse, og vi opfordrer dig derfor til at kontakte os for yderligere detaljer.<\/div>\n\t\t\t<\/div>\n\t\t<\/li>\n\t\t<li class=\"txt-left\">\n\t\t\t<div class=\"plan-inner\">\n\t\t\t<div class=\"plan-header\">\n\t\t\t<h4 class=\"plan-title\">Andre Tjenesters<\/h4>\n\t\t\t<div class=\"plan-price\"><span class=\"price-figure\">Kontakt Os<\/span><\/div>\n\t\t\t<\/div>\n\t\t\t<div class=\"plan-body\">Vi tilbyder en bred vifte af tjenester, herunder virksomhedsdannelse, kontraktgennemgang, juridiske vurderinger, sagsgennemgang eller forskningsbreve. Hvis du har nogen foresp\u00f8rgsler eller bekymringer, inviterer vi dig hjerteligt til at kontakte os, og vores kyndige team vil v\u00e6re glade for at assistere dig.<\/div>\n\t\t\t<\/div>\n\t\t\t<\/div>\n\t\t<\/li>\n\t<\/ul>\n\t<\/div>\n\t<\/div>\n<\/section>\n\n<section class=\"white-section\">\n\t<div class=\"section-inner\">\n\t\t<div class=\"btn-area\">\n\t\t\t<div class=\"btn icon-contact\"><a href=\"\/da\/contact\">Kontakt Os<\/a><\/div>\n\t\t<\/div>\n\t<\/div>\n<\/section>\n","protected":false},"excerpt":{"rendered":"<p>AI (ChatGPT, etc.) Hos MONOLITH LAW OFFICE har vi samlet et hold af h\u00f8jt kvalificerede advokater og ingeni\u00f8rer, der specialiserer sig i AI. Vi er dedikerede til at tilbyde omfattende juridisk st\u00f8tte t [&hellip;]<\/p>\n","protected":false},"author":1,"featured_media":57157,"parent":0,"menu_order":6,"comment_status":"closed","ping_status":"closed","template":"other-page-temp.php","meta":{"footnotes":""},"acf":[],"_links":{"self":[{"href":"https:\/\/monolith.law\/da\/wp-json\/wp\/v2\/pages\/55708"}],"collection":[{"href":"https:\/\/monolith.law\/da\/wp-json\/wp\/v2\/pages"}],"about":[{"href":"https:\/\/monolith.law\/da\/wp-json\/wp\/v2\/types\/page"}],"author":[{"embeddable":true,"href":"https:\/\/monolith.law\/da\/wp-json\/wp\/v2\/users\/1"}],"replies":[{"embeddable":true,"href":"https:\/\/monolith.law\/da\/wp-json\/wp\/v2\/comments?post=55708"}],"version-history":[{"count":23,"href":"https:\/\/monolith.law\/da\/wp-json\/wp\/v2\/pages\/55708\/revisions"}],"predecessor-version":[{"id":59776,"href":"https:\/\/monolith.law\/da\/wp-json\/wp\/v2\/pages\/55708\/revisions\/59776"}],"wp:featuredmedia":[{"embeddable":true,"href":"https:\/\/monolith.law\/da\/wp-json\/wp\/v2\/media\/57157"}],"wp:attachment":[{"href":"https:\/\/monolith.law\/da\/wp-json\/wp\/v2\/media?parent=55708"}],"curies":[{"name":"wp","href":"https:\/\/api.w.org\/{rel}","templated":true}]}}