{"id":55833,"date":"2023-06-13T01:17:21","date_gmt":"2023-06-12T16:17:21","guid":{"rendered":"https:\/\/monolith.law\/en\/?page_id=55833"},"modified":"2024-08-05T18:21:57","modified_gmt":"2024-08-05T09:21:57","slug":"legal-support-for-youtuber","status":"publish","type":"page","link":"https:\/\/monolith.law\/da\/legal-support-for-youtuber","title":{"rendered":"Juridisk St\u00f8tte til YouTubere"},"content":{"rendered":"\n<section class=\"heading-area\">\n\t<div class=\"heading-area-inner\">\n\t\t<h2 class=\"icon-legal-support-for-youtuber\">Juridisk St\u00f8tte til YouTubere<\/h2>\n\t\t<p>H\u00e5ndteringen af online influencere kr\u00e6ver knowhow, der adskiller sig fra traditionel underholdningsproduktion og medieh\u00e5ndtering. Vi forst\u00e5r finesserne i japansk lov og internettets karakteristika, hvilket s\u00e6tter os i stand til at yde st\u00e6rk st\u00f8tte til din virksomhed med at formidle information gennem et system, der kontinuerligt opdateres med de seneste oplysninger om japansk lovgivning.<\/p>\n\t<\/div>\n<\/section>\n\n<section class=\"white-section\">\n\t<div class=\"section-inner pdt0 border-bottom-section\">\n\t\t<p>YouTube-kanaler administreret af YouTuber-bureauer, virksomheder der driver Virtuelle YouTubere (VTubere), og forretningsvirksomheder har alle brug for juridiske r\u00e5dgivere med specialiseret knowhow og erfaring i Japan.<br>\nVores klienter inkluderer store japanske YouTuber Management-virksomheder, fremtr\u00e6dende individuelle YouTubere og forskellige VTuber forretningsstyringsvirksomheder i hele Japan. Vi yder ogs\u00e5 h\u00f8jt specialiseret st\u00f8tte i udarbejdelsen og gennemgangen af YouTuber- og VTuber-relaterede kontrakter og h\u00e5ndtering af juridiske problemstillinger relateret til videoproduktion i Japan.<p>\n\t<\/div>\n<\/section>\n\n<section class=\"second-nav\">\n\t<div class=\"second-nav-inner\">\n\t<p>EMNER<\/p>\n\t<nav>\n\t<ul>\n\t \t<li><a href=\"#necessity-of-youtube-related-legal-counsel\">N\u00f8dvendigheden af YouTube-relateret Juridisk R\u00e5dgivning<\/a><\/li>\n\t \t<li><a href=\"#contracts\">Kontrakter  <\/a><\/li>\n\t \t<li><a href=\"#creating-and-publishing-videos\">Oprettelse og Publicering af Videoer<\/a><\/li>\n\t \t<li><a href=\"#legal-support-for-vtubers\">Juridisk St\u00f8tte til VTubere<\/a><\/li>\n\t \t<li><a href=\"#terms-of-use-of-youtube\">TBetingelser for Brug af YouTub<\/a><\/li>\n\t \t<li><a href=\"#our-youtube-channel\">Vores YouTube-Kanal<\/a><\/li>\n\t \t<li><a href=\"#manda-of-sns\">M&amp;A af SNS<\/a><\/li>\n\t \t<li><a href=\"#IT\">IT<\/a><\/li>\n\t \t<li><a href=\"#countermeasures-against-reputational-damage\">Modforanstaltninger mod Omd\u00f8mmeskade<\/a><\/li>\n\t \t<li><a href=\"#writings-and-other-activities\">Skriftlige og andre aktiviteter<\/a><\/li>\n\t \t<li><a href=\"#examples-of-our-clients\">Eksempler p\u00e5 YouTubere og VTubere som Klienter i Vores Firma<\/a><\/li>\n\t\t<li><a href=\"#monolith-law-magazine\">MONOLITH LAW MAGAZINE<\/a><\/li>\n\t \t<li><a href=\"#fee-structure\">Gebyrstruktur<\/a><\/li>\n\t<\/ul>\n\t<\/nav>\n\t<\/div>\n<\/section>\n\n<section class=\"white-section\">\n\t<div id=\"necessity-of-youtube-related-legal-counsel\"><\/div>\n\t<div class=\"section-inner\">\n\t<h3>N\u00f8dvendigheden af YouTube-relateret Juridisk R\u00e5dgivning<\/h3>\n\t<ul class=\"layout-column4\">\n\t \t<li>\n\t\t\t<div><img decoding=\"async\" src=\"\/wp-content\/themes\/monolith2021\/img\/practices-youtuberlaw\/practices-youtuberlaw_necessity_pic1.jpg\" alt=\"YouTuber\" \/><\/div>\n\t\t\t<h4>YouTuber<\/h4>\n\t\t\tEn YouTuber med mere end et par hundrede tusinde kanalabonnenter er en enkeltst\u00e5ende enhed og har brug for en agent.\n\t\t<\/li>\n\t \t<li>\n\t\t\t<div><img decoding=\"async\" src=\"\/wp-content\/themes\/monolith2021\/img\/practices-youtuberlaw\/practices-youtuberlaw_necessity_pic2.jpg\" alt=\"YouTuber Management Companies\" \/><\/div>\n\t\t\t<h4>YouTuber Managementfirmaer<\/h4>\n\t\t\tDer er specifikke forholdsregler og tjekpunkter at overveje for YouTuber management, klientprojekter og andre kontrakter.\t\t<\/li>\n\t \t<li>\n\t\t\t<div><img decoding=\"async\" src=\"\/wp-content\/themes\/monolith2021\/img\/practices-youtuberlaw\/practices-youtuberlaw_necessity_pic3.jpg\" alt=\"Virtual YouTuber\" \/><\/div>\n\t\t\t<h4>Virtuel YouTuber<\/h4>\n\t\t\tKontrakter og M&amp;A i omr\u00e5det, hvor IT og underholdning krydser hinanden, er et yderst specialiseret felt.\n\t\t<\/li>\n\t \t<li>\n\t\t\t<div><img decoding=\"async\" src=\"\/wp-content\/themes\/monolith2021\/img\/practices-youtuberlaw\/practices-youtuberlaw_necessity_pic4.jpg\" alt=\"YouTube channel for Business Company\" \/><\/div>\n\t\t\t<h4>YouTube-kanal<br>for Forretningsvirksomhed<\/h4>\n\t\t\tN\u00e5r du driver en YouTube-kanal, vil du have brug for en hovedjuridisk r\u00e5dgiver og en separat advokat for YouTube.\n\t\t<\/li>\n\t<\/ul>\n\t<\/div>\n<\/section>\n\n<section class=\"white-section\">\n\t<div class=\"section-inner pdt0\">\n\t<div class=\"frame2 txt-center-pc max-width860\">\n\t<p class=\"bold txt-l\">YouTubere og Virtuelle YouTubere har brug for juridiske r\u00e5dgivere, der er bekendte med kanalstyring og kontraktudf\u00f8relse.<\/p>\n\t<\/div>\n\t<\/div>\n<\/section>\n\n<section class=\"white-section mgb-section100\">\n\t<div id=\"contracts\"><\/div>\n\t<div class=\"section-inner-black\">\n\t<h3>Kontrakter  <\/h3>\n\t<p class=\"mgb-middle\">I Japan underskriver YouTubere og VTubere generelt en managementkontrakt med et bureau for at udf\u00f8re deres aktiviteter, mens de i nogle tilf\u00e6lde underskriver en kontrakt med et firma og engagerer sig i reklameaktiviteter.<br>Traditionelt blev managementkontrakter mellem entertainere og underholdningsbureauer samt reklamekontrakter mellem entertainere og virksomheder brugt i den japanske underholdningsindustri. YouTubere og VTubere er dog en smule forskellige fra traditionelle entertainere p\u00e5 grund af YouTubes vilk\u00e5r og betingelser.<br>En advokat med viden og erfaring i japanske kontrakter relateret til YouTubere kan hj\u00e6lpe dig med at afslutte en kontrakt problemfrit med de v\u00e6sentlige punkter. Vores japanske juridiske eksperter er velinformerede om de unikke aspekter af det japanske marked og online videoplatforme.<\/p>\n\t<\/div>\n<\/section>\n\n<section class=\"white-section mgb-section100\">\n\t<div id=\"creating-and-publishing-videos\"><\/div>\n\t<div class=\"section-inner-black\">\n\t<h3>Oprettelse og Publicering af Videoer<\/h3>\n\t<p class=\"mgb-middle\">N\u00e5r man opretter og publicerer YouTube-videoer, er det essentielt at besidde juridisk viden p\u00e5 forskellige omr\u00e5der, s\u00e5som ophavsret for musik og objekter, der optr\u00e6der i videoen, portr\u00e6t-\/privatlivsrettigheder og reklamebestemmelser, der kan v\u00e6re problematiske ved introduktionen af kosmetik og sundhedsf\u00f8devarer i Japan. Manglende juridisk viden p\u00e5 disse omr\u00e5der kan f\u00f8re til risikoen for, at dine videoer bliver slettet, eller i v\u00e6rste fald, at din konto bliver udelukket i Japan.<\/p>\n\t<\/div>\n<\/section>\n\n<section class=\"purple-section mgb-section100\">\n\t<div id=\"legal-support-for-vtubers\"><\/div>\n\t<div class=\"section-inner\">\n\t<div class=\"flex reverse\">\n\t<div class=\"width41\"><img decoding=\"async\" src=\"\/wp-content\/themes\/monolith2021\/img\/vtuberlaw\/pic_practices-vtuberlaw.jpg\" alt=\"Legal Support for Virtual YouTubers\" \/><\/div>\n\t<div class=\"width51\">\n\t\t<h3>Juridisk St\u00f8tte til VTubere<\/h3>\n\t\t<p class=\"mgb-small\">Siden 2017, hvor VTubere selv var i deres sp\u00e6de dage, har MONOLITH LAW OFFICE h\u00e5ndteret VTuber-juridiske anliggender, herunder forskellige kontraktuelle relationer og tvistl\u00f8sninger, for individuelle VTubere og deres relaterede virksomheder og kontorer i Japan.\n<\/p>\n\t\t<p class=\"mgb-middle\">Vores juridiske team har erfaringen og knowhow&#8217;en til at l\u00f8se de meget komplekse problemer relateret til VTubere, s\u00e5som ophavsretssp\u00f8rgsm\u00e5l for illustrationer og CG, ejerskab af YouTube-kanaler og karakterer, samt rettighedsforholdet mellem personen selv og ejeren.<\/p>\n\t<\/div>\n\t<\/div>\n\t<\/div>\n<\/section>\n\n<section class=\"white-section mgb-section\">\n\t<div id=\"terms-of-use-of-youtube\" class=\"anchor\"><\/div>\n\t<div class=\"section-inner-black\">\n\t<h3>Betingelser for Brug af YouTube og Andre Medier<\/h3>\n\t<p class=\"mgb-middle\">N\u00e5r man driver en YouTube-kanal i Japan, er det n\u00f8dvendigt at forst\u00e5 YouTubes betingelser for tjenesten s\u00e5vel som juridiske forhold. Selvom en video er juridisk acceptabel, kan den v\u00e6re genstand for sletning eller kontoindfrysning, hvis den overtr\u00e6der brugsbetingelserne. Vores firma besidder knowhow og forst\u00e5else for YouTubes og andres mediers brugsbetingelser samt japansk lovgivning.<\/p>\n\t<\/div>\n<\/section>\n\n<section class=\"orange-section\">\n\t<div id=\"our-youtube-channel\"><\/div>\n\t<div class=\"section-inner\">\n\t<div class=\"flex reverse\">\n\t<div class=\"width41\"><img decoding=\"async\" src=\"\/wp-content\/themes\/monolith2021\/img\/practices-youtuberlaw\/practices-youtuberlaw_pic1.png\" alt=\"Legal Advice Lined Up by YouTubers\" \/><\/div>\n\t<div class=\"width51\">\n\t\t<h3>Vores YouTube-Kanal<\/h3>\n\t\t<p class=\"mgb-small\">Vores YouTube-kanal \u201cJuridisk R\u00e5dgivning for YouTubere\u201d forklarer juridiske sp\u00f8rgsm\u00e5l relateret til YouTube gennem samtalevideoer med en advokat i form af en VTuber, en venlig karakter med et h\u00f8jt ekspertiseniveau.<\/p>\n\t\t<p class=\"mgb-small\">Vi leverer juridisk viden for japanske YouTubere fra forskellige vinkler hver gang, s\u00e5 vi anbefaler vores kanal, hvis du allerede driver en kanal eller st\u00e5r for at g\u00f8re det i Japan.<\/p>\n\t\t<p>Vi anerkender, at advokater, der assisterer YouTubere og YouTube-relaterede virksomhedsoperat\u00f8rer, kr\u00e6ver mere end blot kendskab til abstrakt juridisk teori. Dyb indsigt og forst\u00e5else af YouTube-platformen er afg\u00f8rende for at yde effektiv juridisk st\u00f8tte p\u00e5 dette omr\u00e5de.<\/p>\n\t<\/div>\n\t<\/div>\n\t<\/div>\n<\/section>\n\n<section class=\"white-section\">\n\t<div id=\"manda-of-sns\"><\/div>\n\t<div class=\"section-inner\">\n\t<div class=\"flex\">\n\t<div class=\"width41\"><img decoding=\"async\" src=\"\/wp-content\/themes\/monolith2021\/img\/pic\/pic_sns_manda.jpg\" alt=\"M&amp;A of SNS\" \/><\/div>\n\t<div class=\"width51\">\n\t<h3>M&amp;A af SNS<\/h3>\n\t\t<p class=\"mgb-small\">YouTube-kanaler og Twitter-konti samt hjemmesider er genstand for M&amp;A.<br>\n\t\tDog, p\u00e5 grund af de specifikke egenskaber ved disse M&amp;A, er et advokatkontor med specialiseret viden og erfaring p\u00e5 det japanske marked afg\u00f8rende.<\/p>\n\t\t<p class=\"mgb-middle\">ra sm\u00e5 bel\u00f8b til handler p\u00e5 over 100 millioner yen har MONOLITH LAW OFFICE h\u00e5ndteret adskillige M&amp;A-transaktioner som et advokatkontor med st\u00e6rk ekspertise i IT-branchen.<br>\nVi assisterer dig i hvert skridt af processen, fra udarbejdelse af kontrakter til gennemf\u00f8relse af due diligence (DD) for YouTube-kanaler og andre virksomheder.<\/p>\n\t<\/div>\n\t<\/div>\n\t<\/div>\n<\/section>\n\n<section class=\"purple-section\">\n\t<div id=\"IT\"><\/div>\n\t<div class=\"section-inner\">\n\t<div class=\"flex reverse\">\n\t<div class=\"width41\"><img decoding=\"async\" src=\"\/wp-content\/themes\/monolith2021\/img\/pic\/pic_practices-itlaw.jpg\" alt=\"IT\" \/><\/div>\n\t<div class=\"width51\">\n\t\t<h3>IT<\/h3>\n\t\t<p class=\"mgb-small\">Systemudvikling inden for omr\u00e5det VTubers, for eksempel, er et yderst specialiseret omr\u00e5de i Japan.<br>Kendskab til intellektuelle ejendomsrettigheder er essentielt for at kontrollere h\u00e5ndteringen af videoer, billeder og produktioner, der forekommer i SNS-operationer.\n<\/p>\n\t\t<p class=\"mgb-middle\">\n\t\tVores firmas repr\u00e6sentative advokater har erfaring som IT-ingeni\u00f8rer og yder tjenester i tvister og forebyggelse af systemudviklingsproblemer.<br>Vi leverer h\u00f8jt specialiseret IT- og IP-relateret juridisk st\u00f8tte til adskillige virksomheder, herunder TSE prime-noterede virksomheder i Japan.<\/p>\n\n\t\t<div class=\"btn-area align-left\">\n\t\t\t<div class=\"btn icon-it\"><a href=\"\/da\/it\">IT<\/a><\/div>\n\t\t<\/div>\n\t<\/div>\n\t<\/div>\n\t<\/div>\n<\/section>\n\n<section class=\"white-section\">\n\t<div id=\"countermeasures-against-reputational-damage\"><\/div>\n\t<div class=\"section-inner\">\n\t<div class=\"flex\">\n\t<div class=\"width41\"><img decoding=\"async\" src=\"\/wp-content\/themes\/monolith2021\/img\/pic\/pic_practices-reputation.jpg\" alt=\"Countermeasures against reputational damage\" \/><\/div>\n\t<div class=\"width51\">\n\t\t<h3>Modforanstaltninger mod Omd\u00f8mmeskade<\/h3>\n\t\t<p class=\"mgb-small\">N\u00e5r YouTubere og VTubere vinder seere, kan de opleve omd\u00f8mmeskade p\u00e5 internettet. Vi mener dog, at der altid b\u00f8r tr\u00e6ffes foranstaltninger mod overdreven bagtalelse og l\u00e6kage af personlige oplysninger.<\/p>\n\t\t<p class=\"mgb-middle\">Vores firma har omfattende erfaring og ekspertise i at fjerne og identificere forfattere til rygter p\u00e5 internettet.<br>Vi har modtaget utallige henvendelser fra klienter, der sp\u00e6nder fra selskaber noteret p\u00e5 Tokyo Stock Exchange&#8217;s Prime Market til enkeltpersoner, hvilket demonstrerer vores engagement i at beskytte omd\u00f8mmet for YouTubere og VTubere i Japan.<\/p>\n\t<\/div>\n\t<\/div>\n\t<\/div>\n<\/section>\n\n<section class=\"orange-section\">\n\t<div class=\"anchor\" id=\"writings-and-other-activities\"><\/div>\n\t<div class=\"section-inner\">\n\t\t<div class=\"frame2 max-width860 txt-center-pc\">\n\t\t\t<p class=\"bold txt-l mgb-small\">Skriftlige og andre aktiviteter relateret til juridiske anliggender for YouTuber\/VTuber<\/p>\n\t\t\t<p>Juridiske anliggender for YouTubere og VTubere er h\u00f8jt specialiserede omr\u00e5der.<br>Vores grundl\u00e6ggende advokat engagerer sig i skrivning og andre aktiviteter relateret til disse felter.<\/p>\n\t\t<\/div>\n\t<\/div>\n<\/section>\n\n<section class=\"white-section\">\n\t<div class=\"section-inner\">\n\t\t<div class=\"flex reverse\">\n\t\t\t<div class=\"width41\"><img decoding=\"async\" src=\"\/wp-content\/uploads\/2022\/11\/it_law_book.jpg\"><\/div>\n\t\t\t<div class=\"width51\">\n\t\t\t\t<h3>Publikationer af en Advokat Specialiseret i Juridiske Anliggender for YouTuber og VTuber<\/h3>\n\t\t\t\t<p class=\"mgb-small\">Vores grundl\u00e6ggende advokat udgav \u201cIT-advokat, fort\u00e6l mig om YouTuber love og tjenestevilk\u00e5r\u201d, en bog der diskuterer forskellige juridiske sp\u00f8rgsm\u00e5l omkring japanske YouTubere i et sp\u00f8rgsm\u00e5l og svar format. Nogle emner der diskuteres inkluderer \u201cEr stealth marketing en overtr\u00e6delse af loven?\u201d, \u201cEr det n\u00f8dvendigt at sl\u00f8re nummerplader?\u201d og andre.<\/p>\n\t\t\t\t<p>En anden publikation, \u201cEn guide til YouTube-relaterede love for juridiske professionelle\u201d er en praktisk guidebog vedr\u00f8rende juridiske anliggender for YouTubere, for advokater og virksomheders PR-agenter.<\/p>\n\t\t\t<\/div>\n\t\t<\/div>\n\t<\/div>\n<\/section>\n\n<section class=\"white-section\">\n\t<div class=\"section-inner\">\n\t\t<div class=\"flex\">\n\t\t\t<div class=\"width41\"><img decoding=\"async\" src=\"\/wp-content\/themes\/monolith2021\/img\/practices-youtuberlaw\/practices-youtuberlaw_pic2.jpg\"><\/div>\n\t\t\t<div class=\"width51\">\n\t\t\t\t<h3>Vores Grundl\u00e6ggende Advokat Medvirkede som G\u00e6st p\u00e5 \u201cABEMA Prime\u201d<\/h3>\n\t\t\t\t<p class=\"mgb-small\">Vores grundl\u00e6ggende advokat var g\u00e6st p\u00e5 udsendelsen af \u201cABEMA Prime\u201d, et af de mest popul\u00e6re live-streaming shows i Japan. <br>Han medvirkede som g\u00e6st som en advokat med ekspertise i juridiske sp\u00f8rgsm\u00e5l relateret til YouTubere og VTubere.<\/p>\n\t\t\t\t<p>Februar 2022: juridiske sp\u00f8rgsm\u00e5l s\u00e5som privatlivets fred for VTubere<br>Maj 2022: juridiske sp\u00f8rgsm\u00e5l omkring h\u00e5rd modstand mod influencer<\/p>\n\t\t\t<\/div>\n\t\t<\/div>\n\t<\/div>\n<\/section>\n\n<section class=\"white-section\">\n\t<div id=\"examples-of-our-clients\"><\/div>\n\t<div class=\"section-inner\">\n\t<h3>Eksempler p\u00e5 YouTubere og VTubere som Klienter i Vores Firma<\/h3>\n\t<ul class=\"layout-column4 mgb-middle\">\n\t \t<li>\n\t\t\t<div><img decoding=\"async\" src=\"\/wp-content\/themes\/monolith2021\/img\/practices-youtuberlaw\/practices-youtuberlaw_client_pic1.jpg\" alt=\"Carry On Inc.\" \/><\/div>\n\t\t\t<h4><a href=\"https:\/\/carry0n.co.jp\/\" target=\"_blank\" rel=\"noopener noreferrer\">Carry On Inc.<\/a><\/h4>\n\t\t\tVi har arbejdet p\u00e5 projekter for Carry On Inc. kort efter firmaets etablering, hvilket inkluderer popul\u00e6re YouTubere som Kimagure Cook, Bryan, Channel Gado Man, og mange andre skabere.\n\t\t<\/li>\n\t \t<li>\n\t\t\t<div><img decoding=\"async\" src=\"\/wp-content\/themes\/monolith2021\/img\/practices-youtuberlaw\/practices-youtuberlaw_client_pic2.jpg\" alt=\"Tenchim\" \/><\/div>\n\t\t\t<h4><a href=\"https:\/\/www.youtube.com\/channel\/UCXzU-b8I0Y_fhMkLQMYt3vA\" target=\"_blank\" rel=\"noopener noreferrer\">Tenchim<\/a><\/h4>\n\t\t\tVi har arbejdet p\u00e5 et projekt for Tenchim, en blogger, TV-personlighed og model, som driver \u201cTenchim CH\/tenchim\u201d.\n\t\t<\/li>\n\t \t<li>\n\t\t\t<div><img decoding=\"async\" src=\"\/wp-content\/themes\/monolith2021\/img\/practices-youtuberlaw\/practices-youtuberlaw_client_pic3.png\" alt=\"Mirai Akari\" \/><\/div>\n\t\t\t<h4><a href=\"https:\/\/akari-mir.ai\/\" target=\"_blank\" rel=\"noopener noreferrer\">Mirai Akari<\/a><\/h4>\n\t\t\tVi har arbejdet p\u00e5 projekter for ZIZAI Corporation siden 2016, f\u00f8r debutten af deres VTuber, Mirai Akari i 2017.\n\t\t<\/li>\n\t \t<li>\n\t\t\t<div><img decoding=\"async\" src=\"\/wp-content\/themes\/monolith2021\/img\/practices-youtuberlaw\/practices-youtuberlaw_client_pic4.png\" alt=\"Teiko Penguin\" \/><\/div>\n\t\t\t<h4><a href=\"https:\/\/www.youtube.com\/channel\/UCUTgXNqRBqR33D5q10DfQXw\" target=\"_blank\" rel=\"noopener noreferrer\">Teiko Penguin<\/a><\/h4>\n\t\t\tVi har arbejdet p\u00e5 projekter for Plott Corporation, operat\u00f8ren af den animerede YouTube-kanal &#8220;Teiko Penguin&#8221;, siden 2018, endda f\u00f8r kanalen blev lanceret.\n\t\t<\/li>\n\t<\/ul>\n\t<p class=\"txt-s\">*Dette er en delvis liste over virksomheder, som har givet os tilladelse til at afsl\u00f8re, at de er vores kunder, eller som er registreret som direkt\u00f8rer.<br>Faktisk arbejder vi p\u00e5 projekter for mange kunder, herunder freelance YouTubere.<br>Som hovedregel vil vi holde din identitet fortrolig under en fortrolighedsaftale.<\/p>\n\t<\/div>\n<\/section>\n\n<section class=\"purple2-section\">\n\t<div class=\"anchor\" id=\"monolith-law-magazine\"><\/div>\n\t<div class=\"section-inner\">\n\t\t    <section class=\"white-section temp-article\">\n        <div class=\"section-inner\">\n            <h4>MONOLITH LAW MAGAZINE<\/h4>\n            <div class=\"articles type_practice_column\">\n                                                                    <div class=\"article article-area\">\n                        <figure>\n                            <div class=\"img-wrap\">\n                                <img alt=\"De vigtige punkter i YouTube-brugerbetingelserne, som man skal v\u00e6re opm\u00e6rksom p\u00e5 ved spilkommenteringsvideoer\" src=\"https:\/\/monolith.law\/da\/wp-content\/uploads\/sites\/13\/2024\/07\/Shutterstock_2091406600.webp\" width=\"500\" height=\"250\">\n                            <\/div>\n                            <figcaption>\n                                <div class=\"figcaption-inner\">\n                                    <h3>De vigtige punkter i YouTube-brugerbetingelserne, som man skal v\u00e6re opm\u00e6rksom p\u00e5.<\/h3>\n                                <\/div>\n                            <\/figcaption>\n                            <a href=\"https:\/\/monolith.law\/da\/internet\/youtube-game-play-videos\"><\/a>\n                        <\/figure>\n                    <\/div>\n                                                    <div class=\"article article-area\">\n                        <figure>\n                            <div class=\"img-wrap\">\n                                <img alt=\"De 5 forbudte ting p\u00e5 YouTube: Hvad er 'Japanese Community Guidelines'? Ting du b\u00f8r vide for at undg\u00e5 at f\u00e5 din konto suspenderet\" src=\"https:\/\/monolith.law\/da\/wp-content\/uploads\/sites\/13\/2024\/06\/Shutterstock_246432538.webp\" width=\"500\" height=\"250\">\n                            <\/div>\n                            <figcaption>\n                                <div class=\"figcaption-inner\">\n                                    <h3>De 5 forbudte ting p\u00e5 YouTube: Hvad er 'Japanese Community Guidelines'? Ting du .<\/h3>\n                                <\/div>\n                            <\/figcaption>\n                            <a href=\"https:\/\/monolith.law\/da\/internet\/youtube-community-guidelines-prohibitions\"><\/a>\n                        <\/figure>\n                    <\/div>\n                                                    <div class=\"article article-area\">\n                        <figure>\n                            <div class=\"img-wrap\">\n                                <img alt=\"Er fotografering og offentligg\u00f8relse uden tilladelse juridisk tilladt? En forklaring p\u00e5 4 diskussionspunkter\" src=\"https:\/\/monolith.law\/da\/wp-content\/uploads\/sites\/13\/2024\/06\/Shutterstock_1830157235.webp\" width=\"500\" height=\"250\">\n                            <\/div>\n                            <figcaption>\n                                <div class=\"figcaption-inner\">\n                                    <h3>Er fotografering og offentligg\u00f8relse uden tilladelse juridisk tilladt? En forkla.<\/h3>\n                                <\/div>\n                            <\/figcaption>\n                            <a href=\"https:\/\/monolith.law\/da\/internet\/copyright-permission-photograph\"><\/a>\n                        <\/figure>\n                    <\/div>\n                                            <\/div>\n            <div class=\"btn-more\"><a href=\"https:\/\/monolith.law\/da\/tag\/legal-support-for-youtuber\">Read More<\/a><\/div>\n        <\/div>\n    <\/section>\n\t<\/div>\n<\/section>\n\n<section class=\"orange2-section\">\n\t<div class=\"anchor\" id=\"fee-structure\"><\/div>\n\t<div class=\"section-inner\">\n\t<div class=\"planWrap\">\n\t<h3>Gebyrstruktur<\/h3>\n\t<ul class=\"plan\">\n\t\t<li class=\"txt-left\">\n\t\t\t<div class=\"plan-inner\">\n\t\t\t<div class=\"plan-header\">\n\t\t\t<h4 class=\"plan-title\">Timepris<\/h4>\n\t\t\t<div class=\"plan-price\"><span class=\"price-figure\">$300<\/span>per time<span class=\"price-tax\"> <\/span><\/div>\n\t\t\t<\/div>\n\t\t\t<div class=\"plan-body\">I visse tilf\u00e6lde kan vi overveje at acceptere en tvist eller retssag med et opstartsgebyr og et resultatbaseret honorar. For yderligere oplysninger er du velkommen til at kontakte os.<\/div>\n\t\t\t<\/div>\n\t\t<\/li>\n\t\t<li class=\"txt-left\">\n\t\t\t<div class=\"plan-inner\">\n\t\t\t<div class=\"plan-header\">\n\t\t\t<h4 class=\"plan-title\">Udarbejdelse af Kontrakter<\/h4>\n\t\t\t<div class=\"plan-price\"><span class=\"price-value\">fra<\/span><span class=\"price-figure\">$500<\/span><span class=\"price-value\">til $2,000 eller mere<\/span><span class=\"price-tax\"><\/span><\/div>\n\t\t\t<\/div>\n\t\t\t<div class=\"plan-body\">Prisstrukturen kan variere baseret p\u00e5 typen og antallet af kontrakter. Vi er glade for at kunne tilbyde et forel\u00f8bigt overslag ved foresp\u00f8rgsel, hvilket opfordrer dig til at kontakte os for yderligere detaljer.<\/div>\n\t\t\t<\/div>\n\t\t<\/li>\n\t\t<li class=\"txt-left\">\n\t\t\t<div class=\"plan-inner\">\n\t\t\t<div class=\"plan-header\">\n\t\t\t<h4 class=\"plan-title\">Andre Tjenester<\/h4>\n\t\t\t<div class=\"plan-price\"><span class=\"price-figure\">Kontakt Os<\/span><\/div>\n\t\t\t<\/div>\n\t\t\t<div class=\"plan-body\">Vi tilbyder en bred vifte af tjenester inklusive firmaetablering, kontraktgennemgang, juridisk udtalelse, sagsgennemgang eller forskningsbrev. Hvis du har nogen foresp\u00f8rgsler eller bekymringer, inviterer vi dig hjerteligt til at kontakte os, og vores vidende team vil v\u00e6re glade for at assistere dig.<\/div>\n\t\t\t<\/div>\n\t\t\t<\/div>\n\t\t<\/li>\n\t<\/ul>\n\t<\/div>\n\t<\/div>\n<\/section>\n\n<section class=\"white-section\">\n\t<div class=\"section-inner\">\n\t\t<div class=\"btn-area\">\n\t\t\t<div class=\"btn icon-contact\"><a href=\"\/da\/contact\">Kontakt Os<\/a><\/div>\n\t\t<\/div>\n\t<\/div>\n<\/section>\n","protected":false},"excerpt":{"rendered":"<p>Juridisk St\u00f8tte til YouTubere H\u00e5ndteringen af online influencere kr\u00e6ver knowhow, der adskiller sig fra traditionel underholdningsproduktion og medieh\u00e5ndtering. Vi forst\u00e5r finesserne i japansk lov og i [&hellip;]<\/p>\n","protected":false},"author":1,"featured_media":57171,"parent":0,"menu_order":0,"comment_status":"closed","ping_status":"closed","template":"non-other-page-temp.php","meta":{"footnotes":""},"acf":[],"_links":{"self":[{"href":"https:\/\/monolith.law\/da\/wp-json\/wp\/v2\/pages\/55833"}],"collection":[{"href":"https:\/\/monolith.law\/da\/wp-json\/wp\/v2\/pages"}],"about":[{"href":"https:\/\/monolith.law\/da\/wp-json\/wp\/v2\/types\/page"}],"author":[{"embeddable":true,"href":"https:\/\/monolith.law\/da\/wp-json\/wp\/v2\/users\/1"}],"replies":[{"embeddable":true,"href":"https:\/\/monolith.law\/da\/wp-json\/wp\/v2\/comments?post=55833"}],"version-history":[{"count":27,"href":"https:\/\/monolith.law\/da\/wp-json\/wp\/v2\/pages\/55833\/revisions"}],"predecessor-version":[{"id":69766,"href":"https:\/\/monolith.law\/da\/wp-json\/wp\/v2\/pages\/55833\/revisions\/69766"}],"wp:featuredmedia":[{"embeddable":true,"href":"https:\/\/monolith.law\/da\/wp-json\/wp\/v2\/media\/57171"}],"wp:attachment":[{"href":"https:\/\/monolith.law\/da\/wp-json\/wp\/v2\/media?parent=55833"}],"curies":[{"name":"wp","href":"https:\/\/api.w.org\/{rel}","templated":true}]}}