{"id":55885,"date":"2023-06-13T17:46:22","date_gmt":"2023-06-13T08:46:22","guid":{"rendered":"https:\/\/monolith.law\/en\/?page_id=55885"},"modified":"2023-12-01T19:46:05","modified_gmt":"2023-12-01T10:46:05","slug":"personal-information-protection","status":"publish","type":"page","link":"https:\/\/monolith.law\/da\/personal-information-protection","title":{"rendered":"Beskyttelse af Personlige Oplysninger"},"content":{"rendered":"\n<section class=\"heading-area\">\n\t<div class=\"heading-area-inner\">\n\t\t<h2 class=\"icon-personal-information-protection\">Beskyttelse af Personlige Oplysninger<\/h2>\n\t\t<p>Forretningssituationer, der involverer IT og internettet, omfatter ofte h\u00e5ndtering af forskellige typer af personlige oplysninger, herunder databaser med personlige oplysninger, cookies og andet. Specielt fokus skal l\u00e6gges p\u00e5 de dele, der kan \u00e6ndre sig p\u00e5 grund af lov\u00e6ndringer. MONOLITH LAW OFFICE tilbyder h\u00f8jt specialiserede juridiske tjenester relateret til Japans privatlivslov.<\/p>\n\t<\/div>\n<\/section>\n<section class=\"white-section\">\n\t<div class=\"section-inner pdt0  border-bottom-section\">\n\t\t<p>Den Japanske Lov om Beskyttelse af Personlige Oplysninger (APPI) er en af de mest kritiske love. Den styrer h\u00e5ndtering af personlige oplysninger i forretningsaktiviteter. Denne japanske privatlivslov fokuserer p\u00e5, hvordan persondata b\u00f8r h\u00e5ndteres. Artiklen opstiller de forpligtelser, som udbydere af persondata skal opfylde for at beskytte individers rettigheder og interesser. Virksomheder st\u00e5r overfor udfordringen med at overholde den reviderede APPI, som tr\u00e5dte i kraft i april 2022.<br>Som eksperter i at st\u00f8tte IT- og internetvirksomheder har MONOLITH LAW OFFICE h\u00e5ndteret juridiske sager relateret til Den Japanske Lov om Beskyttelse af Personlige Oplysninger for adskillige virksomheder, fra virksomheder noteret p\u00e5 Prime Market af Tokyo-b\u00f8rsen (TSE) til opstarts-virksomheder i begynderfasen.<\/p>\n\t<\/div>\n<\/section>\n<section class=\"second-nav\">\n\t<div class=\"second-nav-inner\">\n\t\t<p>EMNER<\/p>\n\t\t<nav>\n\t\t\t<ul>\n\t\t\t\t<li><a href=\"#examples-of-our-clients\">Eksempel p\u00e5 St\u00f8tte Leveret af Vores Firma<\/a><\/li>\n\t\t\t\t<li><a href=\"#compliance-with-the-japan-privacy-law\">Overholdelse af Den Japanske Privatlivslov<\/a><\/li>\n\t\t\t\t<li><a href=\"#basic-obligations-of-business-operator\">Grundl\u00e6ggende Forpligtelser for Forretningsoperat\u00f8rer<\/a><\/li>\n\t\t\t\t<li><a href=\"#creating-and-revising-a-privacy-policy\">Skabelse og Revision af en Privatlivspolitik<\/a><\/li>\n\t\t\t\t<li><a href=\"#responding-to-a-personal-information-breach\">Reaktion p\u00e5 Brud p\u00e5 Personlige Oplysninger<\/a><\/li>\n\t\t\t\t<li><a href=\"#response-to-the-appi-in-2022\">Reaktion p\u00e5 den APPI i 2022<\/a><\/li>\n\t\t\t\t<li><a href=\"#drafts-can-be-prepared-with-minimal-hearings\">Udkast kan forberedes med et minimum af h\u00f8ringer<\/a><\/li>\n\t\t\t\t<li><a href=\"#terms-of-use-for-apps\">Brugsvilk\u00e5r for Apps<\/a><\/li>\n\t\t\t\t<li><a href=\"#examples-of-our-client's-products\">Eksempler p\u00e5 vores kunders produkter<\/a><\/li>\n\t\t\t\t<li><a href=\"#monolith-law-magazine\">MONOLITH LAW MAGAZINE<\/a><\/li>\n\t\t\t\t<li><a href=\"#fee-structure\">Gebyrstruktur<\/a><\/li>\n\t\t\t<\/ul>\n\t\t<\/nav>\n\t<\/div>\n<\/section>\n<section class=\"white-section\">\n\t<div class=\"anchor\" id=\"examples-of-our-clients\"><\/div>\n\t<div class=\"section-inner\">\n\t\t<h3>Eksempel p\u00e5 St\u00f8tte Leveret af Vores Firma<\/h3>\n\t\t<ul class=\"layout-column4\">\n\t\t\t<li>\n\t\t\t\t<div><img decoding=\"async\" src=\"\/wp-content\/uploads\/2022\/09\/privacypolicy.png\"><\/div>\n\t\t\t\t<h4>Privatlivspolitik<\/h4>\n\t\t\t\t<p>Vi har h\u00e5ndteret udkast af privatlivspolitikker for hjemmesider, tjenester, apps osv., samt talrige revisioner som reaktion p\u00e5 lov\u00e6ndringer og andre \u00e6ndringer.<\/p>\n\t\t\t<\/li>\n\t\t\t<li>\n\t\t\t\t<div><img decoding=\"async\" src=\"\/wp-content\/uploads\/2022\/09\/manual.png\"><\/div>\n\t\t\t\t<h4>Forretningsmanualer til Intern Brug<\/h4>\n\t\t\t\t<p>WVi hj\u00e6lper ogs\u00e5 med at etablere en Chief Privacy Officer (CPO) og vedligeholde interne manualer og politikker.<\/p>\n\t\t\t<\/li>\n\t\t\t<li>\n\t\t\t\t<div><img decoding=\"async\" src=\"\/wp-content\/uploads\/2022\/09\/GDPR.png\"><\/div>\n\t\t\t\t<h4>GDPR og Anden Overholdelse<\/h4>\n\t\t\t\t<p>Vi h\u00e5ndterer ogs\u00e5 juridiske sager relateret til beskyttelse af persondata, s\u00e5som EU&#8217;s Generelle Databeskyttelsesforordning (GDPR) i gr\u00e6nseoverskridende IT-forretningsmuligheder.<\/p>\n\t\t\t<li>\n\t\t\t\t<div><img decoding=\"async\" src=\"\/wp-content\/uploads\/2022\/09\/dataleak.png\"><\/div>\n\t\t\t\t<h4>Brud p\u00e5 Persondat<\/h4>\n\t\t\t\t<p>Vi kan assistere med indberetning til Kommissionen for Beskyttelse af Personlige Oplysninger og notificering af individer i tilf\u00e6lde af brud p\u00e5 persondata.<\/p>\n\t\t\t<\/li>\n\t\t<\/ul>\n\t<\/div>\n<\/section>\n<section class=\"white-section\">\n\t<div class=\"anchor\" id=\"compliance-with-the-japan-privacy-law\"><\/div>\n\t<div class=\"section-inner-black\">\n\t\t<h3>Overholdelse af Den Japanske Privatlivslov<\/h3>\n\t\t<p class=\"mgb-small\">Den Japanske Lov om Beskyttelse af Personlige Oplysninger (APPI) p\u00e5l\u00e6gger regulativer p\u00e5 forretningsoperat\u00f8rer, der h\u00e5ndterer personlige oplysninger i relation til udlevering eller overf\u00f8rsel af s\u00e5danne personlige oplysninger til tredjeparter. Denne lov stiller strenge krav til form\u00e5lene, som personlige oplysninger m\u00e5 anvendes til, hvordan de m\u00e5 opn\u00e5s, og de sikkerhedskontrolforanstaltninger, der skal tr\u00e6ffes.<\/p>\n\t\t<p class=\"mgb-middle\">Desuden \u00e6ndres loven ofte for at give nye definitioner og regulativer, s\u00e5som databaser med personlige oplysninger, anonymt behandlede oplysninger og pseudonymiserede oplysninger.<\/p>\n<\/section>\n<section class=\"white-section\">\n\t<div class=\"anchor\" id=\"basic-obligations-of-business-operator\"><\/div>\n\t<div class=\"section-inner\">\n\t\t<h3>Grundl\u00e6ggende Forpligtelser for Forretningsoperat\u00f8rer, der H\u00e5ndterer Persondata<\/h3>\n\t\t<p class=\"mgb-middle\">Den japanske privatlivslov etablerer f\u00f8lgende forpligtelser for &#8220;Forretningsoperat\u00f8ren, der H\u00e5ndterer Personlige Oplysninger&#8221;, som h\u00e5ndterer personlige oplysninger i s\u00e6rdeleshed. Det er n\u00f8dvendigt at respondere p\u00e5 disse forpligtelser og etablere et overholdelsessystem.<\/p>\n\t\t<table class=\"type03\">\n\t\t<tbody>\n\t\t<tr>\n\t\t<td>Regler Ang\u00e5ende Brugsform\u00e5l for<br>Anvendelse af Persondata\n<\/td>\n\t\t<td>Pr\u00e6ciser Anvendelsesform\u00e5let S\u00e5 Ekspliicit Som Muligt (Artikel 15, Afsnit 1)<br>Notifikation eller offentligg\u00f8relse af anvendelsesform\u00e5let (Artikel 18, Afsnit 1)<br>Brug inden for det angivne anvendelsesform\u00e5l (Artikel 16, Afsnit 1)<br>\u00c6ndring af anvendelsesform\u00e5let er principielt ikke tilladt (Artikel 15, Afsnit 2)<\/td>\n\t\t<\/tr>\n\t\t<tr>\n\t\t<td>Indhentning Ved Egnede Midler<\/td>\n\t\t<td>Forbud mod indhentning ved bedrag eller andre urigtige midler(Artikel 17, Afsnit 1)<\/td>\n\t\t<\/tr>\n\t\t<tr>\n\t\t<td>Egnede Sikkerhedskontrolforanstaltninger<\/td>\n\t\t<td>Forebyggelse af databrud, tab eller skade osv. (Artikel 20)<br>Tilsyn med ansatte og entrepren\u00f8rer (Artikel 20, 21)<\/td>\n\t\t<\/tr>\n\t\t<tr>\n\t\t<td>Udlevering til en tredjepart og gr\u00e6nseoverskridende overf\u00f8rsel<\/td>\n\t\t<td>N\u00f8dvendigt ved udlevering af oplysninger til en tredjepart Indhentning af den registreredes samtykke p\u00e5 forh\u00e5nd (Artikel 23, Afsnit1)<br>S\u00e5kaldt opt-out metode (Artikel 23, Afsnit 2)<\/td>\n\t\t<\/tr>\n\t\t<\/tbody>\n\t\t<\/table>\n\t<\/div>\n<\/section>\n<section class=\"purple-section\">\n\t<div class=\"anchor\" id=\"creating-and-revising-a-privacy-policy\"><\/div>\n\t<div class=\"section-inner\">\n\t\t<div class=\"flex\">\n\t\t\t<div class=\"width41\"><img decoding=\"async\" src=\"\/wp-content\/uploads\/2022\/09\/privacypolicy2.png\" alt=\"Creating and Revising a Privacy Policy\"><\/div>\n\t\t\t<div class=\"width51\">\n\t\t\t\t<h3>Skabelse og Revision af en Privatlivspolitik<\/h3>\n\t\t\t\t<p class=\"mgb-small\">N\u00e5r en IT-tjeneste lanceres, b\u00f8r der udvikles en passende privatlivspolitik baseret p\u00e5, hvilken type personlige oplysninger der vil blive indsamlet, og hvordan disse oplysninger vil blive brugt. Derudover skal s\u00e5danne politikker revideres, n\u00e5r nye forretningsfunktioner tilf\u00f8jes, eller som love revideres.\n\n\t\t\t\t<p>Som en IT-, internet- og erhvervsadvokatvirksomhed forst\u00e5r vi adf\u00e6rden af s\u00e5danne systemer. Vi kan hj\u00e6lpe dig med at skabe eller revidere passende privatlivspolitikker til minimal omkostning for din organisation.<\/p>\n\t\t\t<\/div>\n\t\t<\/div>\n\t\t<h4 class=\"mgb-small\">Eksempler p\u00e5 vores erfaringer<\/h4>\n\t\t<p>BGM og effektfordelingstjeneste, BGM afspilningsapp, SaaS-baseret stemmegenkendelsestjeneste til BtoB-brug, D2C EC-websteder, EC-platforme, Tjenester til dataintegration mellem SaaS-tjenester, Integrationstjenester til SaaS-virksomheder, Kunstnerplatforme, Salgsst\u00f8ttev\u00e6rkt\u00f8jer, Husholdningsbudgetterings-Apps, Jobrelaterede webtjenester, Job s\u00f8getjenester, Cloud-baseret udgiftsgodtg\u00f8relsessystem, Cloud-baseret tidsregistreringssystem, Cloud-baseret rejseomkostningsgodtg\u00f8relsessystem, Tjenester til salg af kosttilskud, Politikrelaterede SNS, Taxabestillingsapps, Udsourcede dataanalysetjenester, Video SNS-tjenester, Erhvervs SNS, Erhvervsmatchningssted, Hospital reservationsplatform, Programmeringsskole, Blockchain SNS, Blockchain annonce netv\u00e6rk, Reference service, Rejse concierge tjeneste, Sikkerhedskontrol tjeneste, Medicinsk informationsnetv\u00e6rkssystem, Virtuel valutaveksling (udenfor Japan), Database site for tandreguleringsklinikker, Support service for handicappede, Rekruttering af studerende, Medarbejderstyring, Cloud service til medarbejderuddannelse, Autoriseret importbil salgssted, Livsstilsrelateret support service, Start-up support service, og Antisocial kontroltjeneste<\/p>\n\t<\/div>\n<\/section>\n<section class=\"white-section\">\n\t<div class=\"anchor\" id=\"responding-to-a-personal-information-breach\"><\/div>\n\t<div class=\"section-inner\">\n\t\t<div class=\"flex reverse\">\n\t\t\t<div class=\"width41\"><img decoding=\"async\" src=\"\/wp-content\/uploads\/2022\/09\/security.png\" alt=\"Responding to a Personal Information Breach\"><\/div>\n\t\t\t<div class=\"width51\">\n\t\t\t\t<h3>Reaktion p\u00e5 Brud p\u00e5 Personlige Oplysninger<\/h3>\n\t\t\t\t<p class=\"mgb-small\">Revisionen i 2022 af den japanske lov om beskyttelse af personlige oplysninger (APPI) har fastlagt en forpligtelse for erhvervsdrivende, der h\u00e5ndterer personlige oplysninger, til at rapportere til Kommissionen for Beskyttelse af Personlige Oplysninger og underrette individer, n\u00e5r der er sket et brud eller potentielt brud p\u00e5 personlige oplysninger. Rapporttyperne er forel\u00f8bige rapporter og detaljerede rapporter. S\u00e6rligt skal forel\u00f8bige rapporter foretages inden for 3 til 5 dage efter opdagelsen af et databrud.<\/p>\n<\/p>\n\t\t\t\t<\/div>\n\t\t\t<\/div>\n\t\t<\/div>\n\t<\/div>\n<\/section>\n<section class=\"orange2-section\">\n\t<div class=\"anchor\" id=\"response-to-the-appi-in-2022\"><\/div>\n\t<div class=\"section-inner\">\n\t\t<h3>Reaktion p\u00e5 den Japanske Lov om Beskyttelse af Personlige Oplysninger i 2022<\/h3>\n\t\t<p class=\"mgb-middle\">I april 2022 tr\u00e5dte den reviderede privatlivslov i kraft i Japan. Dette har skabt et behov for at alle virksomhedsejere gennemg\u00e5r deres interne manualer og systemer. Is\u00e6r for de erhvervsdrivende, der h\u00e5ndterer kortvarigt lagrede data, som vil blive slettet inden for 6 m\u00e5neder, eller dem, der anvender opt-out, er det n\u00f8dvendigt at revidere deres privatlivspolitikker.<\/p>\n\t\t<table class=\"type07\">\n\t\t<thead>\n\t\t<tr>\n\t\t<th><\/th>\n\t\t<th>\u00c6ndringer<\/th>\n\t\t<th>N\u00f8dvendig Respons<\/th>\n\t\t<\/tr>\n\t\t<\/thead>\n\t\t<tbody>\n\t\t<tr>\n\t\t<td>Alle \u00f8konomiske operat\u00f8rer<\/td>\n\t\t<td>Lempelse af kravene til anmodninger om oph\u00f8r af brug, sletning og oph\u00f8r af udlevering til tredjeparter<\/td>\n\t\t<td>Forst\u00e6rkning af respons p\u00e5 et \u00f8get antal krav<\/td>\n\t\t<\/tr>\n\t\t<tr>\n\t\t<td>Alle \u00f8konomiske operat\u00f8rer<\/td>\n\t\t<td>Forbedring af anmodninger om offentligg\u00f8relse<\/td>\n\t\t<td>Etablering af et system til at fastsl\u00e5, hvad der ikke l\u00e6ngere er n\u00f8dvendigt<\/td>\n\t\t<\/tr>\n\t\t<tr>\n\t\t<td>Virksomheder, der behandler kortvarigt lagrede data, der skal slettes inden for 6 m\u00e5neder\n<\/td>\n\t\t<td>Udvidelse af omfanget af opbevarede persondata, der er underlagt offentligg\u00f8relse osv.\n<\/td>\n\t\t<td>Revision af interne manualer og andre h\u00e5ndteringsprocedurer\n<\/td>\n\t\t<\/tr>\n\t\t<tr>\n\t\t<td>Erhvervsdrivende, der anvender opt-out<\/td>\n\t\t<td>Styrkelse af opt-out-reguleringer: tilf\u00f8jelse af oplysninger, der skal meddeles osv.\n<\/td>\n\t\t<td>Revision af privatlivspolitik osv.<\/td>\n\t\t<\/tr>\n\t\t<tr>\n\t\t<td>Erhvervsdrivende, der anvender opt-out<\/td>\n\t\t<td>Styrkelse af opt-out-reguleringer: forbud mod dobbelt opt-out\n<\/td>\n\t\t<td>Kontroll\u00e9r erhvervelsesmetoder for oplysninger og \u00e6ndr forretningsstrategier efter behov\n<\/td>\n\t\t<\/tr>\n\t\t<tr>\n\t\t<td>Alle \u00f8konomiske operat\u00f8rer<\/td>\n\t\t<td>Forpligtelse til at rapportere l\u00e6kager osv. og underrette den ber\u00f8rte person\n<\/td>\n\t\t<td>Etabler interne manualer og andre procedurer for at forberede sig p\u00e5 mulig l\u00e6kage\n<\/td>\n\t\t<\/tr>\n\t\t<tr>\n\t\t<td>Erhvervsdrivende, der bruger anonymt behandlet information\n<\/td>\n\t\t<td>Etablering af ny bestemmelse om pseudonymt behandlet information\n\n<\/td>\n\t\t<td>Revision af privatlivspolitik osv.<\/td>\n\t\t<\/tr>\n\t\t<tr>\n\t\t<td>Erhvervsdrivende, der leverer DMP og relaterede tjenester\n<\/td>\n\t\t<td>Regulering af personrelateret information, der bliver til persondata hos modtageren\n<\/td>\n\t\t<td>Kontroll\u00e9r, at samtykke er indhentet fra den enkelte hos virksomheden, som informationen leveres til\n<\/td>\n\t\t<\/tr>\n\t\t<tr>\n\t\t<td>Erhvervsdrivende, der udf\u00f8rer gr\u00e6nseoverskridende transaktioner<\/td>\n\t\t<td>Strammere regulering af gr\u00e6nseoverskridende overf\u00f8rsler<\/td>\n\t\t<td>Gennemg\u00e5 om tjenesten ydes eller ej, og skift tjeneste efter behov.<\/td>\n\t\t<\/tr>\n\t\t<\/tbody>\n\t\t<\/table>\n\t<\/div>\n<\/section>\n<section class=\"white-section\">\n\t<div class=\"anchor\" id=\"drafts-can-be-prepared-with-minimal-hearings\"><\/div>\n\t<div class=\"section-inner\">\n\t\t<div class=\"flex\">\n\t\t\t<div class=\"width41\"><img decoding=\"async\" src=\"\/wp-content\/themes\/monolith2021\/img\/pic\/pic_draft.jpg\" alt=\"Drafts can be prepared with minimal hearings\"><\/div>\n\t\t\t<div class=\"width51\">\n\t\t\t\t<h3>Udkast kan forberedes med et minimum af h\u00f8ringer<\/h3>\n\t\t\t\t<p class=\"mgb-small\">Vores stiftende advokat er en tidligere IT-ingeni\u00f8r.<\/p>\n\t\t\t\t<p class=\"mgb-small\">For at skabe privatlivspolitikker for apps og webtjenester, er det n\u00f8dvendigt at forst\u00e5 deres funktioner og sk\u00e6rmovergange (i forhold til hvad brugeren skal acceptere og ved hvilken betjeningsmetode). Vi kan l\u00e6se de forskellige dokumenter og data, der allerede findes i jeres firma, s\u00e5som kravdefinitioner, frameworks skabt med Adobe XD, landingssider, salgsmaterialer for potentielle kunder.<\/p>\n\t\t\t\t<p>Derfor kan vi skabe et udkast til jeres privatlivspolitik osv. med minimalt tidsforbrug p\u00e5 interviews, hvilket effektivt reducerer kommunikationsomkostninger og den tid, der kr\u00e6ves til oprettelse.<\/p>\n\t\t\t<\/div>\n\t\t<\/div>\n\t<\/div>\n<\/section>\n<section class=\"purple-section\">\n\t<div class=\"anchor\" id=\"terms-of-use-for-apps\"><\/div>\n\t<div class=\"section-inner\">\n\t\t<div class=\"flex reverse\">\n\t\t\t<div class=\"width41\"><img decoding=\"async\" src=\"\/wp-content\/themes\/monolith2021\/img\/practices-itlaw\/practices-itlaw_pic2.jpg\" alt=\"Terms of Use for Apps\"><\/div>\n\t\t\t<div class=\"width51\">\n\t\t\t\t<h3>Brugsvilk\u00e5r for Apps<\/h3>\n\t\t\t\t<p>Hos MONOLITH LAW OFFICE skaber og reviderer vi brugsvilk\u00e5r for forskellige apps, tjenester, spil osv., og opretter privatlivspolitikker. Det er ogs\u00e5 muligt at skabe en privatlivspolitik baseret p\u00e5 eksisterende dokumenter og data brugt til app-udvikling, som kravdefinitioner, frameworks, landingssider og salgsmaterialer for potentielle kunder.<\/p>\n\t\t\t<\/div>\n\t\t<\/div>\n\t<\/div>\n<\/section>\n<section class=\"white-section\">\n\t<div class=\"anchor\" id=\"examples-of-our-client's-products\"><\/div>\n\t<div class=\"section-inner\">\n\t\t<h3>Eksempler p\u00e5 vores kunders produkter<\/h3>\n\t\t<ul class=\"layout-column4 mgb-middle\">\n\t\t\t<li>\n\t\t\t\t<div><img decoding=\"async\" src=\"\/wp-content\/uploads\/2022\/09\/logo_oVice.png\"><\/div>\n\t\t\t\t<h4><a href=\"https:\/\/ovice.in\/ja\/\" target=\"_blank\" rel=\"noopener noreferrer\">oVice<\/a><\/h4>\n\t\t\t\t<p>Vi har v\u00e6ret revisor for oVice Corporation, som realiserer co-working rum og begivenhedsrum i virtuelle rum, hvor du kan f\u00f8le dig t\u00e6t p\u00e5 folk, som om du taler ved siden af dem.<\/p>\n\t\t\t<\/li>\t\t\t<li>\n\t\t\t\t<div><img decoding=\"async\" src=\"\/wp-content\/themes\/monolith2021\/img\/clients\/logo_drwallet.png\"><\/div>\n\t\t\t\t<h4><a href=\"https:\/\/www.drwallet.jp\/\" target=\"_blank\" rel=\"noopener noreferrer\">TOKIUM Omkostningsgodtg\u00f8relse<\/a><\/h4>\n\t\t\t\t<p>Vi har arbejdet sammen med TOKIUM Inc., firmaet bag den erhvervsfinansielle app &#8220;TOKIUM Omkostningsgodtg\u00f8relse&#8221;, som deres juridiske chef. Vi har ydet juridisk st\u00f8tte til deres projekter, inklusive udgivelsen af deres omkostningsgodtg\u00f8relsessystem &#8220;TOKIUM Faktura&#8221;.<\/p>\n\t\t\t<\/li>\n\t\t\t<li>\n\t\t\t\t<div><img decoding=\"async\" src=\"\/wp-content\/themes\/monolith2021\/img\/clients\/logo_makeshop.png\"><\/div>\n\t\t\t\t<h4><a href=\"https:\/\/www.makeshop.jp\/\" target=\"_blank\" rel=\"noopener noreferrer\">Securio<\/a><\/h4>\n\t\t\t\t<p>Vi har v\u00e6ret revisor for LRM Corporation, som udgiver Securio, som forbedrer opfattelsen af informationssikkerhed i hele virksomheden.<\/p>\n\t\t\t<\/li>\n\t\t\t<li>\n\t\t\t\t<div><img decoding=\"async\" src=\"\/wp-content\/themes\/monolith2021\/img\/clients\/logo_tribeau.png\"><\/div>\n\t\t\t\t<h4><a href=\"https:\/\/corp.tribeau.jp\/\" target=\"_blank\" rel=\"noopener noreferrer\">TRIBEAU<\/a><\/h4>\n\t\t\t\t<p>Vi er ansvarlige for et projekt for TRIBEAU Corporation, som udgiver &#8220;TRIBEAU&#8221;, en applikation for sk\u00f8nhedspleje anmeldelser og reservationer, som ogs\u00e5 er tilg\u00e6ngelig som en webtjeneste.<\/p>\n\t\t\t<\/li>\n\t\t<\/ul>\n\t\t<p class=\"txt-s\">Udover disse kunder, har vi ansvaret for mange andre produkter. Kun de virksomheder, som har givet os tilladelse til at offentligg\u00f8re deres klientstatus eller forretningerne registreret os som deres ledere, er listet her. Som en generel regel er kunders information fortrolig under fortrolighedsaftalen.<\/p>\n\t<\/div>\n<\/section>\n\n<section class=\"purple2-section\">\n\t<div class=\"anchor\" id=\"monolith-law-magazine\"><\/div>\n\t<div class=\"section-inner\">\n\t\t    <section class=\"white-section temp-article\">\n        <div class=\"section-inner\">\n            <h4>MONOLITH LAW MAGAZINE<\/h4>\n            <div class=\"articles type_practice_column\">\n                                                                    <div class=\"article article-area\">\n                        <figure>\n                            <div class=\"img-wrap\">\n                                <img alt=\"\u3010Seneste udgave\u3011Hvad er persondataforordningen? Grundl\u00e6ggende viden, du b\u00f8r kende, forklaret p\u00e5 en letforst\u00e5elig m\u00e5de\" src=\"https:\/\/monolith.law\/da\/wp-content\/uploads\/sites\/13\/2025\/08\/7754792bacecaafed2fca2c081c09987-1024x683-1.webp\" width=\"500\" height=\"250\">\n                            <\/div>\n                            <figcaption>\n                                <div class=\"figcaption-inner\">\n                                    <h3>\u3010Seneste udgave\u3011Hvad er persondataforordningen? Grundl\u00e6ggende viden, du b\u00f8r kend.<\/h3>\n                                <\/div>\n                            <\/figcaption>\n                            <a href=\"https:\/\/monolith.law\/da\/general-corporate\/personal-information-protection-act\"><\/a>\n                        <\/figure>\n                    <\/div>\n                                                    <div class=\"article article-area\">\n                        <figure>\n                            <div class=\"img-wrap\">\n                                <img alt=\"Kan det blive en forbrydelse at afsl\u00f8re en andens adresse? Forklaring af metoder til at identificere afsenderen\" src=\"https:\/\/monolith.law\/da\/wp-content\/uploads\/sites\/13\/2024\/11\/29746988_m-1-1024x682-1.webp\" width=\"500\" height=\"250\">\n                            <\/div>\n                            <figcaption>\n                                <div class=\"figcaption-inner\">\n                                    <h3>Kan det blive en forbrydelse at afsl\u00f8re en andens adresse? Forklaring af metoder.<\/h3>\n                                <\/div>\n                            <\/figcaption>\n                            <a href=\"https:\/\/monolith.law\/da\/general-corporate\/address-sin\"><\/a>\n                        <\/figure>\n                    <\/div>\n                                                    <div class=\"article article-area\">\n                        <figure>\n                            <div class=\"img-wrap\">\n                                <img alt=\"Ustoppelig l\u00e6kage af personlige oplysninger, 1,5 gange flere tilf\u00e6lde i Reiwa 5 (2023) sammenlignet med det foreg\u00e5ende \u00e5r. En forklaring p\u00e5 de seneste tendenser\" src=\"https:\/\/monolith.law\/da\/wp-content\/uploads\/sites\/13\/2024\/07\/Shutterstock_2397440129.webp\" width=\"500\" height=\"250\">\n                            <\/div>\n                            <figcaption>\n                                <div class=\"figcaption-inner\">\n                                    <h3>Ustoppelig l\u00e6kage af personlige oplysninger, 1,5 gange flere tilf\u00e6lde i Reiwa 5 .<\/h3>\n                                <\/div>\n                            <\/figcaption>\n                            <a href=\"https:\/\/monolith.law\/da\/general-corporate\/ppc-annual-report-2023\"><\/a>\n                        <\/figure>\n                    <\/div>\n                                            <\/div>\n            <div class=\"btn-more\"><a href=\"https:\/\/monolith.law\/da\/tag\/personal-information-protection\">Read More<\/a><\/div>\n        <\/div>\n    <\/section>\n\t<\/div>\n<\/section>\n<section class=\"orange2-section\">\n\t<div id=\"fee-structure\"><\/div>\n\t<div class=\"section-inner\">\n\t<div class=\"planWrap\">\n\t<h3>Gebyrstruktur<\/h3>\n\t<ul class=\"plan\">\n\t\t<li class=\"txt-left\">\n\t\t\t<div class=\"plan-inner\">\n\t\t\t<div class=\"plan-header\">\n\t\t\t<h4 class=\"plan-title\">Timepris<\/h4>\n\t\t\t<div class=\"plan-price\"><span class=\"price-figure\">$300<\/span>per time<span class=\"price-value\"><\/span><\/div>\n\t\t\t<\/div>\n\t\t\t<div class=\"plan-body\">I visse tilf\u00e6lde kan vi overveje at acceptere en tvist eller retssag med et opstartsgebyr og et resultatbaseret honorar. For yderligere oplysninger, er I velkommen til at kontakte os.<\/div>\n\t\t\t<\/div>\n\t\t<\/li>\n\t\t<li class=\"txt-left\">\n\t\t\t<div class=\"plan-inner\">\n\t\t\t<div class=\"plan-header\">\n\t\t\t<h4 class=\"plan-title\">Udarbejdelse af Kontrakter<\/h4>\n\t\t\t<div class=\"plan-price\"><span class=\"price-value\">fra<\/span><span class=\"price-figure\">$500<\/span><span class=\"price-value\">til $2,000 eller mere<\/span><\/div>\n\t\t\t<\/div>\n\t\t\t<div class=\"plan-body\">Prisstrukturen kan variere afh\u00e6ngigt af kontraktens type og omfang. Vi tilbyder gerne et forel\u00f8bigt overslag ved foresp\u00f8rgsel, og vi opfordrer dig derfor til at kontakte os for yderligere oplysninger.<\/div>\n\t\t\t<\/div>\n\t\t<\/li>\n\t\t<li class=\"txt-left\">\n\t\t\t<div class=\"plan-inner\">\n\t\t\t<div class=\"plan-header\">\n\t\t\t<h4 class=\"plan-title\">Andre Tjenester<\/h4>\n\t\t\t<div class=\"plan-price\"><span class=\"price-figure\">Kontakt Os<span><\/div>\n\t\t\t<\/div>\n\t\t\t<div class=\"plan-body\">Vi tilbyder et bredt udvalg af tjenester inkluderet virksomhedsdannelse, kontraktgennemgang, juridiske vurderinger, sagsanmeldelse eller forskningsbrev. Hvis du har sp\u00f8rgsm\u00e5l eller bekymringer, inviterer vi dig hjerteligt til at kontakte os, og vores kyndige team vil med gl\u00e6de assistere dig.<\/div>\n\t\t\t<\/div>\n\t\t<\/li>\n\t<\/ul>\n\t<\/div>\n\t<\/div>\n<\/section>\n\n<section class=\"white-section\">\n\t<div class=\"section-inner\">\n\t<div class=\"btn-area\">\n\t<div class=\"btn icon-contact\"><a href=\"\/da\/contact\">Kontakt Os<\/a><\/div>\n\t<\/div>\n\t<\/div>\n<\/section>\n","protected":false},"excerpt":{"rendered":"<p>Beskyttelse af Personlige Oplysninger Forretningssituationer, der involverer IT og internettet, omfatter ofte h\u00e5ndtering af forskellige typer af personlige oplysninger, herunder databaser med personli [&hellip;]<\/p>\n","protected":false},"author":1,"featured_media":57143,"parent":0,"menu_order":0,"comment_status":"closed","ping_status":"closed","template":"non-other-page-temp.php","meta":{"footnotes":""},"acf":[],"_links":{"self":[{"href":"https:\/\/monolith.law\/da\/wp-json\/wp\/v2\/pages\/55885"}],"collection":[{"href":"https:\/\/monolith.law\/da\/wp-json\/wp\/v2\/pages"}],"about":[{"href":"https:\/\/monolith.law\/da\/wp-json\/wp\/v2\/types\/page"}],"author":[{"embeddable":true,"href":"https:\/\/monolith.law\/da\/wp-json\/wp\/v2\/users\/1"}],"replies":[{"embeddable":true,"href":"https:\/\/monolith.law\/da\/wp-json\/wp\/v2\/comments?post=55885"}],"version-history":[{"count":36,"href":"https:\/\/monolith.law\/da\/wp-json\/wp\/v2\/pages\/55885\/revisions"}],"predecessor-version":[{"id":59115,"href":"https:\/\/monolith.law\/da\/wp-json\/wp\/v2\/pages\/55885\/revisions\/59115"}],"wp:featuredmedia":[{"embeddable":true,"href":"https:\/\/monolith.law\/da\/wp-json\/wp\/v2\/media\/57143"}],"wp:attachment":[{"href":"https:\/\/monolith.law\/da\/wp-json\/wp\/v2\/media?parent=55885"}],"curies":[{"name":"wp","href":"https:\/\/api.w.org\/{rel}","templated":true}]}}