{"id":56075,"date":"2023-06-16T00:50:40","date_gmt":"2023-06-15T15:50:40","guid":{"rendered":"https:\/\/monolith.law\/en\/?page_id=56075"},"modified":"2023-11-27T14:18:44","modified_gmt":"2023-11-27T05:18:44","slug":"it","status":"publish","type":"page","link":"https:\/\/monolith.law\/da\/it","title":{"rendered":"IT"},"content":{"rendered":"\n<section class=\"heading-area\">\n\t<div class=\"heading-area-inner\">\n\t\t<h2 class=\"icon-it\">IT<\/h2>\n\t\t<p>I et samfund, hvor teknologi forts\u00e6tter med at udvikle sig hurtigt, er en dyb forst\u00e5else af en virksomheds IT og IP afg\u00f8rende for virksomhedsadvokater i Japan. Vores firmas styrke ligger i vores team af specialister p\u00e5 dette omr\u00e5de.<\/p>\n\t<\/div>\n<\/section>\n\n<section class=\"white-section\">\n\t<div class=\"section-inner pdt0  border-bottom-section\">\n\t\t<p>For advokater hos IT-virksomheder er det vigtigt at forst\u00e5 teknologien og operationerne relateret til IT og intellektuel ejendom i den daglige drift af virksomheden. Uden kendskab og forst\u00e5else af IT er det umuligt n\u00f8je at gennemg\u00e5 kontrakter og andre dokumenter relateret til de h\u00e5ndterede produkter, som er af yderste vigtighed for virksomhederne, liges\u00e5 vel som det er umuligt at overveje, hvordan man skal reagere p\u00e5 og forebygge problemer, hvis de skulle opst\u00e5. MONOLITH LAW OFFICE h\u00e5ndterer ikke kun sager, der involverer startups og b\u00f8rsnoterede virksomheder specialiseret i IT, men ogs\u00e5 IT- og internetrelaterede sager for ikke-IT-virksomheder som advokat med ansvar for IT og IP.<\/p>\n\t<\/div>\n<\/section>\n\n\n<section class=\"white-section\">\n\t<div class=\"section-inner\">\n\t\t<h3 class=\"ttl-white\">I dag er IT til stede i alle aspekter af virksomhedens aktiviteter<\/h3>\n\t\t<ul class=\"layout-column4\">\n\t\t\t<li>\n\t\t\t\t<h4>For restaurationsbranchen<\/h4>\n\t\t\t\t<div><img decoding=\"async\" src=\"\/wp-content\/themes\/monolith2021\/img\/practices-itlaw\/practices-itlaw_illust1.png\"><\/div>\n\t\t\t\t<p>Tiltr\u00e6kning af kunder gennem <span class=\"bold\">webmarketing<\/span> kr\u00e6ver outsourcing af IT-tjenester og IT-virksomheder.<\/p>\n\t\t\t<\/li>\n\t\t\t<li>\n\t\t\t\t<h4>For produktionsindustrien<\/h4>\n\t\t\t\t<div><img decoding=\"async\" src=\"\/wp-content\/themes\/monolith2021\/img\/practices-itlaw\/practices-itlaw_illust2.png\"><\/div>\n\t\t\t\t<p>Kontinuerlig udvikling af <span class=\"bold\">IT-baseret information<\/span> er essentiel for produktionsstyring.<\/p>\n\t\t\t<\/li>\n\t\t\t<li>\n\t\t\t\t<h4>For E-handelsvirksomheder<\/h4>\n\t\t\t\t<div><img decoding=\"async\" src=\"\/wp-content\/themes\/monolith2021\/img\/practices-itlaw\/practices-itlaw_illust3.png\"><\/div>\n\t\t\t\t<p>Ledelse af e-handelssider og <span class=\"bold\">webmediemarkedsf\u00f8ringsoperationer<\/span> er ogs\u00e5 en del af vores IT-relaterede forretning.<\/p>\n\t\t\t<\/li>\n\t\t\t<li>\n\t\t\t\t<h4>For underholdningsindustrien<\/h4>\n\t\t\t\t<div><img decoding=\"async\" src=\"\/wp-content\/themes\/monolith2021\/img\/practices-itlaw\/practices-itlaw_illust4.png\"><\/div>\n\t\t\t\t<p>Internettet er essentielt for <span class=\"bold\">medieh\u00e5ndtering og distribution af indhold<\/span>.<\/p>\n\t\t\t<\/li>\n\t\t<\/ul>\n\t<\/div>\n<\/section>\n\n<section class=\"white-section\">\n\t<div class=\"section-inner pdt0\">\n\t\t<p class=\"txt-l txt-center mgb-middle\">Vores firma udnytter erfaringen fra vores ledende advokat, som er en tidligere IT-ingeni\u00f8r<br>\nFordi vi er <span class=\"bold\">et advokatfirma med styrke inden for japansk IT\/IP-lovgivning<\/span><\/p>\n\t\t<div class=\"frame2 max-width860 txt-center-pc\">\n\t\t\t<p class=\"txt-l\"><span class=\"bold\">Vi kan h\u00e5ndtere alle juridiske sp\u00f8rgsm\u00e5l for IT- og startup-virksomheder.For virksomheder, der ikke besk\u00e6ftiger sig med IT til daglig, fungerer vi som\u201cIT\/IP juridiske r\u00e5dgivende advokater&#8221;.<\/p>\n\t\t<\/div>\n\t<\/div>\n<\/section>\n\n<section class=\"second-nav\">\n\t<div class=\"second-nav-inner\">\n\t\t<p>EMNER<\/p>\n\t\t<nav>\n\t\t\t<ul>\n\t\t\t\t<li><a href=\"#system-development\">Systemudvikling<\/a><\/li>\n\t\t\t\t<li><a href=\"#terms-of-use\">Brugsvilk\u00e5r<\/a><\/li>\n\t\t\t\t<li><a href=\"#crypto-assets-and-blockchain\">Kryptoaktiver og Blockchain<\/a><\/li>\n\t\t\t\t<li><a href=\"#ai-chatgpt-etc\">AI (ChatGPT, etc.)<\/a><\/li>\n\t\t\t\t<li><a href=\"#games\">Spil<\/a><\/li>\n\t\t\t\t<li><a href=\"#able-to-prepare-drafts-with-minimal-hearings\">Hurtig og effektiv tech\/juridisk analyse<\/a><\/li>\n\t\t\t\t<li><a href=\"#intellectual-property-rights\">Intellektuel Ejendom<\/a><\/li>\n\t\t\t\t<li><a href=\"#domain-name-disputes\">Dom\u00e6netvister<\/a><\/li>\n\t\t\t\t<li><a href=\"#e-commerce\">E-handel<\/a><\/li>\n\t\t\t\t<li><a href=\"#medical-law\">Medicinsk Lovgivning<\/a><\/li>\n\t\t\t\t<li><a href=\"#cybercrime\">Cyberkriminalitet<\/a><\/li>\n\t\t\t\t<li><a href=\"#monolith-law-magazine\">MONOLITH LAW MAGAZINE<\/a><\/li>\n\t\t\t\t<li><a href=\"#fee-structure\">Gebyrstruktur<\/a><\/li>\n\t\t\t<\/ul>\n\t\t<\/nav>\n\t<\/div>\n<\/section>\n\n\n<section class=\"white-section\">\n\t<div class=\"anchor\" id=\"system-development\"><\/div>\n\t<div class=\"section-inner\">\n\t\t<div class=\"flex\">\n\t\t\t<div class=\"width41\"><img decoding=\"async\" src=\"\/wp-content\/themes\/monolith2021\/img\/practices-itlaw\/practices-itlaw_pic1.jpg\" alt=\"System Development\"><\/div>\n\t\t\t<div class=\"width51\">\n\t\t\t\t<h3>Systemudvikling<\/h3>\n\t\t\t\t<p class=\"mgb-middle\">Vi er et advokatfirma ledet af en tidligere IT-ingeni\u00f8r, specialiseret i sp\u00f8rgsm\u00e5l om systemudvikling, fra udkast, revision og forhandling af kontrakter til l\u00f8sning af tvister. Vi udarbejder ogs\u00e5 kontrakter fra bunden baseret p\u00e5 eksisterende materialer, s\u00e5som tilbudsdokumenter, med et minimum af klientinterviews.<\/p>\n\t\t\t\t<div class=\"btn-area align-left\">\n\t\t\t\t\t<div class=\"btn icon-system-development\"><a href=\"\/da\/system-development\">Systemudvikling<\/a><\/div>\n\t\t\t\t<\/div>\n\t\t\t<\/div>\n\t\t<\/div>\n\t<\/div>\n<\/section>\n\n<section class=\"orange-section\">\n\t<div class=\"anchor\" id=\"terms-of-use\"><\/div>\n\t<div class=\"section-inner\">\n\t\t<div class=\"flex reverse\">\n\t\t\t<div class=\"width41\"><img decoding=\"async\" src=\"\/wp-content\/themes\/monolith2021\/img\/practices-itlaw\/practices-itlaw_pic2.jpg\" alt=\"Review of Terms of Use for Apps\"><\/div>\n\t\t\t<div class=\"width51\">\n\t\t\t\t<h3>Brugsvilk\u00e5r<\/h3>\n\t\t\t\t<p class=\"mgb-middle\">MONOLITH LAW OFFICE h\u00e5ndterer oprettelsen og gennemgangen af brugsvilk\u00e5r og privatlivspolitikker for forskellige apps, tjenester, spil i Japan. Derudover kan vi l\u00e6se din kravspecifikation for den relevante app-udvikling, Adobe XD frameworks, LP&#8217;er, salgsmaterialer til potentielle kunder og andre eksisterende dokumenter og data.<\/p>\n\t\t\t\t<div class=\"btn-area align-left\">\n\t\t\t\t\t<div class=\"btn icon-terms-of-use\"><a href=\"\/da\/terms-of-use\">Brugsvilk\u00e5r<\/a><\/div>\n\t\t\t\t<\/div>\n\t\t\t<\/div>\n\t\t<\/div>\n\t<\/div>\n<\/section>\n\n<section class=\"white-section\">\n\t<div class=\"anchor\" id=\"crypto-assets-and-blockchain\"><\/div>\n\t<div class=\"section-inner\">\n\t\t<div class=\"flex\">\n\t\t\t<div class=\"width41\"><img decoding=\"async\" src=\"\/wp-content\/uploads\/2022\/07\/shutterstock_1151380622_2.png\" alt=\"Crypto Assets and Blockchain\"><\/div>\n\t\t\t<div class=\"width51\">\n\t\t\t\t<h3>Kryptoaktiver og Blockchain<\/h3>\n\t\t\t\t<p class=\"mgb-middle\">Blockchain er decentrale databaser, der har ekstremt lav risiko for tab af optegnelser, g\u00f8r det sv\u00e6rere at forfalske tidligere optegnelser og er muliggjort af IT-teknikker s\u00e5som konsensusalgoritmer, kryptografi og P2P-netv\u00e6rk. MONOLITH ADVOKATKONTOR har v\u00e6ret involveret i juridisk arbejde inden for kryptoaktiver og blockchain lige siden kort tid efter dets begyndelse i 2017.<\/p>\n\t\t\t\t<div class=\"btn-area align-left\">\n\t\t\t\t\t<div class=\"btn icon-crypto-asset-and-blockchain\"><a href=\"\/da\/crypto-asset-and-blockchain\">Kryptoaktiver<br>og Blockchain<\/a><\/div>\n\t\t\t\t<\/div>\n\t\t\t<\/div>\n\t\t<\/div>\n\t<\/div>\n<\/section>\n\n<section class=\"purple-section\">\n\t<div class=\"anchor\" id=\"ai-chatgpt-etc\"><\/div>\n\t<div class=\"section-inner\">\n\t\t<div class=\"flex reverse\">\n\t\t\t<div class=\"width41\"><img decoding=\"async\" src=\"\/wp-content\/themes\/monolith2021\/img\/practices-itlaw\/practices-itlaw_pic5.jpg\" alt=\"AI (ChatGPT, etc.)\"><\/div>\n\t\t\t<div class=\"width51\">\n\t\t\t\t<h3>AI (ChatGPT osv.)<\/h3>\n\t\t\t\t<p class=\"mgb-small\">Vi tilbyder juridiske tjek, kontraktbehandling og st\u00f8tte til regeringsmeddelelser for billede- og naturligsprog AI-tjenester og sp\u00f8rgsm\u00e5l relateret til ophavsretslovgivning, personoplysningsbeskyttelseslovgivning osv., p\u00e5 anmodning af IT-startups og forretningsvirksomheder.<\/p>\n\t\t\t\t<p class=\"mgb-middle\">I visse tilf\u00e6lde unders\u00f8ger vi tekniske dokumenter og kildekoder for at forst\u00e5 bibliotekets n\u00f8jagtige funktion, f\u00f8r vi vurderer tjenestens lovlighed og det n\u00f8dvendige system for dens lovlige drift i Japan.<\/p>\n\t\t\t\t<div class=\"btn-area align-left\">\n\t\t\t\t\t<div class=\"btn icon-ai\"><a href=\"\/da\/ai\">AI (ChatGPT osv.)<\/a><\/div>\n\t\t\t\t<\/div>\n\t\t\t<\/div>\n\t\t<\/div>\n\t<\/div>\n<\/section>\n\n<section class=\"white-section mgt-section \">\n\t<div class=\"anchor\" id=\"games\"><\/div>\n\t<div class=\"section-inner-black\">\n\t\t<h3>Spil<\/h3>\n\t\t<p class=\"mgb-middle\"> I Japan reguleres driften af sociale spil af flere love, herunder Ophavsretsloven, Loven mod Urimelige Pr\u00e6mier og Vildledende Repr\u00e6sentationer, Afregningsloven, Forbrugeraftaleloven, Loven om Specifikke Handelstransaktioner og Telekommunikationsvirksomhedsloven som de vigtigste.<br>For at undg\u00e5 tvister og regeringsstraffe er det n\u00f8dvendigt at sikre juridisk overholdelse. <br>Vores firma fungerer ogs\u00e5 som juridisk r\u00e5dgiver for videospils- og e-sportsvirksomheder i Japan, hvilket kr\u00e6ver en forst\u00e5else af industrien for at sikre lovlig drift.<\/p>\n\t<\/div>\n<\/section>\n\n<section class=\"white-section\">\n\t<div class=\"anchor\" id=\"able-to-prepare-drafts-with-minimal-hearings\"><\/div>\n\t<div class=\"section-inner\">\n\t\t<div class=\"flex reverse\">\n\t\t\t<div class=\"width41\"><img decoding=\"async\" src=\"\/wp-content\/themes\/monolith2021\/img\/pic\/pic_draft.jpg\" alt=\"Drafting with minimal operating time\"><\/div>\n\t\t\t<div class=\"width51\">\n\t\t\t\t<h3>Hurtig og effektiv tech\/juridisk analyse<\/h3>\n\t\t\t\t<p class=\"mgb-middle\">Med vores ledende advokat, som er en tidligere IT-ingeni\u00f8r, og et team af IT-konsulenter, tilbyder vores firma teknisk analyse og juridisk gennemgang som one-stop-tjenester, s\u00e6rligt for avancerede teknologier som AI.<\/p>\n\t\t\t\t<p>Lovligheden af tjenester, der bruger avanceret teknologi, is\u00e6r AI, kan ikke fastsl\u00e5s uden en teknisk forst\u00e5else af, hvordan s\u00e5danne tjenester fungerer. Som en one-stop-service kan vi tilbyde b\u00e5de teknisk analyse og juridisk gennemgang.<\/p>\n\t\t\t<\/div>\n\t\t<\/div>\n\t<\/div>\n<\/section>\n\n<section class=\"white-section mgb-section80\">\n\t<div class=\"anchor\" id=\"intellectual-property-rights\"><\/div>\n\t<div class=\"section-inner-black\">\n\t\t<h3>Intellektuel Ejendom<\/h3>\n\t\t<p class=\"mgb-middle\">Vi h\u00e5ndterer IP-strategiplanl\u00e6gning, kontraktuelle relationer og retssager b\u00e5de inden for IT- og underholdningsomr\u00e5derne. I tilf\u00e6lde af tvister h\u00e5ndterer vi ogs\u00e5 h\u00f8jt specialiserede retssager, s\u00e5som retssager over ejerskabsrettigheder til patenter.<\/p>\n\t<\/div>\n<\/section>\n\n<section class=\"white-section mgt-section80\">\n\t<div class=\"anchor\" id=\"domain-name-disputes\"><\/div>\n\t<div class=\"section-inner-black\">\n\t\t<h3>Dom\u00e6netvister<\/h3>\n\t\t<p class=\"mgb-middle\">Vi har ekspertise i h\u00e5ndtering af dom\u00e6nenavne, intellektuelle ejendomsrettigheder og tvistbil\u00e6ggelse baseret p\u00e5 JP Domain Name Dispute Resolution Policy (DRP) og retsprocedurer ved hj\u00e6lp af Loven om Forebyggelse af Urimelig Konkurrence.<\/p>\n\t<\/div>\n<\/section>\n\n<section class=\"white-section\">\n\t<div class=\"anchor\" id=\"e-commerce\"><\/div>\n\t<div class=\"section-inner\">\n\t\t<div class=\"flex\">\n\t\t\t<div class=\"width41\"><img decoding=\"async\" src=\"\/wp-content\/themes\/monolith2021\/img\/practices-itlaw\/practices-itlaw_pic7.jpg\" alt=\"E-commerce\"><\/div>\n\t\t\t<div class=\"width51\">\n\t\t\t\t<h3>E-handel<\/h3>\n\t\t\t\t<p>Vi har erfaring med at l\u00f8se forskellige japanske e-handelstvister, herunder forebyggende retsmidler mod kr\u00e6nkelser af varem\u00e6rker og ophavsrettigheder p\u00e5 platforme som Rakuten, Amazon og Yahoo! Shopping.<\/p>\n\t\t\t<\/div>\n\t\t<\/div>\n\t<\/div>\n<\/section>\n\n<section class=\"white-section mgb-section80\">\n\t<div class=\"anchor\" id=\"medical-law\"><\/div>\n\t<div class=\"section-inner-black\">\n\t\t<h3>Medicinsk Lovgivning<\/h3>\n\t\t<p class=\"mgb-middle\">Krydsfeltet mellem love relateret til medicinsk behandling i Japan, s\u00e5som L\u00e6gemiddelloven, Loven om Medicinske Tjenester og L\u00e6geloven, med IT og internettet, er et komplekst og specialiseret omr\u00e5de. Vores firma har medicinsk-relaterede juridiske specialister og en stiftende advokat, der er en tidligere IT-ingeni\u00f8r, der er godt inde i branchen.<\/p>\n\t\t<h4 class=\"mgb-middle\">Vores Erfaring med Medicinske Retssager (Eksempler)<\/h4>\n\t\t<p class=\"mgb-middle\">Juridisk gennemgang if\u00f8lge L\u00e6gemiddel- og Medicinsk Udstyrsloven (PMD Act) og andre handlinger vedr\u00f8rende LP&#8217;er af supplementdistribut\u00f8rer, juridiske anmeldelser og udarbejdelse af retningslinjer under PMD Act og andre relevante love for sk\u00f8nhedsrelaterede medier samt revision af juridisk legitimitet for nye virksomheder inden for medicinske startups, udarbejdelse af kontrakter til f\u00e6lles forskning med universiteter for medicinske startups. Juridisk gennemgang og forberedelse af brugsvilk\u00e5r for tjenester til samarbejde om medicinsk information, udarbejdelse af beskrivelser af den Specifikke Handelskode mv. for virksomheder, der s\u00e6lger kosttilskud.<\/p>\n\t<\/div>\n<\/section>\n\n<section class=\"white-section\">\n\t<div class=\"anchor\" id=\"cybercrime\"><\/div>\n\t<div class=\"section-inner\">\n\t\t<div class=\"flex reverse\">\n\t\t\t<div class=\"width41\"><img decoding=\"async\" src=\"\/wp-content\/uploads\/2023\/05\/dispute_pic2.jpg\" alt=\"Cybercrime\"><\/div>\n\t\t\t<div class=\"width51\">\n\t\t\t\t<h3>Cyberkriminalitet<\/h3>\n\t\t\t\t<p class=\"mgb-middle\">For at fremme unders\u00f8gelse og anholdelse af den japanske politi i forbindelse med h\u00e6ndelser s\u00e5som uautoriseret adgang, der forekommer i Japan, er det effektivt at have assistance fra eksperter, der er velbevandrede i japansk strafferetsprocedure. Som en advokatfirma med ekspertise i IT, tilbyder vi juridisk st\u00f8tte til virksomheder, der har v\u00e6ret ofre for cyberkriminalitet s\u00e5som uautoriseret adgang og ulovlig dataeksfiltrering, herunder assistance med at indgive kriminelle klager og rapporter for at initiere kriminelle unders\u00f8gelser. Dette er en af vores s\u00e6rpr\u00e6g.<\/p>\n\t\t\t\t<div class=\"btn-area align-left\">\n\t\t\t\t\t<div class=\"btn icon-cybercrime\"><a href=\"\/da\/cybercrime\">Cyberkriminalitet<\/a><\/div>\n\t\t\t\t<\/div>\n\t\t\t<\/div>\n\t\t<\/div>\n\t<\/div>\n<\/section>\n\n<section class=\"white-section\">\n\t<div class=\"section-inner pdt0\">\n\t\t<div class=\"frame2 max-width860 txt-center-pc\">\n\t\t\t<p class=\"bold txt-l\">Vi kan ogs\u00e5 fungere som en &#8220;anden advokat&#8221; for din virksomheds hovedvirksomhed, ved at udnytte vores styrker i en separat kapacitet fra din virksomheds hovedjuridiske r\u00e5dgiver.<\/p>\n\t\t<\/div>\n\t<\/div>\n<\/section>\n\n<section class=\"purple2-section\">\n\t<div class=\"anchor\" id=\"monolith-law-magazine\"><\/div>\n\t<div class=\"section-inner\">\n\t\t    <section class=\"white-section temp-article\">\n        <div class=\"section-inner\">\n            <h4>MONOLITH LAW MAGAZINE<\/h4>\n            <div class=\"articles type_practice_column\">\n                                                                    <div class=\"article article-area\">\n                        <figure>\n                            <div class=\"img-wrap\">\n                                <img alt=\"Er Googles h\u00e5ndtering af anmeldelser ulovlig? En forklaring p\u00e5 forholdet til lovgivningen om salgsfremmende praksis og de tilh\u00f8rende sanktioner\" src=\"https:\/\/monolith.law\/da\/wp-content\/uploads\/sites\/13\/2025\/08\/18d044df35c4f42bb7e1507848a5e228.webp\" width=\"500\" height=\"250\">\n                            <\/div>\n                            <figcaption>\n                                <div class=\"figcaption-inner\">\n                                    <h3>Er Googles h\u00e5ndtering af anmeldelser ulovlig? En forklaring p\u00e5 forholdet til lov.<\/h3>\n                                <\/div>\n                            <\/figcaption>\n                            <a href=\"https:\/\/monolith.law\/da\/it\/google-review-agency\"><\/a>\n                        <\/figure>\n                    <\/div>\n                                                    <div class=\"article article-area\">\n                        <figure>\n                            <div class=\"img-wrap\">\n                                <img alt=\"Kan generering af \"stemmer\" med AI udg\u00f8re en kr\u00e6nkelse af ophavsretten? (#2 Genererings- og anvendelsesfasen)\" src=\"https:\/\/monolith.law\/da\/wp-content\/uploads\/sites\/13\/2025\/08\/071c6dfda5192d917cf2d4cf6da39d6d.webp\" width=\"500\" height=\"250\">\n                            <\/div>\n                            <figcaption>\n                                <div class=\"figcaption-inner\">\n                                    <h3>Kan generering af \"stemmer\" med AI udg\u00f8re en kr\u00e6nkelse af ophavsretten? (#2 Gene.<\/h3>\n                                <\/div>\n                            <\/figcaption>\n                            <a href=\"https:\/\/monolith.law\/da\/it\/ai-voice-copyright-2\"><\/a>\n                        <\/figure>\n                    <\/div>\n                                                    <div class=\"article article-area\">\n                        <figure>\n                            <div class=\"img-wrap\">\n                                <img alt=\"Kan generering af \"stemmer\" med AI udg\u00f8re en kr\u00e6nkelse af ophavsretten? (#1 Udviklings- og l\u00e6ringsfase)\" src=\"https:\/\/monolith.law\/da\/wp-content\/uploads\/sites\/13\/2025\/08\/22ccefe1081d8f49a98e6c34fbf64b06.webp\" width=\"500\" height=\"250\">\n                            <\/div>\n                            <figcaption>\n                                <div class=\"figcaption-inner\">\n                                    <h3>Kan generering af \"stemmer\" med AI udg\u00f8re en kr\u00e6nkelse af ophavsretten? (#1 Udvi.<\/h3>\n                                <\/div>\n                            <\/figcaption>\n                            <a href=\"https:\/\/monolith.law\/da\/it\/ai-voice-copyright-1\"><\/a>\n                        <\/figure>\n                    <\/div>\n                                            <\/div>\n            <div class=\"btn-more\"><a href=\"https:\/\/monolith.law\/da\/tag\/it\">Read More<\/a><\/div>\n        <\/div>\n    <\/section>\n\t<\/div>\n<\/section>\n\n<section class=\"orange2-section\">\n\t<div class=\"anchor\" id=\"fee-structure\"><\/div>\n\t<div class=\"section-inner\">\n\t\t<div class=\"planWrap\">\n\t\t\t<h3>Gebyrstruktur<\/h3>\n\t\t\t<ul class=\"plan\">\n\t\t\t\t<li class=\"txt-left\">\n\t\t\t\t\t<div class=\"plan-inner\">\n\t\t\t\t\t<div class=\"plan-header\">\n\t\t\t\t\t\t<h4 class=\"plan-title\">Timepris<\/h4>\n\t\t\t\t\t\t<div class=\"plan-price\">\n\t\t\t\t\t\t\t<div class=\"plan-price\"><span class=\"price-figure\">$300<\/span>per time<span class=\"price-value\"><\/span><\/div>\n<\/div>\n\t\t\t\t\t<\/div>\n\t\t\t\t\t<div class=\"plan-body\">\n\t\t\t\t\t\t<p>I visse tilf\u00e6lde kan vi overveje at acceptere en tvist eller retssag med et opstartshonorar og et succesgebyr. For yderligere detaljer, er du velkommen til at kontakte os.<\/p>\n\t\t\t\t\t\t<p><\/p>\n\t\t\t\t\t\t<p class=\"txt-s\"><\/p>\n\t\t\t\t\t<\/div>\n\t\t\t\t\t<\/div>\n\t\t\t\t<\/li>\n\t\t\t\t<li class=\"txt-left\">\n\t\t\t\t\t<div class=\"plan-inner\">\n\t\t\t\t\t<div class=\"plan-header\">\n\t\t\t\t\t\t<h4 class=\"plan-title\">Udarbejdelse af Kontrakter<\/h4>\n\t\t\t\t\t\t<div class=\"plan-price\">\n\t\t\t\t\t\t<div class=\"plan-price\"><span class=\"price-value\">fra<\/span><span class=\"price-figure\">$500<\/span><span class=\"price-value\">til $2,000 eller mere<\/span><\/div>\n<\/div>\n\t\t\t\t\t<\/div>\n\t\t\t\t\t<div class=\"plan-body\">\n\t\t\t\t\t\t<p>Prisstrukturen kan variere baseret p\u00e5 typen og m\u00e6ngden af kontrakter. Vi er glade for at kunne tilbyde et forel\u00f8bigt estimat ved foresp\u00f8rgsel, og opfordrer dig derfor til at kontakte os for yderligere detaljer.\n<\/p>\n\t\t\t\t\t\t<p class=\"txt-s\"><\/p>\n\t\t\t\t\t<\/div>\n\t\t\t\t\t<\/div>\n\t\t\t\t<\/li>\n\t\t\t\t<li class=\"txt-left\">\n\t\t\t\t\t<div class=\"plan-inner\">\n\t\t\t\t\t<div class=\"plan-header\">\n\t\t\t\t\t<h4 class=\"plan-title\">Andre Tjenester<\/h4>\n\t\t\t\t\t<div class=\"plan-price\">\n\t\t\t\t\t\t<div class=\"plan-price\"><span class=\"price-figure\">Kontakt Os<\/span><\/div>\n\t\t\t\t\t<\/div>\n\t\t\t\t\t<div class=\"plan-body\">\n\t\t\t\t\t\t<p>Vi tilbyder en bred vifte af tjenester inklusiv firmaoprettelse, kontraktgennemgang, juridisk udtalelse, sagsgennemgang eller forskningsbrev. Skulle du have nogen sp\u00f8rgsm\u00e5l eller bekymringer, inviterer vi dig hjerteligt til at kontakte os, og vores kyndige team vil v\u00e6re glade for at assistere dig.<\/p>\n\t\t\t\t\t\t<p>\n<\/p>\n\t\t\t\t\t\t<p class=\"txt-s\"><\/p>\n\t\t\t\t\t<\/div>\n\t\t\t\t\t<\/div>\n\t\t\t\t<\/li>\n\t\t\t<\/ul>\n\t\t<\/div>\n\t<\/div>\n<\/section>\n<section class=\"white-section\">\n\t<div class=\"section-inner\">\n\t\t<div class=\"btn-area\">\n\t\t\t<div class=\"btn icon-contact\"><a href=\"\/da\/contact\">Kontakt Os<\/a><\/div>\n\t\t<\/div>\n\t<\/div>\n<\/section>\n","protected":false},"excerpt":{"rendered":"<p>IT I et samfund, hvor teknologi forts\u00e6tter med at udvikle sig hurtigt, er en dyb forst\u00e5else af en virksomheds IT og IP afg\u00f8rende for virksomhedsadvokater i Japan. Vores firmas styrke ligger i vores te [&hellip;]<\/p>\n","protected":false},"author":26,"featured_media":57140,"parent":0,"menu_order":0,"comment_status":"closed","ping_status":"closed","template":"non-other-page-temp.php","meta":{"footnotes":""},"acf":[],"_links":{"self":[{"href":"https:\/\/monolith.law\/da\/wp-json\/wp\/v2\/pages\/56075"}],"collection":[{"href":"https:\/\/monolith.law\/da\/wp-json\/wp\/v2\/pages"}],"about":[{"href":"https:\/\/monolith.law\/da\/wp-json\/wp\/v2\/types\/page"}],"author":[{"embeddable":true,"href":"https:\/\/monolith.law\/da\/wp-json\/wp\/v2\/users\/26"}],"replies":[{"embeddable":true,"href":"https:\/\/monolith.law\/da\/wp-json\/wp\/v2\/comments?post=56075"}],"version-history":[{"count":34,"href":"https:\/\/monolith.law\/da\/wp-json\/wp\/v2\/pages\/56075\/revisions"}],"predecessor-version":[{"id":59044,"href":"https:\/\/monolith.law\/da\/wp-json\/wp\/v2\/pages\/56075\/revisions\/59044"}],"wp:featuredmedia":[{"embeddable":true,"href":"https:\/\/monolith.law\/da\/wp-json\/wp\/v2\/media\/57140"}],"wp:attachment":[{"href":"https:\/\/monolith.law\/da\/wp-json\/wp\/v2\/media?parent=56075"}],"curies":[{"name":"wp","href":"https:\/\/api.w.org\/{rel}","templated":true}]}}