{"id":56080,"date":"2023-06-16T00:51:59","date_gmt":"2023-06-15T15:51:59","guid":{"rendered":"https:\/\/monolith.law\/en\/?page_id=56080"},"modified":"2024-08-05T18:20:34","modified_gmt":"2024-08-05T09:20:34","slug":"internet","status":"publish","type":"page","link":"https:\/\/monolith.law\/da\/internet","title":{"rendered":"Internet"},"content":{"rendered":"\n<section class=\"heading-area\">\n\t<div class=\"heading-area-inner\">\n\t\t<h2 class=\"icon-internet\">Internet<\/h2>\n\t\t<p>Som et advokatfirma med st\u00e6rk IT-ekspertise har vi et bevist spor af at levere omfattende juridisk support til iv\u00e6rks\u00e6ttere i internetbranchen, herunder YouTubers. Vi specialiserer os ogs\u00e5 i at h\u00e5ndtere tvister relateret til online platforme og har med succes hjulpet klienter med at fjerne negative websider og l\u00f8se online konflikter.<\/p>\n\t<\/div>\n<\/section>\n\n<section class=\"white-section\">\n\t<div class=\"section-inner pdt0  border-bottom-section\">\n\t\t<p class=\"mgb-small\">MONOLITH LAW OFFICE, med sin omfattende erfaring inden for IT-relaterede juridiske sager, er s\u00e6rligt kyndige i at underst\u00f8tte internetbaserede virksomheder, inklusive YouTubers og virksomheder, der besk\u00e6ftiger sig med YouTube-relaterede aktiviteter.<\/p>\n\t\t<p>Vi forst\u00e5r de iboende risici forbundet med internettet, s\u00e5som negative websider og online opslagstavleindl\u00e6g. Vores firma har succesfuldt h\u00e5ndteret mange sager, der involverer online omd\u00f8mmestyring for en mangfoldig r\u00e6kke af klienter, fra enkeltpersoner til store virksomheder. Negative websider udg\u00f8r en unik juridisk udfordring i Japan, og vores kvalificerede advokater er udstyret til at levere effektive l\u00f8sninger. Vi ser frem til at konsultere med dig, hvor vi bruger vores ekspertise og erfaring i at l\u00f8se problemer relateret til negative websider.<\/p>\n\t<\/div>\n<\/section>\n\n<section class=\"second-nav\">\n\t<div class=\"second-nav-inner\">\n\t\t<p>EMNER<\/p>\n\t\t<nav>\n\t\t\t<ul>\n\t\t\t\t<li><a href=\"#legal-support-for-youtuber\">Juridisk Support til YouTuber<\/a><\/li>\n\t\t\t\t<li><a href=\"#legal-support-for-vtuber\">Juridisk Support til VTuber<\/a><\/li>\n\t\t\t\t<li><a href=\"#manda-of-sns-accounts\">M&amp;A af SNS-konti<\/a><\/li>\n\t\t\t\t<li><a href=\"#mitigating-reputational-damage\">At afb\u00f8de Omd\u00f8mmeskade<\/a><\/li>\n\t\t\t\t<li><a href=\"#id-of-the-defamatory-statement\">Identifikation af Injurierende Udtalelse<\/a><\/li>\n\t\t\t\t<li><a href=\"#corporate-reputation-management\">Virksomheds Omd\u00f8mmestyring<\/a><\/li>\n\t\t\t\t<li><a href=\"#removal-of-past-unwanted-info\">Fjernelse af Tidligere U\u00f8nsket Information<\/a><\/li>\n\t\t\t\t<li><a href=\"#monolith-law-magazine\">MONOLITH LAW MAGAZINE<\/a><\/li>\n\t\t\t\t<li><a href=\"#fee-structure\">Gebyrstruktur<\/a><\/li>\n\t\t\t<\/ul>\n\t\t<\/nav>\n\t<\/div>\n<\/section>\n\n<section class=\"purple-section mgt-section\">\n\t<div class=\"anchor\" id=\"legal-support-for-youtuber\"><\/div>\n\t<div class=\"section-inner\">\n\t\t<div class=\"flex\">\n\t\t\t<div class=\"width41\"><img decoding=\"async\" src=\"\/wp-content\/themes\/monolith2021\/img\/pic\/pic_practices-youtuberlaw.jpg\" alt=\"Legal Support for YouTuber\"><\/div>\n\t\t\t<div class=\"width51\">\n\t\t\t\t<h3>Juridisk Support til YouTuber<\/h3>\n\t\t\t\t<p class=\"mgb-small\">YouTube-kanaler drevet af YouTuber-bureauer, virksomheder, der opererer Virtuelle YouTubers (VTubers), og forretningsvirksomheder har alle brug for juridiske r\u00e5dgivere med specialiseret knowhow og erfaring i Japan.<\/p>\n\t\t\t\t<p class=\"mgb-middle\">Vores klienter inkluderer store japanske YouTuber Management-selskaber, fremtr\u00e6dende individuelle YouTubers og forskellige VTuber-forretningsledelsesselskaber i hele Japan. Vi tilbyder ogs\u00e5 h\u00f8jt specialiseret support i udarbejdelse og gennemgang af YouTuber- og VTuber-relaterede kontrakter og adressering af juridiske sp\u00f8rgsm\u00e5l relateret til videoproduktion i Japan.<\/p>\n\t\t\t\t<div class=\"btn-area align-left\">\n\t\t\t\t\t<div class=\"btn icon-legal-support-for-youtuber\"><a href=\"\/da\/legal-support-for-youtuber\/\">Juridisk Support<br>til YouTuber<\/a><\/div>\n\t\t\t\t<\/div>\n\t\t\t<\/div>\n\t\t<\/div>\n\t<\/div>\n<\/section>\n\n<section class=\"white-section\">\n\t<div class=\"anchor\" id=\"legal-support-for-vtuber\"><\/div>\n\t<div class=\"section-inner\">\n\t\t<div class=\"flex reverse\">\n\t\t\t<div class=\"width41\"><img decoding=\"async\" src=\"\/wp-content\/themes\/monolith2021\/img\/vtuberlaw\/pic_practices-vtuberlaw.jpg\" alt=\"Legal Support for VTuber\"><\/div>\n\t\t\t<div class=\"width51\">\n\t\t\t\t<h3>Juridisk Support til VTuber<\/h3>\n\t\t\t\t<p class=\"mgb-small\">Populariteten af VTubers, YouTubers, der bruger 2D- eller 3D-avatarer til at skabe videoer og livestreams, er blevet veletableret. Det startede i Japan og har nu spredt sig til lande over hele verden.<\/p>\n\t\t\t\t<p class=\"mgb-middle\">Siden 2017 har vi h\u00e5ndteret VTuber-juridiske sager i Japan, og vi har akkumuleret en rigdom af erfaring og en solid erfaringsspor. Vi er fuldt forpligtede til at levere omfattende support til VTubers og deres tilknyttede virksomheder og agenturer over hele verden.<\/p>\n\t\t\t\t<div class=\"btn-area align-left\">\n\t\t\t\t\t<div class=\"btn icon-legal-support-for-vtuber\"><a href=\"\/da\/legal-support-for-vtuber\/\">Juridisk Support<br>til VTuber<\/a><\/div>\n\t\t\t\t<\/div>\n\t\t\t<\/div>\n\t\t<\/div>\n\t<\/div>\n<\/section>\n\n<section class=\"white-section\">\n\t<div class=\"anchor\" id=\"manda-of-sns-accounts\"><\/div>\n\t<div class=\"section-inner\">\n\t\t<div class=\"flex\">\n\t\t\t<div class=\"width41\"><img decoding=\"async\" src=\"\/wp-content\/themes\/monolith2021\/img\/pic\/pic_sns_manda.jpg\" alt=\"M&amp;A of SNS accounts\"><\/div>\n\t\t\t<div class=\"width51\">\n\t\t\t\t<h3>M&amp;A af SNS-konti<\/h3>\n\t\t\t\t<p class=\"mgb-small\">Ligesom med hjemmesider er YouTube-kanaler og Twitter-konti ogs\u00e5 genstand for M&amp;A. Eftersom disse M&amp;A&#8217;er er specielle tilf\u00e6lde, kr\u00e6ves et advokatfirma med specialiseret viden og knowhow. Monolith Law Office er et advokatfirma specialiseret i IT, internet og forretning. Vores advokater h\u00e5ndterer alt fra kontraktudarbejdelse til due diligence (DD) for mange M&amp;A&#8217;er, fra sm\u00e5 projekter, der involverer YouTube-kanaler, til projekter, der overstiger 100 millioner yen. jeg er i virksomhed.<\/p>\n\t\t\t\t<div class=\"btn-area align-left\">\n\t\t\t\t\t<div class=\"btn icon-m-and-a-of-sns-accounts\"><a href=\"\/da\/m-and-a-of-sns-accounts\/\">M&amp;A af SNS-konti<\/a><\/div>\n\t\t\t\t<\/div>\n\n\t\t\t<\/div>\n\t\t<\/div>\n\t<\/div>\n<\/section>\n\n<section class=\"purple-section\">\n\t<div class=\"anchor\" id=\"mitigating-reputational-damage\"><\/div>\n\t<div class=\"section-inner\">\n\t\t<div class=\"flex reverse\">\n\t\t\t<div class=\"width41\"><img decoding=\"async\" src=\"\/wp-content\/themes\/monolith2021\/img\/pic\/pic_practices-reputation.jpg\" alt=\"Mitigating Reputational Damage\"><\/div>\n\t\t\t<div class=\"width51\">\n\t\t\t\t<h3>At afb\u00f8de Omd\u00f8mmeskade<\/h3>\n\t\t\t\t<p class=\"mgb-small\">Negative websider, der lancerer angreb p\u00e5 virksomheder eller individer, kan have skadelige virkninger p\u00e5 deres omd\u00f8mme. Dog stiller japansk lov bestemmelser til r\u00e5dighed for fjernelse af s\u00e5danne websider, hvis de udg\u00f8r injurier eller kr\u00e6nkelse af privatlivets fred. Hos MONOLITH LAW OFFICE er vi specialiserede i juridiske anliggender relateret til internettet og har med succes h\u00e5ndteret adskillige sager, der involverer fjernelse af skadelig information fra internettet.<\/p>\n\t\t\t\t<p class=\"mgb-middle\">Med vores st\u00e6rke internet erfaring og dybe forst\u00e5else for japanske juridiske principper har vores dedikerede team bist\u00e5et et bredt spektrum af klienter, inklusive store virksomheder og enkeltpersoner, i effektivt at bek\u00e6mpe negative websider. Gennem strategiske juridiske indgreb arbejder vi ih\u00e6rdigt for at beskytte vores klienters omd\u00f8mme og mindske skaden for\u00e5rsaget af injurierende eller privatlivskr\u00e6nkende indhold.<\/p>\n\t\t\t\t<div class=\"btn-area align-left\">\n\t\t\t\t\t<div class=\"btn icon-mitigating-reputational-damage\"><a href=\"\/da\/mitigating-reputational-damage\/\">Afb\u00f8dning af<br>Omd\u00f8mmeskade<\/a><\/div>\n\t\t\t\t<\/div>\n\t\t\t<\/div>\n\t\t<\/div>\n\t<\/div>\n<\/section>\n\n<section class=\"white-section\">\n\t<div class=\"anchor\" id=\"id-of-the-defamatory-statement\"><\/div>\n\t<div class=\"section-inner\">\n\t\t<div class=\"flex\">\n\t\t\t<div class=\"width41\"><img decoding=\"async\" src=\"\/wp-content\/themes\/monolith2021\/img\/pic\/pic_reputation.jpg\" alt=\"ID of the Defamatory Statement Source\"><\/div>\n\t\t\t<div class=\"width51\">\n\t\t\t\t<h3>Identifikation af Injurierende Udtalelse<\/h3>\n\t\t\t\t<p class=\"mgb-small\">Efter japansk lov kan identifikation af personer ansvarlige for ulovlige opslag, s\u00e5som dem der udg\u00f8r injurier, forf\u00f8lges gennem bestemmelserne i Loven om Begr\u00e6nsning af Udbyders Ansvar. Denne juridiske procedure udf\u00f8res i en japansk retssal.<\/p>\n\t\t\t\t<p class=\"mgb-middle\">I sager, der involverer h\u00f8jst ondsindede opslag, som ikke kan ignoreres, s\u00e5som falske beskyldninger der forbinder en virksomhedsejer med antisociale kr\u00e6fter, er det afg\u00f8rende at identificere gerningsm\u00e6ndene og s\u00f8ge passende juridiske sanktioner. Ydermere, n\u00e5r ulovlige opslag forekommer gentagne gange, b\u00f8r der g\u00f8res en indsats for at identificere og forhindre gentagelse.<\/p>\n\t\t\t\t<div class=\"btn-area align-left\">\n\t\t\t\t\t<div class=\"btn icon-id-of-the-defamatory-statement\"><a href=\"\/da\/id-of-the-defamatory-statement\/\">Identifikation af Injurierende<br>Udtalelse<\/a><\/div>\n\t\t\t\t<\/div>\n\t\t\t<\/div>\n\t\t<\/div>\n\t<\/div>\n<\/section>\n\n<section class=\"orange-section\">\n\t<div class=\"anchor\" id=\"corporate-reputation-management\"><\/div>\n\t<div class=\"section-inner\">\n\t\t<div class=\"flex reverse\">\n\t\t\t<div class=\"width41\"><img decoding=\"async\" src=\"\/en\/wp-content\/uploads\/sites\/6\/2023\/06\/pic_practices-listedcompany.jpg\" alt=\"Corporate Reputational Management\"><\/div>\n\t\t\t<div class=\"width51\">\n\t\t\t\t<h3>Virksomheds Omd\u00f8mmestyring<\/h3>\n\t\t\t\t<p class=\"mgb-small\">N\u00e5r en stor virksomhed st\u00e5r overfor omd\u00f8mmeskade p\u00e5 grund af utallige negative websider p\u00e5 internettet, bliver det komplekst at adressere problemet. Det er en betydelig udfordring at prioritere, hvilke sider der skal fjernes, og at vurdere omkostningseffektiviteten af fjernelsesbestr\u00e6belserne. Som et advokatfirma udstyret med b\u00e5de juridisk ekspertise og IT-konsultation tilbyder vi omfattende l\u00f8sninger tilpasset disse komplekse problemstillinger.<\/p>\n\t\t\t\t<p>Vores hold af advokater og IT-konsulenter leverer ekspertise i prioritering, udformning af centrale pr\u00e6stationsindikatorer (KPI&#8217;er) og estimering af omkostningsfordel-forhold i forhold til budgetallokering. Vi n\u00e6rmer os situationen p\u00e5 samme m\u00e5de som konsulentfirmaer, ved at tilbyde strategisk vejledning og analyse for at navigere processen effektivt.<\/p>\n\t\t\t<\/div>\n\t\t<\/div>\n\t<\/div>\n<\/section>\n\n<section class=\"white-section\">\n\t<div class=\"anchor\" id=\"removal-of-past-unwanted-info\"><\/div>\n\t<div class=\"section-inner\">\n\t\t<div class=\"flex\">\n\t\t\t<div class=\"width41\"><img decoding=\"async\" src=\"\/en\/wp-content\/uploads\/sites\/6\/2023\/06\/pastunwantedcontent.jpg\" alt=\"Removal of Past Unwanted Content\"><\/div>\n\t\t\t<div class=\"width51\">\n\t\t\t\t<h3>Fjernelse af Tidligere U\u00f8nsket Information<\/h3>\n\t\t\t\t<p class=\"mgb-small\">MONOLITH LAW OFFICE specialiserer sig i at l\u00f8se udfordringen med at h\u00e5ndtere ens online tilstedev\u00e6relse, is\u00e6r for individer involveret i underholdningsindustrien. Vi forst\u00e5r, at information, b\u00e5de officiel og uofficiel, kan have langvarig indflydelse p\u00e5 personlige og professionelle liv. Vores firma tilbyder omfattende l\u00f8sninger til at h\u00e5ndtere disse bekymringer, ved brug af en unik kombination af juridisk ekspertise og informationsteknologi. Uanset om det handler om fjernelse af u\u00f8nsket indhold, h\u00e5ndtering af digitale fodspor, eller navigation i &#8216;retten til at blive glemt&#8217; problematikker, tilbyder vi en komplet l\u00f8sning for at beskytte dit online omd\u00f8mme.<\/p>\n\t\t\t\t<p>Stol p\u00e5 MONOLITH LAW OFFICE til at beskytte dit privatliv og sikre en problemfri overgang til dine fremtidige bestr\u00e6belser.<\/p>\n\t\t\t<\/div>\n\t\t<\/div>\n\t<\/div>\n<\/section>\n\n<section class=\"purple2-section\">\n\t<div class=\"anchor\" id=\"monolith-law-magazine\"><\/div>\n\t<div class=\"section-inner\">\n\t\t    <section class=\"white-section temp-article\">\n        <div class=\"section-inner\">\n            <h4>MONOLITH LAW MAGAZINE<\/h4>\n            <div class=\"articles type_practice_column\">\n                                                                    <div class=\"article article-area\">\n                        <figure>\n                            <div class=\"img-wrap\">\n                                <img alt=\"L\u00e6r om patentkr\u00e6nkelse og territorialitetsprincippets betydning fra retssagen mellem Dwango og FC2\" src=\"https:\/\/monolith.law\/da\/wp-content\/uploads\/sites\/13\/2025\/08\/3d197fbdd689457ec22de396ff65b2df.webp\" width=\"500\" height=\"250\">\n                            <\/div>\n                            <figcaption>\n                                <div class=\"figcaption-inner\">\n                                    <h3>L\u00e6r om patentkr\u00e6nkelse og territorialitetsprincippets betydning fra retssagen me.<\/h3>\n                                <\/div>\n                            <\/figcaption>\n                            <a href=\"https:\/\/monolith.law\/da\/internet\/patent-infringement-territoriality\"><\/a>\n                        <\/figure>\n                    <\/div>\n                                                    <div class=\"article article-area\">\n                        <figure>\n                            <div class=\"img-wrap\">\n                                <img alt=\"Hvor langt er lighed i varem\u00e6rker tilladt? Kriterier for lighed og forklaring af tilf\u00e6lde af varem\u00e6rkekr\u00e6nkelse\" src=\"https:\/\/monolith.law\/da\/wp-content\/uploads\/sites\/13\/2025\/08\/eac576e0765af2cac6d210d899b2d93d.webp\" width=\"500\" height=\"250\">\n                            <\/div>\n                            <figcaption>\n                                <div class=\"figcaption-inner\">\n                                    <h3>Hvor langt er lighed i varem\u00e6rker tilladt? Kriterier for lighed og forklaring af.<\/h3>\n                                <\/div>\n                            <\/figcaption>\n                            <a href=\"https:\/\/monolith.law\/da\/internet\/trademark-infringement\"><\/a>\n                        <\/figure>\n                    <\/div>\n                                                    <div class=\"article article-area\">\n                        <figure>\n                            <div class=\"img-wrap\">\n                                <img alt=\"Hvad er det juridiske ansvar for spredning og udbredelse af falske nyheder? En forklaring p\u00e5 to typer af strafferetligt ansvar ud fra arrestationseksempler\" src=\"https:\/\/monolith.law\/da\/wp-content\/uploads\/sites\/13\/2025\/08\/7d8b9299c2a15a801c04913ba0d80d99.webp\" width=\"500\" height=\"250\">\n                            <\/div>\n                            <figcaption>\n                                <div class=\"figcaption-inner\">\n                                    <h3>Hvad er det juridiske ansvar for spredning og udbredelse af falske nyheder? En f.<\/h3>\n                                <\/div>\n                            <\/figcaption>\n                            <a href=\"https:\/\/monolith.law\/da\/internet\/false-information-criminal-liability\"><\/a>\n                        <\/figure>\n                    <\/div>\n                                            <\/div>\n            <div class=\"btn-more\"><a href=\"https:\/\/monolith.law\/da\/tag\/internet\">Read More<\/a><\/div>\n        <\/div>\n    <\/section>\n\t<\/div>\n<\/section>\n\n<section class=\"orange2-section\">\n\t<div class=\"anchor\" id=\"fee-structure\"><\/div>\n\t<div class=\"section-inner\">\n\t<div class=\"planWrap\">\n\t<h3>Gebyrstruktur<\/h3>\n\t<ul class=\"plan\">\n\t\t<li class=\"txt-left\">\n\t\t\t<div class=\"plan-inner\">\n\t\t\t<div class=\"plan-header\">\n\t\t\t<h4 class=\"plan-title\">Timepris<\/h4>\n\t\t\t<div class=\"plan-price\"><span class=\"price-figure\">$300<\/span>per time<span class=\"price-tax\"> <\/span><\/div>\n\t\t\t<\/div>\n\t\t\t<div class=\"plan-body\">I visse tilf\u00e6lde kan vi overveje at acceptere en tvist eller retssag med et opstartsgebyr og et resultatafh\u00e6ngigt honorar. For yderligere detaljer er du velkommen til at kontakte os.<\/div>\n\t\t\t<\/div>\n\t\t<\/li>\n\t\t<li class=\"txt-left\">\n\t\t\t<div class=\"plan-inner\">\n\t\t\t<div class=\"plan-header\">\n\t\t\t<h4 class=\"plan-title\">Udarbejdelse af Kontrakter<\/h4>\n\t\t\t<div class=\"plan-price\"><span class=\"price-value\">fra<\/span><span class=\"price-figure\">$500<\/span><span class=\"price-value\">til $2,000 eller mere<\/span><span class=\"price-tax\"><\/span><\/div>\n\t\t\t<\/div>\n\t\t\t<div class=\"plan-body\">Prisstrukturen kan variere baseret p\u00e5 kontraktens type og m\u00e6ngde. Vi er glade for at kunne tilbyde et forel\u00f8bigt overslag ved foresp\u00f8rgsel, hvilket opfordrer dig til at kontakte os for yderligere detaljer.<\/div>\n\t\t\t<\/div>\n\t\t<\/li>\n\t\t<li class=\"txt-left\">\n\t\t\t<div class=\"plan-inner\">\n\t\t\t<div class=\"plan-header\">\n\t\t\t<h4 class=\"plan-title\">Andre Ydelser<\/h4>\n\t\t\t<div class=\"plan-price\"><span class=\"price-figure\">Kontakt Os<\/span><\/div>\n\t\t\t<\/div>\n\t\t\t<div class=\"plan-body\">Vi tilbyder en bred vifte af tjenester, herunder selskabsdannelse, kontraktgennemgang, juridisk vurdering, sagsgennemgang eller forskningsbrev. Skulle du have nogen foresp\u00f8rgsler eller bekymringer, inviterer vi dig hjerteligt til at kontakte os, og vores kyndige team vil v\u00e6re glade for at assistere dig.<\/div>\n\t\t\t<\/div>\n\t\t\t<\/div>\n\t\t<\/li>\n\t<\/ul>\n\t<\/div>\n\t<\/div>\n<\/section>\n\n<section class=\"white-section\">\n\t<div class=\"section-inner\">\n\t\t<div class=\"btn-area\">\n\t\t\t<div class=\"btn icon-contact\"><a href=\"\/da\/contact\">Kontakt Os<\/a><\/div>\n\t\t<\/div>\n\t<\/div>\n<\/section>\n","protected":false},"excerpt":{"rendered":"<p>Internet Som et advokatfirma med st\u00e6rk IT-ekspertise har vi et bevist spor af at levere omfattende juridisk support til iv\u00e6rks\u00e6ttere i internetbranchen, herunder YouTubers. Vi specialiserer os ogs\u00e5 i  [&hellip;]<\/p>\n","protected":false},"author":1,"featured_media":57159,"parent":0,"menu_order":0,"comment_status":"closed","ping_status":"closed","template":"other-page-temp.php","meta":{"footnotes":""},"acf":[],"_links":{"self":[{"href":"https:\/\/monolith.law\/da\/wp-json\/wp\/v2\/pages\/56080"}],"collection":[{"href":"https:\/\/monolith.law\/da\/wp-json\/wp\/v2\/pages"}],"about":[{"href":"https:\/\/monolith.law\/da\/wp-json\/wp\/v2\/types\/page"}],"author":[{"embeddable":true,"href":"https:\/\/monolith.law\/da\/wp-json\/wp\/v2\/users\/1"}],"replies":[{"embeddable":true,"href":"https:\/\/monolith.law\/da\/wp-json\/wp\/v2\/comments?post=56080"}],"version-history":[{"count":28,"href":"https:\/\/monolith.law\/da\/wp-json\/wp\/v2\/pages\/56080\/revisions"}],"predecessor-version":[{"id":69765,"href":"https:\/\/monolith.law\/da\/wp-json\/wp\/v2\/pages\/56080\/revisions\/69765"}],"wp:featuredmedia":[{"embeddable":true,"href":"https:\/\/monolith.law\/da\/wp-json\/wp\/v2\/media\/57159"}],"wp:attachment":[{"href":"https:\/\/monolith.law\/da\/wp-json\/wp\/v2\/media?parent=56080"}],"curies":[{"name":"wp","href":"https:\/\/api.w.org\/{rel}","templated":true}]}}