{"id":25864,"date":"2021-01-09T01:19:39","date_gmt":"2021-01-08T16:19:39","guid":{"rendered":"https:\/\/monolith.law\/?page_id=25864"},"modified":"2024-02-28T14:26:27","modified_gmt":"2024-02-28T05:26:27","slug":"access","status":"publish","type":"page","link":"https:\/\/monolith.law\/de\/access","title":{"rendered":"Zugang"},"content":{"rendered":"\n<section class=\"heading-area\">\n\t<div class=\"heading-area-inner\">\n\t\t<h2 class=\"icon-access\">Zugang<\/h2>\n\t<\/div>\n<\/section>\n<section class=\"second-nav\">\n\t<div class=\"second-nav-inner\">\n\t\t<p>THEMEN<\/p>\n\t\t<nav>\n\t\t\t<ul>\n\t\t\t\t<li><a href=\"#law-firm-with-strength-in-it-internet-and-business\">Rechtsanwaltskanzlei mit St\u00e4rken in IT, Internet und Gesch\u00e4ft<\/a><\/li>\n\t\t\t\t<li><a href=\"#access-map\">Zugangsplan<\/a><\/li>\n\t\t\t\t<li><a href=\"#expansion-and-relocation-to-otemachi-financial-city\">Erweiterung und Umzug in die Otemachi Financial City<\/a><\/li>\n\t\t\t<\/ul>\n\t\t<\/nav>\n\t<\/div>\n<\/section>\n<section class=\"white-section\">\n\t<div class=\"anchor\" id=\"law-firm-with-strength-in-it-internet-and-business\"><\/div>\n\t<div class=\"section-inner\">\n\t\t<div class=\"flex\">\n\t\t\t<div class=\"width41\"><img decoding=\"async\" src=\"\/wp-content\/themes\/monolith2021\/img\/access\/access_pic1.jpg\" alt=\"Rechtsanwaltskanzlei mit St\u00e4rken in IT, Internet und Gesch\u00e4ft\"><\/div>\n\t\t\t<div class=\"width51\">\n\t\t\t\t<h3>Rechtsanwaltskanzlei mit St\u00e4rken in IT, Internet und Gesch\u00e4ftswelt.<\/h3>\n\t\t\t\t<p class=\"mgb-small\">MONOLITH LAW OFFICE ist eine in Otemachi, Chiyoda-ku, Tokio, Japan ans\u00e4ssige Kanzlei. Sie ist direkt mit der Otemachi-Station verbunden und nur sieben Gehminuten vom Tokioter Hauptbahnhof entfernt.<\/p>\n\t\t\t\t<p class=\"mgb-small\">Wir haben als Rechtsberater f\u00fcr 1087 Unternehmen gedient, die von an der TSE Prime gelisteten Unternehmen bis hin zu Start-ups in der Seed-Phase reichen. Unsere Arbeit im Bereich IT\/Internet umfasst die Verhinderung von Reputationssch\u00e4den, Anti-Verleumdung und Streitigkeiten im Zusammenhang mit der Systementwicklung. Wir bieten auch Rechtsdienstleistungen f\u00fcr Start-up-Unternehmen an, einschlie\u00dflich Investitionen von 100 Millionen Yen oder mehr durch an der TSE gelistete Unternehmen und M&#038;A durch Venture-Unternehmen. Bislang haben wir 1855 Mandanten rechtlich beraten.<\/p>\n\t\t\t\t<p class=\"mgb-middle\">\u201eVerst\u00e4ndnis f\u00fcr IT und Gesch\u00e4ftswelt\u201c ist das, was uns auszeichnet.<\/p>\n\t\t\t\t<div class=\"btn-area\">\n\t\t\t\t\t<div class=\"btn icon-services\"><a href=\"\/de\/services\">Dienstleistungen<\/a><\/div>\n\t\t\t\t\t<div class=\"btn icon-overview-of-our-firm\"><a href=\"\/de\/overview-of-our-firm\">\u00dcberblick \u00fcber<br>unsere Kanzlei<\/a><\/div>\n\t\t\t\t<\/div>\n\t\t\t<\/div>\n\t\t<\/div>\n\t<\/div>\n<\/section>\n<section class=\"purple-section\">\n\t<div class=\"anchor\" id=\"access-map\"><\/div>\n\t<div class=\"section-inner\">\n\t\t<div class=\"flex reverse\">\n\t\t\t<div class=\"width41\"><img decoding=\"async\" src=\"\/wp-content\/themes\/monolith2021\/img\/about\/about_pic2.jpg\" alt=\"MONOLITH LAW OFFICE\"><\/div>\n\t\t\t<div class=\"width51\">\n\t\t\t\t<h3>MONOLITH LAW OFFICE (B\u00fcro Otemachi)<\/h3>\n\t\t\t\t<p><a href=\"https:\/\/goo.gl\/maps\/YfcgPhBgXFyg1hHF6\" target=\"_blank\" rel=\"noopener noreferrer\">21\/F Financial City North Tower 1-9-5 Otemachi, Chiyoda-ku Tokyo 100-0004, Japan<\/a><\/p>\n\t\t\t\t<p>Tokyo Metro Marunouchi-Linie, Tozai-Linie, Chiyoda-Linie, Hanzomon-Linie, Toei U-Bahn Mita-Linie<\/p>\n\t\t\t\t<p class=\"mgb-small\"><a href=\"https:\/\/www.tokyometro.jp\/station\/otemachi\/yardmap\/index.html\" target=\"_blank\" rel=\"noopener noreferrer\">Direkter Zugang vom Ausgang A1 der Station Otemachi<\/a><\/p>\n\t\t\t\t<p>Shinkansen: Tohoku-Shinkansen, Joetsu-Shinkansen, Hokuriku-Shinkansen, Hokkaido-Shinkansen, Yamagata-Shinkansen, Akita-Shinkansen, JR Tokaido-Linie, Keihin-Tohoku-Linie, Yamanote-Linie, Chuo-Linie, Yokosuka-Linie, Keiyo-Linie, Tokyo Metro Marunouchi-Linie<\/p>\n\t\t\t\t<p class=\"mgb-small\"><a href=\"https:\/\/www.tokyometro.jp\/station\/tokyo\/index.html\" target=\"_blank\" rel=\"noopener noreferrer\">7 Minuten zu Fu\u00df vom Marunouchi Nordausgang des Tokioter Bahnhofs<\/a><\/p>\n\t\t\t\t<p>Otemachi Financial City Parkplatz<\/p>\n\t\t\t\t<p class=\"mgb-middle\"><a href=\"https:\/\/www.otemachi-financialcity.jp\/access\/\">1-9-5, 1-9-7, Otemachi, Chiyoda-ku, Tokyo<\/a><\/p>\n\t\t\t\t<div class=\"btn-area align-left\">\n\t\t\t\t\t<div class=\"btn icon-contact\"><a href=\"\/de\/contact\">Kontaktieren Sie uns<\/a><\/div>\n\t\t\t\t<\/div>\n\t\t\t<\/div>\n\t\t<\/div>\n\t<\/div>\n<\/section>\t \n<section class=\"google-maps\"><iframe src=\"https:\/\/www.google.com\/maps\/embed?pb=!1m18!1m12!1m3!1d3240.541568341125!2d139.7659268!3d35.6882884!2m3!1f0!2f0!3f0!3m2!1i1024!2i768!4f13.1!3m3!1m2!1s0x60188cec724a6ae9%3A0x6efbadeb18528c88!2sMonolith%20Law%20Office!5e0!3m2!1sde!2sjp!4v1693561299771!5m2!1sde!2sjp\" width=\"600\" height=\"450\" style=\"border:0;\" allowfullscreen=\"\" loading=\"lazy\" referrerpolicy=\"no-referrer-when-downgrade\"><\/iframe><\/section>\n<section class=\"white-section\">\n\t<div class=\"anchor\" id=\"expansion-and-relocation-to-otemachi-financial-city\"><\/div>\n\t<div class=\"section-inner\">\n\t\t<div class=\"flex\">\n\t\t\t<div class=\"width41\"><img decoding=\"async\" src=\"\/wp-content\/uploads\/2022\/11\/financialcity.jpg\" alt=\"Erweiterung und Umzug in die Otemachi Financial City\"><\/div>\n\t\t\t<div class=\"width51\">\n\t\t\t\t<h3>Expansion und Umzug in die Otemachi Financial City<\/h3>\n\t\t\t\t<p class=\"mgb-small\">Nach der Er\u00f6ffnung in Yotsuya, Shinjuku-ku, Tokio im M\u00e4rz 2017 (Heisei 29), zog die MONOLITH LAW OFFICE dank Ihrer Unterst\u00fctzung im August 2018 in das Asahi Seimei Otemachi Geb\u00e4ude in Otemachi um und wurde im M\u00e4rz 2020 (Reiwa 2) als Anwaltskanzlei eingetragen. Im Dezember 2020 (Reiwa 2) er\u00f6ffneten wir eine Zweigstelle im 29. Stock desselben Geb\u00e4udes, in dem sich unser Otemachi-B\u00fcro befindet (Asahi Seimei Otemachi Geb\u00e4ude).<\/p>\n\t\t\t\t<p class=\"mgb-small\">Dann, im September 2022 (Reiwa 4), haben wir uns erweitert und sind in die Otemachi Financial City umgezogen.<\/p>\n\t\t\t\t<p class=\"mgb-small\">Wir freuen uns auf die weitere Zusammenarbeit mit Ihnen.<\/p>\n\t\t\t<\/div>\n\t\t<\/div>\n\t<\/div>\n<\/section>\n","protected":false},"excerpt":{"rendered":"<p>Zugang THEMEN Rechtsanwaltskanzlei mit St\u00e4rken in IT, Internet und Gesch\u00e4ft Zugangsplan Erweiterung und Umzug in die Otemachi Financial City Rechtsanwaltskanzlei mit St\u00e4rken in IT, Internet und Gesch\u00e4 [&hellip;]<\/p>\n","protected":false},"author":1,"featured_media":57041,"parent":0,"menu_order":10,"comment_status":"closed","ping_status":"closed","template":"other-page-temp.php","meta":{"footnotes":""},"acf":[],"_links":{"self":[{"href":"https:\/\/monolith.law\/de\/wp-json\/wp\/v2\/pages\/25864"}],"collection":[{"href":"https:\/\/monolith.law\/de\/wp-json\/wp\/v2\/pages"}],"about":[{"href":"https:\/\/monolith.law\/de\/wp-json\/wp\/v2\/types\/page"}],"author":[{"embeddable":true,"href":"https:\/\/monolith.law\/de\/wp-json\/wp\/v2\/users\/1"}],"replies":[{"embeddable":true,"href":"https:\/\/monolith.law\/de\/wp-json\/wp\/v2\/comments?post=25864"}],"version-history":[{"count":27,"href":"https:\/\/monolith.law\/de\/wp-json\/wp\/v2\/pages\/25864\/revisions"}],"predecessor-version":[{"id":61077,"href":"https:\/\/monolith.law\/de\/wp-json\/wp\/v2\/pages\/25864\/revisions\/61077"}],"wp:featuredmedia":[{"embeddable":true,"href":"https:\/\/monolith.law\/de\/wp-json\/wp\/v2\/media\/57041"}],"wp:attachment":[{"href":"https:\/\/monolith.law\/de\/wp-json\/wp\/v2\/media?parent=25864"}],"curies":[{"name":"wp","href":"https:\/\/api.w.org\/{rel}","templated":true}]}}