{"id":30628,"date":"2021-02-27T22:20:08","date_gmt":"2021-02-27T13:20:08","guid":{"rendered":"https:\/\/monolith.law\/?page_id=30628"},"modified":"2023-12-13T18:54:44","modified_gmt":"2023-12-13T09:54:44","slug":"contract-drafting-and-review","status":"publish","type":"page","link":"https:\/\/monolith.law\/de\/contract-drafting-and-review","title":{"rendered":"Vertragsentwurf und -pr\u00fcfung"},"content":{"rendered":"\n<section class=\"heading-area\">\n\t<div class=\"heading-area-inner\">\n\t\t<h2 class=\"icon-contract-drafting-and-review\">Vertragsentwurf und -pr\u00fcfung<\/h2>\n\t\t<p>Als Rechtsberater f\u00fcr IT- und Start-up-Unternehmen und gelegentlich als IT-Rechtsberater f\u00fcr Unternehmen entwerfen und pr\u00fcfen wir eine Vielzahl von hochspezialisierten IT-bezogenen Vertr\u00e4gen. Unser Ziel ist es, eine solide Position in einem sich schnell ver\u00e4ndernden Gesch\u00e4ftsumfeld in Japan zu gew\u00e4hrleisten.<\/p>\n\t<\/div>\n<\/section>\n<section class=\"white-section mgb-section\">\n\t<div class=\"section-inner pdt0 border-bottom-section\">\n\t\t<p>MONOLITH LAW OFFICE fungiert als Rechtsberater f\u00fcr japanische IT- und Start-up-Unternehmen in Verbindung mit verschiedenen Vertragstypen, einschlie\u00dflich Outsourcing-Vertr\u00e4gen im Zusammenhang mit ihren ausgelagerten Operationen, Nutzungs- und Agenturvertr\u00e4gen im Zusammenhang mit ihren Produkten, Investitionsvertr\u00e4gen und Aktion\u00e4rsvereinbarungen als kapitalbezogene Vertr\u00e4ge sowie Arbeitsvertr\u00e4gen als unternehmensbezogene Vertr\u00e4ge. Wir agieren auch als IT-Anw\u00e4lte f\u00fcr japanische Gesch\u00e4ftsunternehmen.<br>Dar\u00fcber hinaus entwerfen und pr\u00fcfen wir als IT-Anw\u00e4lte f\u00fcr Betriebsunternehmen Vertr\u00e4ge im Zusammenhang mit neuen IT-bezogenen Gesch\u00e4ften, Vertr\u00e4ge im Zusammenhang mit der Auslagerung an IT-Unternehmen und andere Vertr\u00e4ge.<\/p>\n\t<\/div>\n<\/section>\n<section class=\"white-section\">\n\t<div class=\"section-inner pdt0\">\n\t\t<h3 class=\"ttl-enjp mgb-middle\"><span class=\"en\"><\/span><span class=\"ja\">Merkmale von MONOLITH LAW OFFICE <\/span><\/h3>\n\t\t<ol class=\"practices-list\">\n\t\t\t<li>\n\t\t\t\t<h4><img decoding=\"async\" src=\"\/wp-content\/themes\/monolith_en\/img\/practices\/practices_1_1.svg\" alt=\"1.Start-up Rechtsdienstleistungen\"><\/h4>\n\t\t\t\t<img decoding=\"async\" src=\"\/wp-content\/themes\/monolith2021\/img\/practices\/practices_1_1_pic.png\" alt=\"Start-up Rechtsdienstleistungen\">\n\t\t\t\t<p>Wir verf\u00fcgen \u00fcber umfangreiche Erfahrungen in Rechtsdienstleistungen im Zusammenhang mit Gesch\u00e4fts- und Kapitalangelegenheiten, einschlie\u00dflich Fundraising, Gesch\u00e4fts\u00fcbertragungen und Buyouts in Japan.<\/p>\n\t\t\t<\/li>\n\t\t\t<li>\n\t\t\t\t<h4><img decoding=\"async\" src=\"\/wp-content\/themes\/monolith_en\/img\/practices\/practices_1_2.svg\" alt=\"2.IT- und geistiges Eigentum Rechtsdienstleistungen\"><\/h4>\n\t\t\t\t<img decoding=\"async\" src=\"\/wp-content\/themes\/monolith2021\/img\/practices\/practices_1_2_pic.png\" alt=\"IT- und geistiges Eigentum Rechtsdienstleistungen\">\n\t\t\t\t<p>Unsere Anw\u00e4lte, einschlie\u00dflich unseres Gr\u00fcndungsanwalts, der ein ehemaliger Ingenieur ist, bem\u00fchen sich, Ihr Produkt tiefgehend zu verstehen, manchmal sogar durch das Lesen des Codes.<\/p>\n\t\t\t<\/li>\n\t\t\t<li>\n\t\t\t\t<h4><img decoding=\"async\" src=\"\/wp-content\/themes\/monolith_en\/img\/practices\/practices_1_3.svg\" alt=\"3.Geschwindigkeit\"><\/h4>\n\t\t\t\t<img decoding=\"async\" src=\"\/wp-content\/themes\/monolith2021\/img\/practices\/practices_1_3_pic.png\" alt=\"Geschwindigkeit\">\n\t\t\t\t<p>Wir verstehen die Wichtigkeit einer schnellen Reaktion auf Ihre Gesch\u00e4ftsbed\u00fcrfnisse und antworten in der Regel innerhalb eines Gesch\u00e4ftstages.<\/p>\n\t\t\t<\/li>\n\t\t\t<li>\n\t\t\t\t<h4><img decoding=\"async\" src=\"\/wp-content\/themes\/monolith_en\/img\/practices\/practices_1_4.svg\" alt=\"4.Rechtsdienstleistungen f\u00fcr kleine und mittelst\u00e4ndische Unternehmen\"><\/h4>\n\t\t\t\t<img decoding=\"async\" src=\"\/wp-content\/themes\/monolith2021\/img\/practices\/practices_1_4_pic.png\" alt=\"Rechtsdienstleistungen f\u00fcr kleine und mittelst\u00e4ndische Unternehmen\">\n\t\t\t\t<p>Unser Gr\u00fcndungsanwalt, der Erfahrung im Management von japanischen Unternehmen hat, versteht die Herausforderungen des Gesch\u00e4ftslebens.<\/p>\n\t\t\t<\/li>\n\t\t<\/ol>\n\t<\/div>\n<\/section>\n<section class=\"second-nav\">\n\t<div class=\"second-nav-inner\">\n\t\t<p>THEMEN<\/p>\n\t\t<nav>\n\t\t\t<ul>\n\t\t\t\t<li><a href=\"#our-experience-in-contract-drafting-etc\">Unsere Erfahrung im Vertragsentwurf usw.<\/a><\/li>\n\t\t\t\t<li><a href=\"#handling-more-than-3000-contracts-per-year-as-an-organization\">Bearbeitung von mehr als 3.000 Vertr\u00e4gen pro Jahr als Organisation<\/a><\/li>\n\t\t\t\t<li><a href=\"#IT\">IT<\/a><\/li>\n\t\t\t\t<li><a href=\"#extensive-experience-in-investment-contracts-etc\">Umfangreiche Erfahrung in Investitionsvertr\u00e4gen usw.<\/a><\/li>\n\t\t\t\t<li><a href=\"#examples-of-support-provided-by-our-firm\">Beispiele f\u00fcr die Unterst\u00fctzung durch unsere Kanzlei<\/a><\/li>\n\t\t\t\t<li><a href=\"#monolith-law-magazine\">MONOLITH LAW MAGAZINE<\/a><\/li>\n\t\t\t\t<li><a href=\"#fee-structure\">Geb\u00fchrenstruktur<\/a><\/li>\n\t\t\t<\/ul>\n\t\t<\/nav>\n\t<\/div>\n<\/section>\n<section class=\"white-section mgt-section mgb-section\">\n\t<div class=\"anchor\" id=\"our-experience-in-contract-drafting-etc\"><\/div>\n\t<div class=\"section-inner-black\">\n\t\t<h3>Unsere Erfahrung in der Vertragsgestaltung, <br class=\"spOnly\">etc.<\/h3>\n\t\t<p class=\"mgb-middle\">Die MONOLITH LAW OFFICE, als auf &#8220;IT, Internet und Gesch\u00e4ftswelt&#8221; spezialisierte Kanzlei, bietet verschiedene Dienstleistungen im Bereich der Erstellung und \u00dcberpr\u00fcfung von IT-bezogenen und gesch\u00e4ftsbezogenen Vertr\u00e4gen an. Zu unseren Dienstleistungen geh\u00f6ren unter anderem:<\/p>\n\t\t<p class=\"mgb-middle\">SEO-Outsourcing-Vertrag, SNS-Betriebs-Outsourcing-Vertrag, Fusionsvertrag, Aktien\u00fcbertragungsvertrag, Aktienzeichnungsvertrag, Gemeinschaftsforschungsvertrag, Joint-Venture-Vertrag, Dienstleistungsvertrag, Gesch\u00e4ftsallianzvertrag, Darlehensvertrag, Werbe-Outsourcing-Vertrag, Grundvertrag f\u00fcr Werbetransaktionen, Beratungsvertrag, Arbeitsvertrag, Consultingvertrag, Forderungsabtretungsvertrag, Sicherheitenabtretungsvertrag, Unternehmens\u00fcbertragungsvertrag, Markenabtretungsvertrag, Grundvertrag f\u00fcr Personalrekrutierung, Kapital- und Gesch\u00e4ftsallianzvertrag, Haftungsbeschr\u00e4nkungsvertrag, Talentbindungsvertrag, Abfindungsvertrag, Agenturvertrag, Urheberrechts\u00fcbertragungsvertrag, Investitionsvertrag, Grundkaufvertrag, Vertriebsvertrag, Geheimhaltungsvereinbarung, Franchisevertrag, Allgemeiner Abonnementvertrag, Managementvertrag, MEO-Vertrag, Lizenzvertrag, Arbeitnehmer\u00fcberlassungsvertrag, Vergleichsvereinbarung<\/p>\n\t<\/div>\n<\/section>\n<section class=\"purple-section\">\n\t<div class=\"anchor\" id=\"handling-more-than-3000-contracts-per-year-as-an-organization\"><\/div>\n\t<div class=\"section-inner\">\n\t\t<div class=\"flex\">\n\t\t\t<div class=\"width51\">\n\t\t\t\t<h3>Bearbeitung von mehr als 3.000 Vertr\u00e4gen pro Jahr<\/h3>\n\t\t\t\t<p class=\"mgb-small\">Die MONOLITH LAW OFFICE ist eine Organisation, die aus 30 Anw\u00e4lten besteht und von unserem Gr\u00fcndungsanwalt, einem ehemaligen IT-Ingenieur und Gesch\u00e4ftsf\u00fchrer, geleitet wird.<\/p>\n\t\t\t\t<p class=\"mgb-small\">Unsere Kanzlei entwirft und \u00fcberpr\u00fcft j\u00e4hrlich mehr als 3.000 Vertr\u00e4ge, was eine umfangreiche Erfahrung und Expertise in diesen Angelegenheiten demonstriert.<\/p>\n\t\t\t\t<p>*Die Diagramme basieren auf Sch\u00e4tzungen und es kann einen Fehler von bis zu 20% geben.<\/p>\n\t\t\t<\/div>\n\t\t\t<div class=\"width41\"><img decoding=\"async\" src=\"\/wp-content\/themes\/monolith_en\/img\/contractcreation\/contractcreation_pic1.png\" alt=\"Bearbeitung von mehr als 2.000 Vertr\u00e4gen pro Jahr als Organisation\"><\/div>\n\t\t<\/div>\n\t<\/div>\n<\/section>\n\n<section class=\"white-section\">\n\t<div id=\"IT\"><\/div>\n\t<div class=\"section-inner\">\n\t<div class=\"flex\">\n\t<div class=\"width41\"><img decoding=\"async\" src=\"\/wp-content\/themes\/monolith2021\/img\/pic\/pic_practices-itlaw.jpg\" alt=\"IT\" \/><\/div>\n\t<div class=\"width51\">\n\t\t<h3>IT<\/h3>\n\t\t<p class=\"mgb-middle\">Die MONOLITH LAW OFFICE ist auf IT-Recht spezialisiert und bietet umfassende rechtliche Unterst\u00fctzung f\u00fcr verschiedene IT-Unternehmen. Unsere Expertise umfasst die Erstellung von Vertr\u00e4gen im Zusammenhang mit modernsten Technologien sowie Investitions- und M&#038;A-Transaktionen mit Start-up-Unternehmen. Mit unserer umfangreichen Erfahrung in der Vertragsgestaltung, insbesondere im IT-Sektor, sind wir gut ger\u00fcstet, um den einzigartigen rechtlichen Bed\u00fcrfnissen von technologiegetriebenen Unternehmen gerecht zu werden.<\/p>\n\t\t<div class=\"btn-area align-left\">\n\t\t\t<div class=\"btn icon-it\"><a href=\"\/de\/it\">IT<\/a><\/div>\n\t\t<\/div>\n\t<\/div>\n\t<\/div>\n\t<\/div>\n<\/section>\n\n<section class=\"white-section\">\n\t<div class=\"anchor\" id=\"extensive-experience-in-investment-contracts-etc\"><\/div>\n\t<div class=\"section-inner-black\">\n\t\t<h3>Umfangreiche Erfahrung in Investitionsvereinbarungen und mehr<\/h3>\n\t\t<p class=\"mgb-middle\">Bei der Ausgabe von Aktien durch Drittzuteilungen k\u00fcmmert sich MONOLITH LAW OFFICE um alles, von der Vorbereitung von Term Sheets bis hin zur Ausarbeitung von Investitionsvereinbarungen und Aktion\u00e4rsvereinbarungen. Wir befassen uns auch mit der Gestaltung von Vorzugsaktien, die bevorzugte Aussch\u00fcttungen usw. festlegen, der Ausgabe von Aktienbezugsrechten, Gr\u00fcnder-zu-Gr\u00fcnder-Vereinbarungen, der \u00dcbertragung von Aktien und verschiedenen anderen Eigenkapital-bezogenen Strategien und Vertr\u00e4gen.<\/p>\n\t<\/div>\n<\/section>\n\n<section class=\"orange-section mgt-section\">\n\t<div class=\"anchor\" id=\"examples-of-support-provided-by-our-firm\"><\/div>\n\t<div class=\"section-inner\">\n\t\t<h3 class=\"mgb-middle\">Beispiele f\u00fcr die Unterst\u00fctzung durch MONOLITH LAW OFFICE<\/h3>\n\t\t<p class=\"mgb-middle\">MONOLITH LAW OFFICE hat als Rechtsberater f\u00fcr japanische IT- und Startup-Unternehmen in Bezug auf verschiedene Vertragstypen agiert, einschlie\u00dflich Outsourcing-Vertr\u00e4ge f\u00fcr ausgelagerte Operationen, Nutzungs- und Agenturvertr\u00e4ge f\u00fcr Unternehmensprodukte, Investitionsvertr\u00e4ge und Aktion\u00e4rsvereinbarungen f\u00fcr Eigenkapital-bezogene Vertr\u00e4ge und Arbeitsvertr\u00e4ge f\u00fcr unternehmensbezogene Vertr\u00e4ge. Wir agieren auch als IT-Rechtsanw\u00e4lte f\u00fcr Gesch\u00e4ftsunternehmen in Japan und entwerfen und \u00fcberpr\u00fcfen Vertr\u00e4ge f\u00fcr neue IT-bezogene Gesch\u00e4ftsfelder und Vertr\u00e4ge im Zusammenhang mit IT-Unternehmen.<\/p>\n\t\t<div class=\"white-base\">\n\t\t\t<ul>\n\t\t\t\t<li class=\"mgb-small\">\n\t\t\t\t\t<figure><img decoding=\"async\" alt=\"HAZAMA ANDO CORPORATION\" src=\"\/wp-content\/themes\/monolith2021\/img\/clients\/logo_andohazama.png\"><\/figure>\n\t\t\t\t\t<h4 class=\"mgt-small mgb-small\">HAZAMA ANDO CORPORATION<\/h4>\n\t\t\t\t\t<p>Unsere Kanzlei hat einen IT-bezogenen Vertrag f\u00fcr diesen Kunden, einen gro\u00dfen Generalunternehmer, der an der Tokyo Stock Exchange Prime notiert ist, entworfen.<\/p>\n\t\t\t\t<\/li>\n\t\t\t\t<li class=\"mgb-small\">\n\t\t\t\t\t<figure><img decoding=\"async\" alt=\"Gftd Japan\" src=\"\/wp-content\/themes\/monolith2021\/img\/clients\/logo_gftd.png\"><\/figure>\n\t\t\t\t\t<h4 class=\"mgt-small mgb-small\">Gftd Japan<\/h4>\n\t\t\t\t\t<p>Gftd Japan ist ein Blockchain-bezogenes Startup-Unternehmen, f\u00fcr das wir verschiedene Arten von Vertr\u00e4gen entworfen haben, von gesch\u00e4ftsbezogenen Vertr\u00e4gen bis hin zu arbeitsbezogenen Vertr\u00e4gen.<\/p>\n\t\t\t\t<\/li>\n\t\t\t\t<li class=\"mgb-small\">\n\t\t\t\t\t<figure><img decoding=\"async\" alt=\"TOKIUM Inc.\" src=\"\/wp-content\/uploads\/2022\/04\/logo_tokium.png\"><\/figure>\n\t\t\t\t\t<h4 class=\"mgt-small mgb-small\">TOKIUM Inc.<\/h4>\n\t\t\t\t\t<p>Tokium ist ein Fintech-bezogenes Startup-Unternehmen, f\u00fcr das wir Vertr\u00e4ge von Kapital- und Gesch\u00e4ftsallianzvereinbarungen bis hin zu gesch\u00e4ftsbezogenen Vereinbarungen entworfen haben.<\/p>\n\t\t\t\t<\/li>\n\t\t\t\t<li class=\"mgb-small\">\n\t\t\t\t\t<figure><img decoding=\"async\" alt=\"MI-6 Ltd.\" src=\"\/wp-content\/themes\/monolith2021\/img\/clients\/logo_mi-6.png\"><\/figure>\n\t\t\t\t\t<h4 class=\"mgt-small mgb-small\">MI-6 Ltd.<\/h4>\n\t\t\t\t\t<p>Unsere Kanzlei hat Investitionsvertr\u00e4ge, J-KISS-Typ Aktienoptionen und Vertr\u00e4ge im Zusammenhang mit gemeinsamer Forschung vorbereitet.<\/p>\n\t\t\t\t<\/li>\n\t\t\t<\/ul><p class=\"mgb-small\">\n\t\t<p class=\"txt-s\">*Wir betreuen viele weitere Kundenprojekte. Wir listen hier nur einige unserer Kunden auf, die uns die Erlaubnis zur Offenlegung ihres Status als Kunden gegeben haben (oder als Vorstandsmitglieder eingetragen sind). Grunds\u00e4tzlich wird die Vertraulichkeit der Klienten gem\u00e4\u00df der Verschwiegenheitspflicht gewahrt.<\/p>\n\t<\/div><\/div>\n<\/section>\n\n<section class=\"purple2-section\">\n\t<div class=\"anchor\" id=\"monolith-law-magazine\"><\/div>\n\t<div class=\"section-inner\">\n\t\t    <section class=\"white-section temp-article\">\n        <div class=\"section-inner\">\n            <h4>MONOLITH LAW MAGAZINE<\/h4>\n            <div class=\"articles type_practice_column\">\n                                                                    <div class=\"article article-area\">\n                        <figure>\n                            <div class=\"img-wrap\">\n                                <img alt=\"Erl\u00e4uterung der Strafen bei Verst\u00f6\u00dfen gegen das neue Freelancer-Gesetz anhand von drei Beispielen\" src=\"https:\/\/monolith.law\/de\/wp-content\/uploads\/sites\/14\/2025\/08\/6d129f9213bc4489ca4b5e0a5df7378f.webp\" width=\"500\" height=\"250\">\n                            <\/div>\n                            <figcaption>\n                                <div class=\"figcaption-inner\">\n                                    <h3>Erl\u00e4uterung der Strafen bei Verst\u00f6\u00dfen gegen das neue Freelancer-Gesetz anhand vo.<\/h3>\n                                <\/div>\n                            <\/figcaption>\n                            <a href=\"https:\/\/monolith.law\/de\/general-corporate\/freelance-law-penalties\"><\/a>\n                        <\/figure>\n                    <\/div>\n                                                    <div class=\"article article-area\">\n                        <figure>\n                            <div class=\"img-wrap\">\n                                <img alt=\"Was ist das neue Freelancer-Gesetz? Erkl\u00e4rung der Checkpunkte anhand einer Vertragsmusterprobe zur Anpassung an das neue Gesetz\" src=\"https:\/\/monolith.law\/de\/wp-content\/uploads\/sites\/14\/2025\/08\/873e76645ec995ae22ee695f1ecd9a55.webp\" width=\"500\" height=\"250\">\n                            <\/div>\n                            <figcaption>\n                                <div class=\"figcaption-inner\">\n                                    <h3>Was ist das neue Freelancer-Gesetz? Erkl\u00e4rung der Checkpunkte anhand einer Vertr.<\/h3>\n                                <\/div>\n                            <\/figcaption>\n                            <a href=\"https:\/\/monolith.law\/de\/general-corporate\/freelance-law-contract\"><\/a>\n                        <\/figure>\n                    <\/div>\n                                                    <div class=\"article article-area\">\n                        <figure>\n                            <div class=\"img-wrap\">\n                                <img alt=\"Preisgelder und rechtliche Risiken bei E-Sport-Wettbewerben\" src=\"https:\/\/monolith.law\/de\/wp-content\/uploads\/sites\/14\/2025\/03\/ff5dcc24a31f318f2087b82847efc909-1024x538.jpg\" width=\"500\" height=\"250\">\n                            <\/div>\n                            <figcaption>\n                                <div class=\"figcaption-inner\">\n                                    <h3>Preisgelder und rechtliche Risiken bei E-Sport-Wettbewerben<\/h3>\n                                <\/div>\n                            <\/figcaption>\n                            <a href=\"https:\/\/monolith.law\/de\/general-corporate\/e-sports-competitions-prize-money-legal-risks\"><\/a>\n                        <\/figure>\n                    <\/div>\n                                            <\/div>\n            <div class=\"btn-more\"><a href=\"https:\/\/monolith.law\/de\/tag\/contract-drafting-and-review\">Read More<\/a><\/div>\n        <\/div>\n    <\/section>\n\t<\/div>\n<\/section>\n\n<section class=\"orange2-section\">\n\t<div id=\"fee-structure\"><\/div>\n\t<div class=\"section-inner\">\n\t<div class=\"planWrap\">\n\t<h3>Geb\u00fchrenstruktur<\/h3>\n\t<ul class=\"plan\">\n\t\t<li class=\"txt-left\">\n\t\t\t<div class=\"plan-inner\">\n\t\t\t<div class=\"plan-header\">\n\t\t\t<h4 class=\"plan-title\">Stundensatz<\/h4>\n\t\t\t<div class=\"plan-price\"><span class=\"price-figure\">$300<\/span>pro Stunde<span class=\"price-value\"><\/span><\/div>\n\t\t\t<\/div>\n\t\t\t<div class=\"plan-body\">In bestimmten F\u00e4llen k\u00f6nnen wir die \u00dcbernahme eines Streitfalls oder einer Klage mit einer Anfangsgeb\u00fchr und einer erfolgsabh\u00e4ngigen Verg\u00fctung in Betracht ziehen. F\u00fcr weitere Details kontaktieren Sie uns bitte unverbindlich.<\/div>\n\t\t\t<\/div>\n\t\t<\/li>\n\t\t<li class=\"txt-left\">\n\t\t\t<div class=\"plan-inner\">\n\t\t\t<div class=\"plan-header\">\n\t\t\t<h4 class=\"plan-title\">Vertragsentwurf<\/h4>\n\t\t\t<div class=\"plan-price\"><span class=\"price-value\">ab<\/span><span class=\"price-figure\">$500<\/span><span class=\"price-value\">bis $2.000 oder mehr<\/span><\/div>\n\t\t\t<\/div>\n\t\t\t<div class=\"plan-body\">Die Preisstruktur kann je nach Art und Umfang der Vertr\u00e4ge variieren. Wir bieten gerne eine vorl\u00e4ufige Kostensch\u00e4tzung auf Anfrage an und ermutigen Sie, sich f\u00fcr weitere Einzelheiten an uns zu wenden.<\/div>\n\t\t\t<\/div>\n\t\t<\/li>\n\t\t<li class=\"txt-left\">\n\t\t\t<div class=\"plan-inner\">\n\t\t\t<div class=\"plan-header\">\n\t\t\t<h4 class=\"plan-title\">Weitere Dienstleistungen<\/h4>\n\t\t\t<div class=\"plan-price\"><span class=\"price-figure\">Kontaktieren Sie uns<\/span><\/div>\n\t\t\t<\/div>\n\t\t\t<div class=\"plan-body\">Wir bieten eine breite Palette von Dienstleistungen an, einschlie\u00dflich Unternehmensgr\u00fcndung, Vertragspr\u00fcfung, Rechtsgutachten, Fallpr\u00fcfung oder Forschungsschreiben. Wenn Sie Fragen oder Bedenken haben, laden wir Sie herzlich ein, uns zu kontaktieren, und unser kompetentes Team wird Ihnen gerne behilflich sein.<\/div>\n\t\t\t<\/div>\n\t\t<\/li>\n\t<\/ul>\n\t<\/div>\n\t<\/div>\n<\/section>\n\n<section class=\"white-section\">\n\t<div class=\"section-inner\">\n\t<div class=\"btn-area\">\n\t<div class=\"btn icon-contact\"><a href=\"\/de\/contact\">Kontaktieren Sie uns<\/a><\/div>\n\t<\/div>\n\t<\/div>\n<\/section>\n","protected":false},"excerpt":{"rendered":"<p>Vertragsentwurf und -pr\u00fcfung Als Rechtsberater f\u00fcr IT- und Start-up-Unternehmen und gelegentlich als IT-Rechtsberater f\u00fcr Unternehmen entwerfen und pr\u00fcfen wir eine Vielzahl von hochspezialisierten IT- [&hellip;]<\/p>\n","protected":false},"author":26,"featured_media":57034,"parent":0,"menu_order":7,"comment_status":"closed","ping_status":"closed","template":"other-page-temp.php","meta":{"footnotes":""},"acf":[],"_links":{"self":[{"href":"https:\/\/monolith.law\/de\/wp-json\/wp\/v2\/pages\/30628"}],"collection":[{"href":"https:\/\/monolith.law\/de\/wp-json\/wp\/v2\/pages"}],"about":[{"href":"https:\/\/monolith.law\/de\/wp-json\/wp\/v2\/types\/page"}],"author":[{"embeddable":true,"href":"https:\/\/monolith.law\/de\/wp-json\/wp\/v2\/users\/26"}],"replies":[{"embeddable":true,"href":"https:\/\/monolith.law\/de\/wp-json\/wp\/v2\/comments?post=30628"}],"version-history":[{"count":96,"href":"https:\/\/monolith.law\/de\/wp-json\/wp\/v2\/pages\/30628\/revisions"}],"predecessor-version":[{"id":59752,"href":"https:\/\/monolith.law\/de\/wp-json\/wp\/v2\/pages\/30628\/revisions\/59752"}],"wp:featuredmedia":[{"embeddable":true,"href":"https:\/\/monolith.law\/de\/wp-json\/wp\/v2\/media\/57034"}],"wp:attachment":[{"href":"https:\/\/monolith.law\/de\/wp-json\/wp\/v2\/media?parent=30628"}],"curies":[{"name":"wp","href":"https:\/\/api.w.org\/{rel}","templated":true}]}}