{"id":30684,"date":"2021-02-28T04:39:20","date_gmt":"2021-02-27T19:39:20","guid":{"rendered":"https:\/\/monolith.law\/?page_id=30684"},"modified":"2023-12-13T19:01:41","modified_gmt":"2023-12-13T10:01:41","slug":"id-of-the-defamatory-statement","status":"publish","type":"page","link":"https:\/\/monolith.law\/de\/id-of-the-defamatory-statement","title":{"rendered":"Identifikation der diffamierenden Aussage"},"content":{"rendered":"\n<section class=\"heading-area\">\n\t<div class=\"heading-area-inner\">\n\t\t<h2 class=\"icon-id-of-the-defamatory-statement\">Identifikation der diffamierenden Aussage<\/h2>\n\t\t<p>Nach japanischem Recht ist es m\u00f6glich, einen anonymen Nutzer, der im Internet eine Firma oder eine Einzelperson durch Diffamierung oder Verletzung der Privatsph\u00e4re sch\u00e4digt, durch verschiedene rechtliche Verfahren, die vom Gericht erleichtert werden, zu identifizieren. Obwohl es F\u00e4lle von Diffamierung durch anonyme Nutzer im japanischen Online-Raum gibt, kann man den Verfasser identifizieren und \u00fcber einen Anwalt Schadensersatzanspr\u00fcche geltend machen.<\/p>\n\t<\/div>\n<\/section>\n\n<section class=\"white-section\">\n\t<div class=\"section-inner pdt0 border-bottom-section\">\n\t\t<p class=\"mgb-small\">Wenn Sie im Internet von einem anonymen Nutzer diffamiert wurden und Schadensersatzanspr\u00fcche verfolgen m\u00f6chten, ist es zun\u00e4chst notwendig, die Identit\u00e4t dieses Nutzers festzustellen. Das japanische Recht sieht rechtliche Verfahren zur Identifizierung anonymer Nutzer im Internet vor.<\/p>\n\t\t<p>MONOLITH LAW OFFICE ist eine japanische Kanzlei, die auf internetbezogene Angelegenheiten spezialisiert ist. Wir wurden beauftragt, diffamierende Verfasser auf Anfrage verschiedener Mandanten zu identifizieren, darunter inl\u00e4ndische b\u00f6rsennotierte Unternehmen, prominente F\u00fchrungskr\u00e4fte und einflussreiche Personen. Mit unserer umfangreichen Erfahrung und Erfolgsbilanz sind wir in der Lage, Streitigkeiten im japanischen Online-Raum zu handhaben.<\/p>\n\t<\/div>\n<\/section>\n\n<section class=\"second-nav\">\n\t<div class=\"second-nav-inner\">\n\t\t<p>THEMEN<\/p>\n\t\t<nav>\n\t\t\t<ul>\n\t\t\t\t<li><a href=\"#identification-of-the-defamatory-statement\">Identifikation der diffamierenden Aussage<\/a><\/li>\n\t\t\t\t<li><a href=\"#examples-of-identifications-by-our-firm-target-sites\">Beispiele f\u00fcr Identifikationen durch unsere Kanzlei: Ziel-Websites<\/a><\/li>\n\t\t\t\t<li><a href=\"#examples-of-support-provided-by-our-firm\">Beispiele f\u00fcr die Unterst\u00fctzung durch unsere Kanzlei<\/a><\/li>\n\t\t\t\t<li><a href=\"#procedures-for-identifying-authors-under-japanese-law\">Verfahren zur Identifizierung von Autoren nach japanischem Recht<\/a><\/li>\n\t\t\t\t<li><a href=\"#publications-as-a-lawyer-specializing-in-mitigating-reputational-damage\">Ver\u00f6ffentlichungen als Anwalt, der auf die Minderung von Reputationssch\u00e4den spezialisiert ist<\/a><\/li>\n\t\t\t\t<li><a href=\"#monolith-law-magazine\">MONOLITH LAW MAGAZINE<\/a><\/li>\n\t\t\t\t<li><a href=\"#fee-structure\">Geb\u00fchrenstruktur<\/a><\/li>\n\t\t\t<\/ul>\n\t\t<\/nav>\n\t<\/div>\n<\/section>\n\n<section class=\"white-section\">\n\t<div class=\"anchor\" id=\"identification-of-the-defamatory-statement\"><\/div>\n\t<div class=\"section-inner\">\n\t\t<div class=\"flex\">\n\t\t\t<div class=\"width41\"><img decoding=\"async\" src=\"\/wp-content\/themes\/monolith2021\/img\/pic\/pic_reputation.jpg\" alt=\"Quelle der Identifikation der diffamierenden Aussage\"><\/div>\n\t\t\t<div class=\"width51\">\n\t\t\t\t<h3>Identifizierung der verleumderischen Aussage<\/h3>\n\t\t\t\t<p>Nach japanischem Recht ist es m\u00f6glich, rechtliche Schritte einzuleiten, um Personen zu identifizieren, die f\u00fcr illegale Ver\u00f6ffentlichungen, einschlie\u00dflich verleumderischer Aussagen, verantwortlich sind, indem man ein Gerichtsverfahren durchf\u00fchrt. Wenn Ihr Unternehmen Ziel von anonymen Internetnutzern ist, die Angriffe im japanischen Internet durchf\u00fchren, kann es m\u00f6glich sein, die Identit\u00e4t, einschlie\u00dflich Name und Adresse, des anonymen Nutzers durch die Beratung mit einem hochspezialisierten Anwalt offenzulegen. Sobald die Identit\u00e4t aufgedeckt ist, haben Sie m\u00f6glicherweise die Gelegenheit, einen Schadensersatzanspruch gegen den Internetnutzer zu stellen. Es ist entscheidend, mit einem erfahrenen Anwalt zusammenzuarbeiten, der Sie durch den rechtlichen Prozess f\u00fchren und die Interessen Ihres Unternehmens sch\u00fctzen kann.<\/p>\n\t\t\t<\/div>\n\t\t<\/div>\n\t<\/div>\n<\/section>\n\n<section class=\"white-section mgb-section\">\n\t<div class=\"anchor\" id=\"examples-of-identifications-by-our-firm-target-sites\"><\/div>\n\t<div class=\"section-inner-black\">\n\t\t<h3 class=\"mgb-middle\">Beispiele f\u00fcr Identifizierungen durch unsere Kanzlei: Ziel-Websites<\/h3>\n\t\t<p class=\"mgb-middle\">MONOLITH LAW OFFICE verf\u00fcgt \u00fcber Erfolgsbilanz und Expertise in der Identifizierung der Autoren von verleumderischen Beitr\u00e4gen auf verschiedenen Websites, einschlie\u00dflich, aber nicht beschr\u00e4nkt auf F\u00e4lle von Verleumdung, Verletzung der Privatsph\u00e4re, Urheberrechtsverletzung und Identit\u00e4tsanma\u00dfung. Wir haben Kunden erfolgreich dabei unterst\u00fctzt, die Autoren hinter solchen Beitr\u00e4gen zu identifizieren, indem wir unsere Erfahrung und unser Wissen in diesem Bereich genutzt haben.<\/p>\n\t\t<p class=\"mgb-middle\">2channel, 5channel, Twitter, Facebook, Instagram, Google Maps (My Business), Yahoo! Finance, Food Log, Amazon-Kundenrezensionen, Girls Channel, Bakusai, Mansion Community, Hostlove und verschiedene andere Bulletin-Board-Websites. Yahoo! Chiebukuro, NAVER-Zusammenfassung, Telefonnummernsuche (jpnumber usw.), Livedoor Blog, FC2 Blog, Ameba Blog, Hatena Blog usw. Andere verschiedene Blog-Websites, YouTube, Nico Nico Douga, FC2 Video und andere Video-Websites. MILKCAFE, openwork, Lighthouse (ehemals Kaishas Reputation), andere Jobbewertungsseiten, andere Original-Domain-Websites.<\/p>\n\t<\/div>\n<\/section>\n\n<section class=\"purple-section\">\n\t<div class=\"anchor\" id=\"examples-of-support-provided-by-our-firm\"><\/div>\n\t<div class=\"section-inner\">\n\t\t<h3 class=\"mgb-middle\">Beispiele f\u00fcr die Unterst\u00fctzung durch unsere Kanzlei<\/h3>\n\t\t<ul class=\"layout-column4 mgb-big\">\n\t\t\t<li>\n\t\t\t\t<div><img decoding=\"async\" src=\"\/wp-content\/themes\/monolith2021\/img\/identificationofslander\/identificationofslander_support_pic1.jpg\" alt=\"TSE gelistetes Unternehmen\"><\/div>\n\t\t\t\t<h4>TSE gelistetes Unternehmen<\/h4>\n\t\t\t\t<p>Wir haben die Autoren hinter hartn\u00e4ckigen Beitr\u00e4gen identifiziert, die falsche Informationen, wie interne Skandale, auf Plattformen wie Yahoo! Finance und Google Reviews verbreiten.<\/p>\n\t\t\t<\/li>\n\t\t\t<li>\n\t\t\t\t<div><img decoding=\"async\" src=\"\/wp-content\/themes\/monolith2021\/img\/identificationofslander\/identificationofslander_support_pic2.jpg\" alt=\"Bekannter F\u00fchrungskraft\"><\/div>\n\t\t\t\t<h4>Bekannter F\u00fchrungskraft<\/h4>\n\t\t\t\t<p>Wir haben die Identifizierung von Autoren f\u00fcr Konten auf Twitter durchgef\u00fchrt, die sich mit Verleumdung, Identit\u00e4tsanma\u00dfung und abwertenden Beitr\u00e4gen gegen einzelne F\u00fchrungskr\u00e4fte besch\u00e4ftigen.<\/p>\n\t\t\t<\/li>\n\t\t\t<li>\n\t\t\t\t<div><img decoding=\"async\" src=\"\/wp-content\/themes\/monolith2021\/img\/systemdevelopment\/systemdevelopment_support_pic3.jpg\" alt=\"Gesch\u00e4ftsunternehmen\"><\/div>\n\t\t\t\t<h4>Gesch\u00e4ftsunternehmen<\/h4>\n\t\t\t\t<p>Wir haben die Identifizierung von Autoren f\u00fcr verleumderische Beitr\u00e4ge durchgef\u00fchrt, die sich gegen bestimmte F\u00fchrungskr\u00e4fte auf anonymen Nachrichtenbrettern wie 5channel und Google Reviews richten.<\/p>\n\t\t\t<\/li>\n\t\t\t<li>\n\t\t\t\t<div><img decoding=\"async\" src=\"\/wp-content\/themes\/monolith2021\/img\/identificationofslander\/identificationofslander_support_pic4.jpg\" alt=\"Bekannter YouTuber\"><\/div>\n\t\t\t\t<h4>Bekannter YouTuber<\/h4>\n\t\t\t\t<p>Wir haben bei der Identifizierung von Autoren in F\u00e4llen von pers\u00f6nlichen Informationslecks und verleumderischen Kommentaren, die in Videos anderer YouTuber, auf pers\u00f6nlichen Blogs und anderen Plattformen gemacht wurden, Unterst\u00fctzung geleistet.<\/p>\n\t\t\t<\/li>\n\t\t<\/ul>\n\t\t<div class=\"frame2-white max-width860 txt-center-pc\">\n\t\t\t<p class=\"txt-l bold\">Die Identifizierung von Autoren erfordert hochspezialisiertes Fachwissen, das von strategischer Planung bis hin zu spezifischen operativen Aufgaben reicht.<\/p>\n\t\t<\/div>\n\t<\/div>\n<\/section>\n\n<section class=\"white-section\">\n\t<div class=\"anchor\" id=\"procedures-for-identifying-authors-under-japanese-law\"><\/div>\n\t<div class=\"section-inner pdb0\">\n\t\t<h3>Verfahren zur Identifizierung von Autoren nach japanischem Recht<\/h3>\n\t\t<p class=\"mgb-middle\">In Japan gibt es verschiedene rechtliche Verfahren, um die Autoren von verleumderischen Online-Beitr\u00e4gen zu identifizieren und Cyber-Verleumdung zu bek\u00e4mpfen. Als Rechtsexperten setzen wir diese Verfahren gezielt und in Kombination ein, um die Autorenidentifizierung zu erreichen. Obwohl es aufgrund der hochspezialisierten Natur dieser Verfahren herausfordernd ist, auf dieser Seite eine umfassende Erkl\u00e4rung zu bieten, werden wir einen \u00dcberblick geben.<\/p>\n\t\t<ul class=\"layout-datalist\">\n\t\t\t<li>\n\t\t\t\t<h4>A: Antrag auf Offenlegung (Einstweilige Verf\u00fcgung)<\/h4>\n\t\t\t\t<p>Diese beschleunigte Zwischenma\u00dfnahme erm\u00f6glicht es uns, von Website-Betreibern oder Hosting-Server-Administratoren die Offenlegung der IP-Adresse des Posters zu verlangen, ohne auf formelle Rechtsstreitigkeiten zur\u00fcckgreifen zu m\u00fcssen. Es ist jedoch wichtig zu beachten, dass einige Websites die IP-Adresse m\u00f6glicherweise freiwillig durch informelle Verhandlungen offenlegen, ohne dass dieses Verfahren erforderlich ist. In solchen F\u00e4llen erfordert die richtige Beurteilung die Erfahrung und das Fachwissen von sachkundigen Anw\u00e4lten.<\/p>\n\t\t\t<\/li>\n\t\t\t<li>\n\t\t\t\t<h4>B: L\u00f6schung von Informationen untersagen<\/h4>\n\t\t\t\t<p>Durch die Analyse der durch Verfahren A offengelegten IP-Adresse ist es m\u00f6glich, den Internetdienstanbieter (ISP) zu identifizieren, den der anonyme Nutzer verwendet. Im Verfahren C ist es entscheidend, den ISP aufzufordern, die Absenderinformationen (Log-Daten im Zusammenhang mit der Internetverbindung des Nutzers) nicht zu l\u00f6schen, um Beweise zu sichern.<\/p>\n\t\t\t<\/li>\n\t\t\t<li>\n\t\t\t\t<h4>C: Antrag auf Offenlegung (Klage)<\/h4>\n\t\t\t\t<p>Dieses Verfahren beinhaltet, den identifizierten ISP als Beklagten zu verklagen, um die Offenlegung von Adresse und Namen des anonymen Nutzers zu erlangen. Im Falle von Websites, bei denen der anonyme Nutzer eine Telefonnummer registriert hat, kann dieses Verfahren gegen den Website-Betreiber eingesetzt werden, um die Offenlegung dieser Telefonnummer zu verlangen. Schnelle Zwischenma\u00dfnahmen k\u00f6nnen in diesem Verfahren nicht angewendet werden, und formelle Rechtsstreitigkeiten sind nach japanischen Rechtspr\u00e4zedenzf\u00e4llen erforderlich.<\/p>\n\t\t\t<\/li>\n\t\t\t<li>\n\t\t\t\t<h4>D: Anordnung zur Offenlegung (\u00c4nderung 2022)<\/h4>\n\t\t\t\t<p>Dieser neu eingef\u00fchrte Rechtsrahmen kombiniert die Verfahren A, B und C zu einem einzigen Verfahren, das die Durchf\u00fchrung aller Schritte (A, B und C) in einem k\u00fcrzeren Zeitrahmen erm\u00f6glicht. Dieses Verfahren nutzt einen beschleunigten Mechanismus. Derzeit wird dieses Verfahren als allgemeines Prinzip f\u00fcr die Autorenidentifizierung angesehen. Es gibt jedoch Ausnahmen, wie Websites, bei denen nur eine Telefonnummer ohne IP-Adresse registriert ist, oder F\u00e4lle, in denen die Offenlegung der IP-Adresse durch freiwillige Verhandlungen erreicht werden kann. Die Expertise und das Know-how von Rechtsprofis sind unerl\u00e4sslich, um diese Ausnahmen zu handhaben.<\/p>\n\t\t\t<\/li>\n\t\t\t<li>\n\t\t\t\t<h4>E: Anfrageverfahren \u00fcber die Rechtsanwaltskammer<\/h4>\n\t\t\t\t<p>In F\u00e4llen, in denen die Telefonnummer des Posters w\u00e4hrend der oben genannten Verfahren bekannt wird, ist es notwendig, vom Telekommunikationsanbieter die Offenlegung der Adresse oder des Namens der Person, die diese Telefonnummer verwendet, zu verlangen. In Japan haben Mobilfunkanbieter die Praxis, bei einer ordnungsgem\u00e4\u00dfen Anfrage durch einen Anwalt \u00fcber die zugeh\u00f6rige Rechtsanwaltskammer Informationen offenzulegen.<\/p>\n\t\t\t<\/li>\n\t\t<\/ul>\n\t<\/div>\n<\/section>\n\n<section class=\"white-section\">\n\t<div class=\"section-inner\">\n\t\t<div class=\"frame2 max-width860 txt-center-pc\">\n\t\t\t<p class=\"bold txt-l\">Die Identifizierung der Autoren von verleumderischen Beitr\u00e4gen nach japanischem Recht ist tats\u00e4chlich ein hochkomplexes und spezialisiertes Gebiet. Wenn Sie Fragen oder Bedenken haben, einschlie\u00dflich Fragen zur Machbarkeit und zu Kostenaspekten, z\u00f6gern Sie bitte nicht, uns zu kontaktieren. Wir sind hier, um Ihnen zu helfen und die notwendige Beratung zu bieten.<\/p>\n\t\t<\/div>\n\t<\/div>\n<\/section>\n\n<section class=\"orange-section\">\n\t<div class=\"anchor\" id=\"publications-as-a-lawyer-specializing-in-mitigating-reputational-damage\"><\/div>\n\t<div class=\"section-inner\">\n\t\t<div class=\"flex\">\n\t\t\t<div class=\"width41\"><img decoding=\"async\" src=\"\/wp-content\/themes\/monolith2021\/img\/pic\/pic_publishing2.jpg\" alt=\"Ver\u00f6ffentlichungen als Anwalt, der auf die Minderung von Reputationssch\u00e4den spezialisiert ist\"><\/div>\n\t\t\t<div class=\"width51\">\n\t\t\t\t<h3>Ver\u00f6ffentlichungen als Anwalt mit Spezialisierung auf die Minderung von Reputationssch\u00e4den<\/h3>\n\t\t\t\t<p class=\"mgb-small\">Beteiligung an der Erstellung von &#8220;Judicial Precedents of the Provider Liability Limitation Act&#8221;, einer Sammlung von Gerichtspr\u00e4zedenzf\u00e4llen zu Gegenma\u00dfnahmen bei Reputationssch\u00e4den, als Teil der Praktischen Studiengruppe zum Provider Liability Limitation Act, die von Anw\u00e4lten gebildet wurde.<\/p>\n\t\t\t\t<p>Ver\u00f6ffentlichung von &#8220;Digital Tattoo &#8211; Internet Diffamierung und Reputationsschaden Fallakte&#8221; durch Jiyuukokumin-sha, den Verlag von &#8220;Gendai Yogo no Kihonjitsu&#8221; (Grundwissen der modernen Terminologie), und war verantwortlich f\u00fcr die Erstellung des NHK Samstagabend-Dramas &#8220;Digital Tattoo&#8221;, basierend auf dieser Publikation.<\/p>\n\t\t\t<\/div>\n\t\t<\/div>\n\t<\/div>\n<\/section>\n\n<section class=\"purple2-section\">\n\t<div class=\"anchor\" id=\"monolith-law-magazine\"><\/div>\n\t<div class=\"section-inner\">\n\t\t    <section class=\"white-section temp-article\">\n        <div class=\"section-inner\">\n            <h4>MONOLITH LAW MAGAZINE<\/h4>\n            <div class=\"articles type_practice_column\">\n                                                                    <div class=\"article article-area\">\n                        <figure>\n                            <div class=\"img-wrap\">\n                                <img alt=\"Wie bewahrt man Beweise von Verleumdung auf Instagram auf? Eine Anleitung zur Sicherung von gerichtsverwertbaren Beweisen\" src=\"https:\/\/monolith.law\/de\/wp-content\/uploads\/sites\/14\/2025\/08\/b7a6d88c3f4a061d0c0c2cfa711ac604.webp\" width=\"500\" height=\"250\">\n                            <\/div>\n                            <figcaption>\n                                <div class=\"figcaption-inner\">\n                                    <h3>Wie bewahrt man Beweise von Verleumdung auf Instagram auf? Eine Anleitung zur Si.<\/h3>\n                                <\/div>\n                            <\/figcaption>\n                            <a href=\"https:\/\/monolith.law\/de\/it\/instagram-preservation-evidence\"><\/a>\n                        <\/figure>\n                    <\/div>\n                                                    <div class=\"article article-area\">\n                        <figure>\n                            <div class=\"img-wrap\">\n                                <img alt=\"Ist eine Offenlegungsanforderung bei LINE m\u00f6glich? Eine Erl\u00e4uterung zur Identifizierung von Personen durch die Offenlegung von Senderinformationen\" src=\"https:\/\/monolith.law\/de\/wp-content\/uploads\/sites\/14\/2024\/11\/29578280_m.webp\" width=\"500\" height=\"250\">\n                            <\/div>\n                            <figcaption>\n                                <div class=\"figcaption-inner\">\n                                    <h3>Ist eine Offenlegungsanforderung bei LINE m\u00f6glich? Eine Erl\u00e4uterung zur Identifi.<\/h3>\n                                <\/div>\n                            <\/figcaption>\n                            <a href=\"https:\/\/monolith.law\/de\/internet\/line-disclosure-request\"><\/a>\n                        <\/figure>\n                    <\/div>\n                                                    <div class=\"article article-area\">\n                        <figure>\n                            <div class=\"img-wrap\">\n                                <img alt=\"K\u00f6nnen Beleidigungen und Verleumdungen in Online-Spielen auch durch Offenlegungsantr\u00e4ge angegangen werden? Erl\u00e4uterung des Gerichtsverfahrens zur Identifizierung der Gegenseite\" src=\"https:\/\/monolith.law\/de\/wp-content\/uploads\/sites\/14\/2024\/11\/onlinegame1.webp\" width=\"500\" height=\"250\">\n                            <\/div>\n                            <figcaption>\n                                <div class=\"figcaption-inner\">\n                                    <h3>K\u00f6nnen Beleidigungen und Verleumdungen in Online-Spielen auch durch Offenlegungs.<\/h3>\n                                <\/div>\n                            <\/figcaption>\n                            <a href=\"https:\/\/monolith.law\/de\/internet\/onlinegame-defamation\"><\/a>\n                        <\/figure>\n                    <\/div>\n                                            <\/div>\n            <div class=\"btn-more\"><a href=\"https:\/\/monolith.law\/de\/tag\/id-of-the-defamatory-statement\">Read More<\/a><\/div>\n        <\/div>\n    <\/section>\n\t<\/div>\n<\/section>\n\n<section class=\"orange2-section\">\n\t<div class=\"anchor\" id=\"fee-structure\"><\/div>\n\t<div class=\"section-inner\">\n\t<div class=\"planWrap\">\n\t<h3>Fee Structure<\/h3>\n\t<ul class=\"plan\">\n\t\t<li class=\"txt-left\">\n\t\t\t<div class=\"plan-inner\">\n\t\t\t<div class=\"plan-header\">\n\t\t\t<h4 class=\"plan-title\">Stundensatz<\/h4>\n\t\t\t<div class=\"plan-price\"><span class=\"price-figure\">$300<\/span>pro Stunde<span class=\"price-tax\"><\/span><\/div>\n\t\t\t<\/div>\n\t\t\t<div class=\"plan-body\">In bestimmten F\u00e4llen k\u00f6nnen wir die \u00dcbernahme eines Streitfalls oder einer Klage mit einer Anfangsgeb\u00fchr und einer erfolgsabh\u00e4ngigen Verg\u00fctung in Betracht ziehen. F\u00fcr weitere Details kontaktieren Sie uns bitte.<\/div>\n\t\t\t<\/div>\n\t\t<\/li>\n\t\t<li class=\"txt-left\">\n\t\t\t<div class=\"plan-inner\">\n\t\t\t<div class=\"plan-header\">\n\t\t\t<h4 class=\"plan-title\">Vertragsentwurf<\/h4>\n\t\t\t<div class=\"plan-price\"><span class=\"price-value\">ab<\/span><span class=\"price-figure\">$500<\/span><span class=\"price-value\">bis $2.000 oder mehr<\/span><span class=\"price-tax\"><\/span><\/div>\n\t\t\t<\/div>\n\t\t\t<div class=\"plan-body\">Die Preisstruktur kann je nach Art und Umfang der Vertr\u00e4ge variieren. Wir bieten gerne eine vorl\u00e4ufige Kostensch\u00e4tzung auf Anfrage an und ermutigen Sie, sich f\u00fcr weitere Details an uns zu wenden.<\/div>\n\t\t\t<\/div>\n\t\t<\/li>\n\t\t<li class=\"txt-left\">\n\t\t\t<div class=\"plan-inner\">\n\t\t\t<div class=\"plan-header\">\n\t\t\t<h4 class=\"plan-title\">Weitere Dienstleistungen<\/h4>\n\t\t\t<div class=\"plan-price\"><span class=\"price-figure\">Kontaktieren Sie uns<\/span><\/div>\n\t\t\t<\/div>\n\t\t\t<div class=\"plan-body\">Wir bieten eine breite Palette von Dienstleistungen an, einschlie\u00dflich Unternehmensgr\u00fcndung, Vertragspr\u00fcfung, Rechtsgutachten, Fallpr\u00fcfung oder Forschungsschreiben. Sollten Sie Fragen oder Bedenken haben, laden wir Sie herzlich ein, uns zu kontaktieren, und unser kompetentes Team wird Ihnen gerne behilflich sein.<\/div>\n\t\t\t<\/div>\n\t\t\t<\/div>\n\t\t<\/li>\n\t<\/ul>\n\t<\/div>\n\t<\/div>\n<\/section>\n\n<section class=\"white-section\">\n\t<div class=\"section-inner\">\n\t\t<div class=\"btn-area\">\n\t\t\t<div class=\"btn icon-contact\"><a href=\"\/de\/contact\">Kontaktieren Sie uns<\/a><\/div>\n\t\t<\/div>\n\t<\/div>\n<\/section>\n","protected":false},"excerpt":{"rendered":"<p>Identifikation der diffamierenden Aussage Nach japanischem Recht ist es m\u00f6glich, einen anonymen Nutzer, der im Internet eine Firma oder eine Einzelperson durch Diffamierung oder Verletzung der Privats [&hellip;]<\/p>\n","protected":false},"author":26,"featured_media":57174,"parent":0,"menu_order":7,"comment_status":"closed","ping_status":"closed","template":"other-page-temp.php","meta":{"footnotes":""},"acf":[],"_links":{"self":[{"href":"https:\/\/monolith.law\/de\/wp-json\/wp\/v2\/pages\/30684"}],"collection":[{"href":"https:\/\/monolith.law\/de\/wp-json\/wp\/v2\/pages"}],"about":[{"href":"https:\/\/monolith.law\/de\/wp-json\/wp\/v2\/types\/page"}],"author":[{"embeddable":true,"href":"https:\/\/monolith.law\/de\/wp-json\/wp\/v2\/users\/26"}],"replies":[{"embeddable":true,"href":"https:\/\/monolith.law\/de\/wp-json\/wp\/v2\/comments?post=30684"}],"version-history":[{"count":28,"href":"https:\/\/monolith.law\/de\/wp-json\/wp\/v2\/pages\/30684\/revisions"}],"predecessor-version":[{"id":59761,"href":"https:\/\/monolith.law\/de\/wp-json\/wp\/v2\/pages\/30684\/revisions\/59761"}],"wp:featuredmedia":[{"embeddable":true,"href":"https:\/\/monolith.law\/de\/wp-json\/wp\/v2\/media\/57174"}],"wp:attachment":[{"href":"https:\/\/monolith.law\/de\/wp-json\/wp\/v2\/media?parent=30684"}],"curies":[{"name":"wp","href":"https:\/\/api.w.org\/{rel}","templated":true}]}}