{"id":31,"date":"2019-01-25T16:37:44","date_gmt":"2019-01-25T07:37:44","guid":{"rendered":"https:\/\/monolith.law\/article\/?page_id=7"},"modified":"2023-12-13T18:04:45","modified_gmt":"2023-12-13T09:04:45","slug":"contact","status":"publish","type":"page","link":"https:\/\/monolith.law\/de\/contact","title":{"rendered":"Kontaktieren Sie uns"},"content":{"rendered":"\n<section class=\"heading-area\">\n\t<div class=\"heading-area-inner\">\n\t\t<h2 class=\"icon-contact\">Kontaktieren Sie uns<\/h2>\n\t<\/div>\n<\/section>\n<section class=\"white-section\">\n\t<div class=\"section-inner border-bottom-section pdt0\">\n\t\t<p class=\"mgb-small\">MONOLITH LAW OFFICE ist eine Anwaltskanzlei in Otemachi, Tokio, die sich auf Rechtsdienstleistungen im Zusammenhang mit IT, Internet und Gesch\u00e4ft konzentriert. Unter der Leitung unseres Vertretungsanwalts, einem ehemaligen IT-Ingenieur mit Erfahrung in der Unternehmensf\u00fchrung, bieten wir Rechtsberatung f\u00fcr IT- und Venture-Unternehmen sowie andere Unternehmen in Bezug auf Reputationssch\u00e4den, Systementwicklung, geistiges Eigentum und andere rechtliche Angelegenheiten an.<\/p>\n\t\t<p class=\"mgb-middle\">Bitte z\u00f6gern Sie nicht, uns f\u00fcr Rechtsberatung, Angelegenheiten im Zusammenhang mit Reputationssch\u00e4den und verschiedene andere Beratungen sowie Anfragen f\u00fcr Interviews, Ver\u00f6ffentlichungen und medienbezogene Angelegenheiten zu kontaktieren.<\/p>\n\t\t<p>*Bitte lesen und stimmen Sie <a href=\"\/en\/privacypolicy\" target=\"_blank\" rel=\"noreferrer noopener\" title=\"\">unserer Datenschutzrichtlinie<\/a> zu, bevor Sie Ihre Nachricht senden.<\/p>\n<\/div>\n<\/section>\n\n\n<div class=\"wpcf7 no-js\" id=\"wpcf7-f59375-o1\" lang=\"ja\" dir=\"ltr\">\n<div class=\"screen-reader-response\"><p role=\"status\" aria-live=\"polite\" aria-atomic=\"true\"><\/p> <ul><\/ul><\/div>\n<form action=\"\/de\/wp-json\/wp\/v2\/pages\/31#wpcf7-f59375-o1\" method=\"post\" class=\"wpcf7-form init\" aria-label=\"\u30b3\u30f3\u30bf\u30af\u30c8\u30d5\u30a9\u30fc\u30e0\" novalidate=\"novalidate\" data-status=\"init\">\n<div style=\"display: none;\">\n<input type=\"hidden\" name=\"_wpcf7\" value=\"59375\" \/>\n<input type=\"hidden\" name=\"_wpcf7_version\" value=\"5.8\" \/>\n<input type=\"hidden\" name=\"_wpcf7_locale\" value=\"ja\" \/>\n<input type=\"hidden\" name=\"_wpcf7_unit_tag\" value=\"wpcf7-f59375-o1\" \/>\n<input type=\"hidden\" name=\"_wpcf7_container_post\" value=\"0\" \/>\n<input type=\"hidden\" name=\"_wpcf7_posted_data_hash\" value=\"\" \/>\n<input type=\"hidden\" name=\"_wpcf7_recaptcha_response\" value=\"\" \/>\n<\/div>\n<section class=\"white-section\">\n\t<div class=\"section-inner\">\n\t\t<div class=\"contact-content\">\n\t\t\t<dl>\n\t\t\t\t<dt>\n\t\t\t\t\t<p><span class=\"label\">Name<\/span><span class=\"required\">Required<\/span>\n\t\t\t\t\t<\/p>\n\t\t\t\t<\/dt>\n\t\t\t\t<dd>\n\t\t\t\t\t<p><span class=\"wpcf7-form-control-wrap\" data-name=\"your-name\"><input size=\"40\" class=\"wpcf7-form-control wpcf7-text wpcf7-validates-as-required\" id=\"name\" aria-required=\"true\" aria-invalid=\"false\" value=\"\" type=\"text\" name=\"your-name\" \/><\/span>\n\t\t\t\t\t<\/p>\n\t\t\t\t<\/dd>\n\t\t\t<\/dl>\n\t\t\t<dl>\n\t\t\t\t<dt>\n\t\t\t\t\t<p><span class=\"label\">Email address<\/span><span class=\"required\">Required<\/span>\n\t\t\t\t\t<\/p>\n\t\t\t\t<\/dt>\n\t\t\t\t<dd>\n\t\t\t\t\t<p><span class=\"wpcf7-form-control-wrap\" data-name=\"your-email\"><input size=\"40\" class=\"wpcf7-form-control wpcf7-email wpcf7-validates-as-required wpcf7-text wpcf7-validates-as-email\" id=\"email\" aria-required=\"true\" aria-invalid=\"false\" value=\"\" type=\"email\" name=\"your-email\" \/><\/span>\n\t\t\t\t\t<\/p>\n\t\t\t\t<\/dd>\n\t\t\t<\/dl>\n\t\t\t<dl>\n\t\t\t\t<dt>\n\t\t\t\t\t<p><span class=\"label\">Subject<\/span><span class=\"required\">Required<\/span>\n\t\t\t\t\t<\/p>\n\t\t\t\t<\/dt>\n\t\t\t\t<dd>\n\t\t\t\t\t<p><span class=\"wpcf7-form-control-wrap\" data-name=\"your-subject\"><input size=\"40\" class=\"wpcf7-form-control wpcf7-text wpcf7-validates-as-required\" aria-required=\"true\" aria-invalid=\"false\" value=\"\" type=\"text\" name=\"your-subject\" \/><\/span>\n\t\t\t\t\t<\/p>\n\t\t\t\t<\/dd>\n\t\t\t<\/dl>\n\t\t\t<dl>\n\t\t\t\t<dt>\n\t\t\t\t\t<p><span class=\"label\">Contents<\/span><span class=\"required\">Required<\/span>\n\t\t\t\t\t<\/p>\n\t\t\t\t<\/dt>\n\t\t\t\t<dd>\n\t\t\t\t\t<p><span class=\"wpcf7-form-control-wrap\" data-name=\"your-info\"><textarea cols=\"40\" rows=\"10\" class=\"wpcf7-form-control wpcf7-textarea wpcf7-validates-as-required\" id=\"info\" aria-required=\"true\" aria-invalid=\"false\" name=\"your-info\"><\/textarea><\/span>\n\t\t\t\t\t<\/p>\n\t\t\t\t<\/dd>\n\t\t\t<\/dl>\n\t\t\t<div class=\"submit-button\">\n\t\t\t\t<p><input class=\"wpcf7-form-control wpcf7-submit has-spinner\" type=\"submit\" value=\"Send\" \/>\n\t\t\t\t<\/p>\n\t\t\t<\/div>\n\t\t<\/div>\n\t\t<p><script>\ndocument.addEventListener( 'wpcf7mailsent', function( event ) {\n var currentURL = window.location.href;\n var newString = \"\/thanks\"; \/\/ \u672b\u5c3e\u306b\u8ffd\u52a0\u3059\u308b\u6587\u5b57\u5217\u3092\u6307\u5b9a\n\n var updatedURL = currentURL + newString; \/\/ \u73fe\u5728\u306eURL\u3068\u65b0\u3057\u3044\u6587\u5b57\u5217\u3092\u7d50\u5408\n location = updatedURL;\n}, false );\n<\/script>\n\t\t<\/p>\n\t<\/div>\n<\/section><div class=\"wpcf7-response-output\" aria-hidden=\"true\"><\/div>\n<\/form>\n<\/div>\n\n<!--\n<section class=\"white-section\">\n\t<div class=\"section-inner pdt0\">\n\t\t<h3>Erbringung von Rechtsdienstleistungen f\u00fcr<br class=\"spOnly\">Unternehmen und Einzelpersonen in ganz Japan<br class=\"spOnly\"> als hochspezialisierte Anwaltskanzlei.<\/h3>\n\t\t<div class=\"max-width1000 txt-left\">\n\t\t\t<p class=\"txt-purple2 txt-l\">Standorte der Kunden, die wir bisher betreut haben<\/p>\n\t\t\t<p class=\"txt-s\">\u203bWir nehmen auch Anfragen aus anderen Pr\u00e4fekturen in Japan an.<\/p>\n\t\t\t<div class=\"contact-map max-width860\"><img decoding=\"async\" src=\"\/wp-content\/themes\/monolith2021\/img\/contact\/contact_map.png\" alt=\"Standorte der Kunden, die wir bisher betreut haben\"><\/div>\n\t\t<\/div>\n\t<\/div>\n<\/section>\n-->\n","protected":false},"excerpt":{"rendered":"<p>Kontaktieren Sie uns MONOLITH LAW OFFICE ist eine Anwaltskanzlei in Otemachi, Tokio, die sich auf Rechtsdienstleistungen im Zusammenhang mit IT, Internet und Gesch\u00e4ft konzentriert. Unter der Leitung u [&hellip;]<\/p>\n","protected":false},"author":26,"featured_media":57134,"parent":0,"menu_order":11,"comment_status":"closed","ping_status":"closed","template":"other-page-temp.php","meta":{"footnotes":""},"acf":[],"_links":{"self":[{"href":"https:\/\/monolith.law\/de\/wp-json\/wp\/v2\/pages\/31"}],"collection":[{"href":"https:\/\/monolith.law\/de\/wp-json\/wp\/v2\/pages"}],"about":[{"href":"https:\/\/monolith.law\/de\/wp-json\/wp\/v2\/types\/page"}],"author":[{"embeddable":true,"href":"https:\/\/monolith.law\/de\/wp-json\/wp\/v2\/users\/26"}],"replies":[{"embeddable":true,"href":"https:\/\/monolith.law\/de\/wp-json\/wp\/v2\/comments?post=31"}],"version-history":[{"count":13,"href":"https:\/\/monolith.law\/de\/wp-json\/wp\/v2\/pages\/31\/revisions"}],"predecessor-version":[{"id":59736,"href":"https:\/\/monolith.law\/de\/wp-json\/wp\/v2\/pages\/31\/revisions\/59736"}],"wp:featuredmedia":[{"embeddable":true,"href":"https:\/\/monolith.law\/de\/wp-json\/wp\/v2\/media\/57134"}],"wp:attachment":[{"href":"https:\/\/monolith.law\/de\/wp-json\/wp\/v2\/media?parent=31"}],"curies":[{"name":"wp","href":"https:\/\/api.w.org\/{rel}","templated":true}]}}