{"id":31513,"date":"2021-04-13T15:59:32","date_gmt":"2021-04-13T06:59:32","guid":{"rendered":"https:\/\/monolith.law\/?page_id=31513"},"modified":"2023-12-13T18:06:36","modified_gmt":"2023-12-13T09:06:36","slug":"m-and-a-of-sns-accounts","status":"publish","type":"page","link":"https:\/\/monolith.law\/de\/m-and-a-of-sns-accounts","title":{"rendered":"M&#038;A von SNS-Konten"},"content":{"rendered":"\n<section class=\"heading-area\">\n\t<div class=\"heading-area-inner\">\n\t\t<h2 class=\"icon-m-and-a-of-sns-accounts\">M&amp;A von SNS-Konten<\/h2>\n\t\t<p>Die M&amp;A von YouTube-Kan\u00e4len und Twitter-Konten ist ein hochspezialisiertes Gebiet, das spezielles Wissen und Know-how erfordert. Als eine Kanzlei mit Spezialisten f\u00fcr IT, Internet und Gesch\u00e4ftswesen bieten wir umfassende Unterst\u00fctzung in diesem Bereich an.<\/p>\n\t<\/div>\n<\/section>\n\n<section class=\"white-section\">\n\t<div class=\"section-inner pdt0 border-bottom-section\">\n\t\t<p>Similar to websites, YouTube channels and Twitter accounts are also subject to M&amp;A. However, because these M&amp;As are unique situations, it is necessary to hire a law firm with specialized knowledge and expertise. \nMonolith Law Office is a law firm specializing in IT, the Internet and business. Our attorneys handle every aspect of many M&amp;As, from small projects involving YouTube channels to projects worth more than 100 million yen, ranging from contract drafting to due diligence (DD).<\/p>\n\t<\/div>\n<\/section>\n\n<section class=\"second-nav\">\n\t<div class=\"second-nav-inner\">\n\t\t<p>THEMEN<\/p>\n\t\t<nav>\n\t\t\t<ul>\n\t\t\t\t<li><a href=\"#an-example-of-ma-track-record\">Beispiele f\u00fcr M&amp;A-Referenzen<\/a><\/li>\n\t\t\t\t<li><a href=\"#ma-special-feature-on-sns-such-as-youtube\">Spezialbericht zu M&amp;A bei SNS wie YouTube<\/a><\/li>\n\t\t\t\t<li><a href=\"#responding-to-legal-due-diligence-dd\">Reaktion auf rechtliche Due Diligence<\/a><\/li>\n\t\t\t\t<li><a href=\"#legal-due-diligence-dd-peculiarities-of-sns-etc\">Besonderheiten der rechtlichen Due Diligence bei SNS<\/a><\/li>\n\t\t\t\t<li><a href=\"#an-example-of-our-client\">Ein Beispiel unseres Mandanten<\/a><\/li>\n\t\t\t\t<li><a href=\"#book-writing-records\">Ver\u00f6ffentlichungsnachweise<\/a><\/li>\n\t\t\t\t<li><a href=\"#media-appearance-record\">Medienauftrittsnachweise<\/a><\/li>\n\t\t\t\t<li><a href=\"#monolith-law-magazine\">MONOLITH LAW MAGAZINE<\/a><\/li>\n\t\t\t\t<li><a href=\"#fee-structure\">Geb\u00fchrenstruktur<\/a><\/li>\n\t\t\t<\/ul>\n\t\t<\/nav>\n\t<\/div>\n<\/section>\n\n<section class=\"white-section\">\n\t<div class=\"anchor\" id=\"an-example-of-ma-track-record\"><\/div>\n\t<div class=\"section-inner\">\n\t\t<h3>Beispiele f\u00fcr M&#038;A-Referenzen<\/h3>\n\t\t<ul class=\"layout-column4\">\n\t\t\t<li>\n\t\t\t\t<div><img decoding=\"async\" src=\"\/wp-content\/themes\/monolith2021\/img\/practices-youtuberlaw\/practices-youtuberlaw_necessity_pic3.jpg\" alt=\"YouTube channel\"><\/div>\n\t\t\t\t<h4>YouTube-Kanal<\/h4>\n\t\t\t\t<p>Wir verf\u00fcgen \u00fcber Erfahrungen bei M&#038;A-Transaktionen und Due-Diligence-Pr\u00fcfungen im Wert von \u00fcber 100 Millionen Yen, wie zum Beispiel die \u00dcbertragung von VTuber- und Anime-YouTube-Kan\u00e4len.<\/p>\n\t\t\t<\/li>\n\t\t\t<li>\n\t\t\t\t<div><img decoding=\"async\" src=\"\/wp-content\/themes\/monolith2021\/img\/snsmalaw\/snsmalaw_example_pic2.jpg\" alt=\"Twitter account\"><\/div>\n\t\t\t\t<h4>Twitter-Konto<\/h4>\n\t\t\t\t<p>Wir bearbeiten eine Vielzahl von Vertr\u00e4gen und Due-Diligence-Pr\u00fcfungen im Zusammenhang mit der \u00dcbertragung von Twitter-Konten, die Informationen bereitstellen.<\/p>\n\t\t\t<\/li>\n\t\t\t<li>\n\t\t\t\t<div><img decoding=\"async\" src=\"\/wp-content\/themes\/monolith2021\/img\/snsmalaw\/snsmalaw_example_pic3.jpg\" alt=\"Instagram account\"><\/div>\n\t\t\t\t<h4>Instagram-Konto<\/h4>\n\t\t\t\t<p>Wir unterst\u00fctzen die \u00dcbertragung von Instagram-Konten als Teil der Gesch\u00e4fts\u00fcbertragung von eigenen Medien.<\/p>\n\t\t\t<\/li>\n\t\t\t<li>\n\t\t\t\t<div><img decoding=\"async\" src=\"\/wp-content\/themes\/monolith2021\/img\/snsmalaw\/snsmalaw_example_pic4.jpg\" alt=\"Other SNS\"><\/div>\n\t\t\t\t<h4>Andere soziale Netzwerke<\/h4>\n\t\t\t\t<p>Wir verf\u00fcgen ebenfalls \u00fcber Erfahrung und Know-how in Bezug auf andere soziale Netzwerke und Webdienste.<\/p>\n\t\t\t<\/li>\n\t\t<\/ul>\n\t<\/div>\n<\/section>\n\n<section class=\"white-section\">\n\t<div class=\"section-inner pdt0\">\n\t\t<div class=\"frame2 max-width860 txt-center-pc\">\n\t\t\t<p class=\"bold txt-l\">Die Kanzlei MONOLITH LAW OFFICE ist spezialisiert auf IT, Internet und Gesch\u00e4ftswesen. Wir bieten Rechtsdienstleistungen an, die von der Vertragsentwicklung bis zur Due-Diligence-Pr\u00fcfung (DD) f\u00fcr M&#038;A reichen, einschlie\u00dflich YouTube-Kan\u00e4len, von kleinen Deals bis hin zu Transaktionen \u00fcber 100 Millionen Yen.<\/p>\n\t\t<\/div>\n\t<\/div>\n<\/section>\n\n<section class=\"orange-section\">\n\t<div class=\"anchor\" id=\"ma-special-feature-on-sns-such-as-youtube\"><\/div>\n\t<div class=\"section-inner\">\n\t\t<h3>Besondere Merkmale von M&#038;A-Transaktionen auf SNS wie YouTube<\/h3>\n\t\t<ul class=\"layout-column4\">\n\t\t\t<li>\n\t\t\t\t<div><img decoding=\"async\" src=\"\/wp-content\/themes\/monolith2021\/img\/snsmalaw\/snsmalaw_specificity_pic1.jpg\" alt=\"IT\/Internet-Rechtsangelegenheiten\"><\/div>\n\t\t\t\t<h4>IT\/Internet-Rechtsangelegenheiten<\/h4>\n\t\t\t\t<p>Ohne umfangreiche Erfahrungen im IT- und Internetbereich w\u00e4re es schwierig, die rechtlichen Pr\u00fcfpunkte bei Transaktionen korrekt zu bestimmen.<\/p>\n\t\t\t<\/li>\n\t\t\t<li>\n\t\t\t\t<div><img decoding=\"async\" src=\"\/wp-content\/themes\/monolith2021\/img\/snsmalaw\/snsmalaw_specificity_pic2.jpg\" alt=\"Urheberrecht\"><\/div>\n\t\t\t\t<h4>Urheberrecht<\/h4>\n\t\t\t\t<p>Fachkenntnisse im Urheberrecht sind erforderlich, um Rechte beim \u00dcbertragen von SNS-Konten ordnungsgem\u00e4\u00df zu handhaben.<\/p>\n\t\t\t<\/li>\n\t\t\t<li>\n\t\t\t\t<div><img decoding=\"async\" src=\"\/wp-content\/themes\/monolith2021\/img\/snsmalaw\/snsmalaw_specificity_pic3.jpg\" alt=\"Lizenzierung usw.\"><\/div>\n\t\t\t\t<h4>IP-Lizenzierung<\/h4>\n\t\t\t\t<p>Das Verst\u00e4ndnis von Lizenzen, die von Dritten festgelegt wurden, ist wesentlich, wenn Inhalte in verschiedenen Medien verbreitet werden, und dies korrekt zu tun, ist eine hochspezialisierte Aufgabe.<\/p>\n\t\t\t<\/li>\n\t\t\t<li>\n\t\t\t\t<div><img decoding=\"async\" src=\"\/wp-content\/themes\/monolith2021\/img\/snsmalaw\/snsmalaw_specificity_pic4.jpg\" alt=\"Gesch\u00e4ftsbedingungen und Richtlinien\"><\/div>\n\t\t\t\t<h4>Gesch\u00e4ftsbedingungen<\/h4>\n\t\t\t\t<p>Beispielsweise erfordert der Due-Diligence-Prozess (DD) f\u00fcr YouTube-Kan\u00e4le Kenntnisse der Terminologie sowie Aktualit\u00e4t hinsichtlich der neuesten Versionen verschiedener Richtlinien.<\/p>\n\t\t\t<\/li>\n\t\t<\/ul>\n\t<\/div>\n<\/section>\n\n<section class=\"white-section\">\n\t<div class=\"anchor\" id=\"responding-to-legal-due-diligence-dd\"><\/div>\n\t<div class=\"section-inner\">\n\t\t<div class=\"flex reverse\">\n\t\t\t<div class=\"width41\"><img decoding=\"async\" src=\"\/wp-content\/themes\/monolith2021\/img\/pic\/pic_legalduediligence.jpg\" alt=\"Reaktion auf rechtliche Due Diligence (DD)\"><\/div>\n\t\t\t<div class=\"width51\">\n\t\t\t\t<h3>Reaktion auf rechtliche Sorgfaltspflichtpr\u00fcfungen<\/h3>\n\t\t\t\t<p class=\"mgb-small\">Die Gesch\u00e4fts\u00fcbertragung von SNS-Konten wie YouTube-Kan\u00e4len und Twitter sowie die Aktien\u00fcbertragung von Unternehmen, die diese besitzen, sind Vertr\u00e4ge, die in einigen F\u00e4llen eine rechtliche Sorgfaltspflichtpr\u00fcfung (DD) erfordern, genau wie sogenannte gew\u00f6hnliche M&#038;A-Transaktionen.<\/p>\n\t\t\t\t<p class=\"mgb-small\">Unsere Kanzlei MONOLITH LAW OFFICE bereitet auch rechtliche Sorgfaltspflichtpr\u00fcfungen (DD) und DD-Berichte f\u00fcr solche hochspezialisierten M&#038;A-Transaktionen vor.<\/p>\n\t\t\t\t<p class=\"txt-s\">* Bei der Erstellung eines DD-Berichts betr\u00e4gt die Arbeitszeit des Anwalts grunds\u00e4tzlich 30 Stunden oder mehr (das Anwaltshonorar betr\u00e4gt 1 Million Yen oder mehr).<\/p>\n\t\t\t<\/div>\n\t\t<\/div>\n\t<\/div>\n<\/section>\n\n<section class=\"white-section\">\n\t<div class=\"anchor\" id=\"legal-due-diligence-dd-peculiarities-of-sns-etc\"><\/div>\n\t<div class=\"section-inner-black\">\n\t\t<h3><br class=\"spOnly\">Besondere Merkmale der rechtlichen Due Diligence f\u00fcr soziale Netzwerke<\/h3>\n\t\t<p class=\"mgb-small\">Bei der Durchf\u00fchrung einer M&#038;A Due Diligence (DD) f\u00fcr einen YouTube-Kanal m\u00fcssen beispielsweise die Rechtm\u00e4\u00dfigkeit der auf dem Kanal ver\u00f6ffentlichten Videos sowie deren \u00dcbereinstimmung mit den Nutzungsbedingungen und verschiedenen Richtlinien von YouTube ber\u00fccksichtigt werden. Treten solche Probleme auf, k\u00f6nnen \u00f6ffentliche Videos gel\u00f6scht werden, und im schlimmsten Fall k\u00f6nnen Ma\u00dfnahmen wie die Sperrung des Kontos ergriffen werden, was den Wert des Kanals verf\u00e4lschen k\u00f6nnte.<\/p>\n\t\t<p class=\"mgb-small\">Hierf\u00fcr ist juristisches Wissen in verschiedenen Bereichen erforderlich, einschlie\u00dflich des Urheberrechts an Objekten und Musik, die in Videos verwendet werden, der Pers\u00f6nlichkeitsrechte und Datenschutzrechte im Zusammenhang mit dem Erscheinungsbild von Personen sowie der Werbevorschriften, die bei der Vorstellung von Kosmetika und Gesundheitsnahrung problematisch sein k\u00f6nnten. Es ist entscheidend, die Nutzungsbedingungen und verschiedenen Richtlinien zu verstehen und stets auf dem neuesten Stand zu sein.<\/p>\n\t\t<p class=\"mgb-middle\">Dar\u00fcber hinaus, da Nutzungsbedingungen und Richtlinien freiwillig erstellt werden, ist es wesentlich, eine Kanzlei wie MONOLITH LAW OFFICE zu finden, die auf diesem Gebiet spezialisiert ist.<\/p>\n\n\n\n\t<\/div>\n<\/section>\n\n<section class=\"white-section\">\n\t<div class=\"anchor\" id=\"an-example-of-our-client\"><\/div>\n\t<div class=\"section-inner\">\n\t\t<h3>Ein Beispiel unseres Mandanten<\/h3>\n\t\t<ul class=\"layout-column4 mgb-middle\">\n\t\t\t<li>\n\t\t\t\t<div><img decoding=\"async\" src=\"\/wp-content\/themes\/monolith2021\/img\/clients\/logo_zizai.png\" alt=\"ZIZAI\"><\/div>\n\t\t\t\t<h4><a href=\"https:\/\/zizai.co.jp\/\" target=\"_blank\" rel=\"noopener noreferrer\">ZIZAI Inc.<\/a><\/h4>\n\t\t\t\t<p>Wir betreuen ein Projekt f\u00fcr ZIZAI Inc., das den VTuber\/virtuellen YouTuber Miraiakari sowie den Pachinko\/Slot-Trainingsvideokanal Sulopachi Station betreibt.<\/p>\n\t\t\t<\/li>\n\t\t\t<li>\n\t\t\t\t<div><img decoding=\"async\" src=\"\/wp-content\/themes\/monolith2021\/img\/clients\/logo_plott.png\" alt=\"Plott Inc.\"><\/div>\n\t\t\t\t<h4><a href=\"https:\/\/plott.tokyo\/\" target=\"_blank\" rel=\"noopener noreferrer\">Plott Inc.<\/a><\/h4>\n\t\t\t\t<p>Wir betreuen ein Projekt der Plott Co., Ltd., die Anime-YouTube-Kan\u00e4le wie &#8220;Teikou Penguin&#8221;, &#8220;KAREKORE of MIXED BLOOD&#8221;, &#8220;Grim Reaper Flag Chan!&#8221; und &#8220;Yaruminati&#8221; managt.<\/p>\n\t\t\t<\/li>\n\t\t\t<li>\n\t\t\t\t<div><img decoding=\"async\" src=\"\/wp-content\/themes\/monolith2021\/img\/clients\/logo_algorithm.png\" alt=\"Algorithm\"><\/div>\n\t\t\t\t<h4><a href=\"https:\/\/algorithms.co.jp\/\" target=\"_blank\" rel=\"noopenerrnoreferrer noopener\">Algorithm Inc.<\/a><\/h4>\n\t\t\t\t<p>Wir betreuen ein Projekt f\u00fcr Algorithm Inc., deren Hauptgesch\u00e4ft die Akquisition und Aktivierung von Affiliate-Medien sowie der Betrieb von &#8220;feely&#8221; und &#8220;tabiyori&#8221; ist.<\/p>\n\t\t\t<\/li>\n\t\t\t<li>\n\t\t\t\t<div><img decoding=\"async\" src=\"\/wp-content\/themes\/monolith2021\/img\/clients\/logo_mediano.png\" alt=\"Mediano\"><\/div>\n\t\t\t\t<h4><a href=\"https:\/\/mediano-ltd.co.jp\/\" target=\"_blank\" rel=\"noopener noreferrer\">Mediano Co., Ltd.<\/a><\/h4>\n\t\t\t\t<p>Wir betreuen ein Projekt f\u00fcr Mediano Co., Ltd., deren Hauptgesch\u00e4ft neben Smartphone-Apps M&#038;A-Transaktionen umfasst, die die St\u00e4rken beider Parteien nutzen und auch Medieninhalte erwerben, die zur \u00dcbertragung vorgesehen sind.<\/p>\n\t\t\t<\/li>\n\t\t<\/ul>\n\t\t<p class=\"txt-s\">*Wir betreuen auch viele andere Mandantenprojekte. Hier sind nur Unternehmen aufgef\u00fchrt, die der Ver\u00f6ffentlichung ihrer Gesch\u00e4ftspartnerinformationen zugestimmt haben. Aufgrund von Vertraulichkeitsverpflichtungen wird die Tatsache, dass Sie unser Mandant sind, streng vertraulich behandelt.<\/p>\n\t<\/div>\n<\/section>\n\n<section class=\"white-section\">\n\t<div class=\"section-inner\">\n\t\t<div class=\"frame2 max-width860 txt-center-pc\">\n\t\t\t<p class=\"bold txt-l mgb-small\">Publikationst\u00e4tigkeit im Bereich YouTuber-\/VTuber-Rechtsangelegenheiten<\/p>\n\t\t\t<p>Rechtsangelegenheiten f\u00fcr YouTuber\/VTuber sind ein hochspezialisiertes Feld. Toki Kawase, unser leitender Anwalt, ist auch in der Publikationst\u00e4tigkeit zu diesen Themen engagiert.<\/p>\n\t\t<\/div>\n\t<\/div>\n<\/section>\n<section class=\"orange-section\">\n\t<div class=\"anchor\" id=\"book-writing-records\"><\/div>\n\t<div class=\"section-inner\">\n\t\t<div class=\"flex reverse\">\n\t\t\t<div class=\"width41\"><img decoding=\"async\" src=\"\/wp-content\/uploads\/2022\/07\/it_law_book.jpg\" alt=\"Ver\u00f6ffentlichungsnachweis als Anwalt mit St\u00e4rken in SNS-bezogenen Rechtsangelegenheiten wie YouTube\"><\/div>\n\t\t\t<div class=\"width51\">\n\t\t\t\t<h3>Publikationst\u00e4tigkeiten als Anwalt mit Fachkenntnissen in rechtlichen Fragen zu sozialen Netzwerken, einschlie\u00dflich YouTube<\/h3>\n\t\t\t\t<p>Das Buch &#8220;IT-Anwalt, bitte erz\u00e4hlen Sie uns \u00fcber YouTube-Gesetze und -Bedingungen&#8221; (Shodensha, 30. Juli 2022) wurde ver\u00f6ffentlicht, um Anf\u00e4ngern die mit YouTube verbundenen Vorschriften und Bedingungen zu erkl\u00e4ren. In einem Frage- und Antwortformat erkl\u00e4rt das Buch, wie man verschiedene Vertr\u00e4ge erstellt und Kontrollpunkte f\u00fcr jedes Thema, von Vertr\u00e4gen, die Voraussetzung f\u00fcr M&#038;A sind, bis hin zu Gesch\u00e4fts\u00fcbertragungsvertr\u00e4gen.<\/p>\n\t\t\t<\/div>\n\t\t<\/div>\n\t<\/div>\n<\/section>\n<section class=\"white-section\">\n\t<div class=\"anchor\" id=\"media-appearance-record\"><\/div>\n\t<div class=\"section-inner\">\n\t\t<div class=\"flex\">\n\t\t\t<div class=\"width41\"><img decoding=\"async\" src=\"\/wp-content\/themes\/monolith2021\/img\/practices-youtuberlaw\/practices-youtuberlaw_pic2.jpg\"><\/div>\n\t\t\t<div class=\"width51\">\n\t\t\t\t<h3>Gastauftritt zum Thema VTuber bei &#8220;ABEMA Prime&#8221;<\/h3>\n\t\t\t\t<p>In der Sendung &#8220;ABEMA Prime&#8221;, die am 16. Februar und 20. Mai 2022 ausgestrahlt wurde, kommentierte unser Vertretungsanwalt Toki Kawase rechtliche Fragen wie die Privatsph\u00e4re von VTubern und die umstrittenen Influencer, die im Internet f\u00fcr Aufsehen sorgen.<\/p>\n\t\t\t<\/div>\n\t\t<\/div>\n\t<\/div>\n<\/section>\n\n<section class=\"purple2-section\">\n\t<div class=\"anchor\" id=\"monolith-law-magazine\"><\/div>\n\t<div class=\"section-inner\">\n\t\t    <section class=\"white-section temp-article\">\n        <div class=\"section-inner\">\n            <h4>MONOLITH LAW MAGAZINE<\/h4>\n            <div class=\"articles type_practice_column\">\n                                                                    <div class=\"article article-area\">\n                        <figure>\n                            <div class=\"img-wrap\">\n                                <img alt=\"Die \u00dcbernahme und Gesch\u00e4fts\u00fcbertragung von virtuellen YouTubern - VTubern\" src=\"https:\/\/monolith.law\/de\/wp-content\/uploads\/sites\/14\/2023\/10\/youtuber-vtubervirtual-youtuber-ma-1.jpg\" width=\"500\" height=\"250\">\n                            <\/div>\n                            <figcaption>\n                                <div class=\"figcaption-inner\">\n                                    <h3>Die \u00dcbernahme und Gesch\u00e4fts\u00fcbertragung von virtuellen YouTubern - VTubern<\/h3>\n                                <\/div>\n                            <\/figcaption>\n                            <a href=\"https:\/\/monolith.law\/de\/internet\/virtual-youtuber-ma\"><\/a>\n                        <\/figure>\n                    <\/div>\n                                                    <div class=\"article article-area\">\n                        <figure>\n                            <div class=\"img-wrap\">\n                                <img alt=\"Die Gesch\u00e4fts\u00fcbertragung von YouTubern und der Vertrag \u00fcber das Management nach der \u00dcbertragung\" src=\"https:\/\/monolith.law\/de\/wp-content\/uploads\/sites\/14\/2023\/09\/youtuber-business-transfer-Management-contract-i.jpg\" width=\"500\" height=\"250\">\n                            <\/div>\n                            <figcaption>\n                                <div class=\"figcaption-inner\">\n                                    <h3>Die Gesch\u00e4fts\u00fcbertragung von YouTubern und der Vertrag \u00fcber das Management nach .<\/h3>\n                                <\/div>\n                            <\/figcaption>\n                            <a href=\"https:\/\/monolith.law\/de\/internet\/youtuber-business-transfer-management-contract\"><\/a>\n                        <\/figure>\n                    <\/div>\n                                            <\/div>\n            <div class=\"btn-more\"><a href=\"https:\/\/monolith.law\/de\/tag\/m-and-a-of-sns-accounts\">Read More<\/a><\/div>\n        <\/div>\n    <\/section>\n\t<\/div>\n<\/section>\n\n<section class=\"orange2-section\">\n\t<div class=\"anchor\" id=\"fee-structure\"><\/div>\n\t<div class=\"section-inner\">\n\t<div class=\"planWrap\">\n\t<h3>Geb\u00fchrenstruktur<\/h3>\n\t<ul class=\"plan\">\n\t\t<li class=\"txt-left\">\n\t\t\t<div class=\"plan-inner\">\n\t\t\t<div class=\"plan-header\">\n\t\t\t<h4 class=\"plan-title\">Stundensatz<\/h4>\n\t\t\t<div class=\"plan-price\"><span class=\"price-figure\">$300<\/span>pro Stunde<span class=\"price-tax\"><\/span><\/div>\n\t\t\t<\/div>\n\t\t\t<div class=\"plan-body\">In bestimmten F\u00e4llen k\u00f6nnen wir die \u00dcbernahme eines Streitfalls oder einer Klage mit einer Anfangsgeb\u00fchr und einer erfolgsabh\u00e4ngigen Verg\u00fctung in Betracht ziehen. F\u00fcr weitere Details stehen wir Ihnen gerne zur Verf\u00fcgung.<\/div>\n\t\t\t<\/div>\n\t\t<\/li>\n\t\t<li class=\"txt-left\">\n\t\t\t<div class=\"plan-inner\">\n\t\t\t<div class=\"plan-header\">\n\t\t\t<h4 class=\"plan-title\">Vertragsentwurf<\/h4>\n\t\t\t<div class=\"plan-price\"><span class=\"price-value\">ab<\/span><span class=\"price-figure\">$500<\/span><span class=\"price-value\">bis $2.000 oder mehr<\/span><span class=\"price-tax\"><\/span><\/div>\n\t\t\t<\/div>\n\t\t\t<div class=\"plan-body\">Die Preisstruktur kann je nach Art und Umfang der Vertr\u00e4ge variieren. Wir bieten Ihnen gerne eine vorl\u00e4ufige Kostensch\u00e4tzung auf Anfrage an, daher laden wir Sie ein, sich f\u00fcr weitere Einzelheiten an uns zu wenden.<\/div>\n\t\t\t<\/div>\n\t\t<\/li>\n\t\t<li class=\"txt-left\">\n\t\t\t<div class=\"plan-inner\">\n\t\t\t<div class=\"plan-header\">\n\t\t\t<h4 class=\"plan-title\">Weitere Dienstleistungen<\/h4>\n\t\t\t<div class=\"plan-price\"><span class=\"price-figure\">Kontaktieren Sie uns<\/span><\/div>\n\t\t\t<\/div>\n\t\t\t<div class=\"plan-body\">Wir bieten eine breite Palette von Dienstleistungen an, einschlie\u00dflich Unternehmensgr\u00fcndung, Vertragspr\u00fcfung, Rechtsgutachten, Fallpr\u00fcfung oder Forschungsschreiben. Sollten Sie Fragen oder Bedenken haben, laden wir Sie herzlich ein, uns zu kontaktieren, und unser kompetentes Team wird Ihnen gerne behilflich sein.<\/div>\n\t\t\t<\/div>\n\t\t\t<\/div>\n\t\t<\/li>\n\t<\/ul>\n\t<\/div>\n\t<\/div>\n<\/section>\n\n<section class=\"white-section\">\n\t<div class=\"section-inner\">\n\t\t<div class=\"btn-area\">\n\t\t\t<div class=\"btn icon-contact\"><a href=\"\/de\/contact\">Kontaktieren Sie uns<\/a><\/div>\n\t\t<\/div>\n\t<\/div>\n<\/section>\n","protected":false},"excerpt":{"rendered":"<p>M&amp;A von SNS-Konten Die M&amp;A von YouTube-Kan\u00e4len und Twitter-Konten ist ein hochspezialisiertes Gebiet, das spezielles Wissen und Know-how erfordert. Als eine Kanzlei mit Spezialisten f\u00fcr IT, In [&hellip;]<\/p>\n","protected":false},"author":1,"featured_media":57173,"parent":0,"menu_order":7,"comment_status":"closed","ping_status":"closed","template":"other-page-temp.php","meta":{"footnotes":""},"acf":[],"_links":{"self":[{"href":"https:\/\/monolith.law\/de\/wp-json\/wp\/v2\/pages\/31513"}],"collection":[{"href":"https:\/\/monolith.law\/de\/wp-json\/wp\/v2\/pages"}],"about":[{"href":"https:\/\/monolith.law\/de\/wp-json\/wp\/v2\/types\/page"}],"author":[{"embeddable":true,"href":"https:\/\/monolith.law\/de\/wp-json\/wp\/v2\/users\/1"}],"replies":[{"embeddable":true,"href":"https:\/\/monolith.law\/de\/wp-json\/wp\/v2\/comments?post=31513"}],"version-history":[{"count":64,"href":"https:\/\/monolith.law\/de\/wp-json\/wp\/v2\/pages\/31513\/revisions"}],"predecessor-version":[{"id":59738,"href":"https:\/\/monolith.law\/de\/wp-json\/wp\/v2\/pages\/31513\/revisions\/59738"}],"wp:featuredmedia":[{"embeddable":true,"href":"https:\/\/monolith.law\/de\/wp-json\/wp\/v2\/media\/57173"}],"wp:attachment":[{"href":"https:\/\/monolith.law\/de\/wp-json\/wp\/v2\/media?parent=31513"}],"curies":[{"name":"wp","href":"https:\/\/api.w.org\/{rel}","templated":true}]}}