{"id":31896,"date":"2021-04-23T15:41:19","date_gmt":"2021-04-23T06:41:19","guid":{"rendered":"https:\/\/monolith.law\/?page_id=31896"},"modified":"2023-12-13T19:02:59","modified_gmt":"2023-12-13T10:02:59","slug":"cybercrime","status":"publish","type":"page","link":"https:\/\/monolith.law\/de\/cybercrime","title":{"rendered":"Cyberkriminalit\u00e4t"},"content":{"rendered":"\n<section class=\"heading-area\">\n\t<div class=\"heading-area-inner\">\n\t\t<h2 class=\"icon-cybercrime\">Cyberkriminalit\u00e4t<\/h2>\n\t\t<p>Cyberkriminalit\u00e4t stellt ein ernstes Problem in der heutigen Gesellschaft dar, und es ist entscheidend, dass Unternehmen angemessene Ma\u00dfnahmen ergreifen, wenn sie Opfer solcher Verbrechen werden. Mit einem Team aus Anw\u00e4lten, die sowohl \u00fcber juristisches Wissen als auch IT-Expertise verf\u00fcgen, sowie aktiven IT-Ingenieuren und IT-Beratern, kann unsere Kanzlei MONOLITH LAW OFFICE pr\u00e4zise, auf die spezifische Situation des Unternehmens zugeschnittene Beratung bieten und Unterst\u00fctzung bei der Einleitung von Strafverfahren leisten.<\/p>\n\t<\/div>\n<\/section>\n\n<section class=\"white-section\">\n\t<div class=\"section-inner pdt0  border-bottom-section\">\n\t\t<p>Es ist effektiv, die Hilfe von Experten in Anspruch zu nehmen, die sich mit den japanischen Strafverfahren auskennen, um eine Untersuchung und Verhaftung durch die japanische Polizei in F\u00e4llen von unbefugtem Zugriff in Japan zu beschleunigen. Als auf IT spezialisierte Kanzlei bieten wir rechtliche Unterst\u00fctzung f\u00fcr Unternehmen, die Opfer von Cyberkriminalit\u00e4t wie unbefugtem Zugriff und illegaler Datenextraktion geworden sind, einschlie\u00dflich Hilfe bei der Einreichung von Strafanzeigen und Berichten, um eine strafrechtliche Untersuchung einzuleiten.<\/p>\n\t<\/div>\n<\/section>\n\n<section class=\"second-nav\">\n\t<div class=\"second-nav-inner\">\n\t\t<p>THEMEN<\/p>\n\t\t<nav>\n\t\t\t<ul>\n\t\t\t\t<li><a href=\"#specialized-expertise-in-cybersecurity\">Spezialisierte Expertise in Cybersicherheit<\/a><\/li>\n\t\t\t\t<li><a href=\"#the-need-for-addressing-cybercrime\">Die Notwendigkeit, Cyberkriminalit\u00e4t zu bek\u00e4mpfen<\/a><\/li>\n\t\t\t\t<li><a href=\"#the-challenges-of-criminal-prosecution-in-cybercrime-cases\">Die Herausforderungen der strafrechtlichen Verfolgung in Cyberkriminalit\u00e4tsf\u00e4llen<\/a><\/li>\n\t\t\t\t<li><a href=\"#synergy-of-lawyers-and-it-consultants\">Zusammenarbeit von Anw\u00e4lten und IT-Beratern<\/a><\/li>\n\t\t\t\t<li><a href=\"#monolith-law-magazine\">MONOLITH LAW MAGAZINE<\/a><\/li>\n\t\t\t\t<li><a href=\"#fee-structure\">Geb\u00fchrenstruktur<\/a><\/li>\n\t\t\t<\/ul>\n\t\t<\/nav>\n\t<\/div>\n<\/section>\n\n<section class=\"white-section\">\n\t<div class=\"anchor\" id=\"specialized-expertise-in-cybersecurity\"><\/div>\n\t<div class=\"section-inner pdb0\">\n\t\t<h3>Spezialisierte Expertise in Cybersicherheit<\/h3>\n\t\t<div class=\"max-width980 mgb-small\"><img decoding=\"async\" src=\"\/wp-content\/themes\/monolith2021\/img\/dispute\/dispute_member.jpg\" alt=\"Spezialisierte Expertise in Cybersicherheit\"><\/div>\n\t\t<div class=\"frame2 max-width860 txt-center-pc\">\n\t\t\t<p class=\"bold txt-l\">Die MONOLITH LAW OFFICE bietet spezialisierte Expertise im IT-Recht, geleitet von einem Rechtsanwalt, der fr\u00fcher als IT-Ingenieur und F\u00fchrungskraft t\u00e4tig war. Die Kanzlei besteht aus 30 Anw\u00e4lten, Kenji Shinjo (Berater), einem ehemaligen Staatsanwalt der Tokyo High Public Prosecutors Office, und einem Team von 16 IT-Beratern. Wir bieten L\u00f6sungen zur Beilegung komplexer Streitigkeiten im Zusammenhang mit Cybersicherheit, indem wir das tiefe Wissen und die Erfahrung unseres Teams im IT-Recht nutzen.<\/p>\n\t\t<\/div>\n\t<\/div>\n<\/section>\n\n<section class=\"orange-section mgt-section\">\n\t<div class=\"anchor\" id=\"the-need-for-addressing-cybercrime\"><\/div>\n\t<div class=\"section-inner\">\n\t\t<div class=\"flex\">\n\t\t\t<div class=\"width41\"><img decoding=\"async\" src=\"\/wp-content\/uploads\/2023\/05\/dispute_pic2.jpg\" alt=\"Die Notwendigkeit, Cyberkriminalit\u00e4t anzugehen\"><\/div>\n\t\t\t<div class=\"width51\">\n\t\t\t\t<h3>Die Notwendigkeit, Cyberkriminalit\u00e4t zu bek\u00e4mpfen<\/h3>\n\t\t\t\t<p class=\"mgb-small\">In der modernen Welt stellt Cyberkriminalit\u00e4t eine zunehmend bedeutende Bedrohung dar. Es gibt verschiedene Arten von Cyberangriffen, darunter unbefugter Zugriff, unrechtm\u00e4\u00dfige Datenextraktion, Spam-E-Mails, Phishing-Betrug und Malware-Angriffe.<\/p>\n\t\t\t\t<p class=\"mgb-small\">Unbefugter Zugriff bezieht sich auf das Eindringen in ein Computersystem, um Informationen zu stehlen oder zu manipulieren. F\u00fcr Unternehmen kann dies zum Diebstahl vertraulicher Informationen oder zu Systemst\u00f6rungen f\u00fchren, die eine verringerte Produktivit\u00e4t zur Folge haben. Unrechtm\u00e4\u00dfige Datenextraktion beinhaltet das Auslaufen sensibler Unternehmensinformationen an externe Quellen. Dies kann vorkommen, wenn Mitarbeiter als Insider vertrauliche Informationen aus dem Unternehmen entwenden oder wenn externe Angreifer unbefugten Zugriff erlangen, um Informationen zu stehlen.<\/p>\n\t\t\t\t<p>Diese Cyberangriffe verursachen nicht nur erheblichen Schaden f\u00fcr Unternehmen, wie Datenverletzungen und Unterbrechungen der Gesch\u00e4ftst\u00e4tigkeit, sondern untergraben auch das soziale Vertrauen in das Unternehmen durch die Weitergabe pers\u00f6nlicher Informationen. Es ist entscheidend, rechtliche Ma\u00dfnahmen zu ergreifen, um Cyberkriminalit\u00e4t zu bek\u00e4mpfen und die Sicherheit von Unternehmen und Einzelpersonen zu sch\u00fctzen.<\/p>\n\t\t\t<\/div>\n\t\t<\/div>\n\t<\/div>\n<\/section>\n\n<section class=\"white-section\">\n\t<div class=\"anchor\" id=\"the-challenges-of-criminal-prosecution-in-cybercrime-cases\"><\/div>\n\t<div class=\"section-inner\">\n\t\t<div class=\"flex reverse\">\n\t\t\t<div class=\"width41\"><img decoding=\"async\" src=\"\/wp-content\/uploads\/2023\/05\/dispute_pic2-1.jpg\" alt=\"Die Herausforderungen der strafrechtlichen Verfolgung in F\u00e4llen von Cyberkriminalit\u00e4t\"><\/div>\n\t\t\t<div class=\"width51\">\n\t\t\t\t<h3>Die Herausforderungen der strafrechtlichen Verfolgung bei Cyberkriminalit\u00e4tsf\u00e4llen<\/h3>\n\t\t\t\t<p class=\"mgb-small\">Wenn eine Person Opfer von Cyberkriminalit\u00e4t wird und den Vorfall bei der Polizei meldet, wird allgemein erwartet, dass die Polizei Ermittlungen durchf\u00fchrt, den T\u00e4ter identifiziert und mit Festnahmen und Strafverfolgungen fortf\u00e4hrt. Dies ist die &#8220;gew\u00f6hnliche Wahrnehmung der B\u00fcrger&#8221;. Leider sind jedoch in Japan, insbesondere bei Wirtschaftsdelikten, die keine Bedrohung f\u00fcr das menschliche Leben oder das k\u00f6rperliche Wohlbefinden darstellen, die Ermittlungsressourcen der Polizei in der Praxis begrenzt. Ohne gr\u00fcndliche Untersuchungen und umfangreiche Dokumentationen durch das Opfer, wie &#8220;Vorfallsberichte&#8221;, ist es schwierig, effektive Polizeiermittlungen anzusto\u00dfen.<\/p>\n\t\t\t\t<p class=\"mgb-small\">Die Menge an Dokumenten, die von unserer Kanzlei MONOLITH LAW OFFICE in einem spezifischen Fall von Cyberkriminalit\u00e4t erstellt wurden, um die tats\u00e4chliche Verhaftung und Verurteilung des T\u00e4ters zu erreichen, ist auf dem Foto rechts dargestellt. Selbst nach Einreichung einer Strafanzeige oder eines Opferberichts muss das Opfer weiterhin verschiedene detaillierte Unterlagen erstellen und einreichen, wie von der Polizei angefordert. Um Ermittlungen und Festnahmen zu erleichtern, muss eine erhebliche Menge an Dokumentation vorbereitet und eingereicht werden.<\/p>\n\t\t\t\t<p>Die Unterst\u00fctzung der strafrechtlichen Verfolgung von Opfern der Cyberkriminalit\u00e4t erfordert eine Anwaltskanzlei mit hoher Fachkompetenz und organisatorischen F\u00e4higkeiten, \u00e4hnlich wie bei gro\u00dfen Gerichtsverfahren im Bereich IT.<\/p>\n\t\t\t<\/div>\n\t\t<\/div>\n\t<\/div>\n<\/section>\n\n<section class=\"purple-section\">\n\t<div class=\"anchor\" id=\"synergy-of-lawyers-and-it-consultants\"><\/div>\n\t<div class=\"section-inner\">\n\t\t<div class=\"flex reverse\">\n\t\t\t<div class=\"width51\">\n\t\t\t\t<h3>Zusammenarbeit von Anw\u00e4lten und IT-Beratern<\/h3>\n\t\t\t\t<p class=\"mgb-small\">Um den Umfang von Sch\u00e4den effektiv zu melden und Informationen, die zu den T\u00e4tern von Cyberkriminalit\u00e4t f\u00fchren k\u00f6nnen, an die Polizei weiterzugeben, ist eine Kombination aus fortgeschrittenem IT-Wissen und rechtlicher Analyse unerl\u00e4sslich. Beispielsweise ist es bei F\u00e4llen von unbefugtem Zugriff notwendig, Protokolle von Plattformen wie Apache zu interpretieren, problematischen Zugriff zu identifizieren und dessen rechtliche Tragweite zu bewerten, um zu erkl\u00e4ren, warum dieser als &#8220;unbefugt&#8221; gilt. Diese Erkenntnisse m\u00fcssen in einem logisch koh\u00e4renten Dokument dargestellt werden.<\/p>\n\t\t\t\t<p class=\"mgb-small\">Um dies zu erreichen, sind Expertise auf dem Niveau von IT-Ingenieuren und spezialisiertes Wissen im IT-Recht unverzichtbar.<\/p>\n\t\t\t\t<p>Unsere Kanzlei MONOLITH LAW OFFICE besteht aus 30 Anw\u00e4lten, angef\u00fchrt von einem leitenden Anwalt, der ein ehemaliger IT-Ingenieur mit Erfahrung in webbasierten Unternehmen ist, sowie einem Team von 16 IT-Beratern und 85 Mitarbeitern. Mit dieser Organisationsstruktur sind wir einzigartig positioniert, um umfassende L\u00f6sungen aus einer Hand anzubieten.<\/p>\n\t\t\t<\/div>\n\t\t\t<div class=\"width41\"><img decoding=\"async\" src=\"\/wp-content\/themes\/monolith_en\/img\/operationofofmedia\/operationofofmedia_pic5.svg\" alt=\"Synergie von Anw\u00e4lten und IT-Beratern\"><\/div>\n\t\t<\/div>\n\t<\/div>\n<\/section>\n\n<section class=\"purple2-section\">\n\t<div class=\"anchor\" id=\"monolith-law-magazine\"><\/div>\n\t<div class=\"section-inner\">\n\t\t    <section class=\"white-section temp-article\">\n        <div class=\"section-inner\">\n            <h4>MONOLITH LAW MAGAZINE<\/h4>\n            <div class=\"articles type_practice_column\">\n                                                                    <div class=\"article article-area\">\n                        <figure>\n                            <div class=\"img-wrap\">\n                                <img alt=\"Ist das Erstellen von Screenshots eine Urheberrechtsverletzung? Erl\u00e4uterungen zur Identifizierung von Postern und Methoden zur Entfernung\" src=\"https:\/\/monolith.law\/de\/wp-content\/uploads\/sites\/14\/2024\/11\/30375485_m-1024x683-1.webp\" width=\"500\" height=\"250\">\n                            <\/div>\n                            <figcaption>\n                                <div class=\"figcaption-inner\">\n                                    <h3>Ist das Erstellen von Screenshots eine Urheberrechtsverletzung? Erl\u00e4uterungen zu.<\/h3>\n                                <\/div>\n                            <\/figcaption>\n                            <a href=\"https:\/\/monolith.law\/de\/it\/screenshots-copyright\"><\/a>\n                        <\/figure>\n                    <\/div>\n                                                    <div class=\"article article-area\">\n                        <figure>\n                            <div class=\"img-wrap\">\n                                <img alt=\"Eilmeldung: Die Anzahl der erkannten F\u00e4lle von unbefugtem Zugriff hat sich im Jahr Reiwa 5 (2023) verdreifacht\" src=\"https:\/\/monolith.law\/de\/wp-content\/uploads\/sites\/14\/2024\/07\/Shutterstock_2236181323.webp\" width=\"500\" height=\"250\">\n                            <\/div>\n                            <figcaption>\n                                <div class=\"figcaption-inner\">\n                                    <h3>Eilmeldung: Die Anzahl der erkannten F\u00e4lle von unbefugtem Zugriff hat sich im Ja.<\/h3>\n                                <\/div>\n                            <\/figcaption>\n                            <a href=\"https:\/\/monolith.law\/de\/it\/unauthorized-access-statistics-2023\"><\/a>\n                        <\/figure>\n                    <\/div>\n                                                    <div class=\"article article-area\">\n                        <figure>\n                            <div class=\"img-wrap\">\n                                <img alt=\"Ein Anwalt erkl\u00e4rt die vom japanischen 'Unzul\u00e4ssigen Zugriffsverbotsgesetz' verbotenen Handlungen und Beispiele\" src=\"https:\/\/monolith.law\/de\/wp-content\/uploads\/sites\/14\/2024\/04\/shutterstock_772039471-1024x683-1.jpg\" width=\"500\" height=\"250\">\n                            <\/div>\n                            <figcaption>\n                                <div class=\"figcaption-inner\">\n                                    <h3>Ein Anwalt erkl\u00e4rt die vom japanischen 'Unzul\u00e4ssigen Zugriffsverbotsgesetz' verb.<\/h3>\n                                <\/div>\n                            <\/figcaption>\n                            <a href=\"https:\/\/monolith.law\/de\/it\/injustice-access-law\"><\/a>\n                        <\/figure>\n                    <\/div>\n                                            <\/div>\n            <div class=\"btn-more\"><a href=\"https:\/\/monolith.law\/de\/tag\/cybercrime\">Read More<\/a><\/div>\n        <\/div>\n    <\/section>\n\t<\/div>\n<\/section>\n\n<section class=\"orange2-section\">\n\t<div class=\"anchor\" id=\"fee-structure\"><\/div>\n\t<div class=\"section-inner\">\n\t<div class=\"planWrap\">\n\t<h3>Geb\u00fchrenstruktur<\/h3>\n\t<ul class=\"plan\">\n\t\t<li class=\"txt-left\">\n\t\t\t<div class=\"plan-inner\">\n\t\t\t<div class=\"plan-header\">\n\t\t\t<h4 class=\"plan-title\">Stundensatz<\/h4>\n\t\t\t<div class=\"plan-price\"><span class=\"price-figure\">$300<\/span>pro Stunde<span class=\"price-tax\"><\/span><\/div>\n\t\t\t<\/div>\n\t\t\t<div class=\"plan-body\">In bestimmten F\u00e4llen k\u00f6nnen wir die \u00dcbernahme eines Streitfalls oder einer Klage mit einer Anfangsgeb\u00fchr und einer erfolgsabh\u00e4ngigen Verg\u00fctung in Betracht ziehen. F\u00fcr weitere Details stehen wir Ihnen gerne zur Verf\u00fcgung.<\/div>\n\t\t\t<\/div>\n\t\t<\/li>\n\t\t<li class=\"txt-left\">\n\t\t\t<div class=\"plan-inner\">\n\t\t\t<div class=\"plan-header\">\n\t\t\t<h4 class=\"plan-title\">Vertragsentwurf<\/h4>\n\t\t\t<div class=\"plan-price\"><span class=\"price-value\">ab<\/span><span class=\"price-figure\">$500<\/span><span class=\"price-value\">bis $2.000 oder mehr<\/span><span class=\"price-tax\"><\/span><\/div>\n\t\t\t<\/div>\n\t\t\t<div class=\"plan-body\">Die Preisstruktur kann je nach Art und Umfang der Vertr\u00e4ge variieren. Wir bieten Ihnen gerne eine vorl\u00e4ufige Kostensch\u00e4tzung an, daher laden wir Sie ein, sich f\u00fcr weitere Einzelheiten an uns zu wenden.<\/div>\n\t\t\t<\/div>\n\t\t<\/li>\n\t\t<li class=\"txt-left\">\n\t\t\t<div class=\"plan-inner\">\n\t\t\t<div class=\"plan-header\">\n\t\t\t<h4 class=\"plan-title\">Weitere Dienstleistungen<\/h4>\n\t\t\t<div class=\"plan-price\"><span class=\"price-figure\">Kontaktieren Sie uns<\/span><\/div>\n\t\t\t<\/div>\n\t\t\t<div class=\"plan-body\">Wir bieten eine breite Palette von Dienstleistungen an, einschlie\u00dflich Unternehmensgr\u00fcndung, Vertragspr\u00fcfung, Rechtsgutachten, Fallpr\u00fcfung oder Forschungsschreiben. Sollten Sie Fragen oder Bedenken haben, laden wir Sie herzlich ein, uns zu kontaktieren, und unser kompetentes Team wird Ihnen gerne behilflich sein.<\/div>\n\t\t\t<\/div>\n\t\t\t<\/div>\n\t\t<\/li>\n\t<\/ul>\n\t<\/div>\n\t<\/div>\n<\/section>\n\n<section class=\"white-section\">\n\t<div class=\"section-inner\">\n\t\t<div class=\"btn-area\">\n\t\t\t<div class=\"btn icon-contact\"><a href=\"\/de\/contact\">Kontaktieren Sie uns<\/a><\/div>\n\t\t<\/div>\n\t<\/div>\n<\/section>\n","protected":false},"excerpt":{"rendered":"<p>Cyberkriminalit\u00e4t Cyberkriminalit\u00e4t stellt ein ernstes Problem in der heutigen Gesellschaft dar, und es ist entscheidend, dass Unternehmen angemessene Ma\u00dfnahmen ergreifen, wenn sie Opfer solcher Verbr [&hellip;]<\/p>\n","protected":false},"author":26,"featured_media":57158,"parent":0,"menu_order":7,"comment_status":"closed","ping_status":"closed","template":"other-page-temp.php","meta":{"footnotes":""},"acf":[],"_links":{"self":[{"href":"https:\/\/monolith.law\/de\/wp-json\/wp\/v2\/pages\/31896"}],"collection":[{"href":"https:\/\/monolith.law\/de\/wp-json\/wp\/v2\/pages"}],"about":[{"href":"https:\/\/monolith.law\/de\/wp-json\/wp\/v2\/types\/page"}],"author":[{"embeddable":true,"href":"https:\/\/monolith.law\/de\/wp-json\/wp\/v2\/users\/26"}],"replies":[{"embeddable":true,"href":"https:\/\/monolith.law\/de\/wp-json\/wp\/v2\/comments?post=31896"}],"version-history":[{"count":21,"href":"https:\/\/monolith.law\/de\/wp-json\/wp\/v2\/pages\/31896\/revisions"}],"predecessor-version":[{"id":59763,"href":"https:\/\/monolith.law\/de\/wp-json\/wp\/v2\/pages\/31896\/revisions\/59763"}],"wp:featuredmedia":[{"embeddable":true,"href":"https:\/\/monolith.law\/de\/wp-json\/wp\/v2\/media\/57158"}],"wp:attachment":[{"href":"https:\/\/monolith.law\/de\/wp-json\/wp\/v2\/media?parent=31896"}],"curies":[{"name":"wp","href":"https:\/\/api.w.org\/{rel}","templated":true}]}}