{"id":32193,"date":"2021-05-10T15:23:51","date_gmt":"2021-05-10T06:23:51","guid":{"rendered":"https:\/\/monolith.law\/?page_id=32193"},"modified":"2023-12-13T19:14:55","modified_gmt":"2023-12-13T10:14:55","slug":"terms-of-use","status":"publish","type":"page","link":"https:\/\/monolith.law\/de\/terms-of-use","title":{"rendered":"Nutzungsbedingungen"},"content":{"rendered":"\n<section class=\"heading-area\">\n\t<div class=\"heading-area-inner\">\n\t\t<h2 class=\"icon-terms-of-use\">Nutzungsbedingungen<\/h2>\n\t\t<p>Bei MONOLITH LAW OFFICE befassen wir uns mit der Erstellung und \u00dcberpr\u00fcfung von Nutzungsbedingungen und Datenschutzrichtlinien f\u00fcr verschiedene Apps, Dienste und Spiele in Japan. Dar\u00fcber hinaus k\u00f6nnen wir Ihre Anforderungsdefinitionen f\u00fcr die entsprechende App-Entwicklung, Adobe XD-Frameworks, Landing Pages, Verkaufsmaterialien f\u00fcr potenzielle Kunden und andere vorhandene Dokumente und Daten lesen und analysieren.<\/p>\n\t<\/div>\n<\/section>\n\n<section class=\"white-section\">\n\t<div class=\"section-inner pdt0  border-bottom-section\">\n\t\t<p class=\"mgb-small\">Bei MONOLITH LAW OFFICE erstellen, \u00e4ndern und \u00fcberpr\u00fcfen wir verschiedene Nutzungsbedingungen, Datenschutzrichtlinien und andere notwendige Vereinbarungen in \u00dcbereinstimmung mit den geltenden Gesetzen und Vorschriften in Japan. Wir sind spezialisiert auf die rechtliche Unterst\u00fctzung von Apps, Diensten, Spielen und anderen digitalen Plattformen.<\/p>\n\t\t<p class=\"mgb-small\">Wir k\u00f6nnen mit Ihren vorhandenen Materialien und Daten arbeiten, wie Anforderungsdefinitionen, mit Adobe XD erstellten Frameworks, Landing Pages und Verkaufsmaterialien, die auf potenzielle Kunden abzielen. Unser Team ist in der Lage, diese Materialien zu verstehen und zu analysieren, um die rechtliche Konformit\u00e4t sicherzustellen und wertvolle Einblicke zu bieten.<\/p>\n\t\t<p>Z\u00f6gern Sie nicht, uns zu kontaktieren, wenn Sie Unterst\u00fctzung beim Entwerfen oder Aktualisieren Ihrer Nutzungsbedingungen, Datenschutzrichtlinien oder anderer rechtlicher Dokumente ben\u00f6tigen, die f\u00fcr den Betrieb und die Einf\u00fchrung Ihrer App oder Ihres digitalen Dienstes erforderlich sind.<\/p>\n\t<\/div>\n<\/section>\n\n<section class=\"second-nav\">\n\t<div class=\"second-nav-inner\">\n\t\t<p>THEMEN<\/p>\n\t\t<nav>\n\t\t\t<ul>\n\t\t\t\t<li><a href=\"#apps-web-services-and-digital-platforms\">Apps, Webdienste und digitale Plattformen<\/a><\/li>\n\t\t\t\t<li><a href=\"#games\">Spiele<\/a><\/li>\n\t\t\t\t<li><a href=\"#publication-of-books-on-legal-matters-related-to-it\">Ver\u00f6ffentlichung von B\u00fcchern zu rechtlichen Fragen im Zusammenhang mit IT<\/a><\/li>\n\t\t\t\t<li><a href=\"#crypto-asset-and-blockchain\">Krypto-Assets und Blockchain<\/a><\/li>\n\t\t\t\t<li><a href=\"#medical-Apps-etc\">Medizinische Apps usw.<\/a><\/li>\n\t\t\t\t<li><a href=\"#drafting-with-minimal-operating-time\">Entwurf mit minimaler Betriebszeit<\/a><\/li>\n\t\t\t\t<li><a href=\"#some-examples-of-our-clients-and-the-products\">Einige Beispiele unserer Kunden und ihrer Produkte<\/a><\/li>\n\t\t\t\t<li><a href=\"#monolith-law-magazine\">MONOLITH LAW MAGAZINE<\/a><\/li>\n\t\t\t\t<li><a href=\"#fee-structure\">Geb\u00fchrenstruktur<\/a><\/li>\n\t\t\t<\/ul>\n\t\t<\/nav>\n\t<\/div>\n<\/section>\n\n<section class=\"white-section mgt-section mgb-section80\">\n\t<div class=\"anchor\" id=\"apps-web-services-and-digital-platforms\"><\/div>\n\t<div class=\"section-inner-black\">\n\t\t<h3>Apps, Webdienste und digitale Plattformen<\/h3>\n\t\t<p class=\"mgb-middle\">Wir von MONOLITH LAW OFFICE verf\u00fcgen \u00fcber umfangreiche Erfahrung in der Erstellung und Anpassung von Nutzungsbedingungen, Datenschutzrichtlinien und anderen rechtlichen Dokumenten, die mit Apps, Webdiensten und digitalen Plattformen in Verbindung stehen. Dar\u00fcber hinaus bieten wir Beratungsdienste an, um die rechtm\u00e4\u00dfige Betreibung von Webdiensten und Apps gem\u00e4\u00df den geltenden Vorschriften zu unterst\u00fctzen.<\/p>\n\t\t<h4 class=\"mgb-small\">Hier einige Beispiele unserer Erfolge<\/h4>\n\t\t<p class=\"mgb-middle\">Dienste f\u00fcr die Verbreitung von Hintergrundmusik und Soundeffekten, Apps zur Wiedergabe von Hintergrundmusik, SaaS-basierte Spracherkennungsdienste f\u00fcr B2B, Direktvertriebs-E-Commerce-Websites, EC-Plattformen, Dienste zur Datenintegration zwischen SaaS-Plattformen, Integrationsdienste f\u00fcr SaaS-Anbieter, K\u00fcnstlerplattformen, Verkaufsunterst\u00fctzungstools, Apps f\u00fcr das pers\u00f6nliche Finanzmanagement, Webdienste und Plattformen f\u00fcr die Jobsuche, Cloud-basierte Ausgabenmanagementdienste, Cloud-basierte Anwesenheitsmanagementdienste, Cloud-basierte Dienste zur Reisekostenabrechnung, Nahrungserg\u00e4nzungsmittel-Vertriebsdienste, Politikbezogene soziale Netzwerkdienste, Taxi-Dispositions-Apps, Outsourcing-Dienste f\u00fcr Datenanalysen, Video-basierte soziale Netzwerkdienste, Gesch\u00e4ftsorientierte soziale Netzwerkplattformen, Business-Matching-Websites, Plattformen f\u00fcr Krankenhaustermine, Programmierschulen, Blockchain-basierte soziale Netzwerkdienste, Blockchain-basierte Werbenetzwerke, Referenzdienste, Reise-Concierge-Dienste, Sicherheitsbest\u00e4tigungsdienste, Medizinische Informationsnetzwerksysteme, Kryptow\u00e4hrungsb\u00f6rsen (im Ausland), Datenbankwebsites f\u00fcr kieferorthop\u00e4dische Kliniken, Behindertenunterst\u00fctzungsdienste, Cloud-basierte Dienste f\u00fcr die Rekrutierung von Hochschulabsolventen, Mitarbeitermanagement und Mitarbeiterschulungen, Offizielle Websites f\u00fcr den Verkauf importierter Autos, Lebenshilfedienste, Unterst\u00fctzungsdienste f\u00fcr Start-ups, Dienste zur \u00dcberpr\u00fcfung auf Antisozialit\u00e4t<\/p>\n\t<\/div>\n<\/section>\n\n<section class=\"white-section mgt-section mgb-section\">\n\t<div class=\"anchor\" id=\"games\"><\/div>\n\t<div class=\"section-inner-black\">\n\t\t<h3>Spiele<\/h3>\n\t\t<p class=\"mgb-small\">Wir von MONOLITH LAW OFFICE verf\u00fcgen \u00fcber umfangreiche Erfahrung in der Erstellung von Nutzungsbedingungen f\u00fcr verschiedene Arten von Spielen, von Konsolenspielen bis hin zu mobilen Spielen. Wir verstehen die rechtlichen Implikationen und Anforderungen, die mit dem Betrieb von Spielen zusammenh\u00e4ngen, einschlie\u00dflich des Urheberrechtsgesetzes, des Gesetzes \u00fcber Preisverleihungen, des Zahlungsdienstegesetzes, des Verbrauchervertragsrechts, des Gesetzes \u00fcber spezifische Handelstransaktionen und des Telekommunikationsgesetzes. Wir k\u00f6nnen Sie bei der Erstellung umfassender Nutzungsbedingungen unterst\u00fctzen, die den relevanten Vorschriften entsprechen.<\/p>\n\t\t<p class=\"mgb-small\">Dar\u00fcber hinaus gehen unsere Dienstleistungen \u00fcber die anf\u00e4ngliche Erstellung von Nutzungsbedingungen hinaus. Wir bieten Beratung zur rechtm\u00e4\u00dfigen Durchf\u00fchrung von Veranstaltungen und anderen Aktivit\u00e4ten im Zusammenhang mit dem Spielbetrieb an. Unser Team kennt sich mit den rechtlichen Aspekten von Spielevents aus und kann Anleitung bieten, um die Einhaltung der geltenden Gesetze und Vorschriften sicherzustellen.<\/p>\n\t\t<p class=\"mgb-middle\">Ganz gleich, ob Sie Spieleentwickler sind oder ein Unternehmen, das im Bereich des Spielbetriebs t\u00e4tig ist, wir sind bestens darauf vorbereitet, ma\u00dfgeschneiderte rechtliche Unterst\u00fctzung zu bieten, um Ihren spezifischen Bed\u00fcrfnissen in der Spieleindustrie gerecht zu werden.<\/p>\n\t<\/div>\n<\/section>\n\n<section class=\"purple-section\">\n\t<div class=\"anchor\" id=\"publication-of-books-on-legal-matters-related-to-it\"><\/div>\n\t<div class=\"section-inner\">\n\t\t<div class=\"flex reverse\">\n\t\t\t<div class=\"width41\"><img decoding=\"async\" src=\"\/wp-content\/themes\/monolith2021\/img\/pic\/pic_publishing.jpg\" alt=\"Ver\u00f6ffentlichung von B\u00fcchern zu rechtlichen Fragen im Zusammenhang mit IT\"><\/div>\n\t\t\t<div class=\"width51\">\n\t\t\t\t<h3>Ver\u00f6ffentlichung von B\u00fcchern zu rechtlichen Fragen im Zusammenhang mit IT<\/h3>\n\t\t\t\t<p>Als Anwaltskanzlei, die sich auf Systementwicklung und IT-rechtliche Fragen spezialisiert hat, einschlie\u00dflich der Erstellung von Nutzungsbedingungen, Webdiensten, Apps und spielbezogenen Problemen, hat die MONOLITH LAW OFFICE ein Buch mit dem Titel &#8220;Verst\u00e4ndliche Rechtsfragen und Antworten f\u00fcr IT-Ingenieure&#8221; ver\u00f6ffentlicht. Das Buch wurde von einem ehemaligen Ingenieur, der zum Anwalt wurde, verfasst und richtet sich haupts\u00e4chlich an IT-Ingenieure. Es bietet Erkl\u00e4rungen zu rechtlichen Kenntnissen, die speziell auf ihre Bed\u00fcrfnisse zugeschnitten sind, und behandelt Themen wie die Erstellung von Nutzungsbedingungen. Das Buch zielt darauf ab, einen benutzerfreundlichen Ansatz zu rechtlichen Konzepten zu bieten und IT-Ingenieuren bei der Navigation durch die rechtlichen Aspekte ihrer Arbeit zu helfen.<\/p>\n\t\t\t<\/div>\n\t\t<\/div>\n\t<\/div>\n<\/section>\n\n<section class=\"white-section\">\n\t<div class=\"anchor\" id=\"crypto-asset-and-blockchain\"><\/div>\n\t<div class=\"section-inner\">\n\t\t<div class=\"flex\">\n\t\t\t<div class=\"width41\"><img decoding=\"async\" src=\"\/wp-content\/uploads\/2022\/07\/shutterstock_1151380622_2.png\" alt=\"Crypto Asset und Blockchain\"><\/div>\n\t\t\t<div class=\"width51\">\n\t\t\t\t<h3>Krypto-Assets und Blockchain<\/h3>\n\t\t\t\t<p>Die MONOLITH LAW OFFICE ist seit ihrer Gr\u00fcndung im Jahr 2017 aktiv in der rechtlichen Arbeit im Zusammenhang mit Krypto-Assets und Blockchain-Technologie t\u00e4tig. Wir sind auch gut ger\u00fcstet, um rechtliche Fragen im Zusammenhang mit Blockchain-basierten Spielen zu behandeln. Mit unserer Expertise in IT- und spielbezogenen rechtlichen Fragen k\u00f6nnen wir umfassende Unterst\u00fctzung bei der Bew\u00e4ltigung der rechtlichen Komplexit\u00e4t von Blockchain-Spielen bieten, einschlie\u00dflich regulatorischer Compliance, Schutz des geistigen Eigentums, Nutzungsvereinbarungen und mehr.<\/p>\n\t\t\t<\/div>\n\t\t<\/div>\n\t<\/div>\n<\/section>\n\n<section class=\"white-section mgb-section\">\n\t<div class=\"anchor\" id=\"medical-Apps-etc\"><\/div>\n\t<div class=\"section-inner-black\">\n\t\t<h3>Medizinische Apps usw.<\/h3>\n\t\t<p class=\"mgb-small\">Unsere Kanzlei verf\u00fcgt \u00fcber ein starkes Team von Anw\u00e4lten, einschlie\u00dflich des Gr\u00fcndungsanwalts mit Hintergrund in IT-Technik und Anw\u00e4lten mit umfangreicher Erfahrung in der Bearbeitung von medizinischen F\u00e4llen. Mit dieser Expertise sind wir gut ger\u00fcstet, um Gesch\u00e4fte, Apps und Webdienste im Gesundheitswesen zu betreuen. Wir haben eine nachgewiesene Erfolgsbilanz in diesem Bereich.<\/p>\n\t\t<p class=\"mgb-middle\">Die rechtliche Landschaft rund um das Gesundheitswesen in Japan kann komplex sein, aber Sie k\u00f6nnen sich darauf verlassen, dass unsere Kanzlei Sie durch die Feinheiten navigiert. Wir k\u00f6nnen umfassende rechtliche Unterst\u00fctzung anbieten, die auf die einzigartigen Bed\u00fcrfnisse des medizinischen Sektors zugeschnitten ist, einschlie\u00dflich regulatorischer Compliance, Datenschutz, Lizenzierung, Vertr\u00e4ge und Streitbeilegung. Unser Ziel ist es, sicherzustellen, dass Ihre gesundheitsbezogenen Unternehmungen in \u00dcbereinstimmung mit den geltenden Gesetzen und Vorschriften durchgef\u00fchrt werden und dabei Ihre Interessen gesch\u00fctzt werden.<\/p>\n\t<\/div>\n<\/section>\n\n<section class=\"orange-section\">\n\t<div class=\"anchor\" id=\"drafting-with-minimal-operating-time\"><\/div>\n\t<div class=\"section-inner\">\n\t\t<div class=\"flex\">\n\t\t\t<div class=\"width41\"><img decoding=\"async\" src=\"\/wp-content\/themes\/monolith2021\/img\/pic\/pic_draft.jpg\" alt=\"Entwurf mit minimaler Betriebszeit\"><\/div>\n\t\t\t<div class=\"width51\">\n\t\t\t\t<h3>Entwurf mit minimaler Betriebszeit<\/h3>\n\t\t\t\t<p class=\"mgb-small\">Da unser Hauptanwalt ein ehemaliger IT-Ingenieur ist, haben wir die F\u00e4higkeit, die technischen Aspekte, die Benutzeroberfl\u00e4che und die Funktionalit\u00e4t von Apps und Webdiensten zu verstehen, wenn wir Nutzungsbedingungen und andere verwandte Dokumente erstellen. Wir k\u00f6nnen bestehende Anforderungsdefinitionen, Frameworks, Landing Pages und Marketingmaterialien, die Ihr Unternehmen bereits besitzt, nutzen, um die notwendigen Informationen auf unserer Seite zu interpretieren und zu extrahieren.<\/p>\n\t\t\t\t<p>Indem wir die Notwendigkeit umfangreicher Interviews oder Meetings minimieren, k\u00f6nnen wir die Nutzungsbedingungen effizient entwerfen, w\u00e4hrend wir die Kommunikationskosten und -zeitr\u00e4ume komprimieren. Dieser Ansatz erm\u00f6glicht es uns, den Prozess zu optimieren und die Ergebnisse in einer zeitnahen Weise zu liefern.<\/p>\n\t\t\t<\/div>\n\t\t<\/div>\n\t<\/div>\n<\/section>\n\n<section class=\"white-section\">\n\t<div class=\"anchor\" id=\"some-examples-of-our-clients-and-the-products\"><\/div>\n\t<div class=\"section-inner\">\n\t\t<h3>Einige Beispiele unserer Mandanten und ihrer Produkte<\/h3>\n\t\t<ul class=\"layout-column4 mgb-middle\">\n\t\t\t<li>\n\t\t\t\t<div><img decoding=\"async\" src=\"\/wp-content\/themes\/monolith2021\/img\/clients\/logo_tokium.png\"><\/div>\n\t\t\t\t<h4><a href=\"https:\/\/www.keihi.com\/lp\/\" target=\"_blank\" rel=\"noopener noreferrer\">TOKIUM Expense Reimbursement<\/a><\/h4>\n\t\t\t\t<p>Wir haben mit TOKIUM Inc. zusammengearbeitet, dem Unternehmen hinter der Unternehmensfinanz-App \u201eTOKIUM Expense Reimbursement\u201c, als deren Chief Legal Officer. Wir haben rechtliche Unterst\u00fctzung f\u00fcr ihre Projekte geleistet, einschlie\u00dflich der Ver\u00f6ffentlichung ihres Auslagenabrechnungssystems \u201eTOKIUM Invoice\u201c.<\/p>\n\t\t\t<\/li>\n\t\t\t<li>\n\t\t\t\t<div><img decoding=\"async\" src=\"\/wp-content\/themes\/monolith2021\/img\/clients\/logo_seculio.png\"><\/div>\n\t\t\t\t<h4><a href=\"https:\/\/www.lrm.jp\/seculio\/feature\/\" target=\"_blank\" rel=\"noopener noreferrer\">Securio<\/a><\/h4>\n\t\t\t\t<p>Wir waren Pr\u00fcfer f\u00fcr die LRM Corporation, die Securio herausbringt, welches das Bewusstsein f\u00fcr Informationssicherheit im gesamten Unternehmen verbessert.<\/p>\n\t\t\t<\/li>\n\t\t\t<li>\n\t\t\t\t<div><img decoding=\"async\" src=\"\/wp-content\/themes\/monolith2021\/img\/clients\/logo_tribeau.png\"><\/div>\n\t\t\t\t<h4><a href=\"https:\/\/corp.tribeau.jp\/\" target=\"_blank\" rel=\"noopener noreferrer\">TRIBEAU<\/a><\/h4>\n\t\t\t\t<p>Wir haben mit TRIBEAU Inc. zusammengearbeitet, dem Unternehmen hinter der Beauty-Medical-Bewertungs- und Reservierungs-App \u201eTRIBEAU\u201c. Wir haben rechtliche Unterst\u00fctzung f\u00fcr die Ver\u00f6ffentlichung sowohl ihrer App- als auch ihrer Web-Service-Versionen geleistet.<\/p>\n\t\t\t<\/li>\n\t\t\t<li>\n\t\t\t\t<div><img decoding=\"async\" src=\"\/wp-content\/themes\/monolith2021\/img\/clients\/logo_flowerknightgirl.png\"><\/div>\n\t\t\t\t<h4><a href=\"https:\/\/flower-knight-girl.com\/\" target=\"_blank\" rel=\"noopener noreferrer\">FLOWER KNIGHT GIRL<\/a><\/h4>\n\t\t\t\t<p>Wir haben YourGames Inc. bei der Ver\u00f6ffentlichung ihres beliebten RPG-Spiels \u201eFLOWER KNIGHT GIRL\u201c unterst\u00fctzt, das mehr als eine Million registrierte Nutzer \u00fcberschritten hat. Das Spiel ist auf der DMM GAMES Plattform verf\u00fcgbar.<\/p>\n\t\t\t<\/li>\n\t\t<\/ul>\n\t\t<p class=\"txt-s\">* Bitte beachten Sie, dass dies nur einige Beispiele sind und wir mit zahlreichen anderen Mandanten zusammengearbeitet haben. Wir legen gro\u00dfen Wert auf die Vertraulichkeit unserer Mandanten und geben die Beteiligung an Unternehmen nur bekannt, wenn diese ihre Zustimmung zur \u00f6ffentlichen Anerkennung gegeben haben oder wenn sie als F\u00fchrungskr\u00e4fte in \u00f6ffentlichen Registern eingetragen sind.<\/p>\n\t<\/div>\n<\/section>\n\n<section class=\"purple2-section\">\n\t<div class=\"anchor\" id=\"monolith-law-magazine\"><\/div>\n\t<div class=\"section-inner\">\n\t\t    <section class=\"white-section temp-article\">\n        <div class=\"section-inner\">\n            <h4>MONOLITH LAW MAGAZINE<\/h4>\n            <div class=\"articles type_practice_column\">\n                                                                    <div class=\"article article-area\">\n                        <figure>\n                            <div class=\"img-wrap\">\n                                <img alt=\"Ist die Vermittlung von Google-Bewertungen illegal? Eine Erkl\u00e4rung zum Verh\u00e4ltnis zum Gesetz gegen unlauteren Wettbewerb und den Strafen\" src=\"https:\/\/monolith.law\/de\/wp-content\/uploads\/sites\/14\/2025\/08\/18d044df35c4f42bb7e1507848a5e228.webp\" width=\"500\" height=\"250\">\n                            <\/div>\n                            <figcaption>\n                                <div class=\"figcaption-inner\">\n                                    <h3>Ist die Vermittlung von Google-Bewertungen illegal? Eine Erkl\u00e4rung zum Verh\u00e4ltni.<\/h3>\n                                <\/div>\n                            <\/figcaption>\n                            <a href=\"https:\/\/monolith.law\/de\/it\/google-review-agency\"><\/a>\n                        <\/figure>\n                    <\/div>\n                                                    <div class=\"article article-area\">\n                        <figure>\n                            <div class=\"img-wrap\">\n                                <img alt=\"Was ist die \"Cloud-Ausnahme\" im Datenschutzgesetz? Eine Erl\u00e4uterung anhand von realen Beispielen administrativer Anweisungen an Cloud-Service-Anbieter.\" src=\"https:\/\/monolith.law\/de\/wp-content\/uploads\/sites\/14\/2025\/08\/0cdfadb6e93fc71449935bfe824bbde2.jpg\" width=\"500\" height=\"250\">\n                            <\/div>\n                            <figcaption>\n                                <div class=\"figcaption-inner\">\n                                    <h3>Was ist die \"Cloud-Ausnahme\" im Datenschutzgesetz? Eine Erl\u00e4uterung anhand von r.<\/h3>\n                                <\/div>\n                            <\/figcaption>\n                            <a href=\"https:\/\/monolith.law\/de\/it\/personal-information-cloud-exceptions\"><\/a>\n                        <\/figure>\n                    <\/div>\n                                                    <div class=\"article article-area\">\n                        <figure>\n                            <div class=\"img-wrap\">\n                                <img alt=\"Risiken bei der Einf\u00fchrung von ChatGPT in Unternehmen: Erl\u00e4uterung von F\u00e4llen und Ma\u00dfnahmen bei der Verletzung von Vertraulichkeitspflichten\" src=\"https:\/\/monolith.law\/de\/wp-content\/uploads\/sites\/14\/2024\/04\/Shutterstock_2344328899.webp\" width=\"500\" height=\"250\">\n                            <\/div>\n                            <figcaption>\n                                <div class=\"figcaption-inner\">\n                                    <h3>Risiken bei der Einf\u00fchrung von ChatGPT in Unternehmen: Erl\u00e4uterung von F\u00e4llen un.<\/h3>\n                                <\/div>\n                            <\/figcaption>\n                            <a href=\"https:\/\/monolith.law\/de\/it\/chatgpt-confidential-leak\"><\/a>\n                        <\/figure>\n                    <\/div>\n                                            <\/div>\n            <div class=\"btn-more\"><a href=\"https:\/\/monolith.law\/de\/tag\/terms-of-use\">Read More<\/a><\/div>\n        <\/div>\n    <\/section>\n\t<\/div>\n<\/section>\n\n<section class=\"orange2-section\">\n\t<div class=\"anchor\" id=\"fee-structure\"><\/div>\n\t<div class=\"section-inner\">\n\t<div class=\"planWrap\">\n\t<h3>Geb\u00fchrenstruktur<\/h3>\n\t<ul class=\"plan\">\n\t\t<li class=\"txt-left\">\n\t\t\t<div class=\"plan-inner\">\n\t\t\t<div class=\"plan-header\">\n\t\t\t<h4 class=\"plan-title\">Stundensatz<\/h4>\n\t\t\t<div class=\"plan-price\"><span class=\"price-figure\">$300<\/span>pro Stunde<span class=\"price-tax\"><\/span><\/div>\n\t\t\t<\/div>\n\t\t\t<div class=\"plan-body\">In bestimmten F\u00e4llen k\u00f6nnen wir die \u00dcbernahme eines Streitfalls oder einer Klage mit einer Anfangsgeb\u00fchr und einer erfolgsabh\u00e4ngigen Verg\u00fctung in Betracht ziehen. F\u00fcr weitere Details stehen wir Ihnen gerne zur Verf\u00fcgung.<\/div>\n\t\t\t<\/div>\n\t\t<\/li>\n\t\t<li class=\"txt-left\">\n\t\t\t<div class=\"plan-inner\">\n\t\t\t<div class=\"plan-header\">\n\t\t\t<h4 class=\"plan-title\">Vertragsentwurf<\/h4>\n\t\t\t<div class=\"plan-price\"><span class=\"price-value\">ab<\/span><span class=\"price-figure\">$500<\/span><span class=\"price-value\">bis $2.000 oder mehr<\/span><span class=\"price-tax\"><\/span><\/div>\n\t\t\t<\/div>\n\t\t\t<div class=\"plan-body\">Die Preisstruktur kann je nach Art und Umfang der Vertr\u00e4ge variieren. Wir bieten Ihnen gerne eine vorl\u00e4ufige Kostensch\u00e4tzung auf Anfrage an, daher laden wir Sie ein, sich f\u00fcr weitere Einzelheiten an uns zu wenden.<\/div>\n\t\t\t<\/div>\n\t\t<\/li>\n\t\t<li class=\"txt-left\">\n\t\t\t<div class=\"plan-inner\">\n\t\t\t<div class=\"plan-header\">\n\t\t\t<h4 class=\"plan-title\">Weitere Dienstleistungen<\/h4>\n\t\t\t<div class=\"plan-price\"><span class=\"price-figure\">Kontaktieren Sie uns<\/span><\/div>\n\t\t\t<\/div>\n\t\t\t<div class=\"plan-body\">Wir bieten eine breite Palette von Dienstleistungen an, einschlie\u00dflich Unternehmensgr\u00fcndung, Vertragspr\u00fcfung, Rechtsgutachten, Fallpr\u00fcfung oder Forschungsschreiben. Sollten Sie Fragen oder Bedenken haben, laden wir Sie herzlich ein, uns zu kontaktieren, und unser kompetentes Team wird Ihnen gerne behilflich sein.<\/div>\n\t\t\t<\/div>\n\t\t\t<\/div>\n\t\t<\/li>\n\t<\/ul>\n\t<\/div>\n\t<\/div>\n<\/section>\n\n<section class=\"white-section\">\n\t<div class=\"section-inner\">\n\t\t<div class=\"btn-area\">\n\t\t\t<div class=\"btn icon-contact\"><a href=\"\/de\/contact\">Kontaktieren Sie uns<\/a><\/div>\n\t\t<\/div>\n\t<\/div>\n<\/section>\n","protected":false},"excerpt":{"rendered":"<p>Nutzungsbedingungen Bei MONOLITH LAW OFFICE befassen wir uns mit der Erstellung und \u00dcberpr\u00fcfung von Nutzungsbedingungen und Datenschutzrichtlinien f\u00fcr verschiedene Apps, Dienste und Spiele in Japan. D [&hellip;]<\/p>\n","protected":false},"author":26,"featured_media":57154,"parent":0,"menu_order":7,"comment_status":"closed","ping_status":"closed","template":"other-page-temp.php","meta":{"footnotes":""},"acf":[],"_links":{"self":[{"href":"https:\/\/monolith.law\/de\/wp-json\/wp\/v2\/pages\/32193"}],"collection":[{"href":"https:\/\/monolith.law\/de\/wp-json\/wp\/v2\/pages"}],"about":[{"href":"https:\/\/monolith.law\/de\/wp-json\/wp\/v2\/types\/page"}],"author":[{"embeddable":true,"href":"https:\/\/monolith.law\/de\/wp-json\/wp\/v2\/users\/26"}],"replies":[{"embeddable":true,"href":"https:\/\/monolith.law\/de\/wp-json\/wp\/v2\/comments?post=32193"}],"version-history":[{"count":17,"href":"https:\/\/monolith.law\/de\/wp-json\/wp\/v2\/pages\/32193\/revisions"}],"predecessor-version":[{"id":59778,"href":"https:\/\/monolith.law\/de\/wp-json\/wp\/v2\/pages\/32193\/revisions\/59778"}],"wp:featuredmedia":[{"embeddable":true,"href":"https:\/\/monolith.law\/de\/wp-json\/wp\/v2\/media\/57154"}],"wp:attachment":[{"href":"https:\/\/monolith.law\/de\/wp-json\/wp\/v2\/media?parent=32193"}],"curies":[{"name":"wp","href":"https:\/\/api.w.org\/{rel}","templated":true}]}}