{"id":32253,"date":"2021-05-11T11:20:39","date_gmt":"2021-05-11T02:20:39","guid":{"rendered":"https:\/\/monolith.law\/?page_id=32253"},"modified":"2024-08-05T18:51:47","modified_gmt":"2024-08-05T09:51:47","slug":"system-development","status":"publish","type":"page","link":"https:\/\/monolith.law\/de\/system-development","title":{"rendered":"Systementwicklung"},"content":{"rendered":"\n<section class=\"heading-area\">\n\t<div class=\"heading-area-inner\">\n\t\t<h2 class=\"icon-system-development\">Systementwicklung<\/h2>\n\t\t<p>Bei der Entwicklung hochspezialisierter Systeme treten oft schwierige Probleme und Verhandlungen im Rahmen von Vertragsverhandlungen auf. Wir sind bereit, Ihr Unternehmen zu unterst\u00fctzen, indem wir unser Wissen nicht nur als juristische Experten, sondern auch als IT-Experten nutzen, um zu bestimmen, was f\u00fcr das Unternehmen wesentlich ist.<\/p>\n\t<\/div>\n<\/section>\n\n<section class=\"white-section\">\n\t<div class=\"section-inner pdt0 border-bottom-section\">\n\t\t<p>Wir sind eine Kanzlei unter der Leitung von Toki Kawase, einem Anwalt mit Erfahrung als IT-Ingenieur, und wir k\u00fcmmern uns um alles, von der Erstellung, \u00dcberarbeitung und Verhandlung von Vertr\u00e4gen f\u00fcr hochspezialisierte Systementwicklung bis hin zur Beilegung von Streitigkeiten, wenn diese entstehen. Wir entwerfen auch Vertr\u00e4ge von Grund auf anhand bestehender Materialien, wie Vorschlagsdokumente, und mit einem Minimum an Besprechungen.<\/p>\n\t<\/div>\n<\/section>\n\n<section class=\"second-nav\">\n\t<div class=\"second-nav-inner\">\n\t\t<p>THEMEN<\/p>\n\t\t<nav>\n\t\t\t<ul>\n\t\t\t\t<li><a href=\"#contract-drafting-in-system-development\">Vertragsentwurf in der Systementwicklung<\/a><\/li>\n\t\t\t\t<li><a href=\"#dispute-resolution-in-system-development\">Streitbeilegung in der Systementwicklung<\/a><\/li>\n\t\t\t\t<li><a href=\"#drafting-with-minimal-operating-time\">Entwurf mit minimalem Betriebsaufwand<\/a><\/li>\n\t\t\t\t<li><a href=\"#examples-of-support-provided-by-our-firm\">Beispiele f\u00fcr die Unterst\u00fctzung durch unsere Kanzlei<\/a><\/li>\n\t\t\t\t<li><a href=\"#publication-achievements-systems-development-legal\">Ver\u00f6ffentlichungen zu rechtlichen Aspekten der Systementwicklung<\/a><\/li>\n\t\t\t\t<li><a href=\"#crypto-assets-and-blockchain\">Krypto-Assets und Blockchain<\/a><\/li>\n\t\t\t\t<li><a href=\"#manda\">M&amp;A<\/a><\/li>\n\t\t\t\t<li><a href=\"#monolith-law-magazine\">MONOLITH LAW MAGAZINE<\/a><\/li>\n\t\t\t\t<li><a href=\"#fee-structure\">Geb\u00fchrenstruktur<\/a><\/li>\n\t\t\t<\/ul>\n\t\t<\/nav>\n\t<\/div>\n<\/section>\n\n<section class=\"white-section mgt-section mgb-section80\">\n\t<div class=\"anchor\" id=\"contract-drafting-in-system-development\"><\/div>\n\t<div class=\"section-inner-black\">\n\t\t<h3>Vorbereitung von Systementwicklungsvertr\u00e4gen<\/h3>\n\t\t<p class=\"mgb-small\">Im Falle der Systementwicklung k\u00f6nnen zwar abstrakte Klauseln wie die Haftung im Falle einer Vertragswidrigkeit vorgesehen sein, im Vertrag steht jedoch nur &#8220;nach gesonderter Vereinbarung&#8221;. Mit anderen Worten, system- oder projektspezifische Umst\u00e4nde werden nicht direkt erw\u00e4hnt. Als Ergebnis ist oft unklar, was das Ergebnis im Falle eines tats\u00e4chlichen Streits sein wird.<\/p>\n\t\t<p class=\"mgb-middle\">Unsere Kanzlei betrachtet nicht nur die Vertragsgestaltung, sondern auch ein tiefes Verst\u00e4ndnis der damit verbundenen Systementwicklung als einen wichtigen Teil unserer Arbeit.<\/p>\n\n\t<\/div>\n<\/section>\n\n<section class=\"purple-section\">\n\t<div class=\"anchor\" id=\"dispute-resolution-in-system-development\"><\/div>\n\t<div class=\"section-inner\">\n\t\t<div class=\"flex\">\n\t\t\t<div class=\"width41\"><img decoding=\"async\" src=\"\/wp-content\/themes\/monolith2021\/img\/systemdevelopment\/systemdevelopment_pic1.jpg\" alt=\"Streitbeilegung in der Systementwicklung\"><\/div>\n\t\t\t<div class=\"width51\">\n\t\t\t\t<h3> Streitbeilegung in der Systementwicklung<\/h3>\n\t\t\t\t<p class=\"mgb-small\">Wenn ein Streit entsteht, sind wir verantwortlich f\u00fcr au\u00dfergerichtliche Schadensersatzanspr\u00fcche sowie f\u00fcr einstweilige Verf\u00fcgungen und Gerichtsverfahren.<\/p>\n\t\t\t\t<p>Es ist jedoch vorzuziehen, dass Streitigkeiten nie entstehen und selbst wenn es Anlass zu einem Streit gibt, ist es am besten, wenn dieser nicht vor Gericht geht. Dies ist unsere grundlegende Ansicht und Haltung, und wir bieten t\u00e4gliche Rechtsdienstleistungen f\u00fcr unsere Unternehmenskunden auf dieser Grundlage an.<\/p>\n\t\t\t<\/div>\n\t\t<\/div>\n\t<\/div>\n<\/section>\n\n<section class=\"white-section\">\n\t<div class=\"anchor\" id=\"drafting-with-minimal-operating-time\"><\/div>\n\t<div class=\"section-inner\">\n\t\t<div class=\"flex reverse\">\n\t\t\t<div class=\"width41\"><img decoding=\"async\" src=\"\/wp-content\/themes\/monolith2021\/img\/pic\/pic_draft.jpg\" alt=\"Entwurf mit minimaler Betriebszeit\"><\/div>\n\t\t\t<div class=\"width51\">\n\t\t\t\t<h3>Entwurfserstellung mit minimaler Betriebszeit<\/h3>\n\t\t\t\t<p class=\"mgb-small\">Unser Gr\u00fcndungsanwalt, Toki Kawase, ist ein ehemaliger IT-Ingenieur.<\/p>\n\t\t\t\t<p class=\"mgb-small\">Um einen Vertrag f\u00fcr die Systementwicklung zu entwerfen und ein Schema als Grundlage f\u00fcr einen solchen Vertrag zu gestalten, ist es notwendig, die Umrisse des relevanten Systems zu verstehen. Wir sind in der Lage, die verschiedenen Dokumente und Daten, die bereits in Ihrem Unternehmen existieren, wie Anforderungsdefinitionen und Verkaufsmaterialien f\u00fcr potenzielle Kunden der entsprechenden Systementwicklung, eigenst\u00e4ndig zu lesen.<\/p>\n\t\t\t\t<p>Daher k\u00f6nnen wir Entw\u00fcrfe von Vertr\u00e4gen und anderen Dokumenten mit einem Minimum an Zeit f\u00fcr Besprechungen usw. vorbereiten, was effektiv die Kommunikationskosten und die ben\u00f6tigte Vorbereitungszeit reduziert.<\/p>\n\t\t\t<\/div>\n\t\t<\/div>\n\t<\/div>\n<\/section>\n\n<section class=\"orange-section\">\n\t<div class=\"anchor\" id=\"examples-of-support-provided-by-our-firm\"><\/div>\n\t<div class=\"section-inner\">\n\t\t<h3 class=\"mgb-middle\">Beispiele f\u00fcr die Unterst\u00fctzung durch unsere Kanzlei<\/h3>\n\t\t<ul class=\"layout-column4\">\n\t\t\t<li>\n\t\t\t\t<div><img decoding=\"async\" src=\"\/wp-content\/themes\/monolith2021\/img\/systemdevelopment\/systemdevelopment_support_pic1.jpg\"><\/div>\n\t\t\t\t<h4>IT-Anbieter<\/h4>\n\t\t\t\t<p>Wir bieten eine Vielzahl von Dienstleistungen f\u00fcr Unternehmen, die Systementwicklungsdienste anbieten, von der Ausarbeitung systementwicklungsbezogener Vertr\u00e4ge bis zur Streitbeilegung, in Form von Rechtsberatung und anderen juristischen Dienstleistungen. Wir befassen uns auch mit zukunftsweisenden Bereichen wie blockchainbezogenen Angelegenheiten.<\/p>\n\t\t\t<\/li>\n\t\t\t<li>\n\t\t\t\t<div><img decoding=\"async\" src=\"\/wp-content\/themes\/monolith2021\/img\/systemdevelopment\/systemdevelopment_support_pic2.jpg\"><\/div>\n\t\t\t\t<h4>Gesch\u00e4ftsunternehmen<\/h4>\n\t\t\t\t<p>Wir bieten eine Vielzahl von Dienstleistungen f\u00fcr Gesch\u00e4ftsunternehmen, die Auftr\u00e4ge f\u00fcr Systementwicklungsarbeiten vergeben. Insbesondere f\u00fcr neue Gesch\u00e4ftsbereiche von Unternehmen, die nicht auf IT spezialisiert sind, k\u00f6nnen wir Unterst\u00fctzung bieten, einschlie\u00dflich Systemdesign f\u00fcr das gesamte Gesch\u00e4ft, einschlie\u00dflich der Nachbetreuung nach der Lieferung.<\/p>\n\t\t\t<\/li>\n\t\t\t<li>\n\t\t\t\t<div><img decoding=\"async\" src=\"\/wp-content\/themes\/monolith2021\/img\/systemdevelopment\/systemdevelopment_support_pic3.jpg\"><\/div>\n\t\t\t\t<h4>System Engineering Services (SES)<\/h4>\n\t\t\t\t<p>MONOLITH LAW OFFICE bietet juristische Dienstleistungen f\u00fcr viele SES-Unternehmen an. Wir sind mit der Ausarbeitung von Vertr\u00e4gen im Zusammenhang mit SES, der Beilegung au\u00dfergerichtlicher Streitigkeiten bez\u00fcglich spezifischer Probleme und der Handhabung von Prozessen befasst.<\/p>\n\t\t\t<\/li>\n\t\t\t<li>\n\t\t\t\t<div><img decoding=\"async\" src=\"\/wp-content\/themes\/monolith2021\/img\/systemdevelopment\/systemdevelopment_support_pic4.jpg\"><\/div>\n\t\t\t\t<h4>Open-Source-Software (OSS)<\/h4>\n\t\t\t\t<p>Wir haben erfolgreich professionelles Design und \u00dcberwachung von Benutzerdokumentationen f\u00fcr Unternehmen bereitgestellt, die sowohl GPL- als auch andere Open-Source-Lizenzen sowie kommerzielle Lizenzen anbieten.<\/p>\n\t\t\t<\/li>\n\t\t<\/ul>\n\t<\/div>\n<\/section>\n\n<section class=\"white-section\">\n\t<div class=\"anchor\" id=\"publication-achievements-systems-development-legal\"><\/div>\n\t<div class=\"section-inner\">\n\t\t<div class=\"flex reverse\">\n\t\t\t<div class=\"width41\"><img decoding=\"async\" src=\"\/wp-content\/themes\/monolith2021\/img\/pic\/pic_publishing.jpg\" alt=\"Ver\u00f6ffentlichung von B\u00fcchern zu rechtlichen Fragen im Zusammenhang mit der Systementwicklung\"><\/div>\n\t\t\t<div class=\"width51\">\n\t\t\t\t<h3>Ver\u00f6ffentlichung von B\u00fcchern zu rechtlichen Fragen im Zusammenhang mit der Systementwicklung<\/h3>\n\t\t\t\t<p class=\"mgb-small\">Als Anwaltskanzlei, die sich auf die Systementwicklung f\u00fcr Webdienste, Anwendungen und Spiele spezialisiert hat, haben wir das Buch &#8220;Einf\u00fchrende rechtliche Fragen und Antworten f\u00fcr IT-Ingenieure&#8221; ver\u00f6ffentlicht. In dem Buch erkl\u00e4rt ein ehemaliger Ingenieur und jetziger Anwalt haupts\u00e4chlich rechtliches Wissen f\u00fcr IT-Ingenieure.<\/p>\n\t\t\t\t<p>Das Buch besteht aus den Kapiteln Fallstricke des Urheberrechts, Fallstricke von Entwicklungsvertr\u00e4gen, Fallstricke von Arbeitsbeziehungen, Kontrollpunkte von Vertr\u00e4gen und bietet rechtliche Erkl\u00e4rungen zu spezifischen Punkten, die in tats\u00e4chlichen Systementwicklungssituationen problematisch sein k\u00f6nnen.<\/p>\n\t\t\t<\/div>\n\t\t<\/div>\n\t<\/div>\n<\/section>\n\n<section class=\"purple-section\">\n\t<div class=\"anchor\" id=\"crypto-assets-and-blockchain\"><\/div>\n\t<div class=\"section-inner\">\n\t\t<div class=\"flex\">\n\t\t\t<div class=\"width41\"><img decoding=\"async\" src=\"\/wp-content\/uploads\/2022\/07\/shutterstock_1151380622_2.png\" alt=\"Krypto-Assets und Blockchain\"><\/div>\n\t\t\t<div class=\"width51\">\n\t\t\t\t<h3>Krypto-Assets und Blockchain<\/h3>\n\t\t\t\t<p>Die Blockchain ist eine dezentralisierte Datenbank mit geringem Risiko des Datenverlusts und hoher Widerstandsf\u00e4higkeit gegen\u00fcber \u00c4nderungen an fr\u00fcheren Datens\u00e4tzen. Dies wird durch IT-Techniken wie Konsensalgorithmen, Kryptographie und P2P-Netzwerke erm\u00f6glicht. Die MONOLITH LAW OFFICE ist seit ihrer Gr\u00fcndung im Jahr 2017 im Bereich der Rechtsarbeit f\u00fcr Krypto-Assets und Blockchain t\u00e4tig.<\/p>\n\t\t\t<\/div>\n\t\t<\/div>\n\t<\/div>\n<\/section>\n\n<section class=\"white-section mgt-section mgb-section\">\n\t<div class=\"anchor\" id=\"manda\"><\/div>\n\t<div class=\"section-inner-black\">\n\t\t<h3>M&amp;A<\/h3>\n\t\t<p class=\"mgb-middle\">Wir verf\u00fcgen \u00fcber umfangreiche Erfahrung in M&amp;A, die IT-Systeme betreffen, einschlie\u00dflich Gesch\u00e4fts\u00fcbertragungen und Erwerb von Anwendungen und Webdiensten.<\/p>\n\t<\/div>\n<\/section>\n\n<section class=\"purple2-section\">\n\t<div class=\"anchor\" id=\"monolith-law-magazine\"><\/div>\n\t<div class=\"section-inner\">\n\t\t    <section class=\"white-section temp-article\">\n        <div class=\"section-inner\">\n            <h4>MONOLITH LAW MAGAZINE<\/h4>\n            <div class=\"articles type_practice_column\">\n                                                                    <div class=\"article article-area\">\n                        <figure>\n                            <div class=\"img-wrap\">\n                                <img alt=\"Erl\u00e4uterung von acht rechtlichen Problemen bei der Softwareentwicklung unter Verwendung von Open-Source-Software (OSS)\" src=\"https:\/\/monolith.law\/de\/wp-content\/uploads\/sites\/14\/2025\/08\/2e3dcd72416c364f481cdcf21967a2a8.webp\" width=\"500\" height=\"250\">\n                            <\/div>\n                            <figcaption>\n                                <div class=\"figcaption-inner\">\n                                    <h3>Erl\u00e4uterung von acht rechtlichen Problemen bei der Softwareentwicklung unter Ver.<\/h3>\n                                <\/div>\n                            <\/figcaption>\n                            <a href=\"https:\/\/monolith.law\/de\/it\/oss-law\"><\/a>\n                        <\/figure>\n                    <\/div>\n                                                    <div class=\"article article-area\">\n                        <figure>\n                            <div class=\"img-wrap\">\n                                <img alt=\"In welchem Umfang tragen Lieferanten Verantwortung f\u00fcr Produkte, die OSS enthalten? Eine Erkl\u00e4rung der zivilrechtlichen Haftung und Ma\u00dfnahmen nach Vertragstypen.\" src=\"https:\/\/monolith.law\/de\/wp-content\/uploads\/sites\/14\/2025\/08\/a3e2bebbbd18ab9195487c8b62e3ba94.webp\" width=\"500\" height=\"250\">\n                            <\/div>\n                            <figcaption>\n                                <div class=\"figcaption-inner\">\n                                    <h3>In welchem Umfang tragen Lieferanten Verantwortung f\u00fcr Produkte, die OSS enthalt.<\/h3>\n                                <\/div>\n                            <\/figcaption>\n                            <a href=\"https:\/\/monolith.law\/de\/it\/oss-contract\"><\/a>\n                        <\/figure>\n                    <\/div>\n                                                    <div class=\"article article-area\">\n                        <figure>\n                            <div class=\"img-wrap\">\n                                <img alt=\"Hinweise zur Nutzung von Open-Source-Software (OSS) in Softwareentwicklungsvertr\u00e4gen\" src=\"https:\/\/monolith.law\/de\/wp-content\/uploads\/sites\/14\/2025\/08\/9132dea58501d53c6b72439e72a5a1e0.webp\" width=\"500\" height=\"250\">\n                            <\/div>\n                            <figcaption>\n                                <div class=\"figcaption-inner\">\n                                    <h3>Hinweise zur Nutzung von Open-Source-Software (OSS) in Softwareentwicklungsvertr.<\/h3>\n                                <\/div>\n                            <\/figcaption>\n                            <a href=\"https:\/\/monolith.law\/de\/it\/oss-development-contract\"><\/a>\n                        <\/figure>\n                    <\/div>\n                                            <\/div>\n            <div class=\"btn-more\"><a href=\"https:\/\/monolith.law\/de\/tag\/system-development\">Read More<\/a><\/div>\n        <\/div>\n    <\/section>\n\t<\/div>\n<\/section>\n\n<section class=\"orange2-section\">\n\t<div class=\"anchor\" id=\"fee-structure\"><\/div>\n\t<div class=\"section-inner\">\n\t<div class=\"planWrap\">\n\t<h3>Geb\u00fchrenstruktur<\/h3>\n\t<ul class=\"plan\">\n\t\t<li class=\"txt-left\">\n\t\t\t<div class=\"plan-inner\">\n\t\t\t<div class=\"plan-header\">\n\t\t\t<h4 class=\"plan-title\">Stundensatz<\/h4>\n\t\t\t<div class=\"plan-price\"><span class=\"price-figure\">$300<\/span>pro Stunde<span class=\"price-tax\"><\/span><\/div>\n\t\t\t<\/div>\n\t\t\t<div class=\"plan-body\">In bestimmten F\u00e4llen k\u00f6nnen wir die \u00dcbernahme eines Streitfalls oder einer Klage mit einer Anfangsgeb\u00fchr und einer erfolgsabh\u00e4ngigen Verg\u00fctung in Betracht ziehen. F\u00fcr weitere Details kontaktieren Sie uns bitte unverbindlich.<\/div>\n\t\t\t<\/div>\n\t\t<\/li>\n\t\t<li class=\"txt-left\">\n\t\t\t<div class=\"plan-inner\">\n\t\t\t<div class=\"plan-header\">\n\t\t\t<h4 class=\"plan-title\">Vertragsentwurf<\/h4>\n\t\t\t<div class=\"plan-price\"><span class=\"price-value\">ab<\/span><span class=\"price-figure\">$500<\/span><span class=\"price-value\">bis $2.000 oder mehr<\/span><span class=\"price-tax\"><\/span><\/div>\n\t\t\t<\/div>\n\t\t\t<div class=\"plan-body\">Die Preisstruktur kann je nach Art und Umfang der Vertr\u00e4ge variieren. Wir bieten Ihnen gerne eine vorl\u00e4ufige Kostensch\u00e4tzung auf Anfrage an, daher laden wir Sie ein, sich f\u00fcr weitere Details an uns zu wenden.<\/div>\n\t\t\t<\/div>\n\t\t<\/li>\n\t\t<li class=\"txt-left\">\n\t\t\t<div class=\"plan-inner\">\n\t\t\t<div class=\"plan-header\">\n\t\t\t<h4 class=\"plan-title\">Weitere Dienstleistungen<\/h4>\n\t\t\t<div class=\"plan-price\"><span class=\"price-figure\">Kontaktieren Sie uns<\/span><\/div>\n\t\t\t<\/div>\n\t\t\t<div class=\"plan-body\">Wir bieten eine breite Palette von Dienstleistungen an, einschlie\u00dflich Unternehmensgr\u00fcndung, Vertragspr\u00fcfung, Rechtsgutachten, Fallpr\u00fcfung oder Forschungsschreiben. Sollten Sie Fragen oder Bedenken haben, laden wir Sie herzlich ein, uns zu kontaktieren, und unser kompetentes Team wird Ihnen gerne behilflich sein.<\/div>\n\t\t\t<\/div>\n\t\t\t<\/div>\n\t\t<\/li>\n\t<\/ul>\n\t<\/div>\n\t<\/div>\n<\/section>\n\n<section class=\"white-section\">\n\t<div class=\"section-inner\">\n\t\t<div class=\"btn-area\">\n\t\t\t<div class=\"btn icon-contact\"><a href=\"\/de\/contact\">Kontaktieren Sie uns<\/a><\/div>\n\t\t<\/div>\n\t<\/div>\n<\/section>\n","protected":false},"excerpt":{"rendered":"<p>Systementwicklung Bei der Entwicklung hochspezialisierter Systeme treten oft schwierige Probleme und Verhandlungen im Rahmen von Vertragsverhandlungen auf. Wir sind bereit, Ihr Unternehmen zu unterst\u00fc [&hellip;]<\/p>\n","protected":false},"author":26,"featured_media":57152,"parent":0,"menu_order":7,"comment_status":"closed","ping_status":"closed","template":"other-page-temp.php","meta":{"footnotes":""},"acf":[],"_links":{"self":[{"href":"https:\/\/monolith.law\/de\/wp-json\/wp\/v2\/pages\/32253"}],"collection":[{"href":"https:\/\/monolith.law\/de\/wp-json\/wp\/v2\/pages"}],"about":[{"href":"https:\/\/monolith.law\/de\/wp-json\/wp\/v2\/types\/page"}],"author":[{"embeddable":true,"href":"https:\/\/monolith.law\/de\/wp-json\/wp\/v2\/users\/26"}],"replies":[{"embeddable":true,"href":"https:\/\/monolith.law\/de\/wp-json\/wp\/v2\/comments?post=32253"}],"version-history":[{"count":33,"href":"https:\/\/monolith.law\/de\/wp-json\/wp\/v2\/pages\/32253\/revisions"}],"predecessor-version":[{"id":69887,"href":"https:\/\/monolith.law\/de\/wp-json\/wp\/v2\/pages\/32253\/revisions\/69887"}],"wp:featuredmedia":[{"embeddable":true,"href":"https:\/\/monolith.law\/de\/wp-json\/wp\/v2\/media\/57152"}],"wp:attachment":[{"href":"https:\/\/monolith.law\/de\/wp-json\/wp\/v2\/media?parent=32253"}],"curies":[{"name":"wp","href":"https:\/\/api.w.org\/{rel}","templated":true}]}}