{"id":32408,"date":"2021-05-17T14:12:29","date_gmt":"2021-05-17T05:12:29","guid":{"rendered":"https:\/\/monolith.law\/?page_id=32408"},"modified":"2024-01-29T17:42:41","modified_gmt":"2024-01-29T08:42:41","slug":"m-and-a","status":"publish","type":"page","link":"https:\/\/monolith.law\/de\/m-and-a","title":{"rendered":"M&amp;A"},"content":{"rendered":"\n<section class=\"heading-area\">\n\t<div class=\"heading-area-inner\">\n\t\t<h2 class=\"icon-m-and-a\">M&amp;A<\/h2>\n\t\t<p>Die MONOLITH LAW OFFICE hat zahlreiche M&amp;A-Transaktionen und damit verbundene rechtliche Angelegenheiten im Bereich IT, einschlie\u00dflich Apps und Webdienste, betreut. Wir sind in der Lage, rechtliche Due Diligence (DD) bei Unternehmensakquisitionen und in anderen Situationen durchzuf\u00fchren.<\/p>\n\t<\/div>\n<\/section>\n\n<section class=\"white-section\">\n\t<div class=\"section-inner pdt0 border-bottom-section\">\n\t\t<p>Die MONOLITH LAW OFFICE hat zahlreiche M&amp;A-Transaktionen gemanagt, darunter Unternehmens\u00fcbertragungen, aktienbezogene Rechtsangelegenheiten wie die Zuteilung von Aktien an Dritte, die Ausgabe von Aktienoptionen, Management-Buyouts (MBO) und die Gr\u00fcndung von Joint Ventures (JVs), sowie die Beilegung von Streitigkeiten im Zusammenhang mit diesen Transaktionen, haupts\u00e4chlich im IT-Bereich, einschlie\u00dflich Apps und Webdiensten. Dar\u00fcber hinaus haben wir ein System f\u00fcr die sogenannte rechtliche Due Diligence (DD) etabliert, eine rechtliche Untersuchung zur Best\u00e4tigung, ob es besonders ernste rechtliche Probleme in Situationen wie Unternehmensakquisitionen gibt.<\/p>\n\t<\/div>\n<\/section>\n\n<section class=\"second-nav\">\n\t<div class=\"second-nav-inner\">\n\t\t<p>THEMEN<\/p>\n\t\t<nav>\n\t\t\t<ul>\n\t\t\t\t<li><a href=\"#examples-of-support-provided-by-our-firm\">Beispiele f\u00fcr die Unterst\u00fctzung durch unsere Kanzlei<\/a><\/li>\n\t\t\t\t<li><a href=\"#share-and-capital-increase\">Aktien und Kapitalerh\u00f6hung<\/a><\/li>\n\t\t\t\t<li><a href=\"#ma-related-legal-affairs\">M&amp;A-bezogene Rechtsangelegenheiten<\/a><\/li>\n\t\t\t\t<li><a href=\"#ma-of-sns-such-as-youtube\">M&amp;A von sozialen Netzwerken wie YouTube<\/a><\/li>\n\t\t\t\t<li><a href=\"#one-stop-service-in-cooperation-with-judicial-scriveners\">One-Stop-Service in Zusammenarbeit mit Rechtsanwaltsgehilfen<\/a><\/li>\n\t\t\t\t<li><a href=\"#legal-due-diligence-dd-support\">Unterst\u00fctzung bei der rechtlichen Due Diligence<\/a><\/li>\n\t\t\t\t<li><a href=\"#legal-due-diligence-cases-we-have-handled\">F\u00e4lle von rechtlicher Due Diligence, die wir bearbeitet haben<\/a><\/li>\n\t\t\t\t<li><a href=\"#disputes-related-to-stocks-and-investments\">Streitigkeiten im Zusammenhang mit Aktien und Investitionen<\/a><\/li>\n\t\t\t\t<li><a href=\"#monolith-law-magazine\">MONOLITH LAW MAGAZINE<\/a><\/li>\n\t\t\t\t<li><a href=\"#fee-structure\">Geb\u00fchrenstruktur<\/a><\/li>\n\t\t\t<\/ul>\n\t\t<\/nav>\n\t<\/div>\n<\/section>\n\n<section class=\"white-section\">\n\t<div class=\"anchor\" id=\"examples-of-support-provided-by-our-firm\"><\/div>\n\t<div class=\"section-inner-bottomhalf\">\n\t\t<h3 class=\"mgb-middle\">Beispiel f\u00fcr die Unterst\u00fctzung durch unsere Kanzlei<\/h3>\n\t\t<ul class=\"mgb-small layout-column4\">\n\t\t\t<li>\n\t\t\t\t<h4>Kapitalerh\u00f6hung durch Drittzuteilung<\/h4>\n\t\t\t\t<div><img decoding=\"async\" src=\"\/wp-content\/themes\/monolith2021\/img\/stockrelatedlaw\/stockrelatedlaw_support_pic1.jpg\"><\/div>\n\t\t\t\t<p>Wir haben zahlreichen Venture-Unternehmen dabei geholfen, Kapital durch Drittzuteilung zu beschaffen. Wir haben auch einem b\u00f6rsennotierten Unternehmen bei seiner ersten Venture-Capital-Investition unterst\u00fctzt, indem wir ein Term Sheet und einen Investitionsvertrag entworfen haben.<\/p>\n\t\t\t<\/li>\n\t\t\t<li>\n\t\t\t\t<h4>Management-Buyout (MBO)<\/h4>\n\t\t\t\t<div><img decoding=\"async\" src=\"\/wp-content\/themes\/monolith2021\/img\/stockrelatedlaw\/stockrelatedlaw_support_pic2.jpg\"><\/div>\n\t\t\t\t<p>Wir haben mit Venture-Unternehmen, die Kapitalbeziehungsprobleme hatten, Strategien entwickelt und verschiedene Vereinbarungen f\u00fcr Management-Buyouts (MBOs) entworfen, wie die Beschaffung von Mitteln, die Gr\u00fcndung einer neuen juristischen Person als Vehikel und den Erwerb von Aktien von bestehenden Aktion\u00e4ren durch die neue juristische Person.<\/p>\n\t\t\t<\/li>\n\t\t\t<li>\n\t\t\t\t<h4>Gr\u00fcndung von Joint Ventures<\/h4>\n\t\t\t\t<div><img decoding=\"async\" src=\"\/wp-content\/themes\/monolith2021\/img\/stockrelatedlaw\/stockrelatedlaw_support_pic3.jpg\"><\/div>\n\t\t\t\t<p>Wir haben Start-up-Unternehmen bei der Gr\u00fcndung von Joint Ventures (JVs) unterst\u00fctzt, bei denen ein Start-up und ein gro\u00dfes Unternehmen Anteile an derselben Firma halten, indem wir Term Sheets entwarfen, Vertragsverhandlungen f\u00fchrten und das Gesch\u00e4ft vom Start-up auf das neu gegr\u00fcndete Unternehmen \u00fcbertrugen.<\/p>\n\t\t\t\t<\/li>\n\t\t\t<li>\n\t\t\t\t<h4>Rechtsstreitigkeiten im Zusammenhang mit Aktien<\/h4>\n\t\t\t\t<div><img decoding=\"async\" src=\"\/wp-content\/themes\/monolith2021\/img\/stockrelatedlaw\/stockrelatedlaw_support_pic4.jpg\"><\/div>\n\t\t\t\t<p>Wir haben F\u00e4lle bearbeitet, in denen ein Start-up von einem privaten Investor Investitionen erhielt und die G\u00fcltigkeit des Investitionsvertrags sp\u00e4ter angefochten wurde, sowie F\u00e4lle, in denen der Gr\u00fcnder eines erfolgreich \u00fcbernommenen Unternehmens sp\u00e4ter behauptet wurde, seinen Verpflichtungen nicht nachgekommen zu sein und von dem Unternehmen, an das er die Anteile verkauft hatte, Schadensersatzanspr\u00fcche erhielt, von au\u00dfergerichtlichen Verhandlungen bis hin zu Gerichtsverfahren.<\/p>\n\t\t\t<\/li>\n\t\t<\/ul>\n\t<\/div>\n<\/section>\n\n<section class=\"white-section\">\n\t<div class=\"section-inner-tophalf\">\n\t\t<div class=\"frame2 max-width860 txt-center-pc\">\n\t\t\t<p class=\"bold txt-l\">Wir haben als Rechtsberater f\u00fcr eine Vielzahl von IT-Start-ups gedient.<br>Aktien- und M&amp;A-bezogene Rechtsarbeit ist einer unserer Hauptt\u00e4tigkeitsbereiche.<\/p>\n\t\t<\/div>\n\t<\/div>\n<\/section>\n\n<section class=\"white-section mgb-section80\">\n\t<div class=\"anchor\" id=\"share-and-capital-increase\"><\/div>\n\t<div class=\"section-inner-black\">\n\t\t<h3>Aktien und Kapitalerh\u00f6hung<\/h3>\n\t\t<p class=\"mgb-middle\">In Bezug auf die Ausgabe von Aktien durch Drittplatzierung k\u00fcmmern wir uns um alles, von der Vorbereitung von Term Sheets bis zur Ausarbeitung von Investitionsvereinbarungen und Aktion\u00e4rsvereinbarungen. Wir k\u00fcmmern uns auch um das Design von Klassenaktien, die eine bevorzugte Aussch\u00fcttung vorsehen, die Ausgabe von Aktienkaufrechten, Gr\u00fcnder-zu-Gr\u00fcnder-Vereinbarungen, die \u00dcbertragung von Aktien und verschiedene andere aktienbezogene Strategien und Vertr\u00e4ge usw.<\/p>\n\n\n\n\t<\/div>\n<\/section>\n\n<section class=\"white-section mgb-section100\">\n\t<div class=\"anchor\" id=\"ma-related-legal-affairs\"><\/div>\n\t<div class=\"section-inner-black\">\n\t\t<h3>M&amp;A Rechtliche Angelegenheiten<\/h3>\n\t\t<p class=\"mgb-middle\">Wir haben umfangreiche Erfahrungen mit M&amp;A-Transaktionen im weitesten Sinne des Begriffs, haupts\u00e4chlich im IT-Bereich, einschlie\u00dflich Gesch\u00e4fts\u00fcbertragungen von Webdiensten und Anwendungen sowie \u00dcbernahmen von Start-up-Unternehmen. Wir haben auch als Klient f\u00fcr ein an der TSE Prime gelistetes Unternehmen fungiert, bei der \u00dcbertragung seines IT-Systemgesch\u00e4fts von einem Start-up-Unternehmen.<\/p>\n\n\n\n\t<\/div>\n<\/section>\n\n<section class=\"purple-section\">\n\t<div class=\"anchor\" id=\"ma-of-sns-such-as-youtube\"><\/div>\n\t<div class=\"section-inner\">\n\t\t<div class=\"flex reverse\">\n\t\t\t<div class=\"width41\"><img decoding=\"async\" src=\"\/wp-content\/themes\/monolith2021\/img\/pic\/pic_sns_manda.jpg\" alt=\"M&amp;A von SNS wie YouTube\"><\/div>\n\t\t\t<div class=\"width51\">\n\t\t\t\t<h3>M&amp;A von sozialen Netzwerken wie YouTube<\/h3>\n\t\t\t\t<p class=\"mgb-small\">YouTube-Kan\u00e4le und Twitter-Konten unterliegen ebenso wie Websites usw. M&amp;A. Aufgrund der besonderen Natur dieser M&amp;A-Transaktionen ist jedoch eine Anwaltskanzlei mit spezialisiertem Wissen und Know-how erforderlich.<\/p>\n\t\t\t\t<p class=\"mgb-small\">Unsere Kanzlei hat zahlreiche M&amp;A-Transaktionen f\u00fcr YouTube-Kan\u00e4le und andere durchgef\u00fchrt, von kleinen Betr\u00e4gen bis hin zu solchen, die mehr als 100 Millionen Yen betreffen, und bietet rechtliche Dienstleistungen von der Vertragsentwurf bis zur Due Diligence (DD).<\/p>\n\t\t\t\t<div class=\"btn-area align-left\">\n\t\t\t\t\t\n\t\t\t\t<\/div>\n\t\t\t<\/div>\n\t\t<\/div>\n\t<\/div>\n<\/section>\n\n<section class=\"white-section\">\n\t<div class=\"anchor\" id=\"one-stop-service-in-cooperation-with-judicial-scriveners\"><\/div>\n\t<div class=\"section-inner\">\n\t\t<div class=\"flex\">\n\t\t\t<div class=\"width41\"><img decoding=\"async\" src=\"\/wp-content\/themes\/monolith2021\/img\/stockrelatedlaw\/stockrelatedlaw_pic2.jpg\" alt=\"One-stop Service in Zusammenarbeit mit Rechtsschreibern\"><\/div>\n\t\t\t<div class=\"width51\">\n\t\t\t\t<h3>Ein-Punkt-Service in Zusammenarbeit mit Rechtspflegern<\/h3>\n\t\t\t\t<p class=\"mgb-small\">Verschiedene Arten von Arbeiten, wie die Drittausgabe neuer Aktien, werden haupts\u00e4chlich in die Vorbereitung von Term Sheets, Vertragsverhandlungen und die Vorbereitung von Investitionsvereinbarungen und Aktion\u00e4rsvereinbarungen unterteilt, in denen Anw\u00e4lte Experten sind, und in registrierungsbezogene Arbeiten, in denen Rechtspfleger Experten sind.<\/p>\n\t\t\t\t<p class=\"mgb-small\">Da diese miteinander verbunden sind, steigen die Kommunikationskosten, wenn Kunden mit mehreren Firmen separat umgehen m\u00fcssen.<\/p>\n\t\t\t\t<p>Die MONOLITH LAW OFFICE kann in Zusammenarbeit mit den B\u00fcros der Rechtspfleger alle diese Dienstleistungen an einem einzigen Kontaktpunkt und auf einheitliche Weise abwickeln.<\/p>\n\t\t\t<\/div>\n\t\t<\/div>\n\t<\/div>\n<\/section>\n\n<section class=\"orange-section\">\n\t<div class=\"anchor\" id=\"legal-due-diligence-dd-support\"><\/div>\n\t<div class=\"section-inner\">\n\t\t<div class=\"flex reverse\">\n\t\t\t<div class=\"width41\"><img decoding=\"async\" src=\"\/wp-content\/themes\/monolith2021\/img\/pic\/pic_legalduediligence.jpg\" alt=\"Unterst\u00fctzung bei der rechtlichen Sorgfaltspflicht\"><\/div>\n\t\t\t<div class=\"width51\">\n\t\t\t\t<h3>Unterst\u00fctzung bei der rechtlichen Due Diligence<\/h3>\n\t\t\t\t<p class=\"mgb-small\">Bei Unternehmens\u00fcbernahmen und anderen Situationen ist die rechtliche Due Diligence (DD) eine rechtliche Untersuchung, um festzustellen, ob es besonders schwerwiegende rechtliche Probleme in den folgenden Bereichen gibt: Gr\u00fcndung, Unternehmensstruktur, Aktien, Aktion\u00e4re, verbundene Unternehmen, M&amp;A, Immobilien, bewegliche Verm\u00f6genswerte, Rechte an geistigem Eigentum, Finanzen, Vertr\u00e4ge, Rechtsstreitigkeiten und Streitigkeiten, Compliance und so weiter. Due Diligence (DD) ist eine Aufgabe, die organisatorische F\u00e4higkeiten von Anwaltskanzleien erfordert. Unser 30 Anwaltsteam ist in der Lage, solche rechtlichen Due Diligence durchzuf\u00fchren und DD-Berichte rechtzeitig zu erstellen.<\/p>\n\t\t\t\t<p><span class=\"bold\">*Bei der Erstellung eines DD-Berichts dauert es in der Regel mehr als 30 Stunden Anwaltszeit (Anwaltsgeb\u00fchren von etwas \u00fcber 12.000 Dollar).<\/span><\/p>\n\t\t\t<\/div>\n\t\t<\/div>\n\t<\/div>\n<\/section>\n\n<section class=\"orange2-section\">\n\t<div class=\"anchor\" id=\"legal-due-diligence-cases-we-have-handled\"><\/div>\n\t<div class=\"section-inner\">\n\t\t<h3>F\u00e4lle von rechtlicher Due Diligence, die wir bearbeitet haben<\/h3>\n\t\t<p class=\"mgb-small\">Grunds\u00e4tzlich umfasst der Bereich der Due Diligence Angelegenheiten, die als Grundlage f\u00fcr Unternehmen oder Gesch\u00e4ftst\u00e4tigkeiten dienen, sowie solche, die einen erheblichen Einfluss auf die Unternehmensaktivit\u00e4ten haben.<\/p>\n\t\t<p class=\"mgb-small\">Konkret beinhaltet dies die Bewertung der Unternehmensstruktur und -f\u00fchrung hinsichtlich der Frage, ob Unternehmen oder Gesch\u00e4fte nachhaltig bestehen k\u00f6nnen, die Identifizierung der notwendigen rechtlichen Vorschriften und Genehmigungen f\u00fcr die Weiterf\u00fchrung der Unternehmen und Gesch\u00e4fte und die \u00dcberpr\u00fcfung, ob die Aufrechterhaltung solcher Genehmigungen machbar ist. Zudem umfasst es die Bewertung des Status wichtiger Verm\u00f6genswerte und Verbindlichkeiten im Zusammenhang mit der Gesch\u00e4ftst\u00e4tigkeit, das Aufdecken fehlender wesentlicher Vertr\u00e4ge (einschlie\u00dflich Arbeits- und Transaktionen mit verbundenen Parteien), die Beurteilung der Machbarkeit ihrer Fortsetzung unter g\u00fcnstigen Bedingungen und die Bewertung der potenziellen Auswirkungen von offenkundigen Risiken, die entstehen k\u00f6nnten.<\/p>\n\t\t<p class=\"mgb-middle\">Obwohl diese Aspekte grunds\u00e4tzlich den Rahmen der rechtlichen Due Diligence bilden, wird der Umfang spezifisch auf die Art des Unternehmens oder Gesch\u00e4fts zugeschnitten.<\/p>\n\t\t<ol class=\"layout-datalist\">\n\t\t\t<li>\n\t\t\t\t<h4>Ein Tech-Startup<\/h4>\n\t\t\t\t<p>Angefangen bei der Untersuchung der Unternehmensstruktur, einschlie\u00dflich der Ausgabe von Aktien und der Zusammensetzung von Aktion\u00e4ren und Direktoren, legen wir auch gro\u00dfen Wert auf eine genaue Pr\u00fcfung patentierter Erfindungen und anderer Rechte, die mit dem Hauptgesch\u00e4ft, dem Analysegesch\u00e4ft, verbunden sind.<\/p>\n\t\t\t<\/li>\n\t\t\t<li>\n\t\t\t\t<h4>Ein Medienmanagement-Unternehmen<\/h4>\n\t\t\t\t<p>Wir haben ihre YouTube-Kan\u00e4le untersucht, um festzustellen, ob sie im Einklang mit den Nutzungsbedingungen und der Datenschutzrichtlinie operieren, sowie ob die von ihnen zuvor ver\u00f6ffentlichten Videoinhalte den Urheberrechts- und Werbevorschriften entsprechen.<\/p>\n\t\t\t<\/li>\n\t\t\t<li>\n\t\t\t\t<h4>Ein auf Vertr\u00e4ge spezialisiertes IT-Unternehmen<\/h4>\n\t\t\t\t<p>Nachdem eine Diskrepanz zwischen der Satzung und der tats\u00e4chlichen Situation bez\u00fcglich der Ausgabe von Aktien und der Abhaltung von Aktion\u00e4rsversammlungen festgestellt wurde, haben wir die damit verbundenen Risiken gekl\u00e4rt und bei der Implementierung zuk\u00fcnftiger Gegenma\u00dfnahmen geholfen.<\/p>\n\t\t\t<\/li>\n\t\t\t<li>\n\t\t\t\t<h4>PC-bezogene Einzelh\u00e4ndler<\/h4>\n\t\t\t\t<p>Statt uns nur auf das Gesch\u00e4ft selbst zu konzentrieren, bewerteten wir auch den Status der Transaktionen mit anderen Unternehmen und den Status der Vertr\u00e4ge f\u00fcr den Einkauf von Produkten des Unternehmens. Dar\u00fcber hinaus haben wir, in Anbetracht der Tatsache, dass das Unternehmen auch im Baugewerbe t\u00e4tig war, die Details der Lizenzen und Genehmigungen, die mit der Fortf\u00fchrung des Baugesch\u00e4fts und deren Erneuerungsstatus zusammenh\u00e4ngen, einschlie\u00dflich des Standorts der verantwortlichen Partei, sorgf\u00e4ltig best\u00e4tigt.<\/p>\n\t\t\t<\/li>\n\t\t\t<li>\n\t\t\t\t<h4>PC-bezogene Hersteller<\/h4>\n\t\t\t\t<p>Zus\u00e4tzlich zur Untersuchung der Arbeitsbedingungen wie Arbeitsregeln und Lohnvorschriften haben wir, angesichts der Tatsache, dass das Unternehmen mehrere arbeitsbezogene Maschinen, Fabriken und Grundst\u00fccke besitzt, auch die Rechte und den Erwerbswert dieser genau gepr\u00fcft.<\/p>\n\t\t\t<\/li>\n\t\t<\/ol>\n\t<\/div>\n<\/section>\n\n<section class=\"white-section\">\n\t<div class=\"anchor\" id=\"disputes-related-to-stocks-and-investments\"><\/div>\n\t<div class=\"section-inner\">\n\t\t<div class=\"flex\">\n\t\t\t<div class=\"width41\"><img decoding=\"async\" src=\"\/wp-content\/themes\/monolith2021\/img\/stockrelatedlaw\/stockrelatedlaw_pic4.jpg\" alt=\"Streitigkeiten im Zusammenhang mit Aktien und Investitionen\"><\/div>\n\t\t\t<div class=\"width51\">\n\t\t\t\t<h3>Streitigkeiten im Zusammenhang mit Aktien und Investitionen<\/h3>\n\t\t\t\t<p>Wir verf\u00fcgen \u00fcber umfangreiche Expertise bei der L\u00f6sung von Problemen und Streitigkeiten im Zusammenhang mit Investitionen und anderen Angelegenheiten. Dies reicht von Rechtsstreitigkeiten zwischen Unternehmen und Aktion\u00e4ren, wie zum Beispiel Aktion\u00e4rsklagen, bis hin zu Problemen im Zusammenhang mit Kapitalerh\u00f6hungen, \u00dcbernahmen und anderen Themen.<\/p>\n\t\t\t<\/div>\n\t\t<\/div>\n\t<\/div>\n<\/section>\n\n<section class=\"purple2-section\">\n\t<div class=\"anchor\" id=\"monolith-law-magazine\"><\/div>\n\t<div class=\"section-inner\">\n\t\t    <section class=\"white-section temp-article\">\n        <div class=\"section-inner\">\n            <h4>MONOLITH LAW MAGAZINE<\/h4>\n            <div class=\"articles type_practice_column\">\n                                                                    <div class=\"article article-area\">\n                        <figure>\n                            <div class=\"img-wrap\">\n                                <img alt=\"\u3010Ab Oktober 2023 (Reiwa 6) in Kraft\u3011Vor- und Nachteile der Nichtver\u00f6ffentlichung der Adresse des Gesch\u00e4ftsf\u00fchrenden Direktors im Handelsregister \u2013 Eine umfassende Erkl\u00e4rung\" src=\"https:\/\/monolith.law\/de\/wp-content\/uploads\/sites\/14\/2024\/07\/shutterstock_446633164-1.webp\" width=\"500\" height=\"250\">\n                            <\/div>\n                            <figcaption>\n                                <div class=\"figcaption-inner\">\n                                    <h3>\u3010Ab Oktober 2023 (Reiwa 6) in Kraft\u3011Vor- und Nachteile der Nichtver\u00f6ffentlichung.<\/h3>\n                                <\/div>\n                            <\/figcaption>\n                            <a href=\"https:\/\/monolith.law\/de\/general-corporate\/ceo-address-hidden\"><\/a>\n                        <\/figure>\n                    <\/div>\n                                                    <div class=\"article article-area\">\n                        <figure>\n                            <div class=\"img-wrap\">\n                                <img alt=\"Was ist eine 'Japanische Directors-and-Officers-Versicherung (D&amp;O-Versicherung)'? Erl\u00e4uterung der Verfahren nach der Reform des 'Japanischen Gesellschaftsgesetzes' und der Unterschiede zur Unternehmensentsch\u00e4digung\" src=\"https:\/\/monolith.law\/de\/wp-content\/uploads\/sites\/14\/2024\/04\/Shutterstock_2311231603.webp\" width=\"500\" height=\"250\">\n                            <\/div>\n                            <figcaption>\n                                <div class=\"figcaption-inner\">\n                                    <h3>Was ist eine 'Japanische Directors-and-Officers-Versicherung (D&amp;O-Versicheru.<\/h3>\n                                <\/div>\n                            <\/figcaption>\n                            <a href=\"https:\/\/monolith.law\/de\/general-corporate\/directors-liability-insurance-contract\"><\/a>\n                        <\/figure>\n                    <\/div>\n                                                    <div class=\"article article-area\">\n                        <figure>\n                            <div class=\"img-wrap\">\n                                <img alt=\"Methoden zur Gr\u00fcndung einer juristischen Person (Gesellschaft) im Ausland \u2013 Erkl\u00e4rung zu Typen und wichtigen Punkten\" src=\"https:\/\/monolith.law\/de\/wp-content\/uploads\/sites\/14\/2024\/04\/world.webp\" width=\"500\" height=\"250\">\n                            <\/div>\n                            <figcaption>\n                                <div class=\"figcaption-inner\">\n                                    <h3>Methoden zur Gr\u00fcndung einer juristischen Person (Gesellschaft) im Ausland \u2013 Erkl.<\/h3>\n                                <\/div>\n                            <\/figcaption>\n                            <a href=\"https:\/\/monolith.law\/de\/general-corporate\/establishment-of-overseas-corporation\"><\/a>\n                        <\/figure>\n                    <\/div>\n                                            <\/div>\n            <div class=\"btn-more\"><a href=\"https:\/\/monolith.law\/de\/tag\/m-and-a\">Read More<\/a><\/div>\n        <\/div>\n    <\/section>\n\t<\/div>\n<\/section>\n\n<section class=\"orange2-section\">\n\t<div class=\"anchor\" id=\"fee-structure\"><\/div>\n\t<div class=\"section-inner\">\n\t<div class=\"planWrap\">\n\t<h3>Geb\u00fchrenstruktur<\/h3>\n\t<ul class=\"plan\">\n\t\t<li class=\"txt-left\">\n\t\t\t<div class=\"plan-inner\">\n\t\t\t<div class=\"plan-header\">\n\t\t\t<h4 class=\"plan-title\">Stundensatz<\/h4>\n\t\t\t<div class=\"plan-price\"><span class=\"price-figure\">$300<\/span>pro Stunde<span class=\"price-tax\"><\/span><\/div>\n\t\t\t<\/div>\n\t\t\t<div class=\"plan-body\">In bestimmten F\u00e4llen k\u00f6nnen wir die \u00dcbernahme eines Streitfalls oder einer Klage mit einer Anfangsgeb\u00fchr und einer erfolgsabh\u00e4ngigen Verg\u00fctung in Betracht ziehen. F\u00fcr weitere Details kontaktieren Sie uns bitte unverbindlich.<\/div>\n\t\t\t<\/div>\n\t\t<\/li>\n\t\t<li class=\"txt-left\">\n\t\t\t<div class=\"plan-inner\">\n\t\t\t<div class=\"plan-header\">\n\t\t\t<h4 class=\"plan-title\">Vertragsentwurf<\/h4>\n\t\t\t<div class=\"plan-price\"><span class=\"price-value\">ab<\/span><span class=\"price-figure\">$500<\/span><span class=\"price-value\">bis $2.000 oder mehr<\/span><span class=\"price-tax\"><\/span><\/div>\n\t\t\t<\/div>\n\t\t\t<div class=\"plan-body\">Die Preisstruktur kann je nach Art und Umfang der Vertr\u00e4ge variieren. Wir bieten gerne eine vorl\u00e4ufige Kostensch\u00e4tzung auf Anfrage an und ermutigen Sie, sich f\u00fcr weitere Details an uns zu wenden.<\/div>\n\t\t\t<\/div>\n\t\t<\/li>\n\t\t<li class=\"txt-left\">\n\t\t\t<div class=\"plan-inner\">\n\t\t\t<div class=\"plan-header\">\n\t\t\t<h4 class=\"plan-title\">Weitere Dienstleistungen<\/h4>\n\t\t\t<div class=\"plan-price\"><span class=\"price-figure\">Kontaktieren Sie uns<\/span><\/div>\n\t\t\t<\/div>\n\t\t\t<div class=\"plan-body\">Wir bieten eine breite Palette von Dienstleistungen an, einschlie\u00dflich Unternehmensgr\u00fcndung, Vertragspr\u00fcfung, Rechtsgutachten, Fallpr\u00fcfung oder Forschungsschreiben. Sollten Sie Fragen oder Bedenken haben, laden wir Sie herzlich ein, uns zu kontaktieren, und unser kompetentes Team wird Ihnen gerne behilflich sein.<\/div>\n\t\t\t<\/div>\n\t\t\t<\/div>\n\t\t<\/li>\n\t<\/ul>\n\t<\/div>\n\t<\/div>\n<\/section>\n\n<section class=\"white-section\">\n\t<div class=\"section-inner\">\n\t\t<div class=\"btn-area\">\n\t\t\t<div class=\"btn icon-contact\"><a href=\"\/de\/contact\">Kontaktieren Sie uns<\/a><\/div>\n\t\t<\/div>\n\t<\/div>\n<\/section>\n","protected":false},"excerpt":{"rendered":"<p>M&amp;A Die MONOLITH LAW OFFICE hat zahlreiche M&amp;A-Transaktionen und damit verbundene rechtliche Angelegenheiten im Bereich IT, einschlie\u00dflich Apps und Webdienste, betreut. Wir sind in der Lage, r [&hellip;]<\/p>\n","protected":false},"author":26,"featured_media":57141,"parent":0,"menu_order":7,"comment_status":"closed","ping_status":"closed","template":"other-page-temp.php","meta":{"footnotes":""},"acf":[],"_links":{"self":[{"href":"https:\/\/monolith.law\/de\/wp-json\/wp\/v2\/pages\/32408"}],"collection":[{"href":"https:\/\/monolith.law\/de\/wp-json\/wp\/v2\/pages"}],"about":[{"href":"https:\/\/monolith.law\/de\/wp-json\/wp\/v2\/types\/page"}],"author":[{"embeddable":true,"href":"https:\/\/monolith.law\/de\/wp-json\/wp\/v2\/users\/26"}],"replies":[{"embeddable":true,"href":"https:\/\/monolith.law\/de\/wp-json\/wp\/v2\/comments?post=32408"}],"version-history":[{"count":32,"href":"https:\/\/monolith.law\/de\/wp-json\/wp\/v2\/pages\/32408\/revisions"}],"predecessor-version":[{"id":60897,"href":"https:\/\/monolith.law\/de\/wp-json\/wp\/v2\/pages\/32408\/revisions\/60897"}],"wp:featuredmedia":[{"embeddable":true,"href":"https:\/\/monolith.law\/de\/wp-json\/wp\/v2\/media\/57141"}],"wp:attachment":[{"href":"https:\/\/monolith.law\/de\/wp-json\/wp\/v2\/media?parent=32408"}],"curies":[{"name":"wp","href":"https:\/\/api.w.org\/{rel}","templated":true}]}}