{"id":4096,"date":"2019-08-29T03:42:29","date_gmt":"2019-08-28T18:42:29","guid":{"rendered":"https:\/\/monolith.law\/?page_id=4096"},"modified":"2023-12-13T19:10:47","modified_gmt":"2023-12-13T10:10:47","slug":"overview-of-our-firm","status":"publish","type":"page","link":"https:\/\/monolith.law\/de\/overview-of-our-firm","title":{"rendered":"\u00dcberblick \u00fcber unsere Kanzlei"},"content":{"rendered":"\n<section class=\"heading-area\">\n\t<div class=\"heading-area-inner\">\n\t\t<h2 class=\"icon-overview-of-our-firm\">\u00dcberblick \u00fcber unsere Kanzlei<\/h2>\n\t\t<p>MONOLITH LAW OFFICE ist eine in Tokio ans\u00e4ssige japanische Kanzlei mit Expertise in den Bereichen IT, Internet und Business. Unser Team besteht aus IT-Spezialisten, einschlie\u00dflich des Gr\u00fcndungsanwalts, der eine umfangreiche Erfahrung als IT-Ingenieur hat.<\/p>\n\t<\/div>\n<\/section>\n<section class=\"white-section\">\n\t<div class=\"section-inner pdt0 border-bottom-section\">\n\t\t<p>Unser Gr\u00fcndungsanwalt, Toki Kawase, interessierte sich bereits seit der dritten Klasse der Grundschule f\u00fcr das Programmieren und arbeitete w\u00e4hrend seines Studiums in der IT-Branche. In seinen Zwanzigern sammelte er Erfahrungen in der F\u00fchrung von Start-up-Unternehmen und gr\u00f6\u00dferen Gesch\u00e4ften. Durch die Synergie dieser einzigartigen Erfahrungen verf\u00fcgt unsere Kanzlei \u00fcber ein Team von IT-Profis, die unseren Mandanten L\u00f6sungen bieten. <br>MONOLITH LAW OFFICE nutzt seine St\u00e4rken im IT-Bereich voll aus, um rechtliche Beratungsdienste anzubieten. Unsere Mandanten reichen von erstklassigen Unternehmen bis hin zu Start-ups in der Seed-Phase. Wir verf\u00fcgen \u00fcber umfangreiche Erfahrungen in der Bereitstellung von IT-bezogenen Rechtsdienstleistungen f\u00fcr verschiedene Unternehmen.<\/p>\n\t<\/div>\n<\/section>\n<section class=\"second-nav\">\n\t<div class=\"second-nav-inner\">\n\t\t<p>THEMEN<\/p>\n\t\t<nav>\n\t\t\t<ul>\n\t\t\t\t<li><a href=\"#specialization-in-it\">Spezialisierung auf IT<\/a><\/li>\n\t\t\t\t<li><a href=\"#law-firm-at-otemachi-tokyo\">Kanzlei in Otemachi, Tokio<\/a><\/li>\n\t\t\t\t<li><a href=\"#what-is-a-monolith\">Was ist ein Monolith<\/a><\/li>\n\t\t\t\t<li><a href=\"#from-legal-advisor-to-it-specialized-lawyer\">Vom Rechtsberater zum IT-Spezialisten<\/a><\/li>\n\t\t\t\t<li><a href=\"#handling-cross-border-legal-matters\">Bearbeitung grenz\u00fcberschreitender Rechtsangelegenheiten<\/a><\/li>\n\t\t\t\t<li><a href=\"#our-clients\">Unsere Mandanten<\/a><\/li>\n\t\t\t<\/ul>\n\t\t<\/nav>\n\t<\/div>\n<\/section>\n<section class=\"white-section\">\n\t<div class=\"anchor\" id=\"specialization-in-it\"><\/div>\n\t<div class=\"section-inner\">\n\t\t<div class=\"flex\">\n\t\t\t<div class=\"width41\"><img decoding=\"async\" src=\"\/wp-content\/uploads\/2023\/06\/about_pic1.jpg\" alt=\"Specialization in IT\"><\/div>\n\t\t\t<div class=\"width51\">\n\t\t\t\t<h3>Spezialisierung im IT-Bereich<\/h3>\n\t\t\t\t<p class=\"mgb-small\">Wir sind eine in Tokio ans\u00e4ssige japanische Kanzlei, die sich auf IT spezialisiert hat. Wir verf\u00fcgen nicht nur \u00fcber ein Team von Anw\u00e4lten, die auf verschiedene IT-Bereiche spezialisiert sind, sondern auch \u00fcber ein Team von IT-Beratern mit umfassendem Wissen in der IT. Durch die Synergie von Recht und IT gew\u00e4hrleisten wir das beste Interesse unserer Mandanten.<\/p>\n\t\t\t\t<p class=\"mgb-small\">Unser Gr\u00fcndungsanwalt Toki Kawase begann bereits in der dritten Klasse der Grundschule mit dem Programmieren. Toki hat sich seit dem Universit\u00e4tsbeginn intensiv mit der IT-Branche besch\u00e4ftigt; und mit Gesch\u00e4ften, insbesondere Start-ups und kleinen sowie mittelst\u00e4ndischen Unternehmen, die er in seinen Zwanzigern erlebte. Dies sind die St\u00e4rken von Toki Kawase und die Praxisbereiche der MONOLITH LAW OFFICE.<\/p>\n\t\t\t\t<p class=\"mgb-middle\">Vor diesem Hintergrund konzentriert sich MONOLITH LAW OFFICE auf Beratungs- und andere Dienstleistungen mit &#8220;IT&#8221; als Schl\u00fcsselwort, von Top-Tier-Unternehmen bis hin zu Start-ups in der Seed-Phase, sowie auf Dienstleistungen mit den Schl\u00fcsselw\u00f6rtern &#8220;Internet&#8221; und &#8220;Business&#8221;, von Internetrechtsangelegenheiten f\u00fcr b\u00f6rsennotierte Unternehmen bis hin zu M&#038;A.<\/p>\n\t\t\t\t<div class=\"btn-area\">\n\t\t\t\t\t<div class=\"btn icon-services\"><a href=\"\/de\/services\">Dienstleistungen<\/a><\/div>\n\t\t\t\t\t<div class=\"btn icon-people\"><a href=\"\/en\/people\">Team<\/a><\/div>\n\t\t\t\t<\/div>\n\t\t\t<\/div>\n\t\t<\/div>\n\t<\/div>\n<\/section>\n<section class=\"purple-section\">\n\t<div class=\"anchor\" id=\"law-firm-at-otemachi-tokyo\"><\/div>\n\t<div class=\"section-inner\">\n\t\t<div class=\"flex reverse\">\n\t\t\t<div class=\"width41\"><img decoding=\"async\" src=\"\/wp-content\/uploads\/2023\/06\/about_pic2.jpg\" alt=\"Law Firm at Otemachi, Tokyo\"><\/div>\n\t\t\t<div class=\"width51\">\n\t\t\t\t<div class=\"inline-inner\">\n\t\t\t\t\t<h3>Rechtsanwaltskanzlei in Otemachi, Tokio<\/h3>\n\t\t\t\t\t<p class=\"mgb-small\">MONOLITH LAW OFFICE ist eine japanische Rechtsanwaltskanzlei, die sich in Otemachi, Chiyoda-ku, Tokio befindet.<\/p>\n\t\t\t\t\t<p class=\"mgb-small\">Wir haben als Rechtsberater f\u00fcr ungef\u00e4hr 1087 IT-Unternehmen gedient, von Start-up-Unternehmen in der Saatgutphase bis hin zu Unternehmen der TSE-Ersten Sektion, die die gr\u00f6\u00dften und renommiertesten Unternehmen an der Tokioter B\u00f6rse repr\u00e4sentieren. Wir bieten Rechtsdienstleistungen f\u00fcr insgesamt 1855 Kunden an und konzentrieren uns auf IT-bezogene Rechtsfragen wie die Verhinderung von Rufsch\u00e4digung, Anti-Verleumdung und Streitigkeiten im Zusammenhang mit der Systementwicklung.<\/p>\n\t\t\t\t\t<p class=\"mgb-middle\">&#8220;Expertise in IT und Gesch\u00e4ft&#8221; ist das, was uns besonders macht.<\/p>\n\t\t\t\t\t<div class=\"btn-area\">\n\t\t\t\t\t\t<div class=\"btn icon-access\"><a href=\"\/de\/access\">Access<\/a><\/div>\n\t\t\t\t\t<\/div>\n\t\t\t\t<\/div>\n\t\t\t<\/div>\n\t\t<\/div>\n\t<\/div>\n<\/section>\n<section class=\"white-section\">\n\t<div class=\"anchor\" id=\"what-is-a-monolith\"><\/div>\n\t<div class=\"section-inner\">\n\t\t<div class=\"flex\">\n\t\t\t<div class=\"width41\"><img decoding=\"async\" src=\"\/wp-content\/themes\/monolith2021\/img\/about\/about_pic3.jpg\" alt=\"What is a Monolith\"><\/div>\n\t\t\t<div class=\"width51\">\n\t\t\t\t<h3>Was ist ein Monolith<\/h3>\n\t\t\t\t<p class=\"mgb-small\">Das Wort &#8220;Monolith&#8221; stammt aus dem Lateinischen und bedeutet einen einzelnen oder isolierten Felsen. In Stanley Kubricks Film &#8220;2001: Odyssee im Weltraum&#8221; werden sie als Werkzeuge au\u00dferirdischer Intelligenz dargestellt, die die menschliche Evolution katalysieren.<\/p>\n\t\t\t\t<p class=\"mgb-small\">Die Mission der MONOLITH LAW OFFICE besteht darin, als Rechtsspezialist die Evolution von IT und anderen Technologien sowie sozialen Systemen zu f\u00f6rdern. MONOLITH arbeitet daran, die von Start-up-Unternehmen aufgestellten Hypothesen zu testen, IT und Recht bei Ma\u00dfnahmen zur Schadensbegrenzung des Rufes sowie bei der Streitbeilegung zu koordinieren und reibungslosere Gesch\u00e4ftssysteme zu entwickeln.<\/p>\n\t\t\t\t<p class=\"mgb-small\">MONOLITH LAW OFFICE glaubt, dass das Recht die Evolution der Menschheit durch Technologie und Gesellschaft katalysiert. <\/p>\n\t\t\t\t<p class=\"mgb-middle\">Das ultimative Ziel der MONOLITH LAW OFFICE ist es, die Evolution von IT, Gesellschaft und Menschheit zu f\u00f6rdern. <\/p>\n\t\t<\/div>\n\t<\/div>\n<\/section>\n<section class=\"orange-section\">\n\t<div class=\"anchor\" id=\"from-legal-advisor-to-it-specialized-lawyer\"><\/div>\n\t<div class=\"section-inner\">\n\t\t<div class=\"flex reverse\">\n\t\t\t<div class=\"width41\"><img decoding=\"async\" src=\"\/wp-content\/uploads\/2023\/06\/about_pic4.jpg\" alt=\"From \"><\/div>\n\t\t\t<div class=\"width51\">\n\t\t\t\t<h3>Von Rechtsberatern zu IT-Rechtsspezialisten<\/h3>\n\t\t\t\t<p class=\"mgb-small\">Die MONOLITH LAW OFFICE betont ihre St\u00e4rken in den Bereichen &#8220;IT-Recht, Internetrecht und Wirtschaftsrecht&#8221;. Wir bieten Rechtsdienstleistungen f\u00fcr viele Unternehmen mit einem Schwerpunkt auf IT an. Wir haben zwei Haupttypen von Rechtsdienstleistungen im Angebot.<\/p>\n\t\t\t\t<p class=\"mgb-small\">Einerseits bieten wir Dienstleistungen basierend auf der Position eines &#8220;General Counsel&#8221; oder &#8220;Chief Legal Officer&#8221; f\u00fcr ein IT-Unternehmen an. Da das Hauptgesch\u00e4ft des Unternehmens IT-bezogen ist, w\u00e4hlt man unsere Kanzlei aufgrund unserer F\u00e4higkeit, die IT-Technologie und das Gesch\u00e4ft des Kunden zu verstehen.<\/p>\n\t\t\t\t<p class=\"mgb-small\">Andererseits arbeiten wir als &#8220;IT-\/Internetrechtsexperten&#8221; f\u00fcr Unternehmen, bei denen IT nicht das Kerngesch\u00e4ft ist. Obwohl IT nicht im Zentrum von Gesch\u00e4ftsfeldern wie Finanzen, Immobilien und Gastronomie steht, k\u00f6nnen diese ohne IT und Internet nicht mehr existieren. Wir bieten Unterst\u00fctzung aus rechtlicher Perspektive f\u00fcr Unternehmen in ihren IT- und Internet-bezogenen Operationen an.<\/p>\n\t\t\t\t<p class=\"mgb-middle\">Die MONOLITH LAW OFFICE wird mit Ihnen in verschiedenen Positionen zusammenarbeiten, basierend auf unserem hohen Expertiseniveau, um die Entwicklung Ihres Unternehmens zu unterst\u00fctzen.<\/p>\n\t\t\t\t<div class=\"btn-area\">\n\t\t\t\t\t<div class=\"btn icon-general-corporate\"><a href=\"\/de\/services#general-corporate\">Allgemeines Unternehmensrecht<\/a><\/div>\n\t\t\t\t\t<div class=\"btn icon-it\"><a href=\"\/de\/services#it\">IT<\/a><\/div>\n\t\t\t\t<\/div>\n\t\t\t<\/div>\n\t\t<\/div>\n\t<\/div>\n<\/section>\n<section class=\"white-section\">\n\t<div class=\"anchor\" id=\"handling-cross-border-legal-matters\"><\/div>\n\t<div class=\"section-inner\">\n\t\t<div class=\"flex\">\n\t\t\t<div class=\"width41\"><img decoding=\"async\" src=\"\/wp-content\/uploads\/2023\/06\/about_pic5.jpg\" alt=\"Handling cross-border legal matters\"><\/div>\n\t\t\t<div class=\"width51\">\n\t\t\t\t<h3>Abwicklung grenz\u00fcberschreitender Rechtsangelegenheiten<\/h3>\n\t\t\t\t<p class=\"mgb-small\">Die Verwaltung grenz\u00fcberschreitender Rechtsangelegenheiten in den IT- und Internetsektoren ist unsere Spezialit\u00e4t. Mit der zunehmenden Bedeutung von Globalisierung und grenz\u00fcberschreitenden Aktivit\u00e4ten wird eine angemessene rechtliche Unterst\u00fctzung entscheidend.<\/p>\n\t\t\t\t<p class=\"mgb-small\">Wenn beispielsweise ein japanisches SaaS-Unternehmen auf internationale M\u00e4rkte expandiert, ist die Einhaltung lokaler rechtlicher Anforderungen und Vorschriften unerl\u00e4sslich. Ebenso ist beim Erhalt ausl\u00e4ndischer Investitionen Unterst\u00fctzung bei der Ausarbeitung und Verhandlung von Investitionsvereinbarungen und zugeh\u00f6rigen rechtlichen Dokumenten notwendig. Umgekehrt m\u00fcssen japanische Unternehmen, die an \u00dcbersee-M&#038;A oder globaler Expansion beteiligt sind, lokale Gesetze und Vorschriften verstehen. Dar\u00fcber hinaus erfordert das \u00dcberwinden von Sprach- und Kulturschranken in F\u00e4llen wie Influencer-Marketing und steigender Inbound-Nachfrage die Auseinandersetzung mit lokalen Gesetzen und vertraglichen Angelegenheiten.<\/p>\n\t\t\t\t<p class=\"mgb-middle\">MONOLITH LAW OFFICE hat seine F\u00e4higkeiten in den modernsten Rechtsgebieten ausgebaut, um den Anforderungen von grenz\u00fcberschreitenden Aktivit\u00e4ten und der Globalisierung gerecht zu werden. Indem wir unser Team aus Anw\u00e4lten mit Ingenieuren und anderen Fachleuten kombinieren, bieten wir umfassende Unterst\u00fctzung, indem wir technisches Wissen und juristische Expertise nutzen, um die internationale Expansion und globale Gesch\u00e4ftsvorhaben unserer Mandanten zu f\u00f6rdern.<\/p>\n\t\t\t\t<div class=\"btn-area\">\n\t\t\t\t\t<div class=\"btn icon-cross-border\"><a href=\"\/de\/services#cross-border\">Cross-border<\/a><\/div>\n\t\t\t\t<\/div>\n\t\t\t<\/div>\n\t\t<\/div>\n\t<\/div>\n<\/section>\n<section class=\"purple-section\">\n\t<div class=\"anchor\" id=\"our-clients\"><\/div>\n\t<div class=\"section-inner\">\n\t\t<div class=\"flex reverse\">\n\t\t\t<div class=\"width41\"><img decoding=\"async\" src=\"\/wp-content\/uploads\/2019\/09\/beartail_kurosaki.jpg\" alt=\"Our Clients\"><\/div>\n\t\t\t<div class=\"width51\">\n\t\t\t\t<h3>Unsere Kunden<\/h3>\n\t\t\t\t<p class=\"mgb-small\">Die MONOLITH LAW OFFICE bietet zwei Hauptdienstleistungen an. Eine davon ist die Rolle des General Counsel oder Chief Legal Officer in einem IT- und Startup-Unternehmen, bei der wir uns um die gesamten rechtlichen Angelegenheiten des Unternehmens k\u00fcmmern. Die zweite ist die Rolle eines &#8220;IT- und IP-Anwalts&#8221; f\u00fcr verschiedene Unternehmen, bei der wir uns ausschlie\u00dflich um die IT- und IP-rechtlichen Angelegenheiten des Unternehmens k\u00fcmmern.<\/p>\n\t\t\t\t<p class=\"mgb-small\">Wir haben folgende R\u00fcckmeldungen von unseren Kunden erhalten:<\/p>\n\t\t\t\t<p class=\"mgb-small\">&#8220;Um rechtliche Risiken einsch\u00e4tzen zu k\u00f6nnen, ist ein Verst\u00e4ndnis f\u00fcr Technologie erforderlich, und die MONOLITH LAW OFFICE ist auf diesem Gebiet ein Profi.&#8221;<\/p>\n\t\t\t\t<p class=\"mgb-small\">&#8220;Die MONOLITH LAW OFFICE ist hilfreich, weil sie mit uns zusammenarbeitet, um herauszufinden, &#8216;wie man Risiken kontrolliert&#8217; aus der Perspektive eines Unternehmensleiters.&#8221;<\/p>\n\t\t\t\t<p class=\"mgb-middle\">&#8220;Die MONOLITH LAW OFFICE ist sowohl eine Anwaltskanzlei als auch eine Unternehmensberatung. Sie bieten eine rechtliche Grundlage f\u00fcr ihre Erkl\u00e4rungen.&#8221;<\/p>\n\t\t\t\t\n\t\t<\/div>\n\t<\/div>\n<\/section>\n","protected":false},"excerpt":{"rendered":"<p>\u00dcberblick \u00fcber unsere Kanzlei MONOLITH LAW OFFICE ist eine in Tokio ans\u00e4ssige japanische Kanzlei mit Expertise in den Bereichen IT, Internet und Business. Unser Team besteht aus IT-Spezialisten, einsc [&hellip;]<\/p>\n","protected":false},"author":26,"featured_media":56658,"parent":0,"menu_order":1,"comment_status":"closed","ping_status":"closed","template":"other-page-temp.php","meta":{"footnotes":""},"acf":[],"_links":{"self":[{"href":"https:\/\/monolith.law\/de\/wp-json\/wp\/v2\/pages\/4096"}],"collection":[{"href":"https:\/\/monolith.law\/de\/wp-json\/wp\/v2\/pages"}],"about":[{"href":"https:\/\/monolith.law\/de\/wp-json\/wp\/v2\/types\/page"}],"author":[{"embeddable":true,"href":"https:\/\/monolith.law\/de\/wp-json\/wp\/v2\/users\/26"}],"replies":[{"embeddable":true,"href":"https:\/\/monolith.law\/de\/wp-json\/wp\/v2\/comments?post=4096"}],"version-history":[{"count":93,"href":"https:\/\/monolith.law\/de\/wp-json\/wp\/v2\/pages\/4096\/revisions"}],"predecessor-version":[{"id":59772,"href":"https:\/\/monolith.law\/de\/wp-json\/wp\/v2\/pages\/4096\/revisions\/59772"}],"wp:featuredmedia":[{"embeddable":true,"href":"https:\/\/monolith.law\/de\/wp-json\/wp\/v2\/media\/56658"}],"wp:attachment":[{"href":"https:\/\/monolith.law\/de\/wp-json\/wp\/v2\/media?parent=4096"}],"curies":[{"name":"wp","href":"https:\/\/api.w.org\/{rel}","templated":true}]}}