{"id":41151,"date":"2022-12-01T14:33:54","date_gmt":"2022-12-01T05:33:54","guid":{"rendered":"https:\/\/monolith.law\/?page_id=41151"},"modified":"2025-08-30T09:00:13","modified_gmt":"2025-08-30T00:00:13","slug":"home","status":"publish","type":"page","link":"https:\/\/monolith.law\/de\/","title":{"rendered":"MONOLITH LAW OFFICE | Tokio, Japan"},"content":{"rendered":"\n<p>\n<\/p>\n\n\n\n<section class=\"white-section front-top\" data-delighter=\"\">\n\t<div class=\"section-inner\">\n\t<div class=\"top-logo\">\n\t<div class=\"base\"><\/div>\n\t<img decoding=\"async\" src=\"\/wp-content\/themes\/monolith2021\/img\/top\/top_logo_m.svg\" alt=\"M\" class=\"top-logo-1\">\n\t<img decoding=\"async\" src=\"\/wp-content\/themes\/monolith2021\/img\/top\/top_logo_o.svg\" alt=\"O\" class=\"top-logo-2\">\n\t<img decoding=\"async\" src=\"\/wp-content\/themes\/monolith2021\/img\/top\/top_logo_n.svg\" alt=\"N\" class=\"top-logo-3\">\n\t<img decoding=\"async\" src=\"\/wp-content\/themes\/monolith2021\/img\/top\/top_logo_o.svg\" alt=\"O\" class=\"top-logo-4\">\n\t<img decoding=\"async\" src=\"\/wp-content\/themes\/monolith2021\/img\/top\/top_logo_l.svg\" alt=\"L\" class=\"top-logo-5\">\n\t<img decoding=\"async\" src=\"\/wp-content\/themes\/monolith2021\/img\/top\/top_logo_i.svg\" alt=\"I\" class=\"top-logo-6\">\n\t<img decoding=\"async\" src=\"\/wp-content\/themes\/monolith2021\/img\/top\/top_logo_t.svg\" alt=\"T\" class=\"top-logo-7\">\n\t<img decoding=\"async\" src=\"\/wp-content\/themes\/monolith2021\/img\/top\/top_logo_h.svg\" alt=\"H\" class=\"top-logo-8\">\n\t<\/div>\n\t<p class=\"text1\"><strong>IT Evolutionieren<\/strong><\/p>\n\t<p class=\"text2\">Heutzutage ist IT das Herzst\u00fcck moderner Gesch\u00e4ftst\u00e4tigkeiten, <br class=\"sp-none\">aber die Nutzung von IT f\u00fcr Gesch\u00e4fte erfordert rechtliches Risikomanagement.<br>Bei MONOLITH LAW OFFICE arbeitet unser Team aus Anw\u00e4lten und IT-Beratern Hand in Hand, um die Probleme unserer Kunden zu l\u00f6sen.<br class=\"sp-none\">Unsere Mission ist es, IT-Innovationen in Japan zu entfachen und das Wachstum zu f\u00f6rdern, um Unternehmen zu erm\u00f6glichen, zu beispiellosen H\u00f6hen aufzusteigen.<\/p>\t\n\t<\/div>\n<\/section>\n<section class=\"white-section front-about\">\n\t<div class=\"section-inner\">\n\t<div class=\"text\">\n\t<p class=\"en\">\u00dcBER MONOLITH LAW OFFICE<\/p>\n\t<h2>Unsere Mission als Rechtsanw\u00e4lte mit IT-Engineering-Hintergrund<\/h2>\n\t<p class=\"text\">MONOLITH LAW OFFICE ist eine in Tokio ans\u00e4ssige japanische Anwaltskanzlei, die IT-Rechtsdienstleistungen f\u00fcr eine Vielzahl von Unternehmen anbietet.<br>Toki Kawase, unser gesch\u00e4ftsf\u00fchrender Anwalt, hat seit seiner Universit\u00e4tszeit als freiberuflicher IT-Ingenieur gearbeitet. Er hat Erfahrung in der Gr\u00fcndung eines IT-Unternehmens und hat ebenfalls als IT-Ingenieur gearbeitet. Toki hat mit eigenen Augen das bedeutende Wachstum von Start-ups und anderen Unternehmen durch IT und die verschiedenen Risiken, die in diesem Prozess entstehen, gesehen. Er versteht, dass es f\u00fcr die IT notwendig ist, auch in Zukunft gro\u00dfen Nutzen f\u00fcr Unternehmen zu bringen, eine innovative rechtliche Perspektive erforderlich ist.<br>Auf dieser Erfahrung basierend hat er MONOLITH LAW OFFICE gegr\u00fcndet, eine Organisation von hochspezialisierten Anw\u00e4lten und IT-Beratern, um eine Vielzahl von L\u00f6sungen anzubieten.<\/p>\n\t<\/div>\n\t<div class=\"pic\"><img decoding=\"async\" src=\"\/wp-content\/themes\/monolith2021\/img\/top\/kawase_pic.png\" alt=\"Unser Gr\u00fcndungsanwalt Toki Kawase\"><\/div>\n\t<\/div>\n<\/section>\n<section class=\"white-section front-numbers\">\n\t<div class=\"section-inner\">\n\t<p class=\"en\">MONOLITH LAW OFFICE IN ZAHLEN<\/p>\n\t<h2>Unsere Erfahrung als Anwaltskanzlei sowie als Spezialist f\u00fcr Unternehmens-IT.<\/h2>\n\t<div class=\"box-wrap\">\n\t<div class=\"sub-box\">\n\t\t<h3>Unternehmenskunden<\/h3>\n\t\t<p class=\"code\">1087\n\t\t<p class=\"text\">Wir bieten Beratungsdienstleistungen (einschlie\u00dflich verschiedener Vertr\u00e4ge mit Direktoren, Vorstandsmitgliedern usw.) f\u00fcr eine breite Palette von Unternehmen an, von Blue-Chip-Unternehmen, die im ersten Segment der Tokioter B\u00f6rse (TSE) gelistet sind, bis hin zu Start-up-Unternehmen in der Gr\u00fcndungsphase.<\/p>\n\t<\/div>\n\t<div class=\"sub-box\">\n\t\t<h3>Kunden<\/h3>\n\t\t<p class=\"code\">1855\n\t\t<p class=\"text\">Wir haben verschiedene Arten von Unternehmen in verschiedenen Branchen unterst\u00fctzt. Unsere Klientel reicht von Japans Top-Organisationen bis hin zu kleinen und mittleren Unternehmen. Wir bieten Dienstleistungen an, die auf die Bed\u00fcrfnisse jedes einzelnen Kunden zugeschnitten sind. Im MONOLITH LAW OFFICE sind wir ein Team von spezialisierten Anw\u00e4lten und IT-Beratern, die individuelle L\u00f6sungen f\u00fcr die spezifischen Bed\u00fcrfnisse Ihres Unternehmens entwickeln. Deshalb k\u00f6nnen wir uns als Experten f\u00fcr Unternehmens-IT-L\u00f6sungen betrachten.<\/p>\n\t<\/div>\n\t<div class=\"sub-box\">\n\t\t<h3>Originale IT-L\u00f6sungen<\/h3>\n\t\t<p class=\"code\">7\n\t\t<p class=\"text\">Wir sind ein Team, das auf Unternehmens-IT spezialisiert ist. MONOLITH LAW OFFICE besteht aus einem Team von qualifizierten Anw\u00e4lten und IT-Beratern, die sich der Erstellung ma\u00dfgeschneiderter L\u00f6sungen f\u00fcr Ihre spezifischen Bed\u00fcrfnisse widmen.<\/p>\n\t<\/div>\n\t<div class=\"sub-box\">\n\t\t<h3>Rechtsanw\u00e4lte<\/h3>\n\t\t<p class=\"code\">30\n\t\t<p class=\"text\">Der wichtigste Faktor bei der L\u00f6sung von IT-Problemen ist die Geschwindigkeit der ersten Reaktion. Die MONOLITH LAW OFFICE verf\u00fcgt \u00fcber viele Rechtsanw\u00e4lte, die t\u00e4glich auf eine Vielzahl von Anfragen reagieren k\u00f6nnen.<\/p>\n\t<\/div>\n\t<div class=\"sub-box\">\n\t\t<h3>IT-Berater<\/h3>\n\t\t<p class=\"code\">16\n\t\t<p class=\"text\">Wir glauben, dass IT-Berater genauso wichtig sind wie Anw\u00e4lte, um mit der st\u00e4ndig fortschreitenden Technologie Schritt zu halten und immer komplexere unternehmerische IT-Herausforderungen zu bew\u00e4ltigen.<\/p>\n\t<\/div>\n\t<div class=\"sub-box\">\n\t\t<h3>Unterst\u00fctzte L\u00e4nder<\/h3>\n\t\t<p class=\"code\">18\n\t\t<p class=\"text\">Japanische Anwaltskanzlei mit grenz\u00fcberschreitender Expertise. Spezialisiert auf internationale Transaktionen, Prozessf\u00fchrung und regulatorische Compliance. Ma\u00dfgeschneiderte L\u00f6sungen f\u00fcr globale Kunden in Gesch\u00e4fts- und Rechtsangelegenheiten.<\/p>\n\t<\/div>\n\t<\/div>\n\t<\/div>\n<\/section>\n<section class=\"front-service\">\n\t<div class=\"section-inner\">\n\t\t<p class=\"en\">DIENSTLEISTUNGEN DER MONOLITH LAW OFFICE<\/p>\n\t\t<h2>Unsere L\u00f6sungen f\u00fcr komplexe IT-Risiken.<\/h2>\n\t<\/div>\n\t<div class=\"front-service-field\">\n\t<div class=\"section-inner\">\n\t<h3><a href=\"\/de\/services\">Dienstleistungen<\/a><\/h3>\n\t<div class=\"box-wrap\">\n\t<div class=\"sub-box\">\n\t\t<h4>Allgemeines Unternehmensrecht<\/h4>\n\t\t<div class=\"icon\"><img decoding=\"async\" src=\"\/wp-content\/themes\/monolith_en\/img\/top\/service_general-corporate.svg\" alt=\"Rechtsangelegenheiten f\u00fcr IT- und Startup-Unternehmen\"><\/div>\n\t\t<p>Spezialisiertes Wissen und Erfahrung sind entscheidend, um pr\u00e4zise rechtliche Unterst\u00fctzung in der dynamischen Umgebung zu bieten, die f\u00fcr IT- und Startup-Unternehmen einzigartig ist. Unsere Kanzlei verf\u00fcgt \u00fcber viele Spezialisten in dieser Branche, und wir haben als Rechtsberater f\u00fcr 1087 Unternehmen, haupts\u00e4chlich IT-Unternehmen, von Unternehmen des ersten Segments der Tokioter B\u00f6rse bis hin zu Startups in der Seed-Phase, agiert.<\/p>\n\t\t<div class=\"btn-more\"><a href=\"\/de\/general-corporate\">Mehr sehen<\/a><\/div>\n\t<\/div>\n\t<div class=\"sub-box\">\n\t\t<h4>IT<\/h4>\n\t\t<div class=\"icon\"><img decoding=\"async\" src=\"\/wp-content\/themes\/monolith_en\/img\/top\/service_it.svg\" alt=\"IT- und IP-Rechtsangelegenheiten f\u00fcr verschiedene Unternehmen\"><\/div>\n\t\t<p>Heute sind alle Unternehmen, unabh\u00e4ngig von ihrem Gesch\u00e4ftsbereich oder ihrer Unternehmensgr\u00f6\u00dfe, in irgendeiner Weise mit IT in ihren Unternehmensaktivit\u00e4ten involviert. Wir k\u00f6nnen die Rolle von &#8220;Anw\u00e4lten, die auf den Bereich IT und geistiges Eigentum spezialisiert sind&#8221;, f\u00fcr Unternehmen \u00fcbernehmen, die bereits einen prim\u00e4ren Rechtsberater haben, oder sogar f\u00fcr Unternehmen, deren Hauptgesch\u00e4ft nicht IT ist.<\/p>\n\t\t<div class=\"btn-more\"><a href=\"\/de\/it\">Mehr sehen<\/a><\/div>\n\t<\/div>\n\t<div class=\"sub-box\">\n\t\t<h4>Grenz\u00fcberschreitend<\/h4>\n\t\t<div class=\"icon\"><img decoding=\"async\" src=\"\/wp-content\/themes\/monolith_en\/img\/top\/service_cross-border.svg\" alt=\"Internationale Rechtsangelegenheiten\"><\/div>\n\t\t<p>Unser Hauptaugenmerk liegt darauf, umfassende Rechtsdienstleistungen f\u00fcr japanische IT-Unternehmen zu bieten, die auf den internationalen Markt dr\u00e4ngen. Wir bieten auch professionelle Rechtsunterst\u00fctzung f\u00fcr ausl\u00e4ndische IT-Unternehmen in Japan an. Unsere Kanzlei besteht aus ausl\u00e4ndischen lizenzierten Anw\u00e4lten aus verschiedenen L\u00e4ndern und Regionen, um grenz\u00fcberschreitende Transaktionen effektiv zu unterst\u00fctzen.<\/p>\n\t\t<div class=\"btn-more\"><a href=\"\/de\/cross-border\">Mehr sehen<\/a><\/div>\n\t<\/div>\n\t<div class=\"sub-box\">\n\t\t<h4>Internet<\/h4>\n\t\t<div class=\"icon\"><img decoding=\"async\" src=\"\/wp-content\/themes\/monolith_en\/img\/top\/service_internet.svg\" alt=\"Influencer-Marketing\"><\/div>\n\t\t<p>Mit Expertise im Internetrecht bieten wir umfassende rechtliche Unterst\u00fctzung f\u00fcr Internet-Unternehmer, einschlie\u00dflich YouTubern und Unternehmen, die SNS nutzen. Wir sind spezialisiert auf die Beilegung von Online-Streitigkeiten, das Entfernen negativer Webseiten und das Online-Reputationsmanagement. Konsultieren Sie unsere qualifizierten Anw\u00e4lte f\u00fcr effektive L\u00f6sungen im Internet.<\/p>\n\t\t<div class=\"btn-more\"><a href=\"\/de\/internet\">Mehr sehen<\/a><\/div>\n\t<\/div>\n\t<\/div>\n\t<\/div>\n\t<\/div>\n\t<div class=\"front-service-example\">\n\t<div class=\"section-inner\">\n\t<p>Zum Beispiel<\/p>\n\t<ul class=\"clearfix\">\n\t\t<li>\n\t\t\t<div class=\"icon\"><a href=\"\/de\/system-development\/\"><img decoding=\"async\" src=\"\/wp-content\/themes\/monolith_en\/img\/top\/service_ex_system-development.svg\" alt=\"Systementwicklung\"><\/a><\/div>\n\t\t\t<p>System<br>Entwicklung<\/p>\n\t\t<\/li>\n\t\t<li>\n\t\t\t<div class=\"icon\"><a href=\"\/de\/crypto-asset-and-blockchain\/\"><img decoding=\"async\" src=\"\/wp-content\/themes\/monolith_en\/img\/top\/service_ex_crypto-asset-and-blockchain.svg\" alt=\"Krypto-Asset und Blockchain\"><\/a><\/div>\n\t\t\t<p>Krypto-Asset <br>und Blockchain<\/p>\n\t\t<\/li>\n\t\t<li>\n\t\t\t<div class=\"icon\"><a href=\"\/de\/ai\/\"><img decoding=\"async\" src=\"\/wp-content\/themes\/monolith_en\/img\/top\/service_ex_ai.svg\" alt=\"ai\"><\/a><\/div>\n\t\t\t<p>AI<br>(ChatGPT usw.)<\/p>\n\t\t<\/li>\n\t\t<li>\n\t\t\t<div class=\"icon\"><a href=\"\/de\/advertisement-review\/\"><img decoding=\"async\" src=\"\/wp-content\/themes\/monolith_en\/img\/top\/service_ex_advertisement-review.svg\" alt=\"Werbungspr\u00fcfung\"><\/a><\/div>\n\t\t\t<p>Werbungs<br>Pr\u00fcfung<\/p>\n\t\t<\/li>\n\t\t<li>\n\t\t\t<div class=\"icon\"><a href=\"\/de\/mitigating-reputational-damage\/\"><img decoding=\"async\" src=\"\/wp-content\/themes\/monolith_en\/img\/top\/service_ex_mitigating-reputational-damage.svg\" alt=\"Minderung von Reputationssch\u00e4den\"><\/a><\/div>\n\t\t\t<p>Minderung von<br>Reputationssch\u00e4den<\/p>\n\t\t<\/li>\n\t<\/ul>\n\t<\/div>\n\t<\/div>\n<\/section>\n<section class=\"white-section front-client\">\n\t<div class=\"section-inner\">\n\t\t<h2>KUNDE<\/h2>\n\t\t<ul>\n\t\t\t<li><img src=\"https:\/\/monolith.law\/de\/wp-content\/themes\/monolith_de\/img\/clients\/logo_01.png\"><\/li>\n\t\t\t<li><img src=\"https:\/\/monolith.law\/de\/wp-content\/themes\/monolith_de\/img\/clients\/logo_02.png\"><\/li>\n\t\t\t<li><img src=\"https:\/\/monolith.law\/de\/wp-content\/themes\/monolith_de\/img\/clients\/logo_03.png\"><\/li>\n\t\t\t<li><img src=\"https:\/\/monolith.law\/de\/wp-content\/themes\/monolith_de\/img\/clients\/logo_04.png\"><\/li>\n\t\t\t<li><img src=\"https:\/\/monolith.law\/de\/wp-content\/themes\/monolith_de\/img\/clients\/logo_05.png\"><\/li>\n\t\t\t<li><img src=\"https:\/\/monolith.law\/de\/wp-content\/themes\/monolith_de\/img\/clients\/logo_06.png\"><\/li>\n\t\t\t<li><img src=\"https:\/\/monolith.law\/de\/wp-content\/themes\/monolith_de\/img\/clients\/logo_07.png\"><\/li>\n\t\t\t<li><img src=\"https:\/\/monolith.law\/de\/wp-content\/themes\/monolith_de\/img\/clients\/logo_08.png\"><\/li>\n\t\t\t<li><img src=\"https:\/\/monolith.law\/de\/wp-content\/themes\/monolith_de\/img\/clients\/logo_09.png\"><\/li>\n\t\t\t<li><img src=\"https:\/\/monolith.law\/de\/wp-content\/themes\/monolith_de\/img\/clients\/logo_10.png\"><\/li>\n\t\t\t<li><img src=\"https:\/\/monolith.law\/de\/wp-content\/themes\/monolith_de\/img\/clients\/logo_11.png\"><\/li>\n\t\t\t<li><img src=\"https:\/\/monolith.law\/de\/wp-content\/themes\/monolith_de\/img\/clients\/logo_12.png\"><\/li>\n\t\t\t<li><img src=\"https:\/\/monolith.law\/de\/wp-content\/themes\/monolith_de\/img\/clients\/logo_13.png\"><\/li>\n\t\t\t<li><img src=\"https:\/\/monolith.law\/de\/wp-content\/themes\/monolith_de\/img\/clients\/logo_14.png\"><\/li>\n\t\t\t<li><img src=\"https:\/\/monolith.law\/de\/wp-content\/themes\/monolith_de\/img\/clients\/logo_15.png\"><\/li>\n\t\t<\/ul>\n\t\t<!--<div class=\"btn-more\"><a href=\"https:\/\/monolith.law\/de\/clients\">See More<\/a><\/div>-->\n\t<\/div>\n<\/section>\n<section class=\"white-section front-news\">\n    <div class=\"section-inner\">\n        <h2>NACHRICHT [en]<\/h2>\n        <div>\n                        <ul>\n                                                    <li><span class=\"date\">2026.04.01<\/span><span class=\"category news-category-2\">NEWS<\/span><span class=\"subject\">Attorney Shota Akiyama has joined the firm.<\/span><\/li>\n                                                                <li><span class=\"date\">2026.03.26<\/span><span class=\"category news-category-2\">NEWS<\/span><span class=\"subject\">Attorneys Miki Takatsuki, Toko Takayanagi, Mizuki Kobayashi, Ryo Watanabe, and Shuto Ishimura have joined our firm.<\/span><\/li>\n                                                                <li><span class=\"date\">2025.05.08<\/span><span class=\"category news-category-2\">NEWS<\/span><span class=\"subject\">Monolith Law Office has been selected as a finalist for the Rising Law Firm of the Year category of the ALB Japan Law Awards, hosted by Asian Legal Business, an international law firm evaluation organization.<\/span><\/li>\n                                                                <li><span class=\"date\">2025.04.01<\/span><span class=\"category news-category-2\">NEWS<\/span><span class=\"subject\">Attorney Keita Yokoyama has joined the firm.<\/span><\/li>\n                                                                <li><span class=\"date\">2025.03.27<\/span><span class=\"category news-category-2\">NEWS<\/span><span class=\"subject\">Attorneys Yusuke Mizutani, Ryusei Juman, Mizuki Koyama, and Yusuke Muto have joined the firm.<\/span><\/li>\n                                                                <li><span class=\"date\">2024.06.12<\/span><span class=\"category news-category-2\">NEWS<\/span><span class=\"subject\">Attorney Akira Yoshida has joined the firm.<\/span><\/li>\n                                                            <\/ul>\n            <div class=\"btn-more\"><a href=\"\/en\/news\/\">Mehr sehen [en]<\/a><\/div>\n        <\/div>\n    <\/div>\n<\/section>\n<section class=\"white-section front-banner\">\n<div class=\"section-inner\">\n<div class=\"banner-slider\">\n<div><a href=\"\/de\/cross-border\"><img decoding=\"async\" src=\"\/wp-content\/themes\/monolith_en\/img\/top\/banner_crossborder.png\" alt=\"Grenz\u00fcberschreitend\"><\/a><\/div>\n<div><a href=\"\/en\/job-openings\"><img decoding=\"async\" src=\"\/wp-content\/themes\/monolith_en\/img\/top\/banner_jobopenings.png\" alt=\"Stellenangebote\"><\/a><\/div>\n<div><a href=\"https:\/\/www.linkedin.com\/company\/monolith-law-office\/\" target=\"\u201d_blank\u201d\" rel=\"noopener\"><img decoding=\"async\" src=\"\/wp-content\/themes\/monolith_en\/img\/top\/banner_linkedin.png\" alt=\"LinkedIn\"><\/a><\/div>\n<div><a href=\"\/de\/article\"><img decoding=\"async\" src=\"\/wp-content\/themes\/monolith_en\/img\/top\/banner_monolithlawmagazine.svg\" alt=\"MONOLITH LAW MAGAZINE\"><\/a><\/div>\n<\/div>\n<\/div>\n<\/section>\n","protected":false},"excerpt":{"rendered":"<p>IT Evolutionieren Heutzutage ist IT das Herzst\u00fcck moderner Gesch\u00e4ftst\u00e4tigkeiten, aber die Nutzung von IT f\u00fcr Gesch\u00e4fte erfordert rechtliches Risikomanagement.Bei MONOLITH LAW OFFICE arbeitet unser Tea [&hellip;]<\/p>\n","protected":false},"author":1,"featured_media":56656,"parent":0,"menu_order":0,"comment_status":"closed","ping_status":"closed","template":"front-page-temp.php","meta":{"footnotes":""},"acf":[],"_links":{"self":[{"href":"https:\/\/monolith.law\/de\/wp-json\/wp\/v2\/pages\/41151"}],"collection":[{"href":"https:\/\/monolith.law\/de\/wp-json\/wp\/v2\/pages"}],"about":[{"href":"https:\/\/monolith.law\/de\/wp-json\/wp\/v2\/types\/page"}],"author":[{"embeddable":true,"href":"https:\/\/monolith.law\/de\/wp-json\/wp\/v2\/users\/1"}],"replies":[{"embeddable":true,"href":"https:\/\/monolith.law\/de\/wp-json\/wp\/v2\/comments?post=41151"}],"version-history":[{"count":125,"href":"https:\/\/monolith.law\/de\/wp-json\/wp\/v2\/pages\/41151\/revisions"}],"predecessor-version":[{"id":71739,"href":"https:\/\/monolith.law\/de\/wp-json\/wp\/v2\/pages\/41151\/revisions\/71739"}],"wp:featuredmedia":[{"embeddable":true,"href":"https:\/\/monolith.law\/de\/wp-json\/wp\/v2\/media\/56656"}],"wp:attachment":[{"href":"https:\/\/monolith.law\/de\/wp-json\/wp\/v2\/media?parent=41151"}],"curies":[{"name":"wp","href":"https:\/\/api.w.org\/{rel}","templated":true}]}}