{"id":4213,"date":"2019-08-29T04:28:26","date_gmt":"2019-08-28T19:28:26","guid":{"rendered":"https:\/\/monolith.law\/?page_id=4213"},"modified":"2023-12-13T19:09:24","modified_gmt":"2023-12-13T10:09:24","slug":"services","status":"publish","type":"page","link":"https:\/\/monolith.law\/de\/services","title":{"rendered":"Dienstleistungen"},"content":{"rendered":"\n<section class=\"heading-area\">\n\t<div class=\"heading-area-inner\">\n\t\t<h2 class=\"icon-services\">Dienstleistungen<\/h2>\n\t\t<p>Mit dem Hintergrund unseres gesch\u00e4ftsf\u00fchrenden Anwalts als IT-Ingenieur und seiner Erfahrung in der Leitung von IT-Unternehmen, steht die MONOLITH LAW OFFICE als f\u00fchrende Anwaltskanzlei in Japan, die sich auf IT, Gesch\u00e4ft und Internet spezialisiert hat. Unsere globale Organisation erm\u00f6glicht es uns, hochspezialisierte Rechtsdienstleistungen in diesen Bereichen anzubieten.<\/p>\n\t<\/div>\n<\/section>\n<section class=\"second-nav\">\n\t<div class=\"second-nav-inner\">\n\t\t<p>THEMEN<\/p>\n\t\t<nav>\n\t\t\t<ul>\n\t\t\t\t<li><a href=\"#general-corporate\">Allgemeines Unternehmensrecht<\/a><\/li>\n\t\t\t\t<li><a href=\"#it\">IT<\/a><\/li>\n\t\t\t\t<li><a href=\"#cross-border\">Grenz\u00fcberschreitend<\/a><\/li>\n\t\t\t\t<li><a href=\"#internet\">Internet<\/a><\/li>\n\t\t\t<\/ul>\n\t\t<\/nav>\n\t<\/div>\n<\/section>\n<section class=\"white-section\">\n\t<div class=\"anchor\" id=\"general-corporate\"><\/div>\n\t<div class=\"section-inner pdb0\">\n\t\t<div class=\"flex\">\n\t\t\t<div class=\"width41\"><img decoding=\"async\" src=\"\/wp-content\/themes\/monolith2021\/img\/pic\/pic_practices-corporate.jpg\" alt=\"Allgemeines Unternehmensrecht\"><\/div>\n\t\t\t<div class=\"width51\">\n\t\t\t\t<div class=\"inline-inner\">\n\t\t\t\t\t<h3>Allgemeines Unternehmensrecht<\/h3>\n\t\t\t\t\t<p>Um pr\u00e4zise rechtliche Unterst\u00fctzung im schnelllebigen Umfeld von IT und Start-up-Gesch\u00e4ften zu bieten, ist spezialisiertes Wissen und Erfahrung von gro\u00dfer Bedeutung. Unsere Kanzlei verf\u00fcgt \u00fcber viele Spezialisten in diesem Bereich und wir haben Erfahrung darin, als Rechtsberater (einschlie\u00dflich verschiedener Vertr\u00e4ge f\u00fcr Direktoren, Vorstandsmitglieder usw.) f\u00fcr 1087 Unternehmen zu agieren, die haupts\u00e4chlich aus IT-Unternehmen bestehen, von Top-Unternehmen bis hin zu Start-ups in der Seed-Phase in Japan.<\/p>\n\t\t\t\t<\/div>\n\t\t\t<\/div>\n\t\t<\/div>\n\t<\/div>\n<\/section>\n<section class=\"white-section\">\n\t<div class=\"section-inner\">\n\t\t<ol class=\"practices-list mgb-big\">\n\t\t\t<li>\n\t\t\t\t<h4><img decoding=\"async\" src=\"\/wp-content\/themes\/monolith_en\/img\/practices\/practices_1_1.svg\" alt=\"1.Venture Law \"><\/h4>\n\t\t\t\t<img decoding=\"async\" src=\"\/wp-content\/themes\/monolith2021\/img\/practices\/practices_1_1_pic.png\" alt=\"Venture Law \">\n\t\t\t\t<p>Wir verf\u00fcgen \u00fcber umfangreiche Erfahrungen in Rechtsangelegenheiten, die mit Gesch\u00e4ft und Kapital zusammenh\u00e4ngen, einschlie\u00dflich Finanzierung, Unternehmens\u00fcbertragungen und Buyouts.<\/p>\n\t\t\t<\/li>\n\t\t\t<li>\n\t\t\t\t<h4><img decoding=\"async\" src=\"\/wp-content\/themes\/monolith_en\/img\/practices\/practices_1_2.svg\" alt=\"2.IT und geistiges Eigentumsrecht\"><\/h4>\n\t\t\t\t<img decoding=\"async\" src=\"\/wp-content\/themes\/monolith2021\/img\/practices\/practices_1_2_pic.png\" alt=\"IT und geistiges Eigentumsrecht\">\n\t\t\t\t<p>Toki Kawase, unser leitender Anwalt mit fr\u00fcherer Ingenieurserfahrung, wird ein tiefes Verst\u00e4ndnis f\u00fcr die Produkte Ihres Unternehmens entwickeln, gelegentlich sogar durch das Lesen des Codes.<\/p>\n\t\t\t<\/li>\n\t\t\t<li>\n\t\t\t\t<h4><img decoding=\"async\" src=\"\/wp-content\/themes\/monolith_en\/img\/practices\/practices_1_3.svg\" alt=\"3.Geschwindigkeit\"><\/h4>\n\t\t\t\t<img decoding=\"async\" src=\"\/wp-content\/themes\/monolith2021\/img\/practices\/practices_1_3_pic.png\" alt=\"Geschwindigkeit\">\n\t\t\t\t<p>Wir verstehen die Wichtigkeit einer schnellen Reaktionszeit f\u00fcr Ihr Gesch\u00e4ft und Unternehmen. In der Regel antworten wir innerhalb eines Gesch\u00e4ftstages.<\/p>\n\t\t\t<\/li>\n\t\t\t<li>\n\t\t\t\t<h4><img decoding=\"async\" src=\"\/wp-content\/themes\/monolith_en\/img\/practices\/practices_1_4.svg\" alt=\"4.Rechtsangelegenheiten von kleinen und mittelst\u00e4ndischen Unternehmen\"><\/h4>\n\t\t\t\t<img decoding=\"async\" src=\"\/wp-content\/themes\/monolith2021\/img\/practices\/practices_1_4_pic.png\" alt=\"Rechtsangelegenheiten von kleinen und mittelst\u00e4ndischen Unternehmen\">\n\t\t\t\t<p>Da unser Gr\u00fcndungsanwalt Erfahrung in der Unternehmensf\u00fchrung hat, versteht er aus Erfahrung die Herausforderungen des Managements.<\/p>\n\t\t\t<\/li>\n\t\t<\/ol>\n\t\t<div class=\"btn-area\">\n\t\t\t<div class=\"btn icon-general-corporate\"><a href=\"\/de\/general-corporate\">Allgemeines Unternehmensrecht<\/a><\/div>\n\t\t<\/div>\n\t<\/div>\n<\/section>\n<section class=\"purple-section\">\n\t<div class=\"anchor\" id=\"it\"><\/div>\n\t<div class=\"section-inner\">\n\t\t<div class=\"flex mgb-middle\">\n\t\t\t<div class=\"width41\"><img decoding=\"async\" src=\"\/wp-content\/themes\/monolith2021\/img\/pic\/pic_practices-itlaw.jpg\" alt=\"IT\"><\/div>\n\t\t\t<div class=\"width51\">\n\t\t\t\t<div class=\"inline-inner\">\n\t\t\t\t\t<h3>IT<\/h3>\n\t\t\t\t\t<p class=\" mgb-middle\">Es ist wichtig, dass Anw\u00e4lte von IT-Unternehmen die Technologie und die Abl\u00e4ufe verstehen, die mit IT und geistigem Eigentum im t\u00e4glichen Gesch\u00e4ft des Unternehmens zusammenh\u00e4ngen. <br>MONOLITH LAW OFFICE fungiert als Rechtsberater und Chief Legal Officer f\u00fcr IT-Unternehmen und bearbeitet spezialisierte und anspruchsvolle rechtliche Angelegenheiten im IT-Bereich,<br> wie Systementwicklung, Wartung von Nutzungsbedingungen f\u00fcr Anwendungen und Dienste, Medienmanagement, Marketingoperationen, Blockchain, AI, Schutz pers\u00f6nlicher Informationen und rechtliche Angelegenheiten im Zusammenhang mit geistigem Eigentum in Japan. <\/p>\n\t\t\t\t<\/div>\n\t\t\t<\/div>\n\t\t<\/div>\n\t\t<ul class=\"layout-column4 mgb-big\">\n\t\t\t<li>\n\t\t\t\t<div><img decoding=\"async\" src=\"\/wp-content\/themes\/monolith2021\/img\/practices-itlaw\/practices-itlaw_pic1.jpg\"><\/div>\n\t\t\t\t<h4>Systementwicklung<\/h4>\n\t\t\t\t<p>Von der Erstellung, \u00dcberarbeitung und Verhandlung von Vertr\u00e4gen bis zur L\u00f6sung von Streitigkeiten, wenn Probleme auftreten<\/p>\n\t\t\t<\/li>\n\t\t\t<li>\n\t\t\t\t<div><img decoding=\"async\" src=\"\/wp-content\/themes\/monolith2021\/img\/practices-itlaw\/practices-itlaw_pic2.jpg\"><\/div>\n\t\t\t\t<h4>Nutzungsbedingungen<\/h4>\n\t\t\t\t<p>Erstellung und Anpassung von Allgemeinen Gesch\u00e4ftsbedingungen sowie Datenschutzrichtlinien, die f\u00fcr die Ver\u00f6ffentlichung oder den Betrieb notwendig sind.<\/p>\n\t\t\t<\/li>\n\t\t\t<li>\n\t\t\t\t<div><img decoding=\"async\" src=\"\/wp-content\/uploads\/2023\/05\/oss.jpg\"><\/div>\n\t\t\t\t<h4>OSS<\/h4>\n\t\t\t\t<p>Unterst\u00fctzung in verschiedenen Bereichen auf Basis des Verst\u00e4ndnisses der Software, einschlie\u00dflich Lizenzgestaltung und Lizenzvereinbarungen<\/p>\n\t\t\t<\/li>\n\t\t\t<li>\n\t\t\t\t<div><img decoding=\"async\" src=\"\/wp-content\/uploads\/2022\/07\/shutterstock_1151380622_2.png\"><\/div>\n\t\t\t\t<h4>Krypto-Assets<\/h4>\n\t\t\t\t<p>Rechtliche Unterst\u00fctzung f\u00fcr Blockchain-bezogene Gesch\u00e4fte, einschlie\u00dflich Fundraising, Content-Gesch\u00e4fte und NFTs<\/p>\n\t\t\t<\/li>\n\t\t<\/ul>\n\t\t<div class=\"btn-area\">\n\t\t\t<div class=\"btn icon-it\"><a href=\"\/de\/it\">IT<\/a><\/div>\n\t\t<\/div>\n\t<\/div>\n<\/section>\n<section class=\"white-section\">\n\t<div class=\"anchor\" id=\"cross-border\"><\/div>\n\t<div class=\"section-inner\">\n\t\t<div class=\"flex reverse\">\n\t\t\t<div class=\"width41\"><img decoding=\"async\" src=\"\/en\/wp-content\/uploads\/sites\/6\/2023\/06\/global.jpg\" alt=\"Cross Border\"><\/div>\n\t\t\t<div class=\"width51\">\n\t\t\t\t<div class=\"inline-inner\">\n\t\t\t\t\t<h3>Grenz\u00fcberschreitend<\/h3>\n\t\t\t\t\t<p class=\"mgb-small\">MONOLITH LAW OFFICE ist spezialisiert auf die Bereitstellung eines breiten Spektrums an Rechtsdienstleistungen f\u00fcr ausl\u00e4ndische Unternehmen, die in den japanischen Markt eintreten m\u00f6chten. Mit Expertise in IT und Start-ups bieten unsere erfahrenen Anw\u00e4lte Unterst\u00fctzung bei Lizenzvereinbarungen, Schutz von geistigem Eigentum, Datenschutzkonformit\u00e4t, Vertragsverhandlungen und rechtlichem Risikomanagement.<\/p>\n\t\t\t\t\t<p class=\"mgb-small\">Wir sind ebenfalls darauf spezialisiert, Start-ups bei der Kapitalbeschaffung, Investitionsvereinbarungen und B\u00f6rseng\u00e4ngen (IPOs) zu unterst\u00fctzen, indem wir ihr Wachstum und ihren Erfolg durch strategische Rechtsberatung vorantreiben. Unser Team versteht die einzigartigen Eigenschaften und Ziele jedes Unternehmens und bietet ma\u00dfgeschneiderte Beratung und L\u00f6sungen, die eine internationale Perspektive mit lokalen Einblicken verbinden.<\/p>\n\t\t\t\t\t<p class=\"mgb-small\">Juristische Probleml\u00f6sung ist entscheidend f\u00fcr eine erfolgreiche Expansion in Japan. Kontaktieren Sie uns, um zu besprechen, wie wir Ihrem Unternehmen helfen k\u00f6nnen, auf dem japanischen Markt erfolgreich zu sein.<\/p>\n\t\t\t\t<\/div>\n\t\t\t<\/div>\n\t\t<\/div>\n\t\t<div class=\"max-width980 mgb-small\"><img decoding=\"async\" src=\"\/wp-content\/uploads\/2023\/05\/global_map.png\" alt=\"Unterst\u00fctzte L\u00e4nder\"><\/div>\n\t\t<div class=\"frame2 max-width860 mgb-big txt-center-pc\">\n\t\t\t<p>Globale Rechtsdienstleistungen: Fachwissen und Reichweite \u00fcber Grenzen hinweg. Umfassende Unterst\u00fctzung weltweit durch vertrauensw\u00fcrdige Partnerkanzleien. Kontaktieren Sie uns f\u00fcr grenz\u00fcberschreitende Rechtsbed\u00fcrfnisse.<\/p>\n\t\t<\/div>\n\t\t<div class=\"btn-area\">\n\t\t\t<div class=\"btn icon-cross-border\"><a href=\"\/de\/cross-border\">Grenz\u00fcberschreitend<\/a><\/div>\n\t\t<\/div>\n\t<\/div>\n<\/section>\n\n<section class=\"orange-section\">\n\t<div class=\"anchor\" id=\"internet\"><\/div>\n\t<div class=\"section-inner\">\n\t\t<div class=\"flex mgb-middle\">\n\t\t\t<div class=\"width41\"><img decoding=\"async\" src=\"\/en\/wp-content\/uploads\/sites\/6\/2023\/06\/internet.jpg\" alt=\"Internet\"><\/div>\n\t\t\t<div class=\"width51\">\n\t\t\t\t<h3>Internet<\/h3>\n\t\t\t\t<p class=\"mgb-small\">Die MONOLITH LAW OFFICE verf\u00fcgt \u00fcber umfangreiche Erfahrung in rechtlichen Angelegenheiten im IT-Bereich und ist besonders versiert in der Unterst\u00fctzung von internetbasierten Gesch\u00e4ften, einschlie\u00dflich YouTubern und Unternehmen, die sich mit YouTube-bezogenen Aktivit\u00e4ten befassen.<\/p>\n\t\t\t\t<p class=\"mgb-middle\">Wir verstehen die inh\u00e4renten Risiken des Internets, wie negative Webseiten und Online-Forum-Postings. Unsere Kanzlei hat zahlreiche F\u00e4lle im Bereich des Online-Reputationsmanagements f\u00fcr eine breite Palette von Mandanten, von Einzelpersonen bis hin zu gro\u00dfen Unternehmen, erfolgreich bearbeitet. Negative Webseiten stellen in Japan eine einzigartige rechtliche Herausforderung dar, und unsere qualifizierten Anw\u00e4lte sind darauf vorbereitet, effektive L\u00f6sungen anzubieten. Wir freuen uns darauf, Sie zu beraten und unsere Expertise und Erfahrung bei der L\u00f6sung von Problemen im Zusammenhang mit negativen Webseiten einzusetzen.<\/p>\n\t\t\t<\/div>\n\t\t<\/div>\n\t\t<ul class=\"layout-column4 mgb-big\">\n\t\t\t<li>\n\t\t\t\t<div><img decoding=\"async\" src=\"\/wp-content\/themes\/monolith2021\/img\/pic\/pic_practices-youtuberlaw.jpg\" alt=\"YouTuber\"><\/div>\n\t\t\t\t<h4>YouTuber<\/h4>\n\t\t\t\t<p>Expertise im Influencer-Management. Wir verstehen das japanische Recht und die sich st\u00e4ndig weiterentwickelnde Internetlandschaft. F\u00fchrende YouTuber-Agenturen, VTuber-Unternehmen und Kreatoren vertrauen uns. Spezialisierte rechtliche Unterst\u00fctzung bei Vertr\u00e4gen und video-bezogenen Angelegenheiten in Japan.<\/p>\n\t\t\t<\/li>\n\t\t\t<li>\n\t\t\t\t<div><img decoding=\"async\" src=\"\/wp-content\/themes\/monolith2021\/img\/pic\/pic_sns_manda.jpg\" alt=\"M&#038;A of SNS\"><\/div>\n\t\t\t\t<h4>M&#038;A von SNS<\/h4>\n\t\t\t\t<p>Expertise im Bereich Social Media M&#038;A. Unsere Kanzlei versteht die einzigartige Natur von Transaktionen mit YouTube- und Twitter-Konten. Mit starkem IT- und Internetwissen bieten wir umfassende Unterst\u00fctzung bei Vertr\u00e4gen, Due Diligence und rechtlichen Aspekten. Vertrauen Sie uns, um den Wert Ihrer digitalen Verm\u00f6genswerte zu sch\u00fctzen und zu maximieren.<\/p>\n\t\t\t<\/li>\n\t\t\t<li>\n\t\t\t\t<div><img decoding=\"async\" src=\"\/wp-content\/themes\/monolith2021\/img\/pic\/pic_practices-reputation.jpg\" alt=\"Negative Web Pages\"><\/div>\n\t\t\t\t<h4>Negative Webseiten<\/h4>\n\t\t\t\t<p>Verteidigung gegen Online-Angriffe. Als Spezialisten f\u00fcr Internetrecht entfernen wir sch\u00e4dliche Webseiten, die den Ruf sch\u00e4digen. Von Unternehmen und Einzelpersonen gesch\u00e4tzt, bieten wir strategische rechtliche Eingriffe und umfassende L\u00f6sungen zum Schutz Ihrer Online-Pr\u00e4senz und Ihres Rufs.<\/p>\n\t\t\t<\/li>\n\t\t\t<li>\n\t\t\t\t<div><img decoding=\"async\" src=\"\/wp-content\/themes\/monolith2021\/img\/pic\/pic_reputation.jpg\" alt=\"Identification of Posters\"><\/div>\n\t\t\t\t<h4>Identifizierung von Postern<\/h4>\n\t\t\t\t<p>Identifizierung von Personen, die f\u00fcr illegale Postings verantwortlich sind. Die MONOLITH LAW OFFICE ist auf Internetrecht spezialisiert und verf\u00fcgt \u00fcber umfangreiche Erfahrung in der Bearbeitung von F\u00e4llen mit negativem Online-Inhalt. Wir navigieren durch die rechtlichen Prozesse, um Gerechtigkeit zu suchen und die Interessen unserer Mandanten zu sch\u00fctzen.<\/p>\n\t\t\t<\/li>\n\t\t<\/ul>\n\t\t<div class=\"btn-area\">\n\t\t\t<div class=\"btn icon-internet\"><a href=\"\/de\/internet\">Internet<\/a><\/div>\n\t\t<\/div>\n\t<\/div>\n<\/section>\n","protected":false},"excerpt":{"rendered":"<p>Dienstleistungen Mit dem Hintergrund unseres gesch\u00e4ftsf\u00fchrenden Anwalts als IT-Ingenieur und seiner Erfahrung in der Leitung von IT-Unternehmen, steht die MONOLITH LAW OFFICE als f\u00fchrende Anwaltskanzl [&hellip;]<\/p>\n","protected":false},"author":26,"featured_media":57138,"parent":0,"menu_order":4,"comment_status":"closed","ping_status":"closed","template":"practices-page-temp.php","meta":{"footnotes":""},"acf":[],"_links":{"self":[{"href":"https:\/\/monolith.law\/de\/wp-json\/wp\/v2\/pages\/4213"}],"collection":[{"href":"https:\/\/monolith.law\/de\/wp-json\/wp\/v2\/pages"}],"about":[{"href":"https:\/\/monolith.law\/de\/wp-json\/wp\/v2\/types\/page"}],"author":[{"embeddable":true,"href":"https:\/\/monolith.law\/de\/wp-json\/wp\/v2\/users\/26"}],"replies":[{"embeddable":true,"href":"https:\/\/monolith.law\/de\/wp-json\/wp\/v2\/comments?post=4213"}],"version-history":[{"count":112,"href":"https:\/\/monolith.law\/de\/wp-json\/wp\/v2\/pages\/4213\/revisions"}],"predecessor-version":[{"id":59770,"href":"https:\/\/monolith.law\/de\/wp-json\/wp\/v2\/pages\/4213\/revisions\/59770"}],"wp:featuredmedia":[{"embeddable":true,"href":"https:\/\/monolith.law\/de\/wp-json\/wp\/v2\/media\/57138"}],"wp:attachment":[{"href":"https:\/\/monolith.law\/de\/wp-json\/wp\/v2\/media?parent=4213"}],"curies":[{"name":"wp","href":"https:\/\/api.w.org\/{rel}","templated":true}]}}