{"id":4232,"date":"2019-08-29T04:55:45","date_gmt":"2019-08-28T19:55:45","guid":{"rendered":"https:\/\/monolith.law\/?page_id=4232"},"modified":"2023-12-13T18:58:35","modified_gmt":"2023-12-13T09:58:35","slug":"greetings-from-the-managing-attorney","status":"publish","type":"page","link":"https:\/\/monolith.law\/de\/greetings-from-the-managing-attorney","title":{"rendered":"Gr\u00fc\u00dfe vom gesch\u00e4ftsf\u00fchrenden Anwalt"},"content":{"rendered":"\n<section class=\"heading-area\">\n\t<div class=\"heading-area-inner\">\n\t\t<h2 class=\"icon-greetings-from-the-managing-attorney\">Gr\u00fc\u00dfe vom gesch\u00e4ftsf\u00fchrenden Anwalt<\/h2>\n\t<\/div>\n<\/section>\n\n<section class=\"white-section\">\n\t<div class=\"section-inner section-inner-bottomhalf pdt0 border-bottom-section\">\n\t\t<div class=\"tagline\">\n\t\t\t<div class=\"textArea\">\n\t\t\t\t<p>Die Nutzung der Kraft der Informationstechnologie hat die Menschheitsgeschichte revolutioniert,<br class=\"pcOnly\"> vergleichbar mit der Wirkung von Dynamit.<br>Das Internet insbesondere hat den Lauf der Evolution schnell ver\u00e4ndert,<br class=\"pcOnly\"> und treibt die Menschheit mit beispielloser Geschwindigkeit voran.<br>Jedoch birgt diese immense Kraft auch gro\u00dfe Risiken.<\/p>\n\t\t\t\t<p>Bei MONOLITH LAW OFFICE glauben wir fest daran, dass es unsere Verantwortung ist, sicherzustellen,<br class=\"pcOnly\"> dass die Kr\u00e4fte unserer Zeit nicht als Bedrohung f\u00fcr Unternehmen genutzt werden,<br class=\"pcOnly\"> sondern als Katalysator f\u00fcr ihre revolution\u00e4re Entwicklung.<br>Wir streben danach, ein innovatives und zukunftsorientiertes Team zu sein, das rechtliche Beratung<br class=\"pcOnly\"> und Unterst\u00fctzung bietet, welche Unternehmen erm\u00f6glicht, das volle Potenzial der Informationstechnologie zu entfesseln.<\/p>\n\t\t\t\t<p>Unsere Mission ist es, durch die komplexe rechtliche Landschaft zu navigieren und Unternehmen zu bef\u00e4higen,<br class=\"pcOnly\"> IT in vollem Umfang zu nutzen. Indem wir die Chancen des digitalen Zeitalters ergreifen,<br class=\"pcOnly\"> zielen wir darauf ab, das transformative Wachstum der Gesch\u00e4fte unserer Mandanten zu erleichtern.<\/p>\n\t\t\t\t<p class=\"txt-l\">IT revolutionieren<\/p>\n\t\t\t\t<p>MONOLITH LAW OFFICE<\/p>\n\t\t\t<\/div>\n\t\t\t<div class=\"logo\"><img decoding=\"async\" src=\"\/wp-content\/themes\/monolith2021\/img\/logo.svg\" alt=\"MONOLITH LAW OFFICE\"><\/div>\n\t\t<\/div>\n\t<\/div>\n<\/section>\n\n<section class=\"second-nav\">\n\t<div class=\"second-nav-inner\">\n\t\t<p>THEMEN<\/p>\n\t\t<nav>\n\t\t\t<ul>\n\t\t\t\t<li><a href=\"#law-firm-led-by-former-it-engineer-turned-lawyer-with-corporate-management-experience\">Kanzlei geleitet von ehemaligem IT-Ingenieur, der zum Anwalt mit Erfahrung in Unternehmensf\u00fchrung wurde<\/a><\/li>\n\t\t\t\t<li><a href=\"#a-law-firm-emphasizing-it-internet-and-business-expertise\">Eine Kanzlei mit Schwerpunkt auf IT, Internet und Gesch\u00e4ftsexpertise<\/a><\/li>\n\t\t\t\t<li><a href=\"#corporate-law-and-it-legal-expertise\">Unternehmensrecht und IT-Rechtsexpertise<\/a><\/li>\n\t\t\t\t<li><a href=\"#a-team-of-lawyers-and-it-consultants\">Ein Team von Anw\u00e4lten und IT-Beratern<\/a><\/li>\n\t\t\t<\/ul>\n\t\t<\/nav>\n\t<\/div>\n<\/section>\n\n<section class=\"white-section\">\n\t<div class=\"anchor\" id=\"law-firm-led-by-former-it-engineer-turned-lawyer-with-corporate-management-experience\"><\/div>\n\t<div class=\"section-inner\">\n\t\t<div class=\"flex\">\n\t\t\t<div class=\"width41\"><img decoding=\"async\" src=\"\/wp-content\/uploads\/2023\/06\/message_1.jpg\" alt=\"Kanzlei geleitet von ehemaligem IT-Ingenieur, der zum Anwalt mit Erfahrung in Unternehmensf\u00fchrung wurde\"><\/div>\n\t\t\t<div class=\"width51\">\n\t\t\t\t<h3>Rechtsanwaltskanzlei unter der Leitung eines ehemaligen IT-Ingenieurs, der zum Anwalt mit Erfahrung im Unternehmensmanagement wurde<\/h3>\n\t\t\t\t<p class=\"font-h3 txt-right mgb-middle\">Gesch\u00e4ftsf\u00fchrender Anwalt: Toki Kawase<\/p>\n\t\t\t\t<p class=\"mgb-small\">Seit meiner Kindheit habe ich eine Leidenschaft f\u00fcr Computer und Technologie, was mir den Titel eines &#8220;Computer-Geeks&#8221; einbrachte. W\u00e4hrend meiner Teenagerjahre und im fr\u00fchen Erwachsenenalter tauchte ich tief in die Welt der IT ein, f\u00fchrte mein eigenes Gesch\u00e4ft und sammelte wertvolle Erfahrungen.<\/p>\n\t\t\t\t<p class=\"mgb-small\">Meine Reise begann in der Grundschule, als ich auf meinem ersten PC, einem &#8220;MSX 2+&#8221;, zu programmieren begann. In der Mittelschule trat ich sogar dem Computer-Team der Schule bei und befeuerte meine Leidenschaft f\u00fcr das Programmieren. W\u00e4hrend meines Studiums ergab sich die Gelegenheit, eine Website f\u00fcr ein Unternehmen zu erstellen, was zu einem Wendepunkt in meiner Karriere wurde. Die Flexibilit\u00e4t und finanziellen Belohnungen dieses Unterfangens veranlassten mich, verschiedene IT-bezogene Gesch\u00e4fte wie Webentwicklung, Webdiensterstellung und SEO-Optimierung zu erkunden.<\/p>\n\t\t\t\t<p class=\"mgb-small\">In dieser Zeit gewannen Start-ups, die von jungen IT-Fachleuten geleitet wurden, an Schwung, und ich fand mich vollst\u00e4ndig in der dynamischen und sich schnell entwickelnden Welt des Unternehmertums wieder. Unerm\u00fcdlich arbeitend, widmete ich mich sowohl inl\u00e4ndischen als auch grenz\u00fcberschreitenden Projekten, arbeitete mit internationalen Partnern zusammen und passte mich st\u00e4ndig an die sich wandelnde Landschaft an.<\/p>\n\t\t\t\t<p class=\"mgb-small\">Doch Ende zwanzig traf ich eine lebensver\u00e4ndernde Entscheidung. Ich \u00fcbergab mein IT-Gesch\u00e4ft an andere und schlug einen neuen Weg ein. Ich schrieb mich in die juristische Fakult\u00e4t ein mit dem Ziel, meine technische Expertise mit juristischem Wissen zu kombinieren. Heute, als Anwalt und ehemaliger IT-Ingenieur mit Erfahrung im Unternehmensmanagement, leite ich die MONOLITH LAW OFFICE, die die Feinheiten der IT-Branche versteht und umfassende Rechtsdienstleistungen anbietet.<\/p>\n\t\t\t\t<p>In unserer Kanzlei nutzen wir unsere einzigartige Mischung aus IT-Kenntnissen und juristischer Expertise, um unseren Mandanten effektive Orientierung und Unterst\u00fctzung zu bieten. Wir verstehen die Herausforderungen und Chancen, die im digitalen Zeitalter entstehen, und sind darauf ausgerichtet, Unternehmen dabei zu helfen, die rechtliche Landschaft zu navigieren und ihre Ziele zu erreichen.<\/p>\n\t\t\t<\/div>\n\t\t<\/div>\n\t<\/div>\n<\/section>\n\n<section class=\"purple-section\">\n\t<div class=\"anchor\" id=\"a-law-firm-emphasizing-it-internet-and-business-expertise\"><\/div>\n\t<div class=\"section-inner\">\n\t\t<div class=\"flex reverse\">\n\t\t\t<div class=\"width41\"><img decoding=\"async\" src=\"\/wp-content\/uploads\/2023\/06\/message_2.jpg\" alt=\"Eine Rechtsanwaltskanzlei mit Schwerpunkt auf IT, Internet und Gesch\u00e4ftsexpertise\"><\/div>\n\t\t\t<div class=\"width51\">\n\t\t\t\t<h3>MONOLITH LAW OFFICE: Eine Kanzlei mit Schwerpunkt auf IT, Internet und Gesch\u00e4ftsexpertise<\/h3>\n\t\t\t\t<p class=\"mgb-small\">Oft wird mein Wechsel vom IT-Unternehmer zum Anwalt als eine komplette Kehrtwende um 180 Grad wahrgenommen. Ich jedoch sehe diesen Wechsel nicht als so drastisch an, wie es scheinen mag.<\/p>\n\t\t\t\t<p class=\"mgb-small\">Wenn ich auf meine Vergangenheit zur\u00fcckblicke, erkenne ich, dass ich schon als naturwissenschaftlich orientierter IT-Ingenieur eine nat\u00fcrliche Neigung zum geisteswissenschaftlichen Denken hatte. Die Welt des Gesch\u00e4ftslebens faszinierte mich, was mich dazu veranlasste, mich dem Unternehmertum zu widmen, anstatt eine herk\u00f6mmliche Karriere als IT-Ingenieur zu verfolgen.<\/p>\n\t\t\t\t<p class=\"mgb-small\">Heute, als Anwalt, bin ich jemand, der wissenschaftliches Denken in einem traditionell mit den Geisteswissenschaften assoziierten Bereich hervorragend anwendet. Diese Hintergrund macht mich zum gesch\u00e4ftsf\u00fchrenden Anwalt einer Kanzlei, die einen starken Fokus auf IT, Internet und Gesch\u00e4ftsangelegenheiten legt.<\/p>\n\t\t\t\t<p class=\"mgb-big\">Obwohl meine Karriere sich von der eines typischen IT-Ingenieurs unterscheidet, betrachte ich meinen \u00dcbergang vom IT-Ingenieur zum Anwalt eher als einen graduellen Wandel, vielleicht um einige Dutzend Grad, statt einer vollst\u00e4ndigen Kehrtwende. Tats\u00e4chlich sehe ich es als eine nat\u00fcrliche Entwicklung, die es mir erm\u00f6glicht, meine einzigartige Kombination aus F\u00e4higkeiten und Wissen einzusetzen, um unsere Kunden in den Bereichen IT, Internet und Gesch\u00e4ft noch besser zu unterst\u00fctzen.<\/p>\n\t\t\t\t<div class=\"btn-area align-left\">\n\t\t\t\t\t<div class=\"btn icon-services\"><a href=\"\/de\/services\">Dienstleistungen<\/a><\/div>\n\t\t\t\t<\/div>\n\t\t\t<\/div>\n\t\t<\/div>\n\t<\/div>\n<\/section>\n\n<section class=\"white-section\">\n\t<div class=\"anchor\" id=\"corporate-law-and-it-legal-expertise\"><\/div>\n\t<div class=\"section-inner\">\n\t\t<div class=\"flex\">\n\t\t\t<div class=\"width41\"><img decoding=\"async\" src=\"\/wp-content\/uploads\/2023\/06\/message_3.jpg\" alt=\"Unternehmensrecht und IT-Rechtsexpertise\"><\/div>\n\t\t\t<div class=\"width51\">\n\t\t\t\t<h3>Unternehmensrecht und IT-Rechtsexpertise<\/h3>\n\t\t\t\t<p class=\"mgb-small\">Bei MONOLITH LAW OFFICE habe ich eine Doppelfunktion. Erstens biete ich als Berater Unterst\u00fctzung im Unternehmensrecht f\u00fcr IT-Unternehmen und Startups an. Das Verst\u00e4ndnis der Feinheiten der IT-Branche und der einzigartigen Herausforderungen, denen Startups gegen\u00fcberstehen, ist entscheidend, um effektive Rechtsdienstleistungen anzubieten, die auf ihre Bed\u00fcrfnisse zugeschnitten sind. Mit meiner direkten Erfahrung und Expertise in IT und Startup-Umgebungen bin ich bestens ausgestattet, um diesen Kunden au\u00dfergew\u00f6hnliche rechtliche Unterst\u00fctzung zu bieten.<\/p>\n\t\t\t\t<p class=\"mgb-small\">Zweitens arbeite ich als Teil eines Teams von IT- und Rechtsspezialisten und biete Beratungsdienste f\u00fcr Unternehmen aus verschiedenen Branchen an, die Anleitung zu IT-bezogenen Rechtsfragen ben\u00f6tigen. Unser Team nutzt unser kollektives Wissen \u00fcber IT und Recht, um optimale L\u00f6sungen zu entwickeln und bereitzustellen, die den spezifischen Anforderungen jedes Kunden gerecht werden.<\/p>\n\t\t\t\t<p class=\"mgb-small\">W\u00e4hrend sich traditionelle Rechtsdienstleistungen oft darauf konzentrieren, spezifische Produkte anzubieten, wie zum Beispiel das Einreichen von Klagen auf Anfrage, erkenne ich die Wichtigkeit, sicherzustellen, dass die bereitgestellten L\u00f6sungen wirklich den Bed\u00fcrfnissen des Kunden entsprechen. K\u00f6nnen wir uns allein auf den Kunden verlassen, um eine L\u00f6sung zu entwerfen, die seine einzigartigen Herausforderungen effektiv angeht? Dies sind kritische \u00dcberlegungen, die ich ber\u00fccksichtige.<\/p>\n\t\t\t\t<p class=\"mgb-small\">Betrachten wir zum Beispiel die Unterst\u00fctzung bei B\u00f6rseng\u00e4ngen (IPOs) in Japan. Um die Einhaltung zu gew\u00e4hrleisten, m\u00fcssen Unternehmen alle potenziellen \u00c4nderungen an japanischen Gesetzen und Vorschriften, die ihre Operationen beeinflussen k\u00f6nnten, gr\u00fcndlich pr\u00fcfen und angemessene Ma\u00dfnahmen ergreifen. Es kann jedoch f\u00fcr Anw\u00e4lte in ihrer t\u00e4glichen Arbeit herausfordernd sein, die zahlreichen \u00c4nderungen, einschlie\u00dflich der kleineren, zu verfolgen.<\/p>\n\t\t\t\t<p>Als IT- und Rechtsexperte strebe ich danach, &#8220;L\u00f6sungen&#8221; zu bieten, die die Kraft von IT und Recht kombinieren, um diese komplexen Probleme effektiv zu bew\u00e4ltigen.<\/p>\n\t\t\t<\/div>\n\t\t<\/div>\n\t<\/div>\n<\/section>\n\n<section class=\"orange-section\">\n\t<div class=\"anchor\" id=\"a-team-of-lawyers-and-it-consultants\"><\/div>\n\t<div class=\"section-inner\">\n\t\t<div class=\"flex reverse\">\n\t\t\t<div class=\"width41\"><img decoding=\"async\" src=\"\/wp-content\/uploads\/2023\/06\/message_4.jpg\" alt=\"Ein Team von Anw\u00e4lten und IT-Beratern\"><\/div>\n\t\t\t<div class=\"width51\">\n\t\t\t\t<h3>Ein Team aus Anw\u00e4lten und IT-Beratern<\/h3>\n\t\t\t\t<p class=\"mgb-small\">Neben der Unterst\u00fctzung bei B\u00f6rseng\u00e4ngen (IPOs) gibt es zahlreiche Situationen, in denen die Kombination von IT und Rechtswesen unerl\u00e4sslich ist, um den Bed\u00fcrfnissen der Mandanten gerecht zu werden. Die Bew\u00e4ltigung komplexer Problemstellungen erfordert ein Team mit den F\u00e4higkeiten und Kompetenzen, fundierte Entscheidungen zu treffen und aus einer Vielzahl von Optionen wirksame Ma\u00dfnahmen umzusetzen. W\u00e4hrend Anw\u00e4lte rechtliche Fachleute und Spezialisten in juristischen Angelegenheiten sind, erfordert der Aufbau einer umfassenden &#8220;L\u00f6sung&#8221; mehr als nur rechtliche Expertise.<\/p>\n\t\t\t\t<p class=\"mgb-small\">Deshalb umfasst unser Team neben Anw\u00e4lten auch Mitarbeiter wie IT-Berater, die einen vielf\u00e4ltigen F\u00e4higkeitssatz mitbringen. Mit ihrer F\u00e4higkeit zur Internetrecherche, zur Erkl\u00e4rung von L\u00f6sungsvorschl\u00e4gen und zum Anbieten von Einsichten, die \u00fcber das traditionelle juristische Wissen hinausgehen, k\u00f6nnen wir umfassende und effektive L\u00f6sungen bereitstellen. Bei der Bearbeitung grenz\u00fcberschreitender Rechtsangelegenheiten ist die Zusammenarbeit mit Teams \u00fcber die Anw\u00e4lte hinaus entscheidend. Unsere Teammitglieder mit Fremdsprachenkenntnissen und einem tiefen Verst\u00e4ndnis f\u00fcr ausl\u00e4ndische Gesch\u00e4ftsumgebungen erm\u00f6glichen es uns, Spitzenfelder im grenz\u00fcberschreitenden IT-Sektor zu navigieren.<\/p>\n\t\t\t\t<p class=\"mgb-small\">In Bezug auf die Rekrutierung ist es wichtig zu erw\u00e4hnen, dass viele unserer Anw\u00e4lte der Kanzlei ohne umfangreiche IT-Kenntnisse beitreten. Wir f\u00f6rdern eine kollaborative Umgebung, in der Anw\u00e4lte mit unterschiedlichen Hintergr\u00fcnden und Erfahrungen in IT-bezogenen Rechtsangelegenheiten als Team zusammenarbeiten. Die Verantwortlichkeiten f\u00fcr Teammitglieder, die keine Anw\u00e4lte sind, werden oft auf der Grundlage ihrer F\u00e4higkeiten und Eigenschaften nach dem Eintritt in die Kanzlei und der Auseinandersetzung mit verschiedenen Gesch\u00e4ftsbereichen festgelegt. Wir begr\u00fc\u00dfen Bewerbungen von Anw\u00e4lten, die vielleicht keine spezialisierten IT-Kenntnisse haben oder z\u00f6gern, sich als &#8220;Spezialisten&#8221; zu bezeichnen.<\/p>\n\t\t\t\t<p class=\"mgb-big\">Bei MONOLITH LAW OFFICE sch\u00e4tzen wir die kollektive Expertise und die Beitr\u00e4ge jedes Teammitglieds und schaffen so eine dynamische und innovative Umgebung, die juristische Kompetenz mit IT-Einblicken verbindet.<\/p>\n\t\t\t\t<div class=\"btn-area align-left\">\n\t\t\t\t\t<div class=\"btn icon-job-openings\"><a href=\"\/en\/job-openings\/\">Stellenangebote<\/a><\/div>\n\t\t\t\t<\/div>\n\t\t\t<\/div>\n\t\t<\/div>\n\t<\/div>\n<\/section>\n","protected":false},"excerpt":{"rendered":"<p>Gr\u00fc\u00dfe vom gesch\u00e4ftsf\u00fchrenden Anwalt Die Nutzung der Kraft der Informationstechnologie hat die Menschheitsgeschichte revolutioniert, vergleichbar mit der Wirkung von Dynamit.Das Internet insbesondere h [&hellip;]<\/p>\n","protected":false},"author":1,"featured_media":57134,"parent":0,"menu_order":8,"comment_status":"closed","ping_status":"closed","template":"other-page-temp.php","meta":{"footnotes":""},"acf":[],"_links":{"self":[{"href":"https:\/\/monolith.law\/de\/wp-json\/wp\/v2\/pages\/4232"}],"collection":[{"href":"https:\/\/monolith.law\/de\/wp-json\/wp\/v2\/pages"}],"about":[{"href":"https:\/\/monolith.law\/de\/wp-json\/wp\/v2\/types\/page"}],"author":[{"embeddable":true,"href":"https:\/\/monolith.law\/de\/wp-json\/wp\/v2\/users\/1"}],"replies":[{"embeddable":true,"href":"https:\/\/monolith.law\/de\/wp-json\/wp\/v2\/comments?post=4232"}],"version-history":[{"count":33,"href":"https:\/\/monolith.law\/de\/wp-json\/wp\/v2\/pages\/4232\/revisions"}],"predecessor-version":[{"id":59757,"href":"https:\/\/monolith.law\/de\/wp-json\/wp\/v2\/pages\/4232\/revisions\/59757"}],"wp:featuredmedia":[{"embeddable":true,"href":"https:\/\/monolith.law\/de\/wp-json\/wp\/v2\/media\/57134"}],"wp:attachment":[{"href":"https:\/\/monolith.law\/de\/wp-json\/wp\/v2\/media?parent=4232"}],"curies":[{"name":"wp","href":"https:\/\/api.w.org\/{rel}","templated":true}]}}