{"id":47528,"date":"2022-07-25T18:24:34","date_gmt":"2022-07-25T09:24:34","guid":{"rendered":"https:\/\/monolith.law\/?page_id=47528"},"modified":"2024-03-08T20:04:30","modified_gmt":"2024-03-08T11:04:30","slug":"crypto-asset-and-blockchain","status":"publish","type":"page","link":"https:\/\/monolith.law\/de\/crypto-asset-and-blockchain","title":{"rendered":"Krypto-Assets und Blockchains"},"content":{"rendered":"\n<section class=\"heading-area\">\n\t<div class=\"heading-area-inner\">\n\t\t<h2 class=\"icon-crypto-asset-and-blockchain\">Krypto-Assets und Blockchains<\/h2>\n\t\t<p>Krypto-Assets und Blockchains sind dezentralisierte Datenbanken, die durch verschiedene IT-Systeme wie Konsensalgorithmen, Kryptographie und P2P-Netzwerke erstellt werden und schwer zu ver\u00e4ndern sind, mit einem geringen Risiko des Datenverlusts. Als eine Kanzlei mit Expertise im Bereich IT unterst\u00fctzen wir Unternehmen, die in Krypto-Assets, NFTs und Blockchains involviert sind.<\/p>\n\t<\/div>\n<\/section>\n<section class=\"white-section\">\n\t<div class=\"section-inner pdt0 border-bottom-section\">\n\t<p class=\"mgb-small\">Krypto-Assets, NFTs und Blockchains entwickeln sich rasant weiter aufgrund von fortlaufenden technischen Innovationen und ihrem Potenzial f\u00fcr eine breite Palette von Anwendungen, von der Kapitalbeschaffung bis zum Management digitaler Kunst. Daher ist es auch ein komplexer Bereich, der gesetzlich reguliert werden muss.<\/p>\n\t<p class=\"mgb-small\">MONOLITH LAW OFFICE ist eine Kanzlei, die sich seit ihrer Gr\u00fcndung im Jahr 2017 (Heisei 29) auf das Recht der Krypto- und Blockchain-Technologie spezialisiert hat. Wir kennen die rechtlichen Vorschriften f\u00fcr ausl\u00e4ndische Unternehmen, deren Unternehmungen in Japan, bieten angemessene Gesch\u00e4ftsanleitungen zur Implementierung und bereiten Dokumente und Vertr\u00e4ge f\u00fcr IT-bezogene Gesch\u00e4ftsoperationen vor. Diese Arbeit erfordert Kenntnisse und Erfahrungen in internationalem IT-Recht, Gesch\u00e4fts- und Finanzgesetzgebung sowie anderen rechtlichen Angelegenheiten.<\/p>\n\t<p>Wir bieten anspruchsvolle Unterst\u00fctzung f\u00fcr Unternehmen, die Blockchains nutzen, einschlie\u00dflich Krypto-Assets und NFTs, durch eine enge Zusammenarbeit zwischen Anw\u00e4lten und IT-Beratern.<\/p>\n\t<\/div>\n<\/section>\n<section class=\"second-nav\">\n\t<div class=\"second-nav-inner\">\n\t\t<p>THEMEN<\/p>\n\t\t<nav>\n\t\t\t<ul>\n\t\t\t\t<li><a href=\"#highly-specialized-teams-and-global-network\">Hochspezialisierte Teams und globales Netzwerk<\/a><\/li>\n\t\t\t\t<li><a href=\"#examples-of-the-firms-support-achievements\">Beispiele f\u00fcr die Erfolge der Kanzlei<\/a><\/li>\n\t\t\t\t<li><a href=\"#advanced-technology-and-financial-legislation\">Fortgeschrittene Technologie und Finanzgesetzgebung<\/a><\/li>\n\t\t\t\t<li><a href=\"#providing-one-stop-solutions\">Bereitstellung von Komplettl\u00f6sungen<\/a><\/li>\n\t\t\t\t<li><a href=\"#legal-support-for-nft-related-businesses\">Rechtliche Unterst\u00fctzung f\u00fcr NFT-bezogene Gesch\u00e4fte<\/a><\/li>\n\t\t\t\t<li><a href=\"#crypto-asset-businesses-and-custody-services\">Krypto-Asset-Unternehmen und Verwahrungsdienste<\/a><\/li>\n\t\t\t\t<li><a href=\"#other-crypto-assets-related-businesses\">Weitere mit Krypto-Assets verbundene Gesch\u00e4fte<\/a><\/li>\n\t\t\t\t<li><a href=\"#system-development\">Systementwicklung<\/a><\/li>\n\t\t\t\t<li><a href=\"#terms-of-use-maintenance-for-applications-etc\">Dokumentendienstleistungen<\/a><\/li>\n\t\t\t\t<li><a href=\"#monolith-law-magazine\">MONOLITH LAW MAGAZINE<\/a><\/li>\n\t\t\t\t<li><a href=\"#fee-structure\">Geb\u00fchrenstruktur<\/a><\/li>\n\t\t\t<\/ul>\n\t\t<\/nav>\n\t<\/div>\n<\/section>\n<section class=\"white-section\">\n\t<div class=\"anchor\" id=\"highly-specialized-teams-and-global-network\"><\/div>\n\t<div class=\"section-inner pdb0\">\n\t\t<h3>Hochspezialisierte Teams und globales Netzwerk<\/h3>\n\t\t<div class=\"max-width980 mgb-small\"><img decoding=\"async\" src=\"\/wp-content\/uploads\/2023\/05\/web3team.jpg\" alt=\"Rechtsanw\u00e4lte\"><\/div>\n\t\t<div class=\"frame2 max-width860 txt-center-pc\">\n\t\t\t<p class=\"bold txt-l mgb-small\">Da sich die Gesch\u00e4ftswelt rund um Blockchains und Krypto-Assets schnell entwickelt, sind spezialisierte Anwaltskanzleien und Anw\u00e4lte in diesem Bereich notwendig.<\/p>\n\t\t\t<p>Bei MONOLITH LAW OFFICE haben wir ein engagiertes Team von Anw\u00e4lten mit umfangreichen IT-Kenntnissen, international qualifizierten Anw\u00e4lten und erfahrenen IT-Ingenieuren aufgebaut. Durch unser robustes internationales Netzwerk f\u00f6rdern wir den Wissensaustausch und bleiben so an der Spitze dieses dynamischen Feldes.<\/p>\n\t\t<\/div>\n\t<\/div>\n<\/section>\n<section class=\"white-section\">\n\t<div class=\"anchor\" id=\"examples-of-the-firms-support-achievements\"><\/div>\n\t<div class=\"section-inner\">\n\t\t<h3>Beispiele f\u00fcr die Unterst\u00fctzungserfolge der Kanzlei<\/h3>\n\t\t<ul class=\"layout-column4\">\n\t\t\t<li>\n\t\t\t\t<div><img decoding=\"async\" src=\"\/wp-content\/uploads\/2022\/07\/shutterstock_1009471096.png\"><\/div>\n\t\t\t\t<h4>Fundraising (ICO, STO, IEO)<\/h4>\n\t\t\t\t<p>Heutzutage gewinnen ICOs, STOs und IEOs, die Krypto-Assets als Mittel zur Kapitalbeschaffung nutzen, an Beliebtheit. Sie gelten als flexiblere Methode zur Kapitalerh\u00f6hung im Vergleich zu IPOs und bieten gleichzeitig Investorenschutz unter den Regelungen des Japanese Financial Instruments and Exchange Act und des Japanese Payment Services Act. MONOLITH LAW OFFICE unterst\u00fctzt die rechtliche Zul\u00e4ssigkeit des Gesch\u00e4fts, indem wir Hilfe leisten und Berichte vorbereiten.<\/p>\n\t\t\t<\/li>\n\t\t\t<li>\n\t\t\t\t<div><img decoding=\"async\" src=\"\/wp-content\/uploads\/2022\/07\/shutterstock_758063575-1.png\"><\/div>\n\t\t\t\t<h4>Mining\/Staking<\/h4>\n\t\t\t\t<p>Wir erforschen die Rechtm\u00e4\u00dfigkeit von Mining und Staking in Blockchains, sowie das Erstellen von Vertr\u00e4gen und anderen relevanten Dokumenten. In einigen F\u00e4llen kann die Aus\u00fcbung von Mining- und Staking-Aktivit\u00e4ten in Blockchains eine Registrierung als Krypto-Asset-Exchange-Gesch\u00e4ft erfordern. Unsere Expertise liegt im Verst\u00e4ndnis der rechtlichen Anforderungen und der Unterst\u00fctzung unserer Mandanten bei der Einhaltung der notwendigen Vorschriften.<\/p>\n\t\t\t<\/li>\n\t\t\t<li>\n\t\t\t\t<div><img decoding=\"async\" src=\"\/wp-content\/uploads\/2022\/07\/shutterstock_1096851425.png\"><\/div>\n\t\t\t\t<h4>Krypto-Asset-B\u00f6rsen und deren Betrieb<\/h4>\n\t\t\t\t<p>Nach der \u00fcberarbeiteten Japanese Funds Settlement Law ist nun eine Registrierung als Krypto-Asset-Exchange-Gesch\u00e4ft erforderlich, um Krypto-Assets zu kaufen, verkaufen, zu tauschen und als Vermittler oder Agent zu agieren. Durch die Entwicklung eines einzigartigen Gesch\u00e4ftsmodells kann eine solche Registrierung im Rahmen dieses Gesetzes vermieden werden. Wir k\u00f6nnen unsere Mandanten auch bei der Registrierung als Krypto-Asset-Exchange und bei der laufenden Unterst\u00fctzung f\u00fcr Unternehmen, die virtuelle W\u00e4hrungsb\u00f6rsen betreiben, unterst\u00fctzen.<\/p>\n\t\t\t<li>\n\t\t\t\t<div><img decoding=\"async\" src=\"\/wp-content\/uploads\/2022\/07\/shutterstock_2118688160.png\"><\/div>\n\t\t\t\t<h4>Content-Gesch\u00e4ft \/ NFT<\/h4>\n\t\t\t\t<p>Non-Fungible Tokens (NFTs), repr\u00e4sentiert durch digitale Kunst, Blockchain-Spielgegenst\u00e4nde usw., k\u00f6nnen je nach System von Krypto-Assets \u00fcber vorausbezahlte Zahlungsmittel bis hin zu elektronisch erfassten \u00dcbertragungsrechten (Wertpapiere) unterschiedliche rechtliche Status haben, unterliegen jedoch komplexen und strengen Regeln. Wir pr\u00fcfen die Rechtm\u00e4\u00dfigkeit der Gesch\u00e4fte unserer Mandanten und unterst\u00fctzen sie aus rechtlicher Sicht.<\/p>\n\t\t\t<\/li>\n\t\t<\/ul>\n\t<\/div>\n<\/section>\n<section class=\"white-section\">\n\t<div class=\"anchor\" id=\"advanced-technology-and-financial-legislation\"><\/div>\n\t<div class=\"section-inner\">\n\t\t<div class=\"flex reverse\">\n\t\t\t<div class=\"width41\"><img decoding=\"async\" src=\"\/wp-content\/uploads\/2022\/07\/shutterstock_1144405721.png\" alt=\"Fortgeschrittene Technologie und Finanzgesetzgebung\"><\/div>\n\t\t\t<div class=\"width51\">\n\t\t\t\t<h3>Fortgeschrittene Technologie und Finanzgesetzgebung<\/h3>\n\t\t\t\t<p class=\"mgb-small\">Das Feld der Blockchains ist ein Bereich, in dem Unternehmen, die sie nutzen, sich besonders im Ausland schnell entwickeln. Unternehmen, die in diesem Bereich t\u00e4tig sind, m\u00fcssen pr\u00fcfen, ob es m\u00f6glich ist, ein solches System in Japan auf der Grundlage der neuesten ausl\u00e4ndischen Vorschriften zu implementieren. Zun\u00e4chst lesen wir die von solchen ausl\u00e4ndischen Unternehmen ver\u00f6ffentlichten Materialien auf der Grundlage unseres IT-Wissens \u00fcber die neuesten Technologien. Anschlie\u00dfend pr\u00fcfen wir die Rechtm\u00e4\u00dfigkeit des Systems in Japan im Lichte des inl\u00e4ndischen Rechtssystems, einschlie\u00dflich der Finanzgesetzgebung, und der Verwaltungsmeinungen. Dann geben wir Ratschl\u00e4ge, wie das System in Japan rechtlich umgesetzt werden kann, basierend auf unseren Gesch\u00e4ftsbeurteilungen.<\/p>\n\t\t\t\t<p>Blockchain, einschlie\u00dflich Krypto-Assets und NFT, ist ein komplexes Feld, das Anwaltskanzleien und Anw\u00e4lte mit einem hohen Ma\u00df an Fachwissen sowohl in IT als auch in Recht erfordert.<\/p>\n\t\t\t<\/div>\n\t\t<\/div>\n\t<\/div>\n<\/section>\n<section class=\"purple-section\">\n\t<div class=\"anchor\" id=\"providing-one-stop-solutions\"><\/div>\n\t<div class=\"section-inner\">\n\t\t<div class=\"flex reverse\">\n\t\t\t<div class=\"width51\">\n\t\t\t\t<h3>Bereitstellung von Komplettl\u00f6sungen<\/h3>\n\t\t\t\t<p class=\"mgb-small\">Unsere Kanzlei besteht aus 30 Anw\u00e4lten und 85 Mitarbeitern, einschlie\u00dflich IT-Beratern, unter der Leitung des Gr\u00fcnders, der ein ehemaliger IT-Ingenieur und IT-Unternehmer ist.<\/p>\n\t\t\t\t<p>Die \u00dcbersetzung und technische Verst\u00e4ndnis von Dokumenten, die von ausl\u00e4ndischen Gesch\u00e4ftsinhabern ver\u00f6ffentlicht wurden, sowie technische Dokumente und Codes, die intern erstellt wurden, werden vom Vertreteranwalt und der IT-Beratungsabteilung durchgef\u00fchrt. Rechtliche Recherchen, Vertragsentw\u00fcrfe, Dokumentenvorbereitung und andere rechtliche Dienstleistungen werden vom Vertreteranwalt und dem Rechtsanwalt durchgef\u00fchrt. So k\u00f6nnen wir einen Komplettservice f\u00fcr eine Reihe von F\u00e4llen anbieten, die sowohl ein hohes Ma\u00df an Fachwissen in IT als auch im Recht erfordern.<\/p>\n\t\t\t<\/div>\n\t\t\t<div class=\"width41\"><img decoding=\"async\" src=\"\/wp-content\/themes\/monolith_en\/img\/operationofofmedia\/operationofofmedia_pic5.svg\" alt=\"Bereitstellung von Komplettl\u00f6sungen\"><\/div>\n\t\t<\/div>\n\t<\/div>\n<\/section>\n<section class=\"white-section mgt-section\">\n\t<div class=\"anchor\" id=\"legal-support-for-nft-related-businesses\"><\/div>\n\t<div class=\"section-inner-black\">\n\t\t<h3>Rechtliche Unterst\u00fctzung f\u00fcr NFT-bezogene Gesch\u00e4fte<\/h3>\n\t\t\t\t<p class=\"mgb-small\">Nicht fungible Token (NFTs), haupts\u00e4chlich auf der Ethereum-Blockchain erstellt, werden praktisch genutzt, um einzigartige Produkte wie digitale Kunst, Blockchain-Spielgegenst\u00e4nde und Sammelkarten zu erstellen, sowie als Nachweis f\u00fcr den Besitz von Immobilien und Mitgliedschaften in der realen Welt. <\/p>\n\t\t\t\t<p class=\"mgb-middle\">Je nach Design und Gesch\u00e4ftsmodell k\u00f6nnen NFTs in die Kategorie der kryptographischen Verm\u00f6genswerte, vorausbezahlten Zahlungsmittel, elektronischen \u00dcbertragungsrechte von Aufzeichnungen usw. fallen. Wir unterst\u00fctzen NFT-bezogene Gesch\u00e4fte mit unserem hohen Ma\u00df an Fachwissen.<\/p>\n\t<\/div>\n<\/section>\n<section class=\"white-section\">\n\t<div class=\"anchor\" id=\"crypto-asset-businesses-and-custody-services\"><\/div>\n\t<div class=\"section-inner\">\n\t\t<div class=\"flex reverse\">\n\t\t\t<div class=\"width41\"><img decoding=\"async\" src=\"\/wp-content\/uploads\/2022\/07\/shutterstock_1151380622_2.png\" alt=\"Crypto Asset Businesses and Custody Services\"><\/div>\n\t\t\t<div class=\"width51\">\n\t\t\t\t<h3>Krypto-Asset-Gesch\u00e4fte und Verwahrdienstleistungen<\/h3>\n\t\t\t\t<p class=\"mgb-small\">Gem\u00e4\u00df dem \u00fcberarbeiteten japanischen Geldabwicklungsgesetz von 2020 (&#8220;Japanese Money Settlement Act&#8221;) ist das &#8220;Verwalten von Krypto-Assets f\u00fcr Dritte (d.h., Verwahrgesch\u00e4ft)&#8221; nun in das Krypto-Asset-Austauschgesch\u00e4ft einbezogen, was eine Registrierung als Krypto-Asset-Dienstleister erfordert und daher verschiedenen Regulierungen unterliegt, um ein System zu implementieren, das die Verwaltung von Krypto-Assets einschlie\u00dft. Diese Regulierungen sind jedoch sehr belastend f\u00fcr diejenigen, die nicht sogenannte virtuelle W\u00e4hrungsaustauschdienste sind, sondern nur Verwahrdienstleistungen anbieten.<\/p>\n\t\t\t\t<p>Solche Dienstleistungen m\u00fcssen entscheiden, ob sie sich registrieren und als Krypto-Asset-Austauscher t\u00e4tig sein sollten oder ob sie Krypto-Assets handhaben sollten, w\u00e4hrend sie die Registrierung vermeiden.<\/p>\n\t\t\t<\/div>\n\t\t<\/div>\n\t<\/div>\n<\/section>\n<section class=\"white-section mgb-section\">\n\t<div class=\"anchor\" id=\"other-crypto-assets-related-businesses\"><\/div>\n\t<div class=\"section-inner-black\">\n\t\t<h3>Andere Krypto-Assets und Blockchain-bezogene Gesch\u00e4fte<\/h3>\n\t\t<p class=\"mgb-small\">Krypto-Assets und Blockchains sind technologische und gesch\u00e4ftliche Bereiche, die sich st\u00e4ndig weiterentwickeln. Dies beinhaltet die Regulierung von Stable Coins, die gem\u00e4\u00df dem \u00fcberarbeiteten japanischen &#8220;Funds Settlement Act&#8221; (Geldabwicklungsgesetz) von 2022 (Gregorianischer Kalender) reguliert wurden, sowie IEOs, eine Finanzierungsmethode, die virtuelle W\u00e4hrungsb\u00f6rsen \u00fcberpr\u00fcft, und mit Staking verbundene Gesch\u00e4fte. Unsere Kanzlei h\u00e4lt Schritt mit den neuesten Entwicklungen und bietet Unterst\u00fctzung f\u00fcr solche Gesch\u00e4fte.<\/p>\n\t\t<p class=\"mgb-middle\">Als eine Anwaltskanzlei, die aus einem Gr\u00fcndungsanwalt mit fr\u00fcherer Erfahrung als IT-Ingenieur besteht, zusammen mit IT-Beratern, die Erfahrung im Verst\u00e4ndnis von White Papers, technischen Dokumenten und anderen im Ausland ver\u00f6ffentlichten Materialien haben, verstehen wir die Technologie und Gesch\u00e4ftsmodelle.<\/p>\n\t<\/div>\n<\/section>\n<section class=\"orange-section\">\n\t<div class=\"anchor\" id=\"system-development\"><\/div>\n\t<div class=\"section-inner\">\n\t\t<div class=\"flex reverse\">\n\t\t\t<div class=\"width41\"><img decoding=\"async\" src=\"\/wp-content\/themes\/monolith2021\/img\/practices-itlaw\/practices-itlaw_pic1.jpg\" alt=\"Systementwicklung\"><\/div>\n\t\t\t<div class=\"width51\">\n\t\t\t\t<h3>Systementwicklung<\/h3>\n\t\t\t\t<p>Gegr\u00fcndet von einem ehemaligen IT-Ingenieur, ist die MONOLITH LAW OFFICE eine Anwaltskanzlei, die sich mit der Erstellung, \u00c4nderung und Verhandlung von Vertr\u00e4gen sowie der Streitbeilegung bei auftretenden Problemen befasst, nicht nur im Bereich von Krypto-Assets und Blockchain-bezogenen Angelegenheiten, sondern auch in verschiedenen hochspezialisierten Systementwicklungsbereichen, wie beispielsweise der Systementwicklung f\u00fcr virtuelle W\u00e4hrungsb\u00f6rsen. Wir k\u00fcmmern uns auch um die Streitbeilegung, wenn Probleme auftreten.<\/p>\n\t\t\t<\/div>\n\t\t<\/div>\n\t<\/div>\n<\/section>\n<section class=\"white-section\">\n\t<div class=\"anchor\" id=\"terms-of-use-maintenance-for-applications-etc\"><\/div>\n\t<div class=\"section-inner\">\n\t\t<div class=\"flex\">\n\t\t\t<div class=\"width41\"><img decoding=\"async\" src=\"\/wp-content\/themes\/monolith2021\/img\/practices-itlaw\/practices-itlaw_pic2.jpg\" alt=\"Dokumentendienste\"><\/div>\n\t\t\t<div class=\"width51\">\n\t\t\t\t<h3>Dokumentendienstleistungen<\/h3>\n\t\t\t\t<p>Die MONOLITH LAW OFFICE befasst sich mit der Erstellung und \u00dcberarbeitung von Dokumenten, die die Nutzungsbedingungen und Datenschutzrichtlinien f\u00fcr verschiedene Apps, Dienstleistungen und Spiele darstellen, einschlie\u00dflich solcher f\u00fcr Blockchain-Spiele, Kryptow\u00e4hrungsverm\u00f6gen und Blockchain-bezogene Produkte und Dienstleistungen. Wir untersuchen auch bestehende Unternehmensdokumente und Daten, wie Anforderungsdefinitionen f\u00fcr die entsprechende Anwendungsentwicklung, in Adobe XD erstellte Frameworks, LPs, Verkaufsunterlagen f\u00fcr potenzielle Kunden usw.<\/p>\n\t\t\t<\/div>\n\t\t<\/div>\n\t<\/div>\n<\/section>\n\n<section class=\"purple2-section\">\n\t<div class=\"anchor\" id=\"monolith-law-magazine\"><\/div>\n\t<div class=\"section-inner\">\n\t\t    <section class=\"white-section temp-article\">\n        <div class=\"section-inner\">\n            <h4>MONOLITH LAW MAGAZINE<\/h4>\n            <div class=\"articles type_practice_column\">\n                                                                    <div class=\"article article-area\">\n                        <figure>\n                            <div class=\"img-wrap\">\n                                <img alt=\"Welche Corporate Governance Anforderungen sind f\u00fcr eine NASDAQ-Notierung erforderlich?\" src=\"https:\/\/monolith.law\/de\/wp-content\/uploads\/sites\/14\/2025\/08\/19e0312b170969f265c8e568bdf254db.webp\" width=\"500\" height=\"250\">\n                            <\/div>\n                            <figcaption>\n                                <div class=\"figcaption-inner\">\n                                    <h3>Welche Corporate Governance Anforderungen sind f\u00fcr eine NASDAQ-Notierung erforde.<\/h3>\n                                <\/div>\n                            <\/figcaption>\n                            <a href=\"https:\/\/monolith.law\/de\/it\/nasdaq-corporate-governance\"><\/a>\n                        <\/figure>\n                    <\/div>\n                                                    <div class=\"article article-area\">\n                        <figure>\n                            <div class=\"img-wrap\">\n                                <img alt=\"Was ist ein Gesch\u00e4ftsmodell, das Web3 nutzt? Erkl\u00e4rung der neuesten Trends und Anwendungsbeispiele\" src=\"https:\/\/monolith.law\/de\/wp-content\/uploads\/sites\/14\/2025\/08\/Shutterstock_2333502635.webp\" width=\"500\" height=\"250\">\n                            <\/div>\n                            <figcaption>\n                                <div class=\"figcaption-inner\">\n                                    <h3>Was ist ein Gesch\u00e4ftsmodell, das Web3 nutzt? Erkl\u00e4rung der neuesten Trends und A.<\/h3>\n                                <\/div>\n                            <\/figcaption>\n                            <a href=\"https:\/\/monolith.law\/de\/it\/web3-business-model\"><\/a>\n                        <\/figure>\n                    <\/div>\n                                                    <div class=\"article article-area\">\n                        <figure>\n                            <div class=\"img-wrap\">\n                                <img alt=\"\u3010Neueste Ausgabe 2025\u3011Rechtliche Interpretation von Krypto-Assets (virtuellen W\u00e4hrungen): Relevanz als Wertpapiere und Hinweise f\u00fcr Unternehmen\" src=\"https:\/\/monolith.law\/de\/wp-content\/uploads\/sites\/14\/2025\/08\/Shutterstock_2049735344.webp\" width=\"500\" height=\"250\">\n                            <\/div>\n                            <figcaption>\n                                <div class=\"figcaption-inner\">\n                                    <h3>\u3010Neueste Ausgabe 2025\u3011Rechtliche Interpretation von Krypto-Assets (virtuellen W\u00e4.<\/h3>\n                                <\/div>\n                            <\/figcaption>\n                            <a href=\"https:\/\/monolith.law\/de\/it\/crypto-assets-securities\"><\/a>\n                        <\/figure>\n                    <\/div>\n                                            <\/div>\n            <div class=\"btn-more\"><a href=\"https:\/\/monolith.law\/de\/tag\/crypto-assets-and-blockchains\">Read More<\/a><\/div>\n        <\/div>\n    <\/section>\n\t<\/div>\n<\/section>\n\n<section class=\"orange2-section\">\n\t<div class=\"anchor\" id=\"fee-structure\"><\/div>\n\t<div class=\"section-inner\">\n\t<div class=\"planWrap\">\n\t<h3>Geb\u00fchrenstruktur<\/h3>\n\t<ul class=\"plan\">\n\t\t<li class=\"txt-left\">\n\t\t\t<div class=\"plan-inner\">\n\t\t\t<div class=\"plan-header\">\n\t\t\t<h4 class=\"plan-title\">Stundensatz<\/h4>\n\t\t\t<div class=\"plan-price\"><span class=\"price-figure\">$300<\/span>pro Stunde<span class=\"price-tax\"><\/span><\/div>\n\t\t\t<\/div>\n\t\t\t<div class=\"plan-body\">In bestimmten F\u00e4llen k\u00f6nnen wir die \u00dcbernahme eines Streitfalls oder einer Klage mit einer Anfangsgeb\u00fchr und einer erfolgsabh\u00e4ngigen Verg\u00fctung in Betracht ziehen. F\u00fcr weitere Details kontaktieren Sie uns bitte unverbindlich.<\/div>\n\t\t\t<\/div>\n\t\t<\/li>\n\t\t<li class=\"txt-left\">\n\t\t\t<div class=\"plan-inner\">\n\t\t\t<div class=\"plan-header\">\n\t\t\t<h4 class=\"plan-title\">Vertragsentwurf<\/h4>\n\t\t\t<div class=\"plan-price\"><span class=\"price-value\">ab<\/span><span class=\"price-figure\">$500<\/span><span class=\"price-value\">bis $2.000 oder mehr<\/span><span class=\"price-tax\"><\/span><\/div>\n\t\t\t<\/div>\n\t\t\t<div class=\"plan-body\">Die Preisstruktur kann je nach Art und Umfang der Vertr\u00e4ge variieren. Wir bieten Ihnen gerne eine vorl\u00e4ufige Kostensch\u00e4tzung auf Anfrage an, daher laden wir Sie ein, sich f\u00fcr weitere Einzelheiten an uns zu wenden.<\/div>\n\t\t\t<\/div>\n\t\t<\/li>\n\t\t<li class=\"txt-left\">\n\t\t\t<div class=\"plan-inner\">\n\t\t\t<div class=\"plan-header\">\n\t\t\t<h4 class=\"plan-title\">Weitere Dienstleistungen<\/h4>\n\t\t\t<div class=\"plan-price\"><span class=\"price-figure\">Kontaktieren Sie uns<\/span><\/div>\n\t\t\t<\/div>\n\t\t\t<div class=\"plan-body\">Wir bieten eine breite Palette von Dienstleistungen an, einschlie\u00dflich Unternehmensgr\u00fcndung, Vertragspr\u00fcfung, Rechtsgutachten, Fallpr\u00fcfung oder Forschungsschreiben. Sollten Sie Fragen oder Bedenken haben, laden wir Sie herzlich ein, uns zu kontaktieren. Wir helfen Ihnen gerne weiter.<\/div>\n\t\t\t<\/div>\n\t\t\t<\/div>\n\t\t<\/li>\n\t<\/ul>\n\t<\/div>\n\t<\/div>\n<\/section>\n\n<section class=\"white-section\">\n\t<div class=\"section-inner\">\n\t\t<div class=\"btn-area\">\n\t\t\t<div class=\"btn icon-contact\"><a href=\"\/de\/contact\">Kontaktieren Sie uns<\/a><\/div>\n\t\t<\/div>\n\t<\/div>\n<\/section>\n","protected":false},"excerpt":{"rendered":"<p>Krypto-Assets und Blockchains Krypto-Assets und Blockchains sind dezentralisierte Datenbanken, die durch verschiedene IT-Systeme wie Konsensalgorithmen, Kryptographie und P2P-Netzwerke erstellt werden [&hellip;]<\/p>\n","protected":false},"author":26,"featured_media":56655,"parent":0,"menu_order":6,"comment_status":"closed","ping_status":"closed","template":"other-page-temp.php","meta":{"footnotes":""},"acf":[],"_links":{"self":[{"href":"https:\/\/monolith.law\/de\/wp-json\/wp\/v2\/pages\/47528"}],"collection":[{"href":"https:\/\/monolith.law\/de\/wp-json\/wp\/v2\/pages"}],"about":[{"href":"https:\/\/monolith.law\/de\/wp-json\/wp\/v2\/types\/page"}],"author":[{"embeddable":true,"href":"https:\/\/monolith.law\/de\/wp-json\/wp\/v2\/users\/26"}],"replies":[{"embeddable":true,"href":"https:\/\/monolith.law\/de\/wp-json\/wp\/v2\/comments?post=47528"}],"version-history":[{"count":68,"href":"https:\/\/monolith.law\/de\/wp-json\/wp\/v2\/pages\/47528\/revisions"}],"predecessor-version":[{"id":61091,"href":"https:\/\/monolith.law\/de\/wp-json\/wp\/v2\/pages\/47528\/revisions\/61091"}],"wp:featuredmedia":[{"embeddable":true,"href":"https:\/\/monolith.law\/de\/wp-json\/wp\/v2\/media\/56655"}],"wp:attachment":[{"href":"https:\/\/monolith.law\/de\/wp-json\/wp\/v2\/media?parent=47528"}],"curies":[{"name":"wp","href":"https:\/\/api.w.org\/{rel}","templated":true}]}}