{"id":55833,"date":"2023-06-13T01:17:21","date_gmt":"2023-06-12T16:17:21","guid":{"rendered":"https:\/\/monolith.law\/en\/?page_id=55833"},"modified":"2024-08-05T18:55:55","modified_gmt":"2024-08-05T09:55:55","slug":"legal-support-for-youtuber","status":"publish","type":"page","link":"https:\/\/monolith.law\/de\/legal-support-for-youtuber","title":{"rendered":"Rechtliche Unterst\u00fctzung f\u00fcr YouTuber"},"content":{"rendered":"\n<section class=\"heading-area\">\n\t<div class=\"heading-area-inner\">\n\t\t<h2 class=\"icon-legal-support-for-youtuber\">Rechtliche Unterst\u00fctzung f\u00fcr YouTuber<\/h2>\n\t\t<p>Das Management von Online-Influencern erfordert Know-how, das sich von dem der traditionellen Unterhaltungsproduktion und Medienverwaltung unterscheidet. Wir verstehen die Feinheiten des japanischen Rechts und die Besonderheiten des Internets, was es uns erm\u00f6glicht, Ihrer Firma starke Unterst\u00fctzung beim Verbreiten von Informationen durch ein System zu bieten, das kontinuierlich mit den neuesten Informationen zum japanischen Recht aktualisiert wird.<\/p>\n\t<\/div>\n<\/section>\n\n<section class=\"white-section\">\n\t<div class=\"section-inner pdt0 border-bottom-section\">\n\t\t<p>YouTube-Kan\u00e4le, die von YouTuber-Agenturen verwaltet werden, Unternehmen, die virtuelle YouTuber (VTuber) betreiben, und Gesch\u00e4ftsunternehmen in Japan ben\u00f6tigen alle Rechtsberater mit spezialisiertem Know-how und Erfahrung. <br>Unsere Mandanten umfassen gro\u00dfe japanische YouTuber-Managementfirmen, prominente einzelne YouTuber und verschiedene Unternehmen, die das VTuber-Gesch\u00e4ft in Japan managen. Wir bieten auch hochspezialisierte Unterst\u00fctzung beim Entwerfen und \u00dcberpr\u00fcfen von Vertr\u00e4gen im Zusammenhang mit YouTubern und VTubern sowie bei der Kl\u00e4rung rechtlicher Fragen im Zusammenhang mit der Videoproduktion in Japan.<\/p>\n\t<\/div>\n<\/section>\n\n<section class=\"second-nav\">\n\t<div class=\"second-nav-inner\">\n\t<p>THEMEN<\/p>\n\t<nav>\n\t<ul>\n\t \t<li><a href=\"#necessity-of-youtube-related-legal-counsel\">Necessity of YouTube-related Legal Counsel<\/a><\/li>\n\t \t<li><a href=\"#contracts\">Contracts<\/a><\/li>\n\t \t<li><a href=\"#creating-and-publishing-videos\">Creating and Publishing Videos<\/a><\/li>\n\t \t<li><a href=\"#legal-support-for-vtubers\">Legal Support for VTubers<\/a><\/li>\n\t \t<li><a href=\"#terms-of-use-of-youtube\">Terms of Use of YouTube<\/a><\/li>\n\t \t<li><a href=\"#our-youtube-channel\">Our YouTube Channel<\/a><\/li>\n\t \t<li><a href=\"#manda-of-sns\">M&amp;A of SNS<\/a><\/li>\n\t \t<li><a href=\"#IT\">IT<\/a><\/li>\n\t \t<li><a href=\"#countermeasures-against-reputational-damage\">Countermeasures against Reputational Damage<\/a><\/li>\n\t \t<li><a href=\"#writings-and-other-activities\">Writings and other activities<\/a><\/li>\n\t \t<li><a href=\"#examples-of-our-clients\">Examples of Our Clients<\/a><\/li>\n\t\t<li><a href=\"#monolith-law-magazine\">MONOLITH LAW MAGAZINE<\/a><\/li>\n\t \t<li><a href=\"#fee-structure\">Fee Structure<\/a><\/li>\n\t<\/ul>\n\t<\/nav>\n\t<\/div>\n<\/section>\n\n<section class=\"white-section\">\n\t<div id=\"necessity-of-youtube-related-legal-counsel\"><\/div>\n\t<div class=\"section-inner\">\n\t<h3>Notwendigkeit einer YouTube-bezogenen Rechtsberatung<\/h3>\n\t<ul class=\"layout-column4\">\n\t \t<li>\n\t\t\t<div><img decoding=\"async\" src=\"\/wp-content\/themes\/monolith2021\/img\/practices-youtuberlaw\/practices-youtuberlaw_necessity_pic1.jpg\" alt=\"YouTuber\" \/><\/div>\n\t\t\t<h4>YouTuber<\/h4>\n\t\t\t<p>Ein YouTuber mit mehreren hunderttausend Kanalabonnenten ist eine eigenst\u00e4ndige Einheit und ben\u00f6tigt einen Vertreter.<\/p>\n\t\t<\/li>\n\t \t<li>\n\t\t\t<div><img decoding=\"async\" src=\"\/wp-content\/themes\/monolith2021\/img\/practices-youtuberlaw\/practices-youtuberlaw_necessity_pic2.jpg\" alt=\"YouTuber Management Companies\" \/><\/div>\n\t\t\t<h4>YouTuber-Managementunternehmen<\/h4>\n\t\t\t<p>Es gibt spezifische Vorsichtsma\u00dfnahmen und Pr\u00fcfpunkte, die bei der Verwaltung von YouTubern, Kundenprojekten und anderen Vertr\u00e4gen zu beachten sind.<\/p>\n\t\t<\/li>\n\t \t<li>\n\t\t\t<div><img decoding=\"async\" src=\"\/wp-content\/themes\/monolith2021\/img\/practices-youtuberlaw\/practices-youtuberlaw_necessity_pic3.jpg\" alt=\"Virtual YouTuber\" \/><\/div>\n\t\t\t<h4>Virtual YouTuber<\/h4>\n\t\t\t<p>Vertr\u00e4ge und M&amp;A im Schnittbereich von IT und Entertainment sind ein \u00e4u\u00dferst spezialisiertes Feld.<\/p>\n\t\t<\/li>\n\t \t<li>\n\t\t\t<div><img decoding=\"async\" src=\"\/wp-content\/themes\/monolith2021\/img\/practices-youtuberlaw\/practices-youtuberlaw_necessity_pic4.jpg\" alt=\"YouTube-Kanal f\u00fcr Gesch\u00e4ftsunternehmen\" \/><\/div>\n\t\t\t<h4>YouTube-Kanal<br>f\u00fcr Gesch\u00e4ftsunternehmen<\/h4>\n\t\t\t<p>Beim Betreiben eines YouTube-Kanals ben\u00f6tigen Sie einen Hauptrechtsberater und einen separaten Anwalt f\u00fcr YouTube.<\/p>\n\t\t<\/li>\n\t<\/ul>\n\t<\/div>\n<\/section>\n\n<section class=\"white-section\">\n\t<div class=\"section-inner pdt0\">\n\t<div class=\"frame2 txt-center-pc max-width860\">\n\t<p class=\"bold txt-l\">YouTuber und Virtual YouTuber ben\u00f6tigen Rechtsberater, die mit Kanalmanagement und Vertragsausf\u00fchrung vertraut sind.<\/p>\n\t<\/div>\n\t<\/div>\n<\/section>\n\n<section class=\"white-section mgb-section100\">\n\t<div id=\"contracts\"><\/div>\n\t<div class=\"section-inner-black\">\n\t<h3>Vertr\u00e4ge<\/h3>\n\t<p class=\"mgb-middle\">In Japan unterzeichnen YouTuber und VTuber in der Regel einen Managementvertrag mit einer Agentur, um ihre Aktivit\u00e4ten durchzuf\u00fchren, w\u00e4hrend sie in einigen F\u00e4llen einen Vertrag mit einem Unternehmen abschlie\u00dfen und Werbeaktivit\u00e4ten durchf\u00fchren.<br>Traditionell wurden in der japanischen Unterhaltungsindustrie Managementvertr\u00e4ge zwischen K\u00fcnstlern und Unterhaltungsagenturen sowie Werbevertr\u00e4ge zwischen K\u00fcnstlern und Unternehmen verwendet. YouTuber und VTuber unterscheiden sich jedoch leicht von traditionellen K\u00fcnstlern aufgrund der Nutzungsbedingungen von YouTube.<br>Ein Anwalt mit Kenntnissen und Erfahrung in japanischen Vertr\u00e4gen im Zusammenhang mit YouTubern kann Ihnen helfen, einen Vertrag mit den wesentlichen Punkten reibungslos abzuschlie\u00dfen. Unsere japanischen Rechtsexperten sind gut mit den einzigartigen Aspekten des japanischen Marktes und Online-Videoplattformen vertraut.<\/p>\n\t<\/div>\n<\/section>\n\n<section class=\"white-section mgb-section100\">\n\t<div id=\"creating-and-publishing-videos\"><\/div>\n\t<div class=\"section-inner-black\">\n\t<h3>Erstellung und Ver\u00f6ffentlichung von Videos<\/h3>\n\t<p class=\"mgb-middle\">Bei der Erstellung und Ver\u00f6ffentlichung von YouTube-Videos ist es unerl\u00e4sslich, rechtliche Kenntnisse in verschiedenen Bereichen zu besitzen, wie zum Beispiel Urheberrechte f\u00fcr die Musik und Objekte, die im Video erscheinen, Portr\u00e4t-\/Privatsph\u00e4renrechte und Werbevorschriften, die problematisch sein k\u00f6nnen, wenn man Kosmetika und Gesundheitsnahrungsmittel in Japan vorstellt. Ein Mangel an rechtlichem Wissen in diesen Bereichen kann dazu f\u00fchren, dass Ihre Videos gel\u00f6scht werden oder im schlimmsten Fall, dass Ihr Konto in Japan gesperrt wird.<\/p>\n\t<\/div>\n<\/section>\n\n<section class=\"purple-section mgb-section100\">\n\t<div id=\"legal-support-for-vtubers\"><\/div>\n\t<div class=\"section-inner\">\n\t<div class=\"flex reverse\">\n\t<div class=\"width41\"><img decoding=\"async\" src=\"\/wp-content\/themes\/monolith2021\/img\/vtuberlaw\/pic_practices-vtuberlaw.jpg\" alt=\"Rechtliche Unterst\u00fctzung f\u00fcr virtuelle YouTuber\" \/><\/div>\n\t<div class=\"width51\">\n\t\t<h3>Rechtliche Unterst\u00fctzung f\u00fcr VTuber<\/h3>\n\t\t<p class=\"mgb-small\">Seit 2017, als VTuber noch in ihren Anf\u00e4ngen steckten, hat die MONOLITH LAW OFFICE rechtliche Angelegenheiten von VTubern behandelt, einschlie\u00dflich verschiedener Vertragsbeziehungen und Streitbeilegung, f\u00fcr einzelne VTuber und ihre verbundenen Unternehmen und B\u00fcros in Japan.<\/p>\n\t\t<p class=\"mgb-middle\">Unser juristisches Team verf\u00fcgt \u00fcber die Erfahrung und das Know-how, um die sehr komplexen Probleme im Zusammenhang mit VTubern zu l\u00f6sen, wie zum Beispiel Urheberrechtsfragen bei Illustrationen und CG, Eigentumsfragen bei YouTube-Kan\u00e4len und Charakteren, sowie die Rechtsbeziehung zwischen der Person selbst und dem Eigent\u00fcmer.<\/p>\n\t<\/div>\n\t<\/div>\n\t<\/div>\n<\/section>\n\n<section class=\"white-section mgb-section\">\n\t<div id=\"terms-of-use-of-youtube\" class=\"anchor\"><\/div>\n\t<div class=\"section-inner-black\">\n\t<h3>Nutzungsbedingungen f\u00fcr YouTube und andere Medien<\/h3>\n\t<p class=\"mgb-middle\">Beim Betrieb eines YouTube-Kanals in Japan ist ein Verst\u00e4ndnis der Nutzungsbedingungen von YouTube ebenso notwendig wie die rechtlichen Aspekte. Selbst wenn ein Video rechtlich akzeptabel ist, kann es zur L\u00f6schung oder Sperrung des Kontos kommen, wenn es gegen die Nutzungsbedingungen verst\u00f6\u00dft. Unsere Kanzlei verf\u00fcgt \u00fcber das Know-how und Verst\u00e4ndnis der Nutzungsbedingungen von YouTube und anderen Medien sowie des japanischen Rechts.<\/p>\n\t<\/div>\n<\/section>\n\n<section class=\"orange-section\">\n\t<div id=\"our-youtube-channel\"><\/div>\n\t<div class=\"section-inner\">\n\t<div class=\"flex reverse\">\n\t<div class=\"width41\"><img decoding=\"async\" src=\"\/wp-content\/themes\/monolith2021\/img\/practices-youtuberlaw\/practices-youtuberlaw_pic1.png\" alt=\"Rechtsberatung f\u00fcr YouTuber\" \/><\/div>\n\t<div class=\"width51\">\n\t\t<h3>Unser YouTube-Kanal<\/h3>\n\t\t<p class=\"mgb-small\">Unser YouTube-Kanal &#8220;Rechtsberatung f\u00fcr YouTuber&#8221; erkl\u00e4rt rechtliche Fragen im Zusammenhang mit YouTube durch Gespr\u00e4chsvideos, in denen ein Anwalt in der Erscheinung eines VTubers auftritt, einer freundlichen Figur mit hohem Fachwissen.<\/p>\n\t\t<p class=\"mgb-small\">Wir liefern jedes Mal rechtliches Wissen f\u00fcr japanische YouTuber aus verschiedenen Blickwinkeln, daher empfehlen wir unseren Kanal, wenn Sie bereits einen Kanal betreiben oder dies in Japan tun m\u00f6chten.<\/p>\n\t\t<p>Wir erkennen an, dass Anw\u00e4lte, die YouTubern und YouTube-bezogenen Gesch\u00e4ftsbetreibern helfen, mehr als nur Kenntnisse der abstrakten Rechtstheorie ben\u00f6tigen. Ein tiefes Verst\u00e4ndnis und Kenntnisse der YouTube-Plattform sind entscheidend, um effektive rechtliche Unterst\u00fctzung in diesem Bereich zu bieten.<\/p>\n\t<\/div>\n\t<\/div>\n\t<\/div>\n<\/section>\n\n<section class=\"white-section\">\n\t<div id=\"manda-of-sns\"><\/div>\n\t<div class=\"section-inner\">\n\t<div class=\"flex\">\n\t<div class=\"width41\"><img decoding=\"async\" src=\"\/wp-content\/themes\/monolith2021\/img\/pic\/pic_sns_manda.jpg\" alt=\"M&amp;A of SNS\" \/><\/div>\n\t<div class=\"width51\">\n\t<h3>M&amp;A von SNS<\/h3>\n\t\t<p class=\"mgb-small\">YouTube-Kan\u00e4le und Twitter-Konten sowie Websites unterliegen M&amp;A. Aufgrund der spezifischen Merkmale dieser M&amp;A ist jedoch eine Anwaltskanzlei mit spezialisiertem Wissen und Erfahrung auf dem japanischen Markt unerl\u00e4sslich.<\/p>\n\t\t<p class=\"mgb-middle\">Von kleinen Betr\u00e4gen bis hin zu Gesch\u00e4ften \u00fcber 100 Millionen Yen hat die MONOLITH LAW OFFICE zahlreiche M&amp;A-Transaktionen als Anwaltskanzlei mit starker Expertise im IT-Gesch\u00e4ft abgewickelt. Wir unterst\u00fctzen Sie in jedem Schritt des Prozesses, von der Vertragsentwurf bis zur Durchf\u00fchrung der Due Diligence (DD) f\u00fcr YouTube-Kan\u00e4le und andere Gesch\u00e4fte.<\/p>\n\t<\/div>\n\t<\/div>\n\t<\/div>\n<\/section>\n\n<section class=\"purple-section\">\n\t<div id=\"IT\"><\/div>\n\t<div class=\"section-inner\">\n\t<div class=\"flex reverse\">\n\t<div class=\"width41\"><img decoding=\"async\" src=\"\/wp-content\/themes\/monolith2021\/img\/pic\/pic_practices-itlaw.jpg\" alt=\"IT\" \/><\/div>\n\t<div class=\"width51\">\n\t\t<h3>IT<\/h3>\n\t\t<p class=\"mgb-middle\">Die Systementwicklung im Bereich der VTuber ist beispielsweise ein \u00e4u\u00dferst spezialisiertes Gebiet in Japan. Kenntnisse \u00fcber geistiges Eigentum sind unerl\u00e4sslich, um die Handhabung von Videos, Bildern und Produktionen, die bei der Betreibung von SNS auftreten, zu kontrollieren. Unsere repr\u00e4sentativen Anw\u00e4lte haben Erfahrung als IT-Ingenieure und bieten Dienstleistungen zur Streitbeilegung und zur Verhinderung von Problemen bei der Systementwicklung an. MONOLITH LAW OFFICE bietet hochspezialisierte rechtliche Unterst\u00fctzung im Bereich IT und geistiges Eigentum f\u00fcr zahlreiche Unternehmen, einschlie\u00dflich der an der Tokyo Stock Exchange gelisteten Unternehmen in Japan.<\/p>\n\t\t<div class=\"btn-area align-left\">\n\t\t\t<div class=\"btn icon-it\"><a href=\"\/de\/it\">IT<\/a><\/div>\n\t\t<\/div>\n\t<\/div>\n\t<\/div>\n\t<\/div>\n<\/section>\n\n<section class=\"white-section\">\n\t<div id=\"countermeasures-against-reputational-damage\"><\/div>\n\t<div class=\"section-inner\">\n\t<div class=\"flex\">\n\t<div class=\"width41\"><img decoding=\"async\" src=\"\/wp-content\/themes\/monolith2021\/img\/pic\/pic_practices-reputation.jpg\" alt=\"Gegenma\u00dfnahmen gegen Rufsch\u00e4digung\" \/><\/div>\n\t<div class=\"width51\">\n\t\t<h3>Gegenma\u00dfnahmen bei Rufsch\u00e4digung<\/h3>\n\t\t<p class=\"mgb-small\">Mit zunehmender Zuschauerzahl k\u00f6nnen YouTuber und VTuber im Internet Rufsch\u00e4digungen erleiden. Wir sind jedoch der Meinung, dass stets Ma\u00dfnahmen gegen \u00fcberm\u00e4\u00dfige Verleumdungen und den Informationsleck von pers\u00f6nlichen Daten ergriffen werden sollten.<\/p>\n\t\t<p class=\"mgb-middle\">Unsere Kanzlei verf\u00fcgt \u00fcber umfangreiche Erfahrung und Expertise in der Entfernung und Identifizierung von Autoren von Ger\u00fcchten im Internet. Wir haben zahlreiche Anfragen von Kunden erhalten, die von an der TSE erstklassig gelisteten Unternehmen bis hin zu Einzelpersonen reichen, was unser Engagement zum Schutz des Rufs von YouTubern und VTubern in Japan zeigt.<\/p>\n\t<\/div>\n\t<\/div>\n\t<\/div>\n<\/section>\n\n<section class=\"orange-section\">\n\t<div class=\"anchor\" id=\"writings-and-other-activities\"><\/div>\n\t<div class=\"section-inner\">\n\t\t<div class=\"frame2 max-width860 txt-center-pc\">\n\t\t\t<p class=\"bold txt-l mgb-small\">Schriften und andere Aktivit\u00e4ten im Zusammenhang mit YouTuber\/VTuber-Rechtsangelegenheiten<\/p>\n\t\t\t<p>Die Rechtsangelegenheiten von YouTubern und VTubern sind hochspezialisierte Bereiche.<br>Unser Gr\u00fcndungsanwalt, Toki Kawase, beteiligt sich an Schriften und anderen Aktivit\u00e4ten in diesen Bereichen.<\/p>\n\t\t<\/div>\n\t<\/div>\n<\/section>\n\n<section class=\"white-section\">\n\t<div class=\"section-inner\">\n\t\t<div class=\"flex reverse\">\n\t\t\t<div class=\"width41\"><img decoding=\"async\" src=\"\/wp-content\/uploads\/2022\/11\/it_law_book.jpg\"><\/div>\n\t\t\t<div class=\"width51\">\n\t\t\t\t<h3>Ver\u00f6ffentlichungen als Anwalt mit Spezialisierung auf Rechtsfragen von YouTubern und VTubern<\/h3>\n\t\t\t\t<p class=\"mgb-small\">Unser Gr\u00fcndungsanwalt hat das Buch &#8220;IT-Anwalt, bitte erz\u00e4hlen Sie mir \u00fcber YouTuber-Gesetze und Nutzungsbedingungen&#8221; ver\u00f6ffentlicht, in dem verschiedene rechtliche Fragen rund um japanische YouTuber in einem Frage- und Antwortformat diskutiert werden. Einige der diskutierten Themen sind &#8220;Ist Stealth-Marketing ein Versto\u00df gegen das Gesetz?&#8221;, &#8220;Ist es notwendig, Autokennzeichen zu verwischen?&#8221; und so weiter.<\/p>\n\t\t\t\t<p>Eine weitere Ver\u00f6ffentlichung ist &#8220;Ein Leitfaden zu YouTube-bezogenen Gesetzen f\u00fcr Rechtsprofis&#8221;, ein praktisches Handbuch zu Rechtsfragen von YouTubern, f\u00fcr Anw\u00e4lte und PR-Agenten von Unternehmen.<\/p>\n\t\t\t<\/div>\n\t\t<\/div>\n\t<\/div>\n<\/section>\n\n<section class=\"white-section\">\n\t<div class=\"section-inner\">\n\t\t<div class=\"flex\">\n\t\t\t<div class=\"width41\"><img decoding=\"async\" src=\"\/wp-content\/themes\/monolith2021\/img\/practices-youtuberlaw\/practices-youtuberlaw_pic2.jpg\"><\/div>\n\t\t\t<div class=\"width51\">\n\t\t\t\t<h3>Unser Gr\u00fcndungsanwalt war zu Gast bei &#8220;ABEMA Prime&#8221;<\/h3>\n\t\t\t\t<p class=\"mgb-small\">Unser Gr\u00fcndungsanwalt war zu Gast in der Sendung &#8220;ABEMA Prime&#8221;, einer der beliebtesten Live-Streaming-Shows in Japan. <br>Er trat als Anwalt mit Fachwissen in rechtlichen Fragen im Zusammenhang mit YouTubern und VTubern auf.<\/p>\n\t\t\t\t<p>16. Februar 2022: Rechtliche Fragen wie die Privatsph\u00e4re von VTubern<br>20. Mai 2022: Rechtliche Fragen im Zusammenhang mit schweren Gegenreaktionen auf Influencer<\/p>\n\t\t\t<\/div>\n\t\t<\/div>\n\t<\/div>\n<\/section>\n\n<section class=\"white-section\">\n\t<div id=\"examples-of-our-clients\"><\/div>\n\t<div class=\"section-inner\">\n\t<h3>Beispiele f\u00fcr YouTuber und VTuber als Mandanten der MONOLITH LAW OFFICE<\/h3>\n\t<ul class=\"layout-column4 mgb-middle\">\n\t \t<li>\n\t\t\t<div><img decoding=\"async\" src=\"\/wp-content\/themes\/monolith2021\/img\/practices-youtuberlaw\/practices-youtuberlaw_client_pic1.jpg\" alt=\"Carry On Inc.\" \/><\/div>\n\t\t\t<h4><a href=\"https:\/\/carry0n.co.jp\/\" target=\"_blank\" rel=\"noopener noreferrer\">Carry On Inc.<\/a><\/h4>\n\t\t\tWir arbeiten seit kurz nach der Gr\u00fcndung von Carry On Inc. an Projekten f\u00fcr das Unternehmen, zu denen beliebte YouTuber wie Kimagure Cook, Bryan, Channel Gado Man und viele andere Kreative geh\u00f6ren.\n\t\t<\/li>\n\t \t<li>\n\t\t\t<div><img decoding=\"async\" src=\"\/wp-content\/themes\/monolith2021\/img\/practices-youtuberlaw\/practices-youtuberlaw_client_pic2.jpg\" alt=\"Tenchim\" \/><\/div>\n\t\t\t<h4><a href=\"https:\/\/www.youtube.com\/channel\/UCXzU-b8I0Y_fhMkLQMYt3vA\" target=\"_blank\" rel=\"noopener noreferrer\">Tenchim<\/a><\/h4>\n\t\t\tWir arbeiten an einem Projekt f\u00fcr Tenchim, eine Bloggerin, TV-Pers\u00f6nlichkeit und Model, die den Kanal &#8220;Tenchim CH\/tenchim&#8221; betreibt.\n\t\t<\/li>\n\t \t<li>\n\t\t\t<div><img decoding=\"async\" src=\"\/wp-content\/themes\/monolith2021\/img\/practices-youtuberlaw\/practices-youtuberlaw_client_pic3.png\" alt=\"Mirai Akari\" \/><\/div>\n\t\t\t<h4><a href=\"https:\/\/akari-mir.ai\/\" target=\"_blank\" rel=\"noopener noreferrer\">Mirai Akari<\/a><\/h4>\n\t\t\tWir arbeiten seit 2016 an Projekten f\u00fcr die ZIZAI Corporation, noch bevor ihr VTuber Mirai Akari 2017 deb\u00fctierte.\n\t\t<\/li>\n\t \t<li>\n\t\t\t<div><img decoding=\"async\" src=\"\/wp-content\/themes\/monolith2021\/img\/practices-youtuberlaw\/practices-youtuberlaw_client_pic4.png\" alt=\"Teiko Penguin\" \/><\/div>\n\t\t\t<h4><a href=\"https:\/\/www.youtube.com\/channel\/UCUTgXNqRBqR33D5q10DfQXw\" target=\"_blank\" rel=\"noopener noreferrer\">Teiko Penguin<\/a><\/h4>\n\t\t\tWir arbeiten seit 2018 an Projekten f\u00fcr die Plott Corporation, den Betreiber des animierten YouTube-Kanals &#8220;Teiko Penguin&#8221;, noch bevor der Kanal gestartet wurde.\n\t\t<\/li>\n\t<\/ul>\n\t<p class=\"txt-s\">*Dies ist eine teilweise Liste von Unternehmen, die uns die Erlaubnis gegeben haben, zu offenbaren, dass sie unsere Mandanten sind, oder die als Direktoren registriert sind.<br>Tats\u00e4chlich arbeiten wir an Projekten f\u00fcr viele Mandanten, einschlie\u00dflich freiberuflicher YouTuber.<br>Grunds\u00e4tzlich halten wir Ihre Identit\u00e4t unter einer Vertraulichkeitsvereinbarung geheim.<\/p>\n\t<\/div>\n<\/section>\n\n<section class=\"purple2-section\">\n\t<div class=\"anchor\" id=\"monolith-law-magazine\"><\/div>\n\t<div class=\"section-inner\">\n\t\t    <section class=\"white-section temp-article\">\n        <div class=\"section-inner\">\n            <h4>MONOLITH LAW MAGAZINE<\/h4>\n            <div class=\"articles type_practice_column\">\n                                                                    <div class=\"article article-area\">\n                        <figure>\n                            <div class=\"img-wrap\">\n                                <img alt=\"Was sind die wichtigen Punkte der YouTube-Nutzungsbedingungen, auf die man bei Let's-Play-Videos achten sollte?\" src=\"https:\/\/monolith.law\/de\/wp-content\/uploads\/sites\/14\/2024\/07\/Shutterstock_2091406600.webp\" width=\"500\" height=\"250\">\n                            <\/div>\n                            <figcaption>\n                                <div class=\"figcaption-inner\">\n                                    <h3>Was sind die wichtigen Punkte der YouTube-Nutzungsbedingungen, auf die man bei L.<\/h3>\n                                <\/div>\n                            <\/figcaption>\n                            <a href=\"https:\/\/monolith.law\/de\/internet\/youtube-game-play-videos\"><\/a>\n                        <\/figure>\n                    <\/div>\n                                                    <div class=\"article article-area\">\n                        <figure>\n                            <div class=\"img-wrap\">\n                                <img alt=\"Was sind die f\u00fcnf verbotenen Dinge in den 'YouTube-Community-Richtlinien'? Wissenswertes, um eine Account-Sperrung zu vermeiden\" src=\"https:\/\/monolith.law\/de\/wp-content\/uploads\/sites\/14\/2024\/04\/Shutterstock_246432538.webp\" width=\"500\" height=\"250\">\n                            <\/div>\n                            <figcaption>\n                                <div class=\"figcaption-inner\">\n                                    <h3>Was sind die f\u00fcnf verbotenen Dinge in den 'YouTube-Community-Richtlinien'? Wisse.<\/h3>\n                                <\/div>\n                            <\/figcaption>\n                            <a href=\"https:\/\/monolith.law\/de\/internet\/youtube-community-guidelines-prohibitions\"><\/a>\n                        <\/figure>\n                    <\/div>\n                                                    <div class=\"article article-area\">\n                        <figure>\n                            <div class=\"img-wrap\">\n                                <img alt=\"Unbefugte Aufnahmen und Ver\u00f6ffentlichungen: Inwieweit sind sie rechtlich zul\u00e4ssig? Erl\u00e4uterung von vier Diskussionspunkten\" src=\"https:\/\/monolith.law\/de\/wp-content\/uploads\/sites\/14\/2024\/04\/Shutterstock_1830157235.webp\" width=\"500\" height=\"250\">\n                            <\/div>\n                            <figcaption>\n                                <div class=\"figcaption-inner\">\n                                    <h3>Unbefugte Aufnahmen und Ver\u00f6ffentlichungen: Inwieweit sind sie rechtlich zul\u00e4ssi.<\/h3>\n                                <\/div>\n                            <\/figcaption>\n                            <a href=\"https:\/\/monolith.law\/de\/internet\/copyright-permission-photograph\"><\/a>\n                        <\/figure>\n                    <\/div>\n                                            <\/div>\n            <div class=\"btn-more\"><a href=\"https:\/\/monolith.law\/de\/tag\/legal-support-for-youtuber\">Read More<\/a><\/div>\n        <\/div>\n    <\/section>\n\t<\/div>\n<\/section>\n\n<section class=\"orange2-section\">\n\t<div class=\"anchor\" id=\"fee-structure\"><\/div>\n\t<div class=\"section-inner\">\n\t<div class=\"planWrap\">\n\t<h3>Geb\u00fchrenstruktur<\/h3>\n\t<ul class=\"plan\">\n\t\t<li class=\"txt-left\">\n\t\t\t<div class=\"plan-inner\">\n\t\t\t<div class=\"plan-header\">\n\t\t\t<h4 class=\"plan-title\">Stundensatz<\/h4>\n\t\t\t<div class=\"plan-price\"><span class=\"price-figure\">$300<\/span>pro Stunde<span class=\"price-tax\"><\/span><\/div>\n\t\t\t<\/div>\n\t\t\t<div class=\"plan-body\">In bestimmten F\u00e4llen k\u00f6nnen wir die \u00dcbernahme eines Streitfalls oder einer Klage mit einer Anfangsgeb\u00fchr und einer erfolgsabh\u00e4ngigen Verg\u00fctung in Betracht ziehen. F\u00fcr weitere Details stehen wir Ihnen gerne zur Verf\u00fcgung. Bitte z\u00f6gern Sie nicht, uns zu kontaktieren.<\/div>\n\t\t\t<\/div>\n\t\t<\/li>\n\t\t<li class=\"txt-left\">\n\t\t\t<div class=\"plan-inner\">\n\t\t\t<div class=\"plan-header\">\n\t\t\t<h4 class=\"plan-title\">Vertragsentwurf<\/h4>\n\t\t\t<div class=\"plan-price\"><span class=\"price-value\">ab<\/span><span class=\"price-figure\">$500<\/span><span class=\"price-value\">bis $2.000 oder mehr<\/span><span class=\"price-tax\"><\/span><\/div>\n\t\t\t<\/div>\n\t\t\t<div class=\"plan-body\">Die Preisstruktur kann je nach Art und Umfang der Vertr\u00e4ge variieren. Wir bieten Ihnen gerne eine vorl\u00e4ufige Kostensch\u00e4tzung auf Anfrage an, daher laden wir Sie ein, sich f\u00fcr weitere Einzelheiten an uns zu wenden.<\/div>\n\t\t\t<\/div>\n\t\t<\/li>\n\t\t<li class=\"txt-left\">\n\t\t\t<div class=\"plan-inner\">\n\t\t\t<div class=\"plan-header\">\n\t\t\t<h4 class=\"plan-title\">Weitere Dienstleistungen<\/h4>\n\t\t\t<div class=\"plan-price\"><span class=\"price-figure\">Kontaktieren Sie uns<\/span><\/div>\n\t\t\t<\/div>\n\t\t\t<div class=\"plan-body\">Wir bieten eine breite Palette von Dienstleistungen an, einschlie\u00dflich Unternehmensgr\u00fcndung, Vertragspr\u00fcfung, Rechtsgutachten, Fallpr\u00fcfung oder Forschungsschreiben. Sollten Sie Fragen oder Bedenken haben, laden wir Sie herzlich ein, uns zu kontaktieren, und unser kompetentes Team wird Ihnen gerne behilflich sein.<\/div>\n\t\t\t<\/div>\n\t\t\t<\/div>\n\t\t<\/li>\n\t<\/ul>\n\t<\/div>\n\t<\/div>\n<\/section>\n\n<section class=\"white-section\">\n\t<div class=\"section-inner\">\n\t\t<div class=\"btn-area\">\n\t\t\t<div class=\"btn icon-contact\"><a href=\"\/de\/contact\">Kontaktieren Sie uns<\/a><\/div>\n\t\t<\/div>\n\t<\/div>\n<\/section>\n","protected":false},"excerpt":{"rendered":"<p>Rechtliche Unterst\u00fctzung f\u00fcr YouTuber Das Management von Online-Influencern erfordert Know-how, das sich von dem der traditionellen Unterhaltungsproduktion und Medienverwaltung unterscheidet. Wir vers [&hellip;]<\/p>\n","protected":false},"author":26,"featured_media":57171,"parent":0,"menu_order":0,"comment_status":"closed","ping_status":"closed","template":"non-other-page-temp.php","meta":{"footnotes":""},"acf":[],"_links":{"self":[{"href":"https:\/\/monolith.law\/de\/wp-json\/wp\/v2\/pages\/55833"}],"collection":[{"href":"https:\/\/monolith.law\/de\/wp-json\/wp\/v2\/pages"}],"about":[{"href":"https:\/\/monolith.law\/de\/wp-json\/wp\/v2\/types\/page"}],"author":[{"embeddable":true,"href":"https:\/\/monolith.law\/de\/wp-json\/wp\/v2\/users\/26"}],"replies":[{"embeddable":true,"href":"https:\/\/monolith.law\/de\/wp-json\/wp\/v2\/comments?post=55833"}],"version-history":[{"count":25,"href":"https:\/\/monolith.law\/de\/wp-json\/wp\/v2\/pages\/55833\/revisions"}],"predecessor-version":[{"id":69890,"href":"https:\/\/monolith.law\/de\/wp-json\/wp\/v2\/pages\/55833\/revisions\/69890"}],"wp:featuredmedia":[{"embeddable":true,"href":"https:\/\/monolith.law\/de\/wp-json\/wp\/v2\/media\/57171"}],"wp:attachment":[{"href":"https:\/\/monolith.law\/de\/wp-json\/wp\/v2\/media?parent=55833"}],"curies":[{"name":"wp","href":"https:\/\/api.w.org\/{rel}","templated":true}]}}