{"id":56075,"date":"2023-06-16T00:50:40","date_gmt":"2023-06-15T15:50:40","guid":{"rendered":"https:\/\/monolith.law\/en\/?page_id=56075"},"modified":"2023-12-13T19:07:21","modified_gmt":"2023-12-13T10:07:21","slug":"it","status":"publish","type":"page","link":"https:\/\/monolith.law\/de\/it","title":{"rendered":"IT"},"content":{"rendered":"\n<section class=\"heading-area\">\n\t<div class=\"heading-area-inner\">\n\t\t<h2 class=\"icon-it\">IT<\/h2>\n\t\t<p>In einer Gesellschaft, in der Technologie sich rasant weiterentwickelt, ist ein tiefes Verst\u00e4ndnis der IT und des geistigen Eigentums eines Unternehmens f\u00fcr Unternehmensanw\u00e4lte in Japan unerl\u00e4sslich. Unsere St\u00e4rke liegt in unserem Team von Spezialisten auf diesem Gebiet.<\/p>\n\t<\/div>\n<\/section>\n\n<section class=\"white-section\">\n\t<div class=\"section-inner pdt0  border-bottom-section\">\n\t\t<p>F\u00fcr Anw\u00e4lte von IT-Unternehmen ist es wichtig, die Technologie und die Gesch\u00e4ftsabl\u00e4ufe im Zusammenhang mit IT und geistigem Eigentum im t\u00e4glichen Gesch\u00e4ft des Unternehmens zu verstehen. Ohne Kenntnisse und Verst\u00e4ndnis von IT ist es unm\u00f6glich, Vertr\u00e4ge und andere Dokumente, die mit den gehandelten Produkten zusammenh\u00e4ngen und f\u00fcr Unternehmen von gr\u00f6\u00dfter Bedeutung sind, sorgf\u00e4ltig zu pr\u00fcfen, noch ist es m\u00f6glich, auf Probleme zu reagieren und diese zu verhindern, sollten sie auftreten. MONOLITH LAW OFFICE bearbeitet nicht nur F\u00e4lle von Start-up-Unternehmen und b\u00f6rsennotierten Unternehmen, die auf IT spezialisiert sind, sondern auch IT- und Internetf\u00e4lle von Nicht-IT-Unternehmen als beauftragter Anwalt f\u00fcr IT und geistiges Eigentum.<\/p>\n\t<\/div>\n<\/section>\n\n\n<section class=\"white-section\">\n\t<div class=\"section-inner\">\n\t\t<h3 class=\"ttl-white\">Heute ist IT in jedem Aspekt der Unternehmensaktivit\u00e4ten pr\u00e4sent<\/h3>\n\t\t<ul class=\"layout-column4\">\n\t\t\t<li>\n\t\t\t\t<h4>F\u00fcr das Gastst\u00e4ttengewerbe<\/h4>\n\t\t\t\t<div><img decoding=\"async\" src=\"\/wp-content\/themes\/monolith2021\/img\/practices-itlaw\/practices-itlaw_illust1.png\"><\/div>\n\t\t\t\t<p>Kundenakquise durch <span class=\"bold\">Web-Marketing<\/span> erfordert die Auslagerung von IT-Dienstleistungen und IT-Unternehmen.<\/p>\n\t\t\t<\/li>\n\t\t\t<li>\n\t\t\t\t<h4>F\u00fcr die Fertigungsindustrie<\/h4>\n\t\t\t\t<div><img decoding=\"async\" src=\"\/wp-content\/themes\/monolith2021\/img\/practices-itlaw\/practices-itlaw_illust2.png\"><\/div>\n\t\t\t\t<p>Die kontinuierliche Entwicklung von <span class=\"bold\">IT-basierten Informationen<\/span> ist wesentlich f\u00fcr das Produktionsmanagement.<\/p>\n\t\t\t<\/li>\n\t\t\t<li>\n\t\t\t\t<h4>F\u00fcr E-Commerce-Unternehmen<\/h4>\n\t\t\t\t<div><img decoding=\"async\" src=\"\/wp-content\/themes\/monolith2021\/img\/practices-itlaw\/practices-itlaw_illust3.png\"><\/div>\n\t\t\t\t<p>Die Verwaltung von E-Commerce-Websites und <span class=\"bold\">Web-Media-Marketing-Operationen<\/span> geh\u00f6ren ebenfalls zu unserem IT-bezogenen Gesch\u00e4ft.<\/p>\n\t\t\t<\/li>\n\t\t\t<li>\n\t\t\t\t<h4>F\u00fcr die Unterhaltungsindustrie<\/h4>\n\t\t\t\t<div><img decoding=\"async\" src=\"\/wp-content\/themes\/monolith2021\/img\/practices-itlaw\/practices-itlaw_illust4.png\"><\/div>\n\t\t\t\t<p>Das Internet ist unerl\u00e4sslich f\u00fcr <span class=\"bold\">Medienmanagement und Content-Vertrieb<\/span>.<\/p>\n\t\t\t<\/li>\n\t\t<\/ul>\n\t<\/div>\n<\/section>\n\n<section class=\"white-section\">\n\t<div class=\"section-inner pdt0\">\n\t\t<p class=\"txt-l txt-center mgb-middle\">Unsere Kanzlei nutzt die Erfahrung unseres Managing Attorney, Toki Kawase, der ein ehemaliger IT-Ingenieur ist.<br>Weil wir <span class=\"bold\">eine Kanzlei mit St\u00e4rken im japanischen IT-\/IP-Recht<\/span> sind<\/p>\n\t\t<div class=\"frame2 max-width860 txt-center-pc\">\n\t\t\t<p class=\"txt-l\"><span class=\"bold\">Wir k\u00f6nnen alle rechtlichen Angelegenheiten f\u00fcr IT- und Start-up-Unternehmen bearbeiten.<br>F\u00fcr Unternehmen, die nicht haupts\u00e4chlich im IT-Bereich t\u00e4tig sind, agieren wir als<br>&#8220;IT-\/IP-Rechtsberatungsanw\u00e4lte&#8221;.<\/p>\n\t\t<\/div>\n\t<\/div>\n<\/section>\n\n<section class=\"second-nav\">\n\t<div class=\"second-nav-inner\">\n\t\t<p>THEMEN<\/p>\n\t\t<nav>\n\t\t\t<ul>\n\t\t\t\t<li><a href=\"#system-development\">Systementwicklung<\/a><\/li>\n\t\t\t\t<li><a href=\"#terms-of-use\">Nutzungsbedingungen<\/a><\/li>\n\t\t\t\t<li><a href=\"#crypto-assets-and-blockchain\">Krypto-Assets und Blockchain<\/a><\/li>\n\t\t\t\t<li><a href=\"#ai-chatgpt-etc\">KI (ChatGPT usw.)<\/a><\/li>\n\t\t\t\t<li><a href=\"#games\">Spiele<\/a><\/li>\n\t\t\t\t<li><a href=\"#swift-and-efficient-tech-legal-analysis\">Schnelle und effiziente technisch-rechtliche Analyse<\/a><\/li>\n\t\t\t\t<li><a href=\"#intellectual-property-rights\">Geistiges Eigentum<\/a><\/li>\n\t\t\t\t<li><a href=\"#domain-name-disputes\">Domain-Namensstreitigkeiten<\/a><\/li>\n\t\t\t\t<li><a href=\"#e-commerce\">E-Commerce<\/a><\/li>\n\t\t\t\t<li><a href=\"#medical-law\">Medizinrecht<\/a><\/li>\n\t\t\t\t<li><a href=\"#cybercrime\">Cyberkriminalit\u00e4t<\/a><\/li>\n\t\t\t\t<li><a href=\"#monolith-law-magazine\">MONOLITH LAW MAGAZINE<\/a><\/li>\n\t\t\t\t<li><a href=\"#fee-structure\">Geb\u00fchrenstruktur<\/a><\/li>\n\t\t\t<\/ul>\n\t\t<\/nav>\n\t<\/div>\n<\/section>\n\n\n<section class=\"white-section\">\n\t<div class=\"anchor\" id=\"system-development\"><\/div>\n\t<div class=\"section-inner\">\n\t\t<div class=\"flex\">\n\t\t\t<div class=\"width41\"><img decoding=\"async\" src=\"\/wp-content\/themes\/monolith2021\/img\/practices-itlaw\/practices-itlaw_pic1.jpg\" alt=\"Systementwicklung\"><\/div>\n\t\t\t<div class=\"width51\">\n\t\t\t\t<h3>Systementwicklung<\/h3>\n\t\t\t\t<p class=\"mgb-middle\">Wir sind eine Anwaltskanzlei, die von einem ehemaligen IT-Ingenieur geleitet wird und sich auf Fragen der Systementwicklung spezialisiert hat, von der Erstellung, \u00dcberarbeitung und Verhandlung von Vertr\u00e4gen bis zur Beilegung von Streitigkeiten. Wir erstellen auch Vertr\u00e4ge von Grund auf neu, basierend auf vorhandenen Materialien wie Vorschlagsdokumenten, mit minimalen Interviews mit dem Kunden.<\/p>\n\t\t\t\t<div class=\"btn-area align-left\">\n\t\t\t\t\t<div class=\"btn icon-system-development\"><a href=\"\/de\/system-development\">Systementwicklung<\/a><\/div>\n\t\t\t\t<\/div>\n\t\t\t<\/div>\n\t\t<\/div>\n\t<\/div>\n<\/section>\n\n<section class=\"orange-section\">\n\t<div class=\"anchor\" id=\"terms-of-use\"><\/div>\n\t<div class=\"section-inner\">\n\t\t<div class=\"flex reverse\">\n\t\t\t<div class=\"width41\"><img decoding=\"async\" src=\"\/wp-content\/themes\/monolith2021\/img\/practices-itlaw\/practices-itlaw_pic2.jpg\" alt=\"\u00dcberpr\u00fcfung der Nutzungsbedingungen f\u00fcr Apps\"><\/div>\n\t\t\t<div class=\"width51\">\n\t\t\t\t<h3>Nutzungsbedingungen<\/h3>\n\t\t\t\t<p class=\"mgb-middle\">Die MONOLITH LAW OFFICE befasst sich mit der Erstellung und \u00dcberpr\u00fcfung von Nutzungsbedingungen und Datenschutzrichtlinien f\u00fcr verschiedene Apps, Dienstleistungen und Spiele in Japan. Dar\u00fcber hinaus k\u00f6nnen wir Ihre Anforderungsdefinitionen f\u00fcr die entsprechende App-Entwicklung, Adobe XD-Frameworks, Landing Pages, Verkaufsmaterialien f\u00fcr potenzielle Kunden und andere bestehende Dokumente und Daten lesen und verstehen.<\/p>\n\t\t\t\t<div class=\"btn-area align-left\">\n\t\t\t\t\t<div class=\"btn icon-terms-of-use\"><a href=\"\/de\/terms-of-use\">Nutzungsbedingungen<\/a><\/div>\n\t\t\t\t<\/div>\n\t\t\t<\/div>\n\t\t<\/div>\n\t<\/div>\n<\/section>\n\n<section class=\"white-section\">\n\t<div class=\"anchor\" id=\"crypto-assets-and-blockchain\"><\/div>\n\t<div class=\"section-inner\">\n\t\t<div class=\"flex\">\n\t\t\t<div class=\"width41\"><img decoding=\"async\" src=\"\/wp-content\/uploads\/2022\/07\/shutterstock_1151380622_2.png\" alt=\"Krypto-Assets und Blockchain\"><\/div>\n\t\t\t<div class=\"width51\">\n\t\t\t\t<h3>Krypto-Assets und Blockchain<\/h3>\n\t\t\t\t<p class=\"mgb-middle\">Blockchains sind dezentralisierte Datenbanken, die ein extrem geringes Risiko eines Datenverlusts aufweisen, es erschweren, vergangene Aufzeichnungen zu f\u00e4lschen, und durch IT-Techniken wie Konsensalgorithmen, Kryptographie und P2P-Netzwerke erm\u00f6glicht werden. Die MONOLITH LAW OFFICE ist seit kurz nach ihrer Gr\u00fcndung im Jahr 2017 (Heisei 29) in der rechtlichen Arbeit mit Krypto-Assets und Blockchain t\u00e4tig.<\/p>\n\t\t\t\t<div class=\"btn-area align-left\">\n\t\t\t\t\t<div class=\"btn icon-crypto-asset-and-blockchain\"><a href=\"\/de\/crypto-asset-and-blockchain\">Krypto-Assets<br>und Blockchain<\/a><\/div>\n\t\t\t\t<\/div>\n\t\t\t<\/div>\n\t\t<\/div>\n\t<\/div>\n<\/section>\n\n<section class=\"purple-section\">\n\t<div class=\"anchor\" id=\"ai-chatgpt-etc\"><\/div>\n\t<div class=\"section-inner\">\n\t\t<div class=\"flex reverse\">\n\t\t\t<div class=\"width41\"><img decoding=\"async\" src=\"\/wp-content\/themes\/monolith2021\/img\/practices-itlaw\/practices-itlaw_pic5.jpg\" alt=\"AI (ChatGPT, etc.)\"><\/div>\n\t\t\t<div class=\"width51\">\n\t\t\t\t<h3>AI (ChatGPT, usw.)<\/h3>\n\t\t\t\t<p class=\"mgb-small\">Wir bieten rechtliche \u00dcberpr\u00fcfungen, Vertragsabwicklung und Unterst\u00fctzung bei beh\u00f6rdlichen Meldungen f\u00fcr Bild- und nat\u00fcrliche Sprach-KI-Dienste und Fragen im Zusammenhang mit Urheberrechtsgesetz, Datenschutzgesetz usw., auf Anfrage von IT-Startups und Gesch\u00e4ftsunternehmen an.<\/p>\n\t\t\t\t<p class=\"mgb-middle\">In bestimmten F\u00e4llen untersuchen wir technische Dokumente und Quellcodes, um den genauen Betrieb der Bibliothek zu verstehen, bevor wir die Rechtm\u00e4\u00dfigkeit des Dienstes und das f\u00fcr seinen legalen Betrieb in Japan notwendige System bewerten.<\/p>\n\t\t\t\t<div class=\"btn-area align-left\">\n\t\t\t\t\t<div class=\"btn icon-ai\"><a href=\"\/de\/ai\">AI (ChatGPT, usw.)<\/a><\/div>\n\t\t\t\t<\/div>\n\t\t\t<\/div>\n\t\t<\/div>\n\t<\/div>\n<\/section>\n\n<section class=\"white-section mgt-section \">\n\t<div class=\"anchor\" id=\"games\"><\/div>\n\t<div class=\"section-inner-black\">\n\t\t<h3>Spiele<\/h3>\n\t\t<p class=\"mgb-middle\"> In Japan regulieren mehrere Gesetze den Betrieb von Social Games, einschlie\u00dflich des Urheberrechtsgesetzes (Japanisches Urheberrechtsgesetz), des Gesetzes gegen ungerechtfertigte Pr\u00e4mien und irref\u00fchrende Darstellungen (Japanisches Gesetz gegen ungerechtfertigte Pr\u00e4mien und irref\u00fchrende Darstellungen), des Geldabwicklungsgesetzes (Japanisches Geldabwicklungsgesetz), des Verbrauchervertragsrechts (Japanisches Verbrauchervertragsrecht), des Gesetzes \u00fcber bestimmte Handelsgesch\u00e4fte (Japanisches Gesetz \u00fcber bestimmte Handelsgesch\u00e4fte) und des Telekommunikationsgesch\u00e4ftsgesetzes (Japanisches Telekommunikationsgesch\u00e4ftsgesetz).<br> Um Streitigkeiten und staatliche Strafen zu vermeiden, ist es notwendig, die gesetzlichen Vorschriften einzuhalten.<br> Unsere Kanzlei dient auch als Rechtsberater f\u00fcr Videospiele- und E-Sport-Unternehmen in Japan, was ein Verst\u00e4ndnis der Branche erfordert, um einen rechtm\u00e4\u00dfigen Betrieb zu gew\u00e4hrleisten.<\/p>\n\t<\/div>\n<\/section>\n\n<section class=\"white-section\">\n\t<div class=\"anchor\" id=\"swift-and-efficient-tech-legal-analysis\"><\/div>\n\t<div class=\"section-inner\">\n\t\t<div class=\"flex reverse\">\n\t\t\t<div class=\"width41\"><img decoding=\"async\" src=\"\/wp-content\/themes\/monolith2021\/img\/pic\/pic_draft.jpg\" alt=\"Entwurf mit minimaler Betriebszeit\"><\/div>\n\t\t\t<div class=\"width51\">\n\t\t\t\t<h3>Mindestzeit f\u00fcr die Erstellung<\/h3>\n\t\t\t\t<p class=\"mgb-middle\">Mit unserem Gesch\u00e4ftsf\u00fchrenden Anwalt, der ein ehemaliger IT-Ingenieur ist, und einem Team von IT-Beratern bietet unsere Kanzlei One-Stop-Technikanalyse- und Rechtspr\u00fcfungsdienste an, insbesondere f\u00fcr fortschrittliche Technologien wie AI.<\/p>\n\t\t\t\t<p>Die Rechtm\u00e4\u00dfigkeit von Dienstleistungen, die fortschrittliche Technologien, insbesondere AI, nutzen, kann nicht ohne ein technisches Verst\u00e4ndnis daf\u00fcr, wie solche Dienstleistungen funktionieren, bestimmt werden. Als One-Stop-Service k\u00f6nnen wir sowohl technische Analysen als auch rechtliche \u00dcberpr\u00fcfungen anbieten.<\/p>\n\t\t\t<\/div>\n\t\t<\/div>\n\t<\/div>\n<\/section>\n\n<section class=\"white-section mgb-section80\">\n\t<div class=\"anchor\" id=\"intellectual-property-rights\"><\/div>\n\t<div class=\"section-inner-black\">\n\t\t<h3>Geistiges Eigentum<\/h3>\n\t\t<p class=\"mgb-middle\">We handle IP strategy planning, contractual relations and litigation in both the IT and entertainment fields.\nIn the case of disputes, we also handle highly specialized litigation, such as litigation over patent ownership rights.<\/p>\n\t<\/div>\n<\/section>\n\n<section class=\"white-section mgt-section80\">\n\t<div class=\"anchor\" id=\"domain-name-disputes\"><\/div>\n\t<div class=\"section-inner-black\">\n\t\t<h3>Domain-Streitigkeiten<\/h3>\n\t\t<p class=\"mgb-middle\">We have expertise in handling domain names, intellectual property rights, and dispute resolution based on the JP Domain Name Dispute Resolution Policy (DRP) and litigation procedures using the Unfair Competition Prevention Act.\n<\/p>\n\t<\/div>\n<\/section>\n\n<section class=\"white-section\">\n\t<div class=\"anchor\" id=\"e-commerce\"><\/div>\n\t<div class=\"section-inner\">\n\t\t<div class=\"flex\">\n\t\t\t<div class=\"width41\"><img decoding=\"async\" src=\"\/wp-content\/themes\/monolith2021\/img\/practices-itlaw\/practices-itlaw_pic7.jpg\" alt=\"E-commerce\"><\/div>\n\t\t\t<div class=\"width51\">\n\t\t\t\t<h3>E-Commerce<\/h3>\n\t\t\t\t<p>Wir haben Erfahrung in der Beilegung verschiedener japanischer E-Commerce-Streitigkeiten, einschlie\u00dflich einstweiliger Verf\u00fcgungen gegen Marken- und Urheberrechtsverletzungen auf Plattformen wie Rakuten, Amazon und Yahoo!Shopping.<\/p>\n\t\t\t<\/div>\n\t\t<\/div>\n\t<\/div>\n<\/section>\n\n<section class=\"white-section mgb-section80\">\n\t<div class=\"anchor\" id=\"medical-law\"><\/div>\n\t<div class=\"section-inner-black\">\n\t\t<h3>Medizinrecht<\/h3>\n\t\t<p class=\"mgb-middle\">The intersection of laws related to medical care in Japan, such as the Pharmaceutical Affairs Act, Medical Service Act, and Medical Practitioners Act, with IT and the Internet, is a complex and specialized area.\nOur firm has medical-related legal specialists and a founding lawyer who is a former IT engineer, is well-versed in the industry.<\/p>\n\t\t<h4 class=\"mgb-middle\">Unsere Erfahrungen in medizinrechtlichen F\u00e4llen (Beispiele)<\/h4>\n\t\t<p class=\"mgb-middle\">Rechtliche \u00dcberpr\u00fcfung nach dem Arzneimittel- und Medizinproduktegesetz (PMD Act) und anderen Gesetzen bez\u00fcglich der LPs von Nahrungserg\u00e4nzungsmittel-Distributoren, rechtliche \u00dcberpr\u00fcfungen und Erstellung von Richtlinien nach dem PMD Act und anderen anwendbaren Gesetzen f\u00fcr medienbezogene Sch\u00f6nheitsprodukte, sowie die \u00dcberpr\u00fcfung der rechtlichen Legitimit\u00e4t neuer Gesch\u00e4ftsfelder in medizinischen Start-ups. Vertragsentwurf f\u00fcr gemeinsame Forschung mit Universit\u00e4ten f\u00fcr medizinische Start-ups. Rechtliche \u00dcberpr\u00fcfung und Erstellung von Nutzungsbedingungen f\u00fcr medizinische Informationskooperationsdienste. Erstellung von Beschreibungen des Spezifischen Handelsgesetzbuches usw. f\u00fcr den Vertrieb von Nahrungserg\u00e4nzungsmitteln.<\/p>\n\t<\/div>\n<\/section>\n\n<section class=\"white-section\">\n\t<div class=\"anchor\" id=\"cybercrime\"><\/div>\n\t<div class=\"section-inner\">\n\t\t<div class=\"flex reverse\">\n\t\t\t<div class=\"width41\"><img decoding=\"async\" src=\"\/wp-content\/uploads\/2023\/05\/dispute_pic2.jpg\" alt=\"Cyberkriminalit\u00e4t\"><\/div>\n\t\t\t<div class=\"width51\">\n\t\t\t\t<h3>Cyberkriminalit\u00e4t<\/h3>\n\t\t\t\t<p class=\"mgb-middle\">Um eine Untersuchung und Verhaftung durch die japanische Polizei in Bezug auf Vorf\u00e4lle wie unbefugten Zugriff, die in Japan auftreten, zu veranlassen, ist es effektiv, die Unterst\u00fctzung von Experten zu haben, die sich gut mit den japanischen Strafverfahren auskennen. Als eine Anwaltskanzlei mit Fachwissen in IT bieten wir rechtliche Unterst\u00fctzung f\u00fcr Unternehmen an, die Opfer von Cyberkriminalit\u00e4t wie unbefugtem Zugriff und illegaler Datenextraktion geworden sind, einschlie\u00dflich Unterst\u00fctzung bei der Einreichung von Strafanzeigen und Berichten zur Einleitung von strafrechtlichen Ermittlungen. Dies ist eines unserer Unterscheidungsmerkmale.<\/p>\n\t\t\t\t<div class=\"btn-area align-left\">\n\t\t\t\t\t<div class=\"btn icon-cybercrime\"><a href=\"\/de\/cybercrime\">Cyberkriminalit\u00e4t<\/a><\/div>\n\t\t\t\t<\/div>\n\t\t\t<\/div>\n\t\t<\/div>\n\t<\/div>\n<\/section>\n\n<section class=\"white-section\">\n\t<div class=\"section-inner pdt0\">\n\t\t<div class=\"frame2 max-width860 txt-center-pc\">\n\t\t\t<p class=\"bold txt-l\">Wir k\u00f6nnen auch als &#8220;zweiter Anwalt&#8221; f\u00fcr Ihr Unternehmen t\u00e4tig sein, indem wir unsere St\u00e4rken in einer separaten Kapazit\u00e4t von dem Hauptrechtsberater Ihres Unternehmens nutzen.<\/p>\n\t\t<\/div>\n\t<\/div>\n<\/section>\n\n<section class=\"purple2-section\">\n\t<div class=\"anchor\" id=\"monolith-law-magazine\"><\/div>\n\t<div class=\"section-inner\">\n\t\t    <section class=\"white-section temp-article\">\n        <div class=\"section-inner\">\n            <h4>MONOLITH LAW MAGAZINE<\/h4>\n            <div class=\"articles type_practice_column\">\n                                                                    <div class=\"article article-area\">\n                        <figure>\n                            <div class=\"img-wrap\">\n                                <img alt=\"Die EU-KI-Verordnung und die notwendigen Ma\u00dfnahmen f\u00fcr japanische Unternehmen\" src=\"https:\/\/monolith.law\/de\/wp-content\/uploads\/sites\/14\/2025\/08\/a1a29c01832a47f3d2c7dc6bfde10302.webp\" width=\"500\" height=\"250\">\n                            <\/div>\n                            <figcaption>\n                                <div class=\"figcaption-inner\">\n                                    <h3>Die EU-KI-Verordnung und die notwendigen Ma\u00dfnahmen f\u00fcr japanische Unternehmen<\/h3>\n                                <\/div>\n                            <\/figcaption>\n                            <a href=\"https:\/\/monolith.law\/de\/it\/eu-ai-act\"><\/a>\n                        <\/figure>\n                    <\/div>\n                                                    <div class=\"article article-area\">\n                        <figure>\n                            <div class=\"img-wrap\">\n                                <img alt=\"Ist die Vermittlung von Google-Bewertungen illegal? Eine Erkl\u00e4rung zum Verh\u00e4ltnis zum Gesetz gegen unlauteren Wettbewerb und den Strafen\" src=\"https:\/\/monolith.law\/de\/wp-content\/uploads\/sites\/14\/2025\/08\/18d044df35c4f42bb7e1507848a5e228.webp\" width=\"500\" height=\"250\">\n                            <\/div>\n                            <figcaption>\n                                <div class=\"figcaption-inner\">\n                                    <h3>Ist die Vermittlung von Google-Bewertungen illegal? Eine Erkl\u00e4rung zum Verh\u00e4ltni.<\/h3>\n                                <\/div>\n                            <\/figcaption>\n                            <a href=\"https:\/\/monolith.law\/de\/it\/google-review-agency\"><\/a>\n                        <\/figure>\n                    <\/div>\n                                                    <div class=\"article article-area\">\n                        <figure>\n                            <div class=\"img-wrap\">\n                                <img alt=\"Was ist AI-Governance, mit der sich Unternehmen auseinandersetzen sollten? Erl\u00e4uterung der Schl\u00fcsselpunkte basierend auf den \u201eAI-Dienstleister-Richtlinien\u201c\" src=\"https:\/\/monolith.law\/de\/wp-content\/uploads\/sites\/14\/2025\/08\/fc5bc7fb09bf3639183f3d32651cd70f.webp\" width=\"500\" height=\"250\">\n                            <\/div>\n                            <figcaption>\n                                <div class=\"figcaption-inner\">\n                                    <h3>Was ist AI-Governance, mit der sich Unternehmen auseinandersetzen sollten? Erl\u00e4u.<\/h3>\n                                <\/div>\n                            <\/figcaption>\n                            <a href=\"https:\/\/monolith.law\/de\/it\/ai-business-guidelines-governance\"><\/a>\n                        <\/figure>\n                    <\/div>\n                                            <\/div>\n            <div class=\"btn-more\"><a href=\"https:\/\/monolith.law\/de\/tag\/it\">Read More<\/a><\/div>\n        <\/div>\n    <\/section>\n\t<\/div>\n<\/section>\n\n<section class=\"orange2-section\">\n\t<div class=\"anchor\" id=\"fee-structure\"><\/div>\n\t<div class=\"section-inner\">\n\t\t<div class=\"planWrap\">\n\t\t\t<h3>Geb\u00fchrenstruktur<\/h3>\n\t\t\t<ul class=\"plan\">\n\t\t\t\t<li class=\"txt-left\">\n\t\t\t\t\t<div class=\"plan-inner\">\n\t\t\t\t\t<div class=\"plan-header\">\n\t\t\t\t\t\t<h4 class=\"plan-title\">Stundensatz<\/h4>\n\t\t\t\t\t\t<div class=\"plan-price\">\n\t\t\t\t\t\t\t<div class=\"plan-price\"><span class=\"price-figure\">$300<\/span>pro Stunde<span class=\"price-value\"><\/span><\/div>\n<\/div>\n\t\t\t\t\t<\/div>\n\t\t\t\t\t<div class=\"plan-body\">\n\t\t\t\t\t\t<p>In bestimmten F\u00e4llen k\u00f6nnen wir die \u00dcbernahme eines Streitfalls oder einer Klage mit einer Anfangsgeb\u00fchr und einer erfolgsabh\u00e4ngigen Verg\u00fctung in Betracht ziehen. F\u00fcr weitere Details kontaktieren Sie uns bitte unverbindlich.<\/p>\n\t\t\t\t\t\t<p><\/p>\n\t\t\t\t\t\t<p class=\"txt-s\"><\/p>\n\t\t\t\t\t<\/div>\n\t\t\t\t\t<\/div>\n\t\t\t\t<\/li>\n\t\t\t\t<li class=\"txt-left\">\n\t\t\t\t\t<div class=\"plan-inner\">\n\t\t\t\t\t<div class=\"plan-header\">\n\t\t\t\t\t\t<h4 class=\"plan-title\">Vertragsentwurf<\/h4>\n\t\t\t\t\t\t<div class=\"plan-price\">\n\t\t\t\t\t\t<div class=\"plan-price\"><span class=\"price-value\">ab<\/span><span class=\"price-figure\">$500<\/span><span class=\"price-value\">bis $2.000 oder mehr<\/span><\/div>\n<\/div>\n\t\t\t\t\t<\/div>\n\t\t\t\t\t<div class=\"plan-body\">\n\t\t\t\t\t\t<p>The pricing structure is subject to variation based on the type and quantity of contracts. We are pleased to offer a preliminary estimate upon inquiry, thereby encouraging you to reach out to us for further details.\n<\/p>\n\t\t\t\t\t\t<p class=\"txt-s\"><\/p>\n\t\t\t\t\t<\/div>\n\t\t\t\t\t<\/div>\n\t\t\t\t<\/li>\n\t\t\t\t<li class=\"txt-left\">\n\t\t\t\t\t<div class=\"plan-inner\">\n\t\t\t\t\t<div class=\"plan-header\">\n\t\t\t\t\t<h4 class=\"plan-title\">Weitere Dienstleistungen<\/h4>\n\t\t\t\t\t<div class=\"plan-price\">\n\t\t\t\t\t\t<div class=\"plan-price\"><span class=\"price-figure\">Kontaktieren Sie uns<\/span><\/div>\n\t\t\t\t\t<\/div>\n\t\t\t\t\t<div class=\"plan-body\">\n\t\t\t\t\t\t<p>Wir bieten eine breite Palette von Dienstleistungen an, einschlie\u00dflich Unternehmensgr\u00fcndung, Vertragspr\u00fcfung, Rechtsgutachten, Fallpr\u00fcfung oder Forschungsschreiben. Wenn Sie Fragen oder Bedenken haben, laden wir Sie herzlich ein, uns zu kontaktieren, und unser kompetentes Team wird Ihnen gerne behilflich sein.<\/p>\n\t\t\t\t\t\t<p>\n<\/p>\n\t\t\t\t\t\t<p class=\"txt-s\"><\/p>\n\t\t\t\t\t<\/div>\n\t\t\t\t\t<\/div>\n\t\t\t\t<\/li>\n\t\t\t<\/ul>\n\t\t<\/div>\n\t<\/div>\n<\/section>\n<section class=\"white-section\">\n\t<div class=\"section-inner\">\n\t\t<div class=\"btn-area\">\n\t\t\t<div class=\"btn icon-contact\"><a href=\"\/de\/contact\">Kontaktieren Sie uns<\/a><\/div>\n\t\t<\/div>\n\t<\/div>\n<\/section>\n","protected":false},"excerpt":{"rendered":"<p>IT In einer Gesellschaft, in der Technologie sich rasant weiterentwickelt, ist ein tiefes Verst\u00e4ndnis der IT und des geistigen Eigentums eines Unternehmens f\u00fcr Unternehmensanw\u00e4lte in Japan unerl\u00e4sslic [&hellip;]<\/p>\n","protected":false},"author":26,"featured_media":57140,"parent":0,"menu_order":0,"comment_status":"closed","ping_status":"closed","template":"non-other-page-temp.php","meta":{"footnotes":""},"acf":[],"_links":{"self":[{"href":"https:\/\/monolith.law\/de\/wp-json\/wp\/v2\/pages\/56075"}],"collection":[{"href":"https:\/\/monolith.law\/de\/wp-json\/wp\/v2\/pages"}],"about":[{"href":"https:\/\/monolith.law\/de\/wp-json\/wp\/v2\/types\/page"}],"author":[{"embeddable":true,"href":"https:\/\/monolith.law\/de\/wp-json\/wp\/v2\/users\/26"}],"replies":[{"embeddable":true,"href":"https:\/\/monolith.law\/de\/wp-json\/wp\/v2\/comments?post=56075"}],"version-history":[{"count":27,"href":"https:\/\/monolith.law\/de\/wp-json\/wp\/v2\/pages\/56075\/revisions"}],"predecessor-version":[{"id":59768,"href":"https:\/\/monolith.law\/de\/wp-json\/wp\/v2\/pages\/56075\/revisions\/59768"}],"wp:featuredmedia":[{"embeddable":true,"href":"https:\/\/monolith.law\/de\/wp-json\/wp\/v2\/media\/57140"}],"wp:attachment":[{"href":"https:\/\/monolith.law\/de\/wp-json\/wp\/v2\/media?parent=56075"}],"curies":[{"name":"wp","href":"https:\/\/api.w.org\/{rel}","templated":true}]}}